{"id":13678,"date":"2020-03-21T13:46:46","date_gmt":"2020-03-21T17:46:46","guid":{"rendered":"https:\/\/staging.schneiderlegal.com\/?page_id=13678"},"modified":"2020-03-21T14:03:48","modified_gmt":"2020-03-21T18:03:48","slug":"limpact-de-la-covid-19-sur-le-droit-immobilier","status":"publish","type":"page","link":"https:\/\/staging.schneiderlegal.com\/fr\/limpact-de-la-covid-19-sur-le-droit-immobilier\/","title":{"rendered":"L&rsquo;impact de la Covid-19 sur le droit immobilier"},"content":{"rendered":"[vc_row fullwidth=&nbsp;&raquo;true&nbsp;&raquo; css=&nbsp;&raquo;.vc_custom_1466444759232{border-bottom-width: 2px !important;padding-top: 0px !important;padding-right: 0px !important;padding-bottom: 0px !important;padding-left: 0px !important;border-bottom-color: #568db6 !important;border-bottom-style: solid !important;}&nbsp;&raquo;][vc_column][mk_page_title_box page_title=&nbsp;&raquo;\u00c0 savoir concernant les effets du Covid-19 sur le monde immobilier&nbsp;&raquo; section_height=&nbsp;&raquo;300&Prime; bg_image=&nbsp;&raquo;https:\/\/staging.schneiderlegal.com\/wp-content\/uploads\/2019\/07\/passing-of-title.jpg&nbsp;&raquo; bg_position=&nbsp;&raquo;center center&nbsp;&raquo; bg_stretch=&nbsp;&raquo;true&nbsp;&raquo; overlay=&nbsp;&raquo;rgba(0,0,0,0.21)&nbsp;&raquo; font_size=&nbsp;&raquo;40&Prime; font_color=&nbsp;&raquo;#ffffff&nbsp;&raquo; font_weight=&nbsp;&raquo;bold&nbsp;&raquo; underline=&nbsp;&raquo;false&nbsp;&raquo; sub_font_size=&nbsp;&raquo;20&Prime; sub_font_color=&nbsp;&raquo;#ffffff&nbsp;&raquo; sub_font_weight=&nbsp;&raquo;bold&nbsp;&raquo; el_class=&nbsp;&raquo;titleshadow&nbsp;&raquo;][\/vc_column][\/vc_row][vc_row][vc_column][mk_padding_divider size=&nbsp;&raquo;75&Prime;][vc_column_text css=&nbsp;&raquo;.vc_custom_1584813370088{margin-bottom: 0px !important;}&nbsp;&raquo;]En raison de la pand\u00e9mie Covid-19, avez-vous perdu votre emploi? \u00cates-vous incapable de payer votre loyer r\u00e9sidentiel en raison de cette perte d\u2019emploi? Avez-vous perdu des revenus importants pour votre entreprise? \u00cates-vous incapable de payer votre loyer commercial en raison de ces pertes de revenus?<\/p>\n<p>Si l\u2019une de ces situations vous repr\u00e9sente, les informations suivantes pourrait \u00eatre pertinentes pour vous :<\/p>\n<ol>\n<li><strong><u>ACHAT D\u2019UNE PROPRI\u00c9T\u00c9<\/u><\/strong>;<\/li>\n<\/ol>\n<p style=\"padding-left: 30px;\">1.1 Retrait r\u00e9sultant d\u2019une clause pr\u00e9vue \u00e0 la promesse d\u2019achat;<\/p>\n<p style=\"padding-left: 30px;\">1.2 Retrait r\u00e9sultant du consentement des parties;<\/p>\n<p style=\"padding-left: 30px;\">1.3 Retrait r\u00e9sultant d\u2019une d\u00e9cision judiciaire;<\/p>\n<ol start=\"2\">\n<li><strong><u>RELATION LOCATEUR &#8211; LOCATAIRE COMMERCIAL<\/u><\/strong><\/li>\n<\/ol>\n<p style=\"padding-left: 30px;\">2.1 Clause de Force majeure;<\/p>\n<p style=\"padding-left: 30px;\">2.2 Cong\u00e9 de paiement de loyer;<\/p>\n<p style=\"padding-left: 30px;\">2.3 Diminution temporaire de loyer;<\/p>\n<p style=\"padding-left: 30px;\">2.4 R\u00e9siliation du bail;<\/p>\n<ol start=\"3\">\n<li><strong><u>RELATION LOCATEUR \u2013 LOCATAIRE R\u00c9SIDENTIEL<\/u><\/strong><\/li>\n<\/ol>\n<p style=\"padding-left: 30px;\">3.1 Cong\u00e9 de paiement de loyer;<\/p>\n<p style=\"padding-left: 30px;\">3.2 Diminution temporaire du loyer;<\/p>\n<p style=\"padding-left: 30px;\">3.3 R\u00e9siliation du bail;<\/p>\n<ol>\n<li><strong><u>ACHAT D\u2019UNE PROPRI\u00c9T\u00c9<\/u><\/strong><\/li>\n<\/ol>\n<p>En raison de la situation actuelle due \u00e0 la pand\u00e9mie Covid-19, plusieurs personnes pourraient se retrouver dans une situation o\u00f9 ils doivent passer chez le notaire dans les prochains jours, semaines ou mois dans le but d\u2019acqu\u00e9rir une propri\u00e9t\u00e9.<\/p>\n<p>Il est important de comprendre qu\u2019une promesse d\u2019achat accept\u00e9e est un contrat formel entre deux parties qui s\u2019engagent l\u2019une envers l\u2019autre aux obligations incluses dans celle-ci. Une fois les conditions remplies, seules certaines situations isol\u00e9es permettent de se retirer d\u2019une promesse d\u2019achat\u00a0:<\/p>\n<p style=\"padding-left: 30px;\"><u>1.1 Retrait r\u00e9sultant d\u2019une clause pr\u00e9vue \u00e0 la promesse d\u2019achat<\/u><\/p>\n<p>Lorsque les parties s\u2019entendent dans une promesse d\u2019achat, elles ont la libert\u00e9 de pr\u00e9voir diff\u00e9rentes clauses tel que ; l\u2019inspection pr\u00e9-achat, les documents \u00e0 consulter par l\u2019acheteur, la confirmation du financement de l\u2019acheteur ou toute autre clause d\u00e9sir\u00e9e par celles-ci.<\/p>\n<p>L\u2019acheteur ou le vendeur pourrait se retirer de la promesse d\u2019achat dans le cas o\u00f9 ces conditions ne sont pas lev\u00e9es, ou dans le cas o\u00f9 une clause sp\u00e9cifique permettrait le retrait d\u2019une des parties.<\/p>\n<p>La promesse d\u2019achat pourrait donc devenir nulle et non avenue lorsque les conditions ne sont pas respect\u00e9es dans les d\u00e9lais impartis, ou si une clause sp\u00e9cifique pr\u00e9voit cette possibilit\u00e9.<\/p>\n<p>Il est <u>important<\/u> de comprendre que lorsque les conditions sont lev\u00e9es et qu\u2019aucune clause dans la promesse d\u2019achat ne pr\u00e9voit une annulation subs\u00e9quente, les parties <u>sont tenues<\/u> de passer titre chez le notaire dans les d\u00e9lais pr\u00e9vus.<\/p>\n<p>Apr\u00e8s avoir lev\u00e9 la condition de financement, un acheteur qui subit une perte d\u2019emploi menant au retrait de son financement par le pr\u00eateur hypoth\u00e9caire, <u>ne peut pas<\/u> l\u00e9galement se retirer de la promesse d\u2019achat et faire d\u00e9faut de signer l\u2019acte de vente chez le notaire.<\/p>\n<p>Selon la jurisprudence actuelle, seulement certains cas sp\u00e9cifiques de retrait de financement peuvent \u00eatre consid\u00e9r\u00e9s acceptable pour l\u2019acheteur afin de se retirer de son obligation de passer titre, tel que\u00a0:<\/p>\n<p style=\"padding-left: 30px;\">a) Financement conditionnel \u00e0 la conservation de son emploi;<\/p>\n<p style=\"padding-left: 30px;\">b) Financement conditionnel \u00e0 la maintenir sa situation financi\u00e8re;<\/p>\n<p style=\"padding-left: 30px;\">c) Financement conditionnel \u00e0 la vente d\u2019une autre propri\u00e9t\u00e9.<\/p>\n<p>&nbsp;<\/p>\n<p style=\"padding-left: 30px;\"><u>1.2 Retrait r\u00e9sultant du consentement des parties<\/u><\/p>\n<p>Comme pour tout contrat valablement form\u00e9 entre parties consentantes, les parties peuvent de communs accords d\u00e9cider de se retirer mutuellement de la promesse d\u2019achat.<\/p>\n<p>Ceci peut se confirmer dans une quittance mutuelle, ou encore dans une modification de promesse d\u2019achat qui aurait les m\u00eames effets que la quittance. Les parties peuvent compenser \u00e0 l\u2019autre partie certaines pertes ou dommages subis en raison de cette annulation.<\/p>\n<p>Dans tous les cas, cette solution devrait \u00eatre privil\u00e9gi\u00e9e par les parties. Elle offre une possibilit\u00e9 de r\u00e9gler le litige efficacement et rapidement.<\/p>\n<p style=\"padding-left: 30px;\"><u>1.3 Retrait r\u00e9sultant d\u2019une d\u00e9cision judiciaire<\/u><\/p>\n<p>Dans le cas o\u00f9 la promesse d\u2019achat ne pr\u00e9voit aucune disposition pour se retirer, ou encore qu\u2019aucune entente consensuelle entre les parties ne soit possible, la d\u00e9cision judiciaire reste une option disponible.<\/p>\n<p>L\u2019une des parties peut faire une demande en justice afin de demander au tribunal d\u2019ordonner son retrait de la promesse d\u2019achat et d\u2019accepter son d\u00e9faut de se pr\u00e9senter chez le notaire. Ceci pourrait \u00eatre justifi\u00e9 pour un vice de consentement ou tout autre \u00e9l\u00e9ment pr\u00e9vu par la loi permettant la nullit\u00e9 d\u2019un contrat.<\/p>\n<p>Cette solution est on\u00e9reuse et de dernier recours. Qui plus est, l\u2019acheteur s\u2019expose \u00e0 ce que le vendeur demande au tribunal de conclure la transaction par une <a href=\"https:\/\/staging.schneiderlegal.com\/fr\/2016\/09\/20\/action-en-passation-de-titre\/\">Action en passation de titre<\/a>, si les crit\u00e8res \u00e9nonc\u00e9s par la loi \u00e0 l\u2019article 1712 du <em>Code civil du Qu\u00e9bec <\/em>sont respect\u00e9s<em>.\u00a0 \u00a0<\/em><\/p>\n<ol start=\"2\">\n<li><strong><u>RELATION LOCATEUR \u2013 LOCATAIRE COMMERCIAL<\/u><\/strong><\/li>\n<\/ol>\n<p>En raison de la situation actuelle caus\u00e9e par la pand\u00e9mie Covid-19, plusieurs personnes physiques ou PME pourraient se retrouver dans une situation o\u00f9 ils ne sont pas en mesure d\u2019acquitter le paiement de leur loyer commercial.<\/p>\n<p>Les obligations qu\u2019a le locataire commercial envers son locateur sont r\u00e9gies par le bail en premier lieu et de fa\u00e7on suppl\u00e9tive par la loi. \u00a0Ces obligations ne sont pas diminu\u00e9es en raison de la pand\u00e9mie Covid-19, pas plus que les obligations du locateur en faveur de ses cr\u00e9anciers.<\/p>\n<p>Par contre, il y a diff\u00e9rentes solutions possibles pour les deux parties afin de passer cette p\u00e9riode difficile\u00a0:<\/p>\n<p style=\"padding-left: 30px;\"><u>2.1 Clause de Force majeure<\/u><\/p>\n<p>La majorit\u00e9 des baux commerciaux inclus une clause en cas de Force majeure. Cette clause pourrait s\u2019appliquer dans le cas pr\u00e9sent. Bien qu\u2019une Force majeure se doit d\u2019\u00eatre \u00e9valu\u00e9e au cas par cas, cette clause pourrait pr\u00e9voir le d\u00e9roulement pour d\u00e9finir\u00a0:<\/p>\n<ul>\n<li>S\u2019agit-il d\u2019une Force majeure?<\/li>\n<li>Quel est le processus pr\u00e9vu pour les parties dans le cas d\u2019une Force majeure?<\/li>\n<li>Quelles sont les diminutions d\u2019obligations s\u2019appliquant pour chacune des parties dans un cas de Force majeure ?<\/li>\n<li>Y a-t-il possibilit\u00e9 de r\u00e9silier le bail en raison de la Force majeure?<\/li>\n<\/ul>\n<p style=\"padding-left: 30px;\"><u>2.2 Cong\u00e9 de paiement de loyer\u00a0<\/u><\/p>\n<p>En raison de la r\u00e9cente pand\u00e9mie Covid-19, plusieurs institutions financi\u00e8res offrent un cong\u00e9 de paiement hypoth\u00e9caire pour les emprunteurs. Ceci pourrait \u00eatre le cas du locateur.<\/p>\n<p>Si le locateur est en mesure de repousser ses paiements hypoth\u00e9caires jusqu\u2019\u00e0 six (6) mois, il pourrait \u00eatre possible pour le locataire d\u2019en faire de m\u00eame pour le paiement de son loyer s\u2019il y a une entente \u00e0 cet effet entre lui et le locateur.<\/p>\n<p style=\"padding-left: 30px;\"><u>2.3 Diminution temporaire du loyer<\/u><\/p>\n<p>Il peut \u00eatre possible de s\u2019entendre avec le locateur afin de se pr\u00e9valoir d\u2019une diminution de loyer dans l\u2019attente de la reprise \u00e9conomique. Ceci pourrait assurer au locateur de recevoir un montant minimal et pour le locataire, d\u2019\u00eatre en mesure d\u2019effectuer ce paiement minimal.<\/p>\n<p>\u00c0 titre de diminution de loyer, certains des co\u00fbts additionnels s\u2019ajoutant au loyer de base pourraient \u00eatre consid\u00e9r\u00e9s dans les \u00e9l\u00e9ments int\u00e9ressants \u00e0 ne pas exiger par le locateur.<\/p>\n<p>Ces diminutions pourraient \u00eatre annul\u00e9es ou remises dans le temps lorsque la p\u00e9riode actuelle sera termin\u00e9e.<\/p>\n<p style=\"padding-left: 30px;\"><u>2.4 R\u00e9siliation du bail<\/u><\/p>\n<p>Dans le cas o\u00f9 il n\u2019est pas possible de n\u00e9gocier une entente de paiement du loyer avec le locateur et que la clause de Force majeure ne s\u2019appliquerait pas, le locataire pourrait se tourner vers la r\u00e9siliation du bail. Le locataire pourra se conformer \u00e0 la clause de r\u00e9siliation de bail pr\u00e9vu \u00e0 m\u00eame celui-ci.<\/p>\n<p>Dans le cas o\u00f9 le bail ne pr\u00e9voit pas ce genre de clause, le locataire pourrait tenter de r\u00e9silier le bail \u00e0 l\u2019amiable avec le locateur ou \u00e0 l\u2019aide de diff\u00e9rents types de pr\u00e9vention et r\u00e8glement des diff\u00e9rends, tel que la m\u00e9diation commerciale.<\/p>\n<p>Dans tous les cas, le locataire devra s\u2019assurer de ne pas se retrouver dans une situation o\u00f9 le locateur serait en droit de faire une demande en justice pour abandon des lieux. Si le locataire ne respecte pas ses obligations, il s\u2019expose aux sanctions possible dans le cas d\u2019un <a href=\"https:\/\/staging.schneiderlegal.com\/fr\/2019\/08\/06\/5-choses-a-savoir-pour-un-locateur-commercial-concernant-labandon-des-lieux-par-le-locataire\/\">Abandon des lieux par le locataire<\/a>.<\/p>\n<ol start=\"3\">\n<li><strong><u>RELATION LOCATEUR \u2013 LOCATAIRE R\u00c9SIDENTIEL<\/u><\/strong><\/li>\n<\/ol>\n<p>En raison de la situation actuelle caus\u00e9e par la pand\u00e9mie Covid-19, plusieurs locataires r\u00e9sidentiels pourraient se retrouver dans une situation o\u00f9 ils ne sont pas en mesure d\u2019acquitter le paiement de leur loyer.<\/p>\n<p>Les obligations qu\u2019a le locataire r\u00e9sidentiel envers son locateur sont r\u00e9gies par le bail de logement et le <em>Code civil du Qu\u00e9bec.<\/em>\u00a0 Ces obligations ne sont pas diminu\u00e9es en raison de la pand\u00e9mie Covid-19, pas plus que les obligations du locateur en faveur de ses cr\u00e9anciers.<\/p>\n<p>Diff\u00e9rentes solutions sont possibles pour le locataire r\u00e9sidentiel afin de ne pas perdre son logement\u00a0:<\/p>\n<p style=\"padding-left: 30px;\"><u>3.1 Cong\u00e9 de paiement de loyer\u00a0<\/u><\/p>\n<p>En raison de la r\u00e9cente pand\u00e9mie Covid-19, plusieurs institutions financi\u00e8res offrent un cong\u00e9 de paiement hypoth\u00e9caire pour les emprunteurs. Ceci pourrait \u00eatre le cas du locateur.<\/p>\n<p>Si le locateur est en mesure de repousser ses paiements hypoth\u00e9caires jusqu\u2019\u00e0 six (6) mois, il pourrait \u00eatre possible pour le locataire d\u2019en faire de m\u00eame pour le paiement de son loyer s\u2019il y a une entente \u00e0 cet effet entre lui et le locateur.<\/p>\n<p style=\"padding-left: 30px;\"><u>3.2 Diminution temporaire du loyer<\/u><\/p>\n<p>Il peut \u00eatre possible de s\u2019entendre avec le locateur afin de se pr\u00e9valoir d\u2019une diminution de loyer dans l\u2019attente de la reprise d\u2019un emploi ou d\u2019un revenu.<\/p>\n<p>Ceci pourrait assurer au locateur de recevoir un montant minimal et pour le locataire, d\u2019\u00eatre en mesure d\u2019effectuer ce paiement minimal.<\/p>\n<p>Ces diminutions pourraient \u00eatre annul\u00e9es ou remises dans le temps lorsque la p\u00e9riode actuelle sera termin\u00e9e.<\/p>\n<p style=\"padding-left: 30px;\"><u>3.3 R\u00e9siliation du bail<\/u><\/p>\n<p>Dans le cas o\u00f9 il n\u2019est pas possible de n\u00e9gocier une entente de paiement du loyer avec le locateur, le locataire devra s\u2019assurer de payer son loyer de fa\u00e7on minimale et ce sans d\u00e9passer trois (3) suivant la date pr\u00e9vue du paiement. Autrement, le locataire s\u2019expose \u00e0 une r\u00e9siliation l\u00e9gale en conformit\u00e9 avec l\u2019article 1971 du <em>Code civil du Qu\u00e9bec<\/em>.<\/p>\n<p>Pour plus d\u2019information sur vos droits en mati\u00e8re immobili\u00e8re dans la situation actuelle de la pand\u00e9mie Covid-19, ou pour c\u00e9duler une consultation avec un avocat, veuillez consulter\u00a0: <a href=\"https:\/\/staging.schneiderlegal.com\/fr\/rencontrez-un-avocat\/\">https:\/\/staging.schneiderlegal.com\/fr\/rencontrez-un-avocat\/<\/a>[\/vc_column_text][mk_divider style=&nbsp;&raquo;shadow_line&nbsp;&raquo; margin_bottom=&nbsp;&raquo;50&Prime;][vc_column_text]\n<p style=\"text-align: justify;\">Si vous recherchez un cabinet d\u2019avocat qui propose des honoraires raisonnables, un traitement rapide et efficace de vos dossiers et un suivi personnalis\u00e9 et efficace, n\u2019h\u00e9sitez pas \u00e0 communiquer avec Schneider Avocats\u00a0au (514) 439-1322 ext. 112 ou par courriel \u00e0 l\u2019adresse :\u00a0<a href=\"mailto:info@schneiderlegal.com\">info@schneiderlegal.com<\/a><\/p>\n[\/vc_column_text][mk_divider style=&nbsp;&raquo;shadow_line&nbsp;&raquo; margin_bottom=&nbsp;&raquo;50&Prime;][vc_column_text]\n<p style=\"text-align: justify; font-size: 10px;\"><i><span lang=\"FR-CA\">Le processus pr\u00e9sent\u00e9 ci-dessus ne constitue qu\u2019un outil de r\u00e9f\u00e9rence et ne comporte aucune garantie relative \u00e0 votre dossier. Nous vous recommandons fortement de recourir aux conseils juridiques d\u2019un avocat, membre en r\u00e8gle du Barreau du Qu\u00e9bec. Les particularit\u00e9s propres \u00e0 chaque cas d\u2019esp\u00e8ce doivent faire l\u2019objet d\u2019une analyse exhaustive puisque le processus peut s\u2019av\u00e9rer complexe et techniquement difficile.<\/span><\/i><\/p>\n[\/vc_column_text][mk_padding_divider][\/vc_column][\/vc_row]\n","protected":false},"excerpt":{"rendered":"<p>[vc_row fullwidth=&nbsp;&raquo;true&nbsp;&raquo; css=&nbsp;&raquo;.vc_custom_1466444759232{border-bottom-width: 2px !important;padding-top: 0px !important;padding-right: 0px !important;padding-bottom: 0px !important;padding-left: 0px !important;border-bottom-color: #568db6 !important;border-bottom-style: solid !important;}&nbsp;&raquo;][vc_column][mk_page_title_box page_title=&nbsp;&raquo;\u00c0 savoir concernant les effets du Covid-19 sur le monde immobilier&nbsp;&raquo; section_height=&nbsp;&raquo;300&Prime; bg_image=&nbsp;&raquo;https:\/\/staging.schneiderlegal.com\/wp-content\/uploads\/2019\/07\/passing-of-title.jpg&nbsp;&raquo; bg_position=&nbsp;&raquo;center center&nbsp;&raquo; bg_stretch=&nbsp;&raquo;true&nbsp;&raquo; overlay=&nbsp;&raquo;rgba(0,0,0,0.21)&nbsp;&raquo; font_size=&nbsp;&raquo;40&Prime; font_color=&nbsp;&raquo;#ffffff&nbsp;&raquo; font_weight=&nbsp;&raquo;bold&nbsp;&raquo; underline=&nbsp;&raquo;false&nbsp;&raquo; sub_font_size=&nbsp;&raquo;20&Prime; sub_font_color=&nbsp;&raquo;#ffffff&nbsp;&raquo; sub_font_weight=&nbsp;&raquo;bold&nbsp;&raquo; el_class=&nbsp;&raquo;titleshadow&nbsp;&raquo;][\/vc_column][\/vc_row][vc_row][vc_column][mk_padding_divider size=&nbsp;&raquo;75&Prime;][vc_column_text css=&nbsp;&raquo;.vc_custom_1584813370088{margin-bottom: 0px !important;}&nbsp;&raquo;]En raison de la pand\u00e9mie Covid-19, avez-vous perdu votre emploi? [&hellip;]<\/p>\n","protected":false},"author":2,"featured_media":0,"parent":0,"menu_order":0,"comment_status":"open","ping_status":"closed","template":"","meta":{"footnotes":""},"class_list":["post-13678","page","type-page","status-publish","hentry"],"yoast_head":"<!-- This site is optimized with the Yoast SEO plugin v27.0 - https:\/\/yoast.com\/product\/yoast-seo-wordpress\/ -->\n<title>L&#039;impact de la Covid-19 sur le droit immobilier - Schneider Legal<\/title>\n<meta name=\"description\" content=\"En raison de la pand\u00e9mie Covid-19, avez-vous perdu votre emploi? \u00cates-vous incapable de payer votre loyer r\u00e9sidentiel en raison de cette perte d\u2019emploi?\" \/>\n<meta name=\"robots\" content=\"noindex, follow, max-snippet:-1, max-image-preview:large, max-video-preview:-1\" \/>\n<meta property=\"og:locale\" content=\"fr_FR\" \/>\n<meta property=\"og:type\" content=\"article\" \/>\n<meta property=\"og:title\" content=\"L&#039;impact de la Covid-19 sur le droit immobilier - Schneider Legal\" \/>\n<meta property=\"og:description\" content=\"En raison de la pand\u00e9mie Covid-19, avez-vous perdu votre emploi? \u00cates-vous incapable de payer votre loyer r\u00e9sidentiel en raison de cette perte d\u2019emploi?\" \/>\n<meta property=\"og:url\" content=\"https:\/\/staging.schneiderlegal.com\/covid-19-impact-on-real-estate\/\" \/>\n<meta property=\"og:site_name\" content=\"Schneider Legal\" \/>\n<meta property=\"article:modified_time\" content=\"2020-03-21T18:03:48+00:00\" \/>\n<meta name=\"twitter:card\" content=\"summary_large_image\" \/>\n<meta name=\"twitter:label1\" content=\"Est. reading time\" \/>\n\t<meta name=\"twitter:data1\" content=\"10 minutes\" \/>\n<script type=\"application\/ld+json\" class=\"yoast-schema-graph\">{\"@context\":\"https:\/\/schema.org\",\"@graph\":[{\"@type\":\"WebPage\",\"@id\":\"https:\/\/staging.schneiderlegal.com\/covid-19-impact-on-real-estate\/\",\"url\":\"https:\/\/staging.schneiderlegal.com\/covid-19-impact-on-real-estate\/\",\"name\":\"L'impact de la Covid-19 sur le droit immobilier - Schneider Legal\",\"isPartOf\":{\"@id\":\"https:\/\/staging.schneiderlegal.com\/#website\"},\"datePublished\":\"2020-03-21T17:46:46+00:00\",\"dateModified\":\"2020-03-21T18:03:48+00:00\",\"description\":\"En raison de la pand\u00e9mie Covid-19, avez-vous perdu votre emploi? \u00cates-vous incapable de payer votre loyer r\u00e9sidentiel en raison de cette perte d\u2019emploi?\",\"breadcrumb\":{\"@id\":\"https:\/\/staging.schneiderlegal.com\/covid-19-impact-on-real-estate\/#breadcrumb\"},\"inLanguage\":\"fr-FR\",\"potentialAction\":[{\"@type\":\"ReadAction\",\"target\":[\"https:\/\/staging.schneiderlegal.com\/covid-19-impact-on-real-estate\/\"]}]},{\"@type\":\"BreadcrumbList\",\"@id\":\"https:\/\/staging.schneiderlegal.com\/covid-19-impact-on-real-estate\/#breadcrumb\",\"itemListElement\":[{\"@type\":\"ListItem\",\"position\":1,\"name\":\"Home\",\"item\":\"https:\/\/staging.schneiderlegal.com\/fr\/\"},{\"@type\":\"ListItem\",\"position\":2,\"name\":\"L&#8217;impact de la Covid-19 sur le droit immobilier\"}]},{\"@type\":\"WebSite\",\"@id\":\"https:\/\/staging.schneiderlegal.com\/#website\",\"url\":\"https:\/\/staging.schneiderlegal.com\/\",\"name\":\"Schneider Legal\",\"description\":\"Real Estate Lawyer Montreal - Estate Lawyer\",\"potentialAction\":[{\"@type\":\"SearchAction\",\"target\":{\"@type\":\"EntryPoint\",\"urlTemplate\":\"https:\/\/staging.schneiderlegal.com\/?s={search_term_string}\"},\"query-input\":{\"@type\":\"PropertyValueSpecification\",\"valueRequired\":true,\"valueName\":\"search_term_string\"}}],\"inLanguage\":\"fr-FR\"}]}<\/script>\n<!-- \/ Yoast SEO plugin. -->","yoast_head_json":{"title":"L'impact de la Covid-19 sur le droit immobilier - Schneider Legal","description":"En raison de la pand\u00e9mie Covid-19, avez-vous perdu votre emploi? \u00cates-vous incapable de payer votre loyer r\u00e9sidentiel en raison de cette perte d\u2019emploi?","robots":{"index":"noindex","follow":"follow","max-snippet":"max-snippet:-1","max-image-preview":"max-image-preview:large","max-video-preview":"max-video-preview:-1"},"og_locale":"fr_FR","og_type":"article","og_title":"L'impact de la Covid-19 sur le droit immobilier - Schneider Legal","og_description":"En raison de la pand\u00e9mie Covid-19, avez-vous perdu votre emploi? \u00cates-vous incapable de payer votre loyer r\u00e9sidentiel en raison de cette perte d\u2019emploi?","og_url":"https:\/\/staging.schneiderlegal.com\/covid-19-impact-on-real-estate\/","og_site_name":"Schneider Legal","article_modified_time":"2020-03-21T18:03:48+00:00","twitter_card":"summary_large_image","twitter_misc":{"Est. reading time":"10 minutes"},"schema":{"@context":"https:\/\/schema.org","@graph":[{"@type":"WebPage","@id":"https:\/\/staging.schneiderlegal.com\/covid-19-impact-on-real-estate\/","url":"https:\/\/staging.schneiderlegal.com\/covid-19-impact-on-real-estate\/","name":"L'impact de la Covid-19 sur le droit immobilier - Schneider Legal","isPartOf":{"@id":"https:\/\/staging.schneiderlegal.com\/#website"},"datePublished":"2020-03-21T17:46:46+00:00","dateModified":"2020-03-21T18:03:48+00:00","description":"En raison de la pand\u00e9mie Covid-19, avez-vous perdu votre emploi? \u00cates-vous incapable de payer votre loyer r\u00e9sidentiel en raison de cette perte d\u2019emploi?","breadcrumb":{"@id":"https:\/\/staging.schneiderlegal.com\/covid-19-impact-on-real-estate\/#breadcrumb"},"inLanguage":"fr-FR","potentialAction":[{"@type":"ReadAction","target":["https:\/\/staging.schneiderlegal.com\/covid-19-impact-on-real-estate\/"]}]},{"@type":"BreadcrumbList","@id":"https:\/\/staging.schneiderlegal.com\/covid-19-impact-on-real-estate\/#breadcrumb","itemListElement":[{"@type":"ListItem","position":1,"name":"Home","item":"https:\/\/staging.schneiderlegal.com\/fr\/"},{"@type":"ListItem","position":2,"name":"L&#8217;impact de la Covid-19 sur le droit immobilier"}]},{"@type":"WebSite","@id":"https:\/\/staging.schneiderlegal.com\/#website","url":"https:\/\/staging.schneiderlegal.com\/","name":"Schneider Legal","description":"Real Estate Lawyer Montreal - Estate Lawyer","potentialAction":[{"@type":"SearchAction","target":{"@type":"EntryPoint","urlTemplate":"https:\/\/staging.schneiderlegal.com\/?s={search_term_string}"},"query-input":{"@type":"PropertyValueSpecification","valueRequired":true,"valueName":"search_term_string"}}],"inLanguage":"fr-FR"}]}},"_links":{"self":[{"href":"https:\/\/staging.schneiderlegal.com\/fr\/wp-json\/wp\/v2\/pages\/13678","targetHints":{"allow":["GET"]}}],"collection":[{"href":"https:\/\/staging.schneiderlegal.com\/fr\/wp-json\/wp\/v2\/pages"}],"about":[{"href":"https:\/\/staging.schneiderlegal.com\/fr\/wp-json\/wp\/v2\/types\/page"}],"author":[{"embeddable":true,"href":"https:\/\/staging.schneiderlegal.com\/fr\/wp-json\/wp\/v2\/users\/2"}],"replies":[{"embeddable":true,"href":"https:\/\/staging.schneiderlegal.com\/fr\/wp-json\/wp\/v2\/comments?post=13678"}],"version-history":[{"count":5,"href":"https:\/\/staging.schneiderlegal.com\/fr\/wp-json\/wp\/v2\/pages\/13678\/revisions"}],"predecessor-version":[{"id":13687,"href":"https:\/\/staging.schneiderlegal.com\/fr\/wp-json\/wp\/v2\/pages\/13678\/revisions\/13687"}],"wp:attachment":[{"href":"https:\/\/staging.schneiderlegal.com\/fr\/wp-json\/wp\/v2\/media?parent=13678"}],"curies":[{"name":"wp","href":"https:\/\/api.w.org\/{rel}","templated":true}]}}