{"id":13116,"date":"2018-09-26T16:19:45","date_gmt":"2018-09-26T20:19:45","guid":{"rendered":"https:\/\/staging.schneiderlegal.com\/fr\/?page_id=13116"},"modified":"2018-09-26T16:20:26","modified_gmt":"2018-09-26T20:20:26","slug":"preuve-et-qualite-de-ladministrateur-de-la-succession","status":"publish","type":"page","link":"https:\/\/staging.schneiderlegal.com\/fr\/droit-successoral\/successions-a-lexterieur-du-quebec\/preuve-et-qualite-de-ladministrateur-de-la-succession\/","title":{"rendered":"Preuve et qualit\u00e9 de l&rsquo;administrateur de la succession"},"content":{"rendered":"[vc_row fullwidth=&nbsp;&raquo;true&nbsp;&raquo; css=&nbsp;&raquo;.vc_custom_1466444759232{border-bottom-width: 2px !important;padding-top: 0px !important;padding-right: 0px !important;padding-bottom: 0px !important;padding-left: 0px !important;border-bottom-color: #568db6 !important;border-bottom-style: solid !important;}&nbsp;&raquo;][vc_column][mk_page_title_box page_title=&nbsp;&raquo;Preuve et qualit\u00e9 de l&rsquo;administrateur \/ liquidateur de la succession&nbsp;&raquo; section_height=&nbsp;&raquo;300&Prime; bg_image=&nbsp;&raquo;http:\/\/schneiderlegal.preview.web22.propulsionweb.ca\/wp-content\/uploads\/2014\/08\/photodune-5630324-testament-and-pen-m.jpg&nbsp;&raquo; bg_position=&nbsp;&raquo;center center&nbsp;&raquo; bg_stretch=&nbsp;&raquo;true&nbsp;&raquo; font_size=&nbsp;&raquo;40&Prime; font_color=&nbsp;&raquo;#ffffff&nbsp;&raquo; font_weight=&nbsp;&raquo;bold&nbsp;&raquo; underline=&nbsp;&raquo;false&nbsp;&raquo; sub_font_size=&nbsp;&raquo;20&Prime; sub_font_color=&nbsp;&raquo;#ffffff&nbsp;&raquo; sub_font_weight=&nbsp;&raquo;bold&nbsp;&raquo; el_class=&nbsp;&raquo;titleshadow&nbsp;&raquo;][\/vc_column][\/vc_row][vc_row][vc_column][mk_padding_divider size=&nbsp;&raquo;75&Prime;][vc_column_text]En droit qu\u00e9b\u00e9cois, c&rsquo;est le liquidateur qui est saisi de l&rsquo;actif et du passif de la succession. Cependant, dans de nombreuses juridictions, ce sont les h\u00e9ritiers qui prennent le contr\u00f4le des biens d\u00e8s l&rsquo;ouverture de la succession et leurs droits et fonctions sont r\u00e9gis par la loi applicable \u00e0 la succession.<\/p>\n<p>Dans une succession internationale, le liquidateur peut \u00eatre appel\u00e9 \u00e0 respecter diverses lois distinctes et peut disposer de pouvoirs distincts. Il est donc recommand\u00e9 \u00e0 un testateur d\u2019\u00e9lire une loi applicable \u00e0 l\u2019ensemble de la succession afin d\u2019\u00e9viter des probl\u00e8mes et des co\u00fbts inutiles r\u00e9sultant de l\u2019application de nombreuses lois.<\/p>\n<p>Lorsque la loi r\u00e9gissant la succession du d\u00e9funt ne pourvoit pas \u00e0 ce qu&rsquo;il y ait un administrateur ou un liquidateur capable d&rsquo;agir au Qu\u00e9bec, mais que les h\u00e9ritiers ont des droits \u00e0 y exercer ou que certains biens de la succession s&rsquo;y trouvent, il peut lui en \u00eatre nomm\u00e9 un suivant la loi du Qu\u00e9bec selon l&rsquo;article 3101 du <em>CCQ<\/em>.<\/p>\n<p><a href=\"#_ftnref1\" name=\"_ftn1\"><\/a>[\/vc_column_text][mk_divider style=&nbsp;&raquo;shadow_line&nbsp;&raquo; margin_bottom=&nbsp;&raquo;50&Prime;][vc_column_text]\n<p style=\"text-align: justify;\">Si vous recherchez un cabinet d\u2019avocat qui propose des honoraires raisonnables, un traitement rapide et efficace de vos dossiers et un suivi personnalis\u00e9 et efficace, n\u2019h\u00e9sitez pas \u00e0 communiquer avec Schneider Avocats\u00a0au (514) 439-1322 ext. 112 ou par courriel \u00e0 l\u2019adresse :\u00a0<a href=\"mailto:info@schneiderlegal.com\">info@schneiderlegal.com<\/a><\/p>\n[\/vc_column_text][mk_divider style=&nbsp;&raquo;shadow_line&nbsp;&raquo; margin_bottom=&nbsp;&raquo;50&Prime;][vc_column_text]\n<p style=\"text-align: justify; font-size: 10px;\"><i><span lang=\"FR-CA\">Le processus pr\u00e9sent\u00e9 ci-dessus ne constitue qu\u2019un outil de r\u00e9f\u00e9rence et ne comporte aucune garantie relative \u00e0 votre dossier. Nous vous recommandons fortement de recourir aux conseils juridiques d\u2019un avocat, membre en r\u00e8gle du Barreau du Qu\u00e9bec. Les particularit\u00e9s propres \u00e0 chaque cas d\u2019esp\u00e8ce doivent faire l\u2019objet d\u2019une analyse exhaustive puisque le processus peut s\u2019av\u00e9rer complexe et techniquement difficile.<\/span><\/i><\/p>\n[\/vc_column_text][mk_padding_divider][\/vc_column][\/vc_row]\n","protected":false},"excerpt":{"rendered":"<p>[vc_row fullwidth=&nbsp;&raquo;true&nbsp;&raquo; css=&nbsp;&raquo;.vc_custom_1466444759232{border-bottom-width: 2px !important;padding-top: 0px !important;padding-right: 0px !important;padding-bottom: 0px !important;padding-left: 0px !important;border-bottom-color: #568db6 !important;border-bottom-style: solid !important;}&nbsp;&raquo;][vc_column][mk_page_title_box page_title=&nbsp;&raquo;Preuve et qualit\u00e9 de l&rsquo;administrateur \/ liquidateur de la succession&nbsp;&raquo; section_height=&nbsp;&raquo;300&Prime; bg_image=&nbsp;&raquo;http:\/\/schneiderlegal.preview.web22.propulsionweb.ca\/wp-content\/uploads\/2014\/08\/photodune-5630324-testament-and-pen-m.jpg&nbsp;&raquo; bg_position=&nbsp;&raquo;center center&nbsp;&raquo; bg_stretch=&nbsp;&raquo;true&nbsp;&raquo; font_size=&nbsp;&raquo;40&Prime; font_color=&nbsp;&raquo;#ffffff&nbsp;&raquo; font_weight=&nbsp;&raquo;bold&nbsp;&raquo; underline=&nbsp;&raquo;false&nbsp;&raquo; sub_font_size=&nbsp;&raquo;20&Prime; sub_font_color=&nbsp;&raquo;#ffffff&nbsp;&raquo; sub_font_weight=&nbsp;&raquo;bold&nbsp;&raquo; el_class=&nbsp;&raquo;titleshadow&nbsp;&raquo;][\/vc_column][\/vc_row][vc_row][vc_column][mk_padding_divider size=&nbsp;&raquo;75&Prime;][vc_column_text]En droit qu\u00e9b\u00e9cois, c&rsquo;est le liquidateur qui est saisi de l&rsquo;actif et du passif de [&hellip;]<\/p>\n","protected":false},"author":2,"featured_media":0,"parent":13095,"menu_order":0,"comment_status":"open","ping_status":"closed","template":"","meta":{"footnotes":""},"class_list":["post-13116","page","type-page","status-publish","hentry"],"yoast_head":"<!-- This site is optimized with the Yoast SEO plugin v27.0 - https:\/\/yoast.com\/product\/yoast-seo-wordpress\/ -->\n<title>Preuve et qualit\u00e9 de l&#039;administrateur de la succession - Successions \u00e0 l&#039;\u00e9tranger<\/title>\n<meta name=\"description\" content=\"Dans une succession internationale, le liquidateur peut \u00eatre appel\u00e9 \u00e0 respecter diverses lois distinctes et peut disposer de pouvoirs distincts.\" \/>\n<meta name=\"robots\" content=\"noindex, follow, max-snippet:-1, max-image-preview:large, max-video-preview:-1\" \/>\n<meta property=\"og:locale\" content=\"fr_FR\" \/>\n<meta property=\"og:type\" content=\"article\" \/>\n<meta property=\"og:title\" content=\"Preuve et qualit\u00e9 de l&#039;administrateur de la succession - Successions \u00e0 l&#039;\u00e9tranger\" \/>\n<meta property=\"og:description\" content=\"Dans une succession internationale, le liquidateur peut \u00eatre appel\u00e9 \u00e0 respecter diverses lois distinctes et peut disposer de pouvoirs distincts.\" \/>\n<meta property=\"og:url\" content=\"https:\/\/staging.schneiderlegal.com\/fr\/droit-successoral\/successions-a-lexterieur-du-quebec\/preuve-et-qualite-de-ladministrateur-de-la-succession\/\" \/>\n<meta property=\"og:site_name\" content=\"Schneider Legal\" \/>\n<meta property=\"article:modified_time\" content=\"2018-09-26T20:20:26+00:00\" \/>\n<meta name=\"twitter:card\" content=\"summary_large_image\" \/>\n<meta name=\"twitter:label1\" content=\"Est. reading time\" \/>\n\t<meta name=\"twitter:data1\" content=\"2 minutes\" \/>\n<script type=\"application\/ld+json\" class=\"yoast-schema-graph\">{\"@context\":\"https:\/\/schema.org\",\"@graph\":[{\"@type\":\"WebPage\",\"@id\":\"https:\/\/staging.schneiderlegal.com\/fr\/droit-successoral\/successions-a-lexterieur-du-quebec\/preuve-et-qualite-de-ladministrateur-de-la-succession\/\",\"url\":\"https:\/\/staging.schneiderlegal.com\/fr\/droit-successoral\/successions-a-lexterieur-du-quebec\/preuve-et-qualite-de-ladministrateur-de-la-succession\/\",\"name\":\"Preuve et qualit\u00e9 de l'administrateur de la succession - Successions \u00e0 l'\u00e9tranger\",\"isPartOf\":{\"@id\":\"https:\/\/staging.schneiderlegal.com\/#website\"},\"datePublished\":\"2018-09-26T20:19:45+00:00\",\"dateModified\":\"2018-09-26T20:20:26+00:00\",\"description\":\"Dans une succession internationale, le liquidateur peut \u00eatre appel\u00e9 \u00e0 respecter diverses lois distinctes et peut disposer de pouvoirs distincts.\",\"breadcrumb\":{\"@id\":\"https:\/\/staging.schneiderlegal.com\/fr\/droit-successoral\/successions-a-lexterieur-du-quebec\/preuve-et-qualite-de-ladministrateur-de-la-succession\/#breadcrumb\"},\"inLanguage\":\"fr-FR\",\"potentialAction\":[{\"@type\":\"ReadAction\",\"target\":[\"https:\/\/staging.schneiderlegal.com\/fr\/droit-successoral\/successions-a-lexterieur-du-quebec\/preuve-et-qualite-de-ladministrateur-de-la-succession\/\"]}]},{\"@type\":\"BreadcrumbList\",\"@id\":\"https:\/\/staging.schneiderlegal.com\/fr\/droit-successoral\/successions-a-lexterieur-du-quebec\/preuve-et-qualite-de-ladministrateur-de-la-succession\/#breadcrumb\",\"itemListElement\":[{\"@type\":\"ListItem\",\"position\":1,\"name\":\"Home\",\"item\":\"https:\/\/staging.schneiderlegal.com\/fr\/\"},{\"@type\":\"ListItem\",\"position\":2,\"name\":\"DROIT SUCCESSORAL\",\"item\":\"https:\/\/staging.schneiderlegal.com\/estate-law\/\"},{\"@type\":\"ListItem\",\"position\":3,\"name\":\"Successions \u00e0 l&rsquo;ext\u00e9rieur du Qu\u00e9bec\",\"item\":\"https:\/\/staging.schneiderlegal.com\/fr\/droit-successoral\/successions-a-lexterieur-du-quebec\/\"},{\"@type\":\"ListItem\",\"position\":4,\"name\":\"Preuve et qualit\u00e9 de l&rsquo;administrateur de la succession\"}]},{\"@type\":\"WebSite\",\"@id\":\"https:\/\/staging.schneiderlegal.com\/#website\",\"url\":\"https:\/\/staging.schneiderlegal.com\/\",\"name\":\"Schneider Legal\",\"description\":\"Real Estate Lawyer Montreal - Estate Lawyer\",\"potentialAction\":[{\"@type\":\"SearchAction\",\"target\":{\"@type\":\"EntryPoint\",\"urlTemplate\":\"https:\/\/staging.schneiderlegal.com\/?s={search_term_string}\"},\"query-input\":{\"@type\":\"PropertyValueSpecification\",\"valueRequired\":true,\"valueName\":\"search_term_string\"}}],\"inLanguage\":\"fr-FR\"}]}<\/script>\n<!-- \/ Yoast SEO plugin. -->","yoast_head_json":{"title":"Preuve et qualit\u00e9 de l'administrateur de la succession - Successions \u00e0 l'\u00e9tranger","description":"Dans une succession internationale, le liquidateur peut \u00eatre appel\u00e9 \u00e0 respecter diverses lois distinctes et peut disposer de pouvoirs distincts.","robots":{"index":"noindex","follow":"follow","max-snippet":"max-snippet:-1","max-image-preview":"max-image-preview:large","max-video-preview":"max-video-preview:-1"},"og_locale":"fr_FR","og_type":"article","og_title":"Preuve et qualit\u00e9 de l'administrateur de la succession - Successions \u00e0 l'\u00e9tranger","og_description":"Dans une succession internationale, le liquidateur peut \u00eatre appel\u00e9 \u00e0 respecter diverses lois distinctes et peut disposer de pouvoirs distincts.","og_url":"https:\/\/staging.schneiderlegal.com\/fr\/droit-successoral\/successions-a-lexterieur-du-quebec\/preuve-et-qualite-de-ladministrateur-de-la-succession\/","og_site_name":"Schneider Legal","article_modified_time":"2018-09-26T20:20:26+00:00","twitter_card":"summary_large_image","twitter_misc":{"Est. reading time":"2 minutes"},"schema":{"@context":"https:\/\/schema.org","@graph":[{"@type":"WebPage","@id":"https:\/\/staging.schneiderlegal.com\/fr\/droit-successoral\/successions-a-lexterieur-du-quebec\/preuve-et-qualite-de-ladministrateur-de-la-succession\/","url":"https:\/\/staging.schneiderlegal.com\/fr\/droit-successoral\/successions-a-lexterieur-du-quebec\/preuve-et-qualite-de-ladministrateur-de-la-succession\/","name":"Preuve et qualit\u00e9 de l'administrateur de la succession - Successions \u00e0 l'\u00e9tranger","isPartOf":{"@id":"https:\/\/staging.schneiderlegal.com\/#website"},"datePublished":"2018-09-26T20:19:45+00:00","dateModified":"2018-09-26T20:20:26+00:00","description":"Dans une succession internationale, le liquidateur peut \u00eatre appel\u00e9 \u00e0 respecter diverses lois distinctes et peut disposer de pouvoirs distincts.","breadcrumb":{"@id":"https:\/\/staging.schneiderlegal.com\/fr\/droit-successoral\/successions-a-lexterieur-du-quebec\/preuve-et-qualite-de-ladministrateur-de-la-succession\/#breadcrumb"},"inLanguage":"fr-FR","potentialAction":[{"@type":"ReadAction","target":["https:\/\/staging.schneiderlegal.com\/fr\/droit-successoral\/successions-a-lexterieur-du-quebec\/preuve-et-qualite-de-ladministrateur-de-la-succession\/"]}]},{"@type":"BreadcrumbList","@id":"https:\/\/staging.schneiderlegal.com\/fr\/droit-successoral\/successions-a-lexterieur-du-quebec\/preuve-et-qualite-de-ladministrateur-de-la-succession\/#breadcrumb","itemListElement":[{"@type":"ListItem","position":1,"name":"Home","item":"https:\/\/staging.schneiderlegal.com\/fr\/"},{"@type":"ListItem","position":2,"name":"DROIT SUCCESSORAL","item":"https:\/\/staging.schneiderlegal.com\/estate-law\/"},{"@type":"ListItem","position":3,"name":"Successions \u00e0 l&rsquo;ext\u00e9rieur du Qu\u00e9bec","item":"https:\/\/staging.schneiderlegal.com\/fr\/droit-successoral\/successions-a-lexterieur-du-quebec\/"},{"@type":"ListItem","position":4,"name":"Preuve et qualit\u00e9 de l&rsquo;administrateur de la succession"}]},{"@type":"WebSite","@id":"https:\/\/staging.schneiderlegal.com\/#website","url":"https:\/\/staging.schneiderlegal.com\/","name":"Schneider Legal","description":"Real Estate Lawyer Montreal - Estate Lawyer","potentialAction":[{"@type":"SearchAction","target":{"@type":"EntryPoint","urlTemplate":"https:\/\/staging.schneiderlegal.com\/?s={search_term_string}"},"query-input":{"@type":"PropertyValueSpecification","valueRequired":true,"valueName":"search_term_string"}}],"inLanguage":"fr-FR"}]}},"_links":{"self":[{"href":"https:\/\/staging.schneiderlegal.com\/fr\/wp-json\/wp\/v2\/pages\/13116","targetHints":{"allow":["GET"]}}],"collection":[{"href":"https:\/\/staging.schneiderlegal.com\/fr\/wp-json\/wp\/v2\/pages"}],"about":[{"href":"https:\/\/staging.schneiderlegal.com\/fr\/wp-json\/wp\/v2\/types\/page"}],"author":[{"embeddable":true,"href":"https:\/\/staging.schneiderlegal.com\/fr\/wp-json\/wp\/v2\/users\/2"}],"replies":[{"embeddable":true,"href":"https:\/\/staging.schneiderlegal.com\/fr\/wp-json\/wp\/v2\/comments?post=13116"}],"version-history":[{"count":2,"href":"https:\/\/staging.schneiderlegal.com\/fr\/wp-json\/wp\/v2\/pages\/13116\/revisions"}],"predecessor-version":[{"id":13118,"href":"https:\/\/staging.schneiderlegal.com\/fr\/wp-json\/wp\/v2\/pages\/13116\/revisions\/13118"}],"up":[{"embeddable":true,"href":"https:\/\/staging.schneiderlegal.com\/fr\/wp-json\/wp\/v2\/pages\/13095"}],"wp:attachment":[{"href":"https:\/\/staging.schneiderlegal.com\/fr\/wp-json\/wp\/v2\/media?parent=13116"}],"curies":[{"name":"wp","href":"https:\/\/api.w.org\/{rel}","templated":true}]}}