{"id":13111,"date":"2018-09-26T16:09:31","date_gmt":"2018-09-26T20:09:31","guid":{"rendered":"https:\/\/staging.schneiderlegal.com\/fr\/?page_id=13111"},"modified":"2018-09-26T16:12:46","modified_gmt":"2018-09-26T20:12:46","slug":"loi-applicable","status":"publish","type":"page","link":"https:\/\/staging.schneiderlegal.com\/fr\/droit-successoral\/successions-a-lexterieur-du-quebec\/loi-applicable\/","title":{"rendered":"Loi applicable"},"content":{"rendered":"[vc_row fullwidth=&nbsp;&raquo;true&nbsp;&raquo; css=&nbsp;&raquo;.vc_custom_1466444759232{border-bottom-width: 2px !important;padding-top: 0px !important;padding-right: 0px !important;padding-bottom: 0px !important;padding-left: 0px !important;border-bottom-color: #568db6 !important;border-bottom-style: solid !important;}&nbsp;&raquo;][vc_column][mk_page_title_box page_title=&nbsp;&raquo;LOI APPLICABLE&nbsp;&raquo; section_height=&nbsp;&raquo;300&Prime; bg_image=&nbsp;&raquo;http:\/\/schneiderlegal.preview.web22.propulsionweb.ca\/wp-content\/uploads\/2014\/08\/photodune-5630324-testament-and-pen-m.jpg&nbsp;&raquo; bg_position=&nbsp;&raquo;center center&nbsp;&raquo; bg_stretch=&nbsp;&raquo;true&nbsp;&raquo; font_size=&nbsp;&raquo;40&Prime; font_color=&nbsp;&raquo;#ffffff&nbsp;&raquo; font_weight=&nbsp;&raquo;bold&nbsp;&raquo; underline=&nbsp;&raquo;false&nbsp;&raquo; sub_font_size=&nbsp;&raquo;20&Prime; sub_font_color=&nbsp;&raquo;#ffffff&nbsp;&raquo; sub_font_weight=&nbsp;&raquo;bold&nbsp;&raquo; el_class=&nbsp;&raquo;titleshadow&nbsp;&raquo;][\/vc_column][\/vc_row][vc_row][vc_column][mk_padding_divider size=&nbsp;&raquo;75&Prime;][vc_column_text]Le droit qu\u00e9b\u00e9cois sur la succession ne fait pas de distinction entre les biens meubles et immeubles en ce qui concerne la liquidation d&rsquo;une succession.<\/p>\n<p>Cependant, le droit international priv\u00e9 du Qu\u00e9bec a adopt\u00e9 le principe de la scission selon l&rsquo;art. 3098 <em>CCQ<\/em>, selon laquelle la succession d&rsquo;immeubles est r\u00e9gie par la loi de leur emplacement et que la succession de biens meubles est r\u00e9gie par la loi du dernier domicile du d\u00e9funt. Ceci s&rsquo;applique ind\u00e9pendamment du fait que la succession soit de nature <em>ab\u00a0intestate<\/em> ou de nature testamentaire.<\/p>\n<p>En cons\u00e9quence, une succession <em>ab\u00a0intestate<\/em> ou une succession testamentaire sans choix de loi explicite sera divis\u00e9e en cons\u00e9quence :<\/p>\n<p>1.\u00a0\u00a0\u00a0\u00a0\u00a0\u00a0\u00a0\u00a0 Une masse de biens compos\u00e9e de tous les biens meubles du d\u00e9funt ; et<\/p>\n<p>2.\u00a0\u00a0\u00a0\u00a0\u00a0\u00a0\u00a0\u00a0 Autant de masses d&rsquo;immeubles qu&rsquo;il y a d&rsquo;immeubles dans des \u00c9tats distincts.<\/p>\n<p>Cela signifie qu&rsquo;un tribunal du Qu\u00e9bec peut devoir appliquer la loi d&rsquo;une autre province ou d&rsquo;un autre pays pour statuer sur un litige.<\/p>\n<p>La qualification de biens meubles ou immeubles sera d\u00e9termin\u00e9e par la loi du lieu o\u00f9 ils se trouvent.<\/p>\n<p><strong><u>Sc\u00e9nario 1<\/u><\/strong><\/p>\n<p><a href=\"#_ftnref1\" name=\"_ftn1\"><\/a><\/p>\n<p><a href=\"#_ftnref1\" name=\"_ftn1\"><\/a>[\/vc_column_text][mk_blockquote font_family=&nbsp;&raquo;none&nbsp;&raquo;]<span style=\"font-weight: 400;\">John \u00e9tait domicili\u00e9 pour la derni\u00e8re fois au Qu\u00e9bec avant de d\u00e9c\u00e9der. Sa succession comprend, entre autres, des immeubles en Floride, en Espagne et au Qu\u00e9bec.<\/span><\/p>\n<p><span style=\"font-weight: 400;\">Selon l&rsquo;art. 3098 CCQ, chaque immeuble sera r\u00e9gi par la loi de leur situation. Ce qui signifie que l&rsquo;immeuble situ\u00e9 en Floride sera r\u00e9gi par la loi de succession de la Floride, que l&rsquo;immeuble situ\u00e9 en Espagne sera r\u00e9gi par la loi de l&rsquo;Espagne et que le reste sera r\u00e9gi par la loi sur la succession du Qu\u00e9bec.<\/span><\/p>\n<p><span style=\"font-weight: 400;\">Une de ses h\u00e9riti\u00e8res, Jane, qui est \u00e9galement domicili\u00e9e au Qu\u00e9bec, souhaite contester le partage de la succession devant un tribunal qu\u00e9b\u00e9cois.<\/span><\/p>\n<p><span style=\"font-weight: 400;\">L&rsquo;autorit\u00e9 qu\u00e9b\u00e9coise devra donc appliquer les lois de l&rsquo;Espagne et de la Floride en ce qui concerne la liquidation et le partage des immeubles situ\u00e9s en Espagne et en Floride.<\/span>[\/mk_blockquote][vc_column_text]Le droit international priv\u00e9 du Qu\u00e9bec a \u00e9galement adopt\u00e9 le concept de <em>professio\u00a0juris<\/em> selon l&rsquo;art. 3098 al. 2 <em>CCQ<\/em>, permettant ainsi \u00e0 un testateur de choisir une seule loi pour r\u00e9gir la totalit\u00e9 de la succession, pour autant que la loi choisie soit celle de son domicile ou de sa nationalit\u00e9 au moment du d\u00e9c\u00e8s ou de la r\u00e9daction du testament.<\/p>\n<p>Le choix de la loi doit \u00eatre explicite dans le testament et ce choix de loi sera soumis \u00e0 certaines restrictions telles que l&rsquo;absence d&rsquo;un lien significatif avec la loi choisie en plus de l&rsquo;application de r\u00e8gles imp\u00e9ratives prot\u00e9geant la famille imm\u00e9diate du d\u00e9funt.<\/p>\n<p><strong><u>Sc\u00e9nario 2:<\/u><\/strong>[\/vc_column_text][mk_blockquote font_family=&nbsp;&raquo;none&nbsp;&raquo;]<span style=\"font-weight: 400;\">John \u00e9tait domicili\u00e9 au Qu\u00e9bec avant de d\u00e9c\u00e9der et poss\u00e9dait des biens meubles et immeubles au Qu\u00e9bec, en Ontario, en Floride et en France.<\/span><\/p>\n<p><span style=\"font-weight: 400;\">Afin d\u2019\u00e9viter que quatre lois ne s\u2019appliquent \u00e0 ses immeubles, John a \u00e9crit dans son testament qu\u2019il souhaitait que toute sa succession soit r\u00e9gie par le droit du Qu\u00e9bec.<\/span><\/p>\n<p><span style=\"font-weight: 400;\">Le liquidateur de la succession \u00e0 John n&rsquo;aura donc qu&rsquo;\u00e0 se soucier de la loi qu\u00e9b\u00e9coise pour liquider sa succession.<\/span>[\/mk_blockquote][vc_column_text]La loi de la succession d\u00e9terminera les successeurs et leurs droits, notamment :<a href=\"#_ftn1\" name=\"_ftnref1\">[1]<\/a><\/p>\n<p><strong>1.\u00a0\u00a0\u00a0\u00a0\u00a0\u00a0\u00a0\u00a0 <\/strong>L&rsquo;h\u00e9ritage (qualit\u00e9 n\u00e9cessaire pour qu&rsquo;une personne soit appel\u00e9e dans une succession, c&rsquo;est-\u00e0-dire le lien familial n\u00e9cessaire) ;<\/p>\n<p><strong>2.\u00a0\u00a0\u00a0\u00a0\u00a0\u00a0\u00a0\u00a0 <\/strong>La d\u00e9termination des parts respectives ;<\/p>\n<p><strong>3.\u00a0\u00a0\u00a0\u00a0\u00a0\u00a0\u00a0\u00a0 <\/strong>Les droits de la succession ayant leur source dans le d\u00e9c\u00e8s du d\u00e9funt, y compris les paiements partiels et l\u2019indemnisation sur la succession ordonn\u00e9e par une autorit\u00e9 judiciaire ;<\/p>\n<p><strong>4.\u00a0\u00a0\u00a0\u00a0\u00a0\u00a0\u00a0\u00a0 <\/strong>La possibilit\u00e9 d&rsquo;une r\u00e9serve h\u00e9r\u00e9ditaire et ses effets ;<\/p>\n<p><strong>5.\u00a0\u00a0\u00a0\u00a0\u00a0\u00a0\u00a0\u00a0 <\/strong>Le quota disponible ;<\/p>\n<p><strong>6.\u00a0\u00a0\u00a0\u00a0\u00a0\u00a0\u00a0\u00a0 <\/strong>La partition ;<\/p>\n<p><strong>7.\u00a0\u00a0\u00a0\u00a0\u00a0\u00a0\u00a0\u00a0 <\/strong>Le mode de transmission des biens ;<\/p>\n<p><strong>8.\u00a0\u00a0\u00a0\u00a0\u00a0\u00a0\u00a0\u00a0 <\/strong>La validit\u00e9 intrins\u00e8que (essentielle) du testament ;<\/p>\n<p><strong>9.\u00a0\u00a0\u00a0\u00a0\u00a0\u00a0\u00a0\u00a0 <\/strong>Les charges et conditions qu&rsquo;un testateur peut imposer aux h\u00e9ritiers et aux l\u00e9gataires ;<\/p>\n<p><strong>10.\u00a0\u00a0 <\/strong>Les causes de r\u00e9vocation et nullit\u00e9 des legs et de leurs effets ;<\/p>\n<p><strong>11.\u00a0\u00a0 <\/strong>Les causes de r\u00e9vocation et de d\u00e9faillance du partage et la r\u00e9daction de dons ;<\/p>\n<p><strong>12.\u00a0\u00a0 <\/strong>La liquidation de la succession ;<\/p>\n<p><strong>13.\u00a0\u00a0 <\/strong>La liquidation des dettes incluant :<\/p>\n<p style=\"padding-left: 30px;\">a.\u00a0\u00a0\u00a0\u00a0\u00a0\u00a0\u00a0\u00a0 La d\u00e9termination des personnes responsables du paiement des dettes ;<\/p>\n<p style=\"padding-left: 30px;\">b.\u00a0\u00a0\u00a0\u00a0\u00a0\u00a0\u00a0\u00a0 L&rsquo;\u00e9tendue de leurs responsabilit\u00e9s ;<\/p>\n<p style=\"padding-left: 30px;\">c.\u00a0\u00a0\u00a0\u00a0\u00a0\u00a0\u00a0\u00a0 L&rsquo;ordre de paiement ;<\/p>\n<p style=\"padding-left: 30px;\">d.\u00a0\u00a0\u00a0\u00a0\u00a0\u00a0\u00a0\u00a0 La r\u00e9duction des legs particuliers en cas d&rsquo;insolvabilit\u00e9 de la succession ; et<\/p>\n<p style=\"padding-left: 30px;\">e.\u00a0\u00a0\u00a0\u00a0\u00a0\u00a0\u00a0\u00a0 La contribution aux dettes et \u00e0 la masse des biens \u00e0 partir desquels les cr\u00e9anciers peuvent \u00eatre pay\u00e9s.<\/p>\n<p>Quant aux formalit\u00e9s d&rsquo;un testament, peu de difficult\u00e9s surgissent en pratique du point de vue du droit qu\u00e9b\u00e9cois compte tenu de la r\u00e8gle \u00e9nonc\u00e9e \u00e0 l&rsquo;art. 3109 <em>CCQ<\/em> o\u00f9 la forme d&rsquo;un acte juridique, tel qu&rsquo;un testament, est r\u00e9gie par la loi du lieu o\u00f9 il a \u00e9t\u00e9 conclu.<\/p>\n<p>Cependant, un testament sera n\u00e9anmoins valable s&rsquo;il est fait dans la forme prescrite par la loi applicable au contenu du testament, par la loi o\u00f9 la propri\u00e9t\u00e9 qui fait l&rsquo;objet du testament est situ\u00e9e au moment o\u00f9 le testament a \u00e9t\u00e9 r\u00e9dig\u00e9.<\/p>\n<p>L\u2019homologation d\u2019un testament ne doit pas n\u00e9cessairement se produire dans plusieurs juridictions, et il n\u2019est pas n\u00e9cessaire de demander la reconnaissance judiciaire du jugement d\u2019homologation rendu par un autre tribunal, sauf en cas de d\u00e9saccord entre h\u00e9ritiers, intervention du cr\u00e9ancier ou un doute que le jugement d&rsquo;homologation ne serait pas reconnu ici.<a href=\"#_ftn2\" name=\"_ftnref2\">[2]<\/a><\/p>\n<p>Il suffira de d\u00e9poser le jugement d&rsquo;homologation dans le proc\u00e8s-verbal du notaire qu\u00e9b\u00e9cois conform\u00e9ment \u00e0 l&rsquo;art. 2822 <em>CCQ<\/em> afin de faire valider le testament au Qu\u00e9bec.<a href=\"#_ftn3\" name=\"_ftnref3\">[3]<\/a><\/p>\n<p>Il convient \u00e9galement de noter qu\u2019il est possible d\u2019avoir deux testaments coexistant dans diff\u00e9rentes juridictions, \u00e0 condition que chaque testament reconnaisse l&rsquo;existence de l&rsquo;autre.<\/p>\n<p><strong><u>R\u00e8gles obligatoires<\/u><\/strong><\/p>\n<p>Certains \u00c9tats ont des r\u00e8gles obligatoires con\u00e7ues pour prot\u00e9ger la famille imm\u00e9diate du d\u00e9funt. Ces r\u00e8gles imp\u00e9ratives peuvent prendre la forme d&rsquo;une r\u00e9serve h\u00e9r\u00e9ditaire, d&rsquo;une obligation de partager un certain pourcentage de la succession, soit par la propri\u00e9t\u00e9 r\u00e9elle, soit par l&rsquo;usufruit. Dans une succession internationale, les r\u00e8gles imp\u00e9ratives ne s\u2019appliqueront qu\u2019\u00e0 la masse de biens qu\u2019elle r\u00e9glemente.<\/p>\n<p><strong><u>Sc\u00e9nario 3:<\/u><\/strong><\/p>\n<p><a href=\"#_ftnref1\" name=\"_ftn1\"><\/a><\/p>\n<p><a href=\"#_ftnref1\" name=\"_ftn1\"><\/a>[\/vc_column_text][mk_blockquote font_family=&nbsp;&raquo;none&nbsp;&raquo;]<span style=\"font-weight: 400;\">John est d\u00e9c\u00e9d\u00e9 le mois dernier \u00e0 Montr\u00e9al, le lieu de son dernier domicile. Sa succession comprend des biens meubles et immeubles de la province de Qu\u00e9bec \u00e9valu\u00e9s \u00e0 500,000.00 $, en plus d&rsquo;un immeuble situ\u00e9 en Espagne d&rsquo;une valeur de 200,000.00 $. John a un fils et une femme, mais dans son testament, il d\u00e9cide de tout laisser \u00e0 sa femme.<\/span><\/p>\n<p><span style=\"font-weight: 400;\">En vertu de la loi d&rsquo;Espagne dans certaines r\u00e9gions, le fils de John a droit \u00e0 une r\u00e9serve h\u00e9r\u00e9ditaire. Par cons\u00e9quent, le fils de John r\u00e9clame un certain pourcentage de la totalit\u00e9 de la succession d&rsquo;une valeur de 700 000,00 $.<\/span><\/p>\n<p><span style=\"font-weight: 400;\">Cependant, le fils de John n&rsquo;a droit qu&rsquo;\u00e0 la r\u00e9serve h\u00e9r\u00e9ditaire en ce qui concerne la valeur de l&rsquo;immeuble situ\u00e9 en Espagne. Sinon, nous appliquerions la loi espagnole aux immeubles situ\u00e9s au Qu\u00e9bec.<\/span>[\/mk_blockquote][vc_column_text]La loi successorale du Qu\u00e9bec ne pr\u00e9voit pas de telles r\u00e8gles ou protection obligatoires. Cependant, on ne peut chercher \u00e0 nier l\u2019effet d\u2019une r\u00e8gle imp\u00e9rative par une clause de choix de loi en faveur du droit des successions du Qu\u00e9bec, car cela priverait la protection des personnes auxquelles elles auraient autrement droit en l\u2019absence de cette disposition.<\/p>\n<p><strong><u>Sc\u00e9nario 4<\/u><\/strong><\/p>\n<p>&nbsp;<\/p>\n<p><a href=\"#_ftnref1\" name=\"_ftn1\"><\/a><\/p>\n<p><a href=\"#_ftnref1\" name=\"_ftn1\"><\/a>[\/vc_column_text][mk_blockquote font_family=&nbsp;&raquo;none&nbsp;&raquo;]<span style=\"font-weight: 400;\">John est d\u00e9c\u00e9d\u00e9 le mois dernier \u00e0 Montr\u00e9al, le lieu de son dernier domicile. Sa succession comprend des biens meubles et immeubles situ\u00e9s en Espagne, en Floride et au Qu\u00e9bec. John laisse deux enfants et sa femme. Cependant, dans son testament, il d\u00e9cide de tout laisser \u00e0 sa femme.<\/span><\/p>\n<p><span style=\"font-weight: 400;\">Afin d\u2019\u00e9viter la multiplicit\u00e9 des lois applicables, Jean d\u00e9cide d\u2019\u00e9lire la loi du Qu\u00e9bec comme loi r\u00e9gissant l\u2019int\u00e9gralit\u00e9 de sa succession afin d\u2019\u00e9viter l\u2019application de la r\u00e9serve h\u00e9r\u00e9ditaire pr\u00e9vue par la loi espagnole.<\/span><\/p>\n<p>Toutefois, compte tenu du caract\u00e8re obligatoire de la r\u00e9serve h\u00e9r\u00e9ditaire, sa clause de choix de loi dans le testament favorisant le droit qu\u00e9b\u00e9cois en mati\u00e8re de succession n&rsquo;aura aucun effet sur la privation de la r\u00e9serve h\u00e9r\u00e9ditaire \u00e0 laquelle ses enfants ont droit vis-\u00e0-vis la propri\u00e9t\u00e9 situ\u00e9e en Espagne.[\/mk_blockquote][vc_column_text]Il ne faut pas oublier que certaines juridictions n&rsquo;autorisent pas la possibilit\u00e9 de choisir la loi d&rsquo;un testament.<\/p>\n<p>La validit\u00e9 de la clause de choix de la loi d\u00e9pend non seulement de ses effets, c&rsquo;est-\u00e0-dire, si elle prive ou non une personne b\u00e9n\u00e9ficiant d&rsquo;une protection offerte par une r\u00e8gle imp\u00e9rative, mais la clause de choix de la loi peut ne pas \u00eatre respect\u00e9e par l&rsquo;\u00c9tat o\u00f9 les biens y sont situ\u00e9s.<a href=\"#_ftn1\" name=\"_ftnref1\">[4]<\/a><\/p>\n<p>Il est donc primordial de v\u00e9rifier les effets de la clause de choix de la loi et de v\u00e9rifier si la loi du lieu o\u00f9 les biens sont situ\u00e9s permet \u00e0 une loi \u00e9trang\u00e8re de r\u00e9glementer la succession desdits biens situ\u00e9s \u00e0 l\u2019\u00e9tranger.<\/p>\n<p>Une fois la loi applicable identifi\u00e9e, le liquidateur proc\u00e9dera au r\u00e8glement de la succession en respectant chaque loi applicable.<\/p>\n<p><a href=\"#_ftnref1\" name=\"_ftn1\"><\/a><\/p>\n<p><a href=\"#_ftnref1\" name=\"_ftn1\"><\/a>[\/vc_column_text][mk_divider style=&nbsp;&raquo;shadow_line&nbsp;&raquo; margin_bottom=&nbsp;&raquo;50&Prime;][vc_column_text]<a href=\"#_ftnref1\" name=\"_ftn1\">[1]<\/a> Jeffrey A. Talpis, &laquo;&nbsp;Cauchemars rencontr\u00e9s dans la liquidation d&rsquo;une succession internationale&nbsp;&raquo; (2005) Cours de perfectionnement du notariat, Chambres des notaires du Qu\u00e9bec, EYB2005CPN10 \u00e0 p.7.<\/p>\n<p><a href=\"#_ftnref2\" name=\"_ftn2\">[2]<\/a> <em>Ibid<\/em>, \u00e0 p. 11.<\/p>\n<p><a href=\"#_ftnref3\" name=\"_ftn3\">[3]<\/a> <em>Ibid<\/em>.<\/p>\n<p><a href=\"#_ftnref1\" name=\"_ftn1\">[4]<\/a>\u00a0Jeffrey A. Talpis, &laquo;&nbsp;Quelques d\u00e9veloppements r\u00e9cents en droit des successions internationales suscitant certains d\u00e9bats ou soulevant quelques incertitudes&nbsp;&raquo; (2012) D\u00e9veloppements r\u00e9cents en droit des successions et fiducies, Service de la formation continue du Barreau du Qu\u00e9bec EYB2012DEV1885 \u00e0 p. 6.[\/vc_column_text][mk_divider style=&nbsp;&raquo;shadow_line&nbsp;&raquo; margin_bottom=&nbsp;&raquo;50&Prime;][vc_column_text]\n<p style=\"text-align: justify;\">Si vous recherchez un cabinet d\u2019avocat qui propose des honoraires raisonnables, un traitement rapide et efficace de vos dossiers et un suivi personnalis\u00e9 et efficace, n\u2019h\u00e9sitez pas \u00e0 communiquer avec Schneider Avocats\u00a0au (514) 439-1322 ext. 112 ou par courriel \u00e0 l\u2019adresse :\u00a0<a href=\"mailto:info@schneiderlegal.com\">info@schneiderlegal.com<\/a><\/p>\n[\/vc_column_text][mk_divider style=&nbsp;&raquo;shadow_line&nbsp;&raquo; margin_bottom=&nbsp;&raquo;50&Prime;][vc_column_text]\n<p style=\"text-align: justify; font-size: 10px;\"><i><span lang=\"FR-CA\">Le processus pr\u00e9sent\u00e9 ci-dessus ne constitue qu\u2019un outil de r\u00e9f\u00e9rence et ne comporte aucune garantie relative \u00e0 votre dossier. Nous vous recommandons fortement de recourir aux conseils juridiques d\u2019un avocat, membre en r\u00e8gle du Barreau du Qu\u00e9bec. Les particularit\u00e9s propres \u00e0 chaque cas d\u2019esp\u00e8ce doivent faire l\u2019objet d\u2019une analyse exhaustive puisque le processus peut s\u2019av\u00e9rer complexe et techniquement difficile.<\/span><\/i><\/p>\n[\/vc_column_text][mk_padding_divider][\/vc_column][\/vc_row]\n","protected":false},"excerpt":{"rendered":"<p>[vc_row fullwidth=&nbsp;&raquo;true&nbsp;&raquo; css=&nbsp;&raquo;.vc_custom_1466444759232{border-bottom-width: 2px !important;padding-top: 0px !important;padding-right: 0px !important;padding-bottom: 0px !important;padding-left: 0px !important;border-bottom-color: #568db6 !important;border-bottom-style: solid !important;}&nbsp;&raquo;][vc_column][mk_page_title_box page_title=&nbsp;&raquo;LOI APPLICABLE&nbsp;&raquo; section_height=&nbsp;&raquo;300&Prime; bg_image=&nbsp;&raquo;http:\/\/schneiderlegal.preview.web22.propulsionweb.ca\/wp-content\/uploads\/2014\/08\/photodune-5630324-testament-and-pen-m.jpg&nbsp;&raquo; bg_position=&nbsp;&raquo;center center&nbsp;&raquo; bg_stretch=&nbsp;&raquo;true&nbsp;&raquo; font_size=&nbsp;&raquo;40&Prime; font_color=&nbsp;&raquo;#ffffff&nbsp;&raquo; font_weight=&nbsp;&raquo;bold&nbsp;&raquo; underline=&nbsp;&raquo;false&nbsp;&raquo; sub_font_size=&nbsp;&raquo;20&Prime; sub_font_color=&nbsp;&raquo;#ffffff&nbsp;&raquo; sub_font_weight=&nbsp;&raquo;bold&nbsp;&raquo; el_class=&nbsp;&raquo;titleshadow&nbsp;&raquo;][\/vc_column][\/vc_row][vc_row][vc_column][mk_padding_divider size=&nbsp;&raquo;75&Prime;][vc_column_text]Le droit qu\u00e9b\u00e9cois sur la succession ne fait pas de distinction entre les biens meubles et immeubles en ce qui concerne la liquidation [&hellip;]<\/p>\n","protected":false},"author":2,"featured_media":0,"parent":13095,"menu_order":0,"comment_status":"open","ping_status":"closed","template":"","meta":{"footnotes":""},"class_list":["post-13111","page","type-page","status-publish","hentry"],"yoast_head":"<!-- This site is optimized with the Yoast SEO plugin v27.0 - https:\/\/yoast.com\/product\/yoast-seo-wordpress\/ -->\n<title>Loi applicable - Schneider Avocats - Successions \u00e0 l&#039;\u00e9tranger<\/title>\n<meta name=\"description\" content=\"Le droit qu\u00e9b\u00e9cois sur la succession ne fait pas de distinction entre les biens meubles et immeubles en ce qui concerne la liquidation d&#039;une succession.\" \/>\n<meta name=\"robots\" content=\"noindex, follow, max-snippet:-1, max-image-preview:large, max-video-preview:-1\" \/>\n<meta property=\"og:locale\" content=\"fr_FR\" \/>\n<meta property=\"og:type\" content=\"article\" \/>\n<meta property=\"og:title\" content=\"Loi applicable - Schneider Avocats - Successions \u00e0 l&#039;\u00e9tranger\" \/>\n<meta property=\"og:description\" content=\"Le droit qu\u00e9b\u00e9cois sur la succession ne fait pas de distinction entre les biens meubles et immeubles en ce qui concerne la liquidation d&#039;une succession.\" \/>\n<meta property=\"og:url\" content=\"https:\/\/staging.schneiderlegal.com\/estate-law\/successions-outside-quebec\/applicable-law\/\" \/>\n<meta property=\"og:site_name\" content=\"Schneider Legal\" \/>\n<meta property=\"article:modified_time\" content=\"2018-09-26T20:12:46+00:00\" \/>\n<meta name=\"twitter:card\" content=\"summary_large_image\" \/>\n<meta name=\"twitter:label1\" content=\"Est. reading time\" \/>\n\t<meta name=\"twitter:data1\" content=\"10 minutes\" \/>\n<script type=\"application\/ld+json\" class=\"yoast-schema-graph\">{\"@context\":\"https:\/\/schema.org\",\"@graph\":[{\"@type\":\"WebPage\",\"@id\":\"https:\/\/staging.schneiderlegal.com\/estate-law\/successions-outside-quebec\/applicable-law\/\",\"url\":\"https:\/\/staging.schneiderlegal.com\/estate-law\/successions-outside-quebec\/applicable-law\/\",\"name\":\"Loi applicable - Schneider Avocats - Successions \u00e0 l'\u00e9tranger\",\"isPartOf\":{\"@id\":\"https:\/\/staging.schneiderlegal.com\/#website\"},\"datePublished\":\"2018-09-26T20:09:31+00:00\",\"dateModified\":\"2018-09-26T20:12:46+00:00\",\"description\":\"Le droit qu\u00e9b\u00e9cois sur la succession ne fait pas de distinction entre les biens meubles et immeubles en ce qui concerne la liquidation d'une succession.\",\"breadcrumb\":{\"@id\":\"https:\/\/staging.schneiderlegal.com\/estate-law\/successions-outside-quebec\/applicable-law\/#breadcrumb\"},\"inLanguage\":\"fr-FR\",\"potentialAction\":[{\"@type\":\"ReadAction\",\"target\":[\"https:\/\/staging.schneiderlegal.com\/estate-law\/successions-outside-quebec\/applicable-law\/\"]}]},{\"@type\":\"BreadcrumbList\",\"@id\":\"https:\/\/staging.schneiderlegal.com\/estate-law\/successions-outside-quebec\/applicable-law\/#breadcrumb\",\"itemListElement\":[{\"@type\":\"ListItem\",\"position\":1,\"name\":\"Home\",\"item\":\"https:\/\/staging.schneiderlegal.com\/fr\/\"},{\"@type\":\"ListItem\",\"position\":2,\"name\":\"DROIT SUCCESSORAL\",\"item\":\"https:\/\/staging.schneiderlegal.com\/estate-law\/\"},{\"@type\":\"ListItem\",\"position\":3,\"name\":\"Successions \u00e0 l&rsquo;ext\u00e9rieur du Qu\u00e9bec\",\"item\":\"https:\/\/staging.schneiderlegal.com\/fr\/droit-successoral\/successions-a-lexterieur-du-quebec\/\"},{\"@type\":\"ListItem\",\"position\":4,\"name\":\"Loi applicable\"}]},{\"@type\":\"WebSite\",\"@id\":\"https:\/\/staging.schneiderlegal.com\/#website\",\"url\":\"https:\/\/staging.schneiderlegal.com\/\",\"name\":\"Schneider Legal\",\"description\":\"Real Estate Lawyer Montreal - Estate Lawyer\",\"potentialAction\":[{\"@type\":\"SearchAction\",\"target\":{\"@type\":\"EntryPoint\",\"urlTemplate\":\"https:\/\/staging.schneiderlegal.com\/?s={search_term_string}\"},\"query-input\":{\"@type\":\"PropertyValueSpecification\",\"valueRequired\":true,\"valueName\":\"search_term_string\"}}],\"inLanguage\":\"fr-FR\"}]}<\/script>\n<!-- \/ Yoast SEO plugin. -->","yoast_head_json":{"title":"Loi applicable - Schneider Avocats - Successions \u00e0 l'\u00e9tranger","description":"Le droit qu\u00e9b\u00e9cois sur la succession ne fait pas de distinction entre les biens meubles et immeubles en ce qui concerne la liquidation d'une succession.","robots":{"index":"noindex","follow":"follow","max-snippet":"max-snippet:-1","max-image-preview":"max-image-preview:large","max-video-preview":"max-video-preview:-1"},"og_locale":"fr_FR","og_type":"article","og_title":"Loi applicable - Schneider Avocats - Successions \u00e0 l'\u00e9tranger","og_description":"Le droit qu\u00e9b\u00e9cois sur la succession ne fait pas de distinction entre les biens meubles et immeubles en ce qui concerne la liquidation d'une succession.","og_url":"https:\/\/staging.schneiderlegal.com\/estate-law\/successions-outside-quebec\/applicable-law\/","og_site_name":"Schneider Legal","article_modified_time":"2018-09-26T20:12:46+00:00","twitter_card":"summary_large_image","twitter_misc":{"Est. reading time":"10 minutes"},"schema":{"@context":"https:\/\/schema.org","@graph":[{"@type":"WebPage","@id":"https:\/\/staging.schneiderlegal.com\/estate-law\/successions-outside-quebec\/applicable-law\/","url":"https:\/\/staging.schneiderlegal.com\/estate-law\/successions-outside-quebec\/applicable-law\/","name":"Loi applicable - Schneider Avocats - Successions \u00e0 l'\u00e9tranger","isPartOf":{"@id":"https:\/\/staging.schneiderlegal.com\/#website"},"datePublished":"2018-09-26T20:09:31+00:00","dateModified":"2018-09-26T20:12:46+00:00","description":"Le droit qu\u00e9b\u00e9cois sur la succession ne fait pas de distinction entre les biens meubles et immeubles en ce qui concerne la liquidation d'une succession.","breadcrumb":{"@id":"https:\/\/staging.schneiderlegal.com\/estate-law\/successions-outside-quebec\/applicable-law\/#breadcrumb"},"inLanguage":"fr-FR","potentialAction":[{"@type":"ReadAction","target":["https:\/\/staging.schneiderlegal.com\/estate-law\/successions-outside-quebec\/applicable-law\/"]}]},{"@type":"BreadcrumbList","@id":"https:\/\/staging.schneiderlegal.com\/estate-law\/successions-outside-quebec\/applicable-law\/#breadcrumb","itemListElement":[{"@type":"ListItem","position":1,"name":"Home","item":"https:\/\/staging.schneiderlegal.com\/fr\/"},{"@type":"ListItem","position":2,"name":"DROIT SUCCESSORAL","item":"https:\/\/staging.schneiderlegal.com\/estate-law\/"},{"@type":"ListItem","position":3,"name":"Successions \u00e0 l&rsquo;ext\u00e9rieur du Qu\u00e9bec","item":"https:\/\/staging.schneiderlegal.com\/fr\/droit-successoral\/successions-a-lexterieur-du-quebec\/"},{"@type":"ListItem","position":4,"name":"Loi applicable"}]},{"@type":"WebSite","@id":"https:\/\/staging.schneiderlegal.com\/#website","url":"https:\/\/staging.schneiderlegal.com\/","name":"Schneider Legal","description":"Real Estate Lawyer Montreal - Estate Lawyer","potentialAction":[{"@type":"SearchAction","target":{"@type":"EntryPoint","urlTemplate":"https:\/\/staging.schneiderlegal.com\/?s={search_term_string}"},"query-input":{"@type":"PropertyValueSpecification","valueRequired":true,"valueName":"search_term_string"}}],"inLanguage":"fr-FR"}]}},"_links":{"self":[{"href":"https:\/\/staging.schneiderlegal.com\/fr\/wp-json\/wp\/v2\/pages\/13111","targetHints":{"allow":["GET"]}}],"collection":[{"href":"https:\/\/staging.schneiderlegal.com\/fr\/wp-json\/wp\/v2\/pages"}],"about":[{"href":"https:\/\/staging.schneiderlegal.com\/fr\/wp-json\/wp\/v2\/types\/page"}],"author":[{"embeddable":true,"href":"https:\/\/staging.schneiderlegal.com\/fr\/wp-json\/wp\/v2\/users\/2"}],"replies":[{"embeddable":true,"href":"https:\/\/staging.schneiderlegal.com\/fr\/wp-json\/wp\/v2\/comments?post=13111"}],"version-history":[{"count":4,"href":"https:\/\/staging.schneiderlegal.com\/fr\/wp-json\/wp\/v2\/pages\/13111\/revisions"}],"predecessor-version":[{"id":13115,"href":"https:\/\/staging.schneiderlegal.com\/fr\/wp-json\/wp\/v2\/pages\/13111\/revisions\/13115"}],"up":[{"embeddable":true,"href":"https:\/\/staging.schneiderlegal.com\/fr\/wp-json\/wp\/v2\/pages\/13095"}],"wp:attachment":[{"href":"https:\/\/staging.schneiderlegal.com\/fr\/wp-json\/wp\/v2\/media?parent=13111"}],"curies":[{"name":"wp","href":"https:\/\/api.w.org\/{rel}","templated":true}]}}