{"id":13101,"date":"2018-09-26T13:28:14","date_gmt":"2018-09-26T17:28:14","guid":{"rendered":"https:\/\/staging.schneiderlegal.com\/fr\/?page_id=13101"},"modified":"2018-10-01T14:19:38","modified_gmt":"2018-10-01T18:19:38","slug":"domicile","status":"publish","type":"page","link":"https:\/\/staging.schneiderlegal.com\/fr\/droit-successoral\/successions-a-lexterieur-du-quebec\/domicile\/","title":{"rendered":"Domicile"},"content":{"rendered":"[vc_row fullwidth=&nbsp;&raquo;true&nbsp;&raquo; css=&nbsp;&raquo;.vc_custom_1466444759232{border-bottom-width: 2px !important;padding-top: 0px !important;padding-right: 0px !important;padding-bottom: 0px !important;padding-left: 0px !important;border-bottom-color: #568db6 !important;border-bottom-style: solid !important;}&nbsp;&raquo;][vc_column][mk_page_title_box page_title=&nbsp;&raquo;DOMICILE&nbsp;&raquo; section_height=&nbsp;&raquo;300&Prime; bg_image=&nbsp;&raquo;http:\/\/schneiderlegal.preview.web22.propulsionweb.ca\/wp-content\/uploads\/2014\/08\/photodune-5630324-testament-and-pen-m.jpg&nbsp;&raquo; bg_position=&nbsp;&raquo;center center&nbsp;&raquo; bg_stretch=&nbsp;&raquo;true&nbsp;&raquo; font_size=&nbsp;&raquo;40&Prime; font_color=&nbsp;&raquo;#ffffff&nbsp;&raquo; font_weight=&nbsp;&raquo;bold&nbsp;&raquo; underline=&nbsp;&raquo;false&nbsp;&raquo; sub_font_size=&nbsp;&raquo;20&Prime; sub_font_color=&nbsp;&raquo;#ffffff&nbsp;&raquo; sub_font_weight=&nbsp;&raquo;bold&nbsp;&raquo; el_class=&nbsp;&raquo;titleshadow&nbsp;&raquo;][\/vc_column][\/vc_row][vc_row][vc_column][mk_padding_divider size=&nbsp;&raquo;75&Prime;][vc_column_text]Bien qu&rsquo;une personne puisse avoir plusieurs r\u00e9sidences, une personne ne peut avoir qu&rsquo;un seul domicile \u00e0 la fois.<\/p>\n<p>Le dernier domicile du d\u00e9funt d\u00e9terminera la <a href=\"https:\/\/staging.schneiderlegal.com\/fr\/droit-successoral\/successions-a-lexterieur-du-quebec\/loi-applicable\/\"><u>loi applicable \u00e0 la succession<\/u><\/a>\u00a0des biens meubles (faute de choix de loi par le testateur) et la loi applicable \u00e0 l&rsquo;ensemble de la succession par la d\u00e9signation de la loi par le testateur au moment de sa mort ou au moment o\u00f9 la volont\u00e9 a \u00e9t\u00e9 r\u00e9dig\u00e9e.<\/p>\n<p>Le dernier domicile du d\u00e9funt \u00e9tablira \u00e9galement <a href=\"https:\/\/staging.schneiderlegal.com\/fr\/droit-successoral\/successions-a-lexterieur-du-quebec\/competence-du-tribunal-du-quebec\/\"><u>la comp\u00e9tence internationale du tribunal du Qu\u00e9bec<\/u><\/a>\u00a0\u00e0 l&rsquo;\u00e9gard des immeubles situ\u00e9s \u00e0 l&rsquo;ext\u00e9rieur du Qu\u00e9bec. Il ne faut pas oublier qu&rsquo;un tribunal qu\u00e9b\u00e9cois peut \u00eatre appel\u00e9 \u00e0 appliquer le droit d&rsquo;un \u00c9tat \u00e9tranger pour trancher l&rsquo;affaire. La loi applicable et la comp\u00e9tence du tribunal \u00e9tant deux questions distinctes, chacune ayant ses r\u00e8gles respectives.<\/p>\n<p><u>D\u00e9finition du domicile :<\/u><\/p>\n<p>La notion de domicile n&rsquo;est pas d\u00e9finie dans le CCQ. Cependant, il est possible d\u2019extrapoler son sens \u00e0 la lecture des articles 75 et 76 du CCQ, qui stipulent que le domicile d\u2019une personne est le lieu de son principal \u00e9tablissement et que pour le changer, un \u00e9l\u00e9ment d&rsquo;intention d&rsquo;avoir un autre endroit comme principal \u00e9tablissement doit \u00eatre pr\u00e9sent.<\/p>\n<p>En l&rsquo;absence d&rsquo;une d\u00e9finition claire du &laquo;&nbsp;domicile&nbsp;&raquo;, il peut \u00eatre difficile d&rsquo;\u00e9tablir le dernier domicile du d\u00e9funt. Cependant, certains facteurs peuvent \u00eatre pris en compte, ce qui permettra de d\u00e9terminer le dernier domicile du d\u00e9funt, tels que :<a href=\"#_ftn1\" name=\"_ftnref1\">[1]<\/a><\/p>\n<p>1. Le lieu et la dur\u00e9e de la r\u00e9sidence habituelle dans la juridiction \u00e9trang\u00e8re;<\/p>\n<p>2. Le contact formel et informel avec le domicile pr\u00e9existant et l&rsquo;\u00e9tat du nouveau domicile;<\/p>\n<p>3. Le type de r\u00e9sidence;<\/p>\n<p>4. Le statut de r\u00e9sidence, ex. si le d\u00e9funt \u00e9tait un locataire ou un propri\u00e9taire;<\/p>\n<p>5. Le lieu de travail;<\/p>\n<p>6. L&#8217;emplacement des biens du d\u00e9funt;<\/p>\n<p>7. Le lieu o\u00f9 le d\u00e9funt a d\u00e9pos\u00e9 pour la derni\u00e8re fois son imp\u00f4t sur le revenu, son permis de conduire, son assurance maladie et sociale, etc.<\/p>\n<p>8. Le lieu de r\u00e9sidence des membres de la famille; et<\/p>\n<p>9. L&rsquo;adresse utilis\u00e9e dans les d\u00e9clarations et documents importants concernant son domicile et sa r\u00e9sidence.<\/p>\n<p><strong><u>Sc\u00e9nario 1<\/u><\/strong><\/p>\n<p><a href=\"#_ftnref1\" name=\"_ftn1\"><\/a>[\/vc_column_text][mk_blockquote font_family=&nbsp;&raquo;none&nbsp;&raquo;]<span style=\"font-weight: 400;\">Jane est une r\u00e9sidente montr\u00e9alaise qui travaille pour la ville depuis plus de 30 ans. Elle a rencontr\u00e9 John en ligne, qui vit en Allemagne, et a d\u00e9cid\u00e9 de lui rendre visite. Les choses se sont bien pass\u00e9es et elle a d\u00e9cid\u00e9 de prolonger son s\u00e9jour et a donc lou\u00e9 une place avec l&rsquo;intention de revenir \u00e0 Montr\u00e9al apr\u00e8s quelques mois. Cependant, elle est tomb\u00e9e malade et est d\u00e9c\u00e9d\u00e9e en Allemagne.<\/span><\/p>\n<p>\u00c0 quel endroit est situ\u00e9 le domicile de Jane et quelle loi r\u00e9git sa succession ?<\/p>\n<p><span style=\"font-weight: 400;\">Bien que Jane ait lou\u00e9 un appartement en Allemagne o\u00f9 elle est d\u00e9c\u00e9d\u00e9e, son domicile est rest\u00e9 \u00e0 Montr\u00e9al, car elle n&rsquo;avait pas l&rsquo;intention de faire de l&rsquo;Allemagne son nouveau domicile. Par cons\u00e9quent, la succession de Jane s&rsquo;est ouverte au Qu\u00e9bec conform\u00e9ment \u00e0 l&rsquo;art. 613 <\/span><i><span style=\"font-weight: 400;\">CCQ,<\/span><\/i><span style=\"font-weight: 400;\"> et les lois du Qu\u00e9bec en mati\u00e8re de successions s&rsquo;appliqueront.<\/span>[\/mk_blockquote][vc_column_text]Il convient \u00e9galement de rappeler que la notion de domicile peut varier en fonction du droit applicable. Par exemple, certains pays exigeront une preuve d&rsquo;intention \u00e0 r\u00e9diger pour changer de domicile alors qu&rsquo;une telle preuve n&rsquo;est pas requise au Qu\u00e9bec.[\/vc_column_text][mk_divider style=&nbsp;&raquo;shadow_line&nbsp;&raquo; margin_bottom=&nbsp;&raquo;50&Prime;][vc_column_text]\n<p style=\"text-align: justify;\"><a href=\"#_ftnref1\" name=\"_ftn1\">[1]<\/a> Jeffrey A. Talpis, &laquo;&nbsp;Cauchemars rencontr\u00e9s dans la liquidation d&rsquo;une succession internationale&nbsp;&raquo; (2005) Cours de perfectionnement du notariat, Chambres des notaires du Qu\u00e9bec, EYB2005CPN10 \u00e0 p.6.<\/p>\n[\/vc_column_text][mk_divider style=&nbsp;&raquo;shadow_line&nbsp;&raquo; margin_bottom=&nbsp;&raquo;50&Prime;][vc_column_text]\n<p style=\"text-align: justify;\">Si vous recherchez un cabinet d\u2019avocat qui propose des honoraires raisonnables, un traitement rapide et efficace de vos dossiers et un suivi personnalis\u00e9 et efficace, n\u2019h\u00e9sitez pas \u00e0 communiquer avec Schneider Avocats\u00a0au (514) 439-1322 ext. 112 ou par courriel \u00e0 l\u2019adresse :\u00a0<a href=\"mailto:info@schneiderlegal.com\">info@schneiderlegal.com<\/a><\/p>\n[\/vc_column_text][mk_divider style=&nbsp;&raquo;shadow_line&nbsp;&raquo; margin_bottom=&nbsp;&raquo;50&Prime;][vc_column_text]\n<p style=\"text-align: justify; font-size: 10px;\"><i><span lang=\"FR-CA\">Le processus pr\u00e9sent\u00e9 ci-dessus ne constitue qu\u2019un outil de r\u00e9f\u00e9rence et ne comporte aucune garantie relative \u00e0 votre dossier. Nous vous recommandons fortement de recourir aux conseils juridiques d\u2019un avocat, membre en r\u00e8gle du Barreau du Qu\u00e9bec. Les particularit\u00e9s propres \u00e0 chaque cas d\u2019esp\u00e8ce doivent faire l\u2019objet d\u2019une analyse exhaustive puisque le processus peut s\u2019av\u00e9rer complexe et techniquement difficile.<\/span><\/i><\/p>\n[\/vc_column_text][mk_padding_divider][\/vc_column][\/vc_row]\n","protected":false},"excerpt":{"rendered":"<p>[vc_row fullwidth=&nbsp;&raquo;true&nbsp;&raquo; css=&nbsp;&raquo;.vc_custom_1466444759232{border-bottom-width: 2px !important;padding-top: 0px !important;padding-right: 0px !important;padding-bottom: 0px !important;padding-left: 0px !important;border-bottom-color: #568db6 !important;border-bottom-style: solid !important;}&nbsp;&raquo;][vc_column][mk_page_title_box page_title=&nbsp;&raquo;DOMICILE&nbsp;&raquo; section_height=&nbsp;&raquo;300&Prime; bg_image=&nbsp;&raquo;http:\/\/schneiderlegal.preview.web22.propulsionweb.ca\/wp-content\/uploads\/2014\/08\/photodune-5630324-testament-and-pen-m.jpg&nbsp;&raquo; bg_position=&nbsp;&raquo;center center&nbsp;&raquo; bg_stretch=&nbsp;&raquo;true&nbsp;&raquo; font_size=&nbsp;&raquo;40&Prime; font_color=&nbsp;&raquo;#ffffff&nbsp;&raquo; font_weight=&nbsp;&raquo;bold&nbsp;&raquo; underline=&nbsp;&raquo;false&nbsp;&raquo; sub_font_size=&nbsp;&raquo;20&Prime; sub_font_color=&nbsp;&raquo;#ffffff&nbsp;&raquo; sub_font_weight=&nbsp;&raquo;bold&nbsp;&raquo; el_class=&nbsp;&raquo;titleshadow&nbsp;&raquo;][\/vc_column][\/vc_row][vc_row][vc_column][mk_padding_divider size=&nbsp;&raquo;75&Prime;][vc_column_text]Bien qu&rsquo;une personne puisse avoir plusieurs r\u00e9sidences, une personne ne peut avoir qu&rsquo;un seul domicile \u00e0 la fois. Le dernier domicile du d\u00e9funt d\u00e9terminera [&hellip;]<\/p>\n","protected":false},"author":2,"featured_media":0,"parent":13095,"menu_order":0,"comment_status":"open","ping_status":"closed","template":"","meta":{"footnotes":""},"class_list":["post-13101","page","type-page","status-publish","hentry"],"yoast_head":"<!-- This site is optimized with the Yoast SEO plugin v27.0 - https:\/\/yoast.com\/product\/yoast-seo-wordpress\/ -->\n<title>Domicile - Schneider Legal - Successions \u00e0 l&#039;\u00e9tranger<\/title>\n<meta name=\"description\" content=\"Bien qu&#039;une personne puisse avoir plusieurs r\u00e9sidences, une personne ne peut avoir qu&#039;un seul domicile \u00e0 la fois.\" \/>\n<meta name=\"robots\" content=\"noindex, follow, max-snippet:-1, max-image-preview:large, max-video-preview:-1\" \/>\n<meta property=\"og:locale\" content=\"fr_FR\" \/>\n<meta property=\"og:type\" content=\"article\" \/>\n<meta property=\"og:title\" content=\"Domicile - Schneider Legal - Successions \u00e0 l&#039;\u00e9tranger\" \/>\n<meta property=\"og:description\" content=\"Bien qu&#039;une personne puisse avoir plusieurs r\u00e9sidences, une personne ne peut avoir qu&#039;un seul domicile \u00e0 la fois.\" \/>\n<meta property=\"og:url\" content=\"https:\/\/staging.schneiderlegal.com\/estate-law\/successions-outside-quebec\/domicile\/\" \/>\n<meta property=\"og:site_name\" content=\"Schneider Legal\" \/>\n<meta property=\"article:modified_time\" content=\"2018-10-01T18:19:38+00:00\" \/>\n<meta name=\"twitter:card\" content=\"summary_large_image\" \/>\n<meta name=\"twitter:label1\" content=\"Est. reading time\" \/>\n\t<meta name=\"twitter:data1\" content=\"4 minutes\" \/>\n<script type=\"application\/ld+json\" class=\"yoast-schema-graph\">{\"@context\":\"https:\/\/schema.org\",\"@graph\":[{\"@type\":\"WebPage\",\"@id\":\"https:\/\/staging.schneiderlegal.com\/estate-law\/successions-outside-quebec\/domicile\/\",\"url\":\"https:\/\/staging.schneiderlegal.com\/estate-law\/successions-outside-quebec\/domicile\/\",\"name\":\"Domicile - Schneider Legal - Successions \u00e0 l'\u00e9tranger\",\"isPartOf\":{\"@id\":\"https:\/\/staging.schneiderlegal.com\/#website\"},\"datePublished\":\"2018-09-26T17:28:14+00:00\",\"dateModified\":\"2018-10-01T18:19:38+00:00\",\"description\":\"Bien qu'une personne puisse avoir plusieurs r\u00e9sidences, une personne ne peut avoir qu'un seul domicile \u00e0 la fois.\",\"breadcrumb\":{\"@id\":\"https:\/\/staging.schneiderlegal.com\/estate-law\/successions-outside-quebec\/domicile\/#breadcrumb\"},\"inLanguage\":\"fr-FR\",\"potentialAction\":[{\"@type\":\"ReadAction\",\"target\":[\"https:\/\/staging.schneiderlegal.com\/estate-law\/successions-outside-quebec\/domicile\/\"]}]},{\"@type\":\"BreadcrumbList\",\"@id\":\"https:\/\/staging.schneiderlegal.com\/estate-law\/successions-outside-quebec\/domicile\/#breadcrumb\",\"itemListElement\":[{\"@type\":\"ListItem\",\"position\":1,\"name\":\"Home\",\"item\":\"https:\/\/staging.schneiderlegal.com\/fr\/\"},{\"@type\":\"ListItem\",\"position\":2,\"name\":\"DROIT SUCCESSORAL\",\"item\":\"https:\/\/staging.schneiderlegal.com\/estate-law\/\"},{\"@type\":\"ListItem\",\"position\":3,\"name\":\"Successions \u00e0 l&rsquo;ext\u00e9rieur du Qu\u00e9bec\",\"item\":\"https:\/\/staging.schneiderlegal.com\/fr\/droit-successoral\/successions-a-lexterieur-du-quebec\/\"},{\"@type\":\"ListItem\",\"position\":4,\"name\":\"Domicile\"}]},{\"@type\":\"WebSite\",\"@id\":\"https:\/\/staging.schneiderlegal.com\/#website\",\"url\":\"https:\/\/staging.schneiderlegal.com\/\",\"name\":\"Schneider Legal\",\"description\":\"Real Estate Lawyer Montreal - Estate Lawyer\",\"potentialAction\":[{\"@type\":\"SearchAction\",\"target\":{\"@type\":\"EntryPoint\",\"urlTemplate\":\"https:\/\/staging.schneiderlegal.com\/?s={search_term_string}\"},\"query-input\":{\"@type\":\"PropertyValueSpecification\",\"valueRequired\":true,\"valueName\":\"search_term_string\"}}],\"inLanguage\":\"fr-FR\"}]}<\/script>\n<!-- \/ Yoast SEO plugin. -->","yoast_head_json":{"title":"Domicile - Schneider Legal - Successions \u00e0 l'\u00e9tranger","description":"Bien qu'une personne puisse avoir plusieurs r\u00e9sidences, une personne ne peut avoir qu'un seul domicile \u00e0 la fois.","robots":{"index":"noindex","follow":"follow","max-snippet":"max-snippet:-1","max-image-preview":"max-image-preview:large","max-video-preview":"max-video-preview:-1"},"og_locale":"fr_FR","og_type":"article","og_title":"Domicile - Schneider Legal - Successions \u00e0 l'\u00e9tranger","og_description":"Bien qu'une personne puisse avoir plusieurs r\u00e9sidences, une personne ne peut avoir qu'un seul domicile \u00e0 la fois.","og_url":"https:\/\/staging.schneiderlegal.com\/estate-law\/successions-outside-quebec\/domicile\/","og_site_name":"Schneider Legal","article_modified_time":"2018-10-01T18:19:38+00:00","twitter_card":"summary_large_image","twitter_misc":{"Est. reading time":"4 minutes"},"schema":{"@context":"https:\/\/schema.org","@graph":[{"@type":"WebPage","@id":"https:\/\/staging.schneiderlegal.com\/estate-law\/successions-outside-quebec\/domicile\/","url":"https:\/\/staging.schneiderlegal.com\/estate-law\/successions-outside-quebec\/domicile\/","name":"Domicile - Schneider Legal - Successions \u00e0 l'\u00e9tranger","isPartOf":{"@id":"https:\/\/staging.schneiderlegal.com\/#website"},"datePublished":"2018-09-26T17:28:14+00:00","dateModified":"2018-10-01T18:19:38+00:00","description":"Bien qu'une personne puisse avoir plusieurs r\u00e9sidences, une personne ne peut avoir qu'un seul domicile \u00e0 la fois.","breadcrumb":{"@id":"https:\/\/staging.schneiderlegal.com\/estate-law\/successions-outside-quebec\/domicile\/#breadcrumb"},"inLanguage":"fr-FR","potentialAction":[{"@type":"ReadAction","target":["https:\/\/staging.schneiderlegal.com\/estate-law\/successions-outside-quebec\/domicile\/"]}]},{"@type":"BreadcrumbList","@id":"https:\/\/staging.schneiderlegal.com\/estate-law\/successions-outside-quebec\/domicile\/#breadcrumb","itemListElement":[{"@type":"ListItem","position":1,"name":"Home","item":"https:\/\/staging.schneiderlegal.com\/fr\/"},{"@type":"ListItem","position":2,"name":"DROIT SUCCESSORAL","item":"https:\/\/staging.schneiderlegal.com\/estate-law\/"},{"@type":"ListItem","position":3,"name":"Successions \u00e0 l&rsquo;ext\u00e9rieur du Qu\u00e9bec","item":"https:\/\/staging.schneiderlegal.com\/fr\/droit-successoral\/successions-a-lexterieur-du-quebec\/"},{"@type":"ListItem","position":4,"name":"Domicile"}]},{"@type":"WebSite","@id":"https:\/\/staging.schneiderlegal.com\/#website","url":"https:\/\/staging.schneiderlegal.com\/","name":"Schneider Legal","description":"Real Estate Lawyer Montreal - Estate Lawyer","potentialAction":[{"@type":"SearchAction","target":{"@type":"EntryPoint","urlTemplate":"https:\/\/staging.schneiderlegal.com\/?s={search_term_string}"},"query-input":{"@type":"PropertyValueSpecification","valueRequired":true,"valueName":"search_term_string"}}],"inLanguage":"fr-FR"}]}},"_links":{"self":[{"href":"https:\/\/staging.schneiderlegal.com\/fr\/wp-json\/wp\/v2\/pages\/13101","targetHints":{"allow":["GET"]}}],"collection":[{"href":"https:\/\/staging.schneiderlegal.com\/fr\/wp-json\/wp\/v2\/pages"}],"about":[{"href":"https:\/\/staging.schneiderlegal.com\/fr\/wp-json\/wp\/v2\/types\/page"}],"author":[{"embeddable":true,"href":"https:\/\/staging.schneiderlegal.com\/fr\/wp-json\/wp\/v2\/users\/2"}],"replies":[{"embeddable":true,"href":"https:\/\/staging.schneiderlegal.com\/fr\/wp-json\/wp\/v2\/comments?post=13101"}],"version-history":[{"count":4,"href":"https:\/\/staging.schneiderlegal.com\/fr\/wp-json\/wp\/v2\/pages\/13101\/revisions"}],"predecessor-version":[{"id":13148,"href":"https:\/\/staging.schneiderlegal.com\/fr\/wp-json\/wp\/v2\/pages\/13101\/revisions\/13148"}],"up":[{"embeddable":true,"href":"https:\/\/staging.schneiderlegal.com\/fr\/wp-json\/wp\/v2\/pages\/13095"}],"wp:attachment":[{"href":"https:\/\/staging.schneiderlegal.com\/fr\/wp-json\/wp\/v2\/media?parent=13101"}],"curies":[{"name":"wp","href":"https:\/\/api.w.org\/{rel}","templated":true}]}}