{"id":13069,"date":"2018-06-27T10:06:17","date_gmt":"2018-06-27T14:06:17","guid":{"rendered":"https:\/\/staging.schneiderlegal.com\/fr\/careers\/"},"modified":"2026-01-27T07:30:42","modified_gmt":"2026-01-27T11:30:42","slug":"carrieres","status":"publish","type":"page","link":"https:\/\/staging.schneiderlegal.com\/fr\/carrieres\/","title":{"rendered":"Carri\u00e8res"},"content":{"rendered":"[vc_row][vc_column][mk_padding_divider size=&nbsp;&raquo;80&Prime;][vc_column_text el_class=&nbsp;&raquo;careersspecial&nbsp;&raquo;]<span style=\"color: #fff;\">Nous sommes toujours \u00e0 la recherche des meilleurs talents. Vous pouvez toujours nous envoyer votre C.V. en utilisant le formulaire ci-dessous.<\/span>[\/vc_column_text][\/vc_column][\/vc_row][vc_row][vc_column width=&nbsp;&raquo;1\/4&Prime;][\/vc_column][vc_column width=&nbsp;&raquo;1\/2&Prime;][mk_padding_divider size=&nbsp;&raquo;80&Prime;][mk_fancy_title color=&nbsp;&raquo;#393836&Prime; size=&nbsp;&raquo;22&Prime; font_weight=&nbsp;&raquo;bold&nbsp;&raquo; txt_transform=&nbsp;&raquo;uppercase&nbsp;&raquo; letter_spacing=&nbsp;&raquo;1&Prime; margin_bottom=&nbsp;&raquo;0&Prime; font_family=&nbsp;&raquo;none&nbsp;&raquo; align=&nbsp;&raquo;center&nbsp;&raquo;]FAITES PARTIE DE L&rsquo;\u00c9QUIPE[\/mk_fancy_title][mk_divider style=&nbsp;&raquo;thin_solid&nbsp;&raquo; divider_width=&nbsp;&raquo;custom_width&nbsp;&raquo; custom_width=&nbsp;&raquo;25&Prime; thickness=&nbsp;&raquo;3&Prime;][\/vc_column][vc_column width=&nbsp;&raquo;1\/4&Prime;][\/vc_column][\/vc_row][mk_page_section sidebar=&nbsp;&raquo;sidebar-1&Prime;][vc_column width=&nbsp;&raquo;1\/2&Prime;][vc_column_text]Notre pratique est exerc\u00e9e par des avocats chevronn\u00e9s en mati\u00e8re de droit immobilier, droit successoral, litige civil et commercial, droit de la construction et droit du travail. \u00a0 En constante croissance, notre \u00e9tude est \u00e0 la recherche d\u2019avocats(es) engag\u00e9s et enthousiastes pour se joindre \u00e0 eux et s\u2019int\u00e9grer \u00e0 leur pratique pour participer \u00e0 la croissance de notre firme et poursuivre un parcours sans pareil.<\/p>\n<p><strong>Notre firme est actuellement \u00e0 la recherche du candidat suivant:<\/strong><\/p>\n<ul>\n<li>Cinq(5) \u00e0 sept(7) ans d&rsquo;exp\u00e9rience en litige et plus pr\u00e9cis\u00e9ment, en droit immobilier ou successoral;<\/li>\n<li>Qualifications solides en communication;<\/li>\n<li>Est bilingue, tant \u00e0 l\u2019oral qu\u2019\u00e0 l\u2019\u00e9crit;<\/li>\n<li>Est engag\u00e9, motiv\u00e9 et cherche \u00e0 b\u00e2tir une relation \u00e0 long terme avec ses clients et confr\u00e8res;<\/li>\n<li>Est d\u00e9sireux d\u2019apprendre et a une capacit\u00e9 \u00e0 s\u2019int\u00e9grer et travailler en \u00e9quipe;<\/li>\n<li>Est consciencieux, autonome, rigoureux et m\u00e9ticuleux, avec un grand souci du d\u00e9tail;<\/li>\n<li>Cherche \u00e0 d\u00e9velopper une belle carri\u00e8re avec des coll\u00e8gues int\u00e8gres, comp\u00e9tents et agr\u00e9ables.<\/li>\n<\/ul>\n<p><strong>Dans le cadre de vos activit\u00e9s journali\u00e8res, figurent parmi vos responsabilit\u00e9s\u00a0:<\/strong><\/p>\n<ul>\n<li>La gestion de dossiers et de clients, du d\u00e9but du mandat confi\u00e9 au proc\u00e8s au fond ou \u00e0 son r\u00e8glement;<\/li>\n<li>L\u2019\u00e9laboration de strat\u00e9gies dans le cadre de vos dossiers;<\/li>\n<li>La r\u00e9daction d\u2019actes de proc\u00e9dures, pr\u00e9paration et tenue d\u2019interrogatoires, de gestion de dossiers et documentation;<\/li>\n<li>Pr\u00e9paration de plans de plaidoirie, recherches et pr\u00e9paration de t\u00e9moins;<\/li>\n<li>Vacations \u00e0 la cour pour repr\u00e9sentations devant les diverses instances;<\/li>\n<li>G\u00e9rer des dossiers dans leur int\u00e9gralit\u00e9, avec tout le support n\u00e9cessaire par notre \u00e9quipe;<\/li>\n<li>Plaider et maitriser vos dossiers avec assurance et persuasion;<\/li>\n<li>R\u00e9daction de contrats, de conventions et de baux commerciaux.<\/li>\n<\/ul>\n<p>Nos conditions de travail sont concurrentielles et ajust\u00e9es selon l\u2019exp\u00e9rience du candidat. L\u2019atmosph\u00e8re de travail est particuli\u00e8rement agr\u00e9able et conviviale, et les heures de travail tout \u00e0 fait raisonnables.[\/vc_column_text][mk_padding_divider size=&nbsp;&raquo;80&Prime;][\/vc_column][vc_column width=&nbsp;&raquo;1\/2&Prime;]\n<div class=\"wpcf7 no-js\" id=\"wpcf7-f13073-o1\" lang=\"en-US\" dir=\"ltr\" data-wpcf7-id=\"13073\">\n<div class=\"screen-reader-response\"><p role=\"status\" aria-live=\"polite\" aria-atomic=\"true\"><\/p> <ul><\/ul><\/div>\n<form action=\"\/fr\/wp-json\/wp\/v2\/pages\/13069#wpcf7-f13073-o1\" method=\"post\" class=\"wpcf7-form init\" aria-label=\"Contact form\" enctype=\"multipart\/form-data\" novalidate=\"novalidate\" data-status=\"init\">\n<fieldset class=\"hidden-fields-container\"><input type=\"hidden\" name=\"_wpcf7\" value=\"13073\" \/><input type=\"hidden\" name=\"_wpcf7_version\" value=\"6.1.5\" \/><input type=\"hidden\" name=\"_wpcf7_locale\" value=\"en_US\" \/><input type=\"hidden\" name=\"_wpcf7_unit_tag\" value=\"wpcf7-f13073-o1\" \/><input type=\"hidden\" name=\"_wpcf7_container_post\" value=\"0\" \/><input type=\"hidden\" name=\"_wpcf7_posted_data_hash\" value=\"\" \/><input type=\"hidden\" name=\"_wpcf7_recaptcha_response\" value=\"\" \/>\n<\/fieldset>\n<p>Votre nom (requis)<br \/>\n    <span class=\"wpcf7-form-control-wrap\" data-name=\"your-name\"><input size=\"40\" maxlength=\"400\" class=\"wpcf7-form-control wpcf7-text wpcf7-validates-as-required\" aria-required=\"true\" aria-invalid=\"false\" value=\"\" type=\"text\" name=\"your-name\" \/><\/span> <\/p>\n\n<p>Votre courriel (requis)<br \/>\n    <span class=\"wpcf7-form-control-wrap\" data-name=\"your-email\"><input size=\"40\" maxlength=\"400\" class=\"wpcf7-form-control wpcf7-email wpcf7-validates-as-required wpcf7-text wpcf7-validates-as-email\" aria-required=\"true\" aria-invalid=\"false\" value=\"\" type=\"email\" name=\"your-email\" \/><\/span> <\/p>\n\n<p>Sujet<br \/>\n    <span class=\"wpcf7-form-control-wrap\" data-name=\"your-subject\"><input size=\"40\" maxlength=\"400\" class=\"wpcf7-form-control wpcf7-text\" aria-invalid=\"false\" value=\"\" type=\"text\" name=\"your-subject\" \/><\/span> <\/p>\n\n<p>Votre message<br \/>\n    <span class=\"wpcf7-form-control-wrap\" data-name=\"your-message\"><textarea cols=\"40\" rows=\"10\" maxlength=\"2000\" class=\"wpcf7-form-control wpcf7-textarea wpcf7-validates-as-required\" aria-required=\"true\" aria-invalid=\"false\" name=\"your-message\"><\/textarea><\/span> <\/p>\n\n<p>C.V.<br \/>\n<span class=\"wpcf7-form-control-wrap\" data-name=\"file-269\"><input size=\"40\" class=\"wpcf7-form-control wpcf7-file\" accept=\"audio\/*,video\/*,image\/*\" aria-invalid=\"false\" type=\"file\" name=\"file-269\" \/><\/span><\/p>\n\n<p><input class=\"wpcf7-form-control wpcf7-submit has-spinner\" type=\"submit\" value=\"Envoyer\" \/><\/p><div class=\"wpcf7-response-output\" aria-hidden=\"true\"><\/div>\n<\/form>\n<\/div>\n[\/vc_column][\/mk_page_section]\n","protected":false},"excerpt":{"rendered":"<p>[vc_row][vc_column][mk_padding_divider size=&nbsp;&raquo;80&Prime;][vc_column_text el_class=&nbsp;&raquo;careersspecial&nbsp;&raquo;]Nous sommes toujours \u00e0 la recherche des meilleurs talents. Vous pouvez toujours nous envoyer votre C.V. en utilisant le formulaire ci-dessous.[\/vc_column_text][\/vc_column][\/vc_row][vc_row][vc_column width=&nbsp;&raquo;1\/4&Prime;][\/vc_column][vc_column width=&nbsp;&raquo;1\/2&Prime;][mk_padding_divider size=&nbsp;&raquo;80&Prime;][mk_fancy_title color=&nbsp;&raquo;#393836&Prime; size=&nbsp;&raquo;22&Prime; font_weight=&nbsp;&raquo;bold&nbsp;&raquo; txt_transform=&nbsp;&raquo;uppercase&nbsp;&raquo; letter_spacing=&nbsp;&raquo;1&Prime; margin_bottom=&nbsp;&raquo;0&Prime; font_family=&nbsp;&raquo;none&nbsp;&raquo; align=&nbsp;&raquo;center&nbsp;&raquo;]FAITES PARTIE DE L&rsquo;\u00c9QUIPE[\/mk_fancy_title][mk_divider style=&nbsp;&raquo;thin_solid&nbsp;&raquo; divider_width=&nbsp;&raquo;custom_width&nbsp;&raquo; custom_width=&nbsp;&raquo;25&Prime; thickness=&nbsp;&raquo;3&Prime;][\/vc_column][vc_column width=&nbsp;&raquo;1\/4&Prime;][\/vc_column][\/vc_row][mk_page_section sidebar=&nbsp;&raquo;sidebar-1&Prime;][vc_column width=&nbsp;&raquo;1\/2&Prime;][vc_column_text]Notre pratique est exerc\u00e9e par des avocats chevronn\u00e9s en mati\u00e8re de droit [&hellip;]<\/p>\n","protected":false},"author":2,"featured_media":0,"parent":0,"menu_order":0,"comment_status":"open","ping_status":"open","template":"","meta":{"footnotes":""},"class_list":["post-13069","page","type-page","status-publish","hentry"],"yoast_head":"<!-- This site is optimized with the Yoast SEO plugin v27.0 - https:\/\/yoast.com\/product\/yoast-seo-wordpress\/ -->\n<title>Carri\u00e8res - Schneider Legal<\/title>\n<meta name=\"description\" content=\"Meet our team of lawyers, students and administrative staff in this section of our website.\" \/>\n<meta name=\"robots\" content=\"noindex, follow, max-snippet:-1, max-image-preview:large, max-video-preview:-1\" \/>\n<meta property=\"og:locale\" content=\"fr_FR\" \/>\n<meta property=\"og:type\" content=\"article\" \/>\n<meta property=\"og:title\" content=\"Carri\u00e8res - Schneider Legal\" \/>\n<meta property=\"og:description\" content=\"Meet our team of lawyers, students and administrative staff in this section of our website.\" \/>\n<meta property=\"og:url\" content=\"https:\/\/staging.schneiderlegal.com\/careers\/\" \/>\n<meta property=\"og:site_name\" content=\"Schneider Legal\" \/>\n<meta property=\"article:modified_time\" content=\"2026-01-27T11:30:42+00:00\" \/>\n<meta name=\"twitter:card\" content=\"summary_large_image\" \/>\n<meta name=\"twitter:label1\" content=\"Est. reading time\" \/>\n\t<meta name=\"twitter:data1\" content=\"2 minutes\" \/>\n<script type=\"application\/ld+json\" class=\"yoast-schema-graph\">{\"@context\":\"https:\/\/schema.org\",\"@graph\":[{\"@type\":\"WebPage\",\"@id\":\"https:\/\/staging.schneiderlegal.com\/careers\/\",\"url\":\"https:\/\/staging.schneiderlegal.com\/careers\/\",\"name\":\"Carri\u00e8res - Schneider Legal\",\"isPartOf\":{\"@id\":\"https:\/\/staging.schneiderlegal.com\/#website\"},\"datePublished\":\"2018-06-27T14:06:17+00:00\",\"dateModified\":\"2026-01-27T11:30:42+00:00\",\"description\":\"Meet our team of lawyers, students and administrative staff in this section of our website.\",\"breadcrumb\":{\"@id\":\"https:\/\/staging.schneiderlegal.com\/careers\/#breadcrumb\"},\"inLanguage\":\"fr-FR\",\"potentialAction\":[{\"@type\":\"ReadAction\",\"target\":[\"https:\/\/staging.schneiderlegal.com\/careers\/\"]}]},{\"@type\":\"BreadcrumbList\",\"@id\":\"https:\/\/staging.schneiderlegal.com\/careers\/#breadcrumb\",\"itemListElement\":[{\"@type\":\"ListItem\",\"position\":1,\"name\":\"Home\",\"item\":\"https:\/\/staging.schneiderlegal.com\/fr\/\"},{\"@type\":\"ListItem\",\"position\":2,\"name\":\"Carri\u00e8res\"}]},{\"@type\":\"WebSite\",\"@id\":\"https:\/\/staging.schneiderlegal.com\/#website\",\"url\":\"https:\/\/staging.schneiderlegal.com\/\",\"name\":\"Schneider Legal\",\"description\":\"Real Estate Lawyer Montreal - Estate Lawyer\",\"potentialAction\":[{\"@type\":\"SearchAction\",\"target\":{\"@type\":\"EntryPoint\",\"urlTemplate\":\"https:\/\/staging.schneiderlegal.com\/?s={search_term_string}\"},\"query-input\":{\"@type\":\"PropertyValueSpecification\",\"valueRequired\":true,\"valueName\":\"search_term_string\"}}],\"inLanguage\":\"fr-FR\"}]}<\/script>\n<!-- \/ Yoast SEO plugin. -->","yoast_head_json":{"title":"Carri\u00e8res - Schneider Legal","description":"Meet our team of lawyers, students and administrative staff in this section of our website.","robots":{"index":"noindex","follow":"follow","max-snippet":"max-snippet:-1","max-image-preview":"max-image-preview:large","max-video-preview":"max-video-preview:-1"},"og_locale":"fr_FR","og_type":"article","og_title":"Carri\u00e8res - Schneider Legal","og_description":"Meet our team of lawyers, students and administrative staff in this section of our website.","og_url":"https:\/\/staging.schneiderlegal.com\/careers\/","og_site_name":"Schneider Legal","article_modified_time":"2026-01-27T11:30:42+00:00","twitter_card":"summary_large_image","twitter_misc":{"Est. reading time":"2 minutes"},"schema":{"@context":"https:\/\/schema.org","@graph":[{"@type":"WebPage","@id":"https:\/\/staging.schneiderlegal.com\/careers\/","url":"https:\/\/staging.schneiderlegal.com\/careers\/","name":"Carri\u00e8res - Schneider Legal","isPartOf":{"@id":"https:\/\/staging.schneiderlegal.com\/#website"},"datePublished":"2018-06-27T14:06:17+00:00","dateModified":"2026-01-27T11:30:42+00:00","description":"Meet our team of lawyers, students and administrative staff in this section of our website.","breadcrumb":{"@id":"https:\/\/staging.schneiderlegal.com\/careers\/#breadcrumb"},"inLanguage":"fr-FR","potentialAction":[{"@type":"ReadAction","target":["https:\/\/staging.schneiderlegal.com\/careers\/"]}]},{"@type":"BreadcrumbList","@id":"https:\/\/staging.schneiderlegal.com\/careers\/#breadcrumb","itemListElement":[{"@type":"ListItem","position":1,"name":"Home","item":"https:\/\/staging.schneiderlegal.com\/fr\/"},{"@type":"ListItem","position":2,"name":"Carri\u00e8res"}]},{"@type":"WebSite","@id":"https:\/\/staging.schneiderlegal.com\/#website","url":"https:\/\/staging.schneiderlegal.com\/","name":"Schneider Legal","description":"Real Estate Lawyer Montreal - Estate Lawyer","potentialAction":[{"@type":"SearchAction","target":{"@type":"EntryPoint","urlTemplate":"https:\/\/staging.schneiderlegal.com\/?s={search_term_string}"},"query-input":{"@type":"PropertyValueSpecification","valueRequired":true,"valueName":"search_term_string"}}],"inLanguage":"fr-FR"}]}},"_links":{"self":[{"href":"https:\/\/staging.schneiderlegal.com\/fr\/wp-json\/wp\/v2\/pages\/13069","targetHints":{"allow":["GET"]}}],"collection":[{"href":"https:\/\/staging.schneiderlegal.com\/fr\/wp-json\/wp\/v2\/pages"}],"about":[{"href":"https:\/\/staging.schneiderlegal.com\/fr\/wp-json\/wp\/v2\/types\/page"}],"author":[{"embeddable":true,"href":"https:\/\/staging.schneiderlegal.com\/fr\/wp-json\/wp\/v2\/users\/2"}],"replies":[{"embeddable":true,"href":"https:\/\/staging.schneiderlegal.com\/fr\/wp-json\/wp\/v2\/comments?post=13069"}],"version-history":[{"count":10,"href":"https:\/\/staging.schneiderlegal.com\/fr\/wp-json\/wp\/v2\/pages\/13069\/revisions"}],"predecessor-version":[{"id":101519,"href":"https:\/\/staging.schneiderlegal.com\/fr\/wp-json\/wp\/v2\/pages\/13069\/revisions\/101519"}],"wp:attachment":[{"href":"https:\/\/staging.schneiderlegal.com\/fr\/wp-json\/wp\/v2\/media?parent=13069"}],"curies":[{"name":"wp","href":"https:\/\/api.w.org\/{rel}","templated":true}]}}