{"id":12867,"date":"2018-07-11T09:17:55","date_gmt":"2018-07-11T13:17:55","guid":{"rendered":"https:\/\/staging.schneiderlegal.com\/fr\/droit-immobilier\/disputes-at-the-rental-board\/"},"modified":"2018-07-19T09:26:45","modified_gmt":"2018-07-19T13:26:45","slug":"dispute-a-la-regie-du-logement","status":"publish","type":"page","link":"https:\/\/staging.schneiderlegal.com\/fr\/droit-immobilier\/dispute-a-la-regie-du-logement\/","title":{"rendered":"DISPUTE A LA R\u00c9GIE DU LOGEMENT"},"content":{"rendered":"[vc_row fullwidth=&nbsp;&raquo;true&nbsp;&raquo; css=&nbsp;&raquo;.vc_custom_1466444759232{border-bottom-width: 2px !important;padding-top: 0px !important;padding-right: 0px !important;padding-bottom: 0px !important;padding-left: 0px !important;border-bottom-color: #568db6 !important;border-bottom-style: solid !important;}&nbsp;&raquo;][vc_column][mk_page_title_box page_title=&nbsp;&raquo;DISPUTE A LA R\u00c9GIE DU LOGEMENT&nbsp;&raquo; section_height=&nbsp;&raquo;300&Prime; bg_image=&nbsp;&raquo;https:\/\/staging.schneiderlegal.com\/wp-content\/uploads\/2016\/07\/photodune-304484-condos-m.jpg&nbsp;&raquo; bg_position=&nbsp;&raquo;center center&nbsp;&raquo; bg_stretch=&nbsp;&raquo;true&nbsp;&raquo; font_size=&nbsp;&raquo;40&Prime; font_color=&nbsp;&raquo;#ffffff&nbsp;&raquo; font_weight=&nbsp;&raquo;bold&nbsp;&raquo; underline=&nbsp;&raquo;false&nbsp;&raquo; sub_font_size=&nbsp;&raquo;20&Prime; sub_font_color=&nbsp;&raquo;#ffffff&nbsp;&raquo; sub_font_weight=&nbsp;&raquo;bold&nbsp;&raquo; el_class=&nbsp;&raquo;titleshadow margintopcontrat&nbsp;&raquo;][\/vc_column][\/vc_row][vc_row][vc_column][mk_padding_divider size=&nbsp;&raquo;75&Prime;][vc_column_text]Le\u00a0<em>Code Civil du Qu\u00e9bec\u00a0<\/em>pr\u00e9voit des droits et obligations autant pour les locataires que pour les locateurs d\u2019immeubles r\u00e9sidentiels \u00e0 revenus.<\/p>\n<p>Les baux r\u00e9sidentiels sont \u00e0 la fois tr\u00e8s communs et tr\u00e8s peu compris; deux \u00e9l\u00e9ments qui, mis ensemble, constituent un champ fertile pour les situations litigieuses. Il en r\u00e9sulte de fr\u00e9quents conflits entre les locataires et les locateurs. Puisque la plupart des gens seront impliqu\u00e9s, \u00e0 un moment o\u00f9 \u00e0 un autre, dans cette relation locataire-locateur, il est utile de se pencher sur les droits et devoirs des deux parties.<\/p>\n<p>Il est important de se rappeler que tout diff\u00e9rend doit d&rsquo;abord \u00eatre tent\u00e9 d&rsquo;\u00eatre r\u00e9gl\u00e9 \u00e0 l&rsquo;amiable, car une poursuite en justice peut nuire \u00e0 la relation entre le locateur et le locataire. \u00c0 d\u00e9faut de quoi, un recours aupr\u00e8s de la R\u00e9gie du logement devrait \u00eatre initi\u00e9 soit par le locateur ou par le locataire pour tenter de r\u00e9gler le litige.<\/p>\n<p>Il convient \u00e9galement de noter que la relation entre les locateurs et les locataires en est une de r\u00e9ciprocit\u00e9. En d&rsquo;autres termes, les droits du locataire correspondront aux obligations du locateur et vice-versa. Par cons\u00e9quent, il est recommand\u00e9 de visiter nos deux pages web concernant les droits et obligations des<a href=\"https:\/\/staging.schneiderlegal.com\/fr\/droit-immobilier\/solutions-et-procedures-judiciaires-pour-un-proprietaire\/\"> <u>locateurs<\/u><\/a>\u00a0et des <a href=\"https:\/\/staging.schneiderlegal.com\/fr\/droit-immobilier\/solutions-et-procedures-judiciaires-si-vous-etes-locataire\/\"><u>locataires<\/u><\/a>.[\/vc_column_text][vc_column_text]<strong><u>La R\u00e9gie du logement<\/u><\/strong><\/p>\n<p>Lorsqu\u2019un conflit implique un locataire et le locateur d\u2019un immeuble r\u00e9sidentiel, c\u2019est la R\u00e9gie du logement qui a juridiction en la mati\u00e8re.<\/p>\n<p>La R\u00e9gie du logement est cr\u00e9\u00e9e et r\u00e9glement\u00e9e par la <a href=\"https:\/\/www.canlii.org\/fr\/qc\/legis\/lois\/rlrq-c-r-8.1\/derniere\/rlrq-c-r-8.1.html\" target=\"_blank\" rel=\"noopener noreferrer\"><em>Loi sur la R\u00e9gie du logement<\/em><\/a>.<\/p>\n<p>Un bail r\u00e9sidentiel ne peut \u00e9carter la juridiction de la R\u00e9gie du logement au profit d\u2019un mode priv\u00e9 de pr\u00e9vention et de r\u00e8glement des diff\u00e9rends telle que l&rsquo;arbitrage.<\/p>\n<p>Veuillez \u00e9galement prendre note que si la demande concerne uniquement une r\u00e9clamation de 15 000$ ou moins, un avocat ne peut vous repr\u00e9senter \u00e0 la R\u00e9gie du logement.\u00a0 \u00a0Toutefois, si le diff\u00e9rend porte sur tout autre sujet tel que la r\u00e9siliation d&rsquo;un bail ou une violation de <em>la <a href=\"http:\/\/legisquebec.gouv.qc.ca\/fr\/showdoc\/cs\/C-12\" target=\"_blank\" rel=\"noopener noreferrer\">Charte des droits et libert\u00e9s de la personne<\/a><\/em>, une partie peut choisir d&rsquo;\u00eatre repr\u00e9sent\u00e9e par un avocat.<\/p>\n<p>En fait, la R\u00e9gie du logement est le <u>seul<\/u> forum qui peut entendre les demandes suivantes:<\/p>\n<ul>\n<li>Les demandes relatives au bail d&rsquo;un logement lorsque la somme demand\u00e9e, la valeur de la chose r\u00e9clam\u00e9e, ou l&rsquo;int\u00e9r\u00eat du demandeur est inf\u00e9rieur \u00e0 85 000$; et<\/li>\n<li>Les litiges concernant :<\/li>\n<li>Le renouvellement ou la modification d&rsquo;un bail ;<\/li>\n<li>La fixation de loyer ;<\/li>\n<li>La reprise d&rsquo;un logement ;<\/li>\n<li>La subdivision ;<\/li>\n<li>Le changement d&rsquo;affectation ; et<\/li>\n<li>Les \u00e9victions forc\u00e9es.<\/li>\n<\/ul>\n<p>Dans ces cas, la R\u00e9gie du logement aura la comp\u00e9tence exclusive, peu importe le montant d&rsquo;argent impliqu\u00e9 dans le litige.<\/p>\n<p>La R\u00e9gie du logement a aussi pour mission de :<\/p>\n<ul>\n<li>Informer les locateurs et les locataires de leurs droits et obligations ;<\/li>\n<li>Expliquer le contenu d&rsquo;un bail ou la <em>Loi sur la R\u00e9gie du logement<\/em> ;<\/li>\n<li>Fournir les formulaires standards ; et<\/li>\n<li>Favoriser la conciliation entre locateurs et locataires.<\/li>\n<\/ul>\n<p>Si vous souhaitez contester une d\u00e9cision de la R\u00e9gie du logement, veuillez prendre note qu&rsquo;il est possible de demander un certain nombre de recours diff\u00e9rents tels que la rectification, la r\u00e9tractation, la r\u00e9vision ou l&rsquo;appel du jugement \u00e0 la Cour du Qu\u00e9bec. Cependant, le recours appropri\u00e9 d\u00e9pendra des circonstances de chaque cas et du raisonnement derri\u00e8re les motifs de contestation.<\/p>\n<p>Pour plus d&rsquo;informations, vous pouvez consulter le site web de la R\u00e9gie du logement : <a href=\"http:\/\/www.rdl.gouv.qc.ca\">www.rdl.gouv.qc.ca<\/a><\/p>\n<p><strong><u>\u00c9TAPE 1 : CONSULTER UN AVOCAT<\/u><\/strong><\/p>\n<p>Avant d\u2019entreprendre des proc\u00e9dures judiciaires, il est primordial d\u2019\u00eatre inform\u00e9 par rapport \u00e0 ses droits et obligations. Tr\u00e8s souvent, une situation semble \u00e0 premi\u00e8re vue tr\u00e8s simple. La r\u00e9alit\u00e9 est pourtant tout autre\u00a0: m\u00eame une question de retard de paiement de loyer peut devenir beaucoup plus complexe qu\u2019on le croit.<\/p>\n<p>C\u2019est pourquoi nous croyons qu\u2019un bon avocat sp\u00e9cialis\u00e9 en droit immobilier a pour r\u00f4le de vous rassurer en vous aidant \u00e0 comprendre toutes vos options dans un monde de d\u00e9lais et de proc\u00e9dures qui peuvent parfois sembler difficile \u00e0 comprendre.<\/p>\n<p><strong><u>\u00c9TAPE 2: LETTRE DE MISE EN DEMEURE<\/u><\/strong><\/p>\n<p>Avant d\u2019intenter une action en justice devant la R\u00e9gie du logement, la premi\u00e8re \u00e9tape consiste \u00e0 d\u00e9noncer les troubles par le biais d&rsquo;une mise en demeure aussit\u00f4t que possible afin de permettre \u00e0 l&rsquo;autre partie de rem\u00e9dier \u00e0 la situation dans un d\u00e9lai raisonnable, \u00e0 d\u00e9faut de quoi, des proc\u00e9dures judiciaires peuvent \u00eatre entreprises.<\/p>\n<p>L&rsquo;omission de l\u2019envoi d&rsquo;une mise en demeure est fatale au recours devant la R\u00e9gie du logement. Il est donc essentiel d&rsquo;envoyer une lettre de mise en demeure \u00e0 l&rsquo;autre partie au litige afin de r\u00e9ussir dans son recours devant la R\u00e9gie du logement. En effet, cette obligation d\u2019envoyer une mise en demeure constitue une composante de la r\u00e8gle de mitigation des dommages.<\/p>\n<p><a href=\"http:\/\/schneiderlegal.preview.web22.propulsionweb.ca\/fr\/solutions-et-recours-du-locateur\/\"><strong>CLIQUEZ ICI<\/strong><\/a><strong>\u00a0SI VOUS \u00caTES UN LOCATEUR<\/strong><\/p>\n<p><a href=\"http:\/\/schneiderlegal.preview.web22.propulsionweb.ca\/fr\/solutions-et-recours-du-locataire\/\"><strong>CLIQUEZ ICI<\/strong><\/a><strong>\u00a0SI VOUS \u00caTES UN LOCATAIRE<\/strong>[\/vc_column_text][mk_divider style=&nbsp;&raquo;shadow_line&nbsp;&raquo; margin_bottom=&nbsp;&raquo;50&Prime;][vc_column_text]Si vous recherchez un cabinet d\u2019avocat qui propose des honoraires raisonnables, un traitement rapide et efficace de vos dossiers et un suivi personnalis\u00e9 et efficace, n\u2019h\u00e9sitez pas \u00e0 communiquer avec Schneider Avocats au (514) 439-1322 ext. 112 ou par courriel \u00e0 l\u2019adresse : <a href=\"mailto:info@schneiderlegal.com\">info@schneiderlegal.com<\/a>[\/vc_column_text][mk_divider style=&nbsp;&raquo;shadow_line&nbsp;&raquo; margin_bottom=&nbsp;&raquo;50&Prime;][vc_column_text]\n<p style=\"text-align: justify; font-size: 10px;\"><i><span lang=\"FR-CA\">Le processus pr\u00e9sent\u00e9 ci-dessus ne constitue qu\u2019un outil de r\u00e9f\u00e9rence et ne comporte aucune garantie relative \u00e0 votre dossier. Nous vous recommandons fortement de recourir aux conseils juridiques d\u2019un avocat, membre en r\u00e8gle du Barreau du Qu\u00e9bec. Les particularit\u00e9s propres \u00e0 chaque cas d\u2019esp\u00e8ce doivent faire l\u2019objet d\u2019une analyse exhaustive puisque le processus peut s\u2019av\u00e9rer complexe et techniquement difficile.<\/span><\/i><\/p>\n[\/vc_column_text][mk_padding_divider][\/vc_column][\/vc_row]\n","protected":false},"excerpt":{"rendered":"<p>[vc_row fullwidth=&nbsp;&raquo;true&nbsp;&raquo; css=&nbsp;&raquo;.vc_custom_1466444759232{border-bottom-width: 2px !important;padding-top: 0px !important;padding-right: 0px !important;padding-bottom: 0px !important;padding-left: 0px !important;border-bottom-color: #568db6 !important;border-bottom-style: solid !important;}&nbsp;&raquo;][vc_column][mk_page_title_box page_title=&nbsp;&raquo;DISPUTE A LA R\u00c9GIE DU LOGEMENT&nbsp;&raquo; section_height=&nbsp;&raquo;300&Prime; bg_image=&nbsp;&raquo;https:\/\/staging.schneiderlegal.com\/wp-content\/uploads\/2016\/07\/photodune-304484-condos-m.jpg&nbsp;&raquo; bg_position=&nbsp;&raquo;center center&nbsp;&raquo; bg_stretch=&nbsp;&raquo;true&nbsp;&raquo; font_size=&nbsp;&raquo;40&Prime; font_color=&nbsp;&raquo;#ffffff&nbsp;&raquo; font_weight=&nbsp;&raquo;bold&nbsp;&raquo; underline=&nbsp;&raquo;false&nbsp;&raquo; sub_font_size=&nbsp;&raquo;20&Prime; sub_font_color=&nbsp;&raquo;#ffffff&nbsp;&raquo; sub_font_weight=&nbsp;&raquo;bold&nbsp;&raquo; el_class=&nbsp;&raquo;titleshadow margintopcontrat&nbsp;&raquo;][\/vc_column][\/vc_row][vc_row][vc_column][mk_padding_divider size=&nbsp;&raquo;75&Prime;][vc_column_text]Le\u00a0Code Civil du Qu\u00e9bec\u00a0pr\u00e9voit des droits et obligations autant pour les locataires que pour les locateurs d\u2019immeubles r\u00e9sidentiels [&hellip;]<\/p>\n","protected":false},"author":2,"featured_media":0,"parent":10901,"menu_order":0,"comment_status":"open","ping_status":"closed","template":"","meta":{"footnotes":""},"class_list":["post-12867","page","type-page","status-publish","hentry"],"yoast_head":"<!-- This site is optimized with the Yoast SEO plugin v27.0 - https:\/\/yoast.com\/product\/yoast-seo-wordpress\/ -->\n<title>Dispute \u00e0 la r\u00e9gie du logement - Droit immobilier Montr\u00e9al - Schneider Legal<\/title>\n<meta name=\"description\" content=\"Le\u00a0Code Civil du Qu\u00e9bec\u00a0pr\u00e9voit des droits et obligations autant pour les locataires que pour les locateurs d\u2019immeubles r\u00e9sidentiels \u00e0 revenus.\" \/>\n<meta name=\"robots\" content=\"noindex, follow, max-snippet:-1, max-image-preview:large, max-video-preview:-1\" \/>\n<meta property=\"og:locale\" content=\"fr_FR\" \/>\n<meta property=\"og:type\" content=\"article\" \/>\n<meta property=\"og:title\" content=\"Dispute \u00e0 la r\u00e9gie du logement - Droit immobilier Montr\u00e9al - Schneider Legal\" \/>\n<meta property=\"og:description\" content=\"Le\u00a0Code Civil du Qu\u00e9bec\u00a0pr\u00e9voit des droits et obligations autant pour les locataires que pour les locateurs d\u2019immeubles r\u00e9sidentiels \u00e0 revenus.\" \/>\n<meta property=\"og:url\" content=\"https:\/\/staging.schneiderlegal.com\/real-estate-law\/disputes-at-the-rental-board\/\" \/>\n<meta property=\"og:site_name\" content=\"Schneider Legal\" \/>\n<meta property=\"article:modified_time\" content=\"2018-07-19T13:26:45+00:00\" \/>\n<meta name=\"twitter:card\" content=\"summary_large_image\" \/>\n<meta name=\"twitter:label1\" content=\"Est. reading time\" \/>\n\t<meta name=\"twitter:data1\" content=\"6 minutes\" \/>\n<script type=\"application\/ld+json\" class=\"yoast-schema-graph\">{\"@context\":\"https:\/\/schema.org\",\"@graph\":[{\"@type\":\"WebPage\",\"@id\":\"https:\/\/staging.schneiderlegal.com\/real-estate-law\/disputes-at-the-rental-board\/\",\"url\":\"https:\/\/staging.schneiderlegal.com\/real-estate-law\/disputes-at-the-rental-board\/\",\"name\":\"Dispute \u00e0 la r\u00e9gie du logement - Droit immobilier Montr\u00e9al - Schneider Legal\",\"isPartOf\":{\"@id\":\"https:\/\/staging.schneiderlegal.com\/#website\"},\"datePublished\":\"2018-07-11T13:17:55+00:00\",\"dateModified\":\"2018-07-19T13:26:45+00:00\",\"description\":\"Le\u00a0Code Civil du Qu\u00e9bec\u00a0pr\u00e9voit des droits et obligations autant pour les locataires que pour les locateurs d\u2019immeubles r\u00e9sidentiels \u00e0 revenus.\",\"breadcrumb\":{\"@id\":\"https:\/\/staging.schneiderlegal.com\/real-estate-law\/disputes-at-the-rental-board\/#breadcrumb\"},\"inLanguage\":\"fr-FR\",\"potentialAction\":[{\"@type\":\"ReadAction\",\"target\":[\"https:\/\/staging.schneiderlegal.com\/real-estate-law\/disputes-at-the-rental-board\/\"]}]},{\"@type\":\"BreadcrumbList\",\"@id\":\"https:\/\/staging.schneiderlegal.com\/real-estate-law\/disputes-at-the-rental-board\/#breadcrumb\",\"itemListElement\":[{\"@type\":\"ListItem\",\"position\":1,\"name\":\"Home\",\"item\":\"https:\/\/staging.schneiderlegal.com\/fr\/\"},{\"@type\":\"ListItem\",\"position\":2,\"name\":\"DROIT IMMOBILIER\",\"item\":\"https:\/\/staging.schneiderlegal.com\/real-estate-law\/\"},{\"@type\":\"ListItem\",\"position\":3,\"name\":\"DISPUTE A LA R\u00c9GIE DU LOGEMENT\"}]},{\"@type\":\"WebSite\",\"@id\":\"https:\/\/staging.schneiderlegal.com\/#website\",\"url\":\"https:\/\/staging.schneiderlegal.com\/\",\"name\":\"Schneider Legal\",\"description\":\"Real Estate Lawyer Montreal - Estate Lawyer\",\"potentialAction\":[{\"@type\":\"SearchAction\",\"target\":{\"@type\":\"EntryPoint\",\"urlTemplate\":\"https:\/\/staging.schneiderlegal.com\/?s={search_term_string}\"},\"query-input\":{\"@type\":\"PropertyValueSpecification\",\"valueRequired\":true,\"valueName\":\"search_term_string\"}}],\"inLanguage\":\"fr-FR\"}]}<\/script>\n<!-- \/ Yoast SEO plugin. -->","yoast_head_json":{"title":"Dispute \u00e0 la r\u00e9gie du logement - Droit immobilier Montr\u00e9al - Schneider Legal","description":"Le\u00a0Code Civil du Qu\u00e9bec\u00a0pr\u00e9voit des droits et obligations autant pour les locataires que pour les locateurs d\u2019immeubles r\u00e9sidentiels \u00e0 revenus.","robots":{"index":"noindex","follow":"follow","max-snippet":"max-snippet:-1","max-image-preview":"max-image-preview:large","max-video-preview":"max-video-preview:-1"},"og_locale":"fr_FR","og_type":"article","og_title":"Dispute \u00e0 la r\u00e9gie du logement - Droit immobilier Montr\u00e9al - Schneider Legal","og_description":"Le\u00a0Code Civil du Qu\u00e9bec\u00a0pr\u00e9voit des droits et obligations autant pour les locataires que pour les locateurs d\u2019immeubles r\u00e9sidentiels \u00e0 revenus.","og_url":"https:\/\/staging.schneiderlegal.com\/real-estate-law\/disputes-at-the-rental-board\/","og_site_name":"Schneider Legal","article_modified_time":"2018-07-19T13:26:45+00:00","twitter_card":"summary_large_image","twitter_misc":{"Est. reading time":"6 minutes"},"schema":{"@context":"https:\/\/schema.org","@graph":[{"@type":"WebPage","@id":"https:\/\/staging.schneiderlegal.com\/real-estate-law\/disputes-at-the-rental-board\/","url":"https:\/\/staging.schneiderlegal.com\/real-estate-law\/disputes-at-the-rental-board\/","name":"Dispute \u00e0 la r\u00e9gie du logement - Droit immobilier Montr\u00e9al - Schneider Legal","isPartOf":{"@id":"https:\/\/staging.schneiderlegal.com\/#website"},"datePublished":"2018-07-11T13:17:55+00:00","dateModified":"2018-07-19T13:26:45+00:00","description":"Le\u00a0Code Civil du Qu\u00e9bec\u00a0pr\u00e9voit des droits et obligations autant pour les locataires que pour les locateurs d\u2019immeubles r\u00e9sidentiels \u00e0 revenus.","breadcrumb":{"@id":"https:\/\/staging.schneiderlegal.com\/real-estate-law\/disputes-at-the-rental-board\/#breadcrumb"},"inLanguage":"fr-FR","potentialAction":[{"@type":"ReadAction","target":["https:\/\/staging.schneiderlegal.com\/real-estate-law\/disputes-at-the-rental-board\/"]}]},{"@type":"BreadcrumbList","@id":"https:\/\/staging.schneiderlegal.com\/real-estate-law\/disputes-at-the-rental-board\/#breadcrumb","itemListElement":[{"@type":"ListItem","position":1,"name":"Home","item":"https:\/\/staging.schneiderlegal.com\/fr\/"},{"@type":"ListItem","position":2,"name":"DROIT IMMOBILIER","item":"https:\/\/staging.schneiderlegal.com\/real-estate-law\/"},{"@type":"ListItem","position":3,"name":"DISPUTE A LA R\u00c9GIE DU LOGEMENT"}]},{"@type":"WebSite","@id":"https:\/\/staging.schneiderlegal.com\/#website","url":"https:\/\/staging.schneiderlegal.com\/","name":"Schneider Legal","description":"Real Estate Lawyer Montreal - Estate Lawyer","potentialAction":[{"@type":"SearchAction","target":{"@type":"EntryPoint","urlTemplate":"https:\/\/staging.schneiderlegal.com\/?s={search_term_string}"},"query-input":{"@type":"PropertyValueSpecification","valueRequired":true,"valueName":"search_term_string"}}],"inLanguage":"fr-FR"}]}},"_links":{"self":[{"href":"https:\/\/staging.schneiderlegal.com\/fr\/wp-json\/wp\/v2\/pages\/12867","targetHints":{"allow":["GET"]}}],"collection":[{"href":"https:\/\/staging.schneiderlegal.com\/fr\/wp-json\/wp\/v2\/pages"}],"about":[{"href":"https:\/\/staging.schneiderlegal.com\/fr\/wp-json\/wp\/v2\/types\/page"}],"author":[{"embeddable":true,"href":"https:\/\/staging.schneiderlegal.com\/fr\/wp-json\/wp\/v2\/users\/2"}],"replies":[{"embeddable":true,"href":"https:\/\/staging.schneiderlegal.com\/fr\/wp-json\/wp\/v2\/comments?post=12867"}],"version-history":[{"count":4,"href":"https:\/\/staging.schneiderlegal.com\/fr\/wp-json\/wp\/v2\/pages\/12867\/revisions"}],"predecessor-version":[{"id":12918,"href":"https:\/\/staging.schneiderlegal.com\/fr\/wp-json\/wp\/v2\/pages\/12867\/revisions\/12918"}],"up":[{"embeddable":true,"href":"https:\/\/staging.schneiderlegal.com\/fr\/wp-json\/wp\/v2\/pages\/10901"}],"wp:attachment":[{"href":"https:\/\/staging.schneiderlegal.com\/fr\/wp-json\/wp\/v2\/media?parent=12867"}],"curies":[{"name":"wp","href":"https:\/\/api.w.org\/{rel}","templated":true}]}}