{"id":12866,"date":"2018-07-11T09:23:42","date_gmt":"2018-07-11T13:23:42","guid":{"rendered":"https:\/\/staging.schneiderlegal.com\/fr\/droit-immobilier\/solutions-and-legal-proceedings-if-you-are-a-tenant\/"},"modified":"2018-07-19T09:26:51","modified_gmt":"2018-07-19T13:26:51","slug":"solutions-et-procedures-judiciaires-si-vous-etes-locataire","status":"publish","type":"page","link":"https:\/\/staging.schneiderlegal.com\/fr\/droit-immobilier\/solutions-et-procedures-judiciaires-si-vous-etes-locataire\/","title":{"rendered":"Solutions et proc\u00e9dures judiciaires si vous \u00eates locataire"},"content":{"rendered":"[vc_row fullwidth=&nbsp;&raquo;true&nbsp;&raquo; css=&nbsp;&raquo;.vc_custom_1466444759232{border-bottom-width: 2px !important;padding-top: 0px !important;padding-right: 0px !important;padding-bottom: 0px !important;padding-left: 0px !important;border-bottom-color: #568db6 !important;border-bottom-style: solid !important;}&nbsp;&raquo;][vc_column][mk_page_title_box page_title=&nbsp;&raquo;Solutions et proc\u00e9dures judiciaires si vous \u00eates locataire&nbsp;&raquo; section_height=&nbsp;&raquo;300&Prime; bg_image=&nbsp;&raquo;https:\/\/staging.schneiderlegal.com\/wp-content\/uploads\/2016\/07\/photodune-304484-condos-m.jpg&nbsp;&raquo; bg_position=&nbsp;&raquo;center center&nbsp;&raquo; bg_stretch=&nbsp;&raquo;true&nbsp;&raquo; font_size=&nbsp;&raquo;40&Prime; font_color=&nbsp;&raquo;#ffffff&nbsp;&raquo; font_weight=&nbsp;&raquo;bold&nbsp;&raquo; underline=&nbsp;&raquo;false&nbsp;&raquo; sub_font_size=&nbsp;&raquo;20&Prime; sub_font_color=&nbsp;&raquo;#ffffff&nbsp;&raquo; sub_font_weight=&nbsp;&raquo;bold&nbsp;&raquo; el_class=&nbsp;&raquo;titleshadow margintopcontrat&nbsp;&raquo;][\/vc_column][\/vc_row][vc_row][vc_column][mk_padding_divider size=&nbsp;&raquo;75&Prime;][vc_column_text]Il est important de se rappeler que la premi\u00e8re \u00e9tape recommand\u00e9e avant d&rsquo;entamer une proc\u00e9dure judiciaire est toujours de consulter un avocat. Un avocat sera en mesure de vous guider \u00e0 travers vos options de recours juridiques et les nombreuses proc\u00e9dures. En outre, un avocat peut vous aider \u00e0 r\u00e9diger une lettre de mise en demeure, qui est une condition pr\u00e9alable \u00e0 l&rsquo;introduction de toute proc\u00e9dure judiciaire \u00e0 la R\u00e9gie du logement. En effet, la lettre de mise en demeure constitue un \u00e9l\u00e9ment de l&rsquo;obligation du locataire d&rsquo;att\u00e9nuer et de mitiger les dommages.\u00a0Il convient \u00e9galement de noter que la relation entre les locateurs et les locataires en est une de r\u00e9ciprocit\u00e9. En d&rsquo;autres termes, vos droits en tant que locataire correspondront aux obligations du locateur et vice-versa. Par cons\u00e9quent, il est recommand\u00e9 de visiter nos deux pages web concernant les <a href=\"https:\/\/staging.schneiderlegal.com\/fr\/droit-immobilier\/obligations-du-locateur\/\"><u>droits et obligations du locateur<\/u><\/a> et les <a href=\"https:\/\/staging.schneiderlegal.com\/fr\/droit-immobilier\/obligations-du-locataire\/\"><u>droits et obligations du locataire<\/u><\/a>\u00a0pour appr\u00e9cier la nature et l&rsquo;\u00e9tendue de la relation locateur-locataire.<\/p>\n<p>Cliquez ici pour lire l&rsquo;article <a href=\"https:\/\/staging.schneiderlegal.com\/wp-content\/uploads\/2016\/07\/Real-estate-Residential-disputes-Gazette-article.pdf\">Investir dans la relation locateur-locataire<\/a> (anglais seulement)<\/p>\n<p>Un avocat sera \u00e9galement en mesure de vous aider \u00e0 exercer vos droits en intentant certains recours tels que, mais sans s&rsquo;y limiter :<\/p>\n<ol>\n<li><a href=\"#execution\">Ex\u00e9cution forc\u00e9e de l\u2019obligation en nature en raison de l\u2019\u00e9chec du locateur de s\u2019acquitter de ses devoirs et obligations;<\/a><\/li>\n<li><a href=\"#loyer\">R\u00e9duction du loyer ;<\/a><\/li>\n<li><a href=\"#bail\">R\u00e9siliation le bail ;<\/a><\/li>\n<li><a href=\"#dommage\">R\u00e9clamation des dommages-int\u00e9r\u00eats de nature morale, mat\u00e9riel et\/ou punitifs ;<\/a><\/li>\n<li><a href=\"#reparation\">Autorisation de la R\u00e9gie du logement pour effectuer les r\u00e9parations soi-m\u00eame ; et<\/a><\/li>\n<li><a href=\"#abandon\">Abandon du logement si le logement est impropre \u00e0 l&rsquo;habitation.<\/a><\/li>\n<\/ol>\n<p>&nbsp;<\/p>\n<ol>\n<li id=\"execution\"><u>Ex\u00e9cution en nature d&rsquo;une obligation <\/u><\/li>\n<\/ol>\n<p>La R\u00e9gie du logement peut ordonner \u00e0 un locateur de remplir ses obligations au lieu d&rsquo;ordonner la r\u00e9siliation du bail ou une r\u00e9duction de loyer. Un tel jugement, s\u2019il est accord\u00e9, est obligatoire, et le propri\u00e9taire doit le respecter. A d\u00e9faut, une r\u00e9duction du loyer ou la r\u00e9siliation du bail peut \u00eatre accord\u00e9e par la R\u00e9gie du logement en plus d&rsquo;une indemnisation pour les dommages subis.<\/p>\n<ol start=\"2\">\n<li id=\"loyer\"><u>R\u00e9duction du loyer<\/u><\/li>\n<\/ol>\n<p>La R\u00e9gie du logement peut ordonner au locateur de r\u00e9duire le loyer si le locataire a \u00e9t\u00e9 priv\u00e9 de sa <a href=\"https:\/\/staging.schneiderlegal.com\/fr\/droit-immobilier\/la-jouissance-paisible-du-logement\/\"><u>jouissance paisible des lieux lou\u00e9s<\/u><\/a>. Une privation de la jouissance paisible des lieux lou\u00e9s peut prendre la forme <a href=\"https:\/\/staging.schneiderlegal.com\/fr\/droit-immobilier\/infestations\/\"><u>d&rsquo;infestations<\/u><\/a>, de <a href=\"https:\/\/staging.schneiderlegal.com\/fr\/droit-immobilier\/harcelement\/\"><u>harc\u00e8lement<\/u><\/a>, de mauvais entretien, d&rsquo;absence de chauffage, d&rsquo;odeurs naus\u00e9abondes, de perte ou d&rsquo;absence de commodit\u00e9s, de services, d&rsquo;espace, etc.<\/p>\n<p>Une r\u00e9duction du loyer ne sera accord\u00e9e que si le locataire peut prouver une r\u00e9duction r\u00e9elle et significative de la valeur locative du logement qui d\u00e9coule de la d\u00e9gradation du logement et\/ou d&rsquo;une violation d\u2019une obligation par le locateur.<\/p>\n<p>Un simple inconv\u00e9nient ne justifiera pas une r\u00e9duction du loyer. Il doit y avoir une nuisance importante et objective pour qu\u2019il y ait compensation.<\/p>\n<ol start=\"3\">\n<li id=\"bail\"><u>R\u00e9siliation du bail<\/u><\/li>\n<\/ol>\n<p>Le locataire ne peut unilat\u00e9ralement d\u00e9cider de r\u00e9silier un bail. Il est partie \u00e0 un contrat qui se termine \u00e0 la date sp\u00e9cifi\u00e9e dans le bail. S&rsquo;il n&rsquo;y a pas de bail, un pr\u00e9avis de 1 mois doit \u00eatre donn\u00e9 pour r\u00e9silier le bail.<\/p>\n<p>Toutefois, un locataire peut d\u00e9poser une demande aupr\u00e8s de la R\u00e9gie du logement et demander que le bail soit r\u00e9sili\u00e9 si le locateur ne respecte pas ses obligations, et que ce manquement cause un pr\u00e9judice s\u00e9rieux au locataire, tel que la perte de la jouissance paisible de son logement.<\/p>\n<p>Cependant, un tel recours est \u00e0 la discr\u00e9tion de la R\u00e9gie du logement, qui peut d\u00e9cider d&rsquo;ordonner l&rsquo;ex\u00e9cution en nature d&rsquo;une obligation du locateur ou une r\u00e9duction du loyer au lieu d&rsquo;accorder la r\u00e9siliation du bail en vertu de l&rsquo;article 1973 du <em>Code civil du Qu\u00e9bec<\/em>.<\/p>\n<ol start=\"4\">\n<li id=\"dommage\"><u>Dommages compensatoires et\/ou punitifs<\/u><\/li>\n<\/ol>\n<p>Un locataire peut demander \u00e0 la R\u00e9gie du logement d&rsquo;ordonner au locateur de payer des dommages-int\u00e9r\u00eats, de nature morale, mat\u00e9riel, ou punitif, en plus de tout autre rem\u00e8de applicable, s&rsquo;il peut \u00e9tablir une violation des obligations du locateur, un pr\u00e9judice subi et un lien de causalit\u00e9. Le pr\u00e9judice subi doit donc \u00eatre la cons\u00e9quence directe et imm\u00e9diate de l&rsquo;acte fautif du locateur.<\/p>\n<p>Des dommages-int\u00e9r\u00eats punitifs peuvent \u00eatre accord\u00e9s si le locataire peut prouver le caract\u00e8re intentionnel du manquement de la part du locateur \u00e0 ses obligations. L&rsquo;accent n&rsquo;est pas mis sur la gravit\u00e9 de la violation, mais sur le caract\u00e8re intentionnel de la faute. Le tribunal doit \u00eatre certain du caract\u00e8re intentionnel de la faute, de la connaissance des cons\u00e9quences et des r\u00e8gles enfreintes par le locateur.<\/p>\n<p>La simple n\u00e9gligence est insuffisante pour justifier des dommages-int\u00e9r\u00eats punitifs, mais le non-respect intentionnel des droits du locataire peut entra\u00eener des dommages-int\u00e9r\u00eats punitifs. Les dommages-int\u00e9r\u00eats punitifs sont le plus souvent constat\u00e9s dans les cas de <a href=\"https:\/\/staging.schneiderlegal.com\/fr\/droit-immobilier\/harcelement\/\"><u>harc\u00e8lement<\/u><\/a>\u00a0par le locateur pour inciter un locataire \u00e0 quitter son logement.<\/p>\n<ol start=\"5\">\n<li id=\"reparation\"><u>Autorisation du bureau de location pour effectuer les r\u00e9parations n\u00e9cessaires<\/u><\/li>\n<\/ol>\n<p>Il est \u00e9galement possible d\u2019obtenir la permission de la R\u00e9gie du logement pour entreprendre les r\u00e9parations n\u00e9cessaires dans le logement si l&rsquo;inaction du locateur aggrave la situation.<\/p>\n<ol start=\"6\">\n<li id=\"abandon\"><u>Abandon du logement<\/u><\/li>\n<\/ol>\n<p>Un locataire peut abandonner son logement s&rsquo;il devient impropre \u00e0 l&rsquo;habitation apr\u00e8s avoir inform\u00e9 le locateur de l&rsquo;\u00e9tat du logement, avant de l&rsquo;abandonner ou dans les 10 jours suivants l\u2019abandon. En cas d&rsquo;abandon et de pr\u00e9avis suffisant, un locataire sera exempt\u00e9 de payer le loyer pour la p\u00e9riode pendant laquelle son logement est impropre \u00e0 l&rsquo;habitation, \u00e0 moins que l&rsquo;\u00e9tat inhabitable du logement ne r\u00e9sulte de sa propre faute.[\/vc_column_text][mk_divider style=&nbsp;&raquo;shadow_line&nbsp;&raquo; margin_bottom=&nbsp;&raquo;50&Prime;][vc_column_text]Si vous recherchez un cabinet d\u2019avocat qui propose des honoraires raisonnables, un traitement rapide et efficace de vos dossiers et un suivi personnalis\u00e9 et efficace, n\u2019h\u00e9sitez pas \u00e0 communiquer avec Schneider Avocats au (514) 439-1322 ext. 112 ou par courriel \u00e0 l\u2019adresse : <a href=\"mailto:info@schneiderlegal.com\">info@schneiderlegal.com<\/a>[\/vc_column_text][mk_divider style=&nbsp;&raquo;shadow_line&nbsp;&raquo; margin_bottom=&nbsp;&raquo;50&Prime;][vc_column_text]\n<p style=\"text-align: justify; font-size: 10px;\"><i><span lang=\"FR-CA\">Le processus pr\u00e9sent\u00e9 ci-dessus ne constitue qu\u2019un outil de r\u00e9f\u00e9rence et ne comporte aucune garantie relative \u00e0 votre dossier. Nous vous recommandons fortement de recourir aux conseils juridiques d\u2019un avocat, membre en r\u00e8gle du Barreau du Qu\u00e9bec. Les particularit\u00e9s propres \u00e0 chaque cas d\u2019esp\u00e8ce doivent faire l\u2019objet d\u2019une analyse exhaustive puisque le processus peut s\u2019av\u00e9rer complexe et techniquement difficile.<\/span><\/i><\/p>\n[\/vc_column_text][mk_padding_divider][\/vc_column][\/vc_row]\n","protected":false},"excerpt":{"rendered":"<p>[vc_row fullwidth=&nbsp;&raquo;true&nbsp;&raquo; css=&nbsp;&raquo;.vc_custom_1466444759232{border-bottom-width: 2px !important;padding-top: 0px !important;padding-right: 0px !important;padding-bottom: 0px !important;padding-left: 0px !important;border-bottom-color: #568db6 !important;border-bottom-style: solid !important;}&nbsp;&raquo;][vc_column][mk_page_title_box page_title=&nbsp;&raquo;Solutions et proc\u00e9dures judiciaires si vous \u00eates locataire&nbsp;&raquo; section_height=&nbsp;&raquo;300&Prime; bg_image=&nbsp;&raquo;https:\/\/staging.schneiderlegal.com\/wp-content\/uploads\/2016\/07\/photodune-304484-condos-m.jpg&nbsp;&raquo; bg_position=&nbsp;&raquo;center center&nbsp;&raquo; bg_stretch=&nbsp;&raquo;true&nbsp;&raquo; font_size=&nbsp;&raquo;40&Prime; font_color=&nbsp;&raquo;#ffffff&nbsp;&raquo; font_weight=&nbsp;&raquo;bold&nbsp;&raquo; underline=&nbsp;&raquo;false&nbsp;&raquo; sub_font_size=&nbsp;&raquo;20&Prime; sub_font_color=&nbsp;&raquo;#ffffff&nbsp;&raquo; sub_font_weight=&nbsp;&raquo;bold&nbsp;&raquo; el_class=&nbsp;&raquo;titleshadow margintopcontrat&nbsp;&raquo;][\/vc_column][\/vc_row][vc_row][vc_column][mk_padding_divider size=&nbsp;&raquo;75&Prime;][vc_column_text]Il est important de se rappeler que la premi\u00e8re \u00e9tape recommand\u00e9e avant d&rsquo;entamer une proc\u00e9dure judiciaire [&hellip;]<\/p>\n","protected":false},"author":2,"featured_media":0,"parent":10901,"menu_order":0,"comment_status":"open","ping_status":"closed","template":"","meta":{"footnotes":""},"class_list":["post-12866","page","type-page","status-publish","hentry"],"yoast_head":"<!-- This site is optimized with the Yoast SEO plugin v27.0 - https:\/\/yoast.com\/product\/yoast-seo-wordpress\/ -->\n<title>Solutions et proc\u00e9dures judiciaires si vous \u00eates locataire - Schneider Legal<\/title>\n<meta name=\"description\" content=\"Il est important de se rappeler que la premi\u00e8re \u00e9tape recommand\u00e9e avant d&#039;entamer une proc\u00e9dure judiciaire est toujours de consulter un avocat.\" \/>\n<meta name=\"robots\" content=\"noindex, follow, max-snippet:-1, max-image-preview:large, max-video-preview:-1\" \/>\n<meta property=\"og:locale\" content=\"fr_FR\" \/>\n<meta property=\"og:type\" content=\"article\" \/>\n<meta property=\"og:title\" content=\"Solutions et proc\u00e9dures judiciaires si vous \u00eates locataire - Schneider Legal\" \/>\n<meta property=\"og:description\" content=\"Il est important de se rappeler que la premi\u00e8re \u00e9tape recommand\u00e9e avant d&#039;entamer une proc\u00e9dure judiciaire est toujours de consulter un avocat.\" \/>\n<meta property=\"og:url\" content=\"https:\/\/staging.schneiderlegal.com\/real-estate-law\/solutions-and-legal-proceedings-if-you-are-a-tenant\/\" \/>\n<meta property=\"og:site_name\" content=\"Schneider Legal\" \/>\n<meta property=\"article:modified_time\" content=\"2018-07-19T13:26:51+00:00\" \/>\n<meta name=\"twitter:card\" content=\"summary_large_image\" \/>\n<meta name=\"twitter:label1\" content=\"Est. reading time\" \/>\n\t<meta name=\"twitter:data1\" content=\"6 minutes\" \/>\n<script type=\"application\/ld+json\" class=\"yoast-schema-graph\">{\"@context\":\"https:\/\/schema.org\",\"@graph\":[{\"@type\":\"WebPage\",\"@id\":\"https:\/\/staging.schneiderlegal.com\/real-estate-law\/solutions-and-legal-proceedings-if-you-are-a-tenant\/\",\"url\":\"https:\/\/staging.schneiderlegal.com\/real-estate-law\/solutions-and-legal-proceedings-if-you-are-a-tenant\/\",\"name\":\"Solutions et proc\u00e9dures judiciaires si vous \u00eates locataire - Schneider Legal\",\"isPartOf\":{\"@id\":\"https:\/\/staging.schneiderlegal.com\/#website\"},\"datePublished\":\"2018-07-11T13:23:42+00:00\",\"dateModified\":\"2018-07-19T13:26:51+00:00\",\"description\":\"Il est important de se rappeler que la premi\u00e8re \u00e9tape recommand\u00e9e avant d'entamer une proc\u00e9dure judiciaire est toujours de consulter un avocat.\",\"breadcrumb\":{\"@id\":\"https:\/\/staging.schneiderlegal.com\/real-estate-law\/solutions-and-legal-proceedings-if-you-are-a-tenant\/#breadcrumb\"},\"inLanguage\":\"fr-FR\",\"potentialAction\":[{\"@type\":\"ReadAction\",\"target\":[\"https:\/\/staging.schneiderlegal.com\/real-estate-law\/solutions-and-legal-proceedings-if-you-are-a-tenant\/\"]}]},{\"@type\":\"BreadcrumbList\",\"@id\":\"https:\/\/staging.schneiderlegal.com\/real-estate-law\/solutions-and-legal-proceedings-if-you-are-a-tenant\/#breadcrumb\",\"itemListElement\":[{\"@type\":\"ListItem\",\"position\":1,\"name\":\"Home\",\"item\":\"https:\/\/staging.schneiderlegal.com\/fr\/\"},{\"@type\":\"ListItem\",\"position\":2,\"name\":\"DROIT IMMOBILIER\",\"item\":\"https:\/\/staging.schneiderlegal.com\/real-estate-law\/\"},{\"@type\":\"ListItem\",\"position\":3,\"name\":\"Solutions et proc\u00e9dures judiciaires si vous \u00eates locataire\"}]},{\"@type\":\"WebSite\",\"@id\":\"https:\/\/staging.schneiderlegal.com\/#website\",\"url\":\"https:\/\/staging.schneiderlegal.com\/\",\"name\":\"Schneider Legal\",\"description\":\"Real Estate Lawyer Montreal - Estate Lawyer\",\"potentialAction\":[{\"@type\":\"SearchAction\",\"target\":{\"@type\":\"EntryPoint\",\"urlTemplate\":\"https:\/\/staging.schneiderlegal.com\/?s={search_term_string}\"},\"query-input\":{\"@type\":\"PropertyValueSpecification\",\"valueRequired\":true,\"valueName\":\"search_term_string\"}}],\"inLanguage\":\"fr-FR\"}]}<\/script>\n<!-- \/ Yoast SEO plugin. -->","yoast_head_json":{"title":"Solutions et proc\u00e9dures judiciaires si vous \u00eates locataire - Schneider Legal","description":"Il est important de se rappeler que la premi\u00e8re \u00e9tape recommand\u00e9e avant d'entamer une proc\u00e9dure judiciaire est toujours de consulter un avocat.","robots":{"index":"noindex","follow":"follow","max-snippet":"max-snippet:-1","max-image-preview":"max-image-preview:large","max-video-preview":"max-video-preview:-1"},"og_locale":"fr_FR","og_type":"article","og_title":"Solutions et proc\u00e9dures judiciaires si vous \u00eates locataire - Schneider Legal","og_description":"Il est important de se rappeler que la premi\u00e8re \u00e9tape recommand\u00e9e avant d'entamer une proc\u00e9dure judiciaire est toujours de consulter un avocat.","og_url":"https:\/\/staging.schneiderlegal.com\/real-estate-law\/solutions-and-legal-proceedings-if-you-are-a-tenant\/","og_site_name":"Schneider Legal","article_modified_time":"2018-07-19T13:26:51+00:00","twitter_card":"summary_large_image","twitter_misc":{"Est. reading time":"6 minutes"},"schema":{"@context":"https:\/\/schema.org","@graph":[{"@type":"WebPage","@id":"https:\/\/staging.schneiderlegal.com\/real-estate-law\/solutions-and-legal-proceedings-if-you-are-a-tenant\/","url":"https:\/\/staging.schneiderlegal.com\/real-estate-law\/solutions-and-legal-proceedings-if-you-are-a-tenant\/","name":"Solutions et proc\u00e9dures judiciaires si vous \u00eates locataire - Schneider Legal","isPartOf":{"@id":"https:\/\/staging.schneiderlegal.com\/#website"},"datePublished":"2018-07-11T13:23:42+00:00","dateModified":"2018-07-19T13:26:51+00:00","description":"Il est important de se rappeler que la premi\u00e8re \u00e9tape recommand\u00e9e avant d'entamer une proc\u00e9dure judiciaire est toujours de consulter un avocat.","breadcrumb":{"@id":"https:\/\/staging.schneiderlegal.com\/real-estate-law\/solutions-and-legal-proceedings-if-you-are-a-tenant\/#breadcrumb"},"inLanguage":"fr-FR","potentialAction":[{"@type":"ReadAction","target":["https:\/\/staging.schneiderlegal.com\/real-estate-law\/solutions-and-legal-proceedings-if-you-are-a-tenant\/"]}]},{"@type":"BreadcrumbList","@id":"https:\/\/staging.schneiderlegal.com\/real-estate-law\/solutions-and-legal-proceedings-if-you-are-a-tenant\/#breadcrumb","itemListElement":[{"@type":"ListItem","position":1,"name":"Home","item":"https:\/\/staging.schneiderlegal.com\/fr\/"},{"@type":"ListItem","position":2,"name":"DROIT IMMOBILIER","item":"https:\/\/staging.schneiderlegal.com\/real-estate-law\/"},{"@type":"ListItem","position":3,"name":"Solutions et proc\u00e9dures judiciaires si vous \u00eates locataire"}]},{"@type":"WebSite","@id":"https:\/\/staging.schneiderlegal.com\/#website","url":"https:\/\/staging.schneiderlegal.com\/","name":"Schneider Legal","description":"Real Estate Lawyer Montreal - Estate Lawyer","potentialAction":[{"@type":"SearchAction","target":{"@type":"EntryPoint","urlTemplate":"https:\/\/staging.schneiderlegal.com\/?s={search_term_string}"},"query-input":{"@type":"PropertyValueSpecification","valueRequired":true,"valueName":"search_term_string"}}],"inLanguage":"fr-FR"}]}},"_links":{"self":[{"href":"https:\/\/staging.schneiderlegal.com\/fr\/wp-json\/wp\/v2\/pages\/12866","targetHints":{"allow":["GET"]}}],"collection":[{"href":"https:\/\/staging.schneiderlegal.com\/fr\/wp-json\/wp\/v2\/pages"}],"about":[{"href":"https:\/\/staging.schneiderlegal.com\/fr\/wp-json\/wp\/v2\/types\/page"}],"author":[{"embeddable":true,"href":"https:\/\/staging.schneiderlegal.com\/fr\/wp-json\/wp\/v2\/users\/2"}],"replies":[{"embeddable":true,"href":"https:\/\/staging.schneiderlegal.com\/fr\/wp-json\/wp\/v2\/comments?post=12866"}],"version-history":[{"count":7,"href":"https:\/\/staging.schneiderlegal.com\/fr\/wp-json\/wp\/v2\/pages\/12866\/revisions"}],"predecessor-version":[{"id":12934,"href":"https:\/\/staging.schneiderlegal.com\/fr\/wp-json\/wp\/v2\/pages\/12866\/revisions\/12934"}],"up":[{"embeddable":true,"href":"https:\/\/staging.schneiderlegal.com\/fr\/wp-json\/wp\/v2\/pages\/10901"}],"wp:attachment":[{"href":"https:\/\/staging.schneiderlegal.com\/fr\/wp-json\/wp\/v2\/media?parent=12866"}],"curies":[{"name":"wp","href":"https:\/\/api.w.org\/{rel}","templated":true}]}}