{"id":12859,"date":"2018-07-11T09:44:16","date_gmt":"2018-07-11T13:44:16","guid":{"rendered":"https:\/\/staging.schneiderlegal.com\/fr\/droit-immobilier\/neighborhood-annoyances\/"},"modified":"2018-07-19T09:27:40","modified_gmt":"2018-07-19T13:27:40","slug":"trouble-de-voisinage","status":"publish","type":"page","link":"https:\/\/staging.schneiderlegal.com\/fr\/droit-immobilier\/trouble-de-voisinage\/","title":{"rendered":"Trouble de voisinage"},"content":{"rendered":"[vc_row fullwidth=&nbsp;&raquo;true&nbsp;&raquo; css=&nbsp;&raquo;.vc_custom_1466444759232{border-bottom-width: 2px !important;padding-top: 0px !important;padding-right: 0px !important;padding-bottom: 0px !important;padding-left: 0px !important;border-bottom-color: #568db6 !important;border-bottom-style: solid !important;}&nbsp;&raquo;][vc_column][mk_page_title_box page_title=&nbsp;&raquo;Trouble de voisinage&nbsp;&raquo; section_height=&nbsp;&raquo;300&Prime; bg_image=&nbsp;&raquo;https:\/\/staging.schneiderlegal.com\/wp-content\/uploads\/2016\/07\/photodune-304484-condos-m.jpg&nbsp;&raquo; bg_position=&nbsp;&raquo;center center&nbsp;&raquo; bg_stretch=&nbsp;&raquo;true&nbsp;&raquo; font_size=&nbsp;&raquo;40&Prime; font_color=&nbsp;&raquo;#ffffff&nbsp;&raquo; font_weight=&nbsp;&raquo;bold&nbsp;&raquo; underline=&nbsp;&raquo;false&nbsp;&raquo; sub_font_size=&nbsp;&raquo;20&Prime; sub_font_color=&nbsp;&raquo;#ffffff&nbsp;&raquo; sub_font_weight=&nbsp;&raquo;bold&nbsp;&raquo; el_class=&nbsp;&raquo;titleshadow margintopcontrat&nbsp;&raquo;][\/vc_column][\/vc_row][vc_row][vc_column][mk_padding_divider size=&nbsp;&raquo;75&Prime;][vc_column_text]En vertu de l&rsquo;article 976 du Code civil du Qu\u00e9bec, un voisin doit tol\u00e9rer les inconv\u00e9nients normaux de son voisinage. Cependant, il arrive que les agissements d&rsquo;un voisin affectent les droits du voisinage en allant au-del\u00e0 des limites de la tol\u00e9rance raisonnable.<\/p>\n<p>Il est alors n\u00e9cessaire de consid\u00e9rer les principaux facteurs qui modifient la nature de ce qui constitue le comportement &laquo;&nbsp;raisonnable&nbsp;&raquo; d&rsquo;un voisin et les &laquo;&nbsp;inconv\u00e9nients normaux&nbsp;&raquo;. En effet, d\u00e9pendamment du lieu d&rsquo;habitation et des usages qu&rsquo;on y trouve, un m\u00eame comportement sera appr\u00e9ci\u00e9 diff\u00e9remment. Par exemple, il peut \u00eatre &laquo;&nbsp;normal&nbsp;&raquo; d&rsquo;entendre le coq de son voisin chanter t\u00f4t le matin dans un milieu rural, mais le m\u00eame chant en plein centre-ville de Montr\u00e9al pourrait \u00eatre consid\u00e9r\u00e9 comme un inconv\u00e9nient anormal.<\/p>\n<p>Il est toujours pr\u00e9f\u00e9rable d&rsquo;essayer de r\u00e9gler amicalement tout diff\u00e9rend de voisinage m\u00eame si vous ne vous entendez pas avec votre voisin. Toutefois, si vous ne parvenez pas \u00e0 conclure un accord mutuellement avantageux, la premi\u00e8re \u00e9tape consiste \u00e0 envoyer une lettre de mise en demeure afin d&rsquo;obliger votre voisin \u00e0 se conformer \u00e0 ses obligations l\u00e9gales. Cela peut inclure, entre autres, la cessation d&rsquo;un comportement pr\u00e9judiciable, l&rsquo;octroi d&rsquo;une indemnisation pour le non-respect de vos demandes, etc.<\/p>\n<p>Si votre voisin ne se conforme pas \u00e0 vos exigences et persiste dans son d\u00e9faut, vous pouvez saisir le tribunal via une action civile et demander la protection et l&rsquo;ex\u00e9cution de vos droits, ce qui pourrait \u00eatre obtenu par biais d&rsquo;une ordonnance de sauvegarde, for\u00e7ant votre voisin d&rsquo;arr\u00eater l&rsquo;action qui a caus\u00e9 le conflit ou de le forcer \u00e0 rem\u00e9dier \u00e0 la situation le plus rapidement possible.<\/p>\n<p>Dans le cas o\u00f9 il n&rsquo;y a pas d&rsquo;urgence concernant le litige, vous pouvez d\u00e9poser une demande en dommages-int\u00e9r\u00eats et\/ou en r\u00e9duction de loyer pour obtenir une indemnisation pour le pr\u00e9judice que vous avez subi.[\/vc_column_text][mk_divider style=&nbsp;&raquo;shadow_line&nbsp;&raquo; margin_bottom=&nbsp;&raquo;50&Prime;][vc_column_text]Si vous recherchez un cabinet d\u2019avocat qui propose des honoraires raisonnables, un traitement rapide et efficace de vos dossiers et un suivi personnalis\u00e9 et efficace, n\u2019h\u00e9sitez pas \u00e0 communiquer avec Schneider Avocats au (514) 439-1322 ext. 112 ou par courriel \u00e0 l\u2019adresse : <a href=\"mailto:info@schneiderlegal.com\">info@schneiderlegal.com<\/a>[\/vc_column_text][mk_divider style=&nbsp;&raquo;shadow_line&nbsp;&raquo; margin_bottom=&nbsp;&raquo;50&Prime;][vc_column_text]\n<p style=\"text-align: justify; font-size: 10px;\"><i><span lang=\"FR-CA\">Le processus pr\u00e9sent\u00e9 ci-dessus ne constitue qu\u2019un outil de r\u00e9f\u00e9rence et ne comporte aucune garantie relative \u00e0 votre dossier. Nous vous recommandons fortement de recourir aux conseils juridiques d\u2019un avocat, membre en r\u00e8gle du Barreau du Qu\u00e9bec. Les particularit\u00e9s propres \u00e0 chaque cas d\u2019esp\u00e8ce doivent faire l\u2019objet d\u2019une analyse exhaustive puisque le processus peut s\u2019av\u00e9rer complexe et techniquement difficile.<\/span><\/i><\/p>\n[\/vc_column_text][mk_padding_divider][\/vc_column][\/vc_row]\n","protected":false},"excerpt":{"rendered":"<p>[vc_row fullwidth=&nbsp;&raquo;true&nbsp;&raquo; css=&nbsp;&raquo;.vc_custom_1466444759232{border-bottom-width: 2px !important;padding-top: 0px !important;padding-right: 0px !important;padding-bottom: 0px !important;padding-left: 0px !important;border-bottom-color: #568db6 !important;border-bottom-style: solid !important;}&nbsp;&raquo;][vc_column][mk_page_title_box page_title=&nbsp;&raquo;Trouble de voisinage&nbsp;&raquo; section_height=&nbsp;&raquo;300&Prime; bg_image=&nbsp;&raquo;https:\/\/staging.schneiderlegal.com\/wp-content\/uploads\/2016\/07\/photodune-304484-condos-m.jpg&nbsp;&raquo; bg_position=&nbsp;&raquo;center center&nbsp;&raquo; bg_stretch=&nbsp;&raquo;true&nbsp;&raquo; font_size=&nbsp;&raquo;40&Prime; font_color=&nbsp;&raquo;#ffffff&nbsp;&raquo; font_weight=&nbsp;&raquo;bold&nbsp;&raquo; underline=&nbsp;&raquo;false&nbsp;&raquo; sub_font_size=&nbsp;&raquo;20&Prime; sub_font_color=&nbsp;&raquo;#ffffff&nbsp;&raquo; sub_font_weight=&nbsp;&raquo;bold&nbsp;&raquo; el_class=&nbsp;&raquo;titleshadow margintopcontrat&nbsp;&raquo;][\/vc_column][\/vc_row][vc_row][vc_column][mk_padding_divider size=&nbsp;&raquo;75&Prime;][vc_column_text]En vertu de l&rsquo;article 976 du Code civil du Qu\u00e9bec, un voisin doit tol\u00e9rer les inconv\u00e9nients normaux de son voisinage. Cependant, [&hellip;]<\/p>\n","protected":false},"author":2,"featured_media":0,"parent":10901,"menu_order":0,"comment_status":"open","ping_status":"closed","template":"","meta":{"footnotes":""},"class_list":["post-12859","page","type-page","status-publish","hentry"],"yoast_head":"<!-- This site is optimized with the Yoast SEO plugin v27.0 - https:\/\/yoast.com\/product\/yoast-seo-wordpress\/ -->\n<title>Trouble de voisinage - Droit immobilier Montr\u00e9al - Schneider Legal<\/title>\n<meta name=\"description\" content=\"En vertu de l&#039;article 976 du Code civil du Qu\u00e9bec, un voisin doit tol\u00e9rer les inconv\u00e9nients normaux de son voisinage.\" \/>\n<meta name=\"robots\" content=\"noindex, follow, max-snippet:-1, max-image-preview:large, max-video-preview:-1\" \/>\n<meta property=\"og:locale\" content=\"fr_FR\" \/>\n<meta property=\"og:type\" content=\"article\" \/>\n<meta property=\"og:title\" content=\"Trouble de voisinage - Droit immobilier Montr\u00e9al - Schneider Legal\" \/>\n<meta property=\"og:description\" content=\"En vertu de l&#039;article 976 du Code civil du Qu\u00e9bec, un voisin doit tol\u00e9rer les inconv\u00e9nients normaux de son voisinage.\" \/>\n<meta property=\"og:url\" content=\"https:\/\/staging.schneiderlegal.com\/real-estate-law\/neighborhood-annoyances\/\" \/>\n<meta property=\"og:site_name\" content=\"Schneider Legal\" \/>\n<meta property=\"article:modified_time\" content=\"2018-07-19T13:27:40+00:00\" \/>\n<meta name=\"twitter:card\" content=\"summary_large_image\" \/>\n<meta name=\"twitter:label1\" content=\"Est. reading time\" \/>\n\t<meta name=\"twitter:data1\" content=\"3 minutes\" \/>\n<script type=\"application\/ld+json\" class=\"yoast-schema-graph\">{\"@context\":\"https:\/\/schema.org\",\"@graph\":[{\"@type\":\"WebPage\",\"@id\":\"https:\/\/staging.schneiderlegal.com\/real-estate-law\/neighborhood-annoyances\/\",\"url\":\"https:\/\/staging.schneiderlegal.com\/real-estate-law\/neighborhood-annoyances\/\",\"name\":\"Trouble de voisinage - Droit immobilier Montr\u00e9al - Schneider Legal\",\"isPartOf\":{\"@id\":\"https:\/\/staging.schneiderlegal.com\/#website\"},\"datePublished\":\"2018-07-11T13:44:16+00:00\",\"dateModified\":\"2018-07-19T13:27:40+00:00\",\"description\":\"En vertu de l'article 976 du Code civil du Qu\u00e9bec, un voisin doit tol\u00e9rer les inconv\u00e9nients normaux de son voisinage.\",\"breadcrumb\":{\"@id\":\"https:\/\/staging.schneiderlegal.com\/real-estate-law\/neighborhood-annoyances\/#breadcrumb\"},\"inLanguage\":\"fr-FR\",\"potentialAction\":[{\"@type\":\"ReadAction\",\"target\":[\"https:\/\/staging.schneiderlegal.com\/real-estate-law\/neighborhood-annoyances\/\"]}]},{\"@type\":\"BreadcrumbList\",\"@id\":\"https:\/\/staging.schneiderlegal.com\/real-estate-law\/neighborhood-annoyances\/#breadcrumb\",\"itemListElement\":[{\"@type\":\"ListItem\",\"position\":1,\"name\":\"Home\",\"item\":\"https:\/\/staging.schneiderlegal.com\/fr\/\"},{\"@type\":\"ListItem\",\"position\":2,\"name\":\"DROIT IMMOBILIER\",\"item\":\"https:\/\/staging.schneiderlegal.com\/real-estate-law\/\"},{\"@type\":\"ListItem\",\"position\":3,\"name\":\"Trouble de voisinage\"}]},{\"@type\":\"WebSite\",\"@id\":\"https:\/\/staging.schneiderlegal.com\/#website\",\"url\":\"https:\/\/staging.schneiderlegal.com\/\",\"name\":\"Schneider Legal\",\"description\":\"Real Estate Lawyer Montreal - Estate Lawyer\",\"potentialAction\":[{\"@type\":\"SearchAction\",\"target\":{\"@type\":\"EntryPoint\",\"urlTemplate\":\"https:\/\/staging.schneiderlegal.com\/?s={search_term_string}\"},\"query-input\":{\"@type\":\"PropertyValueSpecification\",\"valueRequired\":true,\"valueName\":\"search_term_string\"}}],\"inLanguage\":\"fr-FR\"}]}<\/script>\n<!-- \/ Yoast SEO plugin. -->","yoast_head_json":{"title":"Trouble de voisinage - Droit immobilier Montr\u00e9al - Schneider Legal","description":"En vertu de l'article 976 du Code civil du Qu\u00e9bec, un voisin doit tol\u00e9rer les inconv\u00e9nients normaux de son voisinage.","robots":{"index":"noindex","follow":"follow","max-snippet":"max-snippet:-1","max-image-preview":"max-image-preview:large","max-video-preview":"max-video-preview:-1"},"og_locale":"fr_FR","og_type":"article","og_title":"Trouble de voisinage - Droit immobilier Montr\u00e9al - Schneider Legal","og_description":"En vertu de l'article 976 du Code civil du Qu\u00e9bec, un voisin doit tol\u00e9rer les inconv\u00e9nients normaux de son voisinage.","og_url":"https:\/\/staging.schneiderlegal.com\/real-estate-law\/neighborhood-annoyances\/","og_site_name":"Schneider Legal","article_modified_time":"2018-07-19T13:27:40+00:00","twitter_card":"summary_large_image","twitter_misc":{"Est. reading time":"3 minutes"},"schema":{"@context":"https:\/\/schema.org","@graph":[{"@type":"WebPage","@id":"https:\/\/staging.schneiderlegal.com\/real-estate-law\/neighborhood-annoyances\/","url":"https:\/\/staging.schneiderlegal.com\/real-estate-law\/neighborhood-annoyances\/","name":"Trouble de voisinage - Droit immobilier Montr\u00e9al - Schneider Legal","isPartOf":{"@id":"https:\/\/staging.schneiderlegal.com\/#website"},"datePublished":"2018-07-11T13:44:16+00:00","dateModified":"2018-07-19T13:27:40+00:00","description":"En vertu de l'article 976 du Code civil du Qu\u00e9bec, un voisin doit tol\u00e9rer les inconv\u00e9nients normaux de son voisinage.","breadcrumb":{"@id":"https:\/\/staging.schneiderlegal.com\/real-estate-law\/neighborhood-annoyances\/#breadcrumb"},"inLanguage":"fr-FR","potentialAction":[{"@type":"ReadAction","target":["https:\/\/staging.schneiderlegal.com\/real-estate-law\/neighborhood-annoyances\/"]}]},{"@type":"BreadcrumbList","@id":"https:\/\/staging.schneiderlegal.com\/real-estate-law\/neighborhood-annoyances\/#breadcrumb","itemListElement":[{"@type":"ListItem","position":1,"name":"Home","item":"https:\/\/staging.schneiderlegal.com\/fr\/"},{"@type":"ListItem","position":2,"name":"DROIT IMMOBILIER","item":"https:\/\/staging.schneiderlegal.com\/real-estate-law\/"},{"@type":"ListItem","position":3,"name":"Trouble de voisinage"}]},{"@type":"WebSite","@id":"https:\/\/staging.schneiderlegal.com\/#website","url":"https:\/\/staging.schneiderlegal.com\/","name":"Schneider Legal","description":"Real Estate Lawyer Montreal - Estate Lawyer","potentialAction":[{"@type":"SearchAction","target":{"@type":"EntryPoint","urlTemplate":"https:\/\/staging.schneiderlegal.com\/?s={search_term_string}"},"query-input":{"@type":"PropertyValueSpecification","valueRequired":true,"valueName":"search_term_string"}}],"inLanguage":"fr-FR"}]}},"_links":{"self":[{"href":"https:\/\/staging.schneiderlegal.com\/fr\/wp-json\/wp\/v2\/pages\/12859","targetHints":{"allow":["GET"]}}],"collection":[{"href":"https:\/\/staging.schneiderlegal.com\/fr\/wp-json\/wp\/v2\/pages"}],"about":[{"href":"https:\/\/staging.schneiderlegal.com\/fr\/wp-json\/wp\/v2\/types\/page"}],"author":[{"embeddable":true,"href":"https:\/\/staging.schneiderlegal.com\/fr\/wp-json\/wp\/v2\/users\/2"}],"replies":[{"embeddable":true,"href":"https:\/\/staging.schneiderlegal.com\/fr\/wp-json\/wp\/v2\/comments?post=12859"}],"version-history":[{"count":2,"href":"https:\/\/staging.schneiderlegal.com\/fr\/wp-json\/wp\/v2\/pages\/12859\/revisions"}],"predecessor-version":[{"id":12888,"href":"https:\/\/staging.schneiderlegal.com\/fr\/wp-json\/wp\/v2\/pages\/12859\/revisions\/12888"}],"up":[{"embeddable":true,"href":"https:\/\/staging.schneiderlegal.com\/fr\/wp-json\/wp\/v2\/pages\/10901"}],"wp:attachment":[{"href":"https:\/\/staging.schneiderlegal.com\/fr\/wp-json\/wp\/v2\/media?parent=12859"}],"curies":[{"name":"wp","href":"https:\/\/api.w.org\/{rel}","templated":true}]}}