{"id":12858,"date":"2018-07-11T09:45:52","date_gmt":"2018-07-11T13:45:52","guid":{"rendered":"https:\/\/staging.schneiderlegal.com\/fr\/droit-immobilier\/infestations\/"},"modified":"2018-07-19T09:27:47","modified_gmt":"2018-07-19T13:27:47","slug":"infestations","status":"publish","type":"page","link":"https:\/\/staging.schneiderlegal.com\/fr\/droit-immobilier\/infestations\/","title":{"rendered":"Infestations"},"content":{"rendered":"[vc_row fullwidth=&nbsp;&raquo;true&nbsp;&raquo; css=&nbsp;&raquo;.vc_custom_1466444759232{border-bottom-width: 2px !important;padding-top: 0px !important;padding-right: 0px !important;padding-bottom: 0px !important;padding-left: 0px !important;border-bottom-color: #568db6 !important;border-bottom-style: solid !important;}&nbsp;&raquo;][vc_column][mk_page_title_box page_title=&nbsp;&raquo;Infestations&nbsp;&raquo; section_height=&nbsp;&raquo;300&Prime; bg_image=&nbsp;&raquo;https:\/\/staging.schneiderlegal.com\/wp-content\/uploads\/2016\/07\/photodune-304484-condos-m.jpg&nbsp;&raquo; bg_position=&nbsp;&raquo;center center&nbsp;&raquo; bg_stretch=&nbsp;&raquo;true&nbsp;&raquo; font_size=&nbsp;&raquo;40&Prime; font_color=&nbsp;&raquo;#ffffff&nbsp;&raquo; font_weight=&nbsp;&raquo;bold&nbsp;&raquo; underline=&nbsp;&raquo;false&nbsp;&raquo; sub_font_size=&nbsp;&raquo;20&Prime; sub_font_color=&nbsp;&raquo;#ffffff&nbsp;&raquo; sub_font_weight=&nbsp;&raquo;bold&nbsp;&raquo; el_class=&nbsp;&raquo;titleshadow margintopcontrat&nbsp;&raquo;][\/vc_column][\/vc_row][vc_row][vc_column][mk_padding_divider size=&nbsp;&raquo;75&Prime;][vc_column_text]La pr\u00e9sence d&rsquo;insectes et de vermines peut constituer un v\u00e9ritable cauchemar pour le locateur et le locataire. Il est donc dans l&rsquo;int\u00e9r\u00eat de tous de tenter d&#8217;emp\u00eacher leur prolif\u00e9ration. En plus de la vue ind\u00e9sirable des insectes ou autre vermine, leur pr\u00e9sence peut mener \u00e0 des tensions et des diff\u00e9rends entre le locateur et le locataire.<\/p>\n<p>Il est important de noter que le locateur et le locataire ont l&rsquo;obligation de maintenir le logement dans un \u00e9tat propre et habitable, et de respecter les r\u00e8glements municipaux en ce qui concerne l&rsquo;interdiction de garder un logement qui favorise la prolif\u00e9ration des insectes et des vermines.<\/p>\n<p>Le locataire peut exiger une r\u00e9duction de loyer, la r\u00e9siliation du bail et des dommages-int\u00e9r\u00eats si la pr\u00e9sence d&rsquo;insectes et\/ou de vermines r\u00e9duit la jouissance paisible du logement. Cependant, la simple pr\u00e9sence d&rsquo;un insecte ici et l\u00e0 \u00e0 des intervalles sporadiques ne peut pas \u00eatre caract\u00e9ris\u00e9e comme une infestation, et par cons\u00e9quent, ne justifiera pas une r\u00e9duction de loyer ou la r\u00e9siliation du bail.<\/p>\n<p>De plus, si l&rsquo;infestation d&rsquo;insectes ou de vermine r\u00e9sulte de l&rsquo;action ou de l&rsquo;inaction du locataire, celui-ci pourra \u00eatre tenu responsable des frais d&rsquo;extermination et autre dommage.<\/p>\n<p>Le locataire doit \u00e9galement permettre l&rsquo;acc\u00e8s au locateur et\/ou \u00e0 l&rsquo;exterminateur lorsqu&rsquo;un tel travail est requis pour \u00e9liminer la pr\u00e9sence d&rsquo;insectes et de vermines dans l&rsquo;immeuble, \u00e0 d\u00e9faut, un locataire pourrait voir son bail r\u00e9sili\u00e9 par le locateur.<\/p>\n<p>Le locateur a une obligation de r\u00e9sultat quant \u00e0 la tenue d&rsquo;un immeuble exempt de toute infestation. Cela signifie que le fait qu&rsquo;un locateur ait fait preuve de diligence pour maintenir un immeuble propre et habitable ne constituera pas un moyen de d\u00e9fense contre une demande en dommages-int\u00e9r\u00eats, r\u00e9siliation de bail, r\u00e9duction de loyer ou d&rsquo;ex\u00e9cution en nature. De plus, le locateur a l&rsquo;obligation de pr\u00e9server la jouissance paisible du logement. Par cons\u00e9quent, il doit faire tout ce qui est n\u00e9cessaire pour pr\u00e9venir une infestation, et si une telle infestation se produit, faire tout pour \u00e9liminer la pr\u00e9sence des punaises ou des vermines.<\/p>\n<p>Par cons\u00e9quent, le locateur doit avoir acc\u00e8s au logement, si n\u00e9cessaire, pour exterminer les insectes et vermines. Le locataire n&rsquo;a pas le droit de refuser un tel acc\u00e8s et n\u2019a aucun droit d&rsquo;\u00eatre pr\u00e9sent lors de l&rsquo;extermination, mais peut choisir d&rsquo;avoir quelqu&rsquo;un pr\u00e9sent \u00e0 sa place pendant l&rsquo;extermination. Le fait de ne pas permettre l&rsquo;acc\u00e8s au locateur et\/ou \u00e0 l&rsquo;exterminateur pourrait justifier la r\u00e9siliation du bail, en plus des dommages si le refus d&rsquo;entr\u00e9e accentuait l&rsquo;infestation et contribuait \u00e0 la prolif\u00e9ration.[\/vc_column_text][mk_divider style=&nbsp;&raquo;shadow_line&nbsp;&raquo; margin_bottom=&nbsp;&raquo;50&Prime;][vc_column_text]Si vous recherchez un cabinet d\u2019avocat qui propose des honoraires raisonnables, un traitement rapide et efficace de vos dossiers et un suivi personnalis\u00e9 et efficace, n\u2019h\u00e9sitez pas \u00e0 communiquer avec Schneider Avocats au (514) 439-1322 ext. 112 ou par courriel \u00e0 l\u2019adresse : <a href=\"mailto:info@schneiderlegal.com\">info@schneiderlegal.com<\/a>[\/vc_column_text][mk_divider style=&nbsp;&raquo;shadow_line&nbsp;&raquo; margin_bottom=&nbsp;&raquo;50&Prime;][vc_column_text]\n<p style=\"text-align: justify; font-size: 10px;\"><i><span lang=\"FR-CA\">Le processus pr\u00e9sent\u00e9 ci-dessus ne constitue qu\u2019un outil de r\u00e9f\u00e9rence et ne comporte aucune garantie relative \u00e0 votre dossier. Nous vous recommandons fortement de recourir aux conseils juridiques d\u2019un avocat, membre en r\u00e8gle du Barreau du Qu\u00e9bec. Les particularit\u00e9s propres \u00e0 chaque cas d\u2019esp\u00e8ce doivent faire l\u2019objet d\u2019une analyse exhaustive puisque le processus peut s\u2019av\u00e9rer complexe et techniquement difficile.<\/span><\/i><\/p>\n[\/vc_column_text][mk_padding_divider][\/vc_column][\/vc_row]\n","protected":false},"excerpt":{"rendered":"<p>[vc_row fullwidth=&nbsp;&raquo;true&nbsp;&raquo; css=&nbsp;&raquo;.vc_custom_1466444759232{border-bottom-width: 2px !important;padding-top: 0px !important;padding-right: 0px !important;padding-bottom: 0px !important;padding-left: 0px !important;border-bottom-color: #568db6 !important;border-bottom-style: solid !important;}&nbsp;&raquo;][vc_column][mk_page_title_box page_title=&nbsp;&raquo;Infestations&nbsp;&raquo; section_height=&nbsp;&raquo;300&Prime; bg_image=&nbsp;&raquo;https:\/\/staging.schneiderlegal.com\/wp-content\/uploads\/2016\/07\/photodune-304484-condos-m.jpg&nbsp;&raquo; bg_position=&nbsp;&raquo;center center&nbsp;&raquo; bg_stretch=&nbsp;&raquo;true&nbsp;&raquo; font_size=&nbsp;&raquo;40&Prime; font_color=&nbsp;&raquo;#ffffff&nbsp;&raquo; font_weight=&nbsp;&raquo;bold&nbsp;&raquo; underline=&nbsp;&raquo;false&nbsp;&raquo; sub_font_size=&nbsp;&raquo;20&Prime; sub_font_color=&nbsp;&raquo;#ffffff&nbsp;&raquo; sub_font_weight=&nbsp;&raquo;bold&nbsp;&raquo; el_class=&nbsp;&raquo;titleshadow margintopcontrat&nbsp;&raquo;][\/vc_column][\/vc_row][vc_row][vc_column][mk_padding_divider size=&nbsp;&raquo;75&Prime;][vc_column_text]La pr\u00e9sence d&rsquo;insectes et de vermines peut constituer un v\u00e9ritable cauchemar pour le locateur et le locataire. Il est donc dans l&rsquo;int\u00e9r\u00eat de [&hellip;]<\/p>\n","protected":false},"author":2,"featured_media":0,"parent":10901,"menu_order":0,"comment_status":"open","ping_status":"closed","template":"","meta":{"footnotes":""},"class_list":["post-12858","page","type-page","status-publish","hentry"],"yoast_head":"<!-- This site is optimized with the Yoast SEO plugin v27.0 - https:\/\/yoast.com\/product\/yoast-seo-wordpress\/ -->\n<title>Infestations - Droit immobilier Montr\u00e9al - Schneider Legal<\/title>\n<meta name=\"description\" content=\"La pr\u00e9sence d&#039;insectes et de vermines peut constituer un v\u00e9ritable cauchemar pour le locateur et le locataire.\" \/>\n<meta name=\"robots\" content=\"noindex, follow, max-snippet:-1, max-image-preview:large, max-video-preview:-1\" \/>\n<meta property=\"og:locale\" content=\"fr_FR\" \/>\n<meta property=\"og:type\" content=\"article\" \/>\n<meta property=\"og:title\" content=\"Infestations - Droit immobilier Montr\u00e9al - Schneider Legal\" \/>\n<meta property=\"og:description\" content=\"La pr\u00e9sence d&#039;insectes et de vermines peut constituer un v\u00e9ritable cauchemar pour le locateur et le locataire.\" \/>\n<meta property=\"og:url\" content=\"https:\/\/staging.schneiderlegal.com\/real-estate-law\/infestations\/\" \/>\n<meta property=\"og:site_name\" content=\"Schneider Legal\" \/>\n<meta property=\"article:modified_time\" content=\"2018-07-19T13:27:47+00:00\" \/>\n<meta name=\"twitter:card\" content=\"summary_large_image\" \/>\n<meta name=\"twitter:label1\" content=\"Est. reading time\" \/>\n\t<meta name=\"twitter:data1\" content=\"4 minutes\" \/>\n<script type=\"application\/ld+json\" class=\"yoast-schema-graph\">{\"@context\":\"https:\/\/schema.org\",\"@graph\":[{\"@type\":\"WebPage\",\"@id\":\"https:\/\/staging.schneiderlegal.com\/real-estate-law\/infestations\/\",\"url\":\"https:\/\/staging.schneiderlegal.com\/real-estate-law\/infestations\/\",\"name\":\"Infestations - Droit immobilier Montr\u00e9al - Schneider Legal\",\"isPartOf\":{\"@id\":\"https:\/\/staging.schneiderlegal.com\/#website\"},\"datePublished\":\"2018-07-11T13:45:52+00:00\",\"dateModified\":\"2018-07-19T13:27:47+00:00\",\"description\":\"La pr\u00e9sence d'insectes et de vermines peut constituer un v\u00e9ritable cauchemar pour le locateur et le locataire.\",\"breadcrumb\":{\"@id\":\"https:\/\/staging.schneiderlegal.com\/real-estate-law\/infestations\/#breadcrumb\"},\"inLanguage\":\"fr-FR\",\"potentialAction\":[{\"@type\":\"ReadAction\",\"target\":[\"https:\/\/staging.schneiderlegal.com\/real-estate-law\/infestations\/\"]}]},{\"@type\":\"BreadcrumbList\",\"@id\":\"https:\/\/staging.schneiderlegal.com\/real-estate-law\/infestations\/#breadcrumb\",\"itemListElement\":[{\"@type\":\"ListItem\",\"position\":1,\"name\":\"Home\",\"item\":\"https:\/\/staging.schneiderlegal.com\/fr\/\"},{\"@type\":\"ListItem\",\"position\":2,\"name\":\"DROIT IMMOBILIER\",\"item\":\"https:\/\/staging.schneiderlegal.com\/real-estate-law\/\"},{\"@type\":\"ListItem\",\"position\":3,\"name\":\"Infestations\"}]},{\"@type\":\"WebSite\",\"@id\":\"https:\/\/staging.schneiderlegal.com\/#website\",\"url\":\"https:\/\/staging.schneiderlegal.com\/\",\"name\":\"Schneider Legal\",\"description\":\"Real Estate Lawyer Montreal - Estate Lawyer\",\"potentialAction\":[{\"@type\":\"SearchAction\",\"target\":{\"@type\":\"EntryPoint\",\"urlTemplate\":\"https:\/\/staging.schneiderlegal.com\/?s={search_term_string}\"},\"query-input\":{\"@type\":\"PropertyValueSpecification\",\"valueRequired\":true,\"valueName\":\"search_term_string\"}}],\"inLanguage\":\"fr-FR\"}]}<\/script>\n<!-- \/ Yoast SEO plugin. -->","yoast_head_json":{"title":"Infestations - Droit immobilier Montr\u00e9al - Schneider Legal","description":"La pr\u00e9sence d'insectes et de vermines peut constituer un v\u00e9ritable cauchemar pour le locateur et le locataire.","robots":{"index":"noindex","follow":"follow","max-snippet":"max-snippet:-1","max-image-preview":"max-image-preview:large","max-video-preview":"max-video-preview:-1"},"og_locale":"fr_FR","og_type":"article","og_title":"Infestations - Droit immobilier Montr\u00e9al - Schneider Legal","og_description":"La pr\u00e9sence d'insectes et de vermines peut constituer un v\u00e9ritable cauchemar pour le locateur et le locataire.","og_url":"https:\/\/staging.schneiderlegal.com\/real-estate-law\/infestations\/","og_site_name":"Schneider Legal","article_modified_time":"2018-07-19T13:27:47+00:00","twitter_card":"summary_large_image","twitter_misc":{"Est. reading time":"4 minutes"},"schema":{"@context":"https:\/\/schema.org","@graph":[{"@type":"WebPage","@id":"https:\/\/staging.schneiderlegal.com\/real-estate-law\/infestations\/","url":"https:\/\/staging.schneiderlegal.com\/real-estate-law\/infestations\/","name":"Infestations - Droit immobilier Montr\u00e9al - Schneider Legal","isPartOf":{"@id":"https:\/\/staging.schneiderlegal.com\/#website"},"datePublished":"2018-07-11T13:45:52+00:00","dateModified":"2018-07-19T13:27:47+00:00","description":"La pr\u00e9sence d'insectes et de vermines peut constituer un v\u00e9ritable cauchemar pour le locateur et le locataire.","breadcrumb":{"@id":"https:\/\/staging.schneiderlegal.com\/real-estate-law\/infestations\/#breadcrumb"},"inLanguage":"fr-FR","potentialAction":[{"@type":"ReadAction","target":["https:\/\/staging.schneiderlegal.com\/real-estate-law\/infestations\/"]}]},{"@type":"BreadcrumbList","@id":"https:\/\/staging.schneiderlegal.com\/real-estate-law\/infestations\/#breadcrumb","itemListElement":[{"@type":"ListItem","position":1,"name":"Home","item":"https:\/\/staging.schneiderlegal.com\/fr\/"},{"@type":"ListItem","position":2,"name":"DROIT IMMOBILIER","item":"https:\/\/staging.schneiderlegal.com\/real-estate-law\/"},{"@type":"ListItem","position":3,"name":"Infestations"}]},{"@type":"WebSite","@id":"https:\/\/staging.schneiderlegal.com\/#website","url":"https:\/\/staging.schneiderlegal.com\/","name":"Schneider Legal","description":"Real Estate Lawyer Montreal - Estate Lawyer","potentialAction":[{"@type":"SearchAction","target":{"@type":"EntryPoint","urlTemplate":"https:\/\/staging.schneiderlegal.com\/?s={search_term_string}"},"query-input":{"@type":"PropertyValueSpecification","valueRequired":true,"valueName":"search_term_string"}}],"inLanguage":"fr-FR"}]}},"_links":{"self":[{"href":"https:\/\/staging.schneiderlegal.com\/fr\/wp-json\/wp\/v2\/pages\/12858","targetHints":{"allow":["GET"]}}],"collection":[{"href":"https:\/\/staging.schneiderlegal.com\/fr\/wp-json\/wp\/v2\/pages"}],"about":[{"href":"https:\/\/staging.schneiderlegal.com\/fr\/wp-json\/wp\/v2\/types\/page"}],"author":[{"embeddable":true,"href":"https:\/\/staging.schneiderlegal.com\/fr\/wp-json\/wp\/v2\/users\/2"}],"replies":[{"embeddable":true,"href":"https:\/\/staging.schneiderlegal.com\/fr\/wp-json\/wp\/v2\/comments?post=12858"}],"version-history":[{"count":2,"href":"https:\/\/staging.schneiderlegal.com\/fr\/wp-json\/wp\/v2\/pages\/12858\/revisions"}],"predecessor-version":[{"id":12890,"href":"https:\/\/staging.schneiderlegal.com\/fr\/wp-json\/wp\/v2\/pages\/12858\/revisions\/12890"}],"up":[{"embeddable":true,"href":"https:\/\/staging.schneiderlegal.com\/fr\/wp-json\/wp\/v2\/pages\/10901"}],"wp:attachment":[{"href":"https:\/\/staging.schneiderlegal.com\/fr\/wp-json\/wp\/v2\/media?parent=12858"}],"curies":[{"name":"wp","href":"https:\/\/api.w.org\/{rel}","templated":true}]}}