{"id":12856,"date":"2018-07-11T10:06:20","date_gmt":"2018-07-11T14:06:20","guid":{"rendered":"https:\/\/staging.schneiderlegal.com\/fr\/droit-immobilier\/solutions-and-legal-proceedings-for-a-landlord\/"},"modified":"2018-07-19T09:28:10","modified_gmt":"2018-07-19T13:28:10","slug":"solutions-et-procedures-judiciaires-pour-un-proprietaire","status":"publish","type":"page","link":"https:\/\/staging.schneiderlegal.com\/fr\/droit-immobilier\/solutions-et-procedures-judiciaires-pour-un-proprietaire\/","title":{"rendered":"Solutions et proc\u00e9dures judiciaires pour un propri\u00e9taire"},"content":{"rendered":"[vc_row fullwidth=&nbsp;&raquo;true&nbsp;&raquo; css=&nbsp;&raquo;.vc_custom_1466444759232{border-bottom-width: 2px !important;padding-top: 0px !important;padding-right: 0px !important;padding-bottom: 0px !important;padding-left: 0px !important;border-bottom-color: #568db6 !important;border-bottom-style: solid !important;}&nbsp;&raquo;][vc_column][mk_page_title_box page_title=&nbsp;&raquo;Solutions et proc\u00e9dures judiciaires pour un propri\u00e9taire&nbsp;&raquo; section_height=&nbsp;&raquo;300&Prime; bg_image=&nbsp;&raquo;https:\/\/staging.schneiderlegal.com\/wp-content\/uploads\/2016\/07\/photodune-304484-condos-m.jpg&nbsp;&raquo; bg_position=&nbsp;&raquo;center center&nbsp;&raquo; bg_stretch=&nbsp;&raquo;true&nbsp;&raquo; font_size=&nbsp;&raquo;40&Prime; font_color=&nbsp;&raquo;#ffffff&nbsp;&raquo; font_weight=&nbsp;&raquo;bold&nbsp;&raquo; underline=&nbsp;&raquo;false&nbsp;&raquo; sub_font_size=&nbsp;&raquo;20&Prime; sub_font_color=&nbsp;&raquo;#ffffff&nbsp;&raquo; sub_font_weight=&nbsp;&raquo;bold&nbsp;&raquo; el_class=&nbsp;&raquo;titleshadow margintopcontrat&nbsp;&raquo;][\/vc_column][\/vc_row][vc_row][vc_column][mk_padding_divider size=&nbsp;&raquo;75&Prime;][vc_column_text]Il est important de rappeler que la premi\u00e8re \u00e9tape recommand\u00e9e avant d&rsquo;entamer une proc\u00e9dure judiciaire est toujours de consulter un avocat. Un avocat pourra vous guider dans vos nombreuses options de recours et proc\u00e9dures. En outre, un avocat peut vous aider \u00e0 r\u00e9diger une lettre de mise en demeure, une condition pr\u00e9alable \u00e0 l&rsquo;introduction de toute proc\u00e9dure judiciaire \u00e0 la R\u00e9gie du logement.<\/p>\n<p>Il convient \u00e9galement de noter que la relation locateur-locataire en est une de r\u00e9ciprocit\u00e9. En d&rsquo;autres termes, vos droits en tant que locateur correspondront aux obligations du locataire et vice-versa. Par cons\u00e9quent, il est recommand\u00e9 de visiter nos 2 pages concernant <a href=\"https:\/\/staging.schneiderlegal.com\/fr\/droit-immobilier\/solutions-et-procedures-judiciaires-si-vous-etes-locataire\/\"><u>les droits et obligations du locataire<\/u><\/a> et <a href=\"https:\/\/staging.schneiderlegal.com\/fr\/droit-immobilier\/solutions-et-procedures-judiciaires-pour-un-proprietaire\/\"><u>les droits et obligations du locateur<\/u><\/a> pour appr\u00e9cier la nature et l&rsquo;\u00e9tendue de la relation locateur-locataire.<\/p>\n<p>Un avocat sera en mesure de vous aider \u00e0 exercer vos droits concernant, mais sans s&rsquo;y limiter:<\/p>\n<ol>\n<li><u><a href=\"#execution\">L\u2019ex\u00e9cution forc\u00e9e en nature d&rsquo;une obligation;<\/a><\/u><\/li>\n<li><u><a href=\"#bail\">La r\u00e9siliation d&rsquo;un bail; <\/a><\/u><\/li>\n<li><u><a href=\"#dommage\">Les dommages-int\u00e9r\u00eats de nature morale, mat\u00e9riel, et\/ou punitifs; et<\/a><\/u><\/li>\n<li><u><a href=\"#reprise\">La reprise du logement. <\/a><\/u><\/li>\n<\/ol>\n<p>&nbsp;<\/p>\n<ol>\n<li id=\"execution\"><u>L&rsquo;ex\u00e9cution en nature d&rsquo;une obligation<\/u><\/li>\n<\/ol>\n<p>La R\u00e9gie du logement peut ordonner \u00e0 un locataire de remplir ses obligations au lieu d&rsquo;exiger la r\u00e9siliation du bail. Un tel jugement est obligatoire, s\u2019il est accord\u00e9, et le locataire doit le respecter. A d\u00e9faut, la r\u00e9siliation sera accord\u00e9e par la R\u00e9gie du logement sur demande du locateur.<\/p>\n<ol start=\"2\">\n<li id=\"bail\"><u>R\u00e9siliation d&rsquo;un bail<\/u><\/li>\n<\/ol>\n<p>Les locateurs ne peuvent pas d\u00e9cider de r\u00e9silier un bail unilat\u00e9ralement. Ils sont partis \u00e0 un contrat qui se termine \u00e0 la date indiqu\u00e9e dans le bail. Toutefois, un locateur peut pr\u00e9senter une demande \u00e0 la R\u00e9gie du logement et demander qu&rsquo;un bail soit r\u00e9sili\u00e9 si le locataire ne respecte pas ses obligations, et qu\u2019un tel manquement cause au locateur un pr\u00e9judice grave, comme la perte de la jouissance paisible des autres locataires.<\/p>\n<p>Cependant, un tel recours est \u00e0 la discr\u00e9tion de la R\u00e9gie du logement\u00a0: Elle peut d\u00e9cider d&rsquo;ordonner l&rsquo;ex\u00e9cution en nature de l&rsquo;obligation du locataire au lieu d&rsquo;accorder la r\u00e9siliation du bail.<\/p>\n<p>Voici deux exemples de comportement qui peuvent justifier la r\u00e9siliation d&rsquo;un bail\u00a0:<\/p>\n<ul>\n<li>Le refus continu et r\u00e9p\u00e9titif du locataire de permettre <a href=\"https:\/\/staging.schneiderlegal.com\/fr\/droit-immobilier\/lacces-aux-lieux-loues-locateur\/\"><u>l\u2019acc\u00e8s<\/u><\/a>\u00a0\u00e0 son logement afin d&rsquo;effectuer un travail <a href=\"https:\/\/staging.schneiderlegal.com\/fr\/droit-immobilier\/infestations-locateur\/\"><u>d&rsquo;extermination<\/u><\/a>\u00a0ou autre <a href=\"https:\/\/staging.schneiderlegal.com\/fr\/droit-immobilier\/urgence-et-reparation-locateur\/\"><u>r\u00e9parations importantes ou urgentes<\/u><\/a>\u00a0;<\/li>\n<li>Le retard constant dans le paiement du loyer;<\/li>\n<li>Le manquement continue aux obligations du bail, tel que l&rsquo;interdiction au sous-louage de type <a href=\"https:\/\/staging.schneiderlegal.com\/fr\/2016\/07\/27\/le-phenomene-airbnb\/\"><u>Airbnb<\/u><\/a>; et<\/li>\n<li>N&rsquo;importe quel autre manquement aux obligations du bail qui causent un pr\u00e9judice s\u00e9rieux au locateur.<\/li>\n<\/ul>\n<p>Veuillez prendre note que si la violation du bail par le locataire cesse d&rsquo;exister au moment de l&rsquo;audience, le juge peut substituer un recours demandant la r\u00e9siliation d&rsquo;un bail avec une ordonnance for\u00e7ant l&rsquo;ex\u00e9cution en nature des obligations du locataire en vertu de l&rsquo;article 1973 du le <em>Code civil du Qu\u00e9bec<\/em>.<\/p>\n<p>Si un locataire enfreint une ordonnance accord\u00e9e en vertu de l&rsquo;article 1973 <em>du Code civil du Qu\u00e9bec<\/em>, le locateur peut par la suite exiger la r\u00e9siliation du bail.<\/p>\n<p><a id=\"dommage\"><\/a>3. <u>Dommages-int\u00e9r\u00eats de nature morale, mat\u00e9riel et\/ou punitifs<\/u><\/p>\n<p>Le locateur peut demander \u00e0 la R\u00e9gie du logement d&rsquo;ordonner au locataire de payer des dommages-int\u00e9r\u00eats, de nature morale, mat\u00e9riel et\/ou punitive, en plus de tout autre recours applicable, s&rsquo;il peut \u00e9tablir une violation des obligations du locataire, un pr\u00e9judice subi et un lien de causalit\u00e9. Le pr\u00e9judice subi doit \u00eatre la cons\u00e9quence directe et imm\u00e9diate de l&rsquo;acte r\u00e9pr\u00e9hensible du locataire.<\/p>\n<p>Si un locataire cause des dommages \u00e0 son logement, assurez-vous de prendre des photos d\u00e8s que vous en prenez connaissance, en plus de conserver les estimations ou les factures relatives aux travaux correctifs requis.<\/p>\n<p>Le locateur peut \u00e9galement demander des dommages moraux pour pr\u00e9judice psychologique subi, sauf si le locateur est une corporation, qui est la cons\u00e9quence directe et imm\u00e9diate de l&rsquo;acte r\u00e9pr\u00e9hensible du locataire.<\/p>\n<p>Cependant, la R\u00e9gie du logement n&rsquo;a pas comp\u00e9tence pour accorder des dommages-int\u00e9r\u00eats pour des questions li\u00e9es au harc\u00e8lement d&rsquo;une locataire envers le locateur, car cela concerne la relation extracontractuelle entre le locataire et le locateur.<\/p>\n<p><a id=\"reprise\"><\/a>4. <u>Proc\u00e9der \u00e0 la reprise des lieux lou\u00e9s<\/u><\/p>\n<p>Le locateur peut reprendre possession du logement pour que ce dernier soit occup\u00e9 par lui-m\u00eame, ses parents, enfants et\/ou toute personnes dont il est le principal soutien, moyennant un pr\u00e9avis de six mois avant la fin d&rsquo;un bail d&rsquo;un an.<\/p>\n<p>Le locataire aura un mois pour r\u00e9pondre. Si le locataire ne r\u00e9pond pas dans ce d\u00e9lai ou refuse de permettre au locateur de reprendre le logement, le locateur peut demander \u00e0 la R\u00e9gie du logement de r\u00e9soudre le diff\u00e9rend.<\/p>\n<p>La R\u00e9gie du logement peut \u00e9galement imposer des conditions sur la reprise du logement, telles que le paiement d&rsquo;une indemnit\u00e9 \u00e9quivalente aux frais de d\u00e9m\u00e9nagement du locataire.<\/p>\n<p>La R\u00e9gie du logement d\u00e9terminera alors si le locateur a exerc\u00e9 son droit de reprise de bonne ou de mauvaise foi.<\/p>\n<p>Gardez \u00e0 l&rsquo;esprit que le locateur doit d\u00e9montrer son intention d&rsquo;utiliser le logement comme r\u00e9sidence principale pour lui-m\u00eame ou pour ses proches. De plus, il ne peut pas non plus se pr\u00e9valoir de son droit de reprendre possession du logement s&rsquo;il poss\u00e8de un autre logement dans le m\u00eame immeuble, ou un autre logement semblable qui est vacant ou disponible \u00e0 la location \u00e0 un prix \u00e9quivalent, dans le m\u00eame quartier.<\/p>\n<p>Dans l&rsquo;\u00e9ventualit\u00e9 o\u00f9 la reprise de possession est effectu\u00e9e de mauvaise foi, il est toujours possible pour un locataire de poursuivre le locateur et de contester ses actions. Ce sera alors la R\u00e9gie du logement qui jugera du bien-fond\u00e9 de la reprise de possession selon les circonstances.[\/vc_column_text][mk_divider style=&nbsp;&raquo;shadow_line&nbsp;&raquo; margin_bottom=&nbsp;&raquo;50&Prime;][vc_column_text]Si vous recherchez un cabinet d\u2019avocat qui propose des honoraires raisonnables, un traitement rapide et efficace de vos dossiers et un suivi personnalis\u00e9 et efficace, n\u2019h\u00e9sitez pas \u00e0 communiquer avec Schneider Avocats au (514) 439-1322 ext. 112 ou par courriel \u00e0 l\u2019adresse : <a href=\"mailto:info@schneiderlegal.com\">info@schneiderlegal.com<\/a>[\/vc_column_text][mk_divider style=&nbsp;&raquo;shadow_line&nbsp;&raquo; margin_bottom=&nbsp;&raquo;50&Prime;][vc_column_text]\n<p style=\"text-align: justify; font-size: 10px;\"><i><span lang=\"FR-CA\">Le processus pr\u00e9sent\u00e9 ci-dessus ne constitue qu\u2019un outil de r\u00e9f\u00e9rence et ne comporte aucune garantie relative \u00e0 votre dossier. Nous vous recommandons fortement de recourir aux conseils juridiques d\u2019un avocat, membre en r\u00e8gle du Barreau du Qu\u00e9bec. Les particularit\u00e9s propres \u00e0 chaque cas d\u2019esp\u00e8ce doivent faire l\u2019objet d\u2019une analyse exhaustive puisque le processus peut s\u2019av\u00e9rer complexe et techniquement difficile.<\/span><\/i><\/p>\n[\/vc_column_text][mk_padding_divider][\/vc_column][\/vc_row]\n","protected":false},"excerpt":{"rendered":"<p>[vc_row fullwidth=&nbsp;&raquo;true&nbsp;&raquo; css=&nbsp;&raquo;.vc_custom_1466444759232{border-bottom-width: 2px !important;padding-top: 0px !important;padding-right: 0px !important;padding-bottom: 0px !important;padding-left: 0px !important;border-bottom-color: #568db6 !important;border-bottom-style: solid !important;}&nbsp;&raquo;][vc_column][mk_page_title_box page_title=&nbsp;&raquo;Solutions et proc\u00e9dures judiciaires pour un propri\u00e9taire&nbsp;&raquo; section_height=&nbsp;&raquo;300&Prime; bg_image=&nbsp;&raquo;https:\/\/staging.schneiderlegal.com\/wp-content\/uploads\/2016\/07\/photodune-304484-condos-m.jpg&nbsp;&raquo; bg_position=&nbsp;&raquo;center center&nbsp;&raquo; bg_stretch=&nbsp;&raquo;true&nbsp;&raquo; font_size=&nbsp;&raquo;40&Prime; font_color=&nbsp;&raquo;#ffffff&nbsp;&raquo; font_weight=&nbsp;&raquo;bold&nbsp;&raquo; underline=&nbsp;&raquo;false&nbsp;&raquo; sub_font_size=&nbsp;&raquo;20&Prime; sub_font_color=&nbsp;&raquo;#ffffff&nbsp;&raquo; sub_font_weight=&nbsp;&raquo;bold&nbsp;&raquo; el_class=&nbsp;&raquo;titleshadow margintopcontrat&nbsp;&raquo;][\/vc_column][\/vc_row][vc_row][vc_column][mk_padding_divider size=&nbsp;&raquo;75&Prime;][vc_column_text]Il est important de rappeler que la premi\u00e8re \u00e9tape recommand\u00e9e avant d&rsquo;entamer une proc\u00e9dure judiciaire est toujours [&hellip;]<\/p>\n","protected":false},"author":2,"featured_media":0,"parent":10901,"menu_order":0,"comment_status":"open","ping_status":"closed","template":"","meta":{"footnotes":""},"class_list":["post-12856","page","type-page","status-publish","hentry"],"yoast_head":"<!-- This site is optimized with the Yoast SEO plugin v27.0 - https:\/\/yoast.com\/product\/yoast-seo-wordpress\/ -->\n<title>Solutions et proc\u00e9dures judiciaires pour un propri\u00e9taire - Schneider Legal<\/title>\n<meta name=\"description\" content=\"Il est important de rappeler que la premi\u00e8re \u00e9tape recommand\u00e9e avant d&#039;entamer une proc\u00e9dure judiciaire est toujours de consulter un avocat.\" \/>\n<meta name=\"robots\" content=\"noindex, follow, max-snippet:-1, max-image-preview:large, max-video-preview:-1\" \/>\n<meta property=\"og:locale\" content=\"fr_FR\" \/>\n<meta property=\"og:type\" content=\"article\" \/>\n<meta property=\"og:title\" content=\"Solutions et proc\u00e9dures judiciaires pour un propri\u00e9taire - Schneider Legal\" \/>\n<meta property=\"og:description\" content=\"Il est important de rappeler que la premi\u00e8re \u00e9tape recommand\u00e9e avant d&#039;entamer une proc\u00e9dure judiciaire est toujours de consulter un avocat.\" \/>\n<meta property=\"og:url\" content=\"https:\/\/staging.schneiderlegal.com\/real-estate-law\/solutions-and-legal-proceedings-for-a-landlord\/\" \/>\n<meta property=\"og:site_name\" content=\"Schneider Legal\" \/>\n<meta property=\"article:modified_time\" content=\"2018-07-19T13:28:10+00:00\" \/>\n<meta name=\"twitter:card\" content=\"summary_large_image\" \/>\n<meta name=\"twitter:label1\" content=\"Est. reading time\" \/>\n\t<meta name=\"twitter:data1\" content=\"6 minutes\" \/>\n<script type=\"application\/ld+json\" class=\"yoast-schema-graph\">{\"@context\":\"https:\/\/schema.org\",\"@graph\":[{\"@type\":\"WebPage\",\"@id\":\"https:\/\/staging.schneiderlegal.com\/real-estate-law\/solutions-and-legal-proceedings-for-a-landlord\/\",\"url\":\"https:\/\/staging.schneiderlegal.com\/real-estate-law\/solutions-and-legal-proceedings-for-a-landlord\/\",\"name\":\"Solutions et proc\u00e9dures judiciaires pour un propri\u00e9taire - Schneider Legal\",\"isPartOf\":{\"@id\":\"https:\/\/staging.schneiderlegal.com\/#website\"},\"datePublished\":\"2018-07-11T14:06:20+00:00\",\"dateModified\":\"2018-07-19T13:28:10+00:00\",\"description\":\"Il est important de rappeler que la premi\u00e8re \u00e9tape recommand\u00e9e avant d'entamer une proc\u00e9dure judiciaire est toujours de consulter un avocat.\",\"breadcrumb\":{\"@id\":\"https:\/\/staging.schneiderlegal.com\/real-estate-law\/solutions-and-legal-proceedings-for-a-landlord\/#breadcrumb\"},\"inLanguage\":\"fr-FR\",\"potentialAction\":[{\"@type\":\"ReadAction\",\"target\":[\"https:\/\/staging.schneiderlegal.com\/real-estate-law\/solutions-and-legal-proceedings-for-a-landlord\/\"]}]},{\"@type\":\"BreadcrumbList\",\"@id\":\"https:\/\/staging.schneiderlegal.com\/real-estate-law\/solutions-and-legal-proceedings-for-a-landlord\/#breadcrumb\",\"itemListElement\":[{\"@type\":\"ListItem\",\"position\":1,\"name\":\"Home\",\"item\":\"https:\/\/staging.schneiderlegal.com\/fr\/\"},{\"@type\":\"ListItem\",\"position\":2,\"name\":\"DROIT IMMOBILIER\",\"item\":\"https:\/\/staging.schneiderlegal.com\/real-estate-law\/\"},{\"@type\":\"ListItem\",\"position\":3,\"name\":\"Solutions et proc\u00e9dures judiciaires pour un propri\u00e9taire\"}]},{\"@type\":\"WebSite\",\"@id\":\"https:\/\/staging.schneiderlegal.com\/#website\",\"url\":\"https:\/\/staging.schneiderlegal.com\/\",\"name\":\"Schneider Legal\",\"description\":\"Real Estate Lawyer Montreal - Estate Lawyer\",\"potentialAction\":[{\"@type\":\"SearchAction\",\"target\":{\"@type\":\"EntryPoint\",\"urlTemplate\":\"https:\/\/staging.schneiderlegal.com\/?s={search_term_string}\"},\"query-input\":{\"@type\":\"PropertyValueSpecification\",\"valueRequired\":true,\"valueName\":\"search_term_string\"}}],\"inLanguage\":\"fr-FR\"}]}<\/script>\n<!-- \/ Yoast SEO plugin. -->","yoast_head_json":{"title":"Solutions et proc\u00e9dures judiciaires pour un propri\u00e9taire - Schneider Legal","description":"Il est important de rappeler que la premi\u00e8re \u00e9tape recommand\u00e9e avant d'entamer une proc\u00e9dure judiciaire est toujours de consulter un avocat.","robots":{"index":"noindex","follow":"follow","max-snippet":"max-snippet:-1","max-image-preview":"max-image-preview:large","max-video-preview":"max-video-preview:-1"},"og_locale":"fr_FR","og_type":"article","og_title":"Solutions et proc\u00e9dures judiciaires pour un propri\u00e9taire - Schneider Legal","og_description":"Il est important de rappeler que la premi\u00e8re \u00e9tape recommand\u00e9e avant d'entamer une proc\u00e9dure judiciaire est toujours de consulter un avocat.","og_url":"https:\/\/staging.schneiderlegal.com\/real-estate-law\/solutions-and-legal-proceedings-for-a-landlord\/","og_site_name":"Schneider Legal","article_modified_time":"2018-07-19T13:28:10+00:00","twitter_card":"summary_large_image","twitter_misc":{"Est. reading time":"6 minutes"},"schema":{"@context":"https:\/\/schema.org","@graph":[{"@type":"WebPage","@id":"https:\/\/staging.schneiderlegal.com\/real-estate-law\/solutions-and-legal-proceedings-for-a-landlord\/","url":"https:\/\/staging.schneiderlegal.com\/real-estate-law\/solutions-and-legal-proceedings-for-a-landlord\/","name":"Solutions et proc\u00e9dures judiciaires pour un propri\u00e9taire - Schneider Legal","isPartOf":{"@id":"https:\/\/staging.schneiderlegal.com\/#website"},"datePublished":"2018-07-11T14:06:20+00:00","dateModified":"2018-07-19T13:28:10+00:00","description":"Il est important de rappeler que la premi\u00e8re \u00e9tape recommand\u00e9e avant d'entamer une proc\u00e9dure judiciaire est toujours de consulter un avocat.","breadcrumb":{"@id":"https:\/\/staging.schneiderlegal.com\/real-estate-law\/solutions-and-legal-proceedings-for-a-landlord\/#breadcrumb"},"inLanguage":"fr-FR","potentialAction":[{"@type":"ReadAction","target":["https:\/\/staging.schneiderlegal.com\/real-estate-law\/solutions-and-legal-proceedings-for-a-landlord\/"]}]},{"@type":"BreadcrumbList","@id":"https:\/\/staging.schneiderlegal.com\/real-estate-law\/solutions-and-legal-proceedings-for-a-landlord\/#breadcrumb","itemListElement":[{"@type":"ListItem","position":1,"name":"Home","item":"https:\/\/staging.schneiderlegal.com\/fr\/"},{"@type":"ListItem","position":2,"name":"DROIT IMMOBILIER","item":"https:\/\/staging.schneiderlegal.com\/real-estate-law\/"},{"@type":"ListItem","position":3,"name":"Solutions et proc\u00e9dures judiciaires pour un propri\u00e9taire"}]},{"@type":"WebSite","@id":"https:\/\/staging.schneiderlegal.com\/#website","url":"https:\/\/staging.schneiderlegal.com\/","name":"Schneider Legal","description":"Real Estate Lawyer Montreal - Estate Lawyer","potentialAction":[{"@type":"SearchAction","target":{"@type":"EntryPoint","urlTemplate":"https:\/\/staging.schneiderlegal.com\/?s={search_term_string}"},"query-input":{"@type":"PropertyValueSpecification","valueRequired":true,"valueName":"search_term_string"}}],"inLanguage":"fr-FR"}]}},"_links":{"self":[{"href":"https:\/\/staging.schneiderlegal.com\/fr\/wp-json\/wp\/v2\/pages\/12856","targetHints":{"allow":["GET"]}}],"collection":[{"href":"https:\/\/staging.schneiderlegal.com\/fr\/wp-json\/wp\/v2\/pages"}],"about":[{"href":"https:\/\/staging.schneiderlegal.com\/fr\/wp-json\/wp\/v2\/types\/page"}],"author":[{"embeddable":true,"href":"https:\/\/staging.schneiderlegal.com\/fr\/wp-json\/wp\/v2\/users\/2"}],"replies":[{"embeddable":true,"href":"https:\/\/staging.schneiderlegal.com\/fr\/wp-json\/wp\/v2\/comments?post=12856"}],"version-history":[{"count":4,"href":"https:\/\/staging.schneiderlegal.com\/fr\/wp-json\/wp\/v2\/pages\/12856\/revisions"}],"predecessor-version":[{"id":12929,"href":"https:\/\/staging.schneiderlegal.com\/fr\/wp-json\/wp\/v2\/pages\/12856\/revisions\/12929"}],"up":[{"embeddable":true,"href":"https:\/\/staging.schneiderlegal.com\/fr\/wp-json\/wp\/v2\/pages\/10901"}],"wp:attachment":[{"href":"https:\/\/staging.schneiderlegal.com\/fr\/wp-json\/wp\/v2\/media?parent=12856"}],"curies":[{"name":"wp","href":"https:\/\/api.w.org\/{rel}","templated":true}]}}