{"id":12850,"date":"2018-07-11T10:20:56","date_gmt":"2018-07-11T14:20:56","guid":{"rendered":"https:\/\/staging.schneiderlegal.com\/fr\/droit-immobilier\/harassment-landlord\/"},"modified":"2018-07-19T09:28:52","modified_gmt":"2018-07-19T13:28:52","slug":"harcelement-locateur","status":"publish","type":"page","link":"https:\/\/staging.schneiderlegal.com\/fr\/droit-immobilier\/harcelement-locateur\/","title":{"rendered":"Harc\u00e8lement"},"content":{"rendered":"[vc_row fullwidth=&nbsp;&raquo;true&nbsp;&raquo; css=&nbsp;&raquo;.vc_custom_1466444759232{border-bottom-width: 2px !important;padding-top: 0px !important;padding-right: 0px !important;padding-bottom: 0px !important;padding-left: 0px !important;border-bottom-color: #568db6 !important;border-bottom-style: solid !important;}&nbsp;&raquo;][vc_column][mk_page_title_box page_title=&nbsp;&raquo;Harc\u00e8lement&nbsp;&raquo; section_height=&nbsp;&raquo;300&Prime; bg_image=&nbsp;&raquo;https:\/\/staging.schneiderlegal.com\/wp-content\/uploads\/2016\/07\/photodune-304484-condos-m.jpg&nbsp;&raquo; bg_position=&nbsp;&raquo;center center&nbsp;&raquo; bg_stretch=&nbsp;&raquo;true&nbsp;&raquo; font_size=&nbsp;&raquo;40&Prime; font_color=&nbsp;&raquo;#ffffff&nbsp;&raquo; font_weight=&nbsp;&raquo;bold&nbsp;&raquo; underline=&nbsp;&raquo;false&nbsp;&raquo; sub_font_size=&nbsp;&raquo;20&Prime; sub_font_color=&nbsp;&raquo;#ffffff&nbsp;&raquo; sub_font_weight=&nbsp;&raquo;bold&nbsp;&raquo; el_class=&nbsp;&raquo;titleshadow margintopcontrat&nbsp;&raquo;][\/vc_column][\/vc_row][vc_row][vc_column][mk_padding_divider size=&nbsp;&raquo;75&Prime;][vc_column_text]Si vous subissez une forme quelconque de harc\u00e8lement, comme un comportement envahissant et\/ou col\u00e9rique, un langage abusif, un abus physique ou psychologique, des recours incessants \u00e0 la R\u00e9gie du logement ou toute autre forme de comportement inappropri\u00e9, un avocat pourra vous aider \u00e0 d\u00e9fendre vos droits.<\/p>\n<p>La probl\u00e9matique du harc\u00e8lement dans un contexte de location r\u00e9sidentielle se manifeste dans des situations o\u00f9 des int\u00e9r\u00eats divergents ou oppos\u00e9s se rencontrent. Un exemple commun ressort du droit, pour le locateur, de v\u00e9rifier l&rsquo;\u00e9tat du logement en le visitant, afin de s&rsquo;assurer de son \u00e9tat et du droit d&rsquo;un locataire \u00e0 la jouissance paisible de son logement et \u00e0 sa vie priv\u00e9e.<\/p>\n<p>Ainsi, la ligne est mince entre, d&rsquo;une part, une v\u00e9rification faite de bonne foi, et d&rsquo;autre part, des inspections \u00e0 un intervalle d\u00e9raisonnable. Ces derni\u00e8res seraient abusives et pourraient causer pr\u00e9judice au locataire dont le droit \u00e0 la vie priv\u00e9e est prot\u00e9g\u00e9. Une fr\u00e9quence de visite trop \u00e9lev\u00e9e pourrait alors \u00eatre assimil\u00e9e \u00e0 du harc\u00e8lement et risque d&rsquo;\u00eatre sanctionn\u00e9e par des dommages-int\u00e9r\u00eats.<\/p>\n<p>Il faut noter que la nature du harc\u00e8lement exige la r\u00e9p\u00e9tition et\/ou la continuit\u00e9 du comportement contest\u00e9. Cependant, un \u00e9v\u00e9nement majeur peut \u00eatre consid\u00e9r\u00e9 comme un acte de harc\u00e8lement si les effets de l&rsquo;\u00e9v\u00e9nement se poursuivent de mani\u00e8re \u00e0 priver la jouissance paisible du logement.<\/p>\n<p>Un simple conflit ou une diff\u00e9rence d&rsquo;opinion ne peut pas \u00eatre qualifi\u00e9 de harc\u00e8lement. Le harc\u00e8lement implique une intention ou un objectif de mauvaise foi d&rsquo;expulser le locataire ou de diminuer sa jouissance paisible du logement.<\/p>\n<p>Cependant, la R\u00e9gie du logement n&rsquo;a pas comp\u00e9tence pour trancher sur les questions relatives au harc\u00e8lement d&rsquo;un locateur par un locataire. C&rsquo;est la Court du Qu\u00e9bec qui a comp\u00e9tence pour accorder des dommages-int\u00e9r\u00eats pour le harc\u00e8lement subi par un locateur.[\/vc_column_text][mk_divider style=&nbsp;&raquo;shadow_line&nbsp;&raquo; margin_bottom=&nbsp;&raquo;50&Prime;][vc_column_text]Si vous recherchez un cabinet d\u2019avocat qui propose des honoraires raisonnables, un traitement rapide et efficace de vos dossiers et un suivi personnalis\u00e9 et efficace, n\u2019h\u00e9sitez pas \u00e0 communiquer avec Schneider Avocats au (514) 439-1322 ext. 112 ou par courriel \u00e0 l\u2019adresse : <a href=\"mailto:info@schneiderlegal.com\">info@schneiderlegal.com<\/a>[\/vc_column_text][mk_divider style=&nbsp;&raquo;shadow_line&nbsp;&raquo; margin_bottom=&nbsp;&raquo;50&Prime;][vc_column_text]\n<p style=\"text-align: justify; font-size: 10px;\"><i><span lang=\"FR-CA\">Le processus pr\u00e9sent\u00e9 ci-dessus ne constitue qu\u2019un outil de r\u00e9f\u00e9rence et ne comporte aucune garantie relative \u00e0 votre dossier. Nous vous recommandons fortement de recourir aux conseils juridiques d\u2019un avocat, membre en r\u00e8gle du Barreau du Qu\u00e9bec. Les particularit\u00e9s propres \u00e0 chaque cas d\u2019esp\u00e8ce doivent faire l\u2019objet d\u2019une analyse exhaustive puisque le processus peut s\u2019av\u00e9rer complexe et techniquement difficile.<\/span><\/i><\/p>\n[\/vc_column_text][mk_padding_divider][\/vc_column][\/vc_row]\n","protected":false},"excerpt":{"rendered":"<p>[vc_row fullwidth=&nbsp;&raquo;true&nbsp;&raquo; css=&nbsp;&raquo;.vc_custom_1466444759232{border-bottom-width: 2px !important;padding-top: 0px !important;padding-right: 0px !important;padding-bottom: 0px !important;padding-left: 0px !important;border-bottom-color: #568db6 !important;border-bottom-style: solid !important;}&nbsp;&raquo;][vc_column][mk_page_title_box page_title=&nbsp;&raquo;Harc\u00e8lement&nbsp;&raquo; section_height=&nbsp;&raquo;300&Prime; bg_image=&nbsp;&raquo;https:\/\/staging.schneiderlegal.com\/wp-content\/uploads\/2016\/07\/photodune-304484-condos-m.jpg&nbsp;&raquo; bg_position=&nbsp;&raquo;center center&nbsp;&raquo; bg_stretch=&nbsp;&raquo;true&nbsp;&raquo; font_size=&nbsp;&raquo;40&Prime; font_color=&nbsp;&raquo;#ffffff&nbsp;&raquo; font_weight=&nbsp;&raquo;bold&nbsp;&raquo; underline=&nbsp;&raquo;false&nbsp;&raquo; sub_font_size=&nbsp;&raquo;20&Prime; sub_font_color=&nbsp;&raquo;#ffffff&nbsp;&raquo; sub_font_weight=&nbsp;&raquo;bold&nbsp;&raquo; el_class=&nbsp;&raquo;titleshadow margintopcontrat&nbsp;&raquo;][\/vc_column][\/vc_row][vc_row][vc_column][mk_padding_divider size=&nbsp;&raquo;75&Prime;][vc_column_text]Si vous subissez une forme quelconque de harc\u00e8lement, comme un comportement envahissant et\/ou col\u00e9rique, un langage abusif, un abus physique ou psychologique, des [&hellip;]<\/p>\n","protected":false},"author":2,"featured_media":0,"parent":10901,"menu_order":0,"comment_status":"open","ping_status":"closed","template":"","meta":{"footnotes":""},"class_list":["post-12850","page","type-page","status-publish","hentry"],"yoast_head":"<!-- This site is optimized with the Yoast SEO plugin v27.0 - https:\/\/yoast.com\/product\/yoast-seo-wordpress\/ -->\n<title>Harc\u00e8lement - Droit immobilier Montr\u00e9al - R\u00e9gie du logement - Schneider Legal<\/title>\n<meta name=\"description\" content=\"La probl\u00e9matique du harc\u00e8lement dans un contexte de location r\u00e9sidentielle se manifeste dans des situations o\u00f9 des int\u00e9r\u00eats divergents ou oppos\u00e9s se rencontrent.\" \/>\n<meta name=\"robots\" content=\"noindex, follow, max-snippet:-1, max-image-preview:large, max-video-preview:-1\" \/>\n<meta property=\"og:locale\" content=\"fr_FR\" \/>\n<meta property=\"og:type\" content=\"article\" \/>\n<meta property=\"og:title\" content=\"Harc\u00e8lement - Droit immobilier Montr\u00e9al - R\u00e9gie du logement - Schneider Legal\" \/>\n<meta property=\"og:description\" content=\"La probl\u00e9matique du harc\u00e8lement dans un contexte de location r\u00e9sidentielle se manifeste dans des situations o\u00f9 des int\u00e9r\u00eats divergents ou oppos\u00e9s se rencontrent.\" \/>\n<meta property=\"og:url\" content=\"https:\/\/staging.schneiderlegal.com\/real-estate-law\/harassment-landlord\/\" \/>\n<meta property=\"og:site_name\" content=\"Schneider Legal\" \/>\n<meta property=\"article:modified_time\" content=\"2018-07-19T13:28:52+00:00\" \/>\n<meta name=\"twitter:card\" content=\"summary_large_image\" \/>\n<meta name=\"twitter:label1\" content=\"Est. reading time\" \/>\n\t<meta name=\"twitter:data1\" content=\"3 minutes\" \/>\n<script type=\"application\/ld+json\" class=\"yoast-schema-graph\">{\"@context\":\"https:\/\/schema.org\",\"@graph\":[{\"@type\":\"WebPage\",\"@id\":\"https:\/\/staging.schneiderlegal.com\/real-estate-law\/harassment-landlord\/\",\"url\":\"https:\/\/staging.schneiderlegal.com\/real-estate-law\/harassment-landlord\/\",\"name\":\"Harc\u00e8lement - Droit immobilier Montr\u00e9al - R\u00e9gie du logement - Schneider Legal\",\"isPartOf\":{\"@id\":\"https:\/\/staging.schneiderlegal.com\/#website\"},\"datePublished\":\"2018-07-11T14:20:56+00:00\",\"dateModified\":\"2018-07-19T13:28:52+00:00\",\"description\":\"La probl\u00e9matique du harc\u00e8lement dans un contexte de location r\u00e9sidentielle se manifeste dans des situations o\u00f9 des int\u00e9r\u00eats divergents ou oppos\u00e9s se rencontrent.\",\"breadcrumb\":{\"@id\":\"https:\/\/staging.schneiderlegal.com\/real-estate-law\/harassment-landlord\/#breadcrumb\"},\"inLanguage\":\"fr-FR\",\"potentialAction\":[{\"@type\":\"ReadAction\",\"target\":[\"https:\/\/staging.schneiderlegal.com\/real-estate-law\/harassment-landlord\/\"]}]},{\"@type\":\"BreadcrumbList\",\"@id\":\"https:\/\/staging.schneiderlegal.com\/real-estate-law\/harassment-landlord\/#breadcrumb\",\"itemListElement\":[{\"@type\":\"ListItem\",\"position\":1,\"name\":\"Home\",\"item\":\"https:\/\/staging.schneiderlegal.com\/fr\/\"},{\"@type\":\"ListItem\",\"position\":2,\"name\":\"DROIT IMMOBILIER\",\"item\":\"https:\/\/staging.schneiderlegal.com\/real-estate-law\/\"},{\"@type\":\"ListItem\",\"position\":3,\"name\":\"Harc\u00e8lement\"}]},{\"@type\":\"WebSite\",\"@id\":\"https:\/\/staging.schneiderlegal.com\/#website\",\"url\":\"https:\/\/staging.schneiderlegal.com\/\",\"name\":\"Schneider Legal\",\"description\":\"Real Estate Lawyer Montreal - Estate Lawyer\",\"potentialAction\":[{\"@type\":\"SearchAction\",\"target\":{\"@type\":\"EntryPoint\",\"urlTemplate\":\"https:\/\/staging.schneiderlegal.com\/?s={search_term_string}\"},\"query-input\":{\"@type\":\"PropertyValueSpecification\",\"valueRequired\":true,\"valueName\":\"search_term_string\"}}],\"inLanguage\":\"fr-FR\"}]}<\/script>\n<!-- \/ Yoast SEO plugin. -->","yoast_head_json":{"title":"Harc\u00e8lement - Droit immobilier Montr\u00e9al - R\u00e9gie du logement - Schneider Legal","description":"La probl\u00e9matique du harc\u00e8lement dans un contexte de location r\u00e9sidentielle se manifeste dans des situations o\u00f9 des int\u00e9r\u00eats divergents ou oppos\u00e9s se rencontrent.","robots":{"index":"noindex","follow":"follow","max-snippet":"max-snippet:-1","max-image-preview":"max-image-preview:large","max-video-preview":"max-video-preview:-1"},"og_locale":"fr_FR","og_type":"article","og_title":"Harc\u00e8lement - Droit immobilier Montr\u00e9al - R\u00e9gie du logement - Schneider Legal","og_description":"La probl\u00e9matique du harc\u00e8lement dans un contexte de location r\u00e9sidentielle se manifeste dans des situations o\u00f9 des int\u00e9r\u00eats divergents ou oppos\u00e9s se rencontrent.","og_url":"https:\/\/staging.schneiderlegal.com\/real-estate-law\/harassment-landlord\/","og_site_name":"Schneider Legal","article_modified_time":"2018-07-19T13:28:52+00:00","twitter_card":"summary_large_image","twitter_misc":{"Est. reading time":"3 minutes"},"schema":{"@context":"https:\/\/schema.org","@graph":[{"@type":"WebPage","@id":"https:\/\/staging.schneiderlegal.com\/real-estate-law\/harassment-landlord\/","url":"https:\/\/staging.schneiderlegal.com\/real-estate-law\/harassment-landlord\/","name":"Harc\u00e8lement - Droit immobilier Montr\u00e9al - R\u00e9gie du logement - Schneider Legal","isPartOf":{"@id":"https:\/\/staging.schneiderlegal.com\/#website"},"datePublished":"2018-07-11T14:20:56+00:00","dateModified":"2018-07-19T13:28:52+00:00","description":"La probl\u00e9matique du harc\u00e8lement dans un contexte de location r\u00e9sidentielle se manifeste dans des situations o\u00f9 des int\u00e9r\u00eats divergents ou oppos\u00e9s se rencontrent.","breadcrumb":{"@id":"https:\/\/staging.schneiderlegal.com\/real-estate-law\/harassment-landlord\/#breadcrumb"},"inLanguage":"fr-FR","potentialAction":[{"@type":"ReadAction","target":["https:\/\/staging.schneiderlegal.com\/real-estate-law\/harassment-landlord\/"]}]},{"@type":"BreadcrumbList","@id":"https:\/\/staging.schneiderlegal.com\/real-estate-law\/harassment-landlord\/#breadcrumb","itemListElement":[{"@type":"ListItem","position":1,"name":"Home","item":"https:\/\/staging.schneiderlegal.com\/fr\/"},{"@type":"ListItem","position":2,"name":"DROIT IMMOBILIER","item":"https:\/\/staging.schneiderlegal.com\/real-estate-law\/"},{"@type":"ListItem","position":3,"name":"Harc\u00e8lement"}]},{"@type":"WebSite","@id":"https:\/\/staging.schneiderlegal.com\/#website","url":"https:\/\/staging.schneiderlegal.com\/","name":"Schneider Legal","description":"Real Estate Lawyer Montreal - Estate Lawyer","potentialAction":[{"@type":"SearchAction","target":{"@type":"EntryPoint","urlTemplate":"https:\/\/staging.schneiderlegal.com\/?s={search_term_string}"},"query-input":{"@type":"PropertyValueSpecification","valueRequired":true,"valueName":"search_term_string"}}],"inLanguage":"fr-FR"}]}},"_links":{"self":[{"href":"https:\/\/staging.schneiderlegal.com\/fr\/wp-json\/wp\/v2\/pages\/12850","targetHints":{"allow":["GET"]}}],"collection":[{"href":"https:\/\/staging.schneiderlegal.com\/fr\/wp-json\/wp\/v2\/pages"}],"about":[{"href":"https:\/\/staging.schneiderlegal.com\/fr\/wp-json\/wp\/v2\/types\/page"}],"author":[{"embeddable":true,"href":"https:\/\/staging.schneiderlegal.com\/fr\/wp-json\/wp\/v2\/users\/2"}],"replies":[{"embeddable":true,"href":"https:\/\/staging.schneiderlegal.com\/fr\/wp-json\/wp\/v2\/comments?post=12850"}],"version-history":[{"count":2,"href":"https:\/\/staging.schneiderlegal.com\/fr\/wp-json\/wp\/v2\/pages\/12850\/revisions"}],"predecessor-version":[{"id":12906,"href":"https:\/\/staging.schneiderlegal.com\/fr\/wp-json\/wp\/v2\/pages\/12850\/revisions\/12906"}],"up":[{"embeddable":true,"href":"https:\/\/staging.schneiderlegal.com\/fr\/wp-json\/wp\/v2\/pages\/10901"}],"wp:attachment":[{"href":"https:\/\/staging.schneiderlegal.com\/fr\/wp-json\/wp\/v2\/media?parent=12850"}],"curies":[{"name":"wp","href":"https:\/\/api.w.org\/{rel}","templated":true}]}}