{"id":12849,"date":"2018-07-11T10:23:26","date_gmt":"2018-07-11T14:23:26","guid":{"rendered":"https:\/\/staging.schneiderlegal.com\/fr\/droit-immobilier\/urgency-and-repairs-2\/"},"modified":"2018-07-19T09:28:57","modified_gmt":"2018-07-19T13:28:57","slug":"urgence-et-reparation-locateur","status":"publish","type":"page","link":"https:\/\/staging.schneiderlegal.com\/fr\/droit-immobilier\/urgence-et-reparation-locateur\/","title":{"rendered":"Urgence et r\u00e9paration"},"content":{"rendered":"[vc_row fullwidth=&nbsp;&raquo;true&nbsp;&raquo; css=&nbsp;&raquo;.vc_custom_1466444759232{border-bottom-width: 2px !important;padding-top: 0px !important;padding-right: 0px !important;padding-bottom: 0px !important;padding-left: 0px !important;border-bottom-color: #568db6 !important;border-bottom-style: solid !important;}&nbsp;&raquo;][vc_column][mk_page_title_box page_title=&nbsp;&raquo;Urgence et r\u00e9paration&nbsp;&raquo; section_height=&nbsp;&raquo;300&Prime; bg_image=&nbsp;&raquo;https:\/\/staging.schneiderlegal.com\/wp-content\/uploads\/2016\/07\/photodune-304484-condos-m.jpg&nbsp;&raquo; bg_position=&nbsp;&raquo;center center&nbsp;&raquo; bg_stretch=&nbsp;&raquo;true&nbsp;&raquo; font_size=&nbsp;&raquo;40&Prime; font_color=&nbsp;&raquo;#ffffff&nbsp;&raquo; font_weight=&nbsp;&raquo;bold&nbsp;&raquo; underline=&nbsp;&raquo;false&nbsp;&raquo; sub_font_size=&nbsp;&raquo;20&Prime; sub_font_color=&nbsp;&raquo;#ffffff&nbsp;&raquo; sub_font_weight=&nbsp;&raquo;bold&nbsp;&raquo; el_class=&nbsp;&raquo;titleshadow margintopcontrat&nbsp;&raquo;][\/vc_column][\/vc_row][vc_row][vc_column][mk_padding_divider size=&nbsp;&raquo;75&Prime;][vc_column_text]Alors que le locataire a le droit \u00e0 la jouissance paisible du logement, le locateur a \u00e9galement le droit d&rsquo;assurer celle-ci. Il en r\u00e9sulte donc que le locateur peut exiger l&rsquo;\u00e9vacuation temporaire du logement afin de proc\u00e9der aux r\u00e9parations n\u00e9cessaires et urgentes. Le tout restant sujet \u00e0 une appr\u00e9ciation selon les circonstances, le locataire conserve n\u00e9anmoins son droit de demander une indemnit\u00e9 ou m\u00eame la r\u00e9siliation du bail.<\/p>\n<p>Dans tous les cas o\u00f9 les r\u00e9parations ne sont pas urgentes et\/ou n\u00e9cessaires, une demande d&rsquo;approbation doit n\u00e9cessairement \u00eatre pr\u00e9sent\u00e9e \u00e0 la R\u00e9gie du logement par le locateur lorsque le locataire serait temporairement d\u00e9poss\u00e9d\u00e9 de son logement en raison des r\u00e9parations.<\/p>\n<p>De plus, le locateur doit informer le locataire des r\u00e9parations urgentes et n\u00e9cessaires dans les plus brefs d\u00e9lais.<\/p>\n<p>Si le locateur n\u00e9glige de proc\u00e9der aux r\u00e9parations n\u00e9cessaires et urgentes, le locataire a le droit de proc\u00e9der lui-m\u00eame auxdites r\u00e9parations et de r\u00e9clamer le remboursement des frais.[\/vc_column_text][mk_divider style=&nbsp;&raquo;shadow_line&nbsp;&raquo; margin_bottom=&nbsp;&raquo;50&Prime;][vc_column_text]Si vous recherchez un cabinet d\u2019avocat qui propose des honoraires raisonnables, un traitement rapide et efficace de vos dossiers et un suivi personnalis\u00e9 et efficace, n\u2019h\u00e9sitez pas \u00e0 communiquer avec Schneider Avocats au (514) 439-1322 ext. 112 ou par courriel \u00e0 l\u2019adresse : <a href=\"mailto:info@schneiderlegal.com\">info@schneiderlegal.com<\/a>[\/vc_column_text][mk_divider style=&nbsp;&raquo;shadow_line&nbsp;&raquo; margin_bottom=&nbsp;&raquo;50&Prime;][vc_column_text]\n<p style=\"text-align: justify; font-size: 10px;\"><i><span lang=\"FR-CA\">Le processus pr\u00e9sent\u00e9 ci-dessus ne constitue qu\u2019un outil de r\u00e9f\u00e9rence et ne comporte aucune garantie relative \u00e0 votre dossier. Nous vous recommandons fortement de recourir aux conseils juridiques d\u2019un avocat, membre en r\u00e8gle du Barreau du Qu\u00e9bec. Les particularit\u00e9s propres \u00e0 chaque cas d\u2019esp\u00e8ce doivent faire l\u2019objet d\u2019une analyse exhaustive puisque le processus peut s\u2019av\u00e9rer complexe et techniquement difficile.<\/span><\/i><\/p>\n[\/vc_column_text][mk_padding_divider][\/vc_column][\/vc_row]\n","protected":false},"excerpt":{"rendered":"<p>[vc_row fullwidth=&nbsp;&raquo;true&nbsp;&raquo; css=&nbsp;&raquo;.vc_custom_1466444759232{border-bottom-width: 2px !important;padding-top: 0px !important;padding-right: 0px !important;padding-bottom: 0px !important;padding-left: 0px !important;border-bottom-color: #568db6 !important;border-bottom-style: solid !important;}&nbsp;&raquo;][vc_column][mk_page_title_box page_title=&nbsp;&raquo;Urgence et r\u00e9paration&nbsp;&raquo; section_height=&nbsp;&raquo;300&Prime; bg_image=&nbsp;&raquo;https:\/\/staging.schneiderlegal.com\/wp-content\/uploads\/2016\/07\/photodune-304484-condos-m.jpg&nbsp;&raquo; bg_position=&nbsp;&raquo;center center&nbsp;&raquo; bg_stretch=&nbsp;&raquo;true&nbsp;&raquo; font_size=&nbsp;&raquo;40&Prime; font_color=&nbsp;&raquo;#ffffff&nbsp;&raquo; font_weight=&nbsp;&raquo;bold&nbsp;&raquo; underline=&nbsp;&raquo;false&nbsp;&raquo; sub_font_size=&nbsp;&raquo;20&Prime; sub_font_color=&nbsp;&raquo;#ffffff&nbsp;&raquo; sub_font_weight=&nbsp;&raquo;bold&nbsp;&raquo; el_class=&nbsp;&raquo;titleshadow margintopcontrat&nbsp;&raquo;][\/vc_column][\/vc_row][vc_row][vc_column][mk_padding_divider size=&nbsp;&raquo;75&Prime;][vc_column_text]Alors que le locataire a le droit \u00e0 la jouissance paisible du logement, le locateur a \u00e9galement le droit d&rsquo;assurer celle-ci. [&hellip;]<\/p>\n","protected":false},"author":2,"featured_media":0,"parent":10901,"menu_order":0,"comment_status":"open","ping_status":"closed","template":"","meta":{"footnotes":""},"class_list":["post-12849","page","type-page","status-publish","hentry"],"yoast_head":"<!-- This site is optimized with the Yoast SEO plugin v27.0 - https:\/\/yoast.com\/product\/yoast-seo-wordpress\/ -->\n<title>Urgence et r\u00e9paration - Droit immobilier Montr\u00e9al - Schneider Legal<\/title>\n<meta name=\"description\" content=\"Alors que le locataire a le droit \u00e0 la jouissance paisible du logement, le locateur a \u00e9galement le droit d&#039;assurer celle-ci.\" \/>\n<meta name=\"robots\" content=\"noindex, follow, max-snippet:-1, max-image-preview:large, max-video-preview:-1\" \/>\n<meta property=\"og:locale\" content=\"fr_FR\" \/>\n<meta property=\"og:type\" content=\"article\" \/>\n<meta property=\"og:title\" content=\"Urgence et r\u00e9paration - Droit immobilier Montr\u00e9al - Schneider Legal\" \/>\n<meta property=\"og:description\" content=\"Alors que le locataire a le droit \u00e0 la jouissance paisible du logement, le locateur a \u00e9galement le droit d&#039;assurer celle-ci.\" \/>\n<meta property=\"og:url\" content=\"https:\/\/staging.schneiderlegal.com\/real-estate-law\/urgency-and-repairs-2\/\" \/>\n<meta property=\"og:site_name\" content=\"Schneider Legal\" \/>\n<meta property=\"article:modified_time\" content=\"2018-07-19T13:28:57+00:00\" \/>\n<meta name=\"twitter:card\" content=\"summary_large_image\" \/>\n<meta name=\"twitter:label1\" content=\"Est. reading time\" \/>\n\t<meta name=\"twitter:data1\" content=\"2 minutes\" \/>\n<script type=\"application\/ld+json\" class=\"yoast-schema-graph\">{\"@context\":\"https:\/\/schema.org\",\"@graph\":[{\"@type\":\"WebPage\",\"@id\":\"https:\/\/staging.schneiderlegal.com\/real-estate-law\/urgency-and-repairs-2\/\",\"url\":\"https:\/\/staging.schneiderlegal.com\/real-estate-law\/urgency-and-repairs-2\/\",\"name\":\"Urgence et r\u00e9paration - Droit immobilier Montr\u00e9al - Schneider Legal\",\"isPartOf\":{\"@id\":\"https:\/\/staging.schneiderlegal.com\/#website\"},\"datePublished\":\"2018-07-11T14:23:26+00:00\",\"dateModified\":\"2018-07-19T13:28:57+00:00\",\"description\":\"Alors que le locataire a le droit \u00e0 la jouissance paisible du logement, le locateur a \u00e9galement le droit d'assurer celle-ci.\",\"breadcrumb\":{\"@id\":\"https:\/\/staging.schneiderlegal.com\/real-estate-law\/urgency-and-repairs-2\/#breadcrumb\"},\"inLanguage\":\"fr-FR\",\"potentialAction\":[{\"@type\":\"ReadAction\",\"target\":[\"https:\/\/staging.schneiderlegal.com\/real-estate-law\/urgency-and-repairs-2\/\"]}]},{\"@type\":\"BreadcrumbList\",\"@id\":\"https:\/\/staging.schneiderlegal.com\/real-estate-law\/urgency-and-repairs-2\/#breadcrumb\",\"itemListElement\":[{\"@type\":\"ListItem\",\"position\":1,\"name\":\"Home\",\"item\":\"https:\/\/staging.schneiderlegal.com\/fr\/\"},{\"@type\":\"ListItem\",\"position\":2,\"name\":\"DROIT IMMOBILIER\",\"item\":\"https:\/\/staging.schneiderlegal.com\/real-estate-law\/\"},{\"@type\":\"ListItem\",\"position\":3,\"name\":\"Urgence et r\u00e9paration\"}]},{\"@type\":\"WebSite\",\"@id\":\"https:\/\/staging.schneiderlegal.com\/#website\",\"url\":\"https:\/\/staging.schneiderlegal.com\/\",\"name\":\"Schneider Legal\",\"description\":\"Real Estate Lawyer Montreal - Estate Lawyer\",\"potentialAction\":[{\"@type\":\"SearchAction\",\"target\":{\"@type\":\"EntryPoint\",\"urlTemplate\":\"https:\/\/staging.schneiderlegal.com\/?s={search_term_string}\"},\"query-input\":{\"@type\":\"PropertyValueSpecification\",\"valueRequired\":true,\"valueName\":\"search_term_string\"}}],\"inLanguage\":\"fr-FR\"}]}<\/script>\n<!-- \/ Yoast SEO plugin. -->","yoast_head_json":{"title":"Urgence et r\u00e9paration - Droit immobilier Montr\u00e9al - Schneider Legal","description":"Alors que le locataire a le droit \u00e0 la jouissance paisible du logement, le locateur a \u00e9galement le droit d'assurer celle-ci.","robots":{"index":"noindex","follow":"follow","max-snippet":"max-snippet:-1","max-image-preview":"max-image-preview:large","max-video-preview":"max-video-preview:-1"},"og_locale":"fr_FR","og_type":"article","og_title":"Urgence et r\u00e9paration - Droit immobilier Montr\u00e9al - Schneider Legal","og_description":"Alors que le locataire a le droit \u00e0 la jouissance paisible du logement, le locateur a \u00e9galement le droit d'assurer celle-ci.","og_url":"https:\/\/staging.schneiderlegal.com\/real-estate-law\/urgency-and-repairs-2\/","og_site_name":"Schneider Legal","article_modified_time":"2018-07-19T13:28:57+00:00","twitter_card":"summary_large_image","twitter_misc":{"Est. reading time":"2 minutes"},"schema":{"@context":"https:\/\/schema.org","@graph":[{"@type":"WebPage","@id":"https:\/\/staging.schneiderlegal.com\/real-estate-law\/urgency-and-repairs-2\/","url":"https:\/\/staging.schneiderlegal.com\/real-estate-law\/urgency-and-repairs-2\/","name":"Urgence et r\u00e9paration - Droit immobilier Montr\u00e9al - Schneider Legal","isPartOf":{"@id":"https:\/\/staging.schneiderlegal.com\/#website"},"datePublished":"2018-07-11T14:23:26+00:00","dateModified":"2018-07-19T13:28:57+00:00","description":"Alors que le locataire a le droit \u00e0 la jouissance paisible du logement, le locateur a \u00e9galement le droit d'assurer celle-ci.","breadcrumb":{"@id":"https:\/\/staging.schneiderlegal.com\/real-estate-law\/urgency-and-repairs-2\/#breadcrumb"},"inLanguage":"fr-FR","potentialAction":[{"@type":"ReadAction","target":["https:\/\/staging.schneiderlegal.com\/real-estate-law\/urgency-and-repairs-2\/"]}]},{"@type":"BreadcrumbList","@id":"https:\/\/staging.schneiderlegal.com\/real-estate-law\/urgency-and-repairs-2\/#breadcrumb","itemListElement":[{"@type":"ListItem","position":1,"name":"Home","item":"https:\/\/staging.schneiderlegal.com\/fr\/"},{"@type":"ListItem","position":2,"name":"DROIT IMMOBILIER","item":"https:\/\/staging.schneiderlegal.com\/real-estate-law\/"},{"@type":"ListItem","position":3,"name":"Urgence et r\u00e9paration"}]},{"@type":"WebSite","@id":"https:\/\/staging.schneiderlegal.com\/#website","url":"https:\/\/staging.schneiderlegal.com\/","name":"Schneider Legal","description":"Real Estate Lawyer Montreal - Estate Lawyer","potentialAction":[{"@type":"SearchAction","target":{"@type":"EntryPoint","urlTemplate":"https:\/\/staging.schneiderlegal.com\/?s={search_term_string}"},"query-input":{"@type":"PropertyValueSpecification","valueRequired":true,"valueName":"search_term_string"}}],"inLanguage":"fr-FR"}]}},"_links":{"self":[{"href":"https:\/\/staging.schneiderlegal.com\/fr\/wp-json\/wp\/v2\/pages\/12849","targetHints":{"allow":["GET"]}}],"collection":[{"href":"https:\/\/staging.schneiderlegal.com\/fr\/wp-json\/wp\/v2\/pages"}],"about":[{"href":"https:\/\/staging.schneiderlegal.com\/fr\/wp-json\/wp\/v2\/types\/page"}],"author":[{"embeddable":true,"href":"https:\/\/staging.schneiderlegal.com\/fr\/wp-json\/wp\/v2\/users\/2"}],"replies":[{"embeddable":true,"href":"https:\/\/staging.schneiderlegal.com\/fr\/wp-json\/wp\/v2\/comments?post=12849"}],"version-history":[{"count":2,"href":"https:\/\/staging.schneiderlegal.com\/fr\/wp-json\/wp\/v2\/pages\/12849\/revisions"}],"predecessor-version":[{"id":12908,"href":"https:\/\/staging.schneiderlegal.com\/fr\/wp-json\/wp\/v2\/pages\/12849\/revisions\/12908"}],"up":[{"embeddable":true,"href":"https:\/\/staging.schneiderlegal.com\/fr\/wp-json\/wp\/v2\/pages\/10901"}],"wp:attachment":[{"href":"https:\/\/staging.schneiderlegal.com\/fr\/wp-json\/wp\/v2\/media?parent=12849"}],"curies":[{"name":"wp","href":"https:\/\/api.w.org\/{rel}","templated":true}]}}