{"id":12619,"date":"2018-02-23T14:39:13","date_gmt":"2018-02-23T18:39:13","guid":{"rendered":"https:\/\/staging.schneiderlegal.com\/fr\/estate-liquidation-form\/"},"modified":"2019-04-18T19:37:22","modified_gmt":"2019-04-18T23:37:22","slug":"formulaire-dinventaire-successoral","status":"publish","type":"page","link":"https:\/\/staging.schneiderlegal.com\/fr\/formulaire-dinventaire-successoral\/","title":{"rendered":"Formulaire d&rsquo;inventaire successoral"},"content":{"rendered":"[vc_row fullwidth=&nbsp;&raquo;true&nbsp;&raquo; css=&nbsp;&raquo;.vc_custom_1466444759232{border-bottom-width: 2px !important;padding-top: 0px !important;padding-right: 0px !important;padding-bottom: 0px !important;padding-left: 0px !important;border-bottom-color: #568db6 !important;border-bottom-style: solid !important;}&nbsp;&raquo;][vc_column][mk_page_title_box page_title=&nbsp;&raquo;Formulaire d&rsquo;inventaire successoral&nbsp;&raquo; section_height=&nbsp;&raquo;300&Prime; bg_image=&nbsp;&raquo;http:\/\/schneiderlegal.preview.web22.propulsionweb.ca\/wp-content\/uploads\/2014\/08\/photodune-5630324-testament-and-pen-m.jpg&nbsp;&raquo; bg_position=&nbsp;&raquo;center center&nbsp;&raquo; bg_stretch=&nbsp;&raquo;true&nbsp;&raquo; font_size=&nbsp;&raquo;40&Prime; font_color=&nbsp;&raquo;#ffffff&nbsp;&raquo; font_weight=&nbsp;&raquo;bold&nbsp;&raquo; underline=&nbsp;&raquo;false&nbsp;&raquo; sub_font_size=&nbsp;&raquo;20&Prime; sub_font_color=&nbsp;&raquo;#ffffff&nbsp;&raquo; sub_font_weight=&nbsp;&raquo;bold&nbsp;&raquo; el_class=&nbsp;&raquo;titleshadow&nbsp;&raquo;][\/vc_column][\/vc_row][vc_row][vc_column][mk_padding_divider size=&nbsp;&raquo;75&Prime;][vc_column_text]<strong>Comment faire l\u2019inventaire et la reddition des comptes par rapport aux biens, aux dettes et aux d\u00e9penses?<\/strong><\/p>\n<p>L\u2019article 1326 du C.c.Q. stipule que\u00a0:<\/p>\n<p style=\"padding-left: 30px;\"><em>L\u2019inventaire auquel peut \u00eatre tenu l\u2019administrateur doit comprendre l\u2019\u00e9num\u00e9ration fid\u00e8le et exacte de tous les biens qu\u2019il est charg\u00e9 d\u2019administrer ou qui forment le patrimoine administr\u00e9.<\/em><\/p>\n<p style=\"padding-left: 30px;\"><em>Il comprend notamment\u00a0:<\/em><\/p>\n<p style=\"padding-left: 30px;\"><em>1\u00b0 La d\u00e9signation des immeubles et la description des meubles, avec indication de leur valeur et, s\u2019il s\u2019agit d\u2019une universalit\u00e9 de biens meubles, une identification suffisante de cette universalit\u00e9;<\/em><\/p>\n<p style=\"padding-left: 30px;\"><em>2\u00b0 La d\u00e9signation des esp\u00e8ces en num\u00e9raire et des autres valeurs;<\/em><\/p>\n<p style=\"padding-left: 30px;\"><em>3\u00b0 L\u2019\u00e9num\u00e9ration des documents de valeur.<\/em><\/p>\n<p style=\"padding-left: 30px;\"><em>L\u2019inventaire fait aussi \u00e9tat des dettes et se termine par une r\u00e9capitulation de l\u2019actif et du passif<\/em><\/p>\n<p>L&rsquo;inventaire est fait soit par acte notari\u00e9 <em>en minute,<\/em> soit sous seing priv\u00e9 devant deux t\u00e9moins. Dans ce dernier cas, l&rsquo;auteur et les t\u00e9moins le signent et indiquent la date et le lieu de l&rsquo;ex\u00e9cution<a href=\"#_ftn1\" name=\"_ftnref1\"><\/a>.<\/p>\n<p>Veuillez noter que le liquidateur doit \u00e9galement produire un compte annuel (au moins une fois par ann\u00e9e) avec un relev\u00e9 \u00e0 jour, si le r\u00e8glement de la succession s\u2019\u00e9tale sur plus d\u2019un an.<\/p>\n<p>Pour obtenir des renseignements sur la fa\u00e7on de fournir un inventaire ou de remplir un formulaire de liquidation de succession, vous pouvez t\u00e9l\u00e9charger ce qui suit.[\/vc_column_text][mk_padding_divider][vc_row_inner][vc_column_inner width=&nbsp;&raquo;1\/2&Prime;][mk_button dimension=&nbsp;&raquo;outline&nbsp;&raquo; size=&nbsp;&raquo;large&nbsp;&raquo; url=&nbsp;&raquo;\/wp-content\/uploads\/2017\/10\/Formulaire-dinventaire-successorale.docx&nbsp;&raquo; align=&nbsp;&raquo;right&nbsp;&raquo; button_custom_width=&nbsp;&raquo;300&Prime;]FORMULAIRE SUCCESSORAL[\/mk_button][\/vc_column_inner][vc_column_inner width=&nbsp;&raquo;1\/2&Prime;][mk_button dimension=&nbsp;&raquo;outline&nbsp;&raquo; size=&nbsp;&raquo;large&nbsp;&raquo; url=&nbsp;&raquo;\/wp-content\/uploads\/2019\/04\/Christophe-Martineau-Inventaire-2019-FR..xlsx&nbsp;&raquo; button_custom_width=&nbsp;&raquo;300&Prime;]INVENTAIRE EXCEL[\/mk_button][\/vc_column_inner][\/vc_row_inner][mk_divider style=&nbsp;&raquo;shadow_line&nbsp;&raquo; margin_bottom=&nbsp;&raquo;50&Prime;][vc_column_text]Si vous recherchez un cabinet d\u2019avocat qui propose des honoraires raisonnables, un traitement rapide et efficace de vos dossiers et un suivi personnalis\u00e9 et efficace, n\u2019h\u00e9sitez pas \u00e0 communiquer avec Schneider Avocats\u00a0au (514) 439-1322 ext. 112 ou par courriel \u00e0 l\u2019adresse :\u00a0<a href=\"mailto:info@schneiderlegal.com\">info@schneiderlegal.com<\/a>[\/vc_column_text][mk_divider style=&nbsp;&raquo;shadow_line&nbsp;&raquo; margin_bottom=&nbsp;&raquo;50&Prime;][vc_column_text]\n<p style=\"text-align: justify; font-size: 10px;\"><i><span lang=\"FR-CA\">Le processus pr\u00e9sent\u00e9 ci-dessus ne constitue qu\u2019un outil de r\u00e9f\u00e9rence et ne comporte aucune garantie relative \u00e0 votre dossier. Nous vous recommandons fortement de recourir aux conseils juridiques d\u2019un avocat, membre en r\u00e8gle du Barreau du Qu\u00e9bec. Les particularit\u00e9s propres \u00e0 chaque cas d\u2019esp\u00e8ce doivent faire l\u2019objet d\u2019une analyse exhaustive puisque le processus peut s\u2019av\u00e9rer complexe et techniquement difficile.<\/span><\/i><\/p>\n[\/vc_column_text][mk_padding_divider][\/vc_column][\/vc_row]\n","protected":false},"excerpt":{"rendered":"<p>[vc_row fullwidth=&nbsp;&raquo;true&nbsp;&raquo; css=&nbsp;&raquo;.vc_custom_1466444759232{border-bottom-width: 2px !important;padding-top: 0px !important;padding-right: 0px !important;padding-bottom: 0px !important;padding-left: 0px !important;border-bottom-color: #568db6 !important;border-bottom-style: solid !important;}&nbsp;&raquo;][vc_column][mk_page_title_box page_title=&nbsp;&raquo;Formulaire d&rsquo;inventaire successoral&nbsp;&raquo; section_height=&nbsp;&raquo;300&Prime; bg_image=&nbsp;&raquo;http:\/\/schneiderlegal.preview.web22.propulsionweb.ca\/wp-content\/uploads\/2014\/08\/photodune-5630324-testament-and-pen-m.jpg&nbsp;&raquo; bg_position=&nbsp;&raquo;center center&nbsp;&raquo; bg_stretch=&nbsp;&raquo;true&nbsp;&raquo; font_size=&nbsp;&raquo;40&Prime; font_color=&nbsp;&raquo;#ffffff&nbsp;&raquo; font_weight=&nbsp;&raquo;bold&nbsp;&raquo; underline=&nbsp;&raquo;false&nbsp;&raquo; sub_font_size=&nbsp;&raquo;20&Prime; sub_font_color=&nbsp;&raquo;#ffffff&nbsp;&raquo; sub_font_weight=&nbsp;&raquo;bold&nbsp;&raquo; el_class=&nbsp;&raquo;titleshadow&nbsp;&raquo;][\/vc_column][\/vc_row][vc_row][vc_column][mk_padding_divider size=&nbsp;&raquo;75&Prime;][vc_column_text]Comment faire l\u2019inventaire et la reddition des comptes par rapport aux biens, aux dettes et aux d\u00e9penses? L\u2019article 1326 du C.c.Q. stipule [&hellip;]<\/p>\n","protected":false},"author":2,"featured_media":0,"parent":0,"menu_order":0,"comment_status":"open","ping_status":"open","template":"","meta":{"footnotes":""},"class_list":["post-12619","page","type-page","status-publish","hentry"],"yoast_head":"<!-- This site is optimized with the Yoast SEO plugin v27.0 - https:\/\/yoast.com\/product\/yoast-seo-wordpress\/ -->\n<title>Formulaire d&#039;inventaire successoral - Schneider Legal<\/title>\n<meta name=\"description\" content=\"Compl\u00e9tez le formulaire afin de nous aider \u00e0 traiter votre dossier plus efficacement.\" \/>\n<meta name=\"robots\" content=\"noindex, follow, max-snippet:-1, max-image-preview:large, max-video-preview:-1\" \/>\n<meta property=\"og:locale\" content=\"fr_FR\" \/>\n<meta property=\"og:type\" content=\"article\" \/>\n<meta property=\"og:title\" content=\"Formulaire d&#039;inventaire successoral - Schneider Legal\" \/>\n<meta property=\"og:description\" content=\"Compl\u00e9tez le formulaire afin de nous aider \u00e0 traiter votre dossier plus efficacement.\" \/>\n<meta property=\"og:url\" content=\"https:\/\/staging.schneiderlegal.com\/estate-liquidation-form\/\" \/>\n<meta property=\"og:site_name\" content=\"Schneider Legal\" \/>\n<meta property=\"article:modified_time\" content=\"2019-04-18T23:37:22+00:00\" \/>\n<meta name=\"twitter:card\" content=\"summary_large_image\" \/>\n<meta name=\"twitter:label1\" content=\"Est. reading time\" \/>\n\t<meta name=\"twitter:data1\" content=\"3 minutes\" \/>\n<script type=\"application\/ld+json\" class=\"yoast-schema-graph\">{\"@context\":\"https:\/\/schema.org\",\"@graph\":[{\"@type\":\"WebPage\",\"@id\":\"https:\/\/staging.schneiderlegal.com\/estate-liquidation-form\/\",\"url\":\"https:\/\/staging.schneiderlegal.com\/estate-liquidation-form\/\",\"name\":\"Formulaire d'inventaire successoral - Schneider Legal\",\"isPartOf\":{\"@id\":\"https:\/\/staging.schneiderlegal.com\/#website\"},\"datePublished\":\"2018-02-23T18:39:13+00:00\",\"dateModified\":\"2019-04-18T23:37:22+00:00\",\"description\":\"Compl\u00e9tez le formulaire afin de nous aider \u00e0 traiter votre dossier plus efficacement.\",\"breadcrumb\":{\"@id\":\"https:\/\/staging.schneiderlegal.com\/estate-liquidation-form\/#breadcrumb\"},\"inLanguage\":\"fr-FR\",\"potentialAction\":[{\"@type\":\"ReadAction\",\"target\":[\"https:\/\/staging.schneiderlegal.com\/estate-liquidation-form\/\"]}]},{\"@type\":\"BreadcrumbList\",\"@id\":\"https:\/\/staging.schneiderlegal.com\/estate-liquidation-form\/#breadcrumb\",\"itemListElement\":[{\"@type\":\"ListItem\",\"position\":1,\"name\":\"Home\",\"item\":\"https:\/\/staging.schneiderlegal.com\/fr\/\"},{\"@type\":\"ListItem\",\"position\":2,\"name\":\"Formulaire d&#8217;inventaire successoral\"}]},{\"@type\":\"WebSite\",\"@id\":\"https:\/\/staging.schneiderlegal.com\/#website\",\"url\":\"https:\/\/staging.schneiderlegal.com\/\",\"name\":\"Schneider Legal\",\"description\":\"Real Estate Lawyer Montreal - Estate Lawyer\",\"potentialAction\":[{\"@type\":\"SearchAction\",\"target\":{\"@type\":\"EntryPoint\",\"urlTemplate\":\"https:\/\/staging.schneiderlegal.com\/?s={search_term_string}\"},\"query-input\":{\"@type\":\"PropertyValueSpecification\",\"valueRequired\":true,\"valueName\":\"search_term_string\"}}],\"inLanguage\":\"fr-FR\"}]}<\/script>\n<!-- \/ Yoast SEO plugin. -->","yoast_head_json":{"title":"Formulaire d'inventaire successoral - Schneider Legal","description":"Compl\u00e9tez le formulaire afin de nous aider \u00e0 traiter votre dossier plus efficacement.","robots":{"index":"noindex","follow":"follow","max-snippet":"max-snippet:-1","max-image-preview":"max-image-preview:large","max-video-preview":"max-video-preview:-1"},"og_locale":"fr_FR","og_type":"article","og_title":"Formulaire d'inventaire successoral - Schneider Legal","og_description":"Compl\u00e9tez le formulaire afin de nous aider \u00e0 traiter votre dossier plus efficacement.","og_url":"https:\/\/staging.schneiderlegal.com\/estate-liquidation-form\/","og_site_name":"Schneider Legal","article_modified_time":"2019-04-18T23:37:22+00:00","twitter_card":"summary_large_image","twitter_misc":{"Est. reading time":"3 minutes"},"schema":{"@context":"https:\/\/schema.org","@graph":[{"@type":"WebPage","@id":"https:\/\/staging.schneiderlegal.com\/estate-liquidation-form\/","url":"https:\/\/staging.schneiderlegal.com\/estate-liquidation-form\/","name":"Formulaire d'inventaire successoral - Schneider Legal","isPartOf":{"@id":"https:\/\/staging.schneiderlegal.com\/#website"},"datePublished":"2018-02-23T18:39:13+00:00","dateModified":"2019-04-18T23:37:22+00:00","description":"Compl\u00e9tez le formulaire afin de nous aider \u00e0 traiter votre dossier plus efficacement.","breadcrumb":{"@id":"https:\/\/staging.schneiderlegal.com\/estate-liquidation-form\/#breadcrumb"},"inLanguage":"fr-FR","potentialAction":[{"@type":"ReadAction","target":["https:\/\/staging.schneiderlegal.com\/estate-liquidation-form\/"]}]},{"@type":"BreadcrumbList","@id":"https:\/\/staging.schneiderlegal.com\/estate-liquidation-form\/#breadcrumb","itemListElement":[{"@type":"ListItem","position":1,"name":"Home","item":"https:\/\/staging.schneiderlegal.com\/fr\/"},{"@type":"ListItem","position":2,"name":"Formulaire d&#8217;inventaire successoral"}]},{"@type":"WebSite","@id":"https:\/\/staging.schneiderlegal.com\/#website","url":"https:\/\/staging.schneiderlegal.com\/","name":"Schneider Legal","description":"Real Estate Lawyer Montreal - Estate Lawyer","potentialAction":[{"@type":"SearchAction","target":{"@type":"EntryPoint","urlTemplate":"https:\/\/staging.schneiderlegal.com\/?s={search_term_string}"},"query-input":{"@type":"PropertyValueSpecification","valueRequired":true,"valueName":"search_term_string"}}],"inLanguage":"fr-FR"}]}},"_links":{"self":[{"href":"https:\/\/staging.schneiderlegal.com\/fr\/wp-json\/wp\/v2\/pages\/12619","targetHints":{"allow":["GET"]}}],"collection":[{"href":"https:\/\/staging.schneiderlegal.com\/fr\/wp-json\/wp\/v2\/pages"}],"about":[{"href":"https:\/\/staging.schneiderlegal.com\/fr\/wp-json\/wp\/v2\/types\/page"}],"author":[{"embeddable":true,"href":"https:\/\/staging.schneiderlegal.com\/fr\/wp-json\/wp\/v2\/users\/2"}],"replies":[{"embeddable":true,"href":"https:\/\/staging.schneiderlegal.com\/fr\/wp-json\/wp\/v2\/comments?post=12619"}],"version-history":[{"count":6,"href":"https:\/\/staging.schneiderlegal.com\/fr\/wp-json\/wp\/v2\/pages\/12619\/revisions"}],"predecessor-version":[{"id":13361,"href":"https:\/\/staging.schneiderlegal.com\/fr\/wp-json\/wp\/v2\/pages\/12619\/revisions\/13361"}],"wp:attachment":[{"href":"https:\/\/staging.schneiderlegal.com\/fr\/wp-json\/wp\/v2\/media?parent=12619"}],"curies":[{"name":"wp","href":"https:\/\/api.w.org\/{rel}","templated":true}]}}