{"id":12401,"date":"2017-11-08T16:57:37","date_gmt":"2017-11-08T20:57:37","guid":{"rendered":"https:\/\/staging.schneiderlegal.com\/fr\/?page_id=12401"},"modified":"2017-11-08T17:01:37","modified_gmt":"2017-11-08T21:01:37","slug":"droit-du-travail-2","status":"publish","type":"page","link":"https:\/\/staging.schneiderlegal.com\/fr\/droit-du-travail-2\/","title":{"rendered":"DROIT DU TRAVAIL"},"content":{"rendered":"[vc_row fullwidth=&nbsp;&raquo;true&nbsp;&raquo; css=&nbsp;&raquo;.vc_custom_1466444759232{border-bottom-width: 2px !important;padding-top: 0px !important;padding-right: 0px !important;padding-bottom: 0px !important;padding-left: 0px !important;border-bottom-color: #568db6 !important;border-bottom-style: solid !important;}&nbsp;&raquo;][vc_column][mk_page_title_box page_title=&nbsp;&raquo;DROIT DU TRAVAIL&nbsp;&raquo; section_height=&nbsp;&raquo;300&Prime; bg_image=&nbsp;&raquo;https:\/\/staging.schneiderlegal.com\/wp-content\/uploads\/2017\/11\/labour-law-header.jpg&nbsp;&raquo; bg_position=&nbsp;&raquo;center center&nbsp;&raquo; bg_stretch=&nbsp;&raquo;true&nbsp;&raquo; overlay=&nbsp;&raquo;rgba(0,0,0,0.19)&nbsp;&raquo; font_size=&nbsp;&raquo;40&Prime; font_color=&nbsp;&raquo;#ffffff&nbsp;&raquo; font_weight=&nbsp;&raquo;bold&nbsp;&raquo; underline=&nbsp;&raquo;false&nbsp;&raquo; sub_font_size=&nbsp;&raquo;20&Prime; sub_font_color=&nbsp;&raquo;#ffffff&nbsp;&raquo; sub_font_weight=&nbsp;&raquo;bold&nbsp;&raquo; el_class=&nbsp;&raquo;titleshadow&nbsp;&raquo;][\/vc_column][\/vc_row][vc_row][vc_column][mk_padding_divider size=&nbsp;&raquo;75&Prime;][vc_column_text]\n<p style=\"text-align: justify;\">Schneider Avocats est un cabinet d\u2019avocats en mesure d\u2019offrir \u00e0 ses clients une gamme compl\u00e8te de services juridiques et d\u2019apporter des solutions pratiques et cr\u00e9atives pouvant r\u00e9pondre \u00e0 tous leurs besoins relatifs au droit du travail.<\/p>\n<p>Chez Schneider Avocats, nous comprenons les besoins et les pr\u00e9occupations de nos clients et nous nous engageons \u00e0 offrir un service sur mesure r\u00e9pondant aux besoins particuliers de chaque client.<\/p>\n<p style=\"text-align: justify;\">Pour en savoir plus sur le vaste \u00e9ventail de services juridiques que nous offrons, nous vous invitons \u00e0 cliquer sur les hyperliens suivants en fonction de vos besoins.<\/p>\n[\/vc_column_text][mk_divider style=&nbsp;&raquo;shadow_line&nbsp;&raquo; margin_bottom=&nbsp;&raquo;50&Prime;][mk_padding_divider size=&nbsp;&raquo;0&Prime;][\/vc_column][\/vc_row][vc_row][vc_column][mk_padding_divider size=&nbsp;&raquo;30&Prime;][mk_fancy_title color=&nbsp;&raquo;#393836&Prime; size=&nbsp;&raquo;22&Prime; font_weight=&nbsp;&raquo;bold&nbsp;&raquo; txt_transform=&nbsp;&raquo;uppercase&nbsp;&raquo; letter_spacing=&nbsp;&raquo;1&Prime; margin_bottom=&nbsp;&raquo;0&Prime; font_family=&nbsp;&raquo;none&nbsp;&raquo; align=&nbsp;&raquo;center&nbsp;&raquo;]NOS SERVICES EN DROIT\u00a0DU TRAVAIL[\/mk_fancy_title][mk_divider style=&nbsp;&raquo;thin_solid&nbsp;&raquo; divider_width=&nbsp;&raquo;custom_width&nbsp;&raquo; custom_width=&nbsp;&raquo;25&Prime; thickness=&nbsp;&raquo;3&Prime;][\/vc_column][\/vc_row][vc_row el_class=&nbsp;&raquo;buttonheight&nbsp;&raquo;][vc_column][mk_padding_divider size=&nbsp;&raquo;25&Prime;][vc_row_inner][vc_column_inner width=&nbsp;&raquo;1\/3&Prime;][mk_button dimension=&nbsp;&raquo;outline&nbsp;&raquo; size=&nbsp;&raquo;large&nbsp;&raquo; url=&nbsp;&raquo;\/fr\/generalites\/&nbsp;&raquo; align=&nbsp;&raquo;center&nbsp;&raquo;]CONTRAT DE TRAVAIL[\/mk_button][\/vc_column_inner][vc_column_inner width=&nbsp;&raquo;1\/3&Prime;][mk_button dimension=&nbsp;&raquo;outline&nbsp;&raquo; size=&nbsp;&raquo;large&nbsp;&raquo; url=&nbsp;&raquo;\/fr\/droit-du-travail\/les-normes-du-travail\/&nbsp;&raquo; align=&nbsp;&raquo;center&nbsp;&raquo;]NORMES DU TRAVAIL[\/mk_button][\/vc_column_inner][vc_column_inner width=&nbsp;&raquo;1\/3&Prime;][mk_button dimension=&nbsp;&raquo;outline&nbsp;&raquo; size=&nbsp;&raquo;large&nbsp;&raquo; url=&nbsp;&raquo;\/fr\/droit-du-travail\/recours\/&nbsp;&raquo; align=&nbsp;&raquo;center&nbsp;&raquo;]RECOURS EN DROIT DU TRAVAIL[\/mk_button][\/vc_column_inner][\/vc_row_inner][mk_padding_divider size=&nbsp;&raquo;50&Prime;][\/vc_column][\/vc_row]\n","protected":false},"excerpt":{"rendered":"<p>[vc_row fullwidth=&nbsp;&raquo;true&nbsp;&raquo; css=&nbsp;&raquo;.vc_custom_1466444759232{border-bottom-width: 2px !important;padding-top: 0px !important;padding-right: 0px !important;padding-bottom: 0px !important;padding-left: 0px !important;border-bottom-color: #568db6 !important;border-bottom-style: solid !important;}&nbsp;&raquo;][vc_column][mk_page_title_box page_title=&nbsp;&raquo;DROIT DU TRAVAIL&nbsp;&raquo; section_height=&nbsp;&raquo;300&Prime; bg_image=&nbsp;&raquo;https:\/\/staging.schneiderlegal.com\/wp-content\/uploads\/2017\/11\/labour-law-header.jpg&nbsp;&raquo; bg_position=&nbsp;&raquo;center center&nbsp;&raquo; bg_stretch=&nbsp;&raquo;true&nbsp;&raquo; overlay=&nbsp;&raquo;rgba(0,0,0,0.19)&nbsp;&raquo; font_size=&nbsp;&raquo;40&Prime; font_color=&nbsp;&raquo;#ffffff&nbsp;&raquo; font_weight=&nbsp;&raquo;bold&nbsp;&raquo; underline=&nbsp;&raquo;false&nbsp;&raquo; sub_font_size=&nbsp;&raquo;20&Prime; sub_font_color=&nbsp;&raquo;#ffffff&nbsp;&raquo; sub_font_weight=&nbsp;&raquo;bold&nbsp;&raquo; el_class=&nbsp;&raquo;titleshadow&nbsp;&raquo;][\/vc_column][\/vc_row][vc_row][vc_column][mk_padding_divider size=&nbsp;&raquo;75&Prime;][vc_column_text] Schneider Avocats est un cabinet d\u2019avocats en mesure d\u2019offrir \u00e0 ses clients une gamme compl\u00e8te de services juridiques et d\u2019apporter [&hellip;]<\/p>\n","protected":false},"author":2,"featured_media":0,"parent":0,"menu_order":0,"comment_status":"open","ping_status":"open","template":"","meta":{"footnotes":""},"class_list":["post-12401","page","type-page","status-publish","hentry"],"yoast_head":"<!-- This site is optimized with the Yoast SEO plugin v27.0 - https:\/\/yoast.com\/product\/yoast-seo-wordpress\/ -->\n<title>Droit du travail - Schneider Legal - Avocats en droit du travail \u00e0 Montr\u00e9al<\/title>\n<meta name=\"description\" content=\"Schneider Avocats est un cabinet d\u2019avocats en mesure d\u2019offrir \u00e0 ses clients une gamme compl\u00e8te de services juridiques en droit du travail \u00e0 Montr\u00e9al.\" \/>\n<meta name=\"robots\" content=\"noindex, follow, max-snippet:-1, max-image-preview:large, max-video-preview:-1\" \/>\n<meta property=\"og:locale\" content=\"fr_FR\" \/>\n<meta property=\"og:type\" content=\"article\" \/>\n<meta property=\"og:title\" content=\"Droit du travail - Schneider Legal - Avocats en droit du travail \u00e0 Montr\u00e9al\" \/>\n<meta property=\"og:description\" content=\"Schneider Avocats est un cabinet d\u2019avocats en mesure d\u2019offrir \u00e0 ses clients une gamme compl\u00e8te de services juridiques en droit du travail \u00e0 Montr\u00e9al.\" \/>\n<meta property=\"og:url\" content=\"https:\/\/staging.schneiderlegal.com\/labour-law\/\" \/>\n<meta property=\"og:site_name\" content=\"Schneider Legal\" \/>\n<meta property=\"article:modified_time\" content=\"2017-11-08T21:01:37+00:00\" \/>\n<meta name=\"twitter:card\" content=\"summary_large_image\" \/>\n<meta name=\"twitter:label1\" content=\"Est. reading time\" \/>\n\t<meta name=\"twitter:data1\" content=\"2 minutes\" \/>\n<script type=\"application\/ld+json\" class=\"yoast-schema-graph\">{\"@context\":\"https:\/\/schema.org\",\"@graph\":[{\"@type\":\"WebPage\",\"@id\":\"https:\/\/staging.schneiderlegal.com\/labour-law\/\",\"url\":\"https:\/\/staging.schneiderlegal.com\/labour-law\/\",\"name\":\"Droit du travail - Schneider Legal - Avocats en droit du travail \u00e0 Montr\u00e9al\",\"isPartOf\":{\"@id\":\"https:\/\/staging.schneiderlegal.com\/#website\"},\"datePublished\":\"2017-11-08T20:57:37+00:00\",\"dateModified\":\"2017-11-08T21:01:37+00:00\",\"description\":\"Schneider Avocats est un cabinet d\u2019avocats en mesure d\u2019offrir \u00e0 ses clients une gamme compl\u00e8te de services juridiques en droit du travail \u00e0 Montr\u00e9al.\",\"breadcrumb\":{\"@id\":\"https:\/\/staging.schneiderlegal.com\/labour-law\/#breadcrumb\"},\"inLanguage\":\"fr-FR\",\"potentialAction\":[{\"@type\":\"ReadAction\",\"target\":[\"https:\/\/staging.schneiderlegal.com\/labour-law\/\"]}]},{\"@type\":\"BreadcrumbList\",\"@id\":\"https:\/\/staging.schneiderlegal.com\/labour-law\/#breadcrumb\",\"itemListElement\":[{\"@type\":\"ListItem\",\"position\":1,\"name\":\"Home\",\"item\":\"https:\/\/staging.schneiderlegal.com\/fr\/\"},{\"@type\":\"ListItem\",\"position\":2,\"name\":\"DROIT DU TRAVAIL\"}]},{\"@type\":\"WebSite\",\"@id\":\"https:\/\/staging.schneiderlegal.com\/#website\",\"url\":\"https:\/\/staging.schneiderlegal.com\/\",\"name\":\"Schneider Legal\",\"description\":\"Real Estate Lawyer Montreal - Estate Lawyer\",\"potentialAction\":[{\"@type\":\"SearchAction\",\"target\":{\"@type\":\"EntryPoint\",\"urlTemplate\":\"https:\/\/staging.schneiderlegal.com\/?s={search_term_string}\"},\"query-input\":{\"@type\":\"PropertyValueSpecification\",\"valueRequired\":true,\"valueName\":\"search_term_string\"}}],\"inLanguage\":\"fr-FR\"}]}<\/script>\n<!-- \/ Yoast SEO plugin. -->","yoast_head_json":{"title":"Droit du travail - Schneider Legal - Avocats en droit du travail \u00e0 Montr\u00e9al","description":"Schneider Avocats est un cabinet d\u2019avocats en mesure d\u2019offrir \u00e0 ses clients une gamme compl\u00e8te de services juridiques en droit du travail \u00e0 Montr\u00e9al.","robots":{"index":"noindex","follow":"follow","max-snippet":"max-snippet:-1","max-image-preview":"max-image-preview:large","max-video-preview":"max-video-preview:-1"},"og_locale":"fr_FR","og_type":"article","og_title":"Droit du travail - Schneider Legal - Avocats en droit du travail \u00e0 Montr\u00e9al","og_description":"Schneider Avocats est un cabinet d\u2019avocats en mesure d\u2019offrir \u00e0 ses clients une gamme compl\u00e8te de services juridiques en droit du travail \u00e0 Montr\u00e9al.","og_url":"https:\/\/staging.schneiderlegal.com\/labour-law\/","og_site_name":"Schneider Legal","article_modified_time":"2017-11-08T21:01:37+00:00","twitter_card":"summary_large_image","twitter_misc":{"Est. reading time":"2 minutes"},"schema":{"@context":"https:\/\/schema.org","@graph":[{"@type":"WebPage","@id":"https:\/\/staging.schneiderlegal.com\/labour-law\/","url":"https:\/\/staging.schneiderlegal.com\/labour-law\/","name":"Droit du travail - Schneider Legal - Avocats en droit du travail \u00e0 Montr\u00e9al","isPartOf":{"@id":"https:\/\/staging.schneiderlegal.com\/#website"},"datePublished":"2017-11-08T20:57:37+00:00","dateModified":"2017-11-08T21:01:37+00:00","description":"Schneider Avocats est un cabinet d\u2019avocats en mesure d\u2019offrir \u00e0 ses clients une gamme compl\u00e8te de services juridiques en droit du travail \u00e0 Montr\u00e9al.","breadcrumb":{"@id":"https:\/\/staging.schneiderlegal.com\/labour-law\/#breadcrumb"},"inLanguage":"fr-FR","potentialAction":[{"@type":"ReadAction","target":["https:\/\/staging.schneiderlegal.com\/labour-law\/"]}]},{"@type":"BreadcrumbList","@id":"https:\/\/staging.schneiderlegal.com\/labour-law\/#breadcrumb","itemListElement":[{"@type":"ListItem","position":1,"name":"Home","item":"https:\/\/staging.schneiderlegal.com\/fr\/"},{"@type":"ListItem","position":2,"name":"DROIT DU TRAVAIL"}]},{"@type":"WebSite","@id":"https:\/\/staging.schneiderlegal.com\/#website","url":"https:\/\/staging.schneiderlegal.com\/","name":"Schneider Legal","description":"Real Estate Lawyer Montreal - Estate Lawyer","potentialAction":[{"@type":"SearchAction","target":{"@type":"EntryPoint","urlTemplate":"https:\/\/staging.schneiderlegal.com\/?s={search_term_string}"},"query-input":{"@type":"PropertyValueSpecification","valueRequired":true,"valueName":"search_term_string"}}],"inLanguage":"fr-FR"}]}},"_links":{"self":[{"href":"https:\/\/staging.schneiderlegal.com\/fr\/wp-json\/wp\/v2\/pages\/12401","targetHints":{"allow":["GET"]}}],"collection":[{"href":"https:\/\/staging.schneiderlegal.com\/fr\/wp-json\/wp\/v2\/pages"}],"about":[{"href":"https:\/\/staging.schneiderlegal.com\/fr\/wp-json\/wp\/v2\/types\/page"}],"author":[{"embeddable":true,"href":"https:\/\/staging.schneiderlegal.com\/fr\/wp-json\/wp\/v2\/users\/2"}],"replies":[{"embeddable":true,"href":"https:\/\/staging.schneiderlegal.com\/fr\/wp-json\/wp\/v2\/comments?post=12401"}],"version-history":[{"count":4,"href":"https:\/\/staging.schneiderlegal.com\/fr\/wp-json\/wp\/v2\/pages\/12401\/revisions"}],"predecessor-version":[{"id":12405,"href":"https:\/\/staging.schneiderlegal.com\/fr\/wp-json\/wp\/v2\/pages\/12401\/revisions\/12405"}],"wp:attachment":[{"href":"https:\/\/staging.schneiderlegal.com\/fr\/wp-json\/wp\/v2\/media?parent=12401"}],"curies":[{"name":"wp","href":"https:\/\/api.w.org\/{rel}","templated":true}]}}