{"id":12252,"date":"2017-11-08T15:16:36","date_gmt":"2017-11-08T19:16:36","guid":{"rendered":"https:\/\/staging.schneiderlegal.com\/fr\/?page_id=12252"},"modified":"2019-10-28T13:06:57","modified_gmt":"2019-10-28T17:06:57","slug":"recours","status":"publish","type":"page","link":"https:\/\/staging.schneiderlegal.com\/fr\/droit-du-travail\/recours\/","title":{"rendered":"Recours"},"content":{"rendered":"[vc_row fullwidth=&nbsp;&raquo;true&nbsp;&raquo; css=&nbsp;&raquo;.vc_custom_1466444759232{border-bottom-width: 2px !important;padding-top: 0px !important;padding-right: 0px !important;padding-bottom: 0px !important;padding-left: 0px !important;border-bottom-color: #568db6 !important;border-bottom-style: solid !important;}&nbsp;&raquo;][vc_column][mk_page_title_box page_title=&nbsp;&raquo;RECOURS&nbsp;&raquo; section_height=&nbsp;&raquo;300&Prime; bg_image=&nbsp;&raquo;https:\/\/staging.schneiderlegal.com\/wp-content\/uploads\/2017\/11\/labour-law-header.jpg&nbsp;&raquo; bg_position=&nbsp;&raquo;center center&nbsp;&raquo; bg_stretch=&nbsp;&raquo;true&nbsp;&raquo; overlay=&nbsp;&raquo;rgba(0,0,0,0.21)&nbsp;&raquo; font_size=&nbsp;&raquo;40&Prime; font_color=&nbsp;&raquo;#ffffff&nbsp;&raquo; font_weight=&nbsp;&raquo;bold&nbsp;&raquo; underline=&nbsp;&raquo;false&nbsp;&raquo; sub_font_size=&nbsp;&raquo;20&Prime; sub_font_color=&nbsp;&raquo;#ffffff&nbsp;&raquo; sub_font_weight=&nbsp;&raquo;bold&nbsp;&raquo; el_class=&nbsp;&raquo;titleshadow&nbsp;&raquo;][\/vc_column][\/vc_row][vc_row][vc_column][mk_padding_divider size=&nbsp;&raquo;75&Prime;][vc_column_text]\n<p style=\"padding-left: 30px;\"><strong>A. RECOURS ADMINISTRATIF OU RECOURS CIVIL<\/strong><\/p>\n<p>Une particularit\u00e9 en mati\u00e8re de droit de l\u2019emploi est <strong>la juridiction applicable<\/strong> quant aux recours disponibles. Il est important d\u2019\u00e9tablir une <u>distinction d\u2019ordre proc\u00e9dural<\/u>, entre un recours via un tribunal administratif, c\u2019est-\u00e0-dire devant la <em>Commission des normes, de l\u2019\u00e9quit\u00e9, de la sant\u00e9 et de la s\u00e9curit\u00e9 du travail<\/em> (ci-apr\u00e8s la \u00ab\u00a0<strong>CNESST<\/strong>\u00a0\u00bb) et un recours devant une instance de droit commun, notamment devant la <strong>Cour du Qu\u00e9bec<\/strong> ou devant la <strong>Cour sup\u00e9rieure<\/strong>, selon la somme en litige. Il y aura donc diff\u00e9rentes proc\u00e9dures l\u00e9gales qui s\u2019appliqueront tout d\u00e9pendant du type de tribunal concern\u00e9. Il est \u00e0 noter que les d\u00e9lais d\u2019introduction de recours diff\u00e8rent devant diff\u00e9rentes juridictions.<\/p>\n<p>Ce qui est int\u00e9ressant en cette mati\u00e8re est qu\u2019un m\u00eame conflit peut \u00eatre introduit devant la CNESST <u>ET<\/u> devant un tribunal de droit commun <strong>simultan\u00e9ment<\/strong>, sous r\u00e9serve de la chose jug\u00e9e.\u00a0 Ainsi, un recours civil ne saurait remettre en question les conclusions d\u2019une d\u00e9cision de la CNESST, mais pourrait \u00eatre valable si par exemple, on \u00e9tablit une cause juste et suffisante qui laisserait place \u00e0 un litige devant un tribunal de droit commun en dommages et int\u00e9r\u00eats.<\/p>\n<p>En pratique, dans la majorit\u00e9 des cas, on s\u2019adressera \u00e0 un tribunal de droit commun dans l\u2019\u00e9ventualit\u00e9 o\u00f9 une des parties prenant part au litige est <u>exclue de la <em>Loi sur les normes du travail<\/em><\/u>.<\/p>\n<p style=\"padding-left: 30px;\"><strong>B.<\/strong>\u00a0<strong>\u00c0 L\u2019ENCONTRE D\u2019UN CONG\u00c9DIEMENT SANS CAUSE JUSTE ET SUFFISANTE<\/strong><\/p>\n[\/vc_column_text][mk_padding_divider size=&nbsp;&raquo;20&Prime;][mk_image src=&nbsp;&raquo;https:\/\/staging.schneiderlegal.com\/wp-content\/uploads\/2017\/11\/Cong\u00e9diement-Chart.png&nbsp;&raquo; image_size=&nbsp;&raquo;full&nbsp;&raquo; lightbox=&nbsp;&raquo;true&nbsp;&raquo; align=&nbsp;&raquo;center&nbsp;&raquo;][mk_padding_divider size=&nbsp;&raquo;20&Prime;][vc_column_text]\n<p style=\"padding-left: 30px;\"><strong>C. \u00c0 L\u2019ENCONTRE D\u2019UNE PRATIQUE INTERDITE<\/strong><\/p>\n[\/vc_column_text][mk_padding_divider size=&nbsp;&raquo;20&Prime;][mk_image src=&nbsp;&raquo;https:\/\/staging.schneiderlegal.com\/wp-content\/uploads\/2017\/11\/Pratique-Interdite.png&nbsp;&raquo; image_size=&nbsp;&raquo;full&nbsp;&raquo; lightbox=&nbsp;&raquo;true&nbsp;&raquo; align=&nbsp;&raquo;center&nbsp;&raquo;][mk_padding_divider size=&nbsp;&raquo;20&Prime;][vc_column_text css=&nbsp;&raquo;.vc_custom_1572282405156{margin-bottom: 0px !important;}&nbsp;&raquo;]\n<p style=\"padding-left: 30px;\"><strong>D. LA R\u00c9CLAMATION P\u00c9CUNIAIRE<\/strong><\/p>\n<p>La <em>Loi sur les normes du travail<\/em> offre un recours pour l\u2019employ\u00e9 dans le cas o\u00f9 l\u2019employeur fait d\u00e9faut de payer \u00e0 un salari\u00e9 <strong>le salaire<\/strong> qui lui est d\u00fb. En effet, la CNESST peut, pour le compte d\u2019un salari\u00e9, r\u00e9clamer \u00e0 l\u2019employeur le salaire impay\u00e9 ou <strong>d\u2019autres avantages p\u00e9cuniaires<\/strong> offerts par la <em>Loi sur les normes du travail<\/em>.<\/p>\n<p>Consultez un de nos avocats pour discuter de votre situation particuli\u00e8re si vous croyez que votre employeur ne vous a pas pay\u00e9 toutes les sommes qui vous sont dues.<\/p>\n<p style=\"padding-left: 30px;\"><strong>E.<\/strong>\u00a0<strong>LE HARC\u00c8LEMENT PSYCHOLOGIQUE AU TRAVAIL<\/strong><\/p>\n<p>Tout salari\u00e9 a droit \u00e0 un milieu de travail <u>exempt de harc\u00e8lement psychologique<\/u>. <strong>Il appartient \u00e0 l&#8217;employeur<\/strong> de prendre les moyens raisonnables pour <strong>pr\u00e9venir<\/strong> le harc\u00e8lement psychologique et, lorsque le ph\u00e9nom\u00e8ne est port\u00e9 \u00e0 sa connaissance, de le faire <strong>cesser<\/strong>. Il est \u00e0 noter que le harc\u00e8lement <strong><u>porte atteinte \u00e0 la dignit\u00e9<\/u><\/strong> du salari\u00e9.<\/p>\n<p>La notion de \u00ab\u00a0harc\u00e8lement psychologique\u00a0\u00bb est d\u00e9finie par la Loi sur les normes du travail comme \u00e9tant\u00a0:<\/p>\n<p><em>Une conduite vexatoire se manifestant soit par des comportements, des paroles, des actes ou des gestes r\u00e9p\u00e9t\u00e9s, qui sont hostiles ou non d\u00e9sir\u00e9s, laquelle porte atteinte \u00e0 la dignit\u00e9 ou \u00e0 l&rsquo;int\u00e9grit\u00e9 psychologique ou physique du salari\u00e9 et qui entra\u00eene, pour celui-ci, un milieu de travail n\u00e9faste.<\/em><\/p>\n<p>Le harc\u00e8lement est g\u00e9n\u00e9ralement per\u00e7u soit comme <u>une accumulation de gestes<\/u> ou <u>une geste unique grave<\/u>. Il est \u00e0 noter que le harc\u00e8lement sexuel est inclus dans le concept de harc\u00e8lement psychologique.<\/p>\n<p>Le harc\u00e8lement psychologique pourrait provenir de l\u2019employeur, d\u2019un coll\u00e8gue ou m\u00eame d\u2019un client. Ceci \u00e9tant, <strong>peu importe la source du harc\u00e8lement,<\/strong> l\u2019employeur pourrait \u00eatre tenu responsable. Il s\u2019agit d\u2019une lourde responsabilit\u00e9.<\/p>\n<p>Le salari\u00e9 qui croit avoir \u00e9t\u00e9 victime de harc\u00e8lement psychologique doit adresser sa plainte, par \u00e9crit, \u00e0 la CNESST et ce, dans les 90 jours de la derni\u00e8re manifestation de cette conduite.<\/p>\n<p>Si vous croyez avoir \u00e9t\u00e9 victime d\u2019une conduite qui pourrait \u00eatre consid\u00e9r\u00e9e le harc\u00e8lement, ne tardez pas \u00e0 communiquer avec nos bureaux pour consulter un de nos avocats![\/vc_column_text][mk_divider style=&nbsp;&raquo;shadow_line&nbsp;&raquo; margin_bottom=&nbsp;&raquo;50&Prime;][vc_column_text]\n<p style=\"text-align: justify;\">Si vous recherchez un cabinet d\u2019avocat qui propose des honoraires raisonnables, un traitement rapide et efficace de vos dossiers et un suivi personnalis\u00e9 et efficace, n\u2019h\u00e9sitez pas \u00e0 communiquer avec Schneider Avocats\u00a0au (514) 439-1322 ext. 112 ou par courriel \u00e0 l\u2019adresse :\u00a0<a href=\"mailto:info@schneiderlegal.com\">info@schneiderlegal.com<\/a><\/p>\n[\/vc_column_text][mk_divider style=&nbsp;&raquo;shadow_line&nbsp;&raquo; margin_bottom=&nbsp;&raquo;50&Prime;][vc_column_text]\n<p style=\"text-align: justify; font-size: 10px;\"><i><span lang=\"FR-CA\">Le processus pr\u00e9sent\u00e9 ci-dessus ne constitue qu\u2019un outil de r\u00e9f\u00e9rence et ne comporte aucune garantie relative \u00e0 votre dossier. Nous vous recommandons fortement de recourir aux conseils juridiques d\u2019un avocat, membre en r\u00e8gle du Barreau du Qu\u00e9bec. Les particularit\u00e9s propres \u00e0 chaque cas d\u2019esp\u00e8ce doivent faire l\u2019objet d\u2019une analyse exhaustive puisque le processus peut s\u2019av\u00e9rer complexe et techniquement difficile.<\/span><\/i><\/p>\n[\/vc_column_text][mk_padding_divider][\/vc_column][\/vc_row]\n","protected":false},"excerpt":{"rendered":"<p>[vc_row fullwidth=&nbsp;&raquo;true&nbsp;&raquo; css=&nbsp;&raquo;.vc_custom_1466444759232{border-bottom-width: 2px !important;padding-top: 0px !important;padding-right: 0px !important;padding-bottom: 0px !important;padding-left: 0px !important;border-bottom-color: #568db6 !important;border-bottom-style: solid !important;}&nbsp;&raquo;][vc_column][mk_page_title_box page_title=&nbsp;&raquo;RECOURS&nbsp;&raquo; section_height=&nbsp;&raquo;300&Prime; bg_image=&nbsp;&raquo;https:\/\/staging.schneiderlegal.com\/wp-content\/uploads\/2017\/11\/labour-law-header.jpg&nbsp;&raquo; bg_position=&nbsp;&raquo;center center&nbsp;&raquo; bg_stretch=&nbsp;&raquo;true&nbsp;&raquo; overlay=&nbsp;&raquo;rgba(0,0,0,0.21)&nbsp;&raquo; font_size=&nbsp;&raquo;40&Prime; font_color=&nbsp;&raquo;#ffffff&nbsp;&raquo; font_weight=&nbsp;&raquo;bold&nbsp;&raquo; underline=&nbsp;&raquo;false&nbsp;&raquo; sub_font_size=&nbsp;&raquo;20&Prime; sub_font_color=&nbsp;&raquo;#ffffff&nbsp;&raquo; sub_font_weight=&nbsp;&raquo;bold&nbsp;&raquo; el_class=&nbsp;&raquo;titleshadow&nbsp;&raquo;][\/vc_column][\/vc_row][vc_row][vc_column][mk_padding_divider size=&nbsp;&raquo;75&Prime;][vc_column_text] A. RECOURS ADMINISTRATIF OU RECOURS CIVIL Une particularit\u00e9 en mati\u00e8re de droit de l\u2019emploi est la juridiction applicable quant aux recours disponibles. [&hellip;]<\/p>\n","protected":false},"author":2,"featured_media":0,"parent":12190,"menu_order":0,"comment_status":"open","ping_status":"closed","template":"","meta":{"footnotes":""},"class_list":["post-12252","page","type-page","status-publish","hentry"],"yoast_head":"<!-- This site is optimized with the Yoast SEO plugin v27.0 - https:\/\/yoast.com\/product\/yoast-seo-wordpress\/ -->\n<title>Recours - Droit du travail - Schneider Legal<\/title>\n<meta name=\"description\" content=\"La Loi sur les normes du travail offre un recours pour l\u2019employ\u00e9 dans le cas o\u00f9 l\u2019employeur fait d\u00e9faut de payer \u00e0 un salari\u00e9 le salaire qui lui est d\u00fb.\" \/>\n<meta name=\"robots\" content=\"noindex, follow, max-snippet:-1, max-image-preview:large, max-video-preview:-1\" \/>\n<meta property=\"og:locale\" content=\"fr_FR\" \/>\n<meta property=\"og:type\" content=\"article\" \/>\n<meta property=\"og:title\" content=\"Recours - Droit du travail - Schneider Legal\" \/>\n<meta property=\"og:description\" content=\"La Loi sur les normes du travail offre un recours pour l\u2019employ\u00e9 dans le cas o\u00f9 l\u2019employeur fait d\u00e9faut de payer \u00e0 un salari\u00e9 le salaire qui lui est d\u00fb.\" \/>\n<meta property=\"og:url\" content=\"https:\/\/staging.schneiderlegal.com\/labour-law\/remedy\/\" \/>\n<meta property=\"og:site_name\" content=\"Schneider Legal\" \/>\n<meta property=\"article:modified_time\" content=\"2019-10-28T17:06:57+00:00\" \/>\n<meta name=\"twitter:card\" content=\"summary_large_image\" \/>\n<meta name=\"twitter:label1\" content=\"Est. reading time\" \/>\n\t<meta name=\"twitter:data1\" content=\"5 minutes\" \/>\n<script type=\"application\/ld+json\" class=\"yoast-schema-graph\">{\"@context\":\"https:\/\/schema.org\",\"@graph\":[{\"@type\":\"WebPage\",\"@id\":\"https:\/\/staging.schneiderlegal.com\/labour-law\/remedy\/\",\"url\":\"https:\/\/staging.schneiderlegal.com\/labour-law\/remedy\/\",\"name\":\"Recours - Droit du travail - Schneider Legal\",\"isPartOf\":{\"@id\":\"https:\/\/staging.schneiderlegal.com\/#website\"},\"datePublished\":\"2017-11-08T19:16:36+00:00\",\"dateModified\":\"2019-10-28T17:06:57+00:00\",\"description\":\"La Loi sur les normes du travail offre un recours pour l\u2019employ\u00e9 dans le cas o\u00f9 l\u2019employeur fait d\u00e9faut de payer \u00e0 un salari\u00e9 le salaire qui lui est d\u00fb.\",\"breadcrumb\":{\"@id\":\"https:\/\/staging.schneiderlegal.com\/labour-law\/remedy\/#breadcrumb\"},\"inLanguage\":\"fr-FR\",\"potentialAction\":[{\"@type\":\"ReadAction\",\"target\":[\"https:\/\/staging.schneiderlegal.com\/labour-law\/remedy\/\"]}]},{\"@type\":\"BreadcrumbList\",\"@id\":\"https:\/\/staging.schneiderlegal.com\/labour-law\/remedy\/#breadcrumb\",\"itemListElement\":[{\"@type\":\"ListItem\",\"position\":1,\"name\":\"Home\",\"item\":\"https:\/\/staging.schneiderlegal.com\/fr\/\"},{\"@type\":\"ListItem\",\"position\":2,\"name\":\"Droit du travail\",\"item\":\"https:\/\/staging.schneiderlegal.com\/fr\/droit-du-travail\/\"},{\"@type\":\"ListItem\",\"position\":3,\"name\":\"Recours\"}]},{\"@type\":\"WebSite\",\"@id\":\"https:\/\/staging.schneiderlegal.com\/#website\",\"url\":\"https:\/\/staging.schneiderlegal.com\/\",\"name\":\"Schneider Legal\",\"description\":\"Real Estate Lawyer Montreal - Estate Lawyer\",\"potentialAction\":[{\"@type\":\"SearchAction\",\"target\":{\"@type\":\"EntryPoint\",\"urlTemplate\":\"https:\/\/staging.schneiderlegal.com\/?s={search_term_string}\"},\"query-input\":{\"@type\":\"PropertyValueSpecification\",\"valueRequired\":true,\"valueName\":\"search_term_string\"}}],\"inLanguage\":\"fr-FR\"}]}<\/script>\n<!-- \/ Yoast SEO plugin. -->","yoast_head_json":{"title":"Recours - Droit du travail - Schneider Legal","description":"La Loi sur les normes du travail offre un recours pour l\u2019employ\u00e9 dans le cas o\u00f9 l\u2019employeur fait d\u00e9faut de payer \u00e0 un salari\u00e9 le salaire qui lui est d\u00fb.","robots":{"index":"noindex","follow":"follow","max-snippet":"max-snippet:-1","max-image-preview":"max-image-preview:large","max-video-preview":"max-video-preview:-1"},"og_locale":"fr_FR","og_type":"article","og_title":"Recours - Droit du travail - Schneider Legal","og_description":"La Loi sur les normes du travail offre un recours pour l\u2019employ\u00e9 dans le cas o\u00f9 l\u2019employeur fait d\u00e9faut de payer \u00e0 un salari\u00e9 le salaire qui lui est d\u00fb.","og_url":"https:\/\/staging.schneiderlegal.com\/labour-law\/remedy\/","og_site_name":"Schneider Legal","article_modified_time":"2019-10-28T17:06:57+00:00","twitter_card":"summary_large_image","twitter_misc":{"Est. reading time":"5 minutes"},"schema":{"@context":"https:\/\/schema.org","@graph":[{"@type":"WebPage","@id":"https:\/\/staging.schneiderlegal.com\/labour-law\/remedy\/","url":"https:\/\/staging.schneiderlegal.com\/labour-law\/remedy\/","name":"Recours - Droit du travail - Schneider Legal","isPartOf":{"@id":"https:\/\/staging.schneiderlegal.com\/#website"},"datePublished":"2017-11-08T19:16:36+00:00","dateModified":"2019-10-28T17:06:57+00:00","description":"La Loi sur les normes du travail offre un recours pour l\u2019employ\u00e9 dans le cas o\u00f9 l\u2019employeur fait d\u00e9faut de payer \u00e0 un salari\u00e9 le salaire qui lui est d\u00fb.","breadcrumb":{"@id":"https:\/\/staging.schneiderlegal.com\/labour-law\/remedy\/#breadcrumb"},"inLanguage":"fr-FR","potentialAction":[{"@type":"ReadAction","target":["https:\/\/staging.schneiderlegal.com\/labour-law\/remedy\/"]}]},{"@type":"BreadcrumbList","@id":"https:\/\/staging.schneiderlegal.com\/labour-law\/remedy\/#breadcrumb","itemListElement":[{"@type":"ListItem","position":1,"name":"Home","item":"https:\/\/staging.schneiderlegal.com\/fr\/"},{"@type":"ListItem","position":2,"name":"Droit du travail","item":"https:\/\/staging.schneiderlegal.com\/fr\/droit-du-travail\/"},{"@type":"ListItem","position":3,"name":"Recours"}]},{"@type":"WebSite","@id":"https:\/\/staging.schneiderlegal.com\/#website","url":"https:\/\/staging.schneiderlegal.com\/","name":"Schneider Legal","description":"Real Estate Lawyer Montreal - Estate Lawyer","potentialAction":[{"@type":"SearchAction","target":{"@type":"EntryPoint","urlTemplate":"https:\/\/staging.schneiderlegal.com\/?s={search_term_string}"},"query-input":{"@type":"PropertyValueSpecification","valueRequired":true,"valueName":"search_term_string"}}],"inLanguage":"fr-FR"}]}},"_links":{"self":[{"href":"https:\/\/staging.schneiderlegal.com\/fr\/wp-json\/wp\/v2\/pages\/12252","targetHints":{"allow":["GET"]}}],"collection":[{"href":"https:\/\/staging.schneiderlegal.com\/fr\/wp-json\/wp\/v2\/pages"}],"about":[{"href":"https:\/\/staging.schneiderlegal.com\/fr\/wp-json\/wp\/v2\/types\/page"}],"author":[{"embeddable":true,"href":"https:\/\/staging.schneiderlegal.com\/fr\/wp-json\/wp\/v2\/users\/2"}],"replies":[{"embeddable":true,"href":"https:\/\/staging.schneiderlegal.com\/fr\/wp-json\/wp\/v2\/comments?post=12252"}],"version-history":[{"count":4,"href":"https:\/\/staging.schneiderlegal.com\/fr\/wp-json\/wp\/v2\/pages\/12252\/revisions"}],"predecessor-version":[{"id":13616,"href":"https:\/\/staging.schneiderlegal.com\/fr\/wp-json\/wp\/v2\/pages\/12252\/revisions\/13616"}],"up":[{"embeddable":true,"href":"https:\/\/staging.schneiderlegal.com\/fr\/wp-json\/wp\/v2\/pages\/12190"}],"wp:attachment":[{"href":"https:\/\/staging.schneiderlegal.com\/fr\/wp-json\/wp\/v2\/media?parent=12252"}],"curies":[{"name":"wp","href":"https:\/\/api.w.org\/{rel}","templated":true}]}}