{"id":12243,"date":"2017-11-08T14:56:07","date_gmt":"2017-11-08T18:56:07","guid":{"rendered":"https:\/\/staging.schneiderlegal.com\/fr\/?page_id=12243"},"modified":"2017-11-08T15:56:49","modified_gmt":"2017-11-08T19:56:49","slug":"changement-de-proprietaire-ou-de-ladministration-de-lentreprise","status":"publish","type":"page","link":"https:\/\/staging.schneiderlegal.com\/fr\/droit-du-travail\/changement-de-proprietaire-ou-de-ladministration-de-lentreprise\/","title":{"rendered":"Changement de propri\u00e9taire ou de l\u2019administration de l\u2019entreprise"},"content":{"rendered":"[vc_row fullwidth=&nbsp;&raquo;true&nbsp;&raquo; css=&nbsp;&raquo;.vc_custom_1466444759232{border-bottom-width: 2px !important;padding-top: 0px !important;padding-right: 0px !important;padding-bottom: 0px !important;padding-left: 0px !important;border-bottom-color: #568db6 !important;border-bottom-style: solid !important;}&nbsp;&raquo;][vc_column][mk_page_title_box page_title=&nbsp;&raquo;CHANGEMENT DE PROPRI\u00c9TAIRE OU DE L&rsquo;ADMINISTRATION DE L&rsquo;ENTREPRISE&nbsp;&raquo; section_height=&nbsp;&raquo;300&Prime; bg_image=&nbsp;&raquo;https:\/\/staging.schneiderlegal.com\/wp-content\/uploads\/2017\/11\/labour-law-header.jpg&nbsp;&raquo; bg_position=&nbsp;&raquo;center center&nbsp;&raquo; bg_stretch=&nbsp;&raquo;true&nbsp;&raquo; overlay=&nbsp;&raquo;rgba(0,0,0,0.21)&nbsp;&raquo; font_size=&nbsp;&raquo;40&Prime; font_color=&nbsp;&raquo;#ffffff&nbsp;&raquo; font_weight=&nbsp;&raquo;bold&nbsp;&raquo; underline=&nbsp;&raquo;false&nbsp;&raquo; sub_font_size=&nbsp;&raquo;20&Prime; sub_font_color=&nbsp;&raquo;#ffffff&nbsp;&raquo; sub_font_weight=&nbsp;&raquo;bold&nbsp;&raquo; el_class=&nbsp;&raquo;titleshadow&nbsp;&raquo;][\/vc_column][\/vc_row][vc_row][vc_column][mk_padding_divider size=&nbsp;&raquo;75&Prime;][vc_column_text]La vente de l\u2019entreprise ne met pas fin au contrat de travail, en vertu de <strong>l\u2019article 2097 du <em>Code civil du Qu\u00e9bec<\/em><\/strong>. Le nouvel employeur (acheteur) est li\u00e9 par le contrat au m\u00eame titre que l\u2019employeur pr\u00e9c\u00e9dent (vendeur).<\/p>\n<p>Pour que l\u2019article 2097 du<em> Code civil du Qu\u00e9bec<\/em> s\u2019applique, il doit y avoir ali\u00e9nation de l\u2019entreprise, soit un lien de droit entre les deux employeurs. De plus, le second employeur doit poursuivre l\u2019entreprise op\u00e9r\u00e9e par le premier.[\/vc_column_text][mk_divider style=&nbsp;&raquo;shadow_line&nbsp;&raquo; margin_bottom=&nbsp;&raquo;50&Prime;][vc_column_text]\n<p style=\"text-align: justify;\">Si vous recherchez un cabinet d\u2019avocat qui propose des honoraires raisonnables, un traitement rapide et efficace de vos dossiers et un suivi personnalis\u00e9 et efficace, n\u2019h\u00e9sitez pas \u00e0 communiquer avec Schneider Avocats\u00a0au (514) 439-1322 ext. 112 ou par courriel \u00e0 l\u2019adresse :\u00a0<a href=\"mailto:info@schneiderlegal.com\">info@schneiderlegal.com<\/a><\/p>\n[\/vc_column_text][mk_divider style=&nbsp;&raquo;shadow_line&nbsp;&raquo; margin_bottom=&nbsp;&raquo;50&Prime;][vc_column_text]\n<p style=\"text-align: justify; font-size: 10px;\"><i><span lang=\"FR-CA\">Le processus pr\u00e9sent\u00e9 ci-dessus ne constitue qu\u2019un outil de r\u00e9f\u00e9rence et ne comporte aucune garantie relative \u00e0 votre dossier. Nous vous recommandons fortement de recourir aux conseils juridiques d\u2019un avocat, membre en r\u00e8gle du Barreau du Qu\u00e9bec. Les particularit\u00e9s propres \u00e0 chaque cas d\u2019esp\u00e8ce doivent faire l\u2019objet d\u2019une analyse exhaustive puisque le processus peut s\u2019av\u00e9rer complexe et techniquement difficile.<\/span><\/i><\/p>\n[\/vc_column_text][mk_padding_divider][\/vc_column][\/vc_row]\n","protected":false},"excerpt":{"rendered":"<p>[vc_row fullwidth=&nbsp;&raquo;true&nbsp;&raquo; css=&nbsp;&raquo;.vc_custom_1466444759232{border-bottom-width: 2px !important;padding-top: 0px !important;padding-right: 0px !important;padding-bottom: 0px !important;padding-left: 0px !important;border-bottom-color: #568db6 !important;border-bottom-style: solid !important;}&nbsp;&raquo;][vc_column][mk_page_title_box page_title=&nbsp;&raquo;CHANGEMENT DE PROPRI\u00c9TAIRE OU DE L&rsquo;ADMINISTRATION DE L&rsquo;ENTREPRISE&nbsp;&raquo; section_height=&nbsp;&raquo;300&Prime; bg_image=&nbsp;&raquo;https:\/\/staging.schneiderlegal.com\/wp-content\/uploads\/2017\/11\/labour-law-header.jpg&nbsp;&raquo; bg_position=&nbsp;&raquo;center center&nbsp;&raquo; bg_stretch=&nbsp;&raquo;true&nbsp;&raquo; overlay=&nbsp;&raquo;rgba(0,0,0,0.21)&nbsp;&raquo; font_size=&nbsp;&raquo;40&Prime; font_color=&nbsp;&raquo;#ffffff&nbsp;&raquo; font_weight=&nbsp;&raquo;bold&nbsp;&raquo; underline=&nbsp;&raquo;false&nbsp;&raquo; sub_font_size=&nbsp;&raquo;20&Prime; sub_font_color=&nbsp;&raquo;#ffffff&nbsp;&raquo; sub_font_weight=&nbsp;&raquo;bold&nbsp;&raquo; el_class=&nbsp;&raquo;titleshadow&nbsp;&raquo;][\/vc_column][\/vc_row][vc_row][vc_column][mk_padding_divider size=&nbsp;&raquo;75&Prime;][vc_column_text]La vente de l\u2019entreprise ne met pas fin au contrat de travail, en vertu de l\u2019article [&hellip;]<\/p>\n","protected":false},"author":2,"featured_media":0,"parent":12190,"menu_order":0,"comment_status":"open","ping_status":"closed","template":"","meta":{"footnotes":""},"class_list":["post-12243","page","type-page","status-publish","hentry"],"yoast_head":"<!-- This site is optimized with the Yoast SEO plugin v27.0 - https:\/\/yoast.com\/product\/yoast-seo-wordpress\/ -->\n<title>Changement de propri\u00e9taire - Droit du travail - Schneider Legal<\/title>\n<meta name=\"description\" content=\"La vente de l\u2019entreprise ne met pas fin au contrat de travail, en vertu de l\u2019article 2097 du Code civil du Qu\u00e9bec.\" \/>\n<meta name=\"robots\" content=\"noindex, follow, max-snippet:-1, max-image-preview:large, max-video-preview:-1\" \/>\n<meta property=\"og:locale\" content=\"fr_FR\" \/>\n<meta property=\"og:type\" content=\"article\" \/>\n<meta property=\"og:title\" content=\"Changement de propri\u00e9taire - Droit du travail - Schneider Legal\" \/>\n<meta property=\"og:description\" content=\"La vente de l\u2019entreprise ne met pas fin au contrat de travail, en vertu de l\u2019article 2097 du Code civil du Qu\u00e9bec.\" \/>\n<meta property=\"og:url\" content=\"https:\/\/staging.schneiderlegal.com\/labour-law\/changes-in-ownership-or-administration-of-the-company\/\" \/>\n<meta property=\"og:site_name\" content=\"Schneider Legal\" \/>\n<meta property=\"article:modified_time\" content=\"2017-11-08T19:56:49+00:00\" \/>\n<meta name=\"twitter:card\" content=\"summary_large_image\" \/>\n<meta name=\"twitter:label1\" content=\"Est. reading time\" \/>\n\t<meta name=\"twitter:data1\" content=\"2 minutes\" \/>\n<script type=\"application\/ld+json\" class=\"yoast-schema-graph\">{\"@context\":\"https:\/\/schema.org\",\"@graph\":[{\"@type\":\"WebPage\",\"@id\":\"https:\/\/staging.schneiderlegal.com\/labour-law\/changes-in-ownership-or-administration-of-the-company\/\",\"url\":\"https:\/\/staging.schneiderlegal.com\/labour-law\/changes-in-ownership-or-administration-of-the-company\/\",\"name\":\"Changement de propri\u00e9taire - Droit du travail - Schneider Legal\",\"isPartOf\":{\"@id\":\"https:\/\/staging.schneiderlegal.com\/#website\"},\"datePublished\":\"2017-11-08T18:56:07+00:00\",\"dateModified\":\"2017-11-08T19:56:49+00:00\",\"description\":\"La vente de l\u2019entreprise ne met pas fin au contrat de travail, en vertu de l\u2019article 2097 du Code civil du Qu\u00e9bec.\",\"breadcrumb\":{\"@id\":\"https:\/\/staging.schneiderlegal.com\/labour-law\/changes-in-ownership-or-administration-of-the-company\/#breadcrumb\"},\"inLanguage\":\"fr-FR\",\"potentialAction\":[{\"@type\":\"ReadAction\",\"target\":[\"https:\/\/staging.schneiderlegal.com\/labour-law\/changes-in-ownership-or-administration-of-the-company\/\"]}]},{\"@type\":\"BreadcrumbList\",\"@id\":\"https:\/\/staging.schneiderlegal.com\/labour-law\/changes-in-ownership-or-administration-of-the-company\/#breadcrumb\",\"itemListElement\":[{\"@type\":\"ListItem\",\"position\":1,\"name\":\"Home\",\"item\":\"https:\/\/staging.schneiderlegal.com\/fr\/\"},{\"@type\":\"ListItem\",\"position\":2,\"name\":\"Droit du travail\",\"item\":\"https:\/\/staging.schneiderlegal.com\/fr\/droit-du-travail\/\"},{\"@type\":\"ListItem\",\"position\":3,\"name\":\"Changement de propri\u00e9taire ou de l\u2019administration de l\u2019entreprise\"}]},{\"@type\":\"WebSite\",\"@id\":\"https:\/\/staging.schneiderlegal.com\/#website\",\"url\":\"https:\/\/staging.schneiderlegal.com\/\",\"name\":\"Schneider Legal\",\"description\":\"Real Estate Lawyer Montreal - Estate Lawyer\",\"potentialAction\":[{\"@type\":\"SearchAction\",\"target\":{\"@type\":\"EntryPoint\",\"urlTemplate\":\"https:\/\/staging.schneiderlegal.com\/?s={search_term_string}\"},\"query-input\":{\"@type\":\"PropertyValueSpecification\",\"valueRequired\":true,\"valueName\":\"search_term_string\"}}],\"inLanguage\":\"fr-FR\"}]}<\/script>\n<!-- \/ Yoast SEO plugin. -->","yoast_head_json":{"title":"Changement de propri\u00e9taire - Droit du travail - Schneider Legal","description":"La vente de l\u2019entreprise ne met pas fin au contrat de travail, en vertu de l\u2019article 2097 du Code civil du Qu\u00e9bec.","robots":{"index":"noindex","follow":"follow","max-snippet":"max-snippet:-1","max-image-preview":"max-image-preview:large","max-video-preview":"max-video-preview:-1"},"og_locale":"fr_FR","og_type":"article","og_title":"Changement de propri\u00e9taire - Droit du travail - Schneider Legal","og_description":"La vente de l\u2019entreprise ne met pas fin au contrat de travail, en vertu de l\u2019article 2097 du Code civil du Qu\u00e9bec.","og_url":"https:\/\/staging.schneiderlegal.com\/labour-law\/changes-in-ownership-or-administration-of-the-company\/","og_site_name":"Schneider Legal","article_modified_time":"2017-11-08T19:56:49+00:00","twitter_card":"summary_large_image","twitter_misc":{"Est. reading time":"2 minutes"},"schema":{"@context":"https:\/\/schema.org","@graph":[{"@type":"WebPage","@id":"https:\/\/staging.schneiderlegal.com\/labour-law\/changes-in-ownership-or-administration-of-the-company\/","url":"https:\/\/staging.schneiderlegal.com\/labour-law\/changes-in-ownership-or-administration-of-the-company\/","name":"Changement de propri\u00e9taire - Droit du travail - Schneider Legal","isPartOf":{"@id":"https:\/\/staging.schneiderlegal.com\/#website"},"datePublished":"2017-11-08T18:56:07+00:00","dateModified":"2017-11-08T19:56:49+00:00","description":"La vente de l\u2019entreprise ne met pas fin au contrat de travail, en vertu de l\u2019article 2097 du Code civil du Qu\u00e9bec.","breadcrumb":{"@id":"https:\/\/staging.schneiderlegal.com\/labour-law\/changes-in-ownership-or-administration-of-the-company\/#breadcrumb"},"inLanguage":"fr-FR","potentialAction":[{"@type":"ReadAction","target":["https:\/\/staging.schneiderlegal.com\/labour-law\/changes-in-ownership-or-administration-of-the-company\/"]}]},{"@type":"BreadcrumbList","@id":"https:\/\/staging.schneiderlegal.com\/labour-law\/changes-in-ownership-or-administration-of-the-company\/#breadcrumb","itemListElement":[{"@type":"ListItem","position":1,"name":"Home","item":"https:\/\/staging.schneiderlegal.com\/fr\/"},{"@type":"ListItem","position":2,"name":"Droit du travail","item":"https:\/\/staging.schneiderlegal.com\/fr\/droit-du-travail\/"},{"@type":"ListItem","position":3,"name":"Changement de propri\u00e9taire ou de l\u2019administration de l\u2019entreprise"}]},{"@type":"WebSite","@id":"https:\/\/staging.schneiderlegal.com\/#website","url":"https:\/\/staging.schneiderlegal.com\/","name":"Schneider Legal","description":"Real Estate Lawyer Montreal - Estate Lawyer","potentialAction":[{"@type":"SearchAction","target":{"@type":"EntryPoint","urlTemplate":"https:\/\/staging.schneiderlegal.com\/?s={search_term_string}"},"query-input":{"@type":"PropertyValueSpecification","valueRequired":true,"valueName":"search_term_string"}}],"inLanguage":"fr-FR"}]}},"_links":{"self":[{"href":"https:\/\/staging.schneiderlegal.com\/fr\/wp-json\/wp\/v2\/pages\/12243","targetHints":{"allow":["GET"]}}],"collection":[{"href":"https:\/\/staging.schneiderlegal.com\/fr\/wp-json\/wp\/v2\/pages"}],"about":[{"href":"https:\/\/staging.schneiderlegal.com\/fr\/wp-json\/wp\/v2\/types\/page"}],"author":[{"embeddable":true,"href":"https:\/\/staging.schneiderlegal.com\/fr\/wp-json\/wp\/v2\/users\/2"}],"replies":[{"embeddable":true,"href":"https:\/\/staging.schneiderlegal.com\/fr\/wp-json\/wp\/v2\/comments?post=12243"}],"version-history":[{"count":1,"href":"https:\/\/staging.schneiderlegal.com\/fr\/wp-json\/wp\/v2\/pages\/12243\/revisions"}],"predecessor-version":[{"id":12244,"href":"https:\/\/staging.schneiderlegal.com\/fr\/wp-json\/wp\/v2\/pages\/12243\/revisions\/12244"}],"up":[{"embeddable":true,"href":"https:\/\/staging.schneiderlegal.com\/fr\/wp-json\/wp\/v2\/pages\/12190"}],"wp:attachment":[{"href":"https:\/\/staging.schneiderlegal.com\/fr\/wp-json\/wp\/v2\/media?parent=12243"}],"curies":[{"name":"wp","href":"https:\/\/api.w.org\/{rel}","templated":true}]}}