{"id":12200,"date":"2017-11-08T13:00:25","date_gmt":"2017-11-08T17:00:25","guid":{"rendered":"https:\/\/staging.schneiderlegal.com\/fr\/?page_id=12200"},"modified":"2017-11-08T15:54:55","modified_gmt":"2017-11-08T19:54:55","slug":"distinction-importante-avec-le-contrat-de-service","status":"publish","type":"page","link":"https:\/\/staging.schneiderlegal.com\/fr\/droit-du-travail\/distinction-importante-avec-le-contrat-de-service\/","title":{"rendered":"Distinction importante avec le contrat de service"},"content":{"rendered":"[vc_row fullwidth=&nbsp;&raquo;true&nbsp;&raquo; css=&nbsp;&raquo;.vc_custom_1466444759232{border-bottom-width: 2px !important;padding-top: 0px !important;padding-right: 0px !important;padding-bottom: 0px !important;padding-left: 0px !important;border-bottom-color: #568db6 !important;border-bottom-style: solid !important;}&nbsp;&raquo;][vc_column][mk_page_title_box page_title=&nbsp;&raquo;DISTINCTION IMPORTANTE AVEC LE CONTRAT DE SERVICE&nbsp;&raquo; section_height=&nbsp;&raquo;300&Prime; bg_image=&nbsp;&raquo;https:\/\/staging.schneiderlegal.com\/wp-content\/uploads\/2017\/11\/labour-law-header.jpg&nbsp;&raquo; bg_position=&nbsp;&raquo;center center&nbsp;&raquo; bg_stretch=&nbsp;&raquo;true&nbsp;&raquo; overlay=&nbsp;&raquo;rgba(0,0,0,0.21)&nbsp;&raquo; font_size=&nbsp;&raquo;40&Prime; font_color=&nbsp;&raquo;#ffffff&nbsp;&raquo; font_weight=&nbsp;&raquo;bold&nbsp;&raquo; underline=&nbsp;&raquo;false&nbsp;&raquo; sub_font_size=&nbsp;&raquo;20&Prime; sub_font_color=&nbsp;&raquo;#ffffff&nbsp;&raquo; sub_font_weight=&nbsp;&raquo;bold&nbsp;&raquo; el_class=&nbsp;&raquo;titleshadow&nbsp;&raquo;][\/vc_column][\/vc_row][vc_row][vc_column][mk_padding_divider size=&nbsp;&raquo;75&Prime;][vc_column_text]Ce qui constitue le trait distinctif du contrat de travail, et le distingue du contrat de service, est la caract\u00e9ristique suivant laquelle l&rsquo;ex\u00e9cution du travail du salari\u00e9 est <u>subordonn\u00e9e<\/u> au contr\u00f4le et \u00e0 la direction d&rsquo;un employeur.<\/p>\n<p><a href=\"#_ftnref1\" name=\"_ftn1\"><\/a><\/p>\n<p><a href=\"#_ftnref1\" name=\"_ftn1\"><\/a>[\/vc_column_text][mk_padding_divider size=&nbsp;&raquo;20&Prime;][mk_blockquote style=&nbsp;&raquo;line-style&nbsp;&raquo; font_family=&nbsp;&raquo;none&nbsp;&raquo;]<em>Dans un contrat de services, le prestateur ne prodigue pas ses services sous la direction de l\u2019employeur; ainsi, il n\u2019y a pas de subordination juridique<\/em>. Toute relation professionnelle est unique et donc une analyse de la trame factuelle est de mise.[\/mk_blockquote][mk_divider style=&nbsp;&raquo;shadow_line&nbsp;&raquo; margin_bottom=&nbsp;&raquo;50&Prime;][vc_column_text]\n<p style=\"text-align: justify;\">Si vous recherchez un cabinet d\u2019avocat qui propose des honoraires raisonnables, un traitement rapide et efficace de vos dossiers et un suivi personnalis\u00e9 et efficace, n\u2019h\u00e9sitez pas \u00e0 communiquer avec Schneider Avocats\u00a0au (514) 439-1322 ext. 112 ou par courriel \u00e0 l\u2019adresse :\u00a0<a href=\"mailto:info@schneiderlegal.com\">info@schneiderlegal.com<\/a><\/p>\n[\/vc_column_text][mk_divider style=&nbsp;&raquo;shadow_line&nbsp;&raquo; margin_bottom=&nbsp;&raquo;50&Prime;][vc_column_text]\n<p style=\"text-align: justify; font-size: 10px;\"><i><span lang=\"FR-CA\">Le processus pr\u00e9sent\u00e9 ci-dessus ne constitue qu\u2019un outil de r\u00e9f\u00e9rence et ne comporte aucune garantie relative \u00e0 votre dossier. Nous vous recommandons fortement de recourir aux conseils juridiques d\u2019un avocat, membre en r\u00e8gle du Barreau du Qu\u00e9bec. Les particularit\u00e9s propres \u00e0 chaque cas d\u2019esp\u00e8ce doivent faire l\u2019objet d\u2019une analyse exhaustive puisque le processus peut s\u2019av\u00e9rer complexe et techniquement difficile.<\/span><\/i><\/p>\n[\/vc_column_text][mk_padding_divider][\/vc_column][\/vc_row]\n","protected":false},"excerpt":{"rendered":"<p>[vc_row fullwidth=&nbsp;&raquo;true&nbsp;&raquo; css=&nbsp;&raquo;.vc_custom_1466444759232{border-bottom-width: 2px !important;padding-top: 0px !important;padding-right: 0px !important;padding-bottom: 0px !important;padding-left: 0px !important;border-bottom-color: #568db6 !important;border-bottom-style: solid !important;}&nbsp;&raquo;][vc_column][mk_page_title_box page_title=&nbsp;&raquo;DISTINCTION IMPORTANTE AVEC LE CONTRAT DE SERVICE&nbsp;&raquo; section_height=&nbsp;&raquo;300&Prime; bg_image=&nbsp;&raquo;https:\/\/staging.schneiderlegal.com\/wp-content\/uploads\/2017\/11\/labour-law-header.jpg&nbsp;&raquo; bg_position=&nbsp;&raquo;center center&nbsp;&raquo; bg_stretch=&nbsp;&raquo;true&nbsp;&raquo; overlay=&nbsp;&raquo;rgba(0,0,0,0.21)&nbsp;&raquo; font_size=&nbsp;&raquo;40&Prime; font_color=&nbsp;&raquo;#ffffff&nbsp;&raquo; font_weight=&nbsp;&raquo;bold&nbsp;&raquo; underline=&nbsp;&raquo;false&nbsp;&raquo; sub_font_size=&nbsp;&raquo;20&Prime; sub_font_color=&nbsp;&raquo;#ffffff&nbsp;&raquo; sub_font_weight=&nbsp;&raquo;bold&nbsp;&raquo; el_class=&nbsp;&raquo;titleshadow&nbsp;&raquo;][\/vc_column][\/vc_row][vc_row][vc_column][mk_padding_divider size=&nbsp;&raquo;75&Prime;][vc_column_text]Ce qui constitue le trait distinctif du contrat de travail, et le distingue du contrat de service, [&hellip;]<\/p>\n","protected":false},"author":2,"featured_media":0,"parent":12190,"menu_order":0,"comment_status":"open","ping_status":"closed","template":"","meta":{"footnotes":""},"class_list":["post-12200","page","type-page","status-publish","hentry"],"yoast_head":"<!-- This site is optimized with the Yoast SEO plugin v27.0 - https:\/\/yoast.com\/product\/yoast-seo-wordpress\/ -->\n<title>Distinction avec le contrat de service - Droit du travail - Schneider Legal<\/title>\n<meta name=\"description\" content=\"Ce qui constitue le trait distinctif du contrat de travail est le fait que l&#039;ex\u00e9cution du travail du salari\u00e9 est subordonn\u00e9e \u00e0 un employeur.\" \/>\n<meta name=\"robots\" content=\"noindex, follow, max-snippet:-1, max-image-preview:large, max-video-preview:-1\" \/>\n<meta property=\"og:locale\" content=\"fr_FR\" \/>\n<meta property=\"og:type\" content=\"article\" \/>\n<meta property=\"og:title\" content=\"Distinction avec le contrat de service - Droit du travail - Schneider Legal\" \/>\n<meta property=\"og:description\" content=\"Ce qui constitue le trait distinctif du contrat de travail est le fait que l&#039;ex\u00e9cution du travail du salari\u00e9 est subordonn\u00e9e \u00e0 un employeur.\" \/>\n<meta property=\"og:url\" content=\"https:\/\/staging.schneiderlegal.com\/labour-law\/important-distinction-with-the-contract-for-services\/\" \/>\n<meta property=\"og:site_name\" content=\"Schneider Legal\" \/>\n<meta property=\"article:modified_time\" content=\"2017-11-08T19:54:55+00:00\" \/>\n<meta name=\"twitter:card\" content=\"summary_large_image\" \/>\n<meta name=\"twitter:label1\" content=\"Est. reading time\" \/>\n\t<meta name=\"twitter:data1\" content=\"2 minutes\" \/>\n<script type=\"application\/ld+json\" class=\"yoast-schema-graph\">{\"@context\":\"https:\/\/schema.org\",\"@graph\":[{\"@type\":\"WebPage\",\"@id\":\"https:\/\/staging.schneiderlegal.com\/labour-law\/important-distinction-with-the-contract-for-services\/\",\"url\":\"https:\/\/staging.schneiderlegal.com\/labour-law\/important-distinction-with-the-contract-for-services\/\",\"name\":\"Distinction avec le contrat de service - Droit du travail - Schneider Legal\",\"isPartOf\":{\"@id\":\"https:\/\/staging.schneiderlegal.com\/#website\"},\"datePublished\":\"2017-11-08T17:00:25+00:00\",\"dateModified\":\"2017-11-08T19:54:55+00:00\",\"description\":\"Ce qui constitue le trait distinctif du contrat de travail est le fait que l'ex\u00e9cution du travail du salari\u00e9 est subordonn\u00e9e \u00e0 un employeur.\",\"breadcrumb\":{\"@id\":\"https:\/\/staging.schneiderlegal.com\/labour-law\/important-distinction-with-the-contract-for-services\/#breadcrumb\"},\"inLanguage\":\"fr-FR\",\"potentialAction\":[{\"@type\":\"ReadAction\",\"target\":[\"https:\/\/staging.schneiderlegal.com\/labour-law\/important-distinction-with-the-contract-for-services\/\"]}]},{\"@type\":\"BreadcrumbList\",\"@id\":\"https:\/\/staging.schneiderlegal.com\/labour-law\/important-distinction-with-the-contract-for-services\/#breadcrumb\",\"itemListElement\":[{\"@type\":\"ListItem\",\"position\":1,\"name\":\"Home\",\"item\":\"https:\/\/staging.schneiderlegal.com\/fr\/\"},{\"@type\":\"ListItem\",\"position\":2,\"name\":\"Droit du travail\",\"item\":\"https:\/\/staging.schneiderlegal.com\/fr\/droit-du-travail\/\"},{\"@type\":\"ListItem\",\"position\":3,\"name\":\"Distinction importante avec le contrat de service\"}]},{\"@type\":\"WebSite\",\"@id\":\"https:\/\/staging.schneiderlegal.com\/#website\",\"url\":\"https:\/\/staging.schneiderlegal.com\/\",\"name\":\"Schneider Legal\",\"description\":\"Real Estate Lawyer Montreal - Estate Lawyer\",\"potentialAction\":[{\"@type\":\"SearchAction\",\"target\":{\"@type\":\"EntryPoint\",\"urlTemplate\":\"https:\/\/staging.schneiderlegal.com\/?s={search_term_string}\"},\"query-input\":{\"@type\":\"PropertyValueSpecification\",\"valueRequired\":true,\"valueName\":\"search_term_string\"}}],\"inLanguage\":\"fr-FR\"}]}<\/script>\n<!-- \/ Yoast SEO plugin. -->","yoast_head_json":{"title":"Distinction avec le contrat de service - Droit du travail - Schneider Legal","description":"Ce qui constitue le trait distinctif du contrat de travail est le fait que l'ex\u00e9cution du travail du salari\u00e9 est subordonn\u00e9e \u00e0 un employeur.","robots":{"index":"noindex","follow":"follow","max-snippet":"max-snippet:-1","max-image-preview":"max-image-preview:large","max-video-preview":"max-video-preview:-1"},"og_locale":"fr_FR","og_type":"article","og_title":"Distinction avec le contrat de service - Droit du travail - Schneider Legal","og_description":"Ce qui constitue le trait distinctif du contrat de travail est le fait que l'ex\u00e9cution du travail du salari\u00e9 est subordonn\u00e9e \u00e0 un employeur.","og_url":"https:\/\/staging.schneiderlegal.com\/labour-law\/important-distinction-with-the-contract-for-services\/","og_site_name":"Schneider Legal","article_modified_time":"2017-11-08T19:54:55+00:00","twitter_card":"summary_large_image","twitter_misc":{"Est. reading time":"2 minutes"},"schema":{"@context":"https:\/\/schema.org","@graph":[{"@type":"WebPage","@id":"https:\/\/staging.schneiderlegal.com\/labour-law\/important-distinction-with-the-contract-for-services\/","url":"https:\/\/staging.schneiderlegal.com\/labour-law\/important-distinction-with-the-contract-for-services\/","name":"Distinction avec le contrat de service - Droit du travail - Schneider Legal","isPartOf":{"@id":"https:\/\/staging.schneiderlegal.com\/#website"},"datePublished":"2017-11-08T17:00:25+00:00","dateModified":"2017-11-08T19:54:55+00:00","description":"Ce qui constitue le trait distinctif du contrat de travail est le fait que l'ex\u00e9cution du travail du salari\u00e9 est subordonn\u00e9e \u00e0 un employeur.","breadcrumb":{"@id":"https:\/\/staging.schneiderlegal.com\/labour-law\/important-distinction-with-the-contract-for-services\/#breadcrumb"},"inLanguage":"fr-FR","potentialAction":[{"@type":"ReadAction","target":["https:\/\/staging.schneiderlegal.com\/labour-law\/important-distinction-with-the-contract-for-services\/"]}]},{"@type":"BreadcrumbList","@id":"https:\/\/staging.schneiderlegal.com\/labour-law\/important-distinction-with-the-contract-for-services\/#breadcrumb","itemListElement":[{"@type":"ListItem","position":1,"name":"Home","item":"https:\/\/staging.schneiderlegal.com\/fr\/"},{"@type":"ListItem","position":2,"name":"Droit du travail","item":"https:\/\/staging.schneiderlegal.com\/fr\/droit-du-travail\/"},{"@type":"ListItem","position":3,"name":"Distinction importante avec le contrat de service"}]},{"@type":"WebSite","@id":"https:\/\/staging.schneiderlegal.com\/#website","url":"https:\/\/staging.schneiderlegal.com\/","name":"Schneider Legal","description":"Real Estate Lawyer Montreal - Estate Lawyer","potentialAction":[{"@type":"SearchAction","target":{"@type":"EntryPoint","urlTemplate":"https:\/\/staging.schneiderlegal.com\/?s={search_term_string}"},"query-input":{"@type":"PropertyValueSpecification","valueRequired":true,"valueName":"search_term_string"}}],"inLanguage":"fr-FR"}]}},"_links":{"self":[{"href":"https:\/\/staging.schneiderlegal.com\/fr\/wp-json\/wp\/v2\/pages\/12200","targetHints":{"allow":["GET"]}}],"collection":[{"href":"https:\/\/staging.schneiderlegal.com\/fr\/wp-json\/wp\/v2\/pages"}],"about":[{"href":"https:\/\/staging.schneiderlegal.com\/fr\/wp-json\/wp\/v2\/types\/page"}],"author":[{"embeddable":true,"href":"https:\/\/staging.schneiderlegal.com\/fr\/wp-json\/wp\/v2\/users\/2"}],"replies":[{"embeddable":true,"href":"https:\/\/staging.schneiderlegal.com\/fr\/wp-json\/wp\/v2\/comments?post=12200"}],"version-history":[{"count":2,"href":"https:\/\/staging.schneiderlegal.com\/fr\/wp-json\/wp\/v2\/pages\/12200\/revisions"}],"predecessor-version":[{"id":12202,"href":"https:\/\/staging.schneiderlegal.com\/fr\/wp-json\/wp\/v2\/pages\/12200\/revisions\/12202"}],"up":[{"embeddable":true,"href":"https:\/\/staging.schneiderlegal.com\/fr\/wp-json\/wp\/v2\/pages\/12190"}],"wp:attachment":[{"href":"https:\/\/staging.schneiderlegal.com\/fr\/wp-json\/wp\/v2\/media?parent=12200"}],"curies":[{"name":"wp","href":"https:\/\/api.w.org\/{rel}","templated":true}]}}