{"id":12105,"date":"2017-07-21T17:09:40","date_gmt":"2017-07-21T21:09:40","guid":{"rendered":"https:\/\/staging.schneiderlegal.com\/fr\/la-copropriete-divise\/conclusion\/"},"modified":"2018-07-19T09:14:57","modified_gmt":"2018-07-19T13:14:57","slug":"conclusion","status":"publish","type":"page","link":"https:\/\/staging.schneiderlegal.com\/fr\/la-copropriete-divise\/conclusion\/","title":{"rendered":"Conclusion"},"content":{"rendered":"[vc_row fullwidth=&nbsp;&raquo;true&nbsp;&raquo; css=&nbsp;&raquo;.vc_custom_1466444759232{border-bottom-width: 2px !important;padding-top: 0px !important;padding-right: 0px !important;padding-bottom: 0px !important;padding-left: 0px !important;border-bottom-color: #568db6 !important;border-bottom-style: solid !important;}&nbsp;&raquo;][vc_column][mk_page_title_box page_title=&nbsp;&raquo;CONCLUSION&nbsp;&raquo; section_height=&nbsp;&raquo;300&Prime; bg_image=&nbsp;&raquo;http:\/\/schneiderlegal.preview.web22.propulsionweb.ca\/wp-content\/uploads\/2016\/07\/photodune-304484-condos-m.jpg&nbsp;&raquo; bg_position=&nbsp;&raquo;center center&nbsp;&raquo; bg_stretch=&nbsp;&raquo;true&nbsp;&raquo; overlay=&nbsp;&raquo;rgba(0,0,0,0.21)&nbsp;&raquo; font_size=&nbsp;&raquo;40&Prime; font_color=&nbsp;&raquo;#ffffff&nbsp;&raquo; font_weight=&nbsp;&raquo;bold&nbsp;&raquo; underline=&nbsp;&raquo;false&nbsp;&raquo; sub_font_size=&nbsp;&raquo;20&Prime; sub_font_color=&nbsp;&raquo;#ffffff&nbsp;&raquo; sub_font_weight=&nbsp;&raquo;bold&nbsp;&raquo; el_class=&nbsp;&raquo;titleshadow&nbsp;&raquo;][\/vc_column][\/vc_row][vc_row][vc_column][mk_padding_divider size=&nbsp;&raquo;75&Prime;][vc_column_text]Pour \u00e9viter les surprises ind\u00e9sirables ou les \u00e9v\u00e9nements inattendus, les copropri\u00e9taires \u00e9ventuels devraient s&rsquo;informer sur leurs droits et leurs obligations vis-\u00e0-vis la copropri\u00e9t\u00e9, la d\u00e9claration de copropri\u00e9t\u00e9, les droits et obligations du syndicat des copropri\u00e9taires, la responsabilit\u00e9 des copropri\u00e9taires et les sanctions judiciaires.<\/p>\n<p>Si vous avez des doutes quant \u00e0 vos droits en tant que copropri\u00e9taire, ou avez des doutes avant d&rsquo;acheter un condo, consulter un cabinet d&rsquo;avocats sp\u00e9cialis\u00e9 dans le domaine de la copropri\u00e9t\u00e9.<\/p>\n<p><a href=\"#_ftnref1\" name=\"_ftn1\"><\/a>[\/vc_column_text][mk_divider style=&nbsp;&raquo;shadow_line&nbsp;&raquo; margin_bottom=&nbsp;&raquo;50&Prime;][vc_column_text]\n<p style=\"text-align: justify;\">Si vous recherchez un cabinet d\u2019avocat qui propose des honoraires raisonnables, un traitement rapide et efficace de vos dossiers et un suivi personnalis\u00e9 et efficace, n\u2019h\u00e9sitez pas \u00e0 communiquer avec Schneider Avocats\u00a0au (514) 439-1322 ext. 112 ou par courriel \u00e0 l\u2019adresse :\u00a0<a href=\"mailto:info@schneiderlegal.com\">info@schneiderlegal.com<\/a><\/p>\n[\/vc_column_text][mk_divider style=&nbsp;&raquo;shadow_line&nbsp;&raquo; margin_bottom=&nbsp;&raquo;50&Prime;][vc_column_text]\n<p style=\"text-align: justify; font-size: 10px;\"><i><span lang=\"FR-CA\">Le processus pr\u00e9sent\u00e9 ci-dessus ne constitue qu\u2019un outil de r\u00e9f\u00e9rence et ne comporte aucune garantie relative \u00e0 votre dossier. Nous vous recommandons fortement de recourir aux conseils juridiques d\u2019un avocat, membre en r\u00e8gle du Barreau du Qu\u00e9bec. Les particularit\u00e9s propres \u00e0 chaque cas d\u2019esp\u00e8ce doivent faire l\u2019objet d\u2019une analyse exhaustive puisque le processus peut s\u2019av\u00e9rer complexe et techniquement difficile.<\/span><\/i><\/p>\n[\/vc_column_text][mk_padding_divider][\/vc_column][\/vc_row]\n","protected":false},"excerpt":{"rendered":"<p>[vc_row fullwidth=&nbsp;&raquo;true&nbsp;&raquo; css=&nbsp;&raquo;.vc_custom_1466444759232{border-bottom-width: 2px !important;padding-top: 0px !important;padding-right: 0px !important;padding-bottom: 0px !important;padding-left: 0px !important;border-bottom-color: #568db6 !important;border-bottom-style: solid !important;}&nbsp;&raquo;][vc_column][mk_page_title_box page_title=&nbsp;&raquo;CONCLUSION&nbsp;&raquo; section_height=&nbsp;&raquo;300&Prime; bg_image=&nbsp;&raquo;http:\/\/schneiderlegal.preview.web22.propulsionweb.ca\/wp-content\/uploads\/2016\/07\/photodune-304484-condos-m.jpg&nbsp;&raquo; bg_position=&nbsp;&raquo;center center&nbsp;&raquo; bg_stretch=&nbsp;&raquo;true&nbsp;&raquo; overlay=&nbsp;&raquo;rgba(0,0,0,0.21)&nbsp;&raquo; font_size=&nbsp;&raquo;40&Prime; font_color=&nbsp;&raquo;#ffffff&nbsp;&raquo; font_weight=&nbsp;&raquo;bold&nbsp;&raquo; underline=&nbsp;&raquo;false&nbsp;&raquo; sub_font_size=&nbsp;&raquo;20&Prime; sub_font_color=&nbsp;&raquo;#ffffff&nbsp;&raquo; sub_font_weight=&nbsp;&raquo;bold&nbsp;&raquo; el_class=&nbsp;&raquo;titleshadow&nbsp;&raquo;][\/vc_column][\/vc_row][vc_row][vc_column][mk_padding_divider size=&nbsp;&raquo;75&Prime;][vc_column_text]Pour \u00e9viter les surprises ind\u00e9sirables ou les \u00e9v\u00e9nements inattendus, les copropri\u00e9taires \u00e9ventuels devraient s&rsquo;informer sur leurs droits et leurs obligations vis-\u00e0-vis la copropri\u00e9t\u00e9, [&hellip;]<\/p>\n","protected":false},"author":2,"featured_media":0,"parent":12061,"menu_order":0,"comment_status":"open","ping_status":"closed","template":"","meta":{"footnotes":""},"class_list":["post-12105","page","type-page","status-publish","hentry"],"yoast_head":"<!-- This site is optimized with the Yoast SEO plugin v27.0 - https:\/\/yoast.com\/product\/yoast-seo-wordpress\/ -->\n<title>Conclusion de co-propri\u00e9t\u00e9- Droit immobilier - Schneider Legal<\/title>\n<meta name=\"description\" content=\"Si vous avez des doutes quant \u00e0 vos droits en tant que copropri\u00e9taire, ou avez des doutes avant d&#039;acheter un condo, consulter un cabinet d&#039;avocats sp\u00e9cialis\u00e9 dans le domaine de la copropri\u00e9t\u00e9.\" \/>\n<meta name=\"robots\" content=\"noindex, follow, max-snippet:-1, max-image-preview:large, max-video-preview:-1\" \/>\n<meta property=\"og:locale\" content=\"fr_FR\" \/>\n<meta property=\"og:type\" content=\"article\" \/>\n<meta property=\"og:title\" content=\"Conclusion de co-propri\u00e9t\u00e9- Droit immobilier - Schneider Legal\" \/>\n<meta property=\"og:description\" content=\"Si vous avez des doutes quant \u00e0 vos droits en tant que copropri\u00e9taire, ou avez des doutes avant d&#039;acheter un condo, consulter un cabinet d&#039;avocats sp\u00e9cialis\u00e9 dans le domaine de la copropri\u00e9t\u00e9.\" \/>\n<meta property=\"og:url\" content=\"https:\/\/staging.schneiderlegal.com\/co-ownership\/conclusion\/\" \/>\n<meta property=\"og:site_name\" content=\"Schneider Legal\" \/>\n<meta property=\"article:modified_time\" content=\"2018-07-19T13:14:57+00:00\" \/>\n<meta name=\"twitter:card\" content=\"summary_large_image\" \/>\n<meta name=\"twitter:label1\" content=\"Est. reading time\" \/>\n\t<meta name=\"twitter:data1\" content=\"2 minutes\" \/>\n<script type=\"application\/ld+json\" class=\"yoast-schema-graph\">{\"@context\":\"https:\/\/schema.org\",\"@graph\":[{\"@type\":\"WebPage\",\"@id\":\"https:\/\/staging.schneiderlegal.com\/co-ownership\/conclusion\/\",\"url\":\"https:\/\/staging.schneiderlegal.com\/co-ownership\/conclusion\/\",\"name\":\"Conclusion de co-propri\u00e9t\u00e9- Droit immobilier - Schneider Legal\",\"isPartOf\":{\"@id\":\"https:\/\/staging.schneiderlegal.com\/#website\"},\"datePublished\":\"2017-07-21T21:09:40+00:00\",\"dateModified\":\"2018-07-19T13:14:57+00:00\",\"description\":\"Si vous avez des doutes quant \u00e0 vos droits en tant que copropri\u00e9taire, ou avez des doutes avant d'acheter un condo, consulter un cabinet d'avocats sp\u00e9cialis\u00e9 dans le domaine de la copropri\u00e9t\u00e9.\",\"breadcrumb\":{\"@id\":\"https:\/\/staging.schneiderlegal.com\/co-ownership\/conclusion\/#breadcrumb\"},\"inLanguage\":\"fr-FR\",\"potentialAction\":[{\"@type\":\"ReadAction\",\"target\":[\"https:\/\/staging.schneiderlegal.com\/co-ownership\/conclusion\/\"]}]},{\"@type\":\"BreadcrumbList\",\"@id\":\"https:\/\/staging.schneiderlegal.com\/co-ownership\/conclusion\/#breadcrumb\",\"itemListElement\":[{\"@type\":\"ListItem\",\"position\":1,\"name\":\"Home\",\"item\":\"https:\/\/staging.schneiderlegal.com\/fr\/\"},{\"@type\":\"ListItem\",\"position\":2,\"name\":\"La copropri\u00e9t\u00e9 divise\",\"item\":\"https:\/\/staging.schneiderlegal.com\/fr\/la-copropriete-divise\/\"},{\"@type\":\"ListItem\",\"position\":3,\"name\":\"Conclusion\"}]},{\"@type\":\"WebSite\",\"@id\":\"https:\/\/staging.schneiderlegal.com\/#website\",\"url\":\"https:\/\/staging.schneiderlegal.com\/\",\"name\":\"Schneider Legal\",\"description\":\"Real Estate Lawyer Montreal - Estate Lawyer\",\"potentialAction\":[{\"@type\":\"SearchAction\",\"target\":{\"@type\":\"EntryPoint\",\"urlTemplate\":\"https:\/\/staging.schneiderlegal.com\/?s={search_term_string}\"},\"query-input\":{\"@type\":\"PropertyValueSpecification\",\"valueRequired\":true,\"valueName\":\"search_term_string\"}}],\"inLanguage\":\"fr-FR\"}]}<\/script>\n<!-- \/ Yoast SEO plugin. -->","yoast_head_json":{"title":"Conclusion de co-propri\u00e9t\u00e9- Droit immobilier - Schneider Legal","description":"Si vous avez des doutes quant \u00e0 vos droits en tant que copropri\u00e9taire, ou avez des doutes avant d'acheter un condo, consulter un cabinet d'avocats sp\u00e9cialis\u00e9 dans le domaine de la copropri\u00e9t\u00e9.","robots":{"index":"noindex","follow":"follow","max-snippet":"max-snippet:-1","max-image-preview":"max-image-preview:large","max-video-preview":"max-video-preview:-1"},"og_locale":"fr_FR","og_type":"article","og_title":"Conclusion de co-propri\u00e9t\u00e9- Droit immobilier - Schneider Legal","og_description":"Si vous avez des doutes quant \u00e0 vos droits en tant que copropri\u00e9taire, ou avez des doutes avant d'acheter un condo, consulter un cabinet d'avocats sp\u00e9cialis\u00e9 dans le domaine de la copropri\u00e9t\u00e9.","og_url":"https:\/\/staging.schneiderlegal.com\/co-ownership\/conclusion\/","og_site_name":"Schneider Legal","article_modified_time":"2018-07-19T13:14:57+00:00","twitter_card":"summary_large_image","twitter_misc":{"Est. reading time":"2 minutes"},"schema":{"@context":"https:\/\/schema.org","@graph":[{"@type":"WebPage","@id":"https:\/\/staging.schneiderlegal.com\/co-ownership\/conclusion\/","url":"https:\/\/staging.schneiderlegal.com\/co-ownership\/conclusion\/","name":"Conclusion de co-propri\u00e9t\u00e9- Droit immobilier - Schneider Legal","isPartOf":{"@id":"https:\/\/staging.schneiderlegal.com\/#website"},"datePublished":"2017-07-21T21:09:40+00:00","dateModified":"2018-07-19T13:14:57+00:00","description":"Si vous avez des doutes quant \u00e0 vos droits en tant que copropri\u00e9taire, ou avez des doutes avant d'acheter un condo, consulter un cabinet d'avocats sp\u00e9cialis\u00e9 dans le domaine de la copropri\u00e9t\u00e9.","breadcrumb":{"@id":"https:\/\/staging.schneiderlegal.com\/co-ownership\/conclusion\/#breadcrumb"},"inLanguage":"fr-FR","potentialAction":[{"@type":"ReadAction","target":["https:\/\/staging.schneiderlegal.com\/co-ownership\/conclusion\/"]}]},{"@type":"BreadcrumbList","@id":"https:\/\/staging.schneiderlegal.com\/co-ownership\/conclusion\/#breadcrumb","itemListElement":[{"@type":"ListItem","position":1,"name":"Home","item":"https:\/\/staging.schneiderlegal.com\/fr\/"},{"@type":"ListItem","position":2,"name":"La copropri\u00e9t\u00e9 divise","item":"https:\/\/staging.schneiderlegal.com\/fr\/la-copropriete-divise\/"},{"@type":"ListItem","position":3,"name":"Conclusion"}]},{"@type":"WebSite","@id":"https:\/\/staging.schneiderlegal.com\/#website","url":"https:\/\/staging.schneiderlegal.com\/","name":"Schneider Legal","description":"Real Estate Lawyer Montreal - Estate Lawyer","potentialAction":[{"@type":"SearchAction","target":{"@type":"EntryPoint","urlTemplate":"https:\/\/staging.schneiderlegal.com\/?s={search_term_string}"},"query-input":{"@type":"PropertyValueSpecification","valueRequired":true,"valueName":"search_term_string"}}],"inLanguage":"fr-FR"}]}},"_links":{"self":[{"href":"https:\/\/staging.schneiderlegal.com\/fr\/wp-json\/wp\/v2\/pages\/12105","targetHints":{"allow":["GET"]}}],"collection":[{"href":"https:\/\/staging.schneiderlegal.com\/fr\/wp-json\/wp\/v2\/pages"}],"about":[{"href":"https:\/\/staging.schneiderlegal.com\/fr\/wp-json\/wp\/v2\/types\/page"}],"author":[{"embeddable":true,"href":"https:\/\/staging.schneiderlegal.com\/fr\/wp-json\/wp\/v2\/users\/2"}],"replies":[{"embeddable":true,"href":"https:\/\/staging.schneiderlegal.com\/fr\/wp-json\/wp\/v2\/comments?post=12105"}],"version-history":[{"count":1,"href":"https:\/\/staging.schneiderlegal.com\/fr\/wp-json\/wp\/v2\/pages\/12105\/revisions"}],"predecessor-version":[{"id":12106,"href":"https:\/\/staging.schneiderlegal.com\/fr\/wp-json\/wp\/v2\/pages\/12105\/revisions\/12106"}],"up":[{"embeddable":true,"href":"https:\/\/staging.schneiderlegal.com\/fr\/wp-json\/wp\/v2\/pages\/12061"}],"wp:attachment":[{"href":"https:\/\/staging.schneiderlegal.com\/fr\/wp-json\/wp\/v2\/media?parent=12105"}],"curies":[{"name":"wp","href":"https:\/\/api.w.org\/{rel}","templated":true}]}}