{"id":11721,"date":"2016-11-01T04:12:00","date_gmt":"2016-11-01T04:12:00","guid":{"rendered":"https:\/\/staging.schneiderlegal.com\/fr\/?page_id=11721"},"modified":"2016-11-04T20:51:37","modified_gmt":"2016-11-04T20:51:37","slug":"defendeur","status":"publish","type":"page","link":"https:\/\/staging.schneiderlegal.com\/fr\/defendeur\/","title":{"rendered":"D\u00c9FENDEUR"},"content":{"rendered":"[vc_row fullwidth=&nbsp;&raquo;true&nbsp;&raquo; css=&nbsp;&raquo;.vc_custom_1466444759232{border-bottom-width: 2px !important;padding-top: 0px !important;padding-right: 0px !important;padding-bottom: 0px !important;padding-left: 0px !important;border-bottom-color: #568db6 !important;border-bottom-style: solid !important;}&nbsp;&raquo;][vc_column][mk_page_title_box page_title=&nbsp;&raquo;D\u00c9FENDEUR&nbsp;&raquo; section_height=&nbsp;&raquo;300&Prime; bg_image=&nbsp;&raquo;http:\/\/schneiderlegal.preview.web22.propulsionweb.ca\/wp-content\/uploads\/2016\/07\/Kasirer-4.jpg&nbsp;&raquo; bg_position=&nbsp;&raquo;center bottom&nbsp;&raquo; bg_stretch=&nbsp;&raquo;true&nbsp;&raquo; overlay=&nbsp;&raquo;rgba(0,0,0,0.19)&nbsp;&raquo; font_size=&nbsp;&raquo;40&Prime; font_color=&nbsp;&raquo;#ffffff&nbsp;&raquo; font_weight=&nbsp;&raquo;bold&nbsp;&raquo; underline=&nbsp;&raquo;false&nbsp;&raquo; sub_font_size=&nbsp;&raquo;20&Prime; sub_font_color=&nbsp;&raquo;#ffffff&nbsp;&raquo; sub_font_weight=&nbsp;&raquo;bold&nbsp;&raquo; el_class=&nbsp;&raquo;titleshadow&nbsp;&raquo;][\/vc_column][\/vc_row][vc_row][vc_column][mk_padding_divider size=&nbsp;&raquo;75&Prime;][vc_column_text]\n<h5>Que vous soyez un particulier ou une entreprise et qu\u2019une demande introductive d\u2019instance vous est signifi\u00e9e, voici la proc\u00e9dure \u00e0 suivre\u00a0:<\/h5>\n<h5><u>CONSULTER UN AVOCAT <\/u><\/h5>\n<p>Nous vous sugg\u00e9rons fortement de <a href=\"https:\/\/staging.schneiderlegal.com\/fr\/contact\/\"><u>consulter un avocat<\/u><\/a> pour vous repr\u00e9senter d\u00e8s la r\u00e9ception de la demande introductive d\u2019instance. Il est important de noter que les entreprises sont tenues, lors d\u2019une proc\u00e9dure contentieuse, de se faire repr\u00e9senter par avocat devant les tribunaux, sous r\u00e9serve de quelques exceptions.<\/p>\n<p style=\"padding-left: 30px;\"><strong>a) R\u00e9ponse \u00e0 l\u2019avis<\/strong><\/p>\n<p>Il faut r\u00e9pondre \u00e0 cette demande par \u00e9crit, personnellement ou par avocat, au palais de justice du district concern\u00e9. La r\u00e9ponse doit se faire dans les <strong>15 jours<\/strong> de la signification de la demande introductive d\u2019instance ou, si vous n\u2019avez pas de domicile, ni de r\u00e9sidence, ni d\u2019\u00e9tablissement au Qu\u00e9bec, dans les <strong>30 jours<\/strong> de celle-ci. Cette r\u00e9ponse devra \u00eatre notifi\u00e9e au demandeur en question ou, s\u2019il est repr\u00e9sent\u00e9, \u00e0 son avocat.<\/p>\n<p><u>Contenu de la r\u00e9ponse<\/u><\/p>\n<p>Dans votre r\u00e9ponse, vous devez indiquer soit de\u00a0:<\/p>\n<ul>\n<li>Convenir du r\u00e8glement de l\u2019affaire;<\/li>\n<li>Proposer une m\u00e9diation pour r\u00e9soudre le diff\u00e9rend;<\/li>\n<li>Contester ladite demande et, tel que requis par la loi, \u00e9tablir, en coop\u00e9ration avec le demandeur, le <a href=\"https:\/\/staging.schneiderlegal.com\/fr\/demandeur\/\"><u>protocole de l\u2019instance<\/u><\/a><\/li>\n<li>Proposer la tenue d\u2019une conf\u00e9rence de r\u00e8glement \u00e0 l\u2019amiable.<\/li>\n<\/ul>\n<p>Cette r\u00e9ponse doit mentionner vos coordonn\u00e9es et, si vous \u00eates repr\u00e9sent\u00e9 par avocat, le nom de celui-ci ainsi que ses coordonn\u00e9es.<\/p>\n<p style=\"padding-left: 30px;\"><strong>b) D\u00e9faut de r\u00e9pondre<\/strong><\/p>\n<p>Ne pas r\u00e9pondre dans le d\u00e9lai pr\u00e9vu, soit 15 jours ou 30 jours selon le cas, peut entrainer un jugement par d\u00e9faut contre vous, et ce, sans autre avis. Vous pourriez aussi \u00eatre tenue au paiement des frais de justice.<\/p>\n<p style=\"padding-left: 30px;\"><strong>c)<\/strong> <strong>D\u00e9fense<\/strong><\/p>\n<p>Le mode de d\u00e9fense et l\u2019\u00e9ch\u00e9ancier pr\u00e9vu \u00e0 cet effet est \u00e9tabli dans le protocole de l\u2019instance. Vous pourrez donc faire valoir une <em>d\u00e9fense simple <\/em>ou une <em>d\u00e9fense qui inclut une demande reconventionnelle.<\/em><\/p>\n<p style=\"padding-left: 30px;\"><em>i. La d\u00e9fense simple<\/em><\/p>\n<p>Ce type de d\u00e9fense permet au d\u00e9fendeur de s\u2019opposer, en partie ou en totalit\u00e9, aux all\u00e9gations et conclusion recherch\u00e9es de la demande introductive d\u2019instance. En principe, cette d\u00e9fense est orale, et sera enregistr\u00e9e au proc\u00e8s-verbal. Toutefois, certaines circonstances sp\u00e9ciales permettent une d\u00e9fense \u00e9crite<a href=\"#_ftn1\" name=\"_ftnref1\">[1]<\/a><\/p>\n<p style=\"padding-left: 30px;\"><em>ii. La d\u00e9fense qui inclut une demande reconventionnelle<\/em><\/p>\n<p>Ce type de d\u00e9fense permet au d\u00e9fendeur de non seulement contester le fond du litige, \u00e0 savoir certaines ou la totalit\u00e9 des all\u00e9gations du demandeur, mais aussi de joindre \u00e0 sa d\u00e9fense une demande reconventionnelle contre le demandeur.<\/p>\n<p>De ce fait, puisque la demande reconventionnelle prend en principe la forme \u00e9crite, le d\u00e9fendeur pourra aussi faire valoir les motifs de sa d\u00e9fense dans cet \u00e9crit. La contestation de cette demande reconventionnelle sera toutefois faite \u00e0 l\u2019orale.<\/p>\n<p>Voici une liste non-exhaustive de raisons pouvant expliquer l\u2019origine de la demande introductive d\u2019instance dans un litige civil ou commercial\u00a0:<\/p>\n<ul>\n<li>Recouvrement d\u2019une cr\u00e9ance;<\/li>\n<li>Bien ou service impay\u00e9 ou partiellement impay\u00e9;<\/li>\n<li>Bien ou service non re\u00e7u ou partiellement non re\u00e7u;<\/li>\n<li>Interpr\u00e9tation, respect et\/ou ex\u00e9cution des droits et obligations \u00e9manant d\u2019un contrat (contrat de vente, services, louage, pr\u00eat, construction, d\u2019assurance ou un bail);<\/li>\n<li>Violation des droits et obligations \u00e9manant d\u2019un contrat;<\/li>\n<li>Droit de passage, d\u2019usage ou de propri\u00e9t\u00e9;<\/li>\n<li>Destruction d\u2019un bien;<\/li>\n<li><a href=\"https:\/\/staging.schneiderlegal.com\/fr\/troubles-de-voisinage\/\"><u>Conflit avec votre voisin\u00a0<\/u><\/a><\/li>\n<li>Conflit avec votre partenaire d\u2019affaire\/actionnaire.<\/li>\n<li><a href=\"https:\/\/staging.schneiderlegal.com\/fr\/locataires-commerciaux\/\"><u>Conflit avec votre locateur<\/u><\/a>;<\/li>\n<li><a href=\"https:\/\/staging.schneiderlegal.com\/fr\/locateurs-commerciaux\/\"><u>Conflit avec votre locataire<\/u><\/a>;<\/li>\n<\/ul>\n<p>Nous vous prions de consulter le lien suivant concernant les prochaines \u00e9tapes d\u2019un contentieux judiciaire\u00a0: <a href=\"https:\/\/staging.schneiderlegal.com\/fr\/demandeur\/\"><u>Mise en \u00e9tat du dossier, jugement et ex\u00e9cution du jugement<\/u><\/a><\/p>\n<p><a href=\"#_ftnref1\" name=\"_ftn1\">[1]<\/a> Art. 171 <em>Code de proc\u00e9dure civile<\/em>.[\/vc_column_text][mk_divider style=&nbsp;&raquo;shadow_line&nbsp;&raquo; margin_bottom=&nbsp;&raquo;50&Prime;][vc_column_text]\n<p style=\"text-align: justify;\">Si vous recherchez un cabinet d\u2019avocat qui propose des honoraires raisonnables, un traitement rapide et efficace de vos dossiers et un suivi personnalis\u00e9 et efficace, n\u2019h\u00e9sitez pas \u00e0 communiquer avec Schneider Avocats\u00a0au (514) 439-1322 ext. 112 ou par courriel \u00e0 l\u2019adresse :\u00a0<a href=\"mailto:info@schneiderlegal.com\">info@schneiderlegal.com<\/a><\/p>\n[\/vc_column_text][mk_divider style=&nbsp;&raquo;shadow_line&nbsp;&raquo; margin_bottom=&nbsp;&raquo;50&Prime;][vc_column_text]\n<p style=\"text-align: justify; font-size: 10px;\"><i><span lang=\"FR-CA\">Le processus pr\u00e9sent\u00e9 ci-dessus ne constitue qu\u2019un outil de r\u00e9f\u00e9rence et ne comporte aucune garantie relative \u00e0 votre dossier. Nous vous recommandons fortement de recourir aux conseils juridiques d\u2019un avocat, membre en r\u00e8gle du Barreau du Qu\u00e9bec. Les particularit\u00e9s propres \u00e0 chaque cas d\u2019esp\u00e8ce doivent faire l\u2019objet d\u2019une analyse exhaustive puisque le processus peut s\u2019av\u00e9rer complexe et techniquement difficile.<\/span><\/i><\/p>\n[\/vc_column_text][mk_padding_divider][\/vc_column][\/vc_row]\n","protected":false},"excerpt":{"rendered":"<p>[vc_row fullwidth=&nbsp;&raquo;true&nbsp;&raquo; css=&nbsp;&raquo;.vc_custom_1466444759232{border-bottom-width: 2px !important;padding-top: 0px !important;padding-right: 0px !important;padding-bottom: 0px !important;padding-left: 0px !important;border-bottom-color: #568db6 !important;border-bottom-style: solid !important;}&nbsp;&raquo;][vc_column][mk_page_title_box page_title=&nbsp;&raquo;D\u00c9FENDEUR&nbsp;&raquo; section_height=&nbsp;&raquo;300&Prime; bg_image=&nbsp;&raquo;http:\/\/schneiderlegal.preview.web22.propulsionweb.ca\/wp-content\/uploads\/2016\/07\/Kasirer-4.jpg&nbsp;&raquo; bg_position=&nbsp;&raquo;center bottom&nbsp;&raquo; bg_stretch=&nbsp;&raquo;true&nbsp;&raquo; overlay=&nbsp;&raquo;rgba(0,0,0,0.19)&nbsp;&raquo; font_size=&nbsp;&raquo;40&Prime; font_color=&nbsp;&raquo;#ffffff&nbsp;&raquo; font_weight=&nbsp;&raquo;bold&nbsp;&raquo; underline=&nbsp;&raquo;false&nbsp;&raquo; sub_font_size=&nbsp;&raquo;20&Prime; sub_font_color=&nbsp;&raquo;#ffffff&nbsp;&raquo; sub_font_weight=&nbsp;&raquo;bold&nbsp;&raquo; el_class=&nbsp;&raquo;titleshadow&nbsp;&raquo;][\/vc_column][\/vc_row][vc_row][vc_column][mk_padding_divider size=&nbsp;&raquo;75&Prime;][vc_column_text] Que vous soyez un particulier ou une entreprise et qu\u2019une demande introductive d\u2019instance vous est signifi\u00e9e, voici la proc\u00e9dure \u00e0 suivre\u00a0: CONSULTER [&hellip;]<\/p>\n","protected":false},"author":2,"featured_media":0,"parent":0,"menu_order":0,"comment_status":"open","ping_status":"open","template":"","meta":{"footnotes":""},"class_list":["post-11721","page","type-page","status-publish","hentry"],"yoast_head":"<!-- This site is optimized with the Yoast SEO plugin v27.0 - https:\/\/yoast.com\/product\/yoast-seo-wordpress\/ -->\n<title>Litige civil et commercial - Schneider Legal - Avocats Montr\u00e9al<\/title>\n<meta name=\"description\" content=\"\u00c9tant un cabinet sp\u00e9cialis\u00e9 en litige civil et commercial, les avocats de Schneider Avocats sont d\u00e9termin\u00e9s \u00e0 d\u00e9fendre vigoureusement vos int\u00e9r\u00eats\" \/>\n<meta name=\"robots\" content=\"noindex, follow, max-snippet:-1, max-image-preview:large, max-video-preview:-1\" \/>\n<meta property=\"og:locale\" content=\"fr_FR\" \/>\n<meta property=\"og:type\" content=\"article\" \/>\n<meta property=\"og:title\" content=\"Litige civil et commercial - Schneider Legal - Avocats Montr\u00e9al\" \/>\n<meta property=\"og:description\" content=\"\u00c9tant un cabinet sp\u00e9cialis\u00e9 en litige civil et commercial, les avocats de Schneider Avocats sont d\u00e9termin\u00e9s \u00e0 d\u00e9fendre vigoureusement vos int\u00e9r\u00eats\" \/>\n<meta property=\"og:url\" content=\"https:\/\/staging.schneiderlegal.com\/fr\/defendeur\/\" \/>\n<meta property=\"og:site_name\" content=\"Schneider Legal\" \/>\n<meta property=\"article:modified_time\" content=\"2016-11-04T20:51:37+00:00\" \/>\n<meta name=\"twitter:card\" content=\"summary_large_image\" \/>\n<meta name=\"twitter:label1\" content=\"Est. reading time\" \/>\n\t<meta name=\"twitter:data1\" content=\"4 minutes\" \/>\n<script type=\"application\/ld+json\" class=\"yoast-schema-graph\">{\"@context\":\"https:\/\/schema.org\",\"@graph\":[{\"@type\":\"WebPage\",\"@id\":\"https:\/\/staging.schneiderlegal.com\/fr\/defendeur\/\",\"url\":\"https:\/\/staging.schneiderlegal.com\/fr\/defendeur\/\",\"name\":\"Litige civil et commercial - Schneider Legal - Avocats Montr\u00e9al\",\"isPartOf\":{\"@id\":\"https:\/\/staging.schneiderlegal.com\/#website\"},\"datePublished\":\"2016-11-01T04:12:00+00:00\",\"dateModified\":\"2016-11-04T20:51:37+00:00\",\"description\":\"\u00c9tant un cabinet sp\u00e9cialis\u00e9 en litige civil et commercial, les avocats de Schneider Avocats sont d\u00e9termin\u00e9s \u00e0 d\u00e9fendre vigoureusement vos int\u00e9r\u00eats\",\"breadcrumb\":{\"@id\":\"https:\/\/staging.schneiderlegal.com\/fr\/defendeur\/#breadcrumb\"},\"inLanguage\":\"fr-FR\",\"potentialAction\":[{\"@type\":\"ReadAction\",\"target\":[\"https:\/\/staging.schneiderlegal.com\/fr\/defendeur\/\"]}]},{\"@type\":\"BreadcrumbList\",\"@id\":\"https:\/\/staging.schneiderlegal.com\/fr\/defendeur\/#breadcrumb\",\"itemListElement\":[{\"@type\":\"ListItem\",\"position\":1,\"name\":\"Home\",\"item\":\"https:\/\/staging.schneiderlegal.com\/fr\/\"},{\"@type\":\"ListItem\",\"position\":2,\"name\":\"D\u00c9FENDEUR\"}]},{\"@type\":\"WebSite\",\"@id\":\"https:\/\/staging.schneiderlegal.com\/#website\",\"url\":\"https:\/\/staging.schneiderlegal.com\/\",\"name\":\"Schneider Legal\",\"description\":\"Real Estate Lawyer Montreal - Estate Lawyer\",\"potentialAction\":[{\"@type\":\"SearchAction\",\"target\":{\"@type\":\"EntryPoint\",\"urlTemplate\":\"https:\/\/staging.schneiderlegal.com\/?s={search_term_string}\"},\"query-input\":{\"@type\":\"PropertyValueSpecification\",\"valueRequired\":true,\"valueName\":\"search_term_string\"}}],\"inLanguage\":\"fr-FR\"}]}<\/script>\n<!-- \/ Yoast SEO plugin. -->","yoast_head_json":{"title":"Litige civil et commercial - Schneider Legal - Avocats Montr\u00e9al","description":"\u00c9tant un cabinet sp\u00e9cialis\u00e9 en litige civil et commercial, les avocats de Schneider Avocats sont d\u00e9termin\u00e9s \u00e0 d\u00e9fendre vigoureusement vos int\u00e9r\u00eats","robots":{"index":"noindex","follow":"follow","max-snippet":"max-snippet:-1","max-image-preview":"max-image-preview:large","max-video-preview":"max-video-preview:-1"},"og_locale":"fr_FR","og_type":"article","og_title":"Litige civil et commercial - Schneider Legal - Avocats Montr\u00e9al","og_description":"\u00c9tant un cabinet sp\u00e9cialis\u00e9 en litige civil et commercial, les avocats de Schneider Avocats sont d\u00e9termin\u00e9s \u00e0 d\u00e9fendre vigoureusement vos int\u00e9r\u00eats","og_url":"https:\/\/staging.schneiderlegal.com\/fr\/defendeur\/","og_site_name":"Schneider Legal","article_modified_time":"2016-11-04T20:51:37+00:00","twitter_card":"summary_large_image","twitter_misc":{"Est. reading time":"4 minutes"},"schema":{"@context":"https:\/\/schema.org","@graph":[{"@type":"WebPage","@id":"https:\/\/staging.schneiderlegal.com\/fr\/defendeur\/","url":"https:\/\/staging.schneiderlegal.com\/fr\/defendeur\/","name":"Litige civil et commercial - Schneider Legal - Avocats Montr\u00e9al","isPartOf":{"@id":"https:\/\/staging.schneiderlegal.com\/#website"},"datePublished":"2016-11-01T04:12:00+00:00","dateModified":"2016-11-04T20:51:37+00:00","description":"\u00c9tant un cabinet sp\u00e9cialis\u00e9 en litige civil et commercial, les avocats de Schneider Avocats sont d\u00e9termin\u00e9s \u00e0 d\u00e9fendre vigoureusement vos int\u00e9r\u00eats","breadcrumb":{"@id":"https:\/\/staging.schneiderlegal.com\/fr\/defendeur\/#breadcrumb"},"inLanguage":"fr-FR","potentialAction":[{"@type":"ReadAction","target":["https:\/\/staging.schneiderlegal.com\/fr\/defendeur\/"]}]},{"@type":"BreadcrumbList","@id":"https:\/\/staging.schneiderlegal.com\/fr\/defendeur\/#breadcrumb","itemListElement":[{"@type":"ListItem","position":1,"name":"Home","item":"https:\/\/staging.schneiderlegal.com\/fr\/"},{"@type":"ListItem","position":2,"name":"D\u00c9FENDEUR"}]},{"@type":"WebSite","@id":"https:\/\/staging.schneiderlegal.com\/#website","url":"https:\/\/staging.schneiderlegal.com\/","name":"Schneider Legal","description":"Real Estate Lawyer Montreal - Estate Lawyer","potentialAction":[{"@type":"SearchAction","target":{"@type":"EntryPoint","urlTemplate":"https:\/\/staging.schneiderlegal.com\/?s={search_term_string}"},"query-input":{"@type":"PropertyValueSpecification","valueRequired":true,"valueName":"search_term_string"}}],"inLanguage":"fr-FR"}]}},"_links":{"self":[{"href":"https:\/\/staging.schneiderlegal.com\/fr\/wp-json\/wp\/v2\/pages\/11721","targetHints":{"allow":["GET"]}}],"collection":[{"href":"https:\/\/staging.schneiderlegal.com\/fr\/wp-json\/wp\/v2\/pages"}],"about":[{"href":"https:\/\/staging.schneiderlegal.com\/fr\/wp-json\/wp\/v2\/types\/page"}],"author":[{"embeddable":true,"href":"https:\/\/staging.schneiderlegal.com\/fr\/wp-json\/wp\/v2\/users\/2"}],"replies":[{"embeddable":true,"href":"https:\/\/staging.schneiderlegal.com\/fr\/wp-json\/wp\/v2\/comments?post=11721"}],"version-history":[{"count":6,"href":"https:\/\/staging.schneiderlegal.com\/fr\/wp-json\/wp\/v2\/pages\/11721\/revisions"}],"predecessor-version":[{"id":11765,"href":"https:\/\/staging.schneiderlegal.com\/fr\/wp-json\/wp\/v2\/pages\/11721\/revisions\/11765"}],"wp:attachment":[{"href":"https:\/\/staging.schneiderlegal.com\/fr\/wp-json\/wp\/v2\/media?parent=11721"}],"curies":[{"name":"wp","href":"https:\/\/api.w.org\/{rel}","templated":true}]}}