{"id":11544,"date":"2016-08-01T22:25:37","date_gmt":"2016-08-01T22:25:37","guid":{"rendered":"http:\/\/schneiderlegal.preview.web22.propulsionweb.ca\/fr\/in-the-media\/"},"modified":"2019-08-18T15:20:44","modified_gmt":"2019-08-18T19:20:44","slug":"dans-les-medias","status":"publish","type":"page","link":"https:\/\/staging.schneiderlegal.com\/fr\/dans-les-medias\/","title":{"rendered":"DANS LES M\u00c9DIAS"},"content":{"rendered":"[vc_row fullwidth=&nbsp;&raquo;true&nbsp;&raquo; css=&nbsp;&raquo;.vc_custom_1466444759232{border-bottom-width: 2px !important;padding-top: 0px !important;padding-right: 0px !important;padding-bottom: 0px !important;padding-left: 0px !important;border-bottom-color: #568db6 !important;border-bottom-style: solid !important;}&nbsp;&raquo;][vc_column][mk_page_title_box page_title=&nbsp;&raquo;DANS LES M\u00c9DIAS (ANGLAIS SEULEMENT)&nbsp;&raquo; section_height=&nbsp;&raquo;300&Prime; bg_image=&nbsp;&raquo;http:\/\/schneiderlegal.preview.web22.propulsionweb.ca\/wp-content\/uploads\/2016\/07\/photodune-9234617-newspapers-m.jpg&nbsp;&raquo; bg_position=&nbsp;&raquo;center center&nbsp;&raquo; bg_stretch=&nbsp;&raquo;true&nbsp;&raquo; overlay=&nbsp;&raquo;rgba(0,0,0,0.19)&nbsp;&raquo; font_size=&nbsp;&raquo;40&Prime; font_color=&nbsp;&raquo;#ffffff&nbsp;&raquo; font_weight=&nbsp;&raquo;bold&nbsp;&raquo; underline=&nbsp;&raquo;false&nbsp;&raquo; sub_font_size=&nbsp;&raquo;20&Prime; sub_font_color=&nbsp;&raquo;#ffffff&nbsp;&raquo; sub_font_weight=&nbsp;&raquo;bold&nbsp;&raquo; el_class=&nbsp;&raquo;titleshadow&nbsp;&raquo;][\/vc_column][\/vc_row][vc_row][vc_column][mk_padding_divider size=&nbsp;&raquo;75&Prime;][mk_custom_list title=&nbsp;&raquo;Droit immobilier&nbsp;&raquo; style=&nbsp;&raquo;f0e3&Prime;]\n<ul>\n<li><a href=\"\/wp-content\/uploads\/2016\/07\/Gazette_Realestate.pdf\" target=\"_blank\" rel=\"noopener noreferrer\">When buying a home, be alert to latent defects (The Gazette)<\/a><\/li>\n<li><a href=\"\/wp-content\/uploads\/2016\/07\/Gazette_Realestate.pdf\" target=\"_blank\" rel=\"noopener noreferrer\">Investing in the landlord-tenant relationship\u00a0(The Gazette)<\/a><\/li>\n<li><a href=\"http:\/\/globalnews.ca\/news\/2712177\/community-rallies-behind-vaudreuil-senior-facing-eviction\/\" target=\"_blank\" rel=\"noopener noreferrer\">Community rallies behind Vaudreuil senior facing eviction (Global News)<\/a><\/li>\n<li><a href=\"http:\/\/globalnews.ca\/news\/2539044\/the-little-red-playhouse-preschool-saved-for-another-year\/\" target=\"_blank\" rel=\"noopener noreferrer\">The Little Red Playhouse pre-school saved for another year (Global News)<\/a><\/li>\n<li><a href=\"http:\/\/www.barreau.qc.ca\/fr\/publications\/journal\/archives\/volume-47\/201510\/#26\/z\" target=\"_blank\" rel=\"noopener noreferrer\">Airbnb : Projet de loi 67 (Le Journal du Barreau)<\/a><\/li>\n<li><a href=\"http:\/\/montrealgazette.com\/news\/local-news\/west-island-gazette\/west-island-living-no-legal-warranty-doesnt-necessarily-mean-a-home-is-a-lemon?utm_term=Autofeed&amp;utm_campaign=Echobox&amp;utm_medium=Social&amp;utm_source=Facebook#link_time=1527673195\" target=\"_blank\" rel=\"noopener noreferrer\">No legal warranty? Doesn\u2019t necessarily mean a home is a lemon (Montreal Gazette)<\/a><\/li>\n<li><a href=\"https:\/\/globalnews.ca\/news\/5489978\/skyrocketing-rents-montreal-mile-end\/\">Skyrocketing Montreal rents forcing Mile End merchants out of business (Global News)<\/a><\/li>\n<\/ul>\n[\/mk_custom_list][mk_custom_list title=&nbsp;&raquo;Droit successoral&nbsp;&raquo; style=&nbsp;&raquo;f0e3&Prime;]\n<ul>\n<li><a href=\"http:\/\/www.advisor.ca\/my-practice\/how-executors-should-handle-funeral-arrangements-193979\">How executors should handle funeral arrangements<\/a><\/li>\n<li><a href=\"http:\/\/schneiderlegal.preview.web22.propulsionweb.ca\/wp-content\/uploads\/2016\/07\/sylvan_radio.mp3\" target=\"_blank\" rel=\"noopener noreferrer\">CJAD interview with Sylvan Schneider<\/a><\/li>\n<li><a href=\"http:\/\/www.droit-inc.com\/article20424-Chicanes-successorales-en-rafale\" target=\"_blank\" rel=\"noopener noreferrer\">Chicanes successorales en rafale (Droit Inc)<\/a><\/li>\n<li><a href=\"https:\/\/globalnews.ca\/video\/4158535\/montreal-woman-finally-buried-after-being-left-in-limbo\" target=\"_blank\" rel=\"noopener noreferrer\">Pre-Funeral Arrangements and Curator Public (Global News)<\/a><\/li>\n<li><a href=\"https:\/\/montreal.citynews.ca\/video\/2019\/07\/27\/some-rdp-residents-forced-to-move-their-fence\/\">Some RDP residents forced to move their fence (City News)<\/a><\/li>\n<\/ul>\n[\/mk_custom_list][\/vc_column][\/vc_row]\n","protected":false},"excerpt":{"rendered":"<p>[vc_row fullwidth=&nbsp;&raquo;true&nbsp;&raquo; css=&nbsp;&raquo;.vc_custom_1466444759232{border-bottom-width: 2px !important;padding-top: 0px !important;padding-right: 0px !important;padding-bottom: 0px !important;padding-left: 0px !important;border-bottom-color: #568db6 !important;border-bottom-style: solid !important;}&nbsp;&raquo;][vc_column][mk_page_title_box page_title=&nbsp;&raquo;DANS LES M\u00c9DIAS (ANGLAIS SEULEMENT)&nbsp;&raquo; section_height=&nbsp;&raquo;300&Prime; bg_image=&nbsp;&raquo;http:\/\/schneiderlegal.preview.web22.propulsionweb.ca\/wp-content\/uploads\/2016\/07\/photodune-9234617-newspapers-m.jpg&nbsp;&raquo; bg_position=&nbsp;&raquo;center center&nbsp;&raquo; bg_stretch=&nbsp;&raquo;true&nbsp;&raquo; overlay=&nbsp;&raquo;rgba(0,0,0,0.19)&nbsp;&raquo; font_size=&nbsp;&raquo;40&Prime; font_color=&nbsp;&raquo;#ffffff&nbsp;&raquo; font_weight=&nbsp;&raquo;bold&nbsp;&raquo; underline=&nbsp;&raquo;false&nbsp;&raquo; sub_font_size=&nbsp;&raquo;20&Prime; sub_font_color=&nbsp;&raquo;#ffffff&nbsp;&raquo; sub_font_weight=&nbsp;&raquo;bold&nbsp;&raquo; el_class=&nbsp;&raquo;titleshadow&nbsp;&raquo;][\/vc_column][\/vc_row][vc_row][vc_column][mk_padding_divider size=&nbsp;&raquo;75&Prime;][mk_custom_list title=&nbsp;&raquo;Droit immobilier&nbsp;&raquo; style=&nbsp;&raquo;f0e3&Prime;] When buying a home, be alert to latent defects (The Gazette) Investing in the landlord-tenant [&hellip;]<\/p>\n","protected":false},"author":2,"featured_media":0,"parent":0,"menu_order":0,"comment_status":"open","ping_status":"open","template":"","meta":{"footnotes":""},"class_list":["post-11544","page","type-page","status-publish","hentry"],"yoast_head":"<!-- This site is optimized with the Yoast SEO plugin v27.0 - https:\/\/yoast.com\/product\/yoast-seo-wordpress\/ -->\n<title>Dans les m\u00e9dias - Schneider Legal - Avocats Montr\u00e9al<\/title>\n<meta name=\"description\" content=\"Venez lire certains articles mettant en vedette Schneider Avocats dans les m\u00e9dias.\" \/>\n<meta name=\"robots\" content=\"noindex, follow, max-snippet:-1, max-image-preview:large, max-video-preview:-1\" \/>\n<meta property=\"og:locale\" content=\"fr_FR\" \/>\n<meta property=\"og:type\" content=\"article\" \/>\n<meta property=\"og:title\" content=\"Dans les m\u00e9dias - Schneider Legal - Avocats Montr\u00e9al\" \/>\n<meta property=\"og:description\" content=\"Venez lire certains articles mettant en vedette Schneider Avocats dans les m\u00e9dias.\" \/>\n<meta property=\"og:url\" content=\"https:\/\/staging.schneiderlegal.com\/in-the-media\/\" \/>\n<meta property=\"og:site_name\" content=\"Schneider Legal\" \/>\n<meta property=\"article:modified_time\" content=\"2019-08-18T19:20:44+00:00\" \/>\n<meta name=\"twitter:card\" content=\"summary_large_image\" \/>\n<meta name=\"twitter:label1\" content=\"Est. reading time\" \/>\n\t<meta name=\"twitter:data1\" content=\"1 minute\" \/>\n<script type=\"application\/ld+json\" class=\"yoast-schema-graph\">{\"@context\":\"https:\/\/schema.org\",\"@graph\":[{\"@type\":\"WebPage\",\"@id\":\"https:\/\/staging.schneiderlegal.com\/in-the-media\/\",\"url\":\"https:\/\/staging.schneiderlegal.com\/in-the-media\/\",\"name\":\"Dans les m\u00e9dias - Schneider Legal - Avocats Montr\u00e9al\",\"isPartOf\":{\"@id\":\"https:\/\/staging.schneiderlegal.com\/#website\"},\"datePublished\":\"2016-08-01T22:25:37+00:00\",\"dateModified\":\"2019-08-18T19:20:44+00:00\",\"description\":\"Venez lire certains articles mettant en vedette Schneider Avocats dans les m\u00e9dias.\",\"breadcrumb\":{\"@id\":\"https:\/\/staging.schneiderlegal.com\/in-the-media\/#breadcrumb\"},\"inLanguage\":\"fr-FR\",\"potentialAction\":[{\"@type\":\"ReadAction\",\"target\":[\"https:\/\/staging.schneiderlegal.com\/in-the-media\/\"]}]},{\"@type\":\"BreadcrumbList\",\"@id\":\"https:\/\/staging.schneiderlegal.com\/in-the-media\/#breadcrumb\",\"itemListElement\":[{\"@type\":\"ListItem\",\"position\":1,\"name\":\"Home\",\"item\":\"https:\/\/staging.schneiderlegal.com\/fr\/\"},{\"@type\":\"ListItem\",\"position\":2,\"name\":\"DANS LES M\u00c9DIAS\"}]},{\"@type\":\"WebSite\",\"@id\":\"https:\/\/staging.schneiderlegal.com\/#website\",\"url\":\"https:\/\/staging.schneiderlegal.com\/\",\"name\":\"Schneider Legal\",\"description\":\"Real Estate Lawyer Montreal - Estate Lawyer\",\"potentialAction\":[{\"@type\":\"SearchAction\",\"target\":{\"@type\":\"EntryPoint\",\"urlTemplate\":\"https:\/\/staging.schneiderlegal.com\/?s={search_term_string}\"},\"query-input\":{\"@type\":\"PropertyValueSpecification\",\"valueRequired\":true,\"valueName\":\"search_term_string\"}}],\"inLanguage\":\"fr-FR\"}]}<\/script>\n<!-- \/ Yoast SEO plugin. -->","yoast_head_json":{"title":"Dans les m\u00e9dias - Schneider Legal - Avocats Montr\u00e9al","description":"Venez lire certains articles mettant en vedette Schneider Avocats dans les m\u00e9dias.","robots":{"index":"noindex","follow":"follow","max-snippet":"max-snippet:-1","max-image-preview":"max-image-preview:large","max-video-preview":"max-video-preview:-1"},"og_locale":"fr_FR","og_type":"article","og_title":"Dans les m\u00e9dias - Schneider Legal - Avocats Montr\u00e9al","og_description":"Venez lire certains articles mettant en vedette Schneider Avocats dans les m\u00e9dias.","og_url":"https:\/\/staging.schneiderlegal.com\/in-the-media\/","og_site_name":"Schneider Legal","article_modified_time":"2019-08-18T19:20:44+00:00","twitter_card":"summary_large_image","twitter_misc":{"Est. reading time":"1 minute"},"schema":{"@context":"https:\/\/schema.org","@graph":[{"@type":"WebPage","@id":"https:\/\/staging.schneiderlegal.com\/in-the-media\/","url":"https:\/\/staging.schneiderlegal.com\/in-the-media\/","name":"Dans les m\u00e9dias - Schneider Legal - Avocats Montr\u00e9al","isPartOf":{"@id":"https:\/\/staging.schneiderlegal.com\/#website"},"datePublished":"2016-08-01T22:25:37+00:00","dateModified":"2019-08-18T19:20:44+00:00","description":"Venez lire certains articles mettant en vedette Schneider Avocats dans les m\u00e9dias.","breadcrumb":{"@id":"https:\/\/staging.schneiderlegal.com\/in-the-media\/#breadcrumb"},"inLanguage":"fr-FR","potentialAction":[{"@type":"ReadAction","target":["https:\/\/staging.schneiderlegal.com\/in-the-media\/"]}]},{"@type":"BreadcrumbList","@id":"https:\/\/staging.schneiderlegal.com\/in-the-media\/#breadcrumb","itemListElement":[{"@type":"ListItem","position":1,"name":"Home","item":"https:\/\/staging.schneiderlegal.com\/fr\/"},{"@type":"ListItem","position":2,"name":"DANS LES M\u00c9DIAS"}]},{"@type":"WebSite","@id":"https:\/\/staging.schneiderlegal.com\/#website","url":"https:\/\/staging.schneiderlegal.com\/","name":"Schneider Legal","description":"Real Estate Lawyer Montreal - Estate Lawyer","potentialAction":[{"@type":"SearchAction","target":{"@type":"EntryPoint","urlTemplate":"https:\/\/staging.schneiderlegal.com\/?s={search_term_string}"},"query-input":{"@type":"PropertyValueSpecification","valueRequired":true,"valueName":"search_term_string"}}],"inLanguage":"fr-FR"}]}},"_links":{"self":[{"href":"https:\/\/staging.schneiderlegal.com\/fr\/wp-json\/wp\/v2\/pages\/11544","targetHints":{"allow":["GET"]}}],"collection":[{"href":"https:\/\/staging.schneiderlegal.com\/fr\/wp-json\/wp\/v2\/pages"}],"about":[{"href":"https:\/\/staging.schneiderlegal.com\/fr\/wp-json\/wp\/v2\/types\/page"}],"author":[{"embeddable":true,"href":"https:\/\/staging.schneiderlegal.com\/fr\/wp-json\/wp\/v2\/users\/2"}],"replies":[{"embeddable":true,"href":"https:\/\/staging.schneiderlegal.com\/fr\/wp-json\/wp\/v2\/comments?post=11544"}],"version-history":[{"count":9,"href":"https:\/\/staging.schneiderlegal.com\/fr\/wp-json\/wp\/v2\/pages\/11544\/revisions"}],"predecessor-version":[{"id":13499,"href":"https:\/\/staging.schneiderlegal.com\/fr\/wp-json\/wp\/v2\/pages\/11544\/revisions\/13499"}],"wp:attachment":[{"href":"https:\/\/staging.schneiderlegal.com\/fr\/wp-json\/wp\/v2\/media?parent=11544"}],"curies":[{"name":"wp","href":"https:\/\/api.w.org\/{rel}","templated":true}]}}