{"id":11422,"date":"2016-07-29T20:59:39","date_gmt":"2016-07-29T20:59:39","guid":{"rendered":"http:\/\/schneiderlegal.preview.web22.propulsionweb.ca\/fr\/construction-law\/"},"modified":"2018-07-19T09:07:34","modified_gmt":"2018-07-19T13:07:34","slug":"droit-de-la-construction","status":"publish","type":"page","link":"https:\/\/staging.schneiderlegal.com\/fr\/droit-de-la-construction\/","title":{"rendered":"DROIT DE LA CONSTRUCTION"},"content":{"rendered":"[vc_row fullwidth=&nbsp;&raquo;true&nbsp;&raquo; css=&nbsp;&raquo;.vc_custom_1466444759232{border-bottom-width: 2px !important;padding-top: 0px !important;padding-right: 0px !important;padding-bottom: 0px !important;padding-left: 0px !important;border-bottom-color: #568db6 !important;border-bottom-style: solid !important;}&nbsp;&raquo;][vc_column][mk_page_title_box page_title=&nbsp;&raquo;DROIT DE LA CONSTRUCTION&nbsp;&raquo; section_height=&nbsp;&raquo;300&Prime; bg_image=&nbsp;&raquo;http:\/\/schneiderlegal.preview.web22.propulsionweb.ca\/wp-content\/uploads\/2014\/08\/photodune-3260103-construction-m.jpg&nbsp;&raquo; bg_position=&nbsp;&raquo;center center&nbsp;&raquo; bg_stretch=&nbsp;&raquo;true&nbsp;&raquo; overlay=&nbsp;&raquo;rgba(0,0,0,0.19)&nbsp;&raquo; font_size=&nbsp;&raquo;40&Prime; font_color=&nbsp;&raquo;#ffffff&nbsp;&raquo; font_weight=&nbsp;&raquo;bold&nbsp;&raquo; underline=&nbsp;&raquo;false&nbsp;&raquo; sub_font_size=&nbsp;&raquo;20&Prime; sub_font_color=&nbsp;&raquo;#ffffff&nbsp;&raquo; sub_font_weight=&nbsp;&raquo;bold&nbsp;&raquo; el_class=&nbsp;&raquo;titleshadow&nbsp;&raquo;][\/vc_column][\/vc_row][vc_row][vc_column][mk_padding_divider size=&nbsp;&raquo;75&Prime;][vc_column_text]\n<p style=\"text-align: justify;\">Conscient des enjeux majeurs en lien avec un projet de construction, Schneider Avocats est en mesure de vous offrir des services juridiques complets et adapt\u00e9s \u00e0 vos besoins tout au long des \u00e9tapes cruciales du projet afin d\u2019adresser ad\u00e9quatement des conflits pouvant survenir \u00e0 tout moment et qui pourraient mettre en danger la relation professionnelle entre les divers intervenants.<\/p>\n<p style=\"text-align: justify;\">Dans l\u2019\u00e9ventualit\u00e9 qu\u2019un litige survient et que vous avez besoin d\u2019assistance dans vos d\u00e9marches en lien avec une hypoth\u00e8que l\u00e9gale de la construction, dans la n\u00e9gociation et la r\u00e9daction de contrats commerciaux, ou pour r\u00e9gler tout litige, notre cabinet n\u2019avocats d\u00e9tient l\u2019exp\u00e9rience ainsi que l\u2019expertise n\u00e9cessaire afin de vous repr\u00e9senter et faire valoir vos int\u00e9r\u00eats.<\/p>\n<p style=\"text-align: justify;\">Nous repr\u00e9sentons sur une base quotidienne des propri\u00e9taires, des entrepreneurs dans le domaine de la construction, des fournisseurs et des gestionnaires d\u2019immeuble.<\/p>\n[\/vc_column_text][mk_divider style=&nbsp;&raquo;shadow_line&nbsp;&raquo; margin_bottom=&nbsp;&raquo;50&Prime;][\/vc_column][\/vc_row][vc_row el_class=&nbsp;&raquo;buttonheight&nbsp;&raquo;][vc_column][mk_padding_divider size=&nbsp;&raquo;35&Prime;][vc_row_inner][vc_column_inner][mk_button dimension=&nbsp;&raquo;outline&nbsp;&raquo; size=&nbsp;&raquo;large&nbsp;&raquo; url=&nbsp;&raquo;\/fr\/hypotheque-of-construction\/&nbsp;&raquo;]HYPOTH\u00c8QUE L\u00c9GALE DE LA CONSTRUCTION[\/mk_button][\/vc_column_inner][\/vc_row_inner][mk_padding_divider size=&nbsp;&raquo;50&Prime;][\/vc_column][\/vc_row]\n","protected":false},"excerpt":{"rendered":"<p>[vc_row fullwidth=&nbsp;&raquo;true&nbsp;&raquo; css=&nbsp;&raquo;.vc_custom_1466444759232{border-bottom-width: 2px !important;padding-top: 0px !important;padding-right: 0px !important;padding-bottom: 0px !important;padding-left: 0px !important;border-bottom-color: #568db6 !important;border-bottom-style: solid !important;}&nbsp;&raquo;][vc_column][mk_page_title_box page_title=&nbsp;&raquo;DROIT DE LA CONSTRUCTION&nbsp;&raquo; section_height=&nbsp;&raquo;300&Prime; bg_image=&nbsp;&raquo;http:\/\/schneiderlegal.preview.web22.propulsionweb.ca\/wp-content\/uploads\/2014\/08\/photodune-3260103-construction-m.jpg&nbsp;&raquo; bg_position=&nbsp;&raquo;center center&nbsp;&raquo; bg_stretch=&nbsp;&raquo;true&nbsp;&raquo; overlay=&nbsp;&raquo;rgba(0,0,0,0.19)&nbsp;&raquo; font_size=&nbsp;&raquo;40&Prime; font_color=&nbsp;&raquo;#ffffff&nbsp;&raquo; font_weight=&nbsp;&raquo;bold&nbsp;&raquo; underline=&nbsp;&raquo;false&nbsp;&raquo; sub_font_size=&nbsp;&raquo;20&Prime; sub_font_color=&nbsp;&raquo;#ffffff&nbsp;&raquo; sub_font_weight=&nbsp;&raquo;bold&nbsp;&raquo; el_class=&nbsp;&raquo;titleshadow&nbsp;&raquo;][\/vc_column][\/vc_row][vc_row][vc_column][mk_padding_divider size=&nbsp;&raquo;75&Prime;][vc_column_text] Conscient des enjeux majeurs en lien avec un projet de construction, Schneider Avocats est en mesure de vous offrir [&hellip;]<\/p>\n","protected":false},"author":2,"featured_media":0,"parent":0,"menu_order":0,"comment_status":"open","ping_status":"open","template":"","meta":{"footnotes":""},"class_list":["post-11422","page","type-page","status-publish","hentry"],"yoast_head":"<!-- This site is optimized with the Yoast SEO plugin v27.0 - https:\/\/yoast.com\/product\/yoast-seo-wordpress\/ -->\n<title>Droit de la construction - Schneider Legal - Avocats Montr\u00e9al<\/title>\n<meta name=\"description\" content=\"Nous repr\u00e9sentons sur une base quotidienne des propri\u00e9taires, des entrepreneurs dans le domaine de la construction, des fournisseurs, etc.\" \/>\n<meta name=\"robots\" content=\"noindex, follow, max-snippet:-1, max-image-preview:large, max-video-preview:-1\" \/>\n<meta property=\"og:locale\" content=\"fr_FR\" \/>\n<meta property=\"og:type\" content=\"article\" \/>\n<meta property=\"og:title\" content=\"Droit de la construction - Schneider Legal - Avocats Montr\u00e9al\" \/>\n<meta property=\"og:description\" content=\"Nous repr\u00e9sentons sur une base quotidienne des propri\u00e9taires, des entrepreneurs dans le domaine de la construction, des fournisseurs, etc.\" \/>\n<meta property=\"og:url\" content=\"https:\/\/staging.schneiderlegal.com\/construction-law\/\" \/>\n<meta property=\"og:site_name\" content=\"Schneider Legal\" \/>\n<meta property=\"article:modified_time\" content=\"2018-07-19T13:07:34+00:00\" \/>\n<meta name=\"twitter:card\" content=\"summary_large_image\" \/>\n<meta name=\"twitter:label1\" content=\"Est. reading time\" \/>\n\t<meta name=\"twitter:data1\" content=\"2 minutes\" \/>\n<script type=\"application\/ld+json\" class=\"yoast-schema-graph\">{\"@context\":\"https:\/\/schema.org\",\"@graph\":[{\"@type\":\"WebPage\",\"@id\":\"https:\/\/staging.schneiderlegal.com\/construction-law\/\",\"url\":\"https:\/\/staging.schneiderlegal.com\/construction-law\/\",\"name\":\"Droit de la construction - Schneider Legal - Avocats Montr\u00e9al\",\"isPartOf\":{\"@id\":\"https:\/\/staging.schneiderlegal.com\/#website\"},\"datePublished\":\"2016-07-29T20:59:39+00:00\",\"dateModified\":\"2018-07-19T13:07:34+00:00\",\"description\":\"Nous repr\u00e9sentons sur une base quotidienne des propri\u00e9taires, des entrepreneurs dans le domaine de la construction, des fournisseurs, etc.\",\"breadcrumb\":{\"@id\":\"https:\/\/staging.schneiderlegal.com\/construction-law\/#breadcrumb\"},\"inLanguage\":\"fr-FR\",\"potentialAction\":[{\"@type\":\"ReadAction\",\"target\":[\"https:\/\/staging.schneiderlegal.com\/construction-law\/\"]}]},{\"@type\":\"BreadcrumbList\",\"@id\":\"https:\/\/staging.schneiderlegal.com\/construction-law\/#breadcrumb\",\"itemListElement\":[{\"@type\":\"ListItem\",\"position\":1,\"name\":\"Home\",\"item\":\"https:\/\/staging.schneiderlegal.com\/fr\/\"},{\"@type\":\"ListItem\",\"position\":2,\"name\":\"DROIT DE LA CONSTRUCTION\"}]},{\"@type\":\"WebSite\",\"@id\":\"https:\/\/staging.schneiderlegal.com\/#website\",\"url\":\"https:\/\/staging.schneiderlegal.com\/\",\"name\":\"Schneider Legal\",\"description\":\"Real Estate Lawyer Montreal - Estate Lawyer\",\"potentialAction\":[{\"@type\":\"SearchAction\",\"target\":{\"@type\":\"EntryPoint\",\"urlTemplate\":\"https:\/\/staging.schneiderlegal.com\/?s={search_term_string}\"},\"query-input\":{\"@type\":\"PropertyValueSpecification\",\"valueRequired\":true,\"valueName\":\"search_term_string\"}}],\"inLanguage\":\"fr-FR\"}]}<\/script>\n<!-- \/ Yoast SEO plugin. -->","yoast_head_json":{"title":"Droit de la construction - Schneider Legal - Avocats Montr\u00e9al","description":"Nous repr\u00e9sentons sur une base quotidienne des propri\u00e9taires, des entrepreneurs dans le domaine de la construction, des fournisseurs, etc.","robots":{"index":"noindex","follow":"follow","max-snippet":"max-snippet:-1","max-image-preview":"max-image-preview:large","max-video-preview":"max-video-preview:-1"},"og_locale":"fr_FR","og_type":"article","og_title":"Droit de la construction - Schneider Legal - Avocats Montr\u00e9al","og_description":"Nous repr\u00e9sentons sur une base quotidienne des propri\u00e9taires, des entrepreneurs dans le domaine de la construction, des fournisseurs, etc.","og_url":"https:\/\/staging.schneiderlegal.com\/construction-law\/","og_site_name":"Schneider Legal","article_modified_time":"2018-07-19T13:07:34+00:00","twitter_card":"summary_large_image","twitter_misc":{"Est. reading time":"2 minutes"},"schema":{"@context":"https:\/\/schema.org","@graph":[{"@type":"WebPage","@id":"https:\/\/staging.schneiderlegal.com\/construction-law\/","url":"https:\/\/staging.schneiderlegal.com\/construction-law\/","name":"Droit de la construction - Schneider Legal - Avocats Montr\u00e9al","isPartOf":{"@id":"https:\/\/staging.schneiderlegal.com\/#website"},"datePublished":"2016-07-29T20:59:39+00:00","dateModified":"2018-07-19T13:07:34+00:00","description":"Nous repr\u00e9sentons sur une base quotidienne des propri\u00e9taires, des entrepreneurs dans le domaine de la construction, des fournisseurs, etc.","breadcrumb":{"@id":"https:\/\/staging.schneiderlegal.com\/construction-law\/#breadcrumb"},"inLanguage":"fr-FR","potentialAction":[{"@type":"ReadAction","target":["https:\/\/staging.schneiderlegal.com\/construction-law\/"]}]},{"@type":"BreadcrumbList","@id":"https:\/\/staging.schneiderlegal.com\/construction-law\/#breadcrumb","itemListElement":[{"@type":"ListItem","position":1,"name":"Home","item":"https:\/\/staging.schneiderlegal.com\/fr\/"},{"@type":"ListItem","position":2,"name":"DROIT DE LA CONSTRUCTION"}]},{"@type":"WebSite","@id":"https:\/\/staging.schneiderlegal.com\/#website","url":"https:\/\/staging.schneiderlegal.com\/","name":"Schneider Legal","description":"Real Estate Lawyer Montreal - Estate Lawyer","potentialAction":[{"@type":"SearchAction","target":{"@type":"EntryPoint","urlTemplate":"https:\/\/staging.schneiderlegal.com\/?s={search_term_string}"},"query-input":{"@type":"PropertyValueSpecification","valueRequired":true,"valueName":"search_term_string"}}],"inLanguage":"fr-FR"}]}},"_links":{"self":[{"href":"https:\/\/staging.schneiderlegal.com\/fr\/wp-json\/wp\/v2\/pages\/11422","targetHints":{"allow":["GET"]}}],"collection":[{"href":"https:\/\/staging.schneiderlegal.com\/fr\/wp-json\/wp\/v2\/pages"}],"about":[{"href":"https:\/\/staging.schneiderlegal.com\/fr\/wp-json\/wp\/v2\/types\/page"}],"author":[{"embeddable":true,"href":"https:\/\/staging.schneiderlegal.com\/fr\/wp-json\/wp\/v2\/users\/2"}],"replies":[{"embeddable":true,"href":"https:\/\/staging.schneiderlegal.com\/fr\/wp-json\/wp\/v2\/comments?post=11422"}],"version-history":[{"count":2,"href":"https:\/\/staging.schneiderlegal.com\/fr\/wp-json\/wp\/v2\/pages\/11422\/revisions"}],"predecessor-version":[{"id":11424,"href":"https:\/\/staging.schneiderlegal.com\/fr\/wp-json\/wp\/v2\/pages\/11422\/revisions\/11424"}],"wp:attachment":[{"href":"https:\/\/staging.schneiderlegal.com\/fr\/wp-json\/wp\/v2\/media?parent=11422"}],"curies":[{"name":"wp","href":"https:\/\/api.w.org\/{rel}","templated":true}]}}