{"id":11298,"date":"2016-07-22T17:47:40","date_gmt":"2016-07-22T17:47:40","guid":{"rendered":"http:\/\/schneiderlegal.preview.web22.propulsionweb.ca\/fr\/contact-form-latent-defects\/"},"modified":"2016-08-03T17:24:34","modified_gmt":"2016-08-03T17:24:34","slug":"formulaire-vices-caches-acheteurs","status":"publish","type":"page","link":"https:\/\/staging.schneiderlegal.com\/fr\/formulaire-vices-caches-acheteurs\/","title":{"rendered":"Formulaire vices cach\u00e9s acheteurs"},"content":{"rendered":"[vc_row][vc_column]\n<div class=\"wpcf7 no-js\" id=\"wpcf7-f11203-o1\" lang=\"en-US\" dir=\"ltr\" data-wpcf7-id=\"11203\">\n<div class=\"screen-reader-response\"><p role=\"status\" aria-live=\"polite\" aria-atomic=\"true\"><\/p> <ul><\/ul><\/div>\n<form action=\"\/fr\/wp-json\/wp\/v2\/pages\/11298#wpcf7-f11203-o1\" method=\"post\" class=\"wpcf7-form init\" aria-label=\"Contact form\" enctype=\"multipart\/form-data\" novalidate=\"novalidate\" data-status=\"init\">\n<fieldset class=\"hidden-fields-container\"><input type=\"hidden\" name=\"_wpcf7\" value=\"11203\" \/><input type=\"hidden\" name=\"_wpcf7_version\" value=\"6.1.5\" \/><input type=\"hidden\" name=\"_wpcf7_locale\" value=\"en_US\" \/><input type=\"hidden\" name=\"_wpcf7_unit_tag\" value=\"wpcf7-f11203-o1\" \/><input type=\"hidden\" name=\"_wpcf7_container_post\" value=\"0\" \/><input type=\"hidden\" name=\"_wpcf7_posted_data_hash\" value=\"\" \/><input type=\"hidden\" name=\"_wpcf7_recaptcha_response\" value=\"\" \/>\n<\/fieldset>\n<p>Nom<br \/>\n    <span class=\"wpcf7-form-control-wrap\" data-name=\"your-name\"><input size=\"40\" maxlength=\"400\" class=\"wpcf7-form-control wpcf7-text wpcf7-validates-as-required\" aria-required=\"true\" aria-invalid=\"false\" value=\"\" type=\"text\" name=\"your-name\" \/><\/span> <\/p>\n\n<p>Adresse<br \/>\n    <span class=\"wpcf7-form-control-wrap\" data-name=\"your-address\"><input size=\"40\" maxlength=\"400\" class=\"wpcf7-form-control wpcf7-text wpcf7-validates-as-required\" aria-required=\"true\" aria-invalid=\"false\" value=\"\" type=\"text\" name=\"your-address\" \/><\/span> <\/p>\n\n<p>T\u00e9l\u00e9phone<br \/>\n    <span class=\"wpcf7-form-control-wrap\" data-name=\"your-phone\"><input size=\"40\" maxlength=\"400\" class=\"wpcf7-form-control wpcf7-text wpcf7-validates-as-required\" aria-required=\"true\" aria-invalid=\"false\" value=\"\" type=\"text\" name=\"your-phone\" \/><\/span> <\/p>\n\n<p>Courriel<br \/>\n    <span class=\"wpcf7-form-control-wrap\" data-name=\"your-email\"><input size=\"40\" maxlength=\"400\" class=\"wpcf7-form-control wpcf7-email wpcf7-validates-as-required wpcf7-text wpcf7-validates-as-email\" aria-required=\"true\" aria-invalid=\"false\" value=\"\" type=\"email\" name=\"your-email\" \/><\/span> <\/p>\n\n<br \/><br \/>\n<p> Afin de mieux \u00e9valuer votre situation s\u2019il vous pla\u00eet veuillez remplir le questionnaire suivant. <\/p>\n\n<h4>Question 1:<\/h4>\n\n<p>Je suis<br\/> <\/p>\n<span class=\"wpcf7-form-control-wrap\" data-name=\"checkbox-953\"><span class=\"wpcf7-form-control wpcf7-checkbox wpcf7-validates-as-required\"><span class=\"wpcf7-list-item first\"><span class=\"wpcf7-list-item-label\">Acheteur<\/span><input type=\"checkbox\" name=\"checkbox-953[]\" value=\"Acheteur\" \/><\/span><span class=\"wpcf7-list-item\"><span class=\"wpcf7-list-item-label\">Vendeur<\/span><input type=\"checkbox\" name=\"checkbox-953[]\" value=\"Vendeur\" \/><\/span><span class=\"wpcf7-list-item\"><span class=\"wpcf7-list-item-label\">Inspecteur<\/span><input type=\"checkbox\" name=\"checkbox-953[]\" value=\"Inspecteur\" \/><\/span><span class=\"wpcf7-list-item\"><span class=\"wpcf7-list-item-label\">Agent immobilier<\/span><input type=\"checkbox\" name=\"checkbox-953[]\" value=\"Agent immobilier\" \/><\/span><span class=\"wpcf7-list-item last\"><span class=\"wpcf7-list-item-label\">Autre<\/span><input type=\"checkbox\" name=\"checkbox-953[]\" value=\"Autre\" \/><\/span><\/span><\/span>\n\n\n<h4>Question 2:<\/h4>\n<h5>POUR L'ACHETEUR<\/h5>\n\n<p>a. Si vous \u00eates un acheteur, avez-vous obtenu un rapport pr\u00e9achat? <br\/><\/p>\n<span class=\"wpcf7-form-control-wrap\" data-name=\"radio-772\"><span class=\"wpcf7-form-control wpcf7-radio\"><span class=\"wpcf7-list-item first\"><span class=\"wpcf7-list-item-label\">Oui<\/span><input type=\"radio\" name=\"radio-772\" value=\"Oui\" \/><\/span><span class=\"wpcf7-list-item last\"><span class=\"wpcf7-list-item-label\">Non<\/span><input type=\"radio\" name=\"radio-772\" value=\"Non\" \/><\/span><\/span><\/span> \n<br \/><br \/>\n<p>b. Apr\u00e8s votre achat, avez-vous effectu\u00e9 des r\u00e9novations concernant la propri\u00e9t\u00e9? <br\/><\/p>\n<span class=\"wpcf7-form-control-wrap\" data-name=\"radio-773\"><span class=\"wpcf7-form-control wpcf7-radio\"><span class=\"wpcf7-list-item first\"><span class=\"wpcf7-list-item-label\">Oui<\/span><input type=\"radio\" name=\"radio-773\" value=\"Oui\" \/><\/span><span class=\"wpcf7-list-item last\"><span class=\"wpcf7-list-item-label\">Non<\/span><input type=\"radio\" name=\"radio-773\" value=\"Non\" \/><\/span><\/span><\/span> \n<br \/><br \/>\n<p>Si oui, s\u2019il vous pla\u00eet veuillez pr\u00e9ciser:\t<br\/><\/p>\n<span class=\"wpcf7-form-control-wrap\" data-name=\"textarea-454\"><textarea cols=\"40\" rows=\"10\" maxlength=\"2000\" class=\"wpcf7-form-control wpcf7-textarea\" aria-invalid=\"false\" name=\"textarea-454\">Pr\u00e9cisions...<\/textarea><\/span>\n<br \/><br \/>\n<p>c. Qui a effectu\u00e9 ces travaux de r\u00e9novation? <br\/><\/p>\n<span class=\"wpcf7-form-control-wrap\" data-name=\"radio-774\"><span class=\"wpcf7-form-control wpcf7-radio\"><span class=\"wpcf7-list-item first\"><span class=\"wpcf7-list-item-label\">Vous-m\u00eame<\/span><input type=\"radio\" name=\"radio-774\" value=\"Vous-m\u00eame\" \/><\/span><span class=\"wpcf7-list-item last\"><span class=\"wpcf7-list-item-label\">Entrepreneur<\/span><input type=\"radio\" name=\"radio-774\" value=\"Entrepreneur\" \/><\/span><\/span><\/span> \n<br \/><br \/>\n<p>d. Si un entrepreneur a effectu\u00e9 les r\u00e9novations, veuillez fournir son nom et ses coordonn\u00e9es:<br\/><\/p>\n<span class=\"wpcf7-form-control-wrap\" data-name=\"textarea-489\"><textarea cols=\"40\" rows=\"10\" maxlength=\"2000\" class=\"wpcf7-form-control wpcf7-textarea\" aria-invalid=\"false\" name=\"textarea-489\">Nom et coordonn\u00e9es...<\/textarea><\/span>\n<br \/><br \/>\n<p>e. Quelle \u00e9tait la valeur des r\u00e9novations effectu\u00e9es?<br\/>\n<span class=\"wpcf7-form-control-wrap\" data-name=\"text-50\"><input size=\"40\" maxlength=\"400\" class=\"wpcf7-form-control wpcf7-text\" aria-invalid=\"false\" value=\"Valeur...\" type=\"text\" name=\"text-50\" \/><\/span><\/p>\n\n<h4>Question 3:<\/h4>\n<p>\u00cates-vous un professionnel en immobilier, qui conduit des activit\u00e9s immobili\u00e8res sur une base quotidienne ou hebdomadaire?<br\/><\/p>\n<span class=\"wpcf7-form-control-wrap\" data-name=\"radio-779\"><span class=\"wpcf7-form-control wpcf7-radio\"><span class=\"wpcf7-list-item first\"><span class=\"wpcf7-list-item-label\">Oui<\/span><input type=\"radio\" name=\"radio-779\" value=\"Oui\" \/><\/span><span class=\"wpcf7-list-item last\"><span class=\"wpcf7-list-item-label\">Non<\/span><input type=\"radio\" name=\"radio-779\" value=\"Non\" \/><\/span><\/span><\/span> \n\n\n<h4>Question 4:<\/h4>\n<p>Date d\u2019acquisition de l\u2019immeuble:<br\/>\n<span class=\"wpcf7-form-control-wrap\" data-name=\"text-233\"><input size=\"40\" maxlength=\"400\" class=\"wpcf7-form-control wpcf7-text wpcf7-validates-as-required\" aria-required=\"true\" aria-invalid=\"false\" value=\"AAAA\/MM\/JJ\" type=\"text\" name=\"text-233\" \/><\/span><\/p>\n\n\n<h4>Question 5:<\/h4>\n<p>Municipalit\u00e9 o\u00f9 se situe propri\u00e9t\u00e9:<br\/>\n<span class=\"wpcf7-form-control-wrap\" data-name=\"text-234\"><input size=\"40\" maxlength=\"400\" class=\"wpcf7-form-control wpcf7-text wpcf7-validates-as-required\" aria-required=\"true\" aria-invalid=\"false\" value=\"\" type=\"text\" name=\"text-234\" \/><\/span><\/p>\n\n\n<h4>Question 6:<\/h4>\n<p>Adresse de la propri\u00e9t\u00e9:<br\/>\n<span class=\"wpcf7-form-control-wrap\" data-name=\"text-235\"><input size=\"40\" maxlength=\"400\" class=\"wpcf7-form-control wpcf7-text wpcf7-validates-as-required\" aria-required=\"true\" aria-invalid=\"false\" value=\"\" type=\"text\" name=\"text-235\" \/><\/span><\/p>\n\n\n<h4>Question 7:<\/h4>\n<p>Prix de vente de la propri\u00e9t\u00e9:<br\/>\n<span class=\"wpcf7-form-control-wrap\" data-name=\"text-236\"><input size=\"40\" maxlength=\"400\" class=\"wpcf7-form-control wpcf7-text wpcf7-validates-as-required\" aria-required=\"true\" aria-invalid=\"false\" value=\"\" type=\"text\" name=\"text-236\" \/><\/span><\/p>\n\n\n<h4>Question 8:<\/h4>\n<p>Ann\u00e9e de construction du b\u00e2timent:<br\/>\n<span class=\"wpcf7-form-control-wrap\" data-name=\"text-237\"><input size=\"40\" maxlength=\"400\" class=\"wpcf7-form-control wpcf7-text wpcf7-validates-as-required\" aria-required=\"true\" aria-invalid=\"false\" value=\"\" type=\"text\" name=\"text-237\" \/><\/span><\/p>\n\n\n<h4>Question 9:<\/h4>\n<p>Type de logement:<br\/><\/p>\n<span class=\"wpcf7-form-control-wrap\" data-name=\"radio-640\"><span class=\"wpcf7-form-control wpcf7-radio\"><span class=\"wpcf7-list-item first\"><span class=\"wpcf7-list-item-label\">Permanent\/Maison primaire<\/span><input type=\"radio\" name=\"radio-640\" value=\"Permanent\/Maison primaire\" \/><\/span><span class=\"wpcf7-list-item\"><span class=\"wpcf7-list-item-label\">Chalet\/Maison secondaire<\/span><input type=\"radio\" name=\"radio-640\" value=\"Chalet\/Maison secondaire\" \/><\/span><span class=\"wpcf7-list-item\"><span class=\"wpcf7-list-item-label\">B\u00e2timent commercial<\/span><input type=\"radio\" name=\"radio-640\" value=\"B\u00e2timent commercial\" \/><\/span><span class=\"wpcf7-list-item last\"><span class=\"wpcf7-list-item-label\">Immeuble \u00e0 logements multiples<\/span><input type=\"radio\" name=\"radio-640\" value=\"Immeuble \u00e0 logements multiples\" \/><\/span><\/span><\/span>\n\n\n<h4>Question 10:<\/h4>\n<p>La propri\u00e9t\u00e9 a-t-elle \u00e9t\u00e9 vendue avec la garantie l\u00e9gale?<br\/><\/p>\n<span class=\"wpcf7-form-control-wrap\" data-name=\"radio-641\"><span class=\"wpcf7-form-control wpcf7-radio\"><span class=\"wpcf7-list-item first\"><span class=\"wpcf7-list-item-label\">Oui<\/span><input type=\"radio\" name=\"radio-641\" value=\"Oui\" \/><\/span><span class=\"wpcf7-list-item last\"><span class=\"wpcf7-list-item-label\">Non<\/span><input type=\"radio\" name=\"radio-641\" value=\"Non\" \/><\/span><\/span><\/span>\n\n\n<h4>Question 11:<\/h4>\n<p>Quelle est la nature du vice cache?<br\/><\/p>\n<span class=\"wpcf7-form-control-wrap\" data-name=\"checkbox-39\"><span class=\"wpcf7-form-control wpcf7-checkbox wpcf7-validates-as-required\"><span class=\"wpcf7-list-item first\"><span class=\"wpcf7-list-item-label\">Manque d&#039;isolation<\/span><input type=\"checkbox\" name=\"checkbox-39[]\" value=\"Manque d&#039;isolation\" \/><\/span><span class=\"wpcf7-list-item\"><span class=\"wpcf7-list-item-label\">Infiltration d&#039;eau<\/span><input type=\"checkbox\" name=\"checkbox-39[]\" value=\"Infiltration d&#039;eau\" \/><\/span><span class=\"wpcf7-list-item\"><span class=\"wpcf7-list-item-label\">Moisissure<\/span><input type=\"checkbox\" name=\"checkbox-39[]\" value=\"Moisissure\" \/><\/span><span class=\"wpcf7-list-item\"><span class=\"wpcf7-list-item-label\">Fondation<\/span><input type=\"checkbox\" name=\"checkbox-39[]\" value=\"Fondation\" \/><\/span><span class=\"wpcf7-list-item\"><span class=\"wpcf7-list-item-label\">Amiante<\/span><input type=\"checkbox\" name=\"checkbox-39[]\" value=\"Amiante\" \/><\/span><span class=\"wpcf7-list-item\"><span class=\"wpcf7-list-item-label\">Contamination d&#039;huile<\/span><input type=\"checkbox\" name=\"checkbox-39[]\" value=\"Contamination d&#039;huile\" \/><\/span><span class=\"wpcf7-list-item\"><span class=\"wpcf7-list-item-label\">Pyrite<\/span><input type=\"checkbox\" name=\"checkbox-39[]\" value=\"Pyrite\" \/><\/span><span class=\"wpcf7-list-item\"><span class=\"wpcf7-list-item-label\">Fourmis charpenti\u00e8res<\/span><input type=\"checkbox\" name=\"checkbox-39[]\" value=\"Fourmis charpenti\u00e8res\" \/><\/span><span class=\"wpcf7-list-item last\"><span class=\"wpcf7-list-item-label\">Autre<\/span><input type=\"checkbox\" name=\"checkbox-39[]\" value=\"Autre\" \/><\/span><\/span><\/span>\n<br \/><br \/>\n<p>Si autre, s\u2019il vous pla\u00eet veuillez pr\u00e9ciser:<br\/><\/p>\n<span class=\"wpcf7-form-control-wrap\" data-name=\"textarea-469\"><textarea cols=\"40\" rows=\"10\" maxlength=\"2000\" class=\"wpcf7-form-control wpcf7-textarea\" aria-invalid=\"false\" name=\"textarea-469\">Pr\u00e9cisions...<\/textarea><\/span>\n\n\n<h4>Question 12:<\/h4>\n<p>Si vous avez re\u00e7u ou envoy\u00e9 une mise en demeure ou toute autre proc\u00e9dure judiciaire, veuillez l\u2019annexer \u00e0 la pr\u00e9sente ou nous l\u2019envoyer par t\u00e9l\u00e9copieur au (514) 564-3380.<br\/><\/p>\n<span class=\"wpcf7-form-control-wrap\" data-name=\"file-745\"><input size=\"40\" class=\"wpcf7-form-control wpcf7-file\" accept=\"audio\/*,video\/*,image\/*\" aria-invalid=\"false\" type=\"file\" name=\"file-745\" \/><\/span>\n<br \/><br \/>\n\n<p><input class=\"wpcf7-form-control wpcf7-submit has-spinner\" type=\"submit\" value=\"Envoyer\" \/><\/p><div class=\"wpcf7-response-output\" aria-hidden=\"true\"><\/div>\n<\/form>\n<\/div>\n[\/vc_column][\/vc_row]\n","protected":false},"excerpt":{"rendered":"<p>[vc_row][vc_column][\/vc_column][\/vc_row]<\/p>\n","protected":false},"author":2,"featured_media":0,"parent":0,"menu_order":0,"comment_status":"closed","ping_status":"closed","template":"","meta":{"footnotes":""},"class_list":["post-11298","page","type-page","status-publish","hentry"],"yoast_head":"<!-- This site is optimized with the Yoast SEO plugin v27.0 - https:\/\/yoast.com\/product\/yoast-seo-wordpress\/ -->\n<title>Formulaire pour acheteurs - Schneider Legal - Vice cach\u00e9s<\/title>\n<meta name=\"description\" content=\"Remplissez ce formulaire si vous \u00eates un acheteur ayant un probl\u00e8me de vice cach\u00e9.\" \/>\n<meta name=\"robots\" content=\"noindex, follow, max-snippet:-1, max-image-preview:large, max-video-preview:-1\" \/>\n<meta property=\"og:locale\" content=\"fr_FR\" \/>\n<meta property=\"og:type\" content=\"article\" \/>\n<meta property=\"og:title\" content=\"Formulaire pour acheteurs - Schneider Legal - Vice cach\u00e9s\" \/>\n<meta property=\"og:description\" content=\"Remplissez ce formulaire si vous \u00eates un acheteur ayant un probl\u00e8me de vice cach\u00e9.\" \/>\n<meta property=\"og:url\" content=\"https:\/\/staging.schneiderlegal.com\/contact-form-latent-defects\/\" \/>\n<meta property=\"og:site_name\" content=\"Schneider Legal\" \/>\n<meta property=\"article:modified_time\" content=\"2016-08-03T17:24:34+00:00\" \/>\n<meta name=\"twitter:card\" content=\"summary_large_image\" \/>\n<script type=\"application\/ld+json\" class=\"yoast-schema-graph\">{\"@context\":\"https:\/\/schema.org\",\"@graph\":[{\"@type\":\"WebPage\",\"@id\":\"https:\/\/staging.schneiderlegal.com\/contact-form-latent-defects\/\",\"url\":\"https:\/\/staging.schneiderlegal.com\/contact-form-latent-defects\/\",\"name\":\"Formulaire pour acheteurs - Schneider Legal - Vice cach\u00e9s\",\"isPartOf\":{\"@id\":\"https:\/\/staging.schneiderlegal.com\/#website\"},\"datePublished\":\"2016-07-22T17:47:40+00:00\",\"dateModified\":\"2016-08-03T17:24:34+00:00\",\"description\":\"Remplissez ce formulaire si vous \u00eates un acheteur ayant un probl\u00e8me de vice cach\u00e9.\",\"breadcrumb\":{\"@id\":\"https:\/\/staging.schneiderlegal.com\/contact-form-latent-defects\/#breadcrumb\"},\"inLanguage\":\"fr-FR\",\"potentialAction\":[{\"@type\":\"ReadAction\",\"target\":[\"https:\/\/staging.schneiderlegal.com\/contact-form-latent-defects\/\"]}]},{\"@type\":\"BreadcrumbList\",\"@id\":\"https:\/\/staging.schneiderlegal.com\/contact-form-latent-defects\/#breadcrumb\",\"itemListElement\":[{\"@type\":\"ListItem\",\"position\":1,\"name\":\"Home\",\"item\":\"https:\/\/staging.schneiderlegal.com\/fr\/\"},{\"@type\":\"ListItem\",\"position\":2,\"name\":\"Formulaire vices cach\u00e9s acheteurs\"}]},{\"@type\":\"WebSite\",\"@id\":\"https:\/\/staging.schneiderlegal.com\/#website\",\"url\":\"https:\/\/staging.schneiderlegal.com\/\",\"name\":\"Schneider Legal\",\"description\":\"Real Estate Lawyer Montreal - Estate Lawyer\",\"potentialAction\":[{\"@type\":\"SearchAction\",\"target\":{\"@type\":\"EntryPoint\",\"urlTemplate\":\"https:\/\/staging.schneiderlegal.com\/?s={search_term_string}\"},\"query-input\":{\"@type\":\"PropertyValueSpecification\",\"valueRequired\":true,\"valueName\":\"search_term_string\"}}],\"inLanguage\":\"fr-FR\"}]}<\/script>\n<!-- \/ Yoast SEO plugin. -->","yoast_head_json":{"title":"Formulaire pour acheteurs - Schneider Legal - Vice cach\u00e9s","description":"Remplissez ce formulaire si vous \u00eates un acheteur ayant un probl\u00e8me de vice cach\u00e9.","robots":{"index":"noindex","follow":"follow","max-snippet":"max-snippet:-1","max-image-preview":"max-image-preview:large","max-video-preview":"max-video-preview:-1"},"og_locale":"fr_FR","og_type":"article","og_title":"Formulaire pour acheteurs - Schneider Legal - Vice cach\u00e9s","og_description":"Remplissez ce formulaire si vous \u00eates un acheteur ayant un probl\u00e8me de vice cach\u00e9.","og_url":"https:\/\/staging.schneiderlegal.com\/contact-form-latent-defects\/","og_site_name":"Schneider Legal","article_modified_time":"2016-08-03T17:24:34+00:00","twitter_card":"summary_large_image","schema":{"@context":"https:\/\/schema.org","@graph":[{"@type":"WebPage","@id":"https:\/\/staging.schneiderlegal.com\/contact-form-latent-defects\/","url":"https:\/\/staging.schneiderlegal.com\/contact-form-latent-defects\/","name":"Formulaire pour acheteurs - Schneider Legal - Vice cach\u00e9s","isPartOf":{"@id":"https:\/\/staging.schneiderlegal.com\/#website"},"datePublished":"2016-07-22T17:47:40+00:00","dateModified":"2016-08-03T17:24:34+00:00","description":"Remplissez ce formulaire si vous \u00eates un acheteur ayant un probl\u00e8me de vice cach\u00e9.","breadcrumb":{"@id":"https:\/\/staging.schneiderlegal.com\/contact-form-latent-defects\/#breadcrumb"},"inLanguage":"fr-FR","potentialAction":[{"@type":"ReadAction","target":["https:\/\/staging.schneiderlegal.com\/contact-form-latent-defects\/"]}]},{"@type":"BreadcrumbList","@id":"https:\/\/staging.schneiderlegal.com\/contact-form-latent-defects\/#breadcrumb","itemListElement":[{"@type":"ListItem","position":1,"name":"Home","item":"https:\/\/staging.schneiderlegal.com\/fr\/"},{"@type":"ListItem","position":2,"name":"Formulaire vices cach\u00e9s acheteurs"}]},{"@type":"WebSite","@id":"https:\/\/staging.schneiderlegal.com\/#website","url":"https:\/\/staging.schneiderlegal.com\/","name":"Schneider Legal","description":"Real Estate Lawyer Montreal - Estate Lawyer","potentialAction":[{"@type":"SearchAction","target":{"@type":"EntryPoint","urlTemplate":"https:\/\/staging.schneiderlegal.com\/?s={search_term_string}"},"query-input":{"@type":"PropertyValueSpecification","valueRequired":true,"valueName":"search_term_string"}}],"inLanguage":"fr-FR"}]}},"_links":{"self":[{"href":"https:\/\/staging.schneiderlegal.com\/fr\/wp-json\/wp\/v2\/pages\/11298","targetHints":{"allow":["GET"]}}],"collection":[{"href":"https:\/\/staging.schneiderlegal.com\/fr\/wp-json\/wp\/v2\/pages"}],"about":[{"href":"https:\/\/staging.schneiderlegal.com\/fr\/wp-json\/wp\/v2\/types\/page"}],"author":[{"embeddable":true,"href":"https:\/\/staging.schneiderlegal.com\/fr\/wp-json\/wp\/v2\/users\/2"}],"replies":[{"embeddable":true,"href":"https:\/\/staging.schneiderlegal.com\/fr\/wp-json\/wp\/v2\/comments?post=11298"}],"version-history":[{"count":2,"href":"https:\/\/staging.schneiderlegal.com\/fr\/wp-json\/wp\/v2\/pages\/11298\/revisions"}],"predecessor-version":[{"id":11300,"href":"https:\/\/staging.schneiderlegal.com\/fr\/wp-json\/wp\/v2\/pages\/11298\/revisions\/11300"}],"wp:attachment":[{"href":"https:\/\/staging.schneiderlegal.com\/fr\/wp-json\/wp\/v2\/media?parent=11298"}],"curies":[{"name":"wp","href":"https:\/\/api.w.org\/{rel}","templated":true}]}}