{"id":11030,"date":"2016-07-17T01:10:32","date_gmt":"2016-07-17T01:10:32","guid":{"rendered":"http:\/\/schneiderlegal.preview.web22.propulsionweb.ca\/fr\/estate-law\/"},"modified":"2018-10-01T14:47:31","modified_gmt":"2018-10-01T18:47:31","slug":"droit-successoral","status":"publish","type":"page","link":"https:\/\/staging.schneiderlegal.com\/fr\/droit-successoral\/","title":{"rendered":"DROIT SUCCESSORAL"},"content":{"rendered":"[vc_row fullwidth=&nbsp;&raquo;true&nbsp;&raquo; css=&nbsp;&raquo;.vc_custom_1466444759232{border-bottom-width: 2px !important;padding-top: 0px !important;padding-right: 0px !important;padding-bottom: 0px !important;padding-left: 0px !important;border-bottom-color: #568db6 !important;border-bottom-style: solid !important;}&nbsp;&raquo;][vc_column][mk_page_title_box page_title=&nbsp;&raquo;DROIT SUCCESSORAL&nbsp;&raquo; section_height=&nbsp;&raquo;300&Prime; bg_image=&nbsp;&raquo;http:\/\/schneiderlegal.preview.web22.propulsionweb.ca\/wp-content\/uploads\/2014\/08\/photodune-5630324-testament-and-pen-m.jpg&nbsp;&raquo; bg_position=&nbsp;&raquo;center center&nbsp;&raquo; bg_stretch=&nbsp;&raquo;true&nbsp;&raquo; font_size=&nbsp;&raquo;40&Prime; font_color=&nbsp;&raquo;#ffffff&nbsp;&raquo; font_weight=&nbsp;&raquo;bold&nbsp;&raquo; underline=&nbsp;&raquo;false&nbsp;&raquo; sub_font_size=&nbsp;&raquo;20&Prime; sub_font_color=&nbsp;&raquo;#ffffff&nbsp;&raquo; sub_font_weight=&nbsp;&raquo;bold&nbsp;&raquo; el_class=&nbsp;&raquo;titleshadow&nbsp;&raquo;][\/vc_column][\/vc_row][vc_row][vc_column][mk_padding_divider size=&nbsp;&raquo;75&Prime;][vc_column_text]\n<p style=\"text-align: justify;\">Chez Schneider Avocats, nous comprenons que les conflits dans le domaine successoral repr\u00e9sentent un fardeau pour les membres d\u2019une famille et de leurs proches. C\u2019est ainsi que nous offrons une gamme compl\u00e8te de services et que nous nous engageons de vous aider en tout temps afin de vous guider tout au long de cette p\u00e9riode difficile. Dans l\u2019\u00e9ventualit\u00e9 qu\u2019un litige survient, sachez que nous serons en mesure de d\u00e9fendre vigoureusement vos int\u00e9r\u00eats devant le forum appropri\u00e9.<\/p>\n<p style=\"text-align: justify;\">Repr\u00e9sentant sur une base quotidienne des h\u00e9ritiers, des l\u00e9gataires, des liquidateurs, des fiduciaires et des b\u00e9n\u00e9ficiaires, notre expertise englobe tous les aspects du litige successoral. Qu\u2019il s\u2019agisse de contester ou de faire v\u00e9rifier\/homologuer un testament, de faire remplacer un liquidateur ou un fiduciaire, de superviser le partage d\u2019une succession, ou de s\u2019occuper de tout autre question relative au r\u00e8glement d&rsquo;une succession ou de l&rsquo;administration d&rsquo;une fiducie, Schneider Avocats vous offre des solutions pratiques et concr\u00e8tes dans la r\u00e9solution de vos probl\u00e8mes juridiques.<\/p>\n<p style=\"text-align: justify;\">Pour en savoir plus sur le vaste \u00e9ventail de services juridiques que nous offrons, nous vous invitons \u00e0 cliquer sur les hyperliens suivants en fonction de vos besoins.<\/p>\n[\/vc_column_text][mk_button dimension=&nbsp;&raquo;outline&nbsp;&raquo; size=&nbsp;&raquo;large&nbsp;&raquo; url=&nbsp;&raquo;\/fr\/dans-les-medias\/&nbsp;&raquo; align=&nbsp;&raquo;center&nbsp;&raquo; fullwidth=&nbsp;&raquo;true&nbsp;&raquo;]SCHNEIDER AVOCATS DANS LES M\u00c9DIAS[\/mk_button][mk_divider style=&nbsp;&raquo;shadow_line&nbsp;&raquo; margin_bottom=&nbsp;&raquo;50&Prime;][mk_padding_divider size=&nbsp;&raquo;50&Prime;][\/vc_column][\/vc_row][vc_row][vc_column][mk_fancy_title color=&nbsp;&raquo;#393836&Prime; size=&nbsp;&raquo;22&Prime; font_weight=&nbsp;&raquo;bold&nbsp;&raquo; txt_transform=&nbsp;&raquo;uppercase&nbsp;&raquo; letter_spacing=&nbsp;&raquo;1&Prime; margin_bottom=&nbsp;&raquo;0&Prime; font_family=&nbsp;&raquo;none&nbsp;&raquo; align=&nbsp;&raquo;center&nbsp;&raquo;]D\u00e9couvrez notre\u00a0cabinet\u00a0dans les vid\u00e9os ci-dessous[\/mk_fancy_title][mk_divider style=&nbsp;&raquo;thin_solid&nbsp;&raquo; divider_width=&nbsp;&raquo;custom_width&nbsp;&raquo; custom_width=&nbsp;&raquo;25&Prime; thickness=&nbsp;&raquo;3&Prime;][mk_padding_divider size=&nbsp;&raquo;25&Prime;][vc_row_inner][vc_column_inner width=&nbsp;&raquo;1\/2&Prime;][vc_raw_html]JTNDY2VudGVyJTNFJTNDaWZyYW1lJTIwd2lkdGglM0QlMjI0MzAlMjIlMjBoZWlnaHQlM0QlMjIyNDMlMjIlMjBzcmMlM0QlMjJodHRwcyUzQSUyRiUyRnd3dy55b3V0dWJlLmNvbSUyRmVtYmVkJTJGNUVKekpXalM0cHMlMjIlMjBmcmFtZWJvcmRlciUzRCUyMjAlMjIlMjBhbGxvdyUzRCUyMmF1dG9wbGF5JTNCJTIwZW5jcnlwdGVkLW1lZGlhJTIyJTIwYWxsb3dmdWxsc2NyZWVuJTNFJTNDJTJGaWZyYW1lJTNFJTNDJTJGY2VudGVyJTNF[\/vc_raw_html][\/vc_column_inner][vc_column_inner width=&nbsp;&raquo;1\/2&Prime;][vc_raw_html]JTNDY2VudGVyJTNFJTNDaWZyYW1lJTIwc3JjJTNEJTIyaHR0cHMlM0ElMkYlMkZnbG9iYWxuZXdzLmNhJTJGdmlkZW8lMkZlbWJlZCUyRjQxNTg1MzUlMkYlMjIlMjB3aWR0aCUzRCUyMjQzMCUyMiUyMGhlaWdodCUzRCUyMjI0MyUyMiUyMGZyYW1lYm9yZGVyJTNEJTIyMCUyMiUyMGFsbG93ZnVsbHNjcmVlbiUyMHNjcm9sbGluZyUzRCUyMm5vJTIyJTNFJTNDJTJGaWZyYW1lJTNFJTNDJTJGY2VudGVyJTNF[\/vc_raw_html][\/vc_column_inner][\/vc_row_inner][mk_divider style=&nbsp;&raquo;shadow_line&nbsp;&raquo;][\/vc_column][\/vc_row][vc_row][vc_column][mk_padding_divider size=&nbsp;&raquo;30&Prime;][mk_fancy_title color=&nbsp;&raquo;#393836&Prime; size=&nbsp;&raquo;18&Prime; font_weight=&nbsp;&raquo;bold&nbsp;&raquo; txt_transform=&nbsp;&raquo;uppercase&nbsp;&raquo; letter_spacing=&nbsp;&raquo;1&Prime; margin_bottom=&nbsp;&raquo;0&Prime; font_family=&nbsp;&raquo;none&nbsp;&raquo; align=&nbsp;&raquo;center&nbsp;&raquo;]ENTREVUE SUR CJAD AVEC SYLVAN SCHNEIDER (EN ANGLAIS)[\/mk_fancy_title][mk_audio mp3_file=&nbsp;&raquo;http:\/\/schneiderlegal.preview.web22.propulsionweb.ca\/wp-content\/uploads\/2016\/07\/sylvan_radio.mp3&Prime; player_background=&nbsp;&raquo;#568db6&Prime;][\/vc_column][\/vc_row][vc_row][vc_column][mk_padding_divider size=&nbsp;&raquo;80&Prime;][mk_fancy_title color=&nbsp;&raquo;#393836&Prime; size=&nbsp;&raquo;22&Prime; font_weight=&nbsp;&raquo;bold&nbsp;&raquo; txt_transform=&nbsp;&raquo;uppercase&nbsp;&raquo; letter_spacing=&nbsp;&raquo;1&Prime; margin_bottom=&nbsp;&raquo;0&Prime; font_family=&nbsp;&raquo;none&nbsp;&raquo; align=&nbsp;&raquo;center&nbsp;&raquo;]NOS SERVICES EN DROIT\u00a0SUCCESSORAL[\/mk_fancy_title][mk_divider style=&nbsp;&raquo;thin_solid&nbsp;&raquo; divider_width=&nbsp;&raquo;custom_width&nbsp;&raquo; custom_width=&nbsp;&raquo;25&Prime; thickness=&nbsp;&raquo;3&Prime;][\/vc_column][\/vc_row][vc_row el_class=&nbsp;&raquo;buttonheight&nbsp;&raquo;][vc_column][mk_padding_divider size=&nbsp;&raquo;75&Prime;][vc_row_inner][vc_column_inner width=&nbsp;&raquo;1\/3&Prime;][mk_button dimension=&nbsp;&raquo;outline&nbsp;&raquo; size=&nbsp;&raquo;large&nbsp;&raquo; url=&nbsp;&raquo;\/fr\/qu-arrivera-t-il-quand-je-ne-serai-plus-la\/&nbsp;&raquo; align=&nbsp;&raquo;center&nbsp;&raquo; fullwidth=&nbsp;&raquo;true&nbsp;&raquo;]PLANIFICATION SUCCESSORALE[\/mk_button][\/vc_column_inner][vc_column_inner width=&nbsp;&raquo;1\/3&Prime;][mk_button dimension=&nbsp;&raquo;outline&nbsp;&raquo; size=&nbsp;&raquo;large&nbsp;&raquo; url=&nbsp;&raquo;\/fr\/litiges-successoraux\/&nbsp;&raquo; align=&nbsp;&raquo;center&nbsp;&raquo; fullwidth=&nbsp;&raquo;true&nbsp;&raquo;]LITIGES SUCCESSORAUX[\/mk_button][\/vc_column_inner][vc_column_inner width=&nbsp;&raquo;1\/3&Prime;][mk_button dimension=&nbsp;&raquo;outline&nbsp;&raquo; size=&nbsp;&raquo;large&nbsp;&raquo; url=&nbsp;&raquo;\/fr\/le-role-du-liquidateur\/&nbsp;&raquo; align=&nbsp;&raquo;center&nbsp;&raquo; fullwidth=&nbsp;&raquo;true&nbsp;&raquo;]R\u00d4LE DU LIQUIDATEUR[\/mk_button][\/vc_column_inner][\/vc_row_inner][mk_padding_divider size=&nbsp;&raquo;50&Prime;][vc_row_inner][vc_column_inner width=&nbsp;&raquo;1\/3&Prime;][mk_button dimension=&nbsp;&raquo;outline&nbsp;&raquo; size=&nbsp;&raquo;large&nbsp;&raquo; url=&nbsp;&raquo;\/fr\/droit-successoral\/successions-a-lexterieur-du-quebec\/&nbsp;&raquo; align=&nbsp;&raquo;center&nbsp;&raquo; fullwidth=&nbsp;&raquo;true&nbsp;&raquo;]SUCCESSIONS \u00c0 L&rsquo;\u00c9TRANGER[\/mk_button][\/vc_column_inner][vc_column_inner width=&nbsp;&raquo;1\/3&Prime;][mk_button dimension=&nbsp;&raquo;outline&nbsp;&raquo; size=&nbsp;&raquo;large&nbsp;&raquo; url=&nbsp;&raquo;\/fr\/delai-en-matiere-successorale-et-la-prescription\/&nbsp;&raquo; align=&nbsp;&raquo;center&nbsp;&raquo; fullwidth=&nbsp;&raquo;true&nbsp;&raquo;]D\u00c9LAI DE LA SUCCESSION[\/mk_button][\/vc_column_inner][vc_column_inner width=&nbsp;&raquo;1\/3&Prime;][mk_button dimension=&nbsp;&raquo;outline&nbsp;&raquo; size=&nbsp;&raquo;large&nbsp;&raquo; url=&nbsp;&raquo;\/fr\/deces-sans-testament\/&nbsp;&raquo; align=&nbsp;&raquo;center&nbsp;&raquo; fullwidth=&nbsp;&raquo;true&nbsp;&raquo;]D\u00c9C\u00c8S SANS TESTAMENT[\/mk_button][\/vc_column_inner][\/vc_row_inner][mk_padding_divider size=&nbsp;&raquo;50&Prime;][vc_row_inner][vc_column_inner width=&nbsp;&raquo;1\/3&Prime;][mk_button dimension=&nbsp;&raquo;outline&nbsp;&raquo; size=&nbsp;&raquo;large&nbsp;&raquo; url=&nbsp;&raquo;\/fr\/verification-des-testaments\/&nbsp;&raquo; align=&nbsp;&raquo;center&nbsp;&raquo; fullwidth=&nbsp;&raquo;true&nbsp;&raquo;]V\u00c9RIFICATION DES TESTAMENTS[\/mk_button][\/vc_column_inner][vc_column_inner width=&nbsp;&raquo;1\/3&Prime;][\/vc_column_inner][vc_column_inner width=&nbsp;&raquo;1\/3&Prime;][\/vc_column_inner][\/vc_row_inner][mk_padding_divider][mk_divider style=&nbsp;&raquo;shadow_line&nbsp;&raquo;][mk_padding_divider][mk_fancy_title color=&nbsp;&raquo;#393836&Prime; size=&nbsp;&raquo;22&Prime; font_weight=&nbsp;&raquo;bold&nbsp;&raquo; txt_transform=&nbsp;&raquo;uppercase&nbsp;&raquo; letter_spacing=&nbsp;&raquo;1&Prime; margin_bottom=&nbsp;&raquo;0&Prime; font_family=&nbsp;&raquo;none&nbsp;&raquo; align=&nbsp;&raquo;center&nbsp;&raquo;]ARTICLES DE BLOGUE EN DROIT SUCCESSORAL[\/mk_fancy_title][mk_divider style=&nbsp;&raquo;thin_solid&nbsp;&raquo; divider_width=&nbsp;&raquo;custom_width&nbsp;&raquo; custom_width=&nbsp;&raquo;25&Prime; thickness=&nbsp;&raquo;3&Prime;][mk_padding_divider][mk_blog style=&nbsp;&raquo;grid&nbsp;&raquo; grid_image_height=&nbsp;&raquo;300&Prime; post_count=&nbsp;&raquo;3&Prime; excerpt_length=&nbsp;&raquo;0&Prime; count=&nbsp;&raquo;12&Prime; disable_lightbox=&nbsp;&raquo;true&nbsp;&raquo; featured_post_align=&nbsp;&raquo;left&nbsp;&raquo; item_id=&nbsp;&raquo;1409322181-54008cc5805de&nbsp;&raquo; cat=&nbsp;&raquo;68&Prime;][mk_padding_divider][\/vc_column][\/vc_row][vc_row][vc_column][mk_padding_divider size=&nbsp;&raquo;75&Prime;][\/vc_column][\/vc_row]\n","protected":false},"excerpt":{"rendered":"<p>[vc_row fullwidth=&nbsp;&raquo;true&nbsp;&raquo; css=&nbsp;&raquo;.vc_custom_1466444759232{border-bottom-width: 2px !important;padding-top: 0px !important;padding-right: 0px !important;padding-bottom: 0px !important;padding-left: 0px !important;border-bottom-color: #568db6 !important;border-bottom-style: solid !important;}&nbsp;&raquo;][vc_column][mk_page_title_box page_title=&nbsp;&raquo;DROIT SUCCESSORAL&nbsp;&raquo; section_height=&nbsp;&raquo;300&Prime; bg_image=&nbsp;&raquo;http:\/\/schneiderlegal.preview.web22.propulsionweb.ca\/wp-content\/uploads\/2014\/08\/photodune-5630324-testament-and-pen-m.jpg&nbsp;&raquo; bg_position=&nbsp;&raquo;center center&nbsp;&raquo; bg_stretch=&nbsp;&raquo;true&nbsp;&raquo; font_size=&nbsp;&raquo;40&Prime; font_color=&nbsp;&raquo;#ffffff&nbsp;&raquo; font_weight=&nbsp;&raquo;bold&nbsp;&raquo; underline=&nbsp;&raquo;false&nbsp;&raquo; sub_font_size=&nbsp;&raquo;20&Prime; sub_font_color=&nbsp;&raquo;#ffffff&nbsp;&raquo; sub_font_weight=&nbsp;&raquo;bold&nbsp;&raquo; el_class=&nbsp;&raquo;titleshadow&nbsp;&raquo;][\/vc_column][\/vc_row][vc_row][vc_column][mk_padding_divider size=&nbsp;&raquo;75&Prime;][vc_column_text] Chez Schneider Avocats, nous comprenons que les conflits dans le domaine successoral repr\u00e9sentent un fardeau pour les membres d\u2019une famille et de [&hellip;]<\/p>\n","protected":false},"author":2,"featured_media":0,"parent":0,"menu_order":0,"comment_status":"open","ping_status":"open","template":"","meta":{"footnotes":""},"class_list":["post-11030","page","type-page","status-publish","hentry"],"yoast_head":"<!-- This site is optimized with the Yoast SEO plugin v27.0 - https:\/\/yoast.com\/product\/yoast-seo-wordpress\/ -->\n<title>Droit successoral - Schneider Legal - Avocats Montr\u00e9al<\/title>\n<meta name=\"description\" content=\"Repr\u00e9sentant sur une base quotidienne des h\u00e9ritiers, des l\u00e9gataires, des liquidateurs, des fiduciaires et des b\u00e9n\u00e9ficiaires, notre expertise englobe le tout\" \/>\n<meta name=\"robots\" content=\"noindex, follow, max-snippet:-1, max-image-preview:large, max-video-preview:-1\" \/>\n<meta property=\"og:locale\" content=\"fr_FR\" \/>\n<meta property=\"og:type\" content=\"article\" \/>\n<meta property=\"og:title\" content=\"Droit successoral - Schneider Legal - Avocats Montr\u00e9al\" \/>\n<meta property=\"og:description\" content=\"Repr\u00e9sentant sur une base quotidienne des h\u00e9ritiers, des l\u00e9gataires, des liquidateurs, des fiduciaires et des b\u00e9n\u00e9ficiaires, notre expertise englobe le tout\" \/>\n<meta property=\"og:url\" content=\"https:\/\/staging.schneiderlegal.com\/estate-law\/\" \/>\n<meta property=\"og:site_name\" content=\"Schneider Legal\" \/>\n<meta property=\"article:modified_time\" content=\"2018-10-01T18:47:31+00:00\" \/>\n<meta name=\"twitter:card\" content=\"summary_large_image\" \/>\n<meta name=\"twitter:label1\" content=\"Est. reading time\" \/>\n\t<meta name=\"twitter:data1\" content=\"5 minutes\" \/>\n<script type=\"application\/ld+json\" class=\"yoast-schema-graph\">{\"@context\":\"https:\/\/schema.org\",\"@graph\":[{\"@type\":\"WebPage\",\"@id\":\"https:\/\/staging.schneiderlegal.com\/estate-law\/\",\"url\":\"https:\/\/staging.schneiderlegal.com\/estate-law\/\",\"name\":\"Droit successoral - Schneider Legal - Avocats Montr\u00e9al\",\"isPartOf\":{\"@id\":\"https:\/\/staging.schneiderlegal.com\/#website\"},\"datePublished\":\"2016-07-17T01:10:32+00:00\",\"dateModified\":\"2018-10-01T18:47:31+00:00\",\"description\":\"Repr\u00e9sentant sur une base quotidienne des h\u00e9ritiers, des l\u00e9gataires, des liquidateurs, des fiduciaires et des b\u00e9n\u00e9ficiaires, notre expertise englobe le tout\",\"breadcrumb\":{\"@id\":\"https:\/\/staging.schneiderlegal.com\/estate-law\/#breadcrumb\"},\"inLanguage\":\"fr-FR\",\"potentialAction\":[{\"@type\":\"ReadAction\",\"target\":[\"https:\/\/staging.schneiderlegal.com\/estate-law\/\"]}]},{\"@type\":\"BreadcrumbList\",\"@id\":\"https:\/\/staging.schneiderlegal.com\/estate-law\/#breadcrumb\",\"itemListElement\":[{\"@type\":\"ListItem\",\"position\":1,\"name\":\"Home\",\"item\":\"https:\/\/staging.schneiderlegal.com\/fr\/\"},{\"@type\":\"ListItem\",\"position\":2,\"name\":\"DROIT SUCCESSORAL\"}]},{\"@type\":\"WebSite\",\"@id\":\"https:\/\/staging.schneiderlegal.com\/#website\",\"url\":\"https:\/\/staging.schneiderlegal.com\/\",\"name\":\"Schneider Legal\",\"description\":\"Real Estate Lawyer Montreal - Estate Lawyer\",\"potentialAction\":[{\"@type\":\"SearchAction\",\"target\":{\"@type\":\"EntryPoint\",\"urlTemplate\":\"https:\/\/staging.schneiderlegal.com\/?s={search_term_string}\"},\"query-input\":{\"@type\":\"PropertyValueSpecification\",\"valueRequired\":true,\"valueName\":\"search_term_string\"}}],\"inLanguage\":\"fr-FR\"}]}<\/script>\n<!-- \/ Yoast SEO plugin. -->","yoast_head_json":{"title":"Droit successoral - Schneider Legal - Avocats Montr\u00e9al","description":"Repr\u00e9sentant sur une base quotidienne des h\u00e9ritiers, des l\u00e9gataires, des liquidateurs, des fiduciaires et des b\u00e9n\u00e9ficiaires, notre expertise englobe le tout","robots":{"index":"noindex","follow":"follow","max-snippet":"max-snippet:-1","max-image-preview":"max-image-preview:large","max-video-preview":"max-video-preview:-1"},"og_locale":"fr_FR","og_type":"article","og_title":"Droit successoral - Schneider Legal - Avocats Montr\u00e9al","og_description":"Repr\u00e9sentant sur une base quotidienne des h\u00e9ritiers, des l\u00e9gataires, des liquidateurs, des fiduciaires et des b\u00e9n\u00e9ficiaires, notre expertise englobe le tout","og_url":"https:\/\/staging.schneiderlegal.com\/estate-law\/","og_site_name":"Schneider Legal","article_modified_time":"2018-10-01T18:47:31+00:00","twitter_card":"summary_large_image","twitter_misc":{"Est. reading time":"5 minutes"},"schema":{"@context":"https:\/\/schema.org","@graph":[{"@type":"WebPage","@id":"https:\/\/staging.schneiderlegal.com\/estate-law\/","url":"https:\/\/staging.schneiderlegal.com\/estate-law\/","name":"Droit successoral - Schneider Legal - Avocats Montr\u00e9al","isPartOf":{"@id":"https:\/\/staging.schneiderlegal.com\/#website"},"datePublished":"2016-07-17T01:10:32+00:00","dateModified":"2018-10-01T18:47:31+00:00","description":"Repr\u00e9sentant sur une base quotidienne des h\u00e9ritiers, des l\u00e9gataires, des liquidateurs, des fiduciaires et des b\u00e9n\u00e9ficiaires, notre expertise englobe le tout","breadcrumb":{"@id":"https:\/\/staging.schneiderlegal.com\/estate-law\/#breadcrumb"},"inLanguage":"fr-FR","potentialAction":[{"@type":"ReadAction","target":["https:\/\/staging.schneiderlegal.com\/estate-law\/"]}]},{"@type":"BreadcrumbList","@id":"https:\/\/staging.schneiderlegal.com\/estate-law\/#breadcrumb","itemListElement":[{"@type":"ListItem","position":1,"name":"Home","item":"https:\/\/staging.schneiderlegal.com\/fr\/"},{"@type":"ListItem","position":2,"name":"DROIT SUCCESSORAL"}]},{"@type":"WebSite","@id":"https:\/\/staging.schneiderlegal.com\/#website","url":"https:\/\/staging.schneiderlegal.com\/","name":"Schneider Legal","description":"Real Estate Lawyer Montreal - Estate Lawyer","potentialAction":[{"@type":"SearchAction","target":{"@type":"EntryPoint","urlTemplate":"https:\/\/staging.schneiderlegal.com\/?s={search_term_string}"},"query-input":{"@type":"PropertyValueSpecification","valueRequired":true,"valueName":"search_term_string"}}],"inLanguage":"fr-FR"}]}},"_links":{"self":[{"href":"https:\/\/staging.schneiderlegal.com\/fr\/wp-json\/wp\/v2\/pages\/11030","targetHints":{"allow":["GET"]}}],"collection":[{"href":"https:\/\/staging.schneiderlegal.com\/fr\/wp-json\/wp\/v2\/pages"}],"about":[{"href":"https:\/\/staging.schneiderlegal.com\/fr\/wp-json\/wp\/v2\/types\/page"}],"author":[{"embeddable":true,"href":"https:\/\/staging.schneiderlegal.com\/fr\/wp-json\/wp\/v2\/users\/2"}],"replies":[{"embeddable":true,"href":"https:\/\/staging.schneiderlegal.com\/fr\/wp-json\/wp\/v2\/comments?post=11030"}],"version-history":[{"count":24,"href":"https:\/\/staging.schneiderlegal.com\/fr\/wp-json\/wp\/v2\/pages\/11030\/revisions"}],"predecessor-version":[{"id":13182,"href":"https:\/\/staging.schneiderlegal.com\/fr\/wp-json\/wp\/v2\/pages\/11030\/revisions\/13182"}],"wp:attachment":[{"href":"https:\/\/staging.schneiderlegal.com\/fr\/wp-json\/wp\/v2\/media?parent=11030"}],"curies":[{"name":"wp","href":"https:\/\/api.w.org\/{rel}","templated":true}]}}