{"id":10913,"date":"2014-09-01T13:33:50","date_gmt":"2014-09-01T13:33:50","guid":{"rendered":"http:\/\/schneiderlegal.preview.web22.propulsionweb.ca\/fr\/our-team\/"},"modified":"2026-04-06T20:10:00","modified_gmt":"2026-04-07T00:10:00","slug":"notre-equipe","status":"publish","type":"page","link":"https:\/\/staging.schneiderlegal.com\/fr\/notre-equipe\/","title":{"rendered":"Notre \u00e9quipe"},"content":{"rendered":"[vc_row][vc_column width=&nbsp;&raquo;1\/4&Prime;][\/vc_column][vc_column width=&nbsp;&raquo;1\/2&Prime;][mk_padding_divider size=&nbsp;&raquo;80&Prime;][mk_fancy_title color=&nbsp;&raquo;#393836&Prime; size=&nbsp;&raquo;22&Prime; font_weight=&nbsp;&raquo;bold&nbsp;&raquo; txt_transform=&nbsp;&raquo;uppercase&nbsp;&raquo; letter_spacing=&nbsp;&raquo;1&Prime; margin_bottom=&nbsp;&raquo;0&Prime; font_family=&nbsp;&raquo;none&nbsp;&raquo; align=&nbsp;&raquo;center&nbsp;&raquo;]NOTRE \u00c9QUIPE[\/mk_fancy_title][mk_divider style=&nbsp;&raquo;thin_solid&nbsp;&raquo; divider_width=&nbsp;&raquo;custom_width&nbsp;&raquo; custom_width=&nbsp;&raquo;25&Prime; thickness=&nbsp;&raquo;3&Prime;][\/vc_column][vc_column width=&nbsp;&raquo;1\/4&Prime;][\/vc_column][\/vc_row]\n[vc_row][vc_column][mk_padding_divider][mk_employees rounded_image=&nbsp;&raquo;false&nbsp;&raquo; grayscale_image=&nbsp;&raquo;false&nbsp;&raquo; description=&nbsp;&raquo;false&nbsp;&raquo; employees=&nbsp;&raquo;36513,42484,53934,21161,21165&Prime;][\/vc_column][\/vc_row]\n[vc_row][vc_column width=&nbsp;&raquo;1\/4&Prime;][\/vc_column][vc_column width=&nbsp;&raquo;1\/2&Prime;][mk_padding_divider size=&nbsp;&raquo;40&Prime;][mk_fancy_title color=&nbsp;&raquo;#393836&Prime; size=&nbsp;&raquo;18&Prime; font_weight=&nbsp;&raquo;bold&nbsp;&raquo; txt_transform=&nbsp;&raquo;uppercase&nbsp;&raquo; letter_spacing=&nbsp;&raquo;1&Prime; margin_bottom=&nbsp;&raquo;0&Prime; font_family=&nbsp;&raquo;none&nbsp;&raquo; align=&nbsp;&raquo;center&nbsp;&raquo;]SOUTIEN ADMINISTRATIF[\/mk_fancy_title][mk_divider style=&nbsp;&raquo;thin_solid&nbsp;&raquo; divider_width=&nbsp;&raquo;custom_width&nbsp;&raquo; custom_width=&nbsp;&raquo;25&Prime; thickness=&nbsp;&raquo;2&Prime;][\/vc_column][vc_column width=&nbsp;&raquo;1\/4&Prime;][\/vc_column][\/vc_row]\n[vc_row][vc_column][mk_padding_divider size=&nbsp;&raquo;10&Prime;][mk_employees rounded_image=&nbsp;&raquo;false&nbsp;&raquo; grayscale_image=&nbsp;&raquo;false&nbsp;&raquo; description=&nbsp;&raquo;false&nbsp;&raquo; employees=&nbsp;&raquo;11349&Prime;][\/vc_column][\/vc_row]\n","protected":false},"excerpt":{"rendered":"<p>[vc_row][vc_column width=&nbsp;&raquo;1\/4&Prime;][\/vc_column][vc_column width=&nbsp;&raquo;1\/2&Prime;][mk_padding_divider size=&nbsp;&raquo;80&Prime;][mk_fancy_title color=&nbsp;&raquo;#393836&Prime; size=&nbsp;&raquo;22&Prime; font_weight=&nbsp;&raquo;bold&nbsp;&raquo; txt_transform=&nbsp;&raquo;uppercase&nbsp;&raquo; letter_spacing=&nbsp;&raquo;1&Prime; margin_bottom=&nbsp;&raquo;0&Prime; font_family=&nbsp;&raquo;none&nbsp;&raquo; align=&nbsp;&raquo;center&nbsp;&raquo;]NOTRE \u00c9QUIPE[\/mk_fancy_title][mk_divider style=&nbsp;&raquo;thin_solid&nbsp;&raquo; divider_width=&nbsp;&raquo;custom_width&nbsp;&raquo; custom_width=&nbsp;&raquo;25&Prime; thickness=&nbsp;&raquo;3&Prime;][\/vc_column][vc_column width=&nbsp;&raquo;1\/4&Prime;][\/vc_column][\/vc_row] [vc_row][vc_column][mk_padding_divider][mk_employees rounded_image=&nbsp;&raquo;false&nbsp;&raquo; grayscale_image=&nbsp;&raquo;false&nbsp;&raquo; description=&nbsp;&raquo;false&nbsp;&raquo; employees=&nbsp;&raquo;36513,42484,53934,21161,21165&Prime;][\/vc_column][\/vc_row] [vc_row][vc_column width=&nbsp;&raquo;1\/4&Prime;][\/vc_column][vc_column width=&nbsp;&raquo;1\/2&Prime;][mk_padding_divider size=&nbsp;&raquo;40&Prime;][mk_fancy_title color=&nbsp;&raquo;#393836&Prime; size=&nbsp;&raquo;18&Prime; font_weight=&nbsp;&raquo;bold&nbsp;&raquo; txt_transform=&nbsp;&raquo;uppercase&nbsp;&raquo; letter_spacing=&nbsp;&raquo;1&Prime; margin_bottom=&nbsp;&raquo;0&Prime; font_family=&nbsp;&raquo;none&nbsp;&raquo; align=&nbsp;&raquo;center&nbsp;&raquo;]SOUTIEN ADMINISTRATIF[\/mk_fancy_title][mk_divider style=&nbsp;&raquo;thin_solid&nbsp;&raquo; divider_width=&nbsp;&raquo;custom_width&nbsp;&raquo; custom_width=&nbsp;&raquo;25&Prime; thickness=&nbsp;&raquo;2&Prime;][\/vc_column][vc_column width=&nbsp;&raquo;1\/4&Prime;][\/vc_column][\/vc_row] [vc_row][vc_column][mk_padding_divider size=&nbsp;&raquo;10&Prime;][mk_employees rounded_image=&nbsp;&raquo;false&nbsp;&raquo; grayscale_image=&nbsp;&raquo;false&nbsp;&raquo; description=&nbsp;&raquo;false&nbsp;&raquo; employees=&nbsp;&raquo;11349&Prime;][\/vc_column][\/vc_row]<\/p>\n","protected":false},"author":2,"featured_media":0,"parent":0,"menu_order":0,"comment_status":"open","ping_status":"open","template":"","meta":{"footnotes":""},"class_list":["post-10913","page","type-page","status-publish","hentry"],"yoast_head":"<!-- This site is optimized with the Yoast SEO plugin v27.0 - https:\/\/yoast.com\/product\/yoast-seo-wordpress\/ -->\n<title>Notre \u00e9quipe - Schneider Legal<\/title>\n<meta name=\"description\" content=\"Rencontrez notre \u00e9quipe d&#039;avocats, d&#039;\u00e9tudiants et d&#039;administration dans cette section du site Web de Schneider Legal.\" \/>\n<meta name=\"robots\" content=\"noindex, follow, max-snippet:-1, max-image-preview:large, max-video-preview:-1\" \/>\n<meta property=\"og:locale\" content=\"fr_FR\" \/>\n<meta property=\"og:type\" content=\"article\" \/>\n<meta property=\"og:title\" content=\"Notre \u00e9quipe - Schneider Legal\" \/>\n<meta property=\"og:description\" content=\"Rencontrez notre \u00e9quipe d&#039;avocats, d&#039;\u00e9tudiants et d&#039;administration dans cette section du site Web de Schneider Legal.\" \/>\n<meta property=\"og:url\" content=\"https:\/\/staging.schneiderlegal.com\/fr\/notre-equipe\/\" \/>\n<meta property=\"og:site_name\" content=\"Schneider Legal\" \/>\n<meta property=\"article:modified_time\" content=\"2026-04-07T00:10:00+00:00\" \/>\n<meta name=\"twitter:card\" content=\"summary_large_image\" \/>\n<meta name=\"twitter:label1\" content=\"Est. reading time\" \/>\n\t<meta name=\"twitter:data1\" content=\"1 minute\" \/>\n<script type=\"application\/ld+json\" class=\"yoast-schema-graph\">{\"@context\":\"https:\/\/schema.org\",\"@graph\":[{\"@type\":\"WebPage\",\"@id\":\"https:\/\/staging.schneiderlegal.com\/fr\/notre-equipe\/\",\"url\":\"https:\/\/staging.schneiderlegal.com\/fr\/notre-equipe\/\",\"name\":\"Notre \u00e9quipe - Schneider Legal\",\"isPartOf\":{\"@id\":\"https:\/\/staging.schneiderlegal.com\/#website\"},\"datePublished\":\"2014-09-01T13:33:50+00:00\",\"dateModified\":\"2026-04-07T00:10:00+00:00\",\"description\":\"Rencontrez notre \u00e9quipe d'avocats, d'\u00e9tudiants et d'administration dans cette section du site Web de Schneider Legal.\",\"breadcrumb\":{\"@id\":\"https:\/\/staging.schneiderlegal.com\/fr\/notre-equipe\/#breadcrumb\"},\"inLanguage\":\"fr-FR\",\"potentialAction\":[{\"@type\":\"ReadAction\",\"target\":[\"https:\/\/staging.schneiderlegal.com\/fr\/notre-equipe\/\"]}]},{\"@type\":\"BreadcrumbList\",\"@id\":\"https:\/\/staging.schneiderlegal.com\/fr\/notre-equipe\/#breadcrumb\",\"itemListElement\":[{\"@type\":\"ListItem\",\"position\":1,\"name\":\"Home\",\"item\":\"https:\/\/staging.schneiderlegal.com\/fr\/\"},{\"@type\":\"ListItem\",\"position\":2,\"name\":\"Notre \u00e9quipe\"}]},{\"@type\":\"WebSite\",\"@id\":\"https:\/\/staging.schneiderlegal.com\/#website\",\"url\":\"https:\/\/staging.schneiderlegal.com\/\",\"name\":\"Schneider Legal\",\"description\":\"Real Estate Lawyer Montreal - Estate Lawyer\",\"potentialAction\":[{\"@type\":\"SearchAction\",\"target\":{\"@type\":\"EntryPoint\",\"urlTemplate\":\"https:\/\/staging.schneiderlegal.com\/?s={search_term_string}\"},\"query-input\":{\"@type\":\"PropertyValueSpecification\",\"valueRequired\":true,\"valueName\":\"search_term_string\"}}],\"inLanguage\":\"fr-FR\"}]}<\/script>\n<!-- \/ Yoast SEO plugin. -->","yoast_head_json":{"title":"Notre \u00e9quipe - Schneider Legal","description":"Rencontrez notre \u00e9quipe d'avocats, d'\u00e9tudiants et d'administration dans cette section du site Web de Schneider Legal.","robots":{"index":"noindex","follow":"follow","max-snippet":"max-snippet:-1","max-image-preview":"max-image-preview:large","max-video-preview":"max-video-preview:-1"},"og_locale":"fr_FR","og_type":"article","og_title":"Notre \u00e9quipe - Schneider Legal","og_description":"Rencontrez notre \u00e9quipe d'avocats, d'\u00e9tudiants et d'administration dans cette section du site Web de Schneider Legal.","og_url":"https:\/\/staging.schneiderlegal.com\/fr\/notre-equipe\/","og_site_name":"Schneider Legal","article_modified_time":"2026-04-07T00:10:00+00:00","twitter_card":"summary_large_image","twitter_misc":{"Est. reading time":"1 minute"},"schema":{"@context":"https:\/\/schema.org","@graph":[{"@type":"WebPage","@id":"https:\/\/staging.schneiderlegal.com\/fr\/notre-equipe\/","url":"https:\/\/staging.schneiderlegal.com\/fr\/notre-equipe\/","name":"Notre \u00e9quipe - Schneider Legal","isPartOf":{"@id":"https:\/\/staging.schneiderlegal.com\/#website"},"datePublished":"2014-09-01T13:33:50+00:00","dateModified":"2026-04-07T00:10:00+00:00","description":"Rencontrez notre \u00e9quipe d'avocats, d'\u00e9tudiants et d'administration dans cette section du site Web de Schneider Legal.","breadcrumb":{"@id":"https:\/\/staging.schneiderlegal.com\/fr\/notre-equipe\/#breadcrumb"},"inLanguage":"fr-FR","potentialAction":[{"@type":"ReadAction","target":["https:\/\/staging.schneiderlegal.com\/fr\/notre-equipe\/"]}]},{"@type":"BreadcrumbList","@id":"https:\/\/staging.schneiderlegal.com\/fr\/notre-equipe\/#breadcrumb","itemListElement":[{"@type":"ListItem","position":1,"name":"Home","item":"https:\/\/staging.schneiderlegal.com\/fr\/"},{"@type":"ListItem","position":2,"name":"Notre \u00e9quipe"}]},{"@type":"WebSite","@id":"https:\/\/staging.schneiderlegal.com\/#website","url":"https:\/\/staging.schneiderlegal.com\/","name":"Schneider Legal","description":"Real Estate Lawyer Montreal - Estate Lawyer","potentialAction":[{"@type":"SearchAction","target":{"@type":"EntryPoint","urlTemplate":"https:\/\/staging.schneiderlegal.com\/?s={search_term_string}"},"query-input":{"@type":"PropertyValueSpecification","valueRequired":true,"valueName":"search_term_string"}}],"inLanguage":"fr-FR"}]}},"_links":{"self":[{"href":"https:\/\/staging.schneiderlegal.com\/fr\/wp-json\/wp\/v2\/pages\/10913","targetHints":{"allow":["GET"]}}],"collection":[{"href":"https:\/\/staging.schneiderlegal.com\/fr\/wp-json\/wp\/v2\/pages"}],"about":[{"href":"https:\/\/staging.schneiderlegal.com\/fr\/wp-json\/wp\/v2\/types\/page"}],"author":[{"embeddable":true,"href":"https:\/\/staging.schneiderlegal.com\/fr\/wp-json\/wp\/v2\/users\/2"}],"replies":[{"embeddable":true,"href":"https:\/\/staging.schneiderlegal.com\/fr\/wp-json\/wp\/v2\/comments?post=10913"}],"version-history":[{"count":38,"href":"https:\/\/staging.schneiderlegal.com\/fr\/wp-json\/wp\/v2\/pages\/10913\/revisions"}],"predecessor-version":[{"id":114991,"href":"https:\/\/staging.schneiderlegal.com\/fr\/wp-json\/wp\/v2\/pages\/10913\/revisions\/114991"}],"wp:attachment":[{"href":"https:\/\/staging.schneiderlegal.com\/fr\/wp-json\/wp\/v2\/media?parent=10913"}],"curies":[{"name":"wp","href":"https:\/\/api.w.org\/{rel}","templated":true}]}}