{"id":10905,"date":"2016-06-21T16:42:51","date_gmt":"2016-06-21T16:42:51","guid":{"rendered":"http:\/\/schneiderlegal.preview.web22.propulsionweb.ca\/fr\/legal-cases\/"},"modified":"2026-02-12T05:27:06","modified_gmt":"2026-02-12T09:27:06","slug":"jurisprudence","status":"publish","type":"page","link":"https:\/\/staging.schneiderlegal.com\/fr\/jurisprudence\/","title":{"rendered":"JURISPRUDENCE"},"content":{"rendered":"[vc_row fullwidth=&nbsp;&raquo;true&nbsp;&raquo; css=&nbsp;&raquo;.vc_custom_1466444759232{border-bottom-width: 2px !important;padding-top: 0px !important;padding-right: 0px !important;padding-bottom: 0px !important;padding-left: 0px !important;border-bottom-color: #568db6 !important;border-bottom-style: solid !important;}&nbsp;&raquo;][vc_column][mk_page_title_box page_title=&nbsp;&raquo;JURISPRUDENCE&nbsp;&raquo; section_height=&nbsp;&raquo;300&Prime; bg_image=&nbsp;&raquo;http:\/\/schneiderlegal.preview.web22.propulsionweb.ca\/wp-content\/uploads\/2015\/12\/photodune-1815044-court-hammer-m-1.jpg&nbsp;&raquo; bg_position=&nbsp;&raquo;center center&nbsp;&raquo; bg_stretch=&nbsp;&raquo;true&nbsp;&raquo; font_size=&nbsp;&raquo;40&Prime; font_color=&nbsp;&raquo;#ffffff&nbsp;&raquo; font_weight=&nbsp;&raquo;bold&nbsp;&raquo; underline=&nbsp;&raquo;false&nbsp;&raquo; sub_font_size=&nbsp;&raquo;20&Prime; sub_font_color=&nbsp;&raquo;#ffffff&nbsp;&raquo; sub_font_weight=&nbsp;&raquo;bold&nbsp;&raquo;][\/vc_column][\/vc_row][vc_row][vc_column][mk_padding_divider size=&nbsp;&raquo;60&Prime; width=&nbsp;&raquo;1\/1&Prime; el_position=&nbsp;&raquo;first last&nbsp;&raquo;][mk_fancy_title color=&nbsp;&raquo;#393836&Prime; size=&nbsp;&raquo;22&Prime; font_weight=&nbsp;&raquo;bold&nbsp;&raquo; txt_transform=&nbsp;&raquo;uppercase&nbsp;&raquo; letter_spacing=&nbsp;&raquo;1&Prime; margin_bottom=&nbsp;&raquo;0&Prime; font_family=&nbsp;&raquo;none&nbsp;&raquo; align=&nbsp;&raquo;center&nbsp;&raquo;]DROIT IMMOBILIER[\/mk_fancy_title][mk_divider style=&nbsp;&raquo;thin_solid&nbsp;&raquo; divider_width=&nbsp;&raquo;custom_width&nbsp;&raquo; custom_width=&nbsp;&raquo;25&Prime; thickness=&nbsp;&raquo;3&Prime;][mk_padding_divider size=&nbsp;&raquo;30&Prime; width=&nbsp;&raquo;1\/1&Prime; el_position=&nbsp;&raquo;first last&nbsp;&raquo;][mk_custom_list title=&nbsp;&raquo;VICES DE CONSTRUCTION ET DE R\u00c9NOVATION&nbsp;&raquo; style=&nbsp;&raquo;f0e3&Prime;]\n<ul>\n<li><a href=\"http:\/\/canlii.ca\/en\/qc\/qccq\/doc\/2011\/2011qccq4879\/2011qccq4879.html\" target=\"_blank\" rel=\"noopener noreferrer\">Lewis c. Groupe Degimi Inc., 2011 QCCQ 4879<\/a><\/li>\n<li><a href=\"https:\/\/staging.schneiderlegal.com\/wp-content\/uploads\/2026\/01\/lucy-grigopoulos-judgment.pdf\">9341-4753 Quebec Inc. c. Lucy (Loukia) Grigoropoulos, 4 Mai 2022, C#:540-17-013 719-199 <\/a><\/li>\n<\/ul>\n[\/mk_custom_list][mk_custom_list title=&nbsp;&raquo;VICE DE CONSENTEMENT EN IMMOBILIER&nbsp;&raquo; style=&nbsp;&raquo;f0e3&Prime;]\n<ul>\n<li><a href=\"http:\/\/canlii.ca\/en\/qc\/qccs\/doc\/2013\/2013qccs1536\/2013qccs1536.html\" target=\"_blank\" rel=\"noopener noreferrer\">Raamco International Properties Canadian Ltd. c. Summitt Energy Management Inc., 2013 QCCS 1536<\/a><\/li>\n<li><a href=\"http:\/\/www.realestatelawyermontreal.com\/raamco.pdf\" target=\"_blank\" rel=\"noopener noreferrer\">Summitt Energy Management Inc. c. Raamco International Properties Canadian Ltd., 2015 QCCA 1111<\/a><\/li>\n<\/ul>\n[\/mk_custom_list][mk_custom_list title=&nbsp;&raquo;GARANTIE PERSONNELLE ET NON-PAIEMENT DE LOYER&nbsp;&raquo; style=&nbsp;&raquo;f0e3&Prime;]\n<ul>\n<li><a href=\"http:\/\/canlii.ca\/fr\/qc\/qccq\/doc\/2013\/2013qccq9724\/2013qccq9724.html\" target=\"_blank\" rel=\"noopener noreferrer\">Immeubles Thimens Corp. c. Rouimi, 2013 QCCQ 9724<\/a><\/li>\n<\/ul>\n[\/mk_custom_list][mk_custom_list title=&nbsp;&raquo;RECOURS HYPOTH\u00c9CAIRE\/HYPOTH\u00c8QUE L\u00c9GALE&nbsp;&raquo; style=&nbsp;&raquo;f0e3&Prime;]\n<ul>\n<li><a href=\"http:\/\/www.realestatelawyermontreal.com\/legalcase.pdf\" target=\"_blank\" rel=\"noopener noreferrer\">Banque Toronto-Dominion c. Lapierre, 2015 QCCS 1014<\/a><\/li>\n<li><a href=\"http:\/\/www.realestatelawyermontreal.com\/appeldeserte.pdf\" target=\"_blank\" rel=\"noopener noreferrer\">Click here to read the appeal<\/a><\/li>\n<\/ul>\n[\/mk_custom_list][mk_custom_list title=&nbsp;&raquo;APPEL D&rsquo;UNE D\u00c9CISION DE LA R\u00c9GIE DU LOGEMENT \u00c0 LA COUR DU QU\u00c9BEC&nbsp;&raquo; style=&nbsp;&raquo;f0e3&Prime;]\n<ul>\n<li><a href=\"https:\/\/staging.schneiderlegal.com\/wp-content\/uploads\/2017\/05\/Document.pdf\" target=\"_blank\" rel=\"noopener noreferrer\">Raamco International Properties Canadian LTD. v. Haycam Borghol and R\u00e9gie du logement<\/a><\/li>\n<\/ul>\n[\/mk_custom_list][mk_custom_list title=&nbsp;&raquo;REPRISE DE LOGEMENT&nbsp;&raquo; style=&nbsp;&raquo;f0e3&Prime;]\n<ul>\n<li><a href=\"https:\/\/staging.schneiderlegal.com\/wp-content\/uploads\/2017\/05\/Frate-c.-Michaud-2017-QCRDL-11854.pdf\" target=\"_blank\" rel=\"noopener noreferrer\">Frate c. Michaud, 2017 QCRDL 11854<\/a><\/li>\n<\/ul>\n[\/mk_custom_list][mk_custom_list title=&nbsp;&raquo;Ordonnance de sauvegarde et non paiement de loyer&nbsp;&raquo; style=&nbsp;&raquo;f0e3&Prime;]\n<ul>\n<li><a href=\"https:\/\/staging.schneiderlegal.com\/wp-content\/uploads\/2018\/05\/500-17-101946-187-Immeuble-Esposito-inc.-c.-2863-4129-Qu\u00e9bec-inc.pdf\">Immeuble Esposito inc. c. 2863-4129 Qu\u00e9bec inc.<\/a><\/li>\n<li><a href=\"https:\/\/staging.schneiderlegal.com\/wp-content\/uploads\/2018\/05\/Investissements-5205-M\u00e9tropolitain-Limit\u00e9e.pdf\">Investissements 5205 M\u00e9tropolitain Limit\u00e9e c. Animal Expert M\u00e9tropolitain inc. et Groupe Animal Expert inc.<\/a><\/li>\n<\/ul>\n[\/mk_custom_list][mk_custom_list title=&nbsp;&raquo;INJONCTION&nbsp;&raquo; style=&nbsp;&raquo;f0e3&Prime;]\n<ul>\n<li><a href=\"https:\/\/staging.schneiderlegal.com\/wp-content\/uploads\/2018\/09\/Esposito-Jugement-6-septembre-2018.pdf\">Immeuble Esposito inc. c. 2863-4129 Qu\u00e9bec inc.<\/a><\/li>\n<\/ul>\n[\/mk_custom_list][mk_custom_list title=&nbsp;&raquo;Annulation D\u2019une Promesse D\u2019achat, Impact D\u2019une Clause P\u00e9nale Et Dommages Moraux&nbsp;&raquo; style=&nbsp;&raquo;mk-icon-gavel&nbsp;&raquo;]\n<ul>\n<li><a href=\"https:\/\/staging.schneiderlegal.com\/wp-content\/uploads\/2026\/01\/yogarajah-menaka-judgment.pdf\">Thiv Kuoch \/ Seam Kich Sir c. Sivatharsini Yogarajah, 12 Janvier 2026, C#: 500-17-122034-229<\/a><\/li>\n<\/ul>\n[\/mk_custom_list][\/vc_column][\/vc_row][vc_row][vc_column][mk_divider style=&nbsp;&raquo;shadow_line&nbsp;&raquo;][mk_padding_divider size=&nbsp;&raquo;60&Prime; width=&nbsp;&raquo;1\/1&Prime; el_position=&nbsp;&raquo;first last&nbsp;&raquo;][mk_fancy_title color=&nbsp;&raquo;#393836&Prime; size=&nbsp;&raquo;22&Prime; font_weight=&nbsp;&raquo;bold&nbsp;&raquo; txt_transform=&nbsp;&raquo;uppercase&nbsp;&raquo; letter_spacing=&nbsp;&raquo;1&Prime; margin_bottom=&nbsp;&raquo;0&Prime; font_family=&nbsp;&raquo;none&nbsp;&raquo; align=&nbsp;&raquo;center&nbsp;&raquo;]DROIT SUCCESSORAL[\/mk_fancy_title][mk_divider style=&nbsp;&raquo;thin_solid&nbsp;&raquo; divider_width=&nbsp;&raquo;custom_width&nbsp;&raquo; custom_width=&nbsp;&raquo;25&Prime; thickness=&nbsp;&raquo;3&Prime;][mk_padding_divider size=&nbsp;&raquo;30&Prime; width=&nbsp;&raquo;1\/1&Prime; el_position=&nbsp;&raquo;first last&nbsp;&raquo;][mk_custom_list title=&nbsp;&raquo;FORMALIT\u00c9S DE LA V\u00c9RIFICATION D\u2019UN TESTAMENT&nbsp;&raquo; style=&nbsp;&raquo;f0e3&Prime;]\n<ul>\n<li><a href=\"https:\/\/www.canlii.org\/fr\/qc\/qccs\/doc\/2014\/2014qccs6244\/2014qccs6244.pdf\" target=\"_blank\" rel=\"noopener noreferrer\">Bank of Nova Scotia Trust Company et Flanagan Smith, 2014 QCCS 6244 (CanLII)<\/a><\/li>\n<\/ul>\n[\/mk_custom_list][mk_custom_list title=&nbsp;&raquo;R\u00c9VOCATION DES LEGS CONSENTIS \u00c0 UN B\u00c9N\u00c9FICIAIRE NON VIS\u00c9 (DIVORCE \u2013 ART. 764 C.c.Q.)&nbsp;&raquo; style=&nbsp;&raquo;f0e3&Prime;]\n<ul>\n<li><a href=\"https:\/\/staging.schneiderlegal.com\/wp-content\/uploads\/2020\/12\/500-17-105272-184-nicole-tremblay-c.-sophia-schellenberg-06-08-2020.pdf\" target=\"_blank\" rel=\"noopener noreferrer\">Succession de Roy, 2020 QCCS 2614 (CanLII)<\/a><\/li>\n<li><a href=\"https:\/\/staging.schneiderlegal.com\/wp-content\/uploads\/2020\/12\/rectifie-500-17-105272-184-nicole-tremblay-c.-sophia-schellenberg.pdf\">Lire la d\u00e9cision rectifi\u00e9e<\/a><\/li>\n<\/ul>\n[\/mk_custom_list][mk_custom_list title=&nbsp;&raquo;REDDITION DE COMPTE, COMMUNICATION DE DOCUMENTS ET LIQUIDATION DE LA SUCCESSION&nbsp;&raquo; style=&nbsp;&raquo;f0e3&Prime;]\n<ul>\n<li><a href=\"https:\/\/staging.schneiderlegal.com\/wp-content\/uploads\/2018\/02\/Gaetano-vs-Gaetano-Transcription-15-janvier-2018.pdf\">Gaetano c. Gaetano, 2018 QCCS 79 (CanLII)<\/a><\/li>\n<li><a href=\"https:\/\/staging.schneiderlegal.com\/wp-content\/uploads\/2018\/02\/Gaetano-vs-Gaetano-Corrected.pdf\">Gaetano c. Gaetano (Jugement corrig\u00e9)<\/a><\/li>\n<\/ul>\n[\/mk_custom_list][mk_custom_list title=&nbsp;&raquo;Manque de prudence et de diligence du liquidateur et confusion des fonds successoraux avec des fonds personnels&nbsp;&raquo; style=&nbsp;&raquo;mk-icon-gavel&nbsp;&raquo;]\n<ul>\n<li><a href=\"https:\/\/staging.schneiderlegal.com\/wp-content\/uploads\/2026\/01\/hurst.pdf\">Hurst c. Hurst, 2025 QCCS 3638 (CanLII)<\/a><\/li>\n<\/ul>\n[\/mk_custom_list][mk_custom_list title=&nbsp;&raquo;Nullit\u00e9 de testament, influence indue en mati\u00e8re testamentaire et prescription de 3 ans&nbsp;&raquo; style=&nbsp;&raquo;mk-icon-gavel&nbsp;&raquo;]\n<ul>\n<li><a href=\"https:\/\/staging.schneiderlegal.com\/wp-content\/uploads\/2026\/01\/norenko.pdf\">Gorbarczyk c. Gorbarczyk, 2023 QCCS 954 (CanLII)<\/a><\/li>\n<\/ul>\n[\/mk_custom_list][\/vc_column][\/vc_row][vc_row][vc_column][mk_divider style=&nbsp;&raquo;shadow_line&nbsp;&raquo;][mk_padding_divider size=&nbsp;&raquo;60&Prime; width=&nbsp;&raquo;1\/1&Prime; el_position=&nbsp;&raquo;first last&nbsp;&raquo;][mk_fancy_title color=&nbsp;&raquo;#393836&Prime; size=&nbsp;&raquo;22&Prime; font_weight=&nbsp;&raquo;bold&nbsp;&raquo; txt_transform=&nbsp;&raquo;uppercase&nbsp;&raquo; letter_spacing=&nbsp;&raquo;1&Prime; margin_bottom=&nbsp;&raquo;0&Prime; font_family=&nbsp;&raquo;none&nbsp;&raquo; align=&nbsp;&raquo;center&nbsp;&raquo;]LITIGE CIVIL ET COMMERCIAL[\/mk_fancy_title][mk_divider style=&nbsp;&raquo;thin_solid&nbsp;&raquo; divider_width=&nbsp;&raquo;custom_width&nbsp;&raquo; custom_width=&nbsp;&raquo;25&Prime; thickness=&nbsp;&raquo;3&Prime;][mk_padding_divider size=&nbsp;&raquo;30&Prime; width=&nbsp;&raquo;1\/1&Prime; el_position=&nbsp;&raquo;first last&nbsp;&raquo;][mk_custom_list title=&nbsp;&raquo;Faillite et recours dans un litige commercial&nbsp;&raquo; style=&nbsp;&raquo;f0e3&Prime;]\n<ul>\n<li><a href=\"http:\/\/www.canlii.org\/fr\/qc\/qcca\/doc\/2014\/2014qcca2359\/2014qcca2359.html\" target=\"_blank\" rel=\"noopener noreferrer\">9185-5908 Qu\u00e9bec inc. (Bio-Dis) c. Conditionnement Bio-Pak inc., 2014 QCCA 2359<\/a><\/li>\n<\/ul>\n[\/mk_custom_list][mk_custom_list title=&nbsp;&raquo;REQU\u00caTE EN REJET&nbsp;&raquo; style=&nbsp;&raquo;f0e3&Prime;]\n<ul>\n<li><a href=\"https:\/\/staging.schneiderlegal.com\/wp-content\/uploads\/2017\/05\/Soci\u00e9t\u00e9-en-Commandite-Du-Moulin-c.-Ami-Electro-Plus-Inc.-et-Wilson-Jean-Jugement-19-05-2017.pdf\" target=\"_blank\" rel=\"noopener noreferrer\">Soci\u00e9t\u00e9 en Commandite Du Moulin c. Ami Electro Plus Inc. et Wilson Jean<\/a><\/li>\n<li><a href=\"https:\/\/staging.schneiderlegal.com\/wp-content\/uploads\/2020\/12\/jugement-du-juge-dufour.pdf\" target=\"_blank\" rel=\"noopener noreferrer\">Chamas c. 9327-0338 Qu\u00e9bec Inc. et al.<\/a><\/li>\n<\/ul>\n[\/mk_custom_list][vc_empty_space][\/vc_column][\/vc_row]\n","protected":false},"excerpt":{"rendered":"<p>[vc_row fullwidth=&nbsp;&raquo;true&nbsp;&raquo; css=&nbsp;&raquo;.vc_custom_1466444759232{border-bottom-width: 2px !important;padding-top: 0px !important;padding-right: 0px !important;padding-bottom: 0px !important;padding-left: 0px !important;border-bottom-color: #568db6 !important;border-bottom-style: solid !important;}&nbsp;&raquo;][vc_column][mk_page_title_box page_title=&nbsp;&raquo;JURISPRUDENCE&nbsp;&raquo; section_height=&nbsp;&raquo;300&Prime; bg_image=&nbsp;&raquo;http:\/\/schneiderlegal.preview.web22.propulsionweb.ca\/wp-content\/uploads\/2015\/12\/photodune-1815044-court-hammer-m-1.jpg&nbsp;&raquo; bg_position=&nbsp;&raquo;center center&nbsp;&raquo; bg_stretch=&nbsp;&raquo;true&nbsp;&raquo; font_size=&nbsp;&raquo;40&Prime; font_color=&nbsp;&raquo;#ffffff&nbsp;&raquo; font_weight=&nbsp;&raquo;bold&nbsp;&raquo; underline=&nbsp;&raquo;false&nbsp;&raquo; sub_font_size=&nbsp;&raquo;20&Prime; sub_font_color=&nbsp;&raquo;#ffffff&nbsp;&raquo; sub_font_weight=&nbsp;&raquo;bold&nbsp;&raquo;][\/vc_column][\/vc_row][vc_row][vc_column][mk_padding_divider size=&nbsp;&raquo;60&Prime; width=&nbsp;&raquo;1\/1&Prime; el_position=&nbsp;&raquo;first last&nbsp;&raquo;][mk_fancy_title color=&nbsp;&raquo;#393836&Prime; size=&nbsp;&raquo;22&Prime; font_weight=&nbsp;&raquo;bold&nbsp;&raquo; txt_transform=&nbsp;&raquo;uppercase&nbsp;&raquo; letter_spacing=&nbsp;&raquo;1&Prime; margin_bottom=&nbsp;&raquo;0&Prime; font_family=&nbsp;&raquo;none&nbsp;&raquo; align=&nbsp;&raquo;center&nbsp;&raquo;]DROIT IMMOBILIER[\/mk_fancy_title][mk_divider style=&nbsp;&raquo;thin_solid&nbsp;&raquo; divider_width=&nbsp;&raquo;custom_width&nbsp;&raquo; custom_width=&nbsp;&raquo;25&Prime; thickness=&nbsp;&raquo;3&Prime;][mk_padding_divider size=&nbsp;&raquo;30&Prime; width=&nbsp;&raquo;1\/1&Prime; el_position=&nbsp;&raquo;first last&nbsp;&raquo;][mk_custom_list title=&nbsp;&raquo;VICES DE CONSTRUCTION ET [&hellip;]<\/p>\n","protected":false},"author":2,"featured_media":0,"parent":0,"menu_order":0,"comment_status":"open","ping_status":"open","template":"","meta":{"footnotes":""},"class_list":["post-10905","page","type-page","status-publish","hentry"],"yoast_head":"<!-- This site is optimized with the Yoast SEO plugin v27.0 - https:\/\/yoast.com\/product\/yoast-seo-wordpress\/ -->\n<title>Jurisprudence - Schneider Legal - Avocats Montr\u00e9al<\/title>\n<meta name=\"description\" content=\"Dans cette section se trouvent des cas dans lesquels notre firme a travaill\u00e9.\" \/>\n<meta name=\"robots\" content=\"noindex, follow, max-snippet:-1, max-image-preview:large, max-video-preview:-1\" \/>\n<meta property=\"og:locale\" content=\"fr_FR\" \/>\n<meta property=\"og:type\" content=\"article\" \/>\n<meta property=\"og:title\" content=\"Jurisprudence - Schneider Legal - Avocats Montr\u00e9al\" \/>\n<meta property=\"og:description\" content=\"Dans cette section se trouvent des cas dans lesquels notre firme a travaill\u00e9.\" \/>\n<meta property=\"og:url\" content=\"https:\/\/staging.schneiderlegal.com\/legal-cases\/\" \/>\n<meta property=\"og:site_name\" content=\"Schneider Legal\" \/>\n<meta property=\"article:modified_time\" content=\"2026-02-12T09:27:06+00:00\" \/>\n<meta name=\"twitter:card\" content=\"summary_large_image\" \/>\n<meta name=\"twitter:label1\" content=\"Est. reading time\" \/>\n\t<meta name=\"twitter:data1\" content=\"4 minutes\" \/>\n<script type=\"application\/ld+json\" class=\"yoast-schema-graph\">{\"@context\":\"https:\/\/schema.org\",\"@graph\":[{\"@type\":\"WebPage\",\"@id\":\"https:\/\/staging.schneiderlegal.com\/legal-cases\/\",\"url\":\"https:\/\/staging.schneiderlegal.com\/legal-cases\/\",\"name\":\"Jurisprudence - Schneider Legal - Avocats Montr\u00e9al\",\"isPartOf\":{\"@id\":\"https:\/\/staging.schneiderlegal.com\/#website\"},\"datePublished\":\"2016-06-21T16:42:51+00:00\",\"dateModified\":\"2026-02-12T09:27:06+00:00\",\"description\":\"Dans cette section se trouvent des cas dans lesquels notre firme a travaill\u00e9.\",\"breadcrumb\":{\"@id\":\"https:\/\/staging.schneiderlegal.com\/legal-cases\/#breadcrumb\"},\"inLanguage\":\"fr-FR\",\"potentialAction\":[{\"@type\":\"ReadAction\",\"target\":[\"https:\/\/staging.schneiderlegal.com\/legal-cases\/\"]}]},{\"@type\":\"BreadcrumbList\",\"@id\":\"https:\/\/staging.schneiderlegal.com\/legal-cases\/#breadcrumb\",\"itemListElement\":[{\"@type\":\"ListItem\",\"position\":1,\"name\":\"Home\",\"item\":\"https:\/\/staging.schneiderlegal.com\/fr\/\"},{\"@type\":\"ListItem\",\"position\":2,\"name\":\"JURISPRUDENCE\"}]},{\"@type\":\"WebSite\",\"@id\":\"https:\/\/staging.schneiderlegal.com\/#website\",\"url\":\"https:\/\/staging.schneiderlegal.com\/\",\"name\":\"Schneider Legal\",\"description\":\"Real Estate Lawyer Montreal - Estate Lawyer\",\"potentialAction\":[{\"@type\":\"SearchAction\",\"target\":{\"@type\":\"EntryPoint\",\"urlTemplate\":\"https:\/\/staging.schneiderlegal.com\/?s={search_term_string}\"},\"query-input\":{\"@type\":\"PropertyValueSpecification\",\"valueRequired\":true,\"valueName\":\"search_term_string\"}}],\"inLanguage\":\"fr-FR\"}]}<\/script>\n<!-- \/ Yoast SEO plugin. -->","yoast_head_json":{"title":"Jurisprudence - Schneider Legal - Avocats Montr\u00e9al","description":"Dans cette section se trouvent des cas dans lesquels notre firme a travaill\u00e9.","robots":{"index":"noindex","follow":"follow","max-snippet":"max-snippet:-1","max-image-preview":"max-image-preview:large","max-video-preview":"max-video-preview:-1"},"og_locale":"fr_FR","og_type":"article","og_title":"Jurisprudence - Schneider Legal - Avocats Montr\u00e9al","og_description":"Dans cette section se trouvent des cas dans lesquels notre firme a travaill\u00e9.","og_url":"https:\/\/staging.schneiderlegal.com\/legal-cases\/","og_site_name":"Schneider Legal","article_modified_time":"2026-02-12T09:27:06+00:00","twitter_card":"summary_large_image","twitter_misc":{"Est. reading time":"4 minutes"},"schema":{"@context":"https:\/\/schema.org","@graph":[{"@type":"WebPage","@id":"https:\/\/staging.schneiderlegal.com\/legal-cases\/","url":"https:\/\/staging.schneiderlegal.com\/legal-cases\/","name":"Jurisprudence - Schneider Legal - Avocats Montr\u00e9al","isPartOf":{"@id":"https:\/\/staging.schneiderlegal.com\/#website"},"datePublished":"2016-06-21T16:42:51+00:00","dateModified":"2026-02-12T09:27:06+00:00","description":"Dans cette section se trouvent des cas dans lesquels notre firme a travaill\u00e9.","breadcrumb":{"@id":"https:\/\/staging.schneiderlegal.com\/legal-cases\/#breadcrumb"},"inLanguage":"fr-FR","potentialAction":[{"@type":"ReadAction","target":["https:\/\/staging.schneiderlegal.com\/legal-cases\/"]}]},{"@type":"BreadcrumbList","@id":"https:\/\/staging.schneiderlegal.com\/legal-cases\/#breadcrumb","itemListElement":[{"@type":"ListItem","position":1,"name":"Home","item":"https:\/\/staging.schneiderlegal.com\/fr\/"},{"@type":"ListItem","position":2,"name":"JURISPRUDENCE"}]},{"@type":"WebSite","@id":"https:\/\/staging.schneiderlegal.com\/#website","url":"https:\/\/staging.schneiderlegal.com\/","name":"Schneider Legal","description":"Real Estate Lawyer Montreal - Estate Lawyer","potentialAction":[{"@type":"SearchAction","target":{"@type":"EntryPoint","urlTemplate":"https:\/\/staging.schneiderlegal.com\/?s={search_term_string}"},"query-input":{"@type":"PropertyValueSpecification","valueRequired":true,"valueName":"search_term_string"}}],"inLanguage":"fr-FR"}]}},"_links":{"self":[{"href":"https:\/\/staging.schneiderlegal.com\/fr\/wp-json\/wp\/v2\/pages\/10905","targetHints":{"allow":["GET"]}}],"collection":[{"href":"https:\/\/staging.schneiderlegal.com\/fr\/wp-json\/wp\/v2\/pages"}],"about":[{"href":"https:\/\/staging.schneiderlegal.com\/fr\/wp-json\/wp\/v2\/types\/page"}],"author":[{"embeddable":true,"href":"https:\/\/staging.schneiderlegal.com\/fr\/wp-json\/wp\/v2\/users\/2"}],"replies":[{"embeddable":true,"href":"https:\/\/staging.schneiderlegal.com\/fr\/wp-json\/wp\/v2\/comments?post=10905"}],"version-history":[{"count":41,"href":"https:\/\/staging.schneiderlegal.com\/fr\/wp-json\/wp\/v2\/pages\/10905\/revisions"}],"predecessor-version":[{"id":102040,"href":"https:\/\/staging.schneiderlegal.com\/fr\/wp-json\/wp\/v2\/pages\/10905\/revisions\/102040"}],"wp:attachment":[{"href":"https:\/\/staging.schneiderlegal.com\/fr\/wp-json\/wp\/v2\/media?parent=10905"}],"curies":[{"name":"wp","href":"https:\/\/api.w.org\/{rel}","templated":true}]}}