{"id":10901,"date":"2016-06-21T18:14:03","date_gmt":"2016-06-21T18:14:03","guid":{"rendered":"http:\/\/schneiderlegal.preview.web22.propulsionweb.ca\/fr\/real-estate-law\/"},"modified":"2018-07-19T09:29:19","modified_gmt":"2018-07-19T13:29:19","slug":"droit-immobilier","status":"publish","type":"page","link":"https:\/\/staging.schneiderlegal.com\/fr\/droit-immobilier\/","title":{"rendered":"DROIT IMMOBILIER"},"content":{"rendered":"[vc_row fullwidth=&nbsp;&raquo;true&nbsp;&raquo; css=&nbsp;&raquo;.vc_custom_1466444759232{border-bottom-width: 2px !important;padding-top: 0px !important;padding-right: 0px !important;padding-bottom: 0px !important;padding-left: 0px !important;border-bottom-color: #568db6 !important;border-bottom-style: solid !important;}&nbsp;&raquo;][vc_column][mk_page_title_box page_title=&nbsp;&raquo;DROIT IMMOBILIER&nbsp;&raquo; section_height=&nbsp;&raquo;300&Prime; bg_image=&nbsp;&raquo;http:\/\/schneiderlegal.preview.web22.propulsionweb.ca\/wp-content\/uploads\/2014\/09\/photodune-4355836-montreal-sunrise-l-1.jpg&nbsp;&raquo; bg_position=&nbsp;&raquo;center center&nbsp;&raquo; bg_stretch=&nbsp;&raquo;true&nbsp;&raquo; overlay=&nbsp;&raquo;rgba(0,0,0,0.19)&nbsp;&raquo; font_size=&nbsp;&raquo;40&Prime; font_color=&nbsp;&raquo;#ffffff&nbsp;&raquo; font_weight=&nbsp;&raquo;bold&nbsp;&raquo; underline=&nbsp;&raquo;false&nbsp;&raquo; sub_font_size=&nbsp;&raquo;20&Prime; sub_font_color=&nbsp;&raquo;#ffffff&nbsp;&raquo; sub_font_weight=&nbsp;&raquo;bold&nbsp;&raquo; el_class=&nbsp;&raquo;titleshadow&nbsp;&raquo;][\/vc_column][\/vc_row][vc_row][vc_column][mk_padding_divider size=&nbsp;&raquo;75&Prime;][vc_column_text]\n<p style=\"text-align: justify;\">Schneider Avocats est un cabinet d\u2019avocats en mesure d\u2019offrir \u00e0 ses clients une gamme compl\u00e8te de services juridiques et d\u2019apporter des solutions pratiques et cr\u00e9atives pouvant r\u00e9pondre \u00e0 tous leurs besoins relatifs au droit immobilier.<\/p>\n<p style=\"text-align: justify;\">Dans le cadre de notre pratique, nous sommes constamment mandat\u00e9s pour r\u00e9gler des questions touchant le domaine immobilier, tant en r\u00e9sidentiel qu\u2019en commercial, et sommes reconnus notamment pour notre exp\u00e9rience en litige en lien avec les baux r\u00e9sidentiels et commerciaux, les vices cach\u00e9s, le courtage immobilier et les questions aff\u00e9rentes aux hypoth\u00e8ques l\u00e9gales.<\/p>\n<p style=\"text-align: justify;\">Pour en savoir plus sur le vaste \u00e9ventail de services juridiques que nous offrons, nous vous invitons \u00e0 cliquer sur les hyperliens suivants en fonction de vos besoins.<\/p>\n[\/vc_column_text][mk_button dimension=&nbsp;&raquo;outline&nbsp;&raquo; size=&nbsp;&raquo;large&nbsp;&raquo; url=&nbsp;&raquo;\/fr\/dans-les-medias\/&nbsp;&raquo; align=&nbsp;&raquo;center&nbsp;&raquo; fullwidth=&nbsp;&raquo;true&nbsp;&raquo;]SCHNEIDER AVOCATS DANS LES M\u00c9DIAS[\/mk_button][mk_divider style=&nbsp;&raquo;shadow_line&nbsp;&raquo; margin_bottom=&nbsp;&raquo;50&Prime;][mk_padding_divider size=&nbsp;&raquo;0&Prime;][\/vc_column][\/vc_row][vc_row][vc_column][mk_fancy_title color=&nbsp;&raquo;#393836&Prime; size=&nbsp;&raquo;22&Prime; font_weight=&nbsp;&raquo;bold&nbsp;&raquo; txt_transform=&nbsp;&raquo;uppercase&nbsp;&raquo; letter_spacing=&nbsp;&raquo;1&Prime; margin_bottom=&nbsp;&raquo;0&Prime; font_family=&nbsp;&raquo;none&nbsp;&raquo; align=&nbsp;&raquo;center&nbsp;&raquo;]D\u00e9couvrez notre\u00a0cabinet\u00a0dans les vid\u00e9os ci-dessous[\/mk_fancy_title][mk_divider style=&nbsp;&raquo;thin_solid&nbsp;&raquo; divider_width=&nbsp;&raquo;custom_width&nbsp;&raquo; custom_width=&nbsp;&raquo;25&Prime; thickness=&nbsp;&raquo;3&Prime;][mk_padding_divider size=&nbsp;&raquo;25&Prime;][mk_theatre_slider max_width=&nbsp;&raquo;1000&Prime; host=&nbsp;&raquo;social_hosted&nbsp;&raquo; stream_video_id=&nbsp;&raquo;FTKqWp22RvU&nbsp;&raquo; align=&nbsp;&raquo;center&nbsp;&raquo;][mk_padding_divider size=&nbsp;&raquo;25&Prime;][vc_row_inner][vc_column_inner width=&nbsp;&raquo;1\/2&Prime;][mk_padding_divider size=&nbsp;&raquo;25&Prime;][vc_column_text align=&nbsp;&raquo;center&nbsp;&raquo;]<strong>Community rallies behind Vaudreuil senior facing eviction (anglais seulement)<\/strong>[\/vc_column_text][vc_raw_html]JTNDY2VudGVyJTNFJTNDaWZyYW1lJTIwc3JjJTNEJTIyaHR0cHMlM0ElMkYlMkZnbG9iYWxuZXdzLmNhJTJGdmlkZW8lMkZlbWJlZCUyRjI3MTI0MzclMkYlMjIlMjB3aWR0aCUzRCUyMjM3NSUyMiUyMGhlaWdodCUzRCUyMjIwOCUyMiUyMGZyYW1lYm9yZGVyJTNEJTIyMCUyMiUyMGFsbG93ZnVsbHNjcmVlbiUyMHNjcm9sbGluZyUzRCUyMm5vJTIyJTNFJTNDJTJGaWZyYW1lJTNFJTNDJTJGY2VudGVyJTNF[\/vc_raw_html][vc_column_text align=&nbsp;&raquo;center&nbsp;&raquo;]<a href=\"https:\/\/globalnews.ca\/news\/2712177\/community-rallies-behind-vaudreuil-senior-facing-eviction\/\" target=\"_blank\" rel=\"noopener noreferrer\">Voir sur le site de Global News<\/a>[\/vc_column_text][\/vc_column_inner][vc_column_inner width=&nbsp;&raquo;1\/2&Prime;][mk_padding_divider size=&nbsp;&raquo;25&Prime;][vc_column_text align=&nbsp;&raquo;center&nbsp;&raquo;]<strong>The Little Red Playhouse pre-school saved for another year\u00a0(anglais seulement)<\/strong>[\/vc_column_text][vc_raw_html]JTNDY2VudGVyJTNFJTNDaWZyYW1lJTIwc3JjJTNEJTIyaHR0cHMlM0ElMkYlMkZnbG9iYWxuZXdzLmNhJTJGdmlkZW8lMkZlbWJlZCUyRjI1Mzg3MDIlMkYlMjIlMjB3aWR0aCUzRCUyMjM3NSUyMiUyMGhlaWdodCUzRCUyMjIwOCUyMiUyMGZyYW1lYm9yZGVyJTNEJTIyMCUyMiUyMGFsbG93ZnVsbHNjcmVlbiUyMHNjcm9sbGluZyUzRCUyMm5vJTIyJTNFJTNDJTJGaWZyYW1lJTNFJTNDJTJGY2VudGVyJTNF[\/vc_raw_html][vc_column_text align=&nbsp;&raquo;center&nbsp;&raquo;]<a href=\"https:\/\/globalnews.ca\/news\/2539044\/the-little-red-playhouse-preschool-saved-for-another-year\/\" target=\"_blank\" rel=\"noopener noreferrer\">Voir sur le site de Global News<\/a>[\/vc_column_text][\/vc_column_inner][\/vc_row_inner][mk_divider style=&nbsp;&raquo;shadow_line&nbsp;&raquo;][\/vc_column][\/vc_row][vc_row][vc_column][mk_padding_divider size=&nbsp;&raquo;30&Prime;][mk_fancy_title color=&nbsp;&raquo;#393836&Prime; size=&nbsp;&raquo;22&Prime; font_weight=&nbsp;&raquo;bold&nbsp;&raquo; txt_transform=&nbsp;&raquo;uppercase&nbsp;&raquo; letter_spacing=&nbsp;&raquo;1&Prime; margin_bottom=&nbsp;&raquo;0&Prime; font_family=&nbsp;&raquo;none&nbsp;&raquo; align=&nbsp;&raquo;center&nbsp;&raquo;]NOS SERVICES EN DROIT IMMOBILIER[\/mk_fancy_title][mk_divider style=&nbsp;&raquo;thin_solid&nbsp;&raquo; divider_width=&nbsp;&raquo;custom_width&nbsp;&raquo; custom_width=&nbsp;&raquo;25&Prime; thickness=&nbsp;&raquo;3&Prime;][\/vc_column][\/vc_row][vc_row el_class=&nbsp;&raquo;buttonheight&nbsp;&raquo;][vc_column][mk_padding_divider size=&nbsp;&raquo;25&Prime;][vc_row_inner][vc_column_inner width=&nbsp;&raquo;1\/3&Prime;][mk_button dimension=&nbsp;&raquo;outline&nbsp;&raquo; size=&nbsp;&raquo;large&nbsp;&raquo; url=&nbsp;&raquo;\/fr\/qu-est-ce-qu-un-vice-cache\/&nbsp;&raquo; align=&nbsp;&raquo;center&nbsp;&raquo;]PROBL\u00c8MES DE VICES CACH\u00c9S[\/mk_button][\/vc_column_inner][vc_column_inner width=&nbsp;&raquo;1\/3&Prime;][mk_button dimension=&nbsp;&raquo;outline&nbsp;&raquo; size=&nbsp;&raquo;large&nbsp;&raquo; url=&nbsp;&raquo;\/fr\/litiges-relatifs-a-l-immobilier-commercial\/&nbsp;&raquo; align=&nbsp;&raquo;center&nbsp;&raquo;]LITIGES COMMERCIAUX[\/mk_button][\/vc_column_inner][vc_column_inner width=&nbsp;&raquo;1\/3&Prime;][mk_button dimension=&nbsp;&raquo;outline&nbsp;&raquo; size=&nbsp;&raquo;large&nbsp;&raquo; url=&nbsp;&raquo;\/fr\/litiges-residentiels\/&nbsp;&raquo; align=&nbsp;&raquo;center&nbsp;&raquo;]LITIGES R\u00c9SIDENTIELS[\/mk_button][\/vc_column_inner][\/vc_row_inner][mk_padding_divider size=&nbsp;&raquo;50&Prime;][vc_row_inner][vc_column_inner width=&nbsp;&raquo;1\/3&Prime;][mk_button dimension=&nbsp;&raquo;outline&nbsp;&raquo; size=&nbsp;&raquo;large&nbsp;&raquo; url=&nbsp;&raquo;\/fr\/retribution-courtier-immobilier\/&nbsp;&raquo; align=&nbsp;&raquo;center&nbsp;&raquo;]COURTIERS IMMOBILIERS[\/mk_button][\/vc_column_inner][vc_column_inner width=&nbsp;&raquo;1\/3&Prime;][mk_button dimension=&nbsp;&raquo;outline&nbsp;&raquo; size=&nbsp;&raquo;large&nbsp;&raquo; url=&nbsp;&raquo;\/fr\/contrats-commerciaux-en-immobilier\/&nbsp;&raquo; align=&nbsp;&raquo;center&nbsp;&raquo;]CONTRATS COMMERCIAUX[\/mk_button][\/vc_column_inner][vc_column_inner width=&nbsp;&raquo;1\/3&Prime;][mk_button dimension=&nbsp;&raquo;outline&nbsp;&raquo; size=&nbsp;&raquo;large&nbsp;&raquo; url=&nbsp;&raquo;\/fr\/hypotheque-of-construction\/&nbsp;&raquo; align=&nbsp;&raquo;center&nbsp;&raquo;]HYPOTH\u00c8QUE L\u00c9GALE[\/mk_button][\/vc_column_inner][\/vc_row_inner][mk_padding_divider size=&nbsp;&raquo;50&Prime;][vc_row_inner][vc_column_inner width=&nbsp;&raquo;1\/3&Prime;][mk_button dimension=&nbsp;&raquo;outline&nbsp;&raquo; size=&nbsp;&raquo;large&nbsp;&raquo; url=&nbsp;&raquo;\/fr\/expropriation\/&nbsp;&raquo; align=&nbsp;&raquo;center&nbsp;&raquo;]PROBL\u00c8MES D&rsquo;EXPROPRIATION[\/mk_button][\/vc_column_inner][vc_column_inner width=&nbsp;&raquo;1\/3&Prime;][\/vc_column_inner][vc_column_inner width=&nbsp;&raquo;1\/3&Prime;][\/vc_column_inner][\/vc_row_inner][mk_padding_divider size=&nbsp;&raquo;50&Prime;][vc_column_text]\n<p style=\"text-align: center;\"><a href=\"http:\/\/globalnews.ca\/tag\/sylvan-schneider\/\" target=\"_blank\" rel=\"noopener noreferrer\">Cliquez ici pour consulter des articles de Global News mettant en vedette Sylvan Schneider (en anglais uniquement).\u00a0<\/a><\/p>\n[\/vc_column_text][mk_divider style=&nbsp;&raquo;shadow_line&nbsp;&raquo;][mk_padding_divider][mk_fancy_title color=&nbsp;&raquo;#393836&Prime; size=&nbsp;&raquo;22&Prime; font_weight=&nbsp;&raquo;bold&nbsp;&raquo; txt_transform=&nbsp;&raquo;uppercase&nbsp;&raquo; letter_spacing=&nbsp;&raquo;1&Prime; margin_bottom=&nbsp;&raquo;0&Prime; font_family=&nbsp;&raquo;none&nbsp;&raquo; align=&nbsp;&raquo;center&nbsp;&raquo;]ARTICLES DE BLOGUE DE DROIT IMMOBILIER[\/mk_fancy_title][mk_divider style=&nbsp;&raquo;thin_solid&nbsp;&raquo; divider_width=&nbsp;&raquo;custom_width&nbsp;&raquo; custom_width=&nbsp;&raquo;25&Prime; thickness=&nbsp;&raquo;3&Prime;][mk_padding_divider][mk_blog style=&nbsp;&raquo;grid&nbsp;&raquo; grid_image_height=&nbsp;&raquo;300&Prime; post_count=&nbsp;&raquo;3&Prime; excerpt_length=&nbsp;&raquo;0&Prime; count=&nbsp;&raquo;12&Prime; disable_lightbox=&nbsp;&raquo;true&nbsp;&raquo; featured_post_align=&nbsp;&raquo;left&nbsp;&raquo; item_id=&nbsp;&raquo;1409322181-54008cc5805de&nbsp;&raquo; cat=&nbsp;&raquo;61&Prime;][mk_padding_divider][\/vc_column][\/vc_row]\n","protected":false},"excerpt":{"rendered":"<p>[vc_row fullwidth=&nbsp;&raquo;true&nbsp;&raquo; css=&nbsp;&raquo;.vc_custom_1466444759232{border-bottom-width: 2px !important;padding-top: 0px !important;padding-right: 0px !important;padding-bottom: 0px !important;padding-left: 0px !important;border-bottom-color: #568db6 !important;border-bottom-style: solid !important;}&nbsp;&raquo;][vc_column][mk_page_title_box page_title=&nbsp;&raquo;DROIT IMMOBILIER&nbsp;&raquo; section_height=&nbsp;&raquo;300&Prime; bg_image=&nbsp;&raquo;http:\/\/schneiderlegal.preview.web22.propulsionweb.ca\/wp-content\/uploads\/2014\/09\/photodune-4355836-montreal-sunrise-l-1.jpg&nbsp;&raquo; bg_position=&nbsp;&raquo;center center&nbsp;&raquo; bg_stretch=&nbsp;&raquo;true&nbsp;&raquo; overlay=&nbsp;&raquo;rgba(0,0,0,0.19)&nbsp;&raquo; font_size=&nbsp;&raquo;40&Prime; font_color=&nbsp;&raquo;#ffffff&nbsp;&raquo; font_weight=&nbsp;&raquo;bold&nbsp;&raquo; underline=&nbsp;&raquo;false&nbsp;&raquo; sub_font_size=&nbsp;&raquo;20&Prime; sub_font_color=&nbsp;&raquo;#ffffff&nbsp;&raquo; sub_font_weight=&nbsp;&raquo;bold&nbsp;&raquo; el_class=&nbsp;&raquo;titleshadow&nbsp;&raquo;][\/vc_column][\/vc_row][vc_row][vc_column][mk_padding_divider size=&nbsp;&raquo;75&Prime;][vc_column_text] Schneider Avocats est un cabinet d\u2019avocats en mesure d\u2019offrir \u00e0 ses clients une gamme compl\u00e8te de services juridiques et d\u2019apporter des [&hellip;]<\/p>\n","protected":false},"author":2,"featured_media":0,"parent":0,"menu_order":0,"comment_status":"open","ping_status":"open","template":"","meta":{"footnotes":""},"class_list":["post-10901","page","type-page","status-publish","hentry"],"yoast_head":"<!-- This site is optimized with the Yoast SEO plugin v27.0 - https:\/\/yoast.com\/product\/yoast-seo-wordpress\/ -->\n<title>Droit immobilier - Schneider Legal - Avocats immobilier \u00e0 Montr\u00e9al<\/title>\n<meta name=\"description\" content=\"Schneider Avocats est un cabinet d\u2019avocats en mesure d\u2019offrir \u00e0 ses clients une gamme compl\u00e8te de services juridiques en droit immobilier \u00e0 Montr\u00e9al.\" \/>\n<meta name=\"robots\" content=\"noindex, follow, max-snippet:-1, max-image-preview:large, max-video-preview:-1\" \/>\n<meta property=\"og:locale\" content=\"fr_FR\" \/>\n<meta property=\"og:type\" content=\"article\" \/>\n<meta property=\"og:title\" content=\"Droit immobilier - Schneider Legal - Avocats immobilier \u00e0 Montr\u00e9al\" \/>\n<meta property=\"og:description\" content=\"Schneider Avocats est un cabinet d\u2019avocats en mesure d\u2019offrir \u00e0 ses clients une gamme compl\u00e8te de services juridiques en droit immobilier \u00e0 Montr\u00e9al.\" \/>\n<meta property=\"og:url\" content=\"https:\/\/staging.schneiderlegal.com\/real-estate-law\/\" \/>\n<meta property=\"og:site_name\" content=\"Schneider Legal\" \/>\n<meta property=\"article:modified_time\" content=\"2018-07-19T13:29:19+00:00\" \/>\n<meta name=\"twitter:card\" content=\"summary_large_image\" \/>\n<meta name=\"twitter:label1\" content=\"Est. reading time\" \/>\n\t<meta name=\"twitter:data1\" content=\"4 minutes\" \/>\n<script type=\"application\/ld+json\" class=\"yoast-schema-graph\">{\"@context\":\"https:\/\/schema.org\",\"@graph\":[{\"@type\":\"WebPage\",\"@id\":\"https:\/\/staging.schneiderlegal.com\/real-estate-law\/\",\"url\":\"https:\/\/staging.schneiderlegal.com\/real-estate-law\/\",\"name\":\"Droit immobilier - Schneider Legal - Avocats immobilier \u00e0 Montr\u00e9al\",\"isPartOf\":{\"@id\":\"https:\/\/staging.schneiderlegal.com\/#website\"},\"datePublished\":\"2016-06-21T18:14:03+00:00\",\"dateModified\":\"2018-07-19T13:29:19+00:00\",\"description\":\"Schneider Avocats est un cabinet d\u2019avocats en mesure d\u2019offrir \u00e0 ses clients une gamme compl\u00e8te de services juridiques en droit immobilier \u00e0 Montr\u00e9al.\",\"breadcrumb\":{\"@id\":\"https:\/\/staging.schneiderlegal.com\/real-estate-law\/#breadcrumb\"},\"inLanguage\":\"fr-FR\",\"potentialAction\":[{\"@type\":\"ReadAction\",\"target\":[\"https:\/\/staging.schneiderlegal.com\/real-estate-law\/\"]}]},{\"@type\":\"BreadcrumbList\",\"@id\":\"https:\/\/staging.schneiderlegal.com\/real-estate-law\/#breadcrumb\",\"itemListElement\":[{\"@type\":\"ListItem\",\"position\":1,\"name\":\"Home\",\"item\":\"https:\/\/staging.schneiderlegal.com\/fr\/\"},{\"@type\":\"ListItem\",\"position\":2,\"name\":\"DROIT IMMOBILIER\"}]},{\"@type\":\"WebSite\",\"@id\":\"https:\/\/staging.schneiderlegal.com\/#website\",\"url\":\"https:\/\/staging.schneiderlegal.com\/\",\"name\":\"Schneider Legal\",\"description\":\"Real Estate Lawyer Montreal - Estate Lawyer\",\"potentialAction\":[{\"@type\":\"SearchAction\",\"target\":{\"@type\":\"EntryPoint\",\"urlTemplate\":\"https:\/\/staging.schneiderlegal.com\/?s={search_term_string}\"},\"query-input\":{\"@type\":\"PropertyValueSpecification\",\"valueRequired\":true,\"valueName\":\"search_term_string\"}}],\"inLanguage\":\"fr-FR\"}]}<\/script>\n<!-- \/ Yoast SEO plugin. -->","yoast_head_json":{"title":"Droit immobilier - Schneider Legal - Avocats immobilier \u00e0 Montr\u00e9al","description":"Schneider Avocats est un cabinet d\u2019avocats en mesure d\u2019offrir \u00e0 ses clients une gamme compl\u00e8te de services juridiques en droit immobilier \u00e0 Montr\u00e9al.","robots":{"index":"noindex","follow":"follow","max-snippet":"max-snippet:-1","max-image-preview":"max-image-preview:large","max-video-preview":"max-video-preview:-1"},"og_locale":"fr_FR","og_type":"article","og_title":"Droit immobilier - Schneider Legal - Avocats immobilier \u00e0 Montr\u00e9al","og_description":"Schneider Avocats est un cabinet d\u2019avocats en mesure d\u2019offrir \u00e0 ses clients une gamme compl\u00e8te de services juridiques en droit immobilier \u00e0 Montr\u00e9al.","og_url":"https:\/\/staging.schneiderlegal.com\/real-estate-law\/","og_site_name":"Schneider Legal","article_modified_time":"2018-07-19T13:29:19+00:00","twitter_card":"summary_large_image","twitter_misc":{"Est. reading time":"4 minutes"},"schema":{"@context":"https:\/\/schema.org","@graph":[{"@type":"WebPage","@id":"https:\/\/staging.schneiderlegal.com\/real-estate-law\/","url":"https:\/\/staging.schneiderlegal.com\/real-estate-law\/","name":"Droit immobilier - Schneider Legal - Avocats immobilier \u00e0 Montr\u00e9al","isPartOf":{"@id":"https:\/\/staging.schneiderlegal.com\/#website"},"datePublished":"2016-06-21T18:14:03+00:00","dateModified":"2018-07-19T13:29:19+00:00","description":"Schneider Avocats est un cabinet d\u2019avocats en mesure d\u2019offrir \u00e0 ses clients une gamme compl\u00e8te de services juridiques en droit immobilier \u00e0 Montr\u00e9al.","breadcrumb":{"@id":"https:\/\/staging.schneiderlegal.com\/real-estate-law\/#breadcrumb"},"inLanguage":"fr-FR","potentialAction":[{"@type":"ReadAction","target":["https:\/\/staging.schneiderlegal.com\/real-estate-law\/"]}]},{"@type":"BreadcrumbList","@id":"https:\/\/staging.schneiderlegal.com\/real-estate-law\/#breadcrumb","itemListElement":[{"@type":"ListItem","position":1,"name":"Home","item":"https:\/\/staging.schneiderlegal.com\/fr\/"},{"@type":"ListItem","position":2,"name":"DROIT IMMOBILIER"}]},{"@type":"WebSite","@id":"https:\/\/staging.schneiderlegal.com\/#website","url":"https:\/\/staging.schneiderlegal.com\/","name":"Schneider Legal","description":"Real Estate Lawyer Montreal - Estate Lawyer","potentialAction":[{"@type":"SearchAction","target":{"@type":"EntryPoint","urlTemplate":"https:\/\/staging.schneiderlegal.com\/?s={search_term_string}"},"query-input":{"@type":"PropertyValueSpecification","valueRequired":true,"valueName":"search_term_string"}}],"inLanguage":"fr-FR"}]}},"_links":{"self":[{"href":"https:\/\/staging.schneiderlegal.com\/fr\/wp-json\/wp\/v2\/pages\/10901","targetHints":{"allow":["GET"]}}],"collection":[{"href":"https:\/\/staging.schneiderlegal.com\/fr\/wp-json\/wp\/v2\/pages"}],"about":[{"href":"https:\/\/staging.schneiderlegal.com\/fr\/wp-json\/wp\/v2\/types\/page"}],"author":[{"embeddable":true,"href":"https:\/\/staging.schneiderlegal.com\/fr\/wp-json\/wp\/v2\/users\/2"}],"replies":[{"embeddable":true,"href":"https:\/\/staging.schneiderlegal.com\/fr\/wp-json\/wp\/v2\/comments?post=10901"}],"version-history":[{"count":34,"href":"https:\/\/staging.schneiderlegal.com\/fr\/wp-json\/wp\/v2\/pages\/10901\/revisions"}],"predecessor-version":[{"id":12741,"href":"https:\/\/staging.schneiderlegal.com\/fr\/wp-json\/wp\/v2\/pages\/10901\/revisions\/12741"}],"wp:attachment":[{"href":"https:\/\/staging.schneiderlegal.com\/fr\/wp-json\/wp\/v2\/media?parent=10901"}],"curies":[{"name":"wp","href":"https:\/\/api.w.org\/{rel}","templated":true}]}}