{"id":10896,"date":"2014-08-23T10:43:21","date_gmt":"2014-08-23T10:43:21","guid":{"rendered":"http:\/\/schneiderlegal.preview.web22.propulsionweb.ca\/fr\/news\/"},"modified":"2016-08-03T17:53:56","modified_gmt":"2016-08-03T17:53:56","slug":"publications","status":"publish","type":"page","link":"https:\/\/staging.schneiderlegal.com\/fr\/publications\/","title":{"rendered":"PUBLICATIONS"},"content":{"rendered":"[vc_row fullwidth=&nbsp;&raquo;true&nbsp;&raquo; css=&nbsp;&raquo;.vc_custom_1466444759232{border-bottom-width: 2px !important;padding-top: 0px !important;padding-right: 0px !important;padding-bottom: 0px !important;padding-left: 0px !important;border-bottom-color: #568db6 !important;border-bottom-style: solid !important;}&nbsp;&raquo;][vc_column][mk_page_title_box page_title=&nbsp;&raquo;BLOGUE&nbsp;&raquo; section_height=&nbsp;&raquo;300&Prime; bg_image=&nbsp;&raquo;http:\/\/schneiderlegal.preview.web22.propulsionweb.ca\/wp-content\/uploads\/2016\/07\/photodune-9234617-newspapers-m.jpg&nbsp;&raquo; bg_position=&nbsp;&raquo;center center&nbsp;&raquo; bg_stretch=&nbsp;&raquo;true&nbsp;&raquo; overlay=&nbsp;&raquo;rgba(0,0,0,0.21)&nbsp;&raquo; font_size=&nbsp;&raquo;40&Prime; font_color=&nbsp;&raquo;#ffffff&nbsp;&raquo; font_weight=&nbsp;&raquo;bold&nbsp;&raquo; underline=&nbsp;&raquo;false&nbsp;&raquo; sub_font_size=&nbsp;&raquo;20&Prime; sub_font_color=&nbsp;&raquo;#ffffff&nbsp;&raquo; sub_font_weight=&nbsp;&raquo;bold&nbsp;&raquo; el_class=&nbsp;&raquo;titleshadow&nbsp;&raquo;][\/vc_column][\/vc_row][vc_row][vc_column][mk_padding_divider size=&nbsp;&raquo;75&Prime;][mk_blog style=&nbsp;&raquo;grid&nbsp;&raquo; grid_image_height=&nbsp;&raquo;300&Prime; excerpt_length=&nbsp;&raquo;0&Prime; count=&nbsp;&raquo;12&Prime; disable_lightbox=&nbsp;&raquo;true&nbsp;&raquo; featured_post_align=&nbsp;&raquo;left&nbsp;&raquo; item_id=&nbsp;&raquo;1409322181-54008cc5805de&nbsp;&raquo;][\/vc_column][\/vc_row]\n","protected":false},"excerpt":{"rendered":"<p>[vc_row fullwidth=&nbsp;&raquo;true&nbsp;&raquo; css=&nbsp;&raquo;.vc_custom_1466444759232{border-bottom-width: 2px !important;padding-top: 0px !important;padding-right: 0px !important;padding-bottom: 0px !important;padding-left: 0px !important;border-bottom-color: #568db6 !important;border-bottom-style: solid !important;}&nbsp;&raquo;][vc_column][mk_page_title_box page_title=&nbsp;&raquo;BLOGUE&nbsp;&raquo; section_height=&nbsp;&raquo;300&Prime; bg_image=&nbsp;&raquo;http:\/\/schneiderlegal.preview.web22.propulsionweb.ca\/wp-content\/uploads\/2016\/07\/photodune-9234617-newspapers-m.jpg&nbsp;&raquo; bg_position=&nbsp;&raquo;center center&nbsp;&raquo; bg_stretch=&nbsp;&raquo;true&nbsp;&raquo; overlay=&nbsp;&raquo;rgba(0,0,0,0.21)&nbsp;&raquo; font_size=&nbsp;&raquo;40&Prime; font_color=&nbsp;&raquo;#ffffff&nbsp;&raquo; font_weight=&nbsp;&raquo;bold&nbsp;&raquo; underline=&nbsp;&raquo;false&nbsp;&raquo; sub_font_size=&nbsp;&raquo;20&Prime; sub_font_color=&nbsp;&raquo;#ffffff&nbsp;&raquo; sub_font_weight=&nbsp;&raquo;bold&nbsp;&raquo; el_class=&nbsp;&raquo;titleshadow&nbsp;&raquo;][\/vc_column][\/vc_row][vc_row][vc_column][mk_padding_divider size=&nbsp;&raquo;75&Prime;][mk_blog style=&nbsp;&raquo;grid&nbsp;&raquo; grid_image_height=&nbsp;&raquo;300&Prime; excerpt_length=&nbsp;&raquo;0&Prime; count=&nbsp;&raquo;12&Prime; disable_lightbox=&nbsp;&raquo;true&nbsp;&raquo; featured_post_align=&nbsp;&raquo;left&nbsp;&raquo; item_id=&nbsp;&raquo;1409322181-54008cc5805de&nbsp;&raquo;][\/vc_column][\/vc_row]<\/p>\n","protected":false},"author":2,"featured_media":0,"parent":0,"menu_order":0,"comment_status":"open","ping_status":"closed","template":"","meta":{"footnotes":""},"class_list":["post-10896","page","type-page","status-publish","hentry"],"yoast_head":"<!-- This site is optimized with the Yoast SEO plugin v27.0 - https:\/\/yoast.com\/product\/yoast-seo-wordpress\/ -->\n<title>Blogue - Schneider Legal - Avocats Montr\u00e9al<\/title>\n<meta name=\"description\" content=\"Venez lire les derni\u00e8res publications de notre \u00e9quipe dans cette section blogue.\" \/>\n<meta name=\"robots\" content=\"noindex, follow, max-snippet:-1, max-image-preview:large, max-video-preview:-1\" \/>\n<meta property=\"og:locale\" content=\"fr_FR\" \/>\n<meta property=\"og:type\" content=\"article\" \/>\n<meta property=\"og:title\" content=\"Blogue - Schneider Legal - Avocats Montr\u00e9al\" \/>\n<meta property=\"og:description\" content=\"Venez lire les derni\u00e8res publications de notre \u00e9quipe dans cette section blogue.\" \/>\n<meta property=\"og:url\" content=\"https:\/\/staging.schneiderlegal.com\/publications\/\" \/>\n<meta property=\"og:site_name\" content=\"Schneider Legal\" \/>\n<meta property=\"article:modified_time\" content=\"2016-08-03T17:53:56+00:00\" \/>\n<meta name=\"twitter:card\" content=\"summary_large_image\" \/>\n<meta name=\"twitter:label1\" content=\"Est. reading time\" \/>\n\t<meta name=\"twitter:data1\" content=\"1 minute\" \/>\n<script type=\"application\/ld+json\" class=\"yoast-schema-graph\">{\"@context\":\"https:\/\/schema.org\",\"@graph\":[{\"@type\":\"WebPage\",\"@id\":\"https:\/\/staging.schneiderlegal.com\/publications\/\",\"url\":\"https:\/\/staging.schneiderlegal.com\/publications\/\",\"name\":\"Blogue - Schneider Legal - Avocats Montr\u00e9al\",\"isPartOf\":{\"@id\":\"https:\/\/staging.schneiderlegal.com\/#website\"},\"datePublished\":\"2014-08-23T10:43:21+00:00\",\"dateModified\":\"2016-08-03T17:53:56+00:00\",\"description\":\"Venez lire les derni\u00e8res publications de notre \u00e9quipe dans cette section blogue.\",\"breadcrumb\":{\"@id\":\"https:\/\/staging.schneiderlegal.com\/publications\/#breadcrumb\"},\"inLanguage\":\"fr-FR\",\"potentialAction\":[{\"@type\":\"ReadAction\",\"target\":[\"https:\/\/staging.schneiderlegal.com\/publications\/\"]}]},{\"@type\":\"BreadcrumbList\",\"@id\":\"https:\/\/staging.schneiderlegal.com\/publications\/#breadcrumb\",\"itemListElement\":[{\"@type\":\"ListItem\",\"position\":1,\"name\":\"Home\",\"item\":\"https:\/\/staging.schneiderlegal.com\/fr\/\"},{\"@type\":\"ListItem\",\"position\":2,\"name\":\"PUBLICATIONS\"}]},{\"@type\":\"WebSite\",\"@id\":\"https:\/\/staging.schneiderlegal.com\/#website\",\"url\":\"https:\/\/staging.schneiderlegal.com\/\",\"name\":\"Schneider Legal\",\"description\":\"Real Estate Lawyer Montreal - Estate Lawyer\",\"potentialAction\":[{\"@type\":\"SearchAction\",\"target\":{\"@type\":\"EntryPoint\",\"urlTemplate\":\"https:\/\/staging.schneiderlegal.com\/?s={search_term_string}\"},\"query-input\":{\"@type\":\"PropertyValueSpecification\",\"valueRequired\":true,\"valueName\":\"search_term_string\"}}],\"inLanguage\":\"fr-FR\"}]}<\/script>\n<!-- \/ Yoast SEO plugin. -->","yoast_head_json":{"title":"Blogue - Schneider Legal - Avocats Montr\u00e9al","description":"Venez lire les derni\u00e8res publications de notre \u00e9quipe dans cette section blogue.","robots":{"index":"noindex","follow":"follow","max-snippet":"max-snippet:-1","max-image-preview":"max-image-preview:large","max-video-preview":"max-video-preview:-1"},"og_locale":"fr_FR","og_type":"article","og_title":"Blogue - Schneider Legal - Avocats Montr\u00e9al","og_description":"Venez lire les derni\u00e8res publications de notre \u00e9quipe dans cette section blogue.","og_url":"https:\/\/staging.schneiderlegal.com\/publications\/","og_site_name":"Schneider Legal","article_modified_time":"2016-08-03T17:53:56+00:00","twitter_card":"summary_large_image","twitter_misc":{"Est. reading time":"1 minute"},"schema":{"@context":"https:\/\/schema.org","@graph":[{"@type":"WebPage","@id":"https:\/\/staging.schneiderlegal.com\/publications\/","url":"https:\/\/staging.schneiderlegal.com\/publications\/","name":"Blogue - Schneider Legal - Avocats Montr\u00e9al","isPartOf":{"@id":"https:\/\/staging.schneiderlegal.com\/#website"},"datePublished":"2014-08-23T10:43:21+00:00","dateModified":"2016-08-03T17:53:56+00:00","description":"Venez lire les derni\u00e8res publications de notre \u00e9quipe dans cette section blogue.","breadcrumb":{"@id":"https:\/\/staging.schneiderlegal.com\/publications\/#breadcrumb"},"inLanguage":"fr-FR","potentialAction":[{"@type":"ReadAction","target":["https:\/\/staging.schneiderlegal.com\/publications\/"]}]},{"@type":"BreadcrumbList","@id":"https:\/\/staging.schneiderlegal.com\/publications\/#breadcrumb","itemListElement":[{"@type":"ListItem","position":1,"name":"Home","item":"https:\/\/staging.schneiderlegal.com\/fr\/"},{"@type":"ListItem","position":2,"name":"PUBLICATIONS"}]},{"@type":"WebSite","@id":"https:\/\/staging.schneiderlegal.com\/#website","url":"https:\/\/staging.schneiderlegal.com\/","name":"Schneider Legal","description":"Real Estate Lawyer Montreal - Estate Lawyer","potentialAction":[{"@type":"SearchAction","target":{"@type":"EntryPoint","urlTemplate":"https:\/\/staging.schneiderlegal.com\/?s={search_term_string}"},"query-input":{"@type":"PropertyValueSpecification","valueRequired":true,"valueName":"search_term_string"}}],"inLanguage":"fr-FR"}]}},"_links":{"self":[{"href":"https:\/\/staging.schneiderlegal.com\/fr\/wp-json\/wp\/v2\/pages\/10896","targetHints":{"allow":["GET"]}}],"collection":[{"href":"https:\/\/staging.schneiderlegal.com\/fr\/wp-json\/wp\/v2\/pages"}],"about":[{"href":"https:\/\/staging.schneiderlegal.com\/fr\/wp-json\/wp\/v2\/types\/page"}],"author":[{"embeddable":true,"href":"https:\/\/staging.schneiderlegal.com\/fr\/wp-json\/wp\/v2\/users\/2"}],"replies":[{"embeddable":true,"href":"https:\/\/staging.schneiderlegal.com\/fr\/wp-json\/wp\/v2\/comments?post=10896"}],"version-history":[{"count":5,"href":"https:\/\/staging.schneiderlegal.com\/fr\/wp-json\/wp\/v2\/pages\/10896\/revisions"}],"predecessor-version":[{"id":11552,"href":"https:\/\/staging.schneiderlegal.com\/fr\/wp-json\/wp\/v2\/pages\/10896\/revisions\/11552"}],"wp:attachment":[{"href":"https:\/\/staging.schneiderlegal.com\/fr\/wp-json\/wp\/v2\/media?parent=10896"}],"curies":[{"name":"wp","href":"https:\/\/api.w.org\/{rel}","templated":true}]}}