{"id":10885,"date":"2014-08-25T18:03:05","date_gmt":"2014-08-25T18:03:05","guid":{"rendered":"http:\/\/schneiderlegal.preview.web22.propulsionweb.ca\/fr\/areas-of-law\/"},"modified":"2026-01-26T13:33:39","modified_gmt":"2026-01-26T17:33:39","slug":"domaines-de-droit","status":"publish","type":"page","link":"https:\/\/staging.schneiderlegal.com\/fr\/domaines-de-droit\/","title":{"rendered":"DOMAINES DE DROIT"},"content":{"rendered":"[mk_page_section][vc_column][vc_row_inner][vc_column_inner width=&nbsp;&raquo;1\/3&Prime;][mk_flipbox front_background_color=&nbsp;&raquo;#568db6&Prime; back_background_color=&nbsp;&raquo;#568db6&Prime; icon_type=&nbsp;&raquo;icon&nbsp;&raquo; icon=&nbsp;&raquo;mk-moon-home-2&Prime; icon_size=&nbsp;&raquo;128&Prime; icon_color=&nbsp;&raquo;#ffffff&nbsp;&raquo; front_title=&nbsp;&raquo;DROIT IMMOBILIER&nbsp;&raquo; front_title_size=&nbsp;&raquo;24&Prime; front_title_color=&nbsp;&raquo;#ffffff&nbsp;&raquo; back_desc=&nbsp;&raquo;Schneider Avocats est un cabinet d\u2019avocats en mesure d\u2019offrir \u00e0 ses clients une gamme compl\u00e8te de services juridiques relatifs au droit immobilier.&nbsp;&raquo; back_desc_size=&nbsp;&raquo;18&Prime; back_desc_color=&nbsp;&raquo;#ffffff&nbsp;&raquo; button_url=&nbsp;&raquo;\/fr\/droit-immobilier\/&nbsp;&raquo; button_text=&nbsp;&raquo;LIRE PLUS&nbsp;&raquo; button_bg_color=&nbsp;&raquo;#ffffff&nbsp;&raquo; button_bg_hover_color=&nbsp;&raquo;#e5e5e5&Prime; button_text_skin=&nbsp;&raquo;dark&nbsp;&raquo;][\/vc_column_inner][vc_column_inner width=&nbsp;&raquo;1\/3&Prime;][mk_flipbox front_background_color=&nbsp;&raquo;#568db6&Prime; back_background_color=&nbsp;&raquo;#568db6&Prime; icon_type=&nbsp;&raquo;icon&nbsp;&raquo; icon=&nbsp;&raquo;mk-moon-quill&nbsp;&raquo; icon_size=&nbsp;&raquo;128&Prime; icon_color=&nbsp;&raquo;#ffffff&nbsp;&raquo; front_title=&nbsp;&raquo;DROIT SUCCESSORAL&nbsp;&raquo; front_title_size=&nbsp;&raquo;24&Prime; front_title_color=&nbsp;&raquo;#ffffff&nbsp;&raquo; back_desc=&nbsp;&raquo;Chez Schneider Avocats, nous comprenons que les conflits dans le domaine successoral repr\u00e9sentent un fardeau pour les membres d\u2019une famille et de leurs proches.&nbsp;&raquo; back_desc_size=&nbsp;&raquo;18&Prime; back_desc_color=&nbsp;&raquo;#ffffff&nbsp;&raquo; button_url=&nbsp;&raquo;\/fr\/droit-successoral\/&nbsp;&raquo; button_text=&nbsp;&raquo;LIRE PLUS&nbsp;&raquo; button_bg_color=&nbsp;&raquo;#ffffff&nbsp;&raquo; button_bg_hover_color=&nbsp;&raquo;#e5e5e5&Prime; button_text_skin=&nbsp;&raquo;dark&nbsp;&raquo;][\/vc_column_inner][vc_column_inner width=&nbsp;&raquo;1\/3&Prime;][mk_flipbox front_background_color=&nbsp;&raquo;#568db6&Prime; back_background_color=&nbsp;&raquo;#568db6&Prime; icon_type=&nbsp;&raquo;icon&nbsp;&raquo; icon=&nbsp;&raquo;mk-moon-tools&nbsp;&raquo; icon_size=&nbsp;&raquo;128&Prime; icon_color=&nbsp;&raquo;#ffffff&nbsp;&raquo; front_title=&nbsp;&raquo;DROIT DE LA CONSTRUCTION &nbsp;&raquo; front_title_size=&nbsp;&raquo;24&Prime; front_title_color=&nbsp;&raquo;#ffffff&nbsp;&raquo; back_desc=&nbsp;&raquo;Nous repr\u00e9sentons sur une base quotidienne des propri\u00e9taires, des entrepreneurs dans le domaine de la construction, des fournisseurs et des gestionnaires d\u2019immeuble.&nbsp;&raquo; back_desc_size=&nbsp;&raquo;18&Prime; back_desc_color=&nbsp;&raquo;#ffffff&nbsp;&raquo; button_url=&nbsp;&raquo;\/fr\/droit-de-la-construction\/&nbsp;&raquo; button_text=&nbsp;&raquo;LIRE PLUS&nbsp;&raquo; button_bg_color=&nbsp;&raquo;#ffffff&nbsp;&raquo; button_bg_hover_color=&nbsp;&raquo;#e5e5e5&Prime; button_text_skin=&nbsp;&raquo;dark&nbsp;&raquo;][\/vc_column_inner][\/vc_row_inner][mk_padding_divider][vc_row_inner][vc_column_inner width=&nbsp;&raquo;1\/3&Prime;][mk_flipbox front_background_color=&nbsp;&raquo;#568db6&Prime; back_background_color=&nbsp;&raquo;#568db6&Prime; icon_type=&nbsp;&raquo;icon&nbsp;&raquo; icon=&nbsp;&raquo;mk-icon-legal&nbsp;&raquo; icon_size=&nbsp;&raquo;128&Prime; icon_color=&nbsp;&raquo;#ffffff&nbsp;&raquo; front_title=&nbsp;&raquo;LITIGE CIVIL ET COMMERCIAL&nbsp;&raquo; front_title_size=&nbsp;&raquo;24&Prime; front_title_color=&nbsp;&raquo;#ffffff&nbsp;&raquo; back_desc=&nbsp;&raquo;\u00c9tant un cabinet sp\u00e9cialis\u00e9 en litige civil et commercial, les avocats de Schneider Avocats sont d\u00e9termin\u00e9s \u00e0 d\u00e9fendre vigoureusement vos int\u00e9r\u00eats avec une approche orient\u00e9e vers les solutions.&nbsp;&raquo; back_desc_size=&nbsp;&raquo;18&Prime; back_desc_color=&nbsp;&raquo;#ffffff&nbsp;&raquo; button_url=&nbsp;&raquo;\/fr\/litige-civil-et-commercial\/&nbsp;&raquo; button_text=&nbsp;&raquo;LIRE PLUS&nbsp;&raquo; button_bg_color=&nbsp;&raquo;#ffffff&nbsp;&raquo; button_bg_hover_color=&nbsp;&raquo;#e5e5e5&Prime; button_text_skin=&nbsp;&raquo;dark&nbsp;&raquo;][\/vc_column_inner][vc_column_inner width=&nbsp;&raquo;1\/3&Prime;][mk_flipbox front_background_color=&nbsp;&raquo;#568db6&Prime; back_background_color=&nbsp;&raquo;#568db6&Prime; icon_type=&nbsp;&raquo;icon&nbsp;&raquo; icon=&nbsp;&raquo;mk-moon-user-7&Prime; icon_size=&nbsp;&raquo;128&Prime; icon_color=&nbsp;&raquo;#ffffff&nbsp;&raquo; front_title=&nbsp;&raquo;DROIT DU TRAVAIL&nbsp;&raquo; front_title_size=&nbsp;&raquo;24&Prime; front_title_color=&nbsp;&raquo;#ffffff&nbsp;&raquo; back_desc=&nbsp;&raquo;Nous apportons des solutions pratiques et cr\u00e9atives pouvant r\u00e9pondre \u00e0 tous vos besoins relatifs au droit du travail.&nbsp;&raquo; back_desc_size=&nbsp;&raquo;18&Prime; back_desc_color=&nbsp;&raquo;#ffffff&nbsp;&raquo; button_url=&nbsp;&raquo;\/fr\/droit-du-travail-2\/&nbsp;&raquo; button_text=&nbsp;&raquo;LIRE PLUS&nbsp;&raquo; button_bg_color=&nbsp;&raquo;#ffffff&nbsp;&raquo; button_bg_hover_color=&nbsp;&raquo;#e5e5e5&Prime; button_text_skin=&nbsp;&raquo;dark&nbsp;&raquo;][\/vc_column_inner][vc_column_inner width=&nbsp;&raquo;1\/3&Prime;][\/vc_column_inner][\/vc_row_inner][\/vc_column][\/mk_page_section]\n","protected":false},"excerpt":{"rendered":"<p>[mk_page_section][vc_column][vc_row_inner][vc_column_inner width=&nbsp;&raquo;1\/3&Prime;][mk_flipbox front_background_color=&nbsp;&raquo;#568db6&Prime; back_background_color=&nbsp;&raquo;#568db6&Prime; icon_type=&nbsp;&raquo;icon&nbsp;&raquo; icon=&nbsp;&raquo;mk-moon-home-2&Prime; icon_size=&nbsp;&raquo;128&Prime; icon_color=&nbsp;&raquo;#ffffff&nbsp;&raquo; front_title=&nbsp;&raquo;DROIT IMMOBILIER&nbsp;&raquo; front_title_size=&nbsp;&raquo;24&Prime; front_title_color=&nbsp;&raquo;#ffffff&nbsp;&raquo; back_desc=&nbsp;&raquo;Schneider Avocats est un cabinet d\u2019avocats en mesure d\u2019offrir \u00e0 ses clients une gamme compl\u00e8te de services juridiques relatifs au droit immobilier.&nbsp;&raquo; back_desc_size=&nbsp;&raquo;18&Prime; back_desc_color=&nbsp;&raquo;#ffffff&nbsp;&raquo; button_url=&nbsp;&raquo;\/fr\/droit-immobilier\/&nbsp;&raquo; button_text=&nbsp;&raquo;LIRE PLUS&nbsp;&raquo; button_bg_color=&nbsp;&raquo;#ffffff&nbsp;&raquo; button_bg_hover_color=&nbsp;&raquo;#e5e5e5&Prime; button_text_skin=&nbsp;&raquo;dark&nbsp;&raquo;][\/vc_column_inner][vc_column_inner width=&nbsp;&raquo;1\/3&Prime;][mk_flipbox front_background_color=&nbsp;&raquo;#568db6&Prime; back_background_color=&nbsp;&raquo;#568db6&Prime; icon_type=&nbsp;&raquo;icon&nbsp;&raquo; icon=&nbsp;&raquo;mk-moon-quill&nbsp;&raquo; icon_size=&nbsp;&raquo;128&Prime; icon_color=&nbsp;&raquo;#ffffff&nbsp;&raquo; front_title=&nbsp;&raquo;DROIT SUCCESSORAL&nbsp;&raquo; front_title_size=&nbsp;&raquo;24&Prime; front_title_color=&nbsp;&raquo;#ffffff&nbsp;&raquo; back_desc=&nbsp;&raquo;Chez Schneider [&hellip;]<\/p>\n","protected":false},"author":2,"featured_media":0,"parent":0,"menu_order":0,"comment_status":"open","ping_status":"open","template":"","meta":{"footnotes":""},"class_list":["post-10885","page","type-page","status-publish","hentry"],"yoast_head":"<!-- This site is optimized with the Yoast SEO plugin v27.0 - https:\/\/yoast.com\/product\/yoast-seo-wordpress\/ -->\n<title>Domaines de droit - Schneider Legal - Avocats Montr\u00e9al<\/title>\n<meta name=\"description\" content=\"Dans cette section du site Web de Schneider Legal vous trouverez les diff\u00e9rents domaines de droit dans lesquels nous oeuvrons.\" \/>\n<meta name=\"robots\" content=\"noindex, follow, max-snippet:-1, max-image-preview:large, max-video-preview:-1\" \/>\n<meta property=\"og:locale\" content=\"fr_FR\" \/>\n<meta property=\"og:type\" content=\"article\" \/>\n<meta property=\"og:title\" content=\"Domaines de droit - Schneider Legal - Avocats Montr\u00e9al\" \/>\n<meta property=\"og:description\" content=\"Dans cette section du site Web de Schneider Legal vous trouverez les diff\u00e9rents domaines de droit dans lesquels nous oeuvrons.\" \/>\n<meta property=\"og:url\" content=\"https:\/\/staging.schneiderlegal.com\/areas-of-law\/\" \/>\n<meta property=\"og:site_name\" content=\"Schneider Legal\" \/>\n<meta property=\"article:modified_time\" content=\"2026-01-26T17:33:39+00:00\" \/>\n<meta name=\"twitter:card\" content=\"summary_large_image\" \/>\n<meta name=\"twitter:label1\" content=\"Est. reading time\" \/>\n\t<meta name=\"twitter:data1\" content=\"3 minutes\" \/>\n<script type=\"application\/ld+json\" class=\"yoast-schema-graph\">{\"@context\":\"https:\/\/schema.org\",\"@graph\":[{\"@type\":\"WebPage\",\"@id\":\"https:\/\/staging.schneiderlegal.com\/areas-of-law\/\",\"url\":\"https:\/\/staging.schneiderlegal.com\/areas-of-law\/\",\"name\":\"Domaines de droit - Schneider Legal - Avocats Montr\u00e9al\",\"isPartOf\":{\"@id\":\"https:\/\/staging.schneiderlegal.com\/#website\"},\"datePublished\":\"2014-08-25T18:03:05+00:00\",\"dateModified\":\"2026-01-26T17:33:39+00:00\",\"description\":\"Dans cette section du site Web de Schneider Legal vous trouverez les diff\u00e9rents domaines de droit dans lesquels nous oeuvrons.\",\"breadcrumb\":{\"@id\":\"https:\/\/staging.schneiderlegal.com\/areas-of-law\/#breadcrumb\"},\"inLanguage\":\"fr-FR\",\"potentialAction\":[{\"@type\":\"ReadAction\",\"target\":[\"https:\/\/staging.schneiderlegal.com\/areas-of-law\/\"]}]},{\"@type\":\"BreadcrumbList\",\"@id\":\"https:\/\/staging.schneiderlegal.com\/areas-of-law\/#breadcrumb\",\"itemListElement\":[{\"@type\":\"ListItem\",\"position\":1,\"name\":\"Home\",\"item\":\"https:\/\/staging.schneiderlegal.com\/fr\/\"},{\"@type\":\"ListItem\",\"position\":2,\"name\":\"DOMAINES DE DROIT\"}]},{\"@type\":\"WebSite\",\"@id\":\"https:\/\/staging.schneiderlegal.com\/#website\",\"url\":\"https:\/\/staging.schneiderlegal.com\/\",\"name\":\"Schneider Legal\",\"description\":\"Real Estate Lawyer Montreal - Estate Lawyer\",\"potentialAction\":[{\"@type\":\"SearchAction\",\"target\":{\"@type\":\"EntryPoint\",\"urlTemplate\":\"https:\/\/staging.schneiderlegal.com\/?s={search_term_string}\"},\"query-input\":{\"@type\":\"PropertyValueSpecification\",\"valueRequired\":true,\"valueName\":\"search_term_string\"}}],\"inLanguage\":\"fr-FR\"}]}<\/script>\n<!-- \/ Yoast SEO plugin. -->","yoast_head_json":{"title":"Domaines de droit - Schneider Legal - Avocats Montr\u00e9al","description":"Dans cette section du site Web de Schneider Legal vous trouverez les diff\u00e9rents domaines de droit dans lesquels nous oeuvrons.","robots":{"index":"noindex","follow":"follow","max-snippet":"max-snippet:-1","max-image-preview":"max-image-preview:large","max-video-preview":"max-video-preview:-1"},"og_locale":"fr_FR","og_type":"article","og_title":"Domaines de droit - Schneider Legal - Avocats Montr\u00e9al","og_description":"Dans cette section du site Web de Schneider Legal vous trouverez les diff\u00e9rents domaines de droit dans lesquels nous oeuvrons.","og_url":"https:\/\/staging.schneiderlegal.com\/areas-of-law\/","og_site_name":"Schneider Legal","article_modified_time":"2026-01-26T17:33:39+00:00","twitter_card":"summary_large_image","twitter_misc":{"Est. reading time":"3 minutes"},"schema":{"@context":"https:\/\/schema.org","@graph":[{"@type":"WebPage","@id":"https:\/\/staging.schneiderlegal.com\/areas-of-law\/","url":"https:\/\/staging.schneiderlegal.com\/areas-of-law\/","name":"Domaines de droit - Schneider Legal - Avocats Montr\u00e9al","isPartOf":{"@id":"https:\/\/staging.schneiderlegal.com\/#website"},"datePublished":"2014-08-25T18:03:05+00:00","dateModified":"2026-01-26T17:33:39+00:00","description":"Dans cette section du site Web de Schneider Legal vous trouverez les diff\u00e9rents domaines de droit dans lesquels nous oeuvrons.","breadcrumb":{"@id":"https:\/\/staging.schneiderlegal.com\/areas-of-law\/#breadcrumb"},"inLanguage":"fr-FR","potentialAction":[{"@type":"ReadAction","target":["https:\/\/staging.schneiderlegal.com\/areas-of-law\/"]}]},{"@type":"BreadcrumbList","@id":"https:\/\/staging.schneiderlegal.com\/areas-of-law\/#breadcrumb","itemListElement":[{"@type":"ListItem","position":1,"name":"Home","item":"https:\/\/staging.schneiderlegal.com\/fr\/"},{"@type":"ListItem","position":2,"name":"DOMAINES DE DROIT"}]},{"@type":"WebSite","@id":"https:\/\/staging.schneiderlegal.com\/#website","url":"https:\/\/staging.schneiderlegal.com\/","name":"Schneider Legal","description":"Real Estate Lawyer Montreal - Estate Lawyer","potentialAction":[{"@type":"SearchAction","target":{"@type":"EntryPoint","urlTemplate":"https:\/\/staging.schneiderlegal.com\/?s={search_term_string}"},"query-input":{"@type":"PropertyValueSpecification","valueRequired":true,"valueName":"search_term_string"}}],"inLanguage":"fr-FR"}]}},"_links":{"self":[{"href":"https:\/\/staging.schneiderlegal.com\/fr\/wp-json\/wp\/v2\/pages\/10885","targetHints":{"allow":["GET"]}}],"collection":[{"href":"https:\/\/staging.schneiderlegal.com\/fr\/wp-json\/wp\/v2\/pages"}],"about":[{"href":"https:\/\/staging.schneiderlegal.com\/fr\/wp-json\/wp\/v2\/types\/page"}],"author":[{"embeddable":true,"href":"https:\/\/staging.schneiderlegal.com\/fr\/wp-json\/wp\/v2\/users\/2"}],"replies":[{"embeddable":true,"href":"https:\/\/staging.schneiderlegal.com\/fr\/wp-json\/wp\/v2\/comments?post=10885"}],"version-history":[{"count":9,"href":"https:\/\/staging.schneiderlegal.com\/fr\/wp-json\/wp\/v2\/pages\/10885\/revisions"}],"predecessor-version":[{"id":12431,"href":"https:\/\/staging.schneiderlegal.com\/fr\/wp-json\/wp\/v2\/pages\/10885\/revisions\/12431"}],"wp:attachment":[{"href":"https:\/\/staging.schneiderlegal.com\/fr\/wp-json\/wp\/v2\/media?parent=10885"}],"curies":[{"name":"wp","href":"https:\/\/api.w.org\/{rel}","templated":true}]}}