{"id":10880,"date":"2014-09-01T10:38:06","date_gmt":"2014-09-01T10:38:06","guid":{"rendered":"http:\/\/schneiderlegal.preview.web22.propulsionweb.ca\/fr\/contact\/"},"modified":"2022-07-19T22:33:29","modified_gmt":"2022-07-20T02:33:29","slug":"contact","status":"publish","type":"page","link":"https:\/\/staging.schneiderlegal.com\/fr\/contact\/","title":{"rendered":"Contact"},"content":{"rendered":"[vc_row fullwidth=&nbsp;&raquo;true&nbsp;&raquo; padding=&nbsp;&raquo;0&Prime;][vc_column][vc_gmaps link=&nbsp;&raquo;#E-8_JTNDaWZyYW1lJTIwc3JjJTNEJTIyaHR0cHMlM0ElMkYlMkZ3d3cuZ29vZ2xlLmNvbSUyRm1hcHMlMkZlbWJlZCUzRnBiJTNEJTIxMW0xOCUyMTFtMTIlMjExbTMlMjExZDI3OTYuMjM2OTMyNjk4NDU0NCUyMTJkLTczLjY2NTgzNjM4NDIyOTYyJTIxM2Q0NS41MDUzMDg4NzkxMDEzNjQlMjEybTMlMjExZjAlMjEyZjAlMjEzZjAlMjEzbTIlMjExaTEwMjQlMjEyaTc2OCUyMTRmMTMuMSUyMTNtMyUyMTFtMiUyMTFzMHg0Y2M5MTgzM2Y2MTM4OTc5JTI1M0EweDk1Zjk4MmIxZWRiMGE2YSUyMTJzNDM2MCUyNTIwQ2hlbWluJTI1MjBkZSUyNTIwbGElMjUyMEMlMjVDMyUyNUI0dGUtZGUtTGllc3NlJTI1MkMlMjUyME1vbnQtUm95YWwlMjUyQyUyNTIwUUMlMjUyMEg0TiUyNTIwMlA3JTIxNWUwJTIxM20yJTIxMXNlbiUyMTJzY2ElMjE0djE1ODgwMzM5MTIwMzQlMjE1bTIlMjExc2VuJTIxMnNjYSUyMiUyMHdpZHRoJTNEJTIyNjAwJTIyJTIwaGVpZ2h0JTNEJTIyNDUwJTIyJTIwZnJhbWVib3JkZXIlM0QlMjIwJTIyJTIwc3R5bGUlM0QlMjJib3JkZXIlM0EwJTNCJTIyJTIwYWxsb3dmdWxsc2NyZWVuJTNEJTIyJTIyJTIwYXJpYS1oaWRkZW4lM0QlMjJmYWxzZSUyMiUyMHRhYmluZGV4JTNEJTIyMCUyMiUzRSUzQyUyRmlmcmFtZSUzRQ==&nbsp;&raquo; size=&nbsp;&raquo;450&Prime;][\/vc_column][\/vc_row][mk_page_section bg_color=&nbsp;&raquo;#f5f5f5&Prime; video_opacity=&nbsp;&raquo;0&Prime; min_height=&nbsp;&raquo;0&Prime; padding_top=&nbsp;&raquo;80&Prime; padding_bottom=&nbsp;&raquo;80&Prime; margin_bottom=&nbsp;&raquo;70&Prime; sidebar=&nbsp;&raquo;sidebar-1&Prime; first_page=&nbsp;&raquo;false&nbsp;&raquo; last_page=&nbsp;&raquo;false&nbsp;&raquo;][vc_column][mk_fancy_title color=&nbsp;&raquo;#393836&Prime; size=&nbsp;&raquo;24&Prime; font_weight=&nbsp;&raquo;300&Prime; letter_spacing=&nbsp;&raquo;3&Prime; margin_bottom=&nbsp;&raquo;0&Prime; font_family=&nbsp;&raquo;none&nbsp;&raquo; align=&nbsp;&raquo;center&nbsp;&raquo;]\n<p class=\"p1\">Si vous recherchez un cabinet d&rsquo;avocats qui propose des honoraires raisonnables, un traitement rapide et efficace de vos dossiers et un suivi personnalis\u00e9 et efficace, n\u2019h\u00e9sitez pas \u00e0 communiquer avec Schneider Avocats.<\/p>\n[\/mk_fancy_title][\/vc_column][\/mk_page_section][vc_row][vc_column width=&nbsp;&raquo;2\/3&Prime;]\n<div class=\"wpcf7 no-js\" id=\"wpcf7-f13607-o1\" lang=\"en-US\" dir=\"ltr\" data-wpcf7-id=\"13607\">\n<div class=\"screen-reader-response\"><p role=\"status\" aria-live=\"polite\" aria-atomic=\"true\"><\/p> <ul><\/ul><\/div>\n<form action=\"\/fr\/wp-json\/wp\/v2\/pages\/10880#wpcf7-f13607-o1\" method=\"post\" class=\"wpcf7-form init\" aria-label=\"Contact form\" novalidate=\"novalidate\" data-status=\"init\">\n<fieldset class=\"hidden-fields-container\"><input type=\"hidden\" name=\"_wpcf7\" value=\"13607\" \/><input type=\"hidden\" name=\"_wpcf7_version\" value=\"6.1.5\" \/><input type=\"hidden\" name=\"_wpcf7_locale\" value=\"en_US\" \/><input type=\"hidden\" name=\"_wpcf7_unit_tag\" value=\"wpcf7-f13607-o1\" \/><input type=\"hidden\" name=\"_wpcf7_container_post\" value=\"0\" \/><input type=\"hidden\" name=\"_wpcf7_posted_data_hash\" value=\"\" \/><input type=\"hidden\" name=\"_wpcf7_recaptcha_response\" value=\"\" \/>\n<\/fieldset>\n<div class=\"consultation-form\">\n<span class=\"wpcf7-form-control-wrap\" data-name=\"your-name\"><input size=\"40\" maxlength=\"400\" class=\"wpcf7-form-control wpcf7-text wpcf7-validates-as-required\" aria-required=\"true\" aria-invalid=\"false\" placeholder=\"Pr\u00e9nom &amp; Nom\" value=\"\" type=\"text\" name=\"your-name\" \/><\/span>\n<span class=\"wpcf7-form-control-wrap\" data-name=\"your-email\"><input size=\"40\" maxlength=\"400\" class=\"wpcf7-form-control wpcf7-email wpcf7-validates-as-required wpcf7-text wpcf7-validates-as-email\" aria-required=\"true\" aria-invalid=\"false\" placeholder=\"Courriel\" value=\"\" type=\"email\" name=\"your-email\" \/><\/span>\n<span class=\"wpcf7-form-control-wrap\" data-name=\"tel-921\"><input size=\"40\" maxlength=\"400\" class=\"wpcf7-form-control wpcf7-tel wpcf7-validates-as-required wpcf7-text wpcf7-validates-as-tel\" aria-required=\"true\" aria-invalid=\"false\" placeholder=\"T\u00e9l\u00e9phone\" value=\"\" type=\"tel\" name=\"tel-921\" \/><\/span>\n<span class=\"wpcf7-form-control-wrap\" data-name=\"case-description\"><textarea cols=\"40\" rows=\"10\" maxlength=\"2000\" class=\"wpcf7-form-control wpcf7-textarea\" aria-invalid=\"false\" placeholder=\"D\u00e9crivez bri\u00e8vement votre probl\u00e8me en une (1) ou deux (2) phrases\" name=\"case-description\"><\/textarea><\/span>\n<input class=\"wpcf7-form-control wpcf7-submit has-spinner\" type=\"submit\" value=\"Envoyer\" \/>\n<\/div><div class=\"wpcf7-response-output\" aria-hidden=\"true\"><\/div>\n<\/form>\n<\/div>\n[mk_padding_divider size=&nbsp;&raquo;60&Prime;][\/vc_column][vc_column width=&nbsp;&raquo;1\/3&Prime;][mk_fancy_title color=&nbsp;&raquo;#393836&Prime; size=&nbsp;&raquo;16&Prime; font_weight=&nbsp;&raquo;bold&nbsp;&raquo; letter_spacing=&nbsp;&raquo;1&Prime; margin_bottom=&nbsp;&raquo;0&Prime; font_family=&nbsp;&raquo;none&nbsp;&raquo;]Montreal[\/mk_fancy_title][mk_divider style=&nbsp;&raquo;thin_solid&nbsp;&raquo; divider_width=&nbsp;&raquo;custom_width&nbsp;&raquo; custom_width=&nbsp;&raquo;15&Prime; align=&nbsp;&raquo;left&nbsp;&raquo; thickness=&nbsp;&raquo;2&Prime; margin_top=&nbsp;&raquo;0&Prime;][mk_contact_info phone=&nbsp;&raquo;(514) 439-1322 ext. 112 &nbsp;&raquo; fax=&nbsp;&raquo;(514) 564-3380 &nbsp;&raquo; email=&nbsp;&raquo;info@schneiderlegal.com&nbsp;&raquo; address=&nbsp;&raquo;4360 Chemin de la C\u00f4te de Liesse, Suite 203, Mont-Royal (Qu\u00e9bec) H4N 2P7&Prime;][mk_social_networks size=&nbsp;&raquo;medium&nbsp;&raquo; icon_color=&nbsp;&raquo;#aaaaaa&nbsp;&raquo; icon_hover_color=&nbsp;&raquo;#eeeeee&nbsp;&raquo; facebook=&nbsp;&raquo;https:\/\/www.facebook.com\/Schneider-Attorneys-Schneider-Avocats-1748371462044780\/?fref=ts&nbsp;&raquo; linkedin=&nbsp;&raquo;https:\/\/www.linkedin.com\/company\/schneider-avocat-inc.?trk=ppro_cprof&nbsp;&raquo;][mk_padding_divider size=&nbsp;&raquo;60&Prime;][\/vc_column][\/vc_row]\n","protected":false},"excerpt":{"rendered":"<p>[vc_row fullwidth=&nbsp;&raquo;true&nbsp;&raquo; padding=&nbsp;&raquo;0&Prime;][vc_column][vc_gmaps link=&nbsp;&raquo;#E-8_JTNDaWZyYW1lJTIwc3JjJTNEJTIyaHR0cHMlM0ElMkYlMkZ3d3cuZ29vZ2xlLmNvbSUyRm1hcHMlMkZlbWJlZCUzRnBiJTNEJTIxMW0xOCUyMTFtMTIlMjExbTMlMjExZDI3OTYuMjM2OTMyNjk4NDU0NCUyMTJkLTczLjY2NTgzNjM4NDIyOTYyJTIxM2Q0NS41MDUzMDg4NzkxMDEzNjQlMjEybTMlMjExZjAlMjEyZjAlMjEzZjAlMjEzbTIlMjExaTEwMjQlMjEyaTc2OCUyMTRmMTMuMSUyMTNtMyUyMTFtMiUyMTFzMHg0Y2M5MTgzM2Y2MTM4OTc5JTI1M0EweDk1Zjk4MmIxZWRiMGE2YSUyMTJzNDM2MCUyNTIwQ2hlbWluJTI1MjBkZSUyNTIwbGElMjUyMEMlMjVDMyUyNUI0dGUtZGUtTGllc3NlJTI1MkMlMjUyME1vbnQtUm95YWwlMjUyQyUyNTIwUUMlMjUyMEg0TiUyNTIwMlA3JTIxNWUwJTIxM20yJTIxMXNlbiUyMTJzY2ElMjE0djE1ODgwMzM5MTIwMzQlMjE1bTIlMjExc2VuJTIxMnNjYSUyMiUyMHdpZHRoJTNEJTIyNjAwJTIyJTIwaGVpZ2h0JTNEJTIyNDUwJTIyJTIwZnJhbWVib3JkZXIlM0QlMjIwJTIyJTIwc3R5bGUlM0QlMjJib3JkZXIlM0EwJTNCJTIyJTIwYWxsb3dmdWxsc2NyZWVuJTNEJTIyJTIyJTIwYXJpYS1oaWRkZW4lM0QlMjJmYWxzZSUyMiUyMHRhYmluZGV4JTNEJTIyMCUyMiUzRSUzQyUyRmlmcmFtZSUzRQ==&nbsp;&raquo; size=&nbsp;&raquo;450&Prime;][\/vc_column][\/vc_row][mk_page_section bg_color=&nbsp;&raquo;#f5f5f5&Prime; video_opacity=&nbsp;&raquo;0&Prime; min_height=&nbsp;&raquo;0&Prime; padding_top=&nbsp;&raquo;80&Prime; padding_bottom=&nbsp;&raquo;80&Prime; margin_bottom=&nbsp;&raquo;70&Prime; sidebar=&nbsp;&raquo;sidebar-1&Prime; first_page=&nbsp;&raquo;false&nbsp;&raquo; last_page=&nbsp;&raquo;false&nbsp;&raquo;][vc_column][mk_fancy_title color=&nbsp;&raquo;#393836&Prime; size=&nbsp;&raquo;24&Prime; font_weight=&nbsp;&raquo;300&Prime; letter_spacing=&nbsp;&raquo;3&Prime; margin_bottom=&nbsp;&raquo;0&Prime; font_family=&nbsp;&raquo;none&nbsp;&raquo; align=&nbsp;&raquo;center&nbsp;&raquo;] Si vous recherchez un cabinet d&rsquo;avocats qui propose des honoraires raisonnables, un traitement rapide et efficace de vos dossiers et un suivi personnalis\u00e9 et efficace, n\u2019h\u00e9sitez pas \u00e0 communiquer avec Schneider Avocats. [\/mk_fancy_title][\/vc_column][\/mk_page_section][vc_row][vc_column width=&nbsp;&raquo;2\/3&Prime;][mk_padding_divider [&hellip;]<\/p>\n","protected":false},"author":2,"featured_media":0,"parent":0,"menu_order":0,"comment_status":"open","ping_status":"open","template":"","meta":{"footnotes":""},"class_list":["post-10880","page","type-page","status-publish","hentry"],"yoast_head":"<!-- This site is optimized with the Yoast SEO plugin v27.0 - https:\/\/yoast.com\/product\/yoast-seo-wordpress\/ -->\n<title>Contact - Schneider Legal<\/title>\n<meta name=\"description\" content=\"Si vous recherchez un cabinet d\u2019avocats qui propose des honoraires raisonnables et un suivi personnalis\u00e9, n\u2019h\u00e9sitez pas \u00e0 communiquer avec nous.\" \/>\n<meta name=\"robots\" content=\"noindex, follow, max-snippet:-1, max-image-preview:large, max-video-preview:-1\" \/>\n<meta property=\"og:locale\" content=\"fr_FR\" \/>\n<meta property=\"og:type\" content=\"article\" \/>\n<meta property=\"og:title\" content=\"Contact - Schneider Legal\" \/>\n<meta property=\"og:description\" content=\"Si vous recherchez un cabinet d\u2019avocats qui propose des honoraires raisonnables et un suivi personnalis\u00e9, n\u2019h\u00e9sitez pas \u00e0 communiquer avec nous.\" \/>\n<meta property=\"og:url\" content=\"https:\/\/staging.schneiderlegal.com\/contact\/\" \/>\n<meta property=\"og:site_name\" content=\"Schneider Legal\" \/>\n<meta property=\"article:modified_time\" content=\"2022-07-20T02:33:29+00:00\" \/>\n<meta name=\"twitter:card\" content=\"summary_large_image\" \/>\n<meta name=\"twitter:label1\" content=\"Est. reading time\" \/>\n\t<meta name=\"twitter:data1\" content=\"1 minute\" \/>\n<script type=\"application\/ld+json\" class=\"yoast-schema-graph\">{\"@context\":\"https:\/\/schema.org\",\"@graph\":[{\"@type\":\"WebPage\",\"@id\":\"https:\/\/staging.schneiderlegal.com\/contact\/\",\"url\":\"https:\/\/staging.schneiderlegal.com\/contact\/\",\"name\":\"Contact - Schneider Legal\",\"isPartOf\":{\"@id\":\"https:\/\/staging.schneiderlegal.com\/#website\"},\"datePublished\":\"2014-09-01T10:38:06+00:00\",\"dateModified\":\"2022-07-20T02:33:29+00:00\",\"description\":\"Si vous recherchez un cabinet d\u2019avocats qui propose des honoraires raisonnables et un suivi personnalis\u00e9, n\u2019h\u00e9sitez pas \u00e0 communiquer avec nous.\",\"breadcrumb\":{\"@id\":\"https:\/\/staging.schneiderlegal.com\/contact\/#breadcrumb\"},\"inLanguage\":\"fr-FR\",\"potentialAction\":[{\"@type\":\"ReadAction\",\"target\":[\"https:\/\/staging.schneiderlegal.com\/contact\/\"]}]},{\"@type\":\"BreadcrumbList\",\"@id\":\"https:\/\/staging.schneiderlegal.com\/contact\/#breadcrumb\",\"itemListElement\":[{\"@type\":\"ListItem\",\"position\":1,\"name\":\"Home\",\"item\":\"https:\/\/staging.schneiderlegal.com\/fr\/\"},{\"@type\":\"ListItem\",\"position\":2,\"name\":\"Contact\"}]},{\"@type\":\"WebSite\",\"@id\":\"https:\/\/staging.schneiderlegal.com\/#website\",\"url\":\"https:\/\/staging.schneiderlegal.com\/\",\"name\":\"Schneider Legal\",\"description\":\"Real Estate Lawyer Montreal - Estate Lawyer\",\"potentialAction\":[{\"@type\":\"SearchAction\",\"target\":{\"@type\":\"EntryPoint\",\"urlTemplate\":\"https:\/\/staging.schneiderlegal.com\/?s={search_term_string}\"},\"query-input\":{\"@type\":\"PropertyValueSpecification\",\"valueRequired\":true,\"valueName\":\"search_term_string\"}}],\"inLanguage\":\"fr-FR\"}]}<\/script>\n<!-- \/ Yoast SEO plugin. -->","yoast_head_json":{"title":"Contact - Schneider Legal","description":"Si vous recherchez un cabinet d\u2019avocats qui propose des honoraires raisonnables et un suivi personnalis\u00e9, n\u2019h\u00e9sitez pas \u00e0 communiquer avec nous.","robots":{"index":"noindex","follow":"follow","max-snippet":"max-snippet:-1","max-image-preview":"max-image-preview:large","max-video-preview":"max-video-preview:-1"},"og_locale":"fr_FR","og_type":"article","og_title":"Contact - Schneider Legal","og_description":"Si vous recherchez un cabinet d\u2019avocats qui propose des honoraires raisonnables et un suivi personnalis\u00e9, n\u2019h\u00e9sitez pas \u00e0 communiquer avec nous.","og_url":"https:\/\/staging.schneiderlegal.com\/contact\/","og_site_name":"Schneider Legal","article_modified_time":"2022-07-20T02:33:29+00:00","twitter_card":"summary_large_image","twitter_misc":{"Est. reading time":"1 minute"},"schema":{"@context":"https:\/\/schema.org","@graph":[{"@type":"WebPage","@id":"https:\/\/staging.schneiderlegal.com\/contact\/","url":"https:\/\/staging.schneiderlegal.com\/contact\/","name":"Contact - Schneider Legal","isPartOf":{"@id":"https:\/\/staging.schneiderlegal.com\/#website"},"datePublished":"2014-09-01T10:38:06+00:00","dateModified":"2022-07-20T02:33:29+00:00","description":"Si vous recherchez un cabinet d\u2019avocats qui propose des honoraires raisonnables et un suivi personnalis\u00e9, n\u2019h\u00e9sitez pas \u00e0 communiquer avec nous.","breadcrumb":{"@id":"https:\/\/staging.schneiderlegal.com\/contact\/#breadcrumb"},"inLanguage":"fr-FR","potentialAction":[{"@type":"ReadAction","target":["https:\/\/staging.schneiderlegal.com\/contact\/"]}]},{"@type":"BreadcrumbList","@id":"https:\/\/staging.schneiderlegal.com\/contact\/#breadcrumb","itemListElement":[{"@type":"ListItem","position":1,"name":"Home","item":"https:\/\/staging.schneiderlegal.com\/fr\/"},{"@type":"ListItem","position":2,"name":"Contact"}]},{"@type":"WebSite","@id":"https:\/\/staging.schneiderlegal.com\/#website","url":"https:\/\/staging.schneiderlegal.com\/","name":"Schneider Legal","description":"Real Estate Lawyer Montreal - Estate Lawyer","potentialAction":[{"@type":"SearchAction","target":{"@type":"EntryPoint","urlTemplate":"https:\/\/staging.schneiderlegal.com\/?s={search_term_string}"},"query-input":{"@type":"PropertyValueSpecification","valueRequired":true,"valueName":"search_term_string"}}],"inLanguage":"fr-FR"}]}},"_links":{"self":[{"href":"https:\/\/staging.schneiderlegal.com\/fr\/wp-json\/wp\/v2\/pages\/10880","targetHints":{"allow":["GET"]}}],"collection":[{"href":"https:\/\/staging.schneiderlegal.com\/fr\/wp-json\/wp\/v2\/pages"}],"about":[{"href":"https:\/\/staging.schneiderlegal.com\/fr\/wp-json\/wp\/v2\/types\/page"}],"author":[{"embeddable":true,"href":"https:\/\/staging.schneiderlegal.com\/fr\/wp-json\/wp\/v2\/users\/2"}],"replies":[{"embeddable":true,"href":"https:\/\/staging.schneiderlegal.com\/fr\/wp-json\/wp\/v2\/comments?post=10880"}],"version-history":[{"count":21,"href":"https:\/\/staging.schneiderlegal.com\/fr\/wp-json\/wp\/v2\/pages\/10880\/revisions"}],"predecessor-version":[{"id":38110,"href":"https:\/\/staging.schneiderlegal.com\/fr\/wp-json\/wp\/v2\/pages\/10880\/revisions\/38110"}],"wp:attachment":[{"href":"https:\/\/staging.schneiderlegal.com\/fr\/wp-json\/wp\/v2\/media?parent=10880"}],"curies":[{"name":"wp","href":"https:\/\/api.w.org\/{rel}","templated":true}]}}