{"id":10828,"date":"2015-12-12T13:33:05","date_gmt":"2015-12-12T13:33:05","guid":{"rendered":"http:\/\/schneiderlegal.preview.web22.propulsionweb.ca\/fr\/homepage-version-5\/"},"modified":"2023-12-16T23:35:54","modified_gmt":"2023-12-17T03:35:54","slug":"accueil-2","status":"publish","type":"page","link":"https:\/\/staging.schneiderlegal.com\/fr\/","title":{"rendered":"Accueil"},"content":{"rendered":"[vc_row fullwidth=&nbsp;&raquo;true&nbsp;&raquo;][vc_column][mk_edge_slider first_el=&nbsp;&raquo;true&nbsp;&raquo; swiper_bg=&nbsp;&raquo;#000000&Prime; order=&nbsp;&raquo;ASC&nbsp;&raquo; orderby=&nbsp;&raquo;menu_order&nbsp;&raquo; height=&nbsp;&raquo;1080&Prime; direction_nav=&nbsp;&raquo;slit&nbsp;&raquo; pagination=&nbsp;&raquo;small_dot_stroke&nbsp;&raquo; skip_arrow=&nbsp;&raquo;false&nbsp;&raquo; slides=&nbsp;&raquo;5078, 5082, 10871, 11646, 5083, 10875&Prime;][\/vc_column][\/vc_row][vc_row][vc_column][mk_padding_divider size=&nbsp;&raquo;75&Prime;][mk_fancy_title color=&nbsp;&raquo;#393836&Prime; size=&nbsp;&raquo;22&Prime; font_weight=&nbsp;&raquo;bold&nbsp;&raquo; txt_transform=&nbsp;&raquo;uppercase&nbsp;&raquo; letter_spacing=&nbsp;&raquo;1&Prime; margin_bottom=&nbsp;&raquo;0&Prime; font_family=&nbsp;&raquo;none&nbsp;&raquo; align=&nbsp;&raquo;center&nbsp;&raquo;]DOMAINES DE DROIT[\/mk_fancy_title][mk_divider style=&nbsp;&raquo;thin_solid&nbsp;&raquo; divider_width=&nbsp;&raquo;custom_width&nbsp;&raquo; custom_width=&nbsp;&raquo;25&Prime; thickness=&nbsp;&raquo;3&Prime;][\/vc_column][\/vc_row][mk_page_section][vc_column][vc_row_inner][vc_column_inner width=&nbsp;&raquo;1\/3&Prime;][mk_flipbox front_background_color=&nbsp;&raquo;#568db6&Prime; back_background_color=&nbsp;&raquo;#568db6&Prime; icon_type=&nbsp;&raquo;icon&nbsp;&raquo; icon=&nbsp;&raquo;mk-moon-home-2&Prime; icon_size=&nbsp;&raquo;128&Prime; icon_color=&nbsp;&raquo;#ffffff&nbsp;&raquo; front_title=&nbsp;&raquo;DROIT IMMOBILIER&nbsp;&raquo; front_title_size=&nbsp;&raquo;24&Prime; front_title_color=&nbsp;&raquo;#ffffff&nbsp;&raquo; back_desc=&nbsp;&raquo;Schneider Avocats est un cabinet d\u2019avocats en mesure d\u2019offrir \u00e0 ses clients une gamme compl\u00e8te de services juridiques relatifs au droit immobilier.&nbsp;&raquo; back_desc_size=&nbsp;&raquo;18&Prime; back_desc_color=&nbsp;&raquo;#ffffff&nbsp;&raquo; button_url=&nbsp;&raquo;\/fr\/droit-immobilier\/&nbsp;&raquo; button_text=&nbsp;&raquo;LIRE PLUS&nbsp;&raquo; button_bg_color=&nbsp;&raquo;#ffffff&nbsp;&raquo; button_bg_hover_color=&nbsp;&raquo;#e5e5e5&Prime; button_text_skin=&nbsp;&raquo;dark&nbsp;&raquo;][\/vc_column_inner][vc_column_inner width=&nbsp;&raquo;1\/3&Prime;][mk_flipbox front_background_color=&nbsp;&raquo;#568db6&Prime; back_background_color=&nbsp;&raquo;#568db6&Prime; icon_type=&nbsp;&raquo;icon&nbsp;&raquo; icon=&nbsp;&raquo;mk-moon-quill&nbsp;&raquo; icon_size=&nbsp;&raquo;128&Prime; icon_color=&nbsp;&raquo;#ffffff&nbsp;&raquo; front_title=&nbsp;&raquo;DROIT SUCCESSORAL&nbsp;&raquo; front_title_size=&nbsp;&raquo;24&Prime; front_title_color=&nbsp;&raquo;#ffffff&nbsp;&raquo; back_desc=&nbsp;&raquo;Chez Schneider Avocats, nous comprenons que les conflits dans le domaine successoral repr\u00e9sentent un fardeau pour les membres d\u2019une famille et de leurs proches.&nbsp;&raquo; back_desc_size=&nbsp;&raquo;18&Prime; back_desc_color=&nbsp;&raquo;#ffffff&nbsp;&raquo; button_url=&nbsp;&raquo;\/fr\/droit-successoral\/&nbsp;&raquo; button_text=&nbsp;&raquo;LIRE PLUS&nbsp;&raquo; button_bg_color=&nbsp;&raquo;#ffffff&nbsp;&raquo; button_bg_hover_color=&nbsp;&raquo;#e5e5e5&Prime; button_text_skin=&nbsp;&raquo;dark&nbsp;&raquo;][\/vc_column_inner][vc_column_inner width=&nbsp;&raquo;1\/3&Prime;][mk_flipbox front_background_color=&nbsp;&raquo;#568db6&Prime; back_background_color=&nbsp;&raquo;#568db6&Prime; icon_type=&nbsp;&raquo;icon&nbsp;&raquo; icon=&nbsp;&raquo;mk-moon-tools&nbsp;&raquo; icon_size=&nbsp;&raquo;128&Prime; icon_color=&nbsp;&raquo;#ffffff&nbsp;&raquo; front_title=&nbsp;&raquo;DROIT DE LA CONSTRUCTION &nbsp;&raquo; front_title_size=&nbsp;&raquo;24&Prime; front_title_color=&nbsp;&raquo;#ffffff&nbsp;&raquo; back_desc=&nbsp;&raquo;Nous repr\u00e9sentons sur une base quotidienne des propri\u00e9taires, des entrepreneurs dans le domaine de la construction, des fournisseurs et des gestionnaires d\u2019immeuble.&nbsp;&raquo; back_desc_size=&nbsp;&raquo;18&Prime; back_desc_color=&nbsp;&raquo;#ffffff&nbsp;&raquo; button_url=&nbsp;&raquo;\/fr\/droit-de-la-construction\/&nbsp;&raquo; button_text=&nbsp;&raquo;LIRE PLUS&nbsp;&raquo; button_bg_color=&nbsp;&raquo;#ffffff&nbsp;&raquo; button_bg_hover_color=&nbsp;&raquo;#e5e5e5&Prime; button_text_skin=&nbsp;&raquo;dark&nbsp;&raquo;][\/vc_column_inner][\/vc_row_inner][mk_padding_divider][vc_row_inner][vc_column_inner width=&nbsp;&raquo;1\/3&Prime;][mk_flipbox front_background_color=&nbsp;&raquo;#568db6&Prime; back_background_color=&nbsp;&raquo;#568db6&Prime; icon_type=&nbsp;&raquo;icon&nbsp;&raquo; icon=&nbsp;&raquo;mk-icon-legal&nbsp;&raquo; icon_size=&nbsp;&raquo;128&Prime; icon_color=&nbsp;&raquo;#ffffff&nbsp;&raquo; front_title=&nbsp;&raquo;LITIGE CIVIL ET COMMERCIAL&nbsp;&raquo; front_title_size=&nbsp;&raquo;24&Prime; front_title_color=&nbsp;&raquo;#ffffff&nbsp;&raquo; back_desc=&nbsp;&raquo;\u00c9tant un cabinet sp\u00e9cialis\u00e9 en litige civil et commercial, les avocats de Schneider Avocats sont d\u00e9termin\u00e9s \u00e0 d\u00e9fendre vigoureusement vos int\u00e9r\u00eats avec une approche orient\u00e9e vers les solutions.&nbsp;&raquo; back_desc_size=&nbsp;&raquo;18&Prime; back_desc_color=&nbsp;&raquo;#ffffff&nbsp;&raquo; button_url=&nbsp;&raquo;\/fr\/litige-civil-et-commercial\/&nbsp;&raquo; button_text=&nbsp;&raquo;LIRE PLUS&nbsp;&raquo; button_bg_color=&nbsp;&raquo;#ffffff&nbsp;&raquo; button_bg_hover_color=&nbsp;&raquo;#e5e5e5&Prime; button_text_skin=&nbsp;&raquo;dark&nbsp;&raquo;][\/vc_column_inner][vc_column_inner width=&nbsp;&raquo;1\/3&Prime;][mk_flipbox front_background_color=&nbsp;&raquo;#568db6&Prime; back_background_color=&nbsp;&raquo;#568db6&Prime; icon_type=&nbsp;&raquo;icon&nbsp;&raquo; icon=&nbsp;&raquo;mk-moon-user-7&Prime; icon_size=&nbsp;&raquo;128&Prime; icon_color=&nbsp;&raquo;#ffffff&nbsp;&raquo; front_title=&nbsp;&raquo;DROIT DU TRAVAIL&nbsp;&raquo; front_title_size=&nbsp;&raquo;24&Prime; front_title_color=&nbsp;&raquo;#ffffff&nbsp;&raquo; back_desc=&nbsp;&raquo;Nous apportons des solutions pratiques et cr\u00e9atives pouvant r\u00e9pondre \u00e0 tous vos besoins relatifs au droit du travail.&nbsp;&raquo; back_desc_size=&nbsp;&raquo;18&Prime; back_desc_color=&nbsp;&raquo;#ffffff&nbsp;&raquo; button_url=&nbsp;&raquo;\/fr\/droit-du-travail-2\/&nbsp;&raquo; button_text=&nbsp;&raquo;LIRE PLUS&nbsp;&raquo; button_bg_color=&nbsp;&raquo;#ffffff&nbsp;&raquo; button_bg_hover_color=&nbsp;&raquo;#e5e5e5&Prime; button_text_skin=&nbsp;&raquo;dark&nbsp;&raquo;][\/vc_column_inner][vc_column_inner width=&nbsp;&raquo;1\/3&Prime;][\/vc_column_inner][\/vc_row_inner][\/vc_column][\/mk_page_section][mk_page_section sidebar=&nbsp;&raquo;sidebar-1&Prime;][vc_column][mk_padding_divider][mk_fancy_title color=&nbsp;&raquo;#393836&Prime; size=&nbsp;&raquo;22&Prime; font_weight=&nbsp;&raquo;bold&nbsp;&raquo; txt_transform=&nbsp;&raquo;uppercase&nbsp;&raquo; letter_spacing=&nbsp;&raquo;1&Prime; margin_bottom=&nbsp;&raquo;0&Prime; font_family=&nbsp;&raquo;none&nbsp;&raquo; align=&nbsp;&raquo;center&nbsp;&raquo;]CAPSULES VID\u00c9OS[\/mk_fancy_title][mk_divider style=&nbsp;&raquo;thin_solid&nbsp;&raquo; divider_width=&nbsp;&raquo;custom_width&nbsp;&raquo; custom_width=&nbsp;&raquo;25&Prime; thickness=&nbsp;&raquo;3&Prime;][vc_row_inner][vc_column_inner width=&nbsp;&raquo;1\/2&Prime;][mk_padding_divider size=&nbsp;&raquo;25&Prime;][vc_column_text align=&nbsp;&raquo;center&nbsp;&raquo;]<strong>Droit immobilier\u00a0<\/strong>[\/vc_column_text][mk_theatre_slider host=&nbsp;&raquo;social_hosted&nbsp;&raquo; stream_video_id=&nbsp;&raquo;FTKqWp22RvU&nbsp;&raquo; align=&nbsp;&raquo;center&nbsp;&raquo;][\/vc_column_inner][vc_column_inner width=&nbsp;&raquo;1\/2&Prime;][mk_padding_divider size=&nbsp;&raquo;25&Prime;][vc_column_text align=&nbsp;&raquo;center&nbsp;&raquo;]<strong>Droit\u00a0successoral<\/strong>[\/vc_column_text][mk_theatre_slider host=&nbsp;&raquo;social_hosted&nbsp;&raquo; stream_video_id=&nbsp;&raquo;5EJzJWjS4ps&nbsp;&raquo; align=&nbsp;&raquo;center&nbsp;&raquo;][\/vc_column_inner][\/vc_row_inner][mk_padding_divider][mk_button dimension=&nbsp;&raquo;flat&nbsp;&raquo; size=&nbsp;&raquo;large&nbsp;&raquo; icon=&nbsp;&raquo;mk-li-video&nbsp;&raquo; url=&nbsp;&raquo;\/fr\/capsules-videos\/&nbsp;&raquo; align=&nbsp;&raquo;center&nbsp;&raquo; margin_right=&nbsp;&raquo;0&Prime;]EN VOIR PLUS[\/mk_button][\/vc_column][\/mk_page_section][vc_row][vc_column][mk_padding_divider size=&nbsp;&raquo;80&Prime;][\/vc_column][\/vc_row][mk_page_section bg_color=&nbsp;&raquo;#446f96&Prime; speed_factor=&nbsp;&raquo;4&Prime; min_height=&nbsp;&raquo;0&Prime; padding_top=&nbsp;&raquo;40&Prime; padding_bottom=&nbsp;&raquo;30&Prime; top_shape_color=&nbsp;&raquo;#ffffff&nbsp;&raquo; bottom_shape_color=&nbsp;&raquo;#ffffff&nbsp;&raquo; sidebar=&nbsp;&raquo;sidebar-1&Prime;][vc_column width=&nbsp;&raquo;2\/3&Prime;][mk_fancy_title color=&nbsp;&raquo;#ffffff&nbsp;&raquo; size=&nbsp;&raquo;25&Prime; font_weight=&nbsp;&raquo;bold&nbsp;&raquo; txt_transform=&nbsp;&raquo;uppercase&nbsp;&raquo; letter_spacing=&nbsp;&raquo;2&Prime; margin_top=&nbsp;&raquo;15&Prime; margin_bottom=&nbsp;&raquo;10&Prime; font_family=&nbsp;&raquo;none&nbsp;&raquo; align=&nbsp;&raquo;center&nbsp;&raquo;]N&rsquo;H\u00c9SITEZ \u00c0 COMMUNIQUER AVEC NOUS![\/mk_fancy_title][\/vc_column][vc_column width=&nbsp;&raquo;1\/3&Prime;][mk_padding_divider size=&nbsp;&raquo;4&Prime;][mk_button dimension=&nbsp;&raquo;flat&nbsp;&raquo; size=&nbsp;&raquo;large&nbsp;&raquo; icon=&nbsp;&raquo;mk-icon-phone&nbsp;&raquo; url=&nbsp;&raquo;\/fr\/contact\/&nbsp;&raquo; target=&nbsp;&raquo;_blank&nbsp;&raquo; bg_color=&nbsp;&raquo;#3d4045&Prime; btn_hover_bg=&nbsp;&raquo;#26282b&nbsp;&raquo;]CONTACTEZ-NOUS[\/mk_button][\/vc_column][\/mk_page_section][vc_row][vc_column width=&nbsp;&raquo;1\/4&Prime;][\/vc_column][vc_column width=&nbsp;&raquo;1\/2&Prime;][mk_padding_divider size=&nbsp;&raquo;80&Prime;][mk_fancy_title color=&nbsp;&raquo;#393836&Prime; size=&nbsp;&raquo;22&Prime; font_weight=&nbsp;&raquo;bold&nbsp;&raquo; txt_transform=&nbsp;&raquo;uppercase&nbsp;&raquo; letter_spacing=&nbsp;&raquo;1&Prime; margin_bottom=&nbsp;&raquo;0&Prime; font_family=&nbsp;&raquo;none&nbsp;&raquo; align=&nbsp;&raquo;center&nbsp;&raquo;]RENCONTREZ NOTRE \u00c9QUIPE[\/mk_fancy_title][mk_divider style=&nbsp;&raquo;thin_solid&nbsp;&raquo; divider_width=&nbsp;&raquo;custom_width&nbsp;&raquo; custom_width=&nbsp;&raquo;25&Prime; thickness=&nbsp;&raquo;3&Prime;][\/vc_column][vc_column width=&nbsp;&raquo;1\/4&Prime;][\/vc_column][\/vc_row][vc_row][vc_column][mk_employees rounded_image=&nbsp;&raquo;false&nbsp;&raquo; grayscale_image=&nbsp;&raquo;false&nbsp;&raquo; description=&nbsp;&raquo;false&nbsp;&raquo; employees=&nbsp;&raquo;36512, 36513, 42484, 42485, 53911, 53912, 53934, 53935, 11349, 11352&Prime;][mk_padding_divider][\/vc_column][\/vc_row][mk_page_section bg_color=&nbsp;&raquo;#446f96&Prime; speed_factor=&nbsp;&raquo;4&Prime; min_height=&nbsp;&raquo;0&Prime; padding_top=&nbsp;&raquo;40&Prime; padding_bottom=&nbsp;&raquo;30&Prime; top_shape_color=&nbsp;&raquo;#ffffff&nbsp;&raquo; bottom_shape_color=&nbsp;&raquo;#ffffff&nbsp;&raquo; sidebar=&nbsp;&raquo;sidebar-1&Prime;][vc_column][mk_fancy_title color=&nbsp;&raquo;#ffffff&nbsp;&raquo; size=&nbsp;&raquo;25&Prime; font_weight=&nbsp;&raquo;bold&nbsp;&raquo; txt_transform=&nbsp;&raquo;uppercase&nbsp;&raquo; letter_spacing=&nbsp;&raquo;2&Prime; margin_top=&nbsp;&raquo;15&Prime; margin_bottom=&nbsp;&raquo;10&Prime; font_family=&nbsp;&raquo;none&nbsp;&raquo; align=&nbsp;&raquo;center&nbsp;&raquo;]Tel que vu \u00e0 la t\u00e9l\u00e9vision[\/mk_fancy_title][\/vc_column][\/mk_page_section][mk_page_section sidebar=&nbsp;&raquo;sidebar-1&Prime;][vc_column][mk_clients height=&nbsp;&raquo;150&Prime; autoplay=&nbsp;&raquo;false&nbsp;&raquo;][\/vc_column][\/mk_page_section][mk_page_section bg_color=&nbsp;&raquo;#568db6&Prime; has_top_shape_divider=&nbsp;&raquo;true&nbsp;&raquo; top_shape_style=&nbsp;&raquo;folded-top&nbsp;&raquo; top_shape_size=&nbsp;&raquo;small&nbsp;&raquo; top_shape_color=&nbsp;&raquo;#ffffff&nbsp;&raquo; bottom_shape_color=&nbsp;&raquo;#ffffff&nbsp;&raquo; sidebar=&nbsp;&raquo;sidebar-1&Prime;][vc_column][mk_fancy_title color=&nbsp;&raquo;#ffffff&nbsp;&raquo; size=&nbsp;&raquo;22&Prime; font_weight=&nbsp;&raquo;bold&nbsp;&raquo; txt_transform=&nbsp;&raquo;uppercase&nbsp;&raquo; letter_spacing=&nbsp;&raquo;1&Prime; margin_bottom=&nbsp;&raquo;0&Prime; font_family=&nbsp;&raquo;none&nbsp;&raquo; align=&nbsp;&raquo;center&nbsp;&raquo;]DERNI\u00c8RES NOUVELLES[\/mk_fancy_title][mk_divider style=&nbsp;&raquo;thin_solid&nbsp;&raquo; divider_width=&nbsp;&raquo;custom_width&nbsp;&raquo; custom_width=&nbsp;&raquo;25&Prime; thin_single_color=&nbsp;&raquo;#ffffff&nbsp;&raquo; thickness=&nbsp;&raquo;3&Prime;][mk_blog_showcase excerpt_length=&nbsp;&raquo;100&Prime; el_class=&nbsp;&raquo;bloghome&nbsp;&raquo; cat=&nbsp;&raquo;71, 72&Prime;][mk_padding_divider size=&nbsp;&raquo;60&Prime;][\/vc_column][\/mk_page_section]\n","protected":false},"excerpt":{"rendered":"<p>[vc_row fullwidth=&nbsp;&raquo;true&nbsp;&raquo;][vc_column][mk_edge_slider first_el=&nbsp;&raquo;true&nbsp;&raquo; swiper_bg=&nbsp;&raquo;#000000&Prime; order=&nbsp;&raquo;ASC&nbsp;&raquo; orderby=&nbsp;&raquo;menu_order&nbsp;&raquo; height=&nbsp;&raquo;1080&Prime; direction_nav=&nbsp;&raquo;slit&nbsp;&raquo; pagination=&nbsp;&raquo;small_dot_stroke&nbsp;&raquo; skip_arrow=&nbsp;&raquo;false&nbsp;&raquo; slides=&nbsp;&raquo;5078, 5082, 10871, 11646, 5083, 10875&Prime;][\/vc_column][\/vc_row][vc_row][vc_column][mk_padding_divider size=&nbsp;&raquo;75&Prime;][mk_fancy_title color=&nbsp;&raquo;#393836&Prime; size=&nbsp;&raquo;22&Prime; font_weight=&nbsp;&raquo;bold&nbsp;&raquo; txt_transform=&nbsp;&raquo;uppercase&nbsp;&raquo; letter_spacing=&nbsp;&raquo;1&Prime; margin_bottom=&nbsp;&raquo;0&Prime; font_family=&nbsp;&raquo;none&nbsp;&raquo; align=&nbsp;&raquo;center&nbsp;&raquo;]DOMAINES DE DROIT[\/mk_fancy_title][mk_divider style=&nbsp;&raquo;thin_solid&nbsp;&raquo; divider_width=&nbsp;&raquo;custom_width&nbsp;&raquo; custom_width=&nbsp;&raquo;25&Prime; thickness=&nbsp;&raquo;3&Prime;][\/vc_column][\/vc_row][mk_page_section][vc_column][vc_row_inner][vc_column_inner width=&nbsp;&raquo;1\/3&Prime;][mk_flipbox front_background_color=&nbsp;&raquo;#568db6&Prime; back_background_color=&nbsp;&raquo;#568db6&Prime; icon_type=&nbsp;&raquo;icon&nbsp;&raquo; icon=&nbsp;&raquo;mk-moon-home-2&Prime; icon_size=&nbsp;&raquo;128&Prime; icon_color=&nbsp;&raquo;#ffffff&nbsp;&raquo; front_title=&nbsp;&raquo;DROIT IMMOBILIER&nbsp;&raquo; front_title_size=&nbsp;&raquo;24&Prime; front_title_color=&nbsp;&raquo;#ffffff&nbsp;&raquo; back_desc=&nbsp;&raquo;Schneider Avocats est un cabinet d\u2019avocats en mesure d\u2019offrir \u00e0 ses clients une [&hellip;]<\/p>\n","protected":false},"author":2,"featured_media":0,"parent":0,"menu_order":8,"comment_status":"open","ping_status":"closed","template":"","meta":{"footnotes":""},"class_list":["post-10828","page","type-page","status-publish","hentry"],"yoast_head":"<!-- This site is optimized with the Yoast SEO plugin v27.0 - https:\/\/yoast.com\/product\/yoast-seo-wordpress\/ -->\n<title>Avocats en immobilier et successions \u00e0 Montr\u00e9al - Schneider Legal<\/title>\n<meta name=\"description\" content=\"Schneider Avocats est un cabinet d\u2019avocats qui offre \u00e0 ses clients une gamme compl\u00e8te de services juridiques relatifs au droit immobilier et successoral.\" \/>\n<meta name=\"robots\" content=\"noindex, follow, max-snippet:-1, max-image-preview:large, max-video-preview:-1\" \/>\n<meta property=\"og:locale\" content=\"fr_FR\" \/>\n<meta property=\"og:type\" content=\"article\" \/>\n<meta property=\"og:title\" content=\"Avocats en immobilier et successions \u00e0 Montr\u00e9al - Schneider Legal\" \/>\n<meta property=\"og:description\" content=\"Schneider Avocats est un cabinet d\u2019avocats qui offre \u00e0 ses clients une gamme compl\u00e8te de services juridiques relatifs au droit immobilier et successoral.\" \/>\n<meta property=\"og:url\" content=\"https:\/\/staging.schneiderlegal.com\/fr\/\" \/>\n<meta property=\"og:site_name\" content=\"Schneider Legal\" \/>\n<meta property=\"article:modified_time\" content=\"2023-12-17T03:35:54+00:00\" \/>\n<meta name=\"twitter:card\" content=\"summary_large_image\" \/>\n<meta name=\"twitter:label1\" content=\"Est. reading time\" \/>\n\t<meta name=\"twitter:data1\" content=\"6 minutes\" \/>\n<script type=\"application\/ld+json\" class=\"yoast-schema-graph\">{\"@context\":\"https:\/\/schema.org\",\"@graph\":[{\"@type\":\"WebPage\",\"@id\":\"https:\/\/staging.schneiderlegal.com\/fr\/\",\"url\":\"https:\/\/staging.schneiderlegal.com\/fr\/\",\"name\":\"Avocats en immobilier et successions \u00e0 Montr\u00e9al - Schneider Legal\",\"isPartOf\":{\"@id\":\"https:\/\/staging.schneiderlegal.com\/#website\"},\"datePublished\":\"2015-12-12T13:33:05+00:00\",\"dateModified\":\"2023-12-17T03:35:54+00:00\",\"description\":\"Schneider Avocats est un cabinet d\u2019avocats qui offre \u00e0 ses clients une gamme compl\u00e8te de services juridiques relatifs au droit immobilier et successoral.\",\"breadcrumb\":{\"@id\":\"https:\/\/staging.schneiderlegal.com\/fr\/#breadcrumb\"},\"inLanguage\":\"fr-FR\",\"potentialAction\":[{\"@type\":\"ReadAction\",\"target\":[\"https:\/\/staging.schneiderlegal.com\/fr\/\"]}]},{\"@type\":\"BreadcrumbList\",\"@id\":\"https:\/\/staging.schneiderlegal.com\/fr\/#breadcrumb\",\"itemListElement\":[{\"@type\":\"ListItem\",\"position\":1,\"name\":\"Home\",\"item\":\"https:\/\/staging.schneiderlegal.com\/fr\/\"},{\"@type\":\"ListItem\",\"position\":2,\"name\":\"Accueil\"}]},{\"@type\":\"WebSite\",\"@id\":\"https:\/\/staging.schneiderlegal.com\/#website\",\"url\":\"https:\/\/staging.schneiderlegal.com\/\",\"name\":\"Schneider Legal\",\"description\":\"Real Estate Lawyer Montreal - Estate Lawyer\",\"potentialAction\":[{\"@type\":\"SearchAction\",\"target\":{\"@type\":\"EntryPoint\",\"urlTemplate\":\"https:\/\/staging.schneiderlegal.com\/?s={search_term_string}\"},\"query-input\":{\"@type\":\"PropertyValueSpecification\",\"valueRequired\":true,\"valueName\":\"search_term_string\"}}],\"inLanguage\":\"fr-FR\"}]}<\/script>\n<!-- \/ Yoast SEO plugin. -->","yoast_head_json":{"title":"Avocats en immobilier et successions \u00e0 Montr\u00e9al - Schneider Legal","description":"Schneider Avocats est un cabinet d\u2019avocats qui offre \u00e0 ses clients une gamme compl\u00e8te de services juridiques relatifs au droit immobilier et successoral.","robots":{"index":"noindex","follow":"follow","max-snippet":"max-snippet:-1","max-image-preview":"max-image-preview:large","max-video-preview":"max-video-preview:-1"},"og_locale":"fr_FR","og_type":"article","og_title":"Avocats en immobilier et successions \u00e0 Montr\u00e9al - Schneider Legal","og_description":"Schneider Avocats est un cabinet d\u2019avocats qui offre \u00e0 ses clients une gamme compl\u00e8te de services juridiques relatifs au droit immobilier et successoral.","og_url":"https:\/\/staging.schneiderlegal.com\/fr\/","og_site_name":"Schneider Legal","article_modified_time":"2023-12-17T03:35:54+00:00","twitter_card":"summary_large_image","twitter_misc":{"Est. reading time":"6 minutes"},"schema":{"@context":"https:\/\/schema.org","@graph":[{"@type":"WebPage","@id":"https:\/\/staging.schneiderlegal.com\/fr\/","url":"https:\/\/staging.schneiderlegal.com\/fr\/","name":"Avocats en immobilier et successions \u00e0 Montr\u00e9al - Schneider Legal","isPartOf":{"@id":"https:\/\/staging.schneiderlegal.com\/#website"},"datePublished":"2015-12-12T13:33:05+00:00","dateModified":"2023-12-17T03:35:54+00:00","description":"Schneider Avocats est un cabinet d\u2019avocats qui offre \u00e0 ses clients une gamme compl\u00e8te de services juridiques relatifs au droit immobilier et successoral.","breadcrumb":{"@id":"https:\/\/staging.schneiderlegal.com\/fr\/#breadcrumb"},"inLanguage":"fr-FR","potentialAction":[{"@type":"ReadAction","target":["https:\/\/staging.schneiderlegal.com\/fr\/"]}]},{"@type":"BreadcrumbList","@id":"https:\/\/staging.schneiderlegal.com\/fr\/#breadcrumb","itemListElement":[{"@type":"ListItem","position":1,"name":"Home","item":"https:\/\/staging.schneiderlegal.com\/fr\/"},{"@type":"ListItem","position":2,"name":"Accueil"}]},{"@type":"WebSite","@id":"https:\/\/staging.schneiderlegal.com\/#website","url":"https:\/\/staging.schneiderlegal.com\/","name":"Schneider Legal","description":"Real Estate Lawyer Montreal - Estate Lawyer","potentialAction":[{"@type":"SearchAction","target":{"@type":"EntryPoint","urlTemplate":"https:\/\/staging.schneiderlegal.com\/?s={search_term_string}"},"query-input":{"@type":"PropertyValueSpecification","valueRequired":true,"valueName":"search_term_string"}}],"inLanguage":"fr-FR"}]}},"_links":{"self":[{"href":"https:\/\/staging.schneiderlegal.com\/fr\/wp-json\/wp\/v2\/pages\/10828","targetHints":{"allow":["GET"]}}],"collection":[{"href":"https:\/\/staging.schneiderlegal.com\/fr\/wp-json\/wp\/v2\/pages"}],"about":[{"href":"https:\/\/staging.schneiderlegal.com\/fr\/wp-json\/wp\/v2\/types\/page"}],"author":[{"embeddable":true,"href":"https:\/\/staging.schneiderlegal.com\/fr\/wp-json\/wp\/v2\/users\/2"}],"replies":[{"embeddable":true,"href":"https:\/\/staging.schneiderlegal.com\/fr\/wp-json\/wp\/v2\/comments?post=10828"}],"version-history":[{"count":44,"href":"https:\/\/staging.schneiderlegal.com\/fr\/wp-json\/wp\/v2\/pages\/10828\/revisions"}],"predecessor-version":[{"id":53938,"href":"https:\/\/staging.schneiderlegal.com\/fr\/wp-json\/wp\/v2\/pages\/10828\/revisions\/53938"}],"wp:attachment":[{"href":"https:\/\/staging.schneiderlegal.com\/fr\/wp-json\/wp\/v2\/media?parent=10828"}],"curies":[{"name":"wp","href":"https:\/\/api.w.org\/{rel}","templated":true}]}}