{"id":10816,"date":"2016-07-14T03:26:12","date_gmt":"2016-07-14T03:26:12","guid":{"rendered":"http:\/\/schneiderlegal.preview.web22.propulsionweb.ca\/fr\/?page_id=10816"},"modified":"2016-08-03T17:26:22","modified_gmt":"2016-08-03T17:26:22","slug":"ma-part-de-l-heritage","status":"publish","type":"page","link":"https:\/\/staging.schneiderlegal.com\/fr\/ma-part-de-l-heritage\/","title":{"rendered":"MA PART DE L&rsquo;H\u00c9RITAGE"},"content":{"rendered":"[vc_row fullwidth=&nbsp;&raquo;true&nbsp;&raquo; css=&nbsp;&raquo;.vc_custom_1466444759232{border-bottom-width: 2px !important;padding-top: 0px !important;padding-right: 0px !important;padding-bottom: 0px !important;padding-left: 0px !important;border-bottom-color: #568db6 !important;border-bottom-style: solid !important;}&nbsp;&raquo;][vc_column][mk_page_title_box page_title=&nbsp;&raquo;MA PART DE L&rsquo;H\u00c9RITAGE&nbsp;&raquo; section_height=&nbsp;&raquo;300&Prime; bg_image=&nbsp;&raquo;http:\/\/schneiderlegal.preview.web22.propulsionweb.ca\/wp-content\/uploads\/2014\/08\/photodune-5630324-testament-and-pen-m.jpg&nbsp;&raquo; bg_position=&nbsp;&raquo;center center&nbsp;&raquo; bg_stretch=&nbsp;&raquo;true&nbsp;&raquo; font_size=&nbsp;&raquo;40&Prime; font_color=&nbsp;&raquo;#ffffff&nbsp;&raquo; font_weight=&nbsp;&raquo;bold&nbsp;&raquo; underline=&nbsp;&raquo;false&nbsp;&raquo; sub_font_size=&nbsp;&raquo;20&Prime; sub_font_color=&nbsp;&raquo;#ffffff&nbsp;&raquo; sub_font_weight=&nbsp;&raquo;bold&nbsp;&raquo; el_class=&nbsp;&raquo;titleshadow&nbsp;&raquo;][\/vc_column][\/vc_row][vc_row][vc_column][mk_padding_divider size=&nbsp;&raquo;75&Prime;][vc_column_text]\n<p style=\"text-align: justify;\">Quand vous ne serez plus l\u00e0, un liquidateur s\u2019occupera de la distribution de l\u2019h\u00e9ritage, mais parfois des complications se pr\u00e9sentent comme dans le cas suivant. Isabelle Beaulieu est d\u00e9c\u00e9d\u00e9e le 4 septembre 2010 cependant, trois ans plus tard, sa s\u0153ur Charlotte n\u2019a pas encore eu sa part de l\u2019h\u00e9ritage. Ceci peut vous para\u00eetre banal, mais Charlotte est une veuve de 82 ans qui a peur de nous quitter avant d\u2019avoir obtenu sa part.<\/p>\n<p style=\"text-align: justify;\">Isabelle est d\u00e9c\u00e9d\u00e9e le 4 septembre 2010 et un liquidateur devait s\u2019occuper de la distribution de l\u2019h\u00e9ritage. H\u00e9ritage de 350 000$, sans dette outre les taxes, simplement divis\u00e9 entre 3 parties. Vers le 5 f\u00e9vrier 2013, apr\u00e8s plus de 2 ans, la requ\u00e9rante envoya une lettre demandant une avance de paiement sur sa part due. Aucune r\u00e9ponse du liquidateur. Le 10 juin 2013, Charlotte envoya une seconde requ\u00eate et le 18 juin 2013 elle re\u00e7ut une lettre de l\u2019avocat du liquidateur lui refusant une avance de paiement de l\u2019h\u00e9ritage!<\/p>\n<p style=\"text-align: justify;\">La requ\u00e9rante, Charlotte, ne conna\u00eet aucun obstacle qui pourrait emp\u00eacher la fermeture et la disposition finale de l\u2019h\u00e9ritage. De plus, aucune explication ne lui a \u00e9t\u00e9 offerte pour justifier le d\u00e9lai.<\/p>\n<p style=\"text-align: justify;\">Pr\u00e9sentement, 3 ans plus tard, le liquidateur n\u2019a toujours pas distribu\u00e9 les actifs de la d\u00e9funte. Pire encore, aucune date limite n\u2019a \u00e9t\u00e9 pr\u00e9sent\u00e9e et le liquidateur n\u2019a pas d\u2019estimation du temps requis pour le partage des actifs de l\u2019h\u00e9ritage.<\/p>\n<p style=\"text-align: justify;\">Charlotte \u00e0 82 ans, va-t-elle pouvoir profiter du peu qu\u2019il lui reste \u00e0 vivre? Cette situation doit maintenant \u00eatre r\u00e9solue par le tribunal, ce qui n\u2019aurait pas d\u00fb \u00eatre le cas.<\/p>\n<p style=\"text-align: justify;\">Malheureusement, ce type de situation fait partie d\u2019un \u00e9ventail de probl\u00e8mes devenus r\u00e9currents dans le domaine successoral. Mais comment vous y prendre?<\/p>\n<p style=\"text-align: justify;\"><strong>Qu\u2019entraine la contestation d\u2019un testament?<\/strong><\/p>\n<p style=\"text-align: justify;\">Avant d\u2019entreprendre la contestation d\u2019un testament, examinons rapidement ce qui doit se retrouver dans celui-ci. Au Qu\u00e9bec, nous jouissons du principe de la libert\u00e9 de tester, ce qui veut dire que n\u2019importe quelle clause, sous r\u00e9serve du respect de l\u2019ordre public, peut \u00eatre incluse au testament et ce, avec tr\u00e8s peu de restrictions l\u00e9gales. En r\u00e8gle g\u00e9n\u00e9rale, le testament va pr\u00e9ciser la fa\u00e7on dont les actifs seront divis\u00e9s ainsi que la mani\u00e8re dont la succession sera g\u00e9r\u00e9e afin d\u2019att\u00e9nuer les co\u00fbts d\u00e9coulant des transactions pertinentes. On peut d\u00e9signer des legs sp\u00e9cifiques afin de l\u00e9guer des biens particuliers \u00e0 une personne pr\u00e9cise et\/ou on peut nommer un liquidateur qui aura la responsabilit\u00e9 de diviser tous les actifs entre les ayants cause.<\/p>\n<p style=\"text-align: justify;\">Lors de la r\u00e9daction du testament, l\u2019\u00e9l\u00e9ment le plus important concerne la s\u00e9lection du liquidateur. Il s\u2019agit d\u2019une \u00e9norme responsabilit\u00e9. La caract\u00e9ristique la plus importante lors de la s\u00e9lection d\u2019un liquidateur est d\u2019avoir confiance en lui, car le liquidateur aura acc\u00e8s aux comptes de banque du d\u00e9funt afin de liquider les dettes de la succession et de diviser les actifs entre les h\u00e9ritiers. Dit autrement, le liquidateur doit \u00eatre honn\u00eate et fiable. Par ailleurs, le liquidateur doit \u00eatre capable de demeurer neutre et objectif si un conflit entre les h\u00e9ritiers devait se produire.<\/p>\n<p style=\"text-align: justify;\">Lorsque vous n\u2019\u00eates pas nomm\u00e9 dans un testament, que votre part ne semble pas juste, ou pour toute autre raison qui pourrait engendrer la contestation du testament, il faut se poser les questions suivantes\u00a0:<\/p>\n<p style=\"text-align: justify;\">&#8211; Vous sentez-vous l\u00e9s\u00e9 ou trich\u00e9?<\/p>\n<p style=\"text-align: justify;\">&#8211; Est-ce que ce testament repr\u00e9sente v\u00e9ritablement les derni\u00e8res volont\u00e9s du d\u00e9funt?<\/p>\n<p style=\"text-align: justify;\">&#8211; Contestez-vous la validit\u00e9 l\u00e9gale du testament?<\/p>\n<p style=\"text-align: justify;\">Plusieurs situations peuvent entrainer la contestation d\u2019un testament, notamment<\/p>\n<ol style=\"text-align: justify;\">\n<li>la perte de la capacit\u00e9 de tester du d\u00e9funt;<\/li>\n<li>le non-respect des formalit\u00e9s du testament; ou<\/li>\n<li>la pr\u00e9sence d\u2019une influence excessive ou indue, appel\u00e9 la captation<\/li>\n<\/ol>\n<p style=\"text-align: justify;\">En ce qui concerne la capacit\u00e9 de tester, il faut examiner si le d\u00e9funt avait la capacit\u00e9 de consentir, d\u2019un point de vue l\u00e9gal, en d\u2019autres mots, s\u2019il avait la capacit\u00e9 mentale de faire un testament. Par exemple, on peut all\u00e9guer que le d\u00e9funt souffrait d\u2019Alzheimer.<\/p>\n<p style=\"text-align: justify;\">Il faut d\u00e9montrer qu\u2019il avait la capacit\u00e9 ou non de tester au moment o\u00f9 le testament a \u00e9t\u00e9 r\u00e9dig\u00e9. Par exemple, le testateur peut avoir r\u00e9dig\u00e9 son testament alors qu\u2019il \u00e9tait sous l\u2019influence d\u2019une drogue quelconque. Bien que sain d\u2019esprit, le testateur n\u2019avait pas la capacit\u00e9 de tester au moment de la r\u00e9daction.<\/p>\n<p style=\"text-align: justify;\">Par rapport aux formalit\u00e9s, on peut v\u00e9rifier si le testament olographe a \u00e9t\u00e9 enti\u00e8rement r\u00e9dig\u00e9 et sign\u00e9 par le d\u00e9funt sans moyen m\u00e9canique ou s\u2019il a \u00e9t\u00e9 sign\u00e9 devant deux t\u00e9moins.<\/p>\n<p style=\"text-align: justify;\">Pour ce qui est de l\u2019influence excessive, il est question de d\u00e9montrer que le testament ne repr\u00e9sente pas v\u00e9ritablement les derni\u00e8res volont\u00e9s du d\u00e9funt. On recherche ici des circonstances louches, tel un d\u00e9funt, d\u00e9pendant de l\u2019un de ses enfants, lui a tout laiss\u00e9 au d\u00e9triment des autres, un professionnel de la sant\u00e9 h\u00e9rite lorsque le testament fut \u00e9crit lorsque le d\u00e9funt \u00e9tait sous ses soins ou pour toute autre situation d\u2019escroquerie.<\/p>\n<p style=\"text-align: justify;\">L\u2019important \u00e0 retenir, c\u2019est qu\u2019il s\u2019agit du cas par cas. Chaque situation doit \u00eatre \u00e9tudi\u00e9e et \u00e9valu\u00e9e selon ses propres circonstances.<\/p>\n<p><a href=\"#_ftnref1\" name=\"_ftn1\"><\/a>[\/vc_column_text][mk_divider style=&nbsp;&raquo;shadow_line&nbsp;&raquo; margin_bottom=&nbsp;&raquo;50&Prime;][vc_column_text]\n<p style=\"text-align: justify;\">Si vous recherchez un cabinet d\u2019avocat qui propose des honoraires raisonnables, un traitement rapide et efficace de vos dossiers et un suivi personnalis\u00e9 et efficace, n\u2019h\u00e9sitez pas \u00e0 communiquer avec Schneider Avocats\u00a0au (514) 439-1322 ext. 112 ou par courriel \u00e0 l\u2019adresse :\u00a0<a href=\"mailto:info@schneiderlegal.com\">info@schneiderlegal.com<\/a><\/p>\n[\/vc_column_text][mk_divider style=&nbsp;&raquo;shadow_line&nbsp;&raquo; margin_bottom=&nbsp;&raquo;50&Prime;][vc_column_text]\n<p style=\"text-align: justify; font-size: 10px;\"><i><span lang=\"FR-CA\">Le processus pr\u00e9sent\u00e9 ci-dessus ne constitue qu\u2019un outil de r\u00e9f\u00e9rence et ne comporte aucune garantie relative \u00e0 votre dossier. Nous vous recommandons fortement de recourir aux conseils juridiques d\u2019un avocat, membre en r\u00e8gle du Barreau du Qu\u00e9bec. Les particularit\u00e9s propres \u00e0 chaque cas d\u2019esp\u00e8ce doivent faire l\u2019objet d\u2019une analyse exhaustive puisque le processus peut s\u2019av\u00e9rer complexe et techniquement difficile.<\/span><\/i><\/p>\n[\/vc_column_text][mk_padding_divider][\/vc_column][\/vc_row]\n","protected":false},"excerpt":{"rendered":"<p>[vc_row fullwidth=&nbsp;&raquo;true&nbsp;&raquo; css=&nbsp;&raquo;.vc_custom_1466444759232{border-bottom-width: 2px !important;padding-top: 0px !important;padding-right: 0px !important;padding-bottom: 0px !important;padding-left: 0px !important;border-bottom-color: #568db6 !important;border-bottom-style: solid !important;}&nbsp;&raquo;][vc_column][mk_page_title_box page_title=&nbsp;&raquo;MA PART DE L&rsquo;H\u00c9RITAGE&nbsp;&raquo; section_height=&nbsp;&raquo;300&Prime; bg_image=&nbsp;&raquo;http:\/\/schneiderlegal.preview.web22.propulsionweb.ca\/wp-content\/uploads\/2014\/08\/photodune-5630324-testament-and-pen-m.jpg&nbsp;&raquo; bg_position=&nbsp;&raquo;center center&nbsp;&raquo; bg_stretch=&nbsp;&raquo;true&nbsp;&raquo; font_size=&nbsp;&raquo;40&Prime; font_color=&nbsp;&raquo;#ffffff&nbsp;&raquo; font_weight=&nbsp;&raquo;bold&nbsp;&raquo; underline=&nbsp;&raquo;false&nbsp;&raquo; sub_font_size=&nbsp;&raquo;20&Prime; sub_font_color=&nbsp;&raquo;#ffffff&nbsp;&raquo; sub_font_weight=&nbsp;&raquo;bold&nbsp;&raquo; el_class=&nbsp;&raquo;titleshadow&nbsp;&raquo;][\/vc_column][\/vc_row][vc_row][vc_column][mk_padding_divider size=&nbsp;&raquo;75&Prime;][vc_column_text] Quand vous ne serez plus l\u00e0, un liquidateur s\u2019occupera de la distribution de l\u2019h\u00e9ritage, mais parfois des complications se pr\u00e9sentent [&hellip;]<\/p>\n","protected":false},"author":2,"featured_media":0,"parent":0,"menu_order":0,"comment_status":"open","ping_status":"closed","template":"","meta":{"footnotes":""},"class_list":["post-10816","page","type-page","status-publish","hentry"],"yoast_head":"<!-- This site is optimized with the Yoast SEO plugin v27.0 - https:\/\/yoast.com\/product\/yoast-seo-wordpress\/ -->\n<title>Ma part de l&#039;h\u00e9ritage - Schneider Legal - Avocat en droit successoral<\/title>\n<meta name=\"description\" content=\"Quand vous ne serez plus l\u00e0, un liquidateur s\u2019occupera de la distribution de l\u2019h\u00e9ritage, mais parfois des complications se pr\u00e9sentent.\" \/>\n<meta name=\"robots\" content=\"noindex, follow, max-snippet:-1, max-image-preview:large, max-video-preview:-1\" \/>\n<meta property=\"og:locale\" content=\"fr_FR\" \/>\n<meta property=\"og:type\" content=\"article\" \/>\n<meta property=\"og:title\" content=\"Ma part de l&#039;h\u00e9ritage - Schneider Legal - Avocat en droit successoral\" \/>\n<meta property=\"og:description\" content=\"Quand vous ne serez plus l\u00e0, un liquidateur s\u2019occupera de la distribution de l\u2019h\u00e9ritage, mais parfois des complications se pr\u00e9sentent.\" \/>\n<meta property=\"og:url\" content=\"https:\/\/staging.schneiderlegal.com\/fr\/ma-part-de-l-heritage\/\" \/>\n<meta property=\"og:site_name\" content=\"Schneider Legal\" \/>\n<meta property=\"article:modified_time\" content=\"2016-08-03T17:26:22+00:00\" \/>\n<meta name=\"twitter:card\" content=\"summary_large_image\" \/>\n<meta name=\"twitter:label1\" content=\"Est. reading time\" \/>\n\t<meta name=\"twitter:data1\" content=\"6 minutes\" \/>\n<script type=\"application\/ld+json\" class=\"yoast-schema-graph\">{\"@context\":\"https:\/\/schema.org\",\"@graph\":[{\"@type\":\"WebPage\",\"@id\":\"https:\/\/staging.schneiderlegal.com\/fr\/ma-part-de-l-heritage\/\",\"url\":\"https:\/\/staging.schneiderlegal.com\/fr\/ma-part-de-l-heritage\/\",\"name\":\"Ma part de l'h\u00e9ritage - Schneider Legal - Avocat en droit successoral\",\"isPartOf\":{\"@id\":\"https:\/\/staging.schneiderlegal.com\/#website\"},\"datePublished\":\"2016-07-14T03:26:12+00:00\",\"dateModified\":\"2016-08-03T17:26:22+00:00\",\"description\":\"Quand vous ne serez plus l\u00e0, un liquidateur s\u2019occupera de la distribution de l\u2019h\u00e9ritage, mais parfois des complications se pr\u00e9sentent.\",\"breadcrumb\":{\"@id\":\"https:\/\/staging.schneiderlegal.com\/fr\/ma-part-de-l-heritage\/#breadcrumb\"},\"inLanguage\":\"fr-FR\",\"potentialAction\":[{\"@type\":\"ReadAction\",\"target\":[\"https:\/\/staging.schneiderlegal.com\/fr\/ma-part-de-l-heritage\/\"]}]},{\"@type\":\"BreadcrumbList\",\"@id\":\"https:\/\/staging.schneiderlegal.com\/fr\/ma-part-de-l-heritage\/#breadcrumb\",\"itemListElement\":[{\"@type\":\"ListItem\",\"position\":1,\"name\":\"Home\",\"item\":\"https:\/\/staging.schneiderlegal.com\/fr\/\"},{\"@type\":\"ListItem\",\"position\":2,\"name\":\"MA PART DE L&#8217;H\u00c9RITAGE\"}]},{\"@type\":\"WebSite\",\"@id\":\"https:\/\/staging.schneiderlegal.com\/#website\",\"url\":\"https:\/\/staging.schneiderlegal.com\/\",\"name\":\"Schneider Legal\",\"description\":\"Real Estate Lawyer Montreal - Estate Lawyer\",\"potentialAction\":[{\"@type\":\"SearchAction\",\"target\":{\"@type\":\"EntryPoint\",\"urlTemplate\":\"https:\/\/staging.schneiderlegal.com\/?s={search_term_string}\"},\"query-input\":{\"@type\":\"PropertyValueSpecification\",\"valueRequired\":true,\"valueName\":\"search_term_string\"}}],\"inLanguage\":\"fr-FR\"}]}<\/script>\n<!-- \/ Yoast SEO plugin. -->","yoast_head_json":{"title":"Ma part de l'h\u00e9ritage - Schneider Legal - Avocat en droit successoral","description":"Quand vous ne serez plus l\u00e0, un liquidateur s\u2019occupera de la distribution de l\u2019h\u00e9ritage, mais parfois des complications se pr\u00e9sentent.","robots":{"index":"noindex","follow":"follow","max-snippet":"max-snippet:-1","max-image-preview":"max-image-preview:large","max-video-preview":"max-video-preview:-1"},"og_locale":"fr_FR","og_type":"article","og_title":"Ma part de l'h\u00e9ritage - Schneider Legal - Avocat en droit successoral","og_description":"Quand vous ne serez plus l\u00e0, un liquidateur s\u2019occupera de la distribution de l\u2019h\u00e9ritage, mais parfois des complications se pr\u00e9sentent.","og_url":"https:\/\/staging.schneiderlegal.com\/fr\/ma-part-de-l-heritage\/","og_site_name":"Schneider Legal","article_modified_time":"2016-08-03T17:26:22+00:00","twitter_card":"summary_large_image","twitter_misc":{"Est. reading time":"6 minutes"},"schema":{"@context":"https:\/\/schema.org","@graph":[{"@type":"WebPage","@id":"https:\/\/staging.schneiderlegal.com\/fr\/ma-part-de-l-heritage\/","url":"https:\/\/staging.schneiderlegal.com\/fr\/ma-part-de-l-heritage\/","name":"Ma part de l'h\u00e9ritage - Schneider Legal - Avocat en droit successoral","isPartOf":{"@id":"https:\/\/staging.schneiderlegal.com\/#website"},"datePublished":"2016-07-14T03:26:12+00:00","dateModified":"2016-08-03T17:26:22+00:00","description":"Quand vous ne serez plus l\u00e0, un liquidateur s\u2019occupera de la distribution de l\u2019h\u00e9ritage, mais parfois des complications se pr\u00e9sentent.","breadcrumb":{"@id":"https:\/\/staging.schneiderlegal.com\/fr\/ma-part-de-l-heritage\/#breadcrumb"},"inLanguage":"fr-FR","potentialAction":[{"@type":"ReadAction","target":["https:\/\/staging.schneiderlegal.com\/fr\/ma-part-de-l-heritage\/"]}]},{"@type":"BreadcrumbList","@id":"https:\/\/staging.schneiderlegal.com\/fr\/ma-part-de-l-heritage\/#breadcrumb","itemListElement":[{"@type":"ListItem","position":1,"name":"Home","item":"https:\/\/staging.schneiderlegal.com\/fr\/"},{"@type":"ListItem","position":2,"name":"MA PART DE L&#8217;H\u00c9RITAGE"}]},{"@type":"WebSite","@id":"https:\/\/staging.schneiderlegal.com\/#website","url":"https:\/\/staging.schneiderlegal.com\/","name":"Schneider Legal","description":"Real Estate Lawyer Montreal - Estate Lawyer","potentialAction":[{"@type":"SearchAction","target":{"@type":"EntryPoint","urlTemplate":"https:\/\/staging.schneiderlegal.com\/?s={search_term_string}"},"query-input":{"@type":"PropertyValueSpecification","valueRequired":true,"valueName":"search_term_string"}}],"inLanguage":"fr-FR"}]}},"_links":{"self":[{"href":"https:\/\/staging.schneiderlegal.com\/fr\/wp-json\/wp\/v2\/pages\/10816","targetHints":{"allow":["GET"]}}],"collection":[{"href":"https:\/\/staging.schneiderlegal.com\/fr\/wp-json\/wp\/v2\/pages"}],"about":[{"href":"https:\/\/staging.schneiderlegal.com\/fr\/wp-json\/wp\/v2\/types\/page"}],"author":[{"embeddable":true,"href":"https:\/\/staging.schneiderlegal.com\/fr\/wp-json\/wp\/v2\/users\/2"}],"replies":[{"embeddable":true,"href":"https:\/\/staging.schneiderlegal.com\/fr\/wp-json\/wp\/v2\/comments?post=10816"}],"version-history":[{"count":1,"href":"https:\/\/staging.schneiderlegal.com\/fr\/wp-json\/wp\/v2\/pages\/10816\/revisions"}],"predecessor-version":[{"id":10817,"href":"https:\/\/staging.schneiderlegal.com\/fr\/wp-json\/wp\/v2\/pages\/10816\/revisions\/10817"}],"wp:attachment":[{"href":"https:\/\/staging.schneiderlegal.com\/fr\/wp-json\/wp\/v2\/media?parent=10816"}],"curies":[{"name":"wp","href":"https:\/\/api.w.org\/{rel}","templated":true}]}}