{"id":10812,"date":"2016-07-01T04:30:37","date_gmt":"2016-07-01T04:30:37","guid":{"rendered":"http:\/\/schneiderlegal.preview.web22.propulsionweb.ca\/fr\/delays-of-the-estate\/"},"modified":"2016-08-03T17:32:56","modified_gmt":"2016-08-03T17:32:56","slug":"delai-en-matiere-successorale-et-la-prescription","status":"publish","type":"page","link":"https:\/\/staging.schneiderlegal.com\/fr\/delai-en-matiere-successorale-et-la-prescription\/","title":{"rendered":"D\u00c9LAIS EN MATI\u00c8RE SUCCESSORALE ET LA PRESCRIPTION"},"content":{"rendered":"[vc_row fullwidth=&nbsp;&raquo;true&nbsp;&raquo; css=&nbsp;&raquo;.vc_custom_1466444759232{border-bottom-width: 2px !important;padding-top: 0px !important;padding-right: 0px !important;padding-bottom: 0px !important;padding-left: 0px !important;border-bottom-color: #568db6 !important;border-bottom-style: solid !important;}&nbsp;&raquo;][vc_column][mk_page_title_box page_title=&nbsp;&raquo;D\u00c9LAI EN MATI\u00c8RE SUCCESSORALE ET LA PRESCRIPTION&nbsp;&raquo; section_height=&nbsp;&raquo;300&Prime; bg_image=&nbsp;&raquo;http:\/\/schneiderlegal.preview.web22.propulsionweb.ca\/wp-content\/uploads\/2016\/07\/photodune-763878-clock-m.jpg&nbsp;&raquo; bg_position=&nbsp;&raquo;center center&nbsp;&raquo; bg_stretch=&nbsp;&raquo;true&nbsp;&raquo; overlay=&nbsp;&raquo;rgba(0,0,0,0.3)&nbsp;&raquo; font_size=&nbsp;&raquo;40&Prime; font_color=&nbsp;&raquo;#ffffff&nbsp;&raquo; font_weight=&nbsp;&raquo;bold&nbsp;&raquo; underline=&nbsp;&raquo;false&nbsp;&raquo; sub_font_size=&nbsp;&raquo;20&Prime; sub_font_color=&nbsp;&raquo;#ffffff&nbsp;&raquo; sub_font_weight=&nbsp;&raquo;bold&nbsp;&raquo; el_class=&nbsp;&raquo;titleshadow&nbsp;&raquo;][\/vc_column][\/vc_row][vc_row][vc_column][mk_padding_divider size=&nbsp;&raquo;75&Prime;][vc_column_text]\n<p style=\"text-align: justify;\">En mati\u00e8re successorale, il existe plusieurs d\u00e9lais tr\u00e8s importants. Lorsque ceux-ci sont d\u00e9pass\u00e9s, il s\u2019op\u00e8re ce qu\u2019on appelle, dans le droit qu\u00e9b\u00e9cois, la \u00ab\u00a0prescription extinctive\u00a0\u00bb, c\u2019est-\u00e0-dire la perte d\u2019un droit quelconque par le simple \u00e9coulement du temps. En droit successoral, celle-ci s\u2019applique diff\u00e9remment, selon le cas :<\/p>\n<p style=\"text-align: justify;\"><strong>1<sup>er<\/sup> cas<\/strong><strong>\u00a0<\/strong><\/p>\n<p style=\"text-align: justify;\">L\u2019h\u00e9ritier a un d\u00e9lai de <u>six (6) mois<\/u>, \u00e0 compter du jour o\u00f9 son droit est ouvert, pour d\u00e9lib\u00e9rer et exercer son option d\u2019accepter ou de refuser la succession. Si l\u2019h\u00e9ritier conna\u00eet sa qualit\u00e9 d\u2019h\u00e9ritier et ne renonce pas \u00e0 la succession dans les d\u00e9lais, il est pr\u00e9sum\u00e9 avoir accept\u00e9. (Art. 632-633 du <em>Code Civil du Qu\u00e9bec<\/em>).<\/p>\n<p style=\"text-align: justify;\"><strong>2<sup>\u00e8me <\/sup>cas<\/strong><\/p>\n<p style=\"text-align: justify;\">Si l\u2019h\u00e9ritier a ignor\u00e9 sa qualit\u00e9, car personne ne l\u2019a inform\u00e9 ou ne l\u2019a pas fait conna\u00eetre pendant <u>10 ans,<\/u> \u00e0 compter du jour o\u00f9 son droit s\u2019est ouvert, il est r\u00e9put\u00e9 avoir renonc\u00e9 \u00e0 la succession et son droit \u00e0 l\u2019h\u00e9ritage sera alors prescrit. (Article 650 du <em>Code civil du Qu\u00e9bec<\/em>)<\/p>\n<p style=\"text-align: justify;\"><strong>3<sup>\u00e8me<\/sup> cas<\/strong><\/p>\n<p style=\"text-align: justify;\">L\u2019h\u00e9ritier qui a refus\u00e9 la succession conserve pendant <u>10 ans<\/u>, \u00e0 partir du jour o\u00f9 son droit s\u2019est ouvert et si aucune autre personne n\u2019a accept\u00e9 la succession, la facult\u00e9 d\u2019accepter la succession. (Art.649 du <em>Code civil du Qu\u00e9bec<\/em>)<\/p>\n<p style=\"text-align: justify;\"><strong>4<sup>\u00e8me<\/sup> cas<\/strong><\/p>\n<p style=\"text-align: justify;\">Si vous \u00eates l\u2019h\u00e9ritier d\u2019un mineur ou d\u2019un majeur prot\u00e9g\u00e9, sans m\u00eame formuler de r\u00e9ponse, vous \u00eates r\u00e9put\u00e9 avoir accept\u00e9 la succession, sauf si vous manifestez votre refus. (Art. 638 du <em>Code civil du Qu\u00e9bec<\/em>)<\/p>\n<p style=\"text-align: justify;\"><strong>5<sup>\u00e8me<\/sup> cas<\/strong><\/p>\n<p style=\"text-align: justify;\">Le simple fait du liquidateur de confondre les biens du d\u00e9funt avec ses biens personnels emporte acceptation de la succession (Art.639 du <em>Code civil du Qu\u00e9bec<\/em>)<\/p>\n<p style=\"text-align: justify;\"><strong>6<sup>i\u00e8me<\/sup> cas<\/strong><\/p>\n<p style=\"text-align: justify;\">Tout cr\u00e9ancier d\u2019aliments peut, dans les <u>six (6) mois<\/u> qui suivent le d\u00e9c\u00e8s, r\u00e9clamer de la succession une contribution financi\u00e8re \u00e0 titre d\u2019aliments.<\/p>\n<p style=\"text-align: justify;\"><strong>7<sup>i\u00e8me<\/sup> cas\u00a0:<\/strong><\/p>\n<p style=\"text-align: justify;\">Le d\u00e9lai accord\u00e9 au conjoint survivant, pour accepter ou renoncer au partage des acqu\u00eats et du patrimoine familial ainsi que pour la prestation compensatoire, est d\u2019<u>un (1) an<\/u> (article 469, 423 et 2928 du <em>Code civil du Qu\u00e9bec<\/em>).<\/p>\n<p style=\"text-align: justify;\"><strong>8<sup>i\u00e8me<\/sup> cas\u00a0:<\/strong><\/p>\n<p style=\"text-align: justify;\">Le liquidateur devra faire l\u2019inventaire le plus rapidement possible. Cependant, il est logique de conclure que le liquidateur devrait faire l\u2019inventaire dans le m\u00eame d\u00e9lai de <u>six (6) mois<\/u> \u00e0 compter de l\u2019ouverture de la succession.<\/p>\n<p style=\"text-align: justify;\">Rappelons les sanctions pr\u00e9vues aux articles 640 et 800 du <em>Code civil du Qu\u00e9bec<\/em> pour l\u2019h\u00e9ritier qui sait que le liquidateur tente de se soustraire \u00e0 l\u2019obligation de faire inventaire.<\/p>\n<p style=\"text-align: justify;\"><strong>9<sup>i\u00e8me<\/sup> cas\u00a0:<\/strong><\/p>\n<p style=\"text-align: justify;\">Si la liquidation se prolonge au-del\u00e0 d\u2019une ann\u00e9e, le liquidateur doit, \u00e0 la fin de la premi\u00e8re ann\u00e9e et, par la suite, au moins une fois l\u2019an, rendre un compte annuel de gestion aux h\u00e9ritiers, cr\u00e9anciers et l\u00e9gataires particuliers.<\/p>\n<p style=\"text-align: justify;\">Il ressort ainsi, d\u2019apr\u00e8s ces diff\u00e9rents cas, quelques questions essentielles \u00e0 vous poser suite au d\u00e9c\u00e8s d\u2019un proche\u00a0:<\/p>\n<p style=\"text-align: justify;\">1-Le d\u00e9funt a-t-il un testament?<\/p>\n<p style=\"text-align: justify;\">2- \u00cates-vous h\u00e9ritier?<\/p>\n<p style=\"text-align: justify;\">3- L\u2019inventaire successoral a-t-il \u00e9t\u00e9 effectu\u00e9?<\/p>\n<p style=\"text-align: justify;\">4- Le d\u00e9funt \u00e9tait-il un mineur ou un majeur prot\u00e9g\u00e9?<\/p>\n<p style=\"text-align: justify;\">5- Est-ce que des objets personnels du d\u00e9funt ont chang\u00e9 de mains?<\/p>\n<p><a href=\"#_ftnref1\" name=\"_ftn1\"><\/a>[\/vc_column_text][mk_divider style=&nbsp;&raquo;shadow_line&nbsp;&raquo; margin_bottom=&nbsp;&raquo;50&Prime;][vc_column_text]\n<p style=\"text-align: justify;\">Si vous recherchez un cabinet d\u2019avocat qui propose des honoraires raisonnables, un traitement rapide et efficace de vos dossiers et un suivi personnalis\u00e9 et efficace, n\u2019h\u00e9sitez pas \u00e0 communiquer avec Schneider Avocats\u00a0au (514) 439-1322 ext. 112 ou par courriel \u00e0 l\u2019adresse :\u00a0<a href=\"mailto:info@schneiderlegal.com\">info@schneiderlegal.com<\/a><\/p>\n[\/vc_column_text][mk_divider style=&nbsp;&raquo;shadow_line&nbsp;&raquo; margin_bottom=&nbsp;&raquo;50&Prime;][vc_column_text]\n<p style=\"text-align: justify; font-size: 10px;\"><i><span lang=\"FR-CA\">Le processus pr\u00e9sent\u00e9 ci-dessus ne constitue qu\u2019un outil de r\u00e9f\u00e9rence et ne comporte aucune garantie relative \u00e0 votre dossier. Nous vous recommandons fortement de recourir aux conseils juridiques d\u2019un avocat, membre en r\u00e8gle du Barreau du Qu\u00e9bec. Les particularit\u00e9s propres \u00e0 chaque cas d\u2019esp\u00e8ce doivent faire l\u2019objet d\u2019une analyse exhaustive puisque le processus peut s\u2019av\u00e9rer complexe et techniquement difficile.<\/span><\/i><\/p>\n[\/vc_column_text][mk_padding_divider][\/vc_column][\/vc_row]\n","protected":false},"excerpt":{"rendered":"<p>[vc_row fullwidth=&nbsp;&raquo;true&nbsp;&raquo; css=&nbsp;&raquo;.vc_custom_1466444759232{border-bottom-width: 2px !important;padding-top: 0px !important;padding-right: 0px !important;padding-bottom: 0px !important;padding-left: 0px !important;border-bottom-color: #568db6 !important;border-bottom-style: solid !important;}&nbsp;&raquo;][vc_column][mk_page_title_box page_title=&nbsp;&raquo;D\u00c9LAI EN MATI\u00c8RE SUCCESSORALE ET LA PRESCRIPTION&nbsp;&raquo; section_height=&nbsp;&raquo;300&Prime; bg_image=&nbsp;&raquo;http:\/\/schneiderlegal.preview.web22.propulsionweb.ca\/wp-content\/uploads\/2016\/07\/photodune-763878-clock-m.jpg&nbsp;&raquo; bg_position=&nbsp;&raquo;center center&nbsp;&raquo; bg_stretch=&nbsp;&raquo;true&nbsp;&raquo; overlay=&nbsp;&raquo;rgba(0,0,0,0.3)&nbsp;&raquo; font_size=&nbsp;&raquo;40&Prime; font_color=&nbsp;&raquo;#ffffff&nbsp;&raquo; font_weight=&nbsp;&raquo;bold&nbsp;&raquo; underline=&nbsp;&raquo;false&nbsp;&raquo; sub_font_size=&nbsp;&raquo;20&Prime; sub_font_color=&nbsp;&raquo;#ffffff&nbsp;&raquo; sub_font_weight=&nbsp;&raquo;bold&nbsp;&raquo; el_class=&nbsp;&raquo;titleshadow&nbsp;&raquo;][\/vc_column][\/vc_row][vc_row][vc_column][mk_padding_divider size=&nbsp;&raquo;75&Prime;][vc_column_text] En mati\u00e8re successorale, il existe plusieurs d\u00e9lais tr\u00e8s importants. Lorsque ceux-ci sont d\u00e9pass\u00e9s, il s\u2019op\u00e8re ce [&hellip;]<\/p>\n","protected":false},"author":2,"featured_media":0,"parent":0,"menu_order":0,"comment_status":"open","ping_status":"closed","template":"","meta":{"footnotes":""},"class_list":["post-10812","page","type-page","status-publish","hentry"],"yoast_head":"<!-- This site is optimized with the Yoast SEO plugin v27.0 - https:\/\/yoast.com\/product\/yoast-seo-wordpress\/ -->\n<title>D\u00e9lais de la succession - Schneider Legal - Avocat en droit successoral<\/title>\n<meta name=\"description\" content=\"En mati\u00e8re successorale, il existe plusieurs d\u00e9lais tr\u00e8s importants. Lorsque ceux-ci sont d\u00e9pass\u00e9s, il s\u2019op\u00e8re la \u00ab prescription extinctive \u00bb.\" \/>\n<meta name=\"robots\" content=\"noindex, follow, max-snippet:-1, max-image-preview:large, max-video-preview:-1\" \/>\n<meta property=\"og:locale\" content=\"fr_FR\" \/>\n<meta property=\"og:type\" content=\"article\" \/>\n<meta property=\"og:title\" content=\"D\u00e9lais de la succession - Schneider Legal - Avocat en droit successoral\" \/>\n<meta property=\"og:description\" content=\"En mati\u00e8re successorale, il existe plusieurs d\u00e9lais tr\u00e8s importants. Lorsque ceux-ci sont d\u00e9pass\u00e9s, il s\u2019op\u00e8re la \u00ab prescription extinctive \u00bb.\" \/>\n<meta property=\"og:url\" content=\"https:\/\/staging.schneiderlegal.com\/delays-of-the-estate\/\" \/>\n<meta property=\"og:site_name\" content=\"Schneider Legal\" \/>\n<meta property=\"article:modified_time\" content=\"2016-08-03T17:32:56+00:00\" \/>\n<meta name=\"twitter:card\" content=\"summary_large_image\" \/>\n<meta name=\"twitter:label1\" content=\"Est. reading time\" \/>\n\t<meta name=\"twitter:data1\" content=\"4 minutes\" \/>\n<script type=\"application\/ld+json\" class=\"yoast-schema-graph\">{\"@context\":\"https:\/\/schema.org\",\"@graph\":[{\"@type\":\"WebPage\",\"@id\":\"https:\/\/staging.schneiderlegal.com\/delays-of-the-estate\/\",\"url\":\"https:\/\/staging.schneiderlegal.com\/delays-of-the-estate\/\",\"name\":\"D\u00e9lais de la succession - Schneider Legal - Avocat en droit successoral\",\"isPartOf\":{\"@id\":\"https:\/\/staging.schneiderlegal.com\/#website\"},\"datePublished\":\"2016-07-01T04:30:37+00:00\",\"dateModified\":\"2016-08-03T17:32:56+00:00\",\"description\":\"En mati\u00e8re successorale, il existe plusieurs d\u00e9lais tr\u00e8s importants. Lorsque ceux-ci sont d\u00e9pass\u00e9s, il s\u2019op\u00e8re la \u00ab prescription extinctive \u00bb.\",\"breadcrumb\":{\"@id\":\"https:\/\/staging.schneiderlegal.com\/delays-of-the-estate\/#breadcrumb\"},\"inLanguage\":\"fr-FR\",\"potentialAction\":[{\"@type\":\"ReadAction\",\"target\":[\"https:\/\/staging.schneiderlegal.com\/delays-of-the-estate\/\"]}]},{\"@type\":\"BreadcrumbList\",\"@id\":\"https:\/\/staging.schneiderlegal.com\/delays-of-the-estate\/#breadcrumb\",\"itemListElement\":[{\"@type\":\"ListItem\",\"position\":1,\"name\":\"Home\",\"item\":\"https:\/\/staging.schneiderlegal.com\/fr\/\"},{\"@type\":\"ListItem\",\"position\":2,\"name\":\"D\u00c9LAIS EN MATI\u00c8RE SUCCESSORALE ET LA PRESCRIPTION\"}]},{\"@type\":\"WebSite\",\"@id\":\"https:\/\/staging.schneiderlegal.com\/#website\",\"url\":\"https:\/\/staging.schneiderlegal.com\/\",\"name\":\"Schneider Legal\",\"description\":\"Real Estate Lawyer Montreal - Estate Lawyer\",\"potentialAction\":[{\"@type\":\"SearchAction\",\"target\":{\"@type\":\"EntryPoint\",\"urlTemplate\":\"https:\/\/staging.schneiderlegal.com\/?s={search_term_string}\"},\"query-input\":{\"@type\":\"PropertyValueSpecification\",\"valueRequired\":true,\"valueName\":\"search_term_string\"}}],\"inLanguage\":\"fr-FR\"}]}<\/script>\n<!-- \/ Yoast SEO plugin. -->","yoast_head_json":{"title":"D\u00e9lais de la succession - Schneider Legal - Avocat en droit successoral","description":"En mati\u00e8re successorale, il existe plusieurs d\u00e9lais tr\u00e8s importants. Lorsque ceux-ci sont d\u00e9pass\u00e9s, il s\u2019op\u00e8re la \u00ab prescription extinctive \u00bb.","robots":{"index":"noindex","follow":"follow","max-snippet":"max-snippet:-1","max-image-preview":"max-image-preview:large","max-video-preview":"max-video-preview:-1"},"og_locale":"fr_FR","og_type":"article","og_title":"D\u00e9lais de la succession - Schneider Legal - Avocat en droit successoral","og_description":"En mati\u00e8re successorale, il existe plusieurs d\u00e9lais tr\u00e8s importants. Lorsque ceux-ci sont d\u00e9pass\u00e9s, il s\u2019op\u00e8re la \u00ab prescription extinctive \u00bb.","og_url":"https:\/\/staging.schneiderlegal.com\/delays-of-the-estate\/","og_site_name":"Schneider Legal","article_modified_time":"2016-08-03T17:32:56+00:00","twitter_card":"summary_large_image","twitter_misc":{"Est. reading time":"4 minutes"},"schema":{"@context":"https:\/\/schema.org","@graph":[{"@type":"WebPage","@id":"https:\/\/staging.schneiderlegal.com\/delays-of-the-estate\/","url":"https:\/\/staging.schneiderlegal.com\/delays-of-the-estate\/","name":"D\u00e9lais de la succession - Schneider Legal - Avocat en droit successoral","isPartOf":{"@id":"https:\/\/staging.schneiderlegal.com\/#website"},"datePublished":"2016-07-01T04:30:37+00:00","dateModified":"2016-08-03T17:32:56+00:00","description":"En mati\u00e8re successorale, il existe plusieurs d\u00e9lais tr\u00e8s importants. Lorsque ceux-ci sont d\u00e9pass\u00e9s, il s\u2019op\u00e8re la \u00ab prescription extinctive \u00bb.","breadcrumb":{"@id":"https:\/\/staging.schneiderlegal.com\/delays-of-the-estate\/#breadcrumb"},"inLanguage":"fr-FR","potentialAction":[{"@type":"ReadAction","target":["https:\/\/staging.schneiderlegal.com\/delays-of-the-estate\/"]}]},{"@type":"BreadcrumbList","@id":"https:\/\/staging.schneiderlegal.com\/delays-of-the-estate\/#breadcrumb","itemListElement":[{"@type":"ListItem","position":1,"name":"Home","item":"https:\/\/staging.schneiderlegal.com\/fr\/"},{"@type":"ListItem","position":2,"name":"D\u00c9LAIS EN MATI\u00c8RE SUCCESSORALE ET LA PRESCRIPTION"}]},{"@type":"WebSite","@id":"https:\/\/staging.schneiderlegal.com\/#website","url":"https:\/\/staging.schneiderlegal.com\/","name":"Schneider Legal","description":"Real Estate Lawyer Montreal - Estate Lawyer","potentialAction":[{"@type":"SearchAction","target":{"@type":"EntryPoint","urlTemplate":"https:\/\/staging.schneiderlegal.com\/?s={search_term_string}"},"query-input":{"@type":"PropertyValueSpecification","valueRequired":true,"valueName":"search_term_string"}}],"inLanguage":"fr-FR"}]}},"_links":{"self":[{"href":"https:\/\/staging.schneiderlegal.com\/fr\/wp-json\/wp\/v2\/pages\/10812","targetHints":{"allow":["GET"]}}],"collection":[{"href":"https:\/\/staging.schneiderlegal.com\/fr\/wp-json\/wp\/v2\/pages"}],"about":[{"href":"https:\/\/staging.schneiderlegal.com\/fr\/wp-json\/wp\/v2\/types\/page"}],"author":[{"embeddable":true,"href":"https:\/\/staging.schneiderlegal.com\/fr\/wp-json\/wp\/v2\/users\/2"}],"replies":[{"embeddable":true,"href":"https:\/\/staging.schneiderlegal.com\/fr\/wp-json\/wp\/v2\/comments?post=10812"}],"version-history":[{"count":5,"href":"https:\/\/staging.schneiderlegal.com\/fr\/wp-json\/wp\/v2\/pages\/10812\/revisions"}],"predecessor-version":[{"id":11524,"href":"https:\/\/staging.schneiderlegal.com\/fr\/wp-json\/wp\/v2\/pages\/10812\/revisions\/11524"}],"wp:attachment":[{"href":"https:\/\/staging.schneiderlegal.com\/fr\/wp-json\/wp\/v2\/media?parent=10812"}],"curies":[{"name":"wp","href":"https:\/\/api.w.org\/{rel}","templated":true}]}}