{"id":10808,"date":"2016-07-01T04:13:50","date_gmt":"2016-07-01T04:13:50","guid":{"rendered":"http:\/\/schneiderlegal.preview.web22.propulsionweb.ca\/fr\/probate-of-wills\/"},"modified":"2016-08-03T17:34:21","modified_gmt":"2016-08-03T17:34:21","slug":"verification-des-testaments","status":"publish","type":"page","link":"https:\/\/staging.schneiderlegal.com\/fr\/verification-des-testaments\/","title":{"rendered":"V\u00c9RIFICATION DE TESTAMENTS"},"content":{"rendered":"[vc_row fullwidth=&nbsp;&raquo;true&nbsp;&raquo; css=&nbsp;&raquo;.vc_custom_1466444759232{border-bottom-width: 2px !important;padding-top: 0px !important;padding-right: 0px !important;padding-bottom: 0px !important;padding-left: 0px !important;border-bottom-color: #568db6 !important;border-bottom-style: solid !important;}&nbsp;&raquo;][vc_column][mk_page_title_box page_title=&nbsp;&raquo;V\u00c9RIFICATION DE TESTAMENTS&nbsp;&raquo; section_height=&nbsp;&raquo;300&Prime; bg_image=&nbsp;&raquo;http:\/\/schneiderlegal.preview.web22.propulsionweb.ca\/wp-content\/uploads\/2015\/12\/photodune-1815044-court-hammer-m-1.jpg&nbsp;&raquo; bg_position=&nbsp;&raquo;center center&nbsp;&raquo; bg_stretch=&nbsp;&raquo;true&nbsp;&raquo; font_size=&nbsp;&raquo;40&Prime; font_color=&nbsp;&raquo;#ffffff&nbsp;&raquo; font_weight=&nbsp;&raquo;bold&nbsp;&raquo; underline=&nbsp;&raquo;false&nbsp;&raquo; sub_font_size=&nbsp;&raquo;20&Prime; sub_font_color=&nbsp;&raquo;#ffffff&nbsp;&raquo; sub_font_weight=&nbsp;&raquo;bold&nbsp;&raquo; el_class=&nbsp;&raquo;titleshadow&nbsp;&raquo;][\/vc_column][\/vc_row][vc_row][vc_column][mk_padding_divider size=&nbsp;&raquo;75&Prime;][vc_column_text]\n<p style=\"text-align: justify;\">Tout d\u2019abord, il est important de bien comprendre qu\u2019il existe trois (3) diff\u00e9rents types de testaments. Un testament peut \u00eatre notari\u00e9, olographe ou fait devant t\u00e9moin.<\/p>\n<p style=\"text-align: justify;\">La v\u00e9rification du testament est une proc\u00e9dure pertinente uniquement lorsque que nous sommes en pr\u00e9sence d\u2019un testament olographe ou devant t\u00e9moin.<\/p>\n<p style=\"text-align: justify;\">En effet, le testament notari\u00e9 est un acte authentique, selon l\u2019article 2814(6) du <em>Code civil du Qu\u00e9bec<\/em>. Suivant l\u2019article 2818 C.c.Q., les \u00e9nonciations du testament que le notaire avait pour mission de constater font preuve \u00e0 l\u2019\u00e9gard de tous. Ainsi, le testament notari\u00e9 n\u2019a pas besoin de passer par l\u2019\u00e9tape de la v\u00e9rification.<\/p>\n<ol style=\"text-align: justify;\">\n<li><strong>D\u00e9finition de la v\u00e9rification de testament\u00a0:<\/strong><\/li>\n<\/ol>\n<p style=\"text-align: justify;\">La v\u00e9rification des testaments est une proc\u00e9dure qui a pour but d\u2019identifier l\u2019auteur du testament, de confirmer le d\u00e9c\u00e8s de ce dernier et de confirmer que le testament respecte les exigences de forme impos\u00e9es par la loi.<\/p>\n<p style=\"text-align: justify;\">Cette proc\u00e9dure s\u2019attaque seulement aux principes de forme. \u00c0 ce stade, il ne s\u2019agit pas de d\u00e9cider si le testament est valide quant au fond.<\/p>\n<p style=\"text-align: justify;\">C\u2019est donc dire que les questions de fond, telles que l\u2019aptitude du testateur ainsi que la pr\u00e9sence d\u2019influence indue ou de captation \u00e0 l\u2019\u00e9gard du d\u00e9funt, ne seront pas \u00e9tudi\u00e9es \u00e0 ce stade.<\/p>\n<p style=\"text-align: justify;\">En d\u2019autres mots, il reste tout \u00e0 fait possible de contester la validit\u00e9 des conditions de fond d\u2019un testament, m\u00eame lorsque celui-ci a bel et bien \u00e9t\u00e9 v\u00e9rifi\u00e9 par une autorit\u00e9 comp\u00e9tente.<\/p>\n<ol style=\"text-align: justify;\" start=\"2\">\n<li><strong>Conditions de forme des testaments olographes et devant t\u00e9moins<\/strong><\/li>\n<\/ol>\n<p style=\"padding-left: 60px; text-align: justify;\">a) Testament olographe<\/p>\n<p style=\"text-align: justify;\">Le testament olographe est celui qui est le plus simple \u00e0 r\u00e9aliser puisqu\u2019il est le moins formaliste.<\/p>\n<p style=\"text-align: justify;\">Suivant l\u2019article 726 C.c.Q., le testament olographe doit \u00eatre enti\u00e8rement et personnellement \u00e9crit par le testateur et sign\u00e9 par lui et ce, autrement que par un moyen technique.<\/p>\n<p style=\"text-align: justify;\">C\u2019est donc dire que le testeur poss\u00e8de un r\u00f4le tr\u00e8s proactif. On lui demande de r\u00e9aliser personnellement certaines \u00e9tapes pour que le testament soit valide quant \u00e0 sa forme.<\/p>\n<p style=\"text-align: justify;\">Le tout doit se faire de sa propre main, crit\u00e8re qui a cependant \u00e9t\u00e9 modul\u00e9 par la jurisprudence, tel que nous le verrons plus en d\u00e9tail ci-dessous.<\/p>\n<p style=\"padding-left: 60px; text-align: justify;\"><u>b) Testament devant t\u00e9moins<\/u><\/p>\n<p style=\"text-align: justify;\">Ce type de testament permet l\u2019intervention d\u2019un tiers, contrairement au testament olographe.<\/p>\n<p style=\"text-align: justify;\">En effet, suivant l\u2019article 727 C.c.Q., le testament devant t\u00e9moins peut \u00eatre \u00e9crit par le testateur ou par un tiers. Le testateur doit signer le testament en pr\u00e9sence de deux (2) t\u00e9moins majeurs. Il peut aussi le faire signer par un tiers en sa pr\u00e9sence.<\/p>\n<p style=\"text-align: justify;\">Aussit\u00f4t la signature du testateur appos\u00e9e, les deux (2) t\u00e9moins apposent la leur et ce, en pr\u00e9sence du testateur.<\/p>\n<ol style=\"text-align: justify;\" start=\"3\">\n<li><strong>Non-respect des conditions de forme<\/strong><\/li>\n<\/ol>\n<p style=\"text-align: justify;\">En th\u00e9orie, la v\u00e9rification du testament sert \u00e0 s\u2019assurer que les conditions de forme sous \u00e9tude ont bel et bien \u00e9t\u00e9 suivies.<\/p>\n<p style=\"text-align: justify;\">Cependant, bien que le testament olographe ainsi que le testament devant t\u00e9moins commandent le respect de certains crit\u00e8res de validit\u00e9 quant \u00e0 la forme tel qu\u2019expos\u00e9 pr\u00e9c\u00e9demment, un testament pourra \u00eatre valablement v\u00e9rifi\u00e9 et ce, m\u00eame si ces conditions n\u2019ont pas \u00e9t\u00e9 observ\u00e9es dans leur int\u00e9gralit\u00e9.<\/p>\n<p style=\"text-align: justify;\">Ce principe est \u00e9tabli \u00e0 l\u2019article 714 C.c.Q.\u00a0:<\/p>\n<p><a href=\"#_ftnref1\" name=\"_ftn1\"><\/a><\/p>\n<p><a href=\"#_ftnref1\" name=\"_ftn1\"><\/a>[\/vc_column_text][mk_blockquote font_family=&nbsp;&raquo;none&nbsp;&raquo;]<em>Le testament olographe ou devant t\u00e9moins qui ne satisfait pas pleinement aux conditions requises par sa forme vaut n\u00e9anmoins s&rsquo;il y satisfait pour l&rsquo;essentiel et s&rsquo;il contient de fa\u00e7on certaine et non \u00e9quivoque les derni\u00e8res volont\u00e9s du d\u00e9funt<\/em>.[\/mk_blockquote][vc_column_text]\n<p style=\"text-align: justify;\">Bref, un testament peut \u00eatre v\u00e9rifi\u00e9 s\u2019il ne respecte pas enti\u00e8rement les conditions de forme impos\u00e9es par la loi. Ceci dit, encore doit-il respecter celles qui sont dites essentielles.<\/p>\n<p style=\"padding-left: 30px; text-align: justify;\"><u>1. Testament olographe<\/u><\/p>\n<p style=\"text-align: justify;\">Dans le cadre du testament olographe, il appert que les conditions essentielles relev\u00e9es par les Tribunaux sont l\u2019\u00e9criture du testament par le testateur ainsi que la pr\u00e9sence de la signature de celui-ci.<\/p>\n<p style=\"text-align: justify;\">L\u2019arr\u00eat <em><u>Kaouk (Succession de)<\/u><\/em><u> c. <em>Kaouk<\/em><\/u><a href=\"#_ftn1\" name=\"_ftnref1\">[1]<\/a> est un arr\u00eat-cl\u00e9 qui illustre ce principe. Dans cette d\u00e9cision, la d\u00e9funte avait pr\u00e9par\u00e9 un second testament devant t\u00e9moins. Au fil du temps, la d\u00e9funte a respectivement inscrit, sur trois (3) languettes autocollantes diff\u00e9rentes, trois (3) legs modifiant respectivement le testament devant t\u00e9moins, chaque languette autocollante contenant un des legs.<\/p>\n<p style=\"text-align: justify;\">Ces languettes ont \u00e9t\u00e9 coll\u00e9es sur la 1<sup>re<\/sup> page du testament devant t\u00e9moins.<\/p>\n<p style=\"text-align: justify;\">Les deux (2) premi\u00e8res languettes autocollantes contenaient les informations suivantes\u00a0: le legs, la date et la signature de la testatrice. Ces deux (2) documents ont \u00e9t\u00e9 validement v\u00e9rifi\u00e9s comme \u00e9tant des testaments olographes. Cependant, la troisi\u00e8me languette comportait le legs et la date, mais n\u2019arborait pas la signature de la d\u00e9funte. La Cour d\u2019appel a donc rejet\u00e9 ce testament olographe puisqu\u2019il ne portait pas la signature de la d\u00e9funte, qui est une condition essentielle \u00e0 la v\u00e9rification d\u2019un testament olographe, cette absence ne pouvant \u00eatre corrig\u00e9e par l\u2019article 714 C.c.Q.<\/p>\n<p style=\"text-align: justify;\">Bien que la signature du testament ne semble pas poser de probl\u00e8me au niveau de l\u2019interpr\u00e9tation, la jurisprudence a ouvert la porte \u00e0 certaines exceptions pour ce qui est du fait que le testateur doive \u00e9crire le testament de sa propre main sans l\u2019aide de moyens techniques.<\/p>\n<p style=\"text-align: justify;\">En effet, dans l\u2019arr\u00eat <em><u>Dunsmuir (Succession)<\/u><\/em><u> c. <em>Wayland<a href=\"#_ftn2\" name=\"_ftnref2\"><strong><u>[2]<\/u><\/strong><\/a><\/em>,<\/u> il \u00e9tait question d\u2019un formulaire pr\u00e9-imprim\u00e9 que le d\u00e9funt avait rempli \u00e0 la main. Le juge a tout de m\u00eame accueillie la requ\u00eate en v\u00e9rification de ce testament puisque les parties remplies \u00e0 la main par le testateur traduisaient ind\u00e9niablement son intention de l\u00e9guer ses biens.<\/p>\n<p style=\"padding-left: 30px; text-align: justify;\"><u>2. Testament devant t\u00e9moins<\/u><\/p>\n<p style=\"text-align: justify;\">Quant au testament devant t\u00e9moins, la Cour d\u2019appel du Qu\u00e9bec a rendu, dans l\u2019arr\u00eat <em><u>Patton<\/u><\/em><u> c. <em>Cappa<\/em><a href=\"#_ftn3\" name=\"_ftnref3\"><u>[3]<\/u><\/a>,<\/u> une d\u00e9cision tr\u00e8s int\u00e9ressante quant \u00e0 la pr\u00e9sence essentielle de deux (2) t\u00e9moins.<\/p>\n<p style=\"text-align: justify;\">En effet, dans cet arr\u00eat, un seul t\u00e9moin avait sign\u00e9 le testament en pr\u00e9sence du d\u00e9funt. La Cour a statu\u00e9 que la pr\u00e9sence et la signature de deux (2) t\u00e9moins \u00e9tait une condition essentielle pour que ce testament soit v\u00e9rifi\u00e9 avec succ\u00e8s et qu\u2019en l\u2019esp\u00e8ce, le testament ne pouvait \u00eatre v\u00e9rifi\u00e9 \u00e0 l\u2019aide de l\u2019article 714 C.c.Q.<\/p>\n<p style=\"text-align: justify;\">Dans l\u2019arr\u00eat de <em><u>Banque de Nova Scotia Trust Company et Flanagan Smith<a href=\"#_ftn4\" name=\"_ftnref4\"><strong><u>[4]<\/u><\/strong><\/a>,<\/u><\/em> la requ\u00eate en v\u00e9rification du testament devant t\u00e9moins a \u00e9t\u00e9 rejet\u00e9e au motif qu\u2019un des t\u00e9moins, n\u2019\u00e9tant pas pr\u00e9sent lors de la signature du testament par le testateur, a sign\u00e9 ult\u00e9rieurement le testament en l\u2019unique pr\u00e9sence de l\u2019autre t\u00e9moin.<\/p>\n<p style=\"text-align: justify;\">Le juge a donc conclu que les conditions de forme du testaments devant t\u00e9moins n\u2019avaient pas \u00e9t\u00e9 respect\u00e9es et que la v\u00e9rification ne pouvait \u00eatre faite par le biais de l\u2019article 714 C.c.Q., le testament devant \u00eatre sign\u00e9 par le testateur en pr\u00e9sence de (2) t\u00e9moins et ceux-ci devant signer le testament imm\u00e9diatement apr\u00e8s le d\u00e9funt, en sa pr\u00e9sence.<\/p>\n<ol style=\"text-align: justify;\" start=\"4\">\n<li><strong>Cons\u00e9quences de l\u2019accueil ou du rejet ou de la requ\u00eate en v\u00e9rification<\/strong><\/li>\n<\/ol>\n<p style=\"text-align: justify;\">Comme mentionn\u00e9 pr\u00e9c\u00e9demment, la v\u00e9rification du testament, si elle est accord\u00e9e, ne fait que confirmer que le testament est bien celui du d\u00e9funt et qu\u2019il constitue le dernier testament du d\u00e9funt.<\/p>\n<p style=\"text-align: justify;\">Il est possible pour tout int\u00e9ress\u00e9 de contester le testament quant aux r\u00e8gles de fond. Par exemple, bien qu\u2019un testament soit v\u00e9rifi\u00e9 quant \u00e0 sa forme, celui-ci pourrait \u00eatre ult\u00e9rieurement annul\u00e9, si la Cour devait statuer que le testateur n\u2019\u00e9tait pas apte \u00e0 tester lorsqu\u2019il a r\u00e9dig\u00e9 son testament.<\/p>\n<p style=\"text-align: justify;\">Que se passe-t-il lorsqu\u2019une requ\u00eate en v\u00e9rification d\u2019un testament olographe ou devant t\u00e9moins est rejet\u00e9e?<\/p>\n<p style=\"text-align: justify;\">Ce testament sera r\u00e9put\u00e9 comme n\u2019ayant jamais exist\u00e9. Donc, si le d\u00e9funt poss\u00e8de un testament ant\u00e9rieur et valide, c\u2019est-\u00e0-dire notari\u00e9, olographe ou devant t\u00e9moins, et ayant \u00e9t\u00e9 d\u00fbment v\u00e9rifi\u00e9, ce testament sera consid\u00e9r\u00e9 comme \u00e9tant le dernier testament du d\u00e9funt. C\u2019est celui-ci qui sera alors utilis\u00e9 pour distribuer les biens compris dans la succession du d\u00e9funt.<\/p>\n<p style=\"text-align: justify;\">S\u2019il devait n\u2019exister aucun autre testament ant\u00e9rieur \u00e0 celui dont la v\u00e9rification a \u00e9t\u00e9 rejet\u00e9e, il sera n\u00e9cessaire d\u2019appliquer les r\u00e8gles de la succession sans testament ou <a href=\"http:\/\/schneiderlegal.preview.web22.propulsionweb.ca\/fr\/deces-sans-testament\/\"><u>succession <em>ab intestat<\/em><\/u><\/a>.<\/p>\n<p><a href=\"#_ftnref1\" name=\"_ftn1\"><\/a><\/p>\n<p><a href=\"#_ftnref1\" name=\"_ftn1\"><\/a>[\/vc_column_text][mk_divider style=&nbsp;&raquo;thin_solid&nbsp;&raquo; divider_width=&nbsp;&raquo;one_third&nbsp;&raquo; align=&nbsp;&raquo;left&nbsp;&raquo; thickness=&nbsp;&raquo;2&Prime; margin_bottom=&nbsp;&raquo;50&Prime;][vc_column_text]<a href=\"#_ftnref1\" name=\"_ftn1\">[1]<\/a> Kaouk (Succession de) c. Kaouk, 2008 QCCA 192 (CanLII)<\/p>\n<p><a href=\"#_ftnref2\" name=\"_ftn2\">[2]<\/a> Dunsmuir (Succession) c. Wayland, 2005 CanLII 6709 (QC CS)<\/p>\n<p><a href=\"#_ftnref3\" name=\"_ftn3\">[3]<\/a> Patton v. Cappa, 2003 CanLII 55070 (QC CA)<\/p>\n<p><a href=\"#_ftnref4\" name=\"_ftn4\">[4]<\/a> Banque de Nova Scotia Trust Company et Flanagan Smith,2014 QCCS 6244 (CanLII)<\/p>\n<p><a href=\"#_ftnref1\" name=\"_ftn1\"><\/a>[\/vc_column_text][mk_divider style=&nbsp;&raquo;shadow_line&nbsp;&raquo; margin_bottom=&nbsp;&raquo;50&Prime;][vc_column_text]\n<p style=\"text-align: justify;\">Si vous recherchez un cabinet d\u2019avocat qui propose des honoraires raisonnables, un traitement rapide et efficace de vos dossiers et un suivi personnalis\u00e9 et efficace, n\u2019h\u00e9sitez pas \u00e0 communiquer avec Schneider Avocats\u00a0au (514) 439-1322 ext. 112 ou par courriel \u00e0 l\u2019adresse :\u00a0<a href=\"mailto:info@schneiderlegal.com\">info@schneiderlegal.com<\/a><\/p>\n[\/vc_column_text][mk_divider style=&nbsp;&raquo;shadow_line&nbsp;&raquo; margin_bottom=&nbsp;&raquo;50&Prime;][vc_column_text]\n<p style=\"text-align: justify; font-size: 10px;\"><i><span lang=\"FR-CA\">Le processus pr\u00e9sent\u00e9 ci-dessus ne constitue qu\u2019un outil de r\u00e9f\u00e9rence et ne comporte aucune garantie relative \u00e0 votre dossier. Nous vous recommandons fortement de recourir aux conseils juridiques d\u2019un avocat, membre en r\u00e8gle du Barreau du Qu\u00e9bec. Les particularit\u00e9s propres \u00e0 chaque cas d\u2019esp\u00e8ce doivent faire l\u2019objet d\u2019une analyse exhaustive puisque le processus peut s\u2019av\u00e9rer complexe et techniquement difficile.<\/span><\/i><\/p>\n[\/vc_column_text][mk_padding_divider][\/vc_column][\/vc_row]\n","protected":false},"excerpt":{"rendered":"<p>[vc_row fullwidth=&nbsp;&raquo;true&nbsp;&raquo; css=&nbsp;&raquo;.vc_custom_1466444759232{border-bottom-width: 2px !important;padding-top: 0px !important;padding-right: 0px !important;padding-bottom: 0px !important;padding-left: 0px !important;border-bottom-color: #568db6 !important;border-bottom-style: solid !important;}&nbsp;&raquo;][vc_column][mk_page_title_box page_title=&nbsp;&raquo;V\u00c9RIFICATION DE TESTAMENTS&nbsp;&raquo; section_height=&nbsp;&raquo;300&Prime; bg_image=&nbsp;&raquo;http:\/\/schneiderlegal.preview.web22.propulsionweb.ca\/wp-content\/uploads\/2015\/12\/photodune-1815044-court-hammer-m-1.jpg&nbsp;&raquo; bg_position=&nbsp;&raquo;center center&nbsp;&raquo; bg_stretch=&nbsp;&raquo;true&nbsp;&raquo; font_size=&nbsp;&raquo;40&Prime; font_color=&nbsp;&raquo;#ffffff&nbsp;&raquo; font_weight=&nbsp;&raquo;bold&nbsp;&raquo; underline=&nbsp;&raquo;false&nbsp;&raquo; sub_font_size=&nbsp;&raquo;20&Prime; sub_font_color=&nbsp;&raquo;#ffffff&nbsp;&raquo; sub_font_weight=&nbsp;&raquo;bold&nbsp;&raquo; el_class=&nbsp;&raquo;titleshadow&nbsp;&raquo;][\/vc_column][\/vc_row][vc_row][vc_column][mk_padding_divider size=&nbsp;&raquo;75&Prime;][vc_column_text] Tout d\u2019abord, il est important de bien comprendre qu\u2019il existe trois (3) diff\u00e9rents types de testaments. Un testament peut \u00eatre notari\u00e9, [&hellip;]<\/p>\n","protected":false},"author":2,"featured_media":0,"parent":0,"menu_order":0,"comment_status":"open","ping_status":"closed","template":"","meta":{"footnotes":""},"class_list":["post-10808","page","type-page","status-publish","hentry"],"yoast_head":"<!-- This site is optimized with the Yoast SEO plugin v27.0 - https:\/\/yoast.com\/product\/yoast-seo-wordpress\/ -->\n<title>V\u00e9rification de testaments - Schneider Legal - Avocat en droit successoral<\/title>\n<meta name=\"description\" content=\"La v\u00e9rification du testament est une proc\u00e9dure pertinente uniquement lorsque que nous sommes en pr\u00e9sence d\u2019un testament olographe ou devant t\u00e9moin.\" \/>\n<meta name=\"robots\" content=\"noindex, follow, max-snippet:-1, max-image-preview:large, max-video-preview:-1\" \/>\n<meta property=\"og:locale\" content=\"fr_FR\" \/>\n<meta property=\"og:type\" content=\"article\" \/>\n<meta property=\"og:title\" content=\"V\u00e9rification de testaments - Schneider Legal - Avocat en droit successoral\" \/>\n<meta property=\"og:description\" content=\"La v\u00e9rification du testament est une proc\u00e9dure pertinente uniquement lorsque que nous sommes en pr\u00e9sence d\u2019un testament olographe ou devant t\u00e9moin.\" \/>\n<meta property=\"og:url\" content=\"https:\/\/staging.schneiderlegal.com\/fr\/verification-des-testaments\/\" \/>\n<meta property=\"og:site_name\" content=\"Schneider Legal\" \/>\n<meta property=\"article:modified_time\" content=\"2016-08-03T17:34:21+00:00\" \/>\n<meta name=\"twitter:card\" content=\"summary_large_image\" \/>\n<meta name=\"twitter:label1\" content=\"Est. reading time\" \/>\n\t<meta name=\"twitter:data1\" content=\"9 minutes\" \/>\n<script type=\"application\/ld+json\" class=\"yoast-schema-graph\">{\"@context\":\"https:\/\/schema.org\",\"@graph\":[{\"@type\":\"WebPage\",\"@id\":\"https:\/\/staging.schneiderlegal.com\/fr\/verification-des-testaments\/\",\"url\":\"https:\/\/staging.schneiderlegal.com\/fr\/verification-des-testaments\/\",\"name\":\"V\u00e9rification de testaments - Schneider Legal - Avocat en droit successoral\",\"isPartOf\":{\"@id\":\"https:\/\/staging.schneiderlegal.com\/#website\"},\"datePublished\":\"2016-07-01T04:13:50+00:00\",\"dateModified\":\"2016-08-03T17:34:21+00:00\",\"description\":\"La v\u00e9rification du testament est une proc\u00e9dure pertinente uniquement lorsque que nous sommes en pr\u00e9sence d\u2019un testament olographe ou devant t\u00e9moin.\",\"breadcrumb\":{\"@id\":\"https:\/\/staging.schneiderlegal.com\/fr\/verification-des-testaments\/#breadcrumb\"},\"inLanguage\":\"fr-FR\",\"potentialAction\":[{\"@type\":\"ReadAction\",\"target\":[\"https:\/\/staging.schneiderlegal.com\/fr\/verification-des-testaments\/\"]}]},{\"@type\":\"BreadcrumbList\",\"@id\":\"https:\/\/staging.schneiderlegal.com\/fr\/verification-des-testaments\/#breadcrumb\",\"itemListElement\":[{\"@type\":\"ListItem\",\"position\":1,\"name\":\"Home\",\"item\":\"https:\/\/staging.schneiderlegal.com\/fr\/\"},{\"@type\":\"ListItem\",\"position\":2,\"name\":\"V\u00c9RIFICATION DE TESTAMENTS\"}]},{\"@type\":\"WebSite\",\"@id\":\"https:\/\/staging.schneiderlegal.com\/#website\",\"url\":\"https:\/\/staging.schneiderlegal.com\/\",\"name\":\"Schneider Legal\",\"description\":\"Real Estate Lawyer Montreal - Estate Lawyer\",\"potentialAction\":[{\"@type\":\"SearchAction\",\"target\":{\"@type\":\"EntryPoint\",\"urlTemplate\":\"https:\/\/staging.schneiderlegal.com\/?s={search_term_string}\"},\"query-input\":{\"@type\":\"PropertyValueSpecification\",\"valueRequired\":true,\"valueName\":\"search_term_string\"}}],\"inLanguage\":\"fr-FR\"}]}<\/script>\n<!-- \/ Yoast SEO plugin. -->","yoast_head_json":{"title":"V\u00e9rification de testaments - Schneider Legal - Avocat en droit successoral","description":"La v\u00e9rification du testament est une proc\u00e9dure pertinente uniquement lorsque que nous sommes en pr\u00e9sence d\u2019un testament olographe ou devant t\u00e9moin.","robots":{"index":"noindex","follow":"follow","max-snippet":"max-snippet:-1","max-image-preview":"max-image-preview:large","max-video-preview":"max-video-preview:-1"},"og_locale":"fr_FR","og_type":"article","og_title":"V\u00e9rification de testaments - Schneider Legal - Avocat en droit successoral","og_description":"La v\u00e9rification du testament est une proc\u00e9dure pertinente uniquement lorsque que nous sommes en pr\u00e9sence d\u2019un testament olographe ou devant t\u00e9moin.","og_url":"https:\/\/staging.schneiderlegal.com\/fr\/verification-des-testaments\/","og_site_name":"Schneider Legal","article_modified_time":"2016-08-03T17:34:21+00:00","twitter_card":"summary_large_image","twitter_misc":{"Est. reading time":"9 minutes"},"schema":{"@context":"https:\/\/schema.org","@graph":[{"@type":"WebPage","@id":"https:\/\/staging.schneiderlegal.com\/fr\/verification-des-testaments\/","url":"https:\/\/staging.schneiderlegal.com\/fr\/verification-des-testaments\/","name":"V\u00e9rification de testaments - Schneider Legal - Avocat en droit successoral","isPartOf":{"@id":"https:\/\/staging.schneiderlegal.com\/#website"},"datePublished":"2016-07-01T04:13:50+00:00","dateModified":"2016-08-03T17:34:21+00:00","description":"La v\u00e9rification du testament est une proc\u00e9dure pertinente uniquement lorsque que nous sommes en pr\u00e9sence d\u2019un testament olographe ou devant t\u00e9moin.","breadcrumb":{"@id":"https:\/\/staging.schneiderlegal.com\/fr\/verification-des-testaments\/#breadcrumb"},"inLanguage":"fr-FR","potentialAction":[{"@type":"ReadAction","target":["https:\/\/staging.schneiderlegal.com\/fr\/verification-des-testaments\/"]}]},{"@type":"BreadcrumbList","@id":"https:\/\/staging.schneiderlegal.com\/fr\/verification-des-testaments\/#breadcrumb","itemListElement":[{"@type":"ListItem","position":1,"name":"Home","item":"https:\/\/staging.schneiderlegal.com\/fr\/"},{"@type":"ListItem","position":2,"name":"V\u00c9RIFICATION DE TESTAMENTS"}]},{"@type":"WebSite","@id":"https:\/\/staging.schneiderlegal.com\/#website","url":"https:\/\/staging.schneiderlegal.com\/","name":"Schneider Legal","description":"Real Estate Lawyer Montreal - Estate Lawyer","potentialAction":[{"@type":"SearchAction","target":{"@type":"EntryPoint","urlTemplate":"https:\/\/staging.schneiderlegal.com\/?s={search_term_string}"},"query-input":{"@type":"PropertyValueSpecification","valueRequired":true,"valueName":"search_term_string"}}],"inLanguage":"fr-FR"}]}},"_links":{"self":[{"href":"https:\/\/staging.schneiderlegal.com\/fr\/wp-json\/wp\/v2\/pages\/10808","targetHints":{"allow":["GET"]}}],"collection":[{"href":"https:\/\/staging.schneiderlegal.com\/fr\/wp-json\/wp\/v2\/pages"}],"about":[{"href":"https:\/\/staging.schneiderlegal.com\/fr\/wp-json\/wp\/v2\/types\/page"}],"author":[{"embeddable":true,"href":"https:\/\/staging.schneiderlegal.com\/fr\/wp-json\/wp\/v2\/users\/2"}],"replies":[{"embeddable":true,"href":"https:\/\/staging.schneiderlegal.com\/fr\/wp-json\/wp\/v2\/comments?post=10808"}],"version-history":[{"count":4,"href":"https:\/\/staging.schneiderlegal.com\/fr\/wp-json\/wp\/v2\/pages\/10808\/revisions"}],"predecessor-version":[{"id":11102,"href":"https:\/\/staging.schneiderlegal.com\/fr\/wp-json\/wp\/v2\/pages\/10808\/revisions\/11102"}],"wp:attachment":[{"href":"https:\/\/staging.schneiderlegal.com\/fr\/wp-json\/wp\/v2\/media?parent=10808"}],"curies":[{"name":"wp","href":"https:\/\/api.w.org\/{rel}","templated":true}]}}