{"id":10737,"date":"2016-07-01T02:29:21","date_gmt":"2016-07-01T02:29:21","guid":{"rendered":"http:\/\/schneiderlegal.preview.web22.propulsionweb.ca\/fr\/residential-real-estate-disputes\/"},"modified":"2016-08-03T17:41:22","modified_gmt":"2016-08-03T17:41:22","slug":"litiges-residentiels","status":"publish","type":"page","link":"https:\/\/staging.schneiderlegal.com\/fr\/litiges-residentiels\/","title":{"rendered":"LITIGES R\u00c9SIDENTIELS"},"content":{"rendered":"[vc_row fullwidth=&nbsp;&raquo;true&nbsp;&raquo; css=&nbsp;&raquo;.vc_custom_1466444759232{border-bottom-width: 2px !important;padding-top: 0px !important;padding-right: 0px !important;padding-bottom: 0px !important;padding-left: 0px !important;border-bottom-color: #568db6 !important;border-bottom-style: solid !important;}&nbsp;&raquo;][vc_column][mk_page_title_box page_title=&nbsp;&raquo;LITIGES R\u00c9SIDENTIELS&nbsp;&raquo; section_height=&nbsp;&raquo;300&Prime; bg_image=&nbsp;&raquo;http:\/\/schneiderlegal.preview.web22.propulsionweb.ca\/wp-content\/uploads\/2014\/08\/photodune-2023314-house-roofs-and-fronts-m.jpg&nbsp;&raquo; bg_position=&nbsp;&raquo;center center&nbsp;&raquo; bg_stretch=&nbsp;&raquo;true&nbsp;&raquo; font_size=&nbsp;&raquo;40&Prime; font_color=&nbsp;&raquo;#ffffff&nbsp;&raquo; font_weight=&nbsp;&raquo;bold&nbsp;&raquo; underline=&nbsp;&raquo;false&nbsp;&raquo; sub_font_size=&nbsp;&raquo;20&Prime; sub_font_color=&nbsp;&raquo;#ffffff&nbsp;&raquo; sub_font_weight=&nbsp;&raquo;bold&nbsp;&raquo; el_class=&nbsp;&raquo;titleshadow&nbsp;&raquo;][\/vc_column][\/vc_row][vc_row][vc_column][mk_padding_divider size=&nbsp;&raquo;75&Prime;][vc_column_text]\n<h3>\u00c9tapes \u00e0 suivre<\/h3>\n<p>Le <em>Code Civil du Qu\u00e9bec\u00a0<\/em>pr\u00e9voit des droits et obligations autant pour les locataires que pour les locateurs d\u2019immeubles r\u00e9sidentiels \u00e0 revenus.<\/p>\n<p>Les baux r\u00e9sidentiels sont \u00e0 la fois tr\u00e8s communs et tr\u00e8s peu compris; deux \u00e9l\u00e9ments qui, mis ensemble, constituent un champ fertile pour les situations litigieuses. Il en r\u00e9sulte de fr\u00e9quents conflits entre les locataires et les locateurs. Puisque la plupart des gens seront impliqu\u00e9s, \u00e0 un moment o\u00f9 \u00e0 un autre, dans cette relation locataire-locateur, il est utile de se pencher sur les droits et devoirs des deux parties.<\/p>\n<p><strong><u>LA R\u00c9GIE DU LOGEMENT<\/u><\/strong><\/p>\n<p>Lorsqu\u2019un conflit implique le locataire et le locateur d\u2019un immeuble r\u00e9sidentiel, c\u2019est la R\u00e9gie du logement qui a juridiction en la mati\u00e8re.<\/p>\n<p>Vous pouvez consulter le site internet de la R\u00e9gie du logement \u00e0 l\u2019adresse suivante: <a href=\"http:\/\/www.rdl.gouv.qc.ca\">www.rdl.gouv.qc.ca<\/a> pour de plus amples informations.<\/p>\n<p><strong><u>PREMI\u00c8RE \u00c9TAPE\u00a0: CONSULTER UN AVOCAT<\/u><\/strong><\/p>\n<p>Avant d\u2019entreprendre des d\u00e9marches judiciaires, il est primordial d\u2019\u00eatre inform\u00e9 par rapport \u00e0 ses droits et obligations. Tr\u00e8s souvent, une situation semble \u00e0 premi\u00e8re vue tr\u00e8s simple. La r\u00e9alit\u00e9 est pourtant tout autre\u00a0: m\u00eame une question de retard de paiement peut devenir beaucoup plus complexe qu\u2019on le croit.<\/p>\n<p>C\u2019est pourquoi nous croyons qu\u2019un bon avocat sp\u00e9cialis\u00e9 en droit immobilier a pour r\u00f4le de vous s\u00e9curiser en vous aidant \u00e0 comprendre toutes vos options dans un monde de d\u00e9lais et de proc\u00e9dures qui peut sembler parfois difficile \u00e0 comprendre.<\/p>\n<p><strong><u>DEUXI\u00c8ME \u00c9TAPE\u00a0: LETTRE DE MISE EN DEMEURE<\/u><\/strong><\/p>\n<p>Avant d&rsquo;intenter une action en justice devant la R\u00e9gie du logement, La premi\u00e8re \u00e9tape consiste \u00e0 envoyer une mise en demeure aussit\u00f4t que possible pour rappeler \u00e0 la partie adverse qu\u2019elle est en d\u00e9faut de remplir ses obligations et qu\u2019elle doit y rem\u00e9dier. \u00c0 d\u00e9faut de rem\u00e9dier au probl\u00e8me, celle-ci s\u2019exposera \u00e0 des poursuites judiciaires et un jugement pourrait \u00eatre rendu contre elle.<\/p>\n<h4><a href=\"http:\/\/schneiderlegal.preview.web22.propulsionweb.ca\/fr\/solutions-et-recours-du-locateur\/\"><u>Cliquez ici<\/u><\/a> si vous \u00eates un LOCATEUR<\/h4>\n<h4><a href=\"http:\/\/schneiderlegal.preview.web22.propulsionweb.ca\/fr\/solutions-et-recours-du-locataire\/\"><u>Cliquez ici<\/u><\/a> si vous \u00eates un LOCATAIRE<\/h4>\n[\/vc_column_text][mk_divider style=&nbsp;&raquo;shadow_line&nbsp;&raquo; margin_bottom=&nbsp;&raquo;50&Prime;][vc_column_text]\n<p style=\"text-align: justify;\">Si vous recherchez un cabinet d\u2019avocat qui propose des honoraires raisonnables, un traitement rapide et efficace de vos dossiers et un suivi personnalis\u00e9 et efficace, n\u2019h\u00e9sitez pas \u00e0 communiquer avec Schneider Avocats\u00a0au (514) 439-1322 ext. 112 ou par courriel \u00e0 l\u2019adresse :\u00a0<a href=\"mailto:info@schneiderlegal.com\">info@schneiderlegal.com<\/a><\/p>\n[\/vc_column_text][mk_divider style=&nbsp;&raquo;shadow_line&nbsp;&raquo; margin_bottom=&nbsp;&raquo;50&Prime;][vc_column_text]\n<p style=\"text-align: justify; font-size: 10px;\">Le processus pr\u00e9sent\u00e9 ci-dessus ne constitue qu\u2019un outil de r\u00e9f\u00e9rence et ne comporte aucune garantie relative \u00e0 votre dossier. Nous vous recommandons fortement de recourir aux conseils juridiques d\u2019un avocat, membre en r\u00e8gle du Barreau du Qu\u00e9bec. Les particularit\u00e9s propres \u00e0 chaque cas d\u2019esp\u00e8ce doivent faire l\u2019objet d\u2019une analyse exhaustive puisque le processus peut s\u2019av\u00e9rer complexe et techniquement difficile.<\/p>\n[\/vc_column_text][mk_padding_divider][\/vc_column][\/vc_row]\n","protected":false},"excerpt":{"rendered":"<p>[vc_row fullwidth=&nbsp;&raquo;true&nbsp;&raquo; css=&nbsp;&raquo;.vc_custom_1466444759232{border-bottom-width: 2px !important;padding-top: 0px !important;padding-right: 0px !important;padding-bottom: 0px !important;padding-left: 0px !important;border-bottom-color: #568db6 !important;border-bottom-style: solid !important;}&nbsp;&raquo;][vc_column][mk_page_title_box page_title=&nbsp;&raquo;LITIGES R\u00c9SIDENTIELS&nbsp;&raquo; section_height=&nbsp;&raquo;300&Prime; bg_image=&nbsp;&raquo;http:\/\/schneiderlegal.preview.web22.propulsionweb.ca\/wp-content\/uploads\/2014\/08\/photodune-2023314-house-roofs-and-fronts-m.jpg&nbsp;&raquo; bg_position=&nbsp;&raquo;center center&nbsp;&raquo; bg_stretch=&nbsp;&raquo;true&nbsp;&raquo; font_size=&nbsp;&raquo;40&Prime; font_color=&nbsp;&raquo;#ffffff&nbsp;&raquo; font_weight=&nbsp;&raquo;bold&nbsp;&raquo; underline=&nbsp;&raquo;false&nbsp;&raquo; sub_font_size=&nbsp;&raquo;20&Prime; sub_font_color=&nbsp;&raquo;#ffffff&nbsp;&raquo; sub_font_weight=&nbsp;&raquo;bold&nbsp;&raquo; el_class=&nbsp;&raquo;titleshadow&nbsp;&raquo;][\/vc_column][\/vc_row][vc_row][vc_column][mk_padding_divider size=&nbsp;&raquo;75&Prime;][vc_column_text] \u00c9tapes \u00e0 suivre Le Code Civil du Qu\u00e9bec\u00a0pr\u00e9voit des droits et obligations autant pour les locataires que pour les locateurs d\u2019immeubles r\u00e9sidentiels [&hellip;]<\/p>\n","protected":false},"author":2,"featured_media":0,"parent":0,"menu_order":0,"comment_status":"open","ping_status":"closed","template":"","meta":{"footnotes":""},"class_list":["post-10737","page","type-page","status-publish","hentry"],"yoast_head":"<!-- This site is optimized with the Yoast SEO plugin v27.0 - https:\/\/yoast.com\/product\/yoast-seo-wordpress\/ -->\n<title>Litiges r\u00e9sidentiels - Schneider Legal - Avocat en droit immobilier<\/title>\n<meta name=\"description\" content=\"Le Code Civil du Qu\u00e9bec pr\u00e9voit des droits et obligations autant pour les locataires que pour les locateurs d\u2019immeubles r\u00e9sidentiels \u00e0 revenus.\" \/>\n<meta name=\"robots\" content=\"noindex, follow, max-snippet:-1, max-image-preview:large, max-video-preview:-1\" \/>\n<meta property=\"og:locale\" content=\"fr_FR\" \/>\n<meta property=\"og:type\" content=\"article\" \/>\n<meta property=\"og:title\" content=\"Litiges r\u00e9sidentiels - Schneider Legal - Avocat en droit immobilier\" \/>\n<meta property=\"og:description\" content=\"Le Code Civil du Qu\u00e9bec pr\u00e9voit des droits et obligations autant pour les locataires que pour les locateurs d\u2019immeubles r\u00e9sidentiels \u00e0 revenus.\" \/>\n<meta property=\"og:url\" content=\"https:\/\/staging.schneiderlegal.com\/residential-real-estate-disputes\/\" \/>\n<meta property=\"og:site_name\" content=\"Schneider Legal\" \/>\n<meta property=\"article:modified_time\" content=\"2016-08-03T17:41:22+00:00\" \/>\n<meta name=\"twitter:card\" content=\"summary_large_image\" \/>\n<meta name=\"twitter:label1\" content=\"Est. reading time\" \/>\n\t<meta name=\"twitter:data1\" content=\"3 minutes\" \/>\n<script type=\"application\/ld+json\" class=\"yoast-schema-graph\">{\"@context\":\"https:\/\/schema.org\",\"@graph\":[{\"@type\":\"WebPage\",\"@id\":\"https:\/\/staging.schneiderlegal.com\/residential-real-estate-disputes\/\",\"url\":\"https:\/\/staging.schneiderlegal.com\/residential-real-estate-disputes\/\",\"name\":\"Litiges r\u00e9sidentiels - Schneider Legal - Avocat en droit immobilier\",\"isPartOf\":{\"@id\":\"https:\/\/staging.schneiderlegal.com\/#website\"},\"datePublished\":\"2016-07-01T02:29:21+00:00\",\"dateModified\":\"2016-08-03T17:41:22+00:00\",\"description\":\"Le Code Civil du Qu\u00e9bec pr\u00e9voit des droits et obligations autant pour les locataires que pour les locateurs d\u2019immeubles r\u00e9sidentiels \u00e0 revenus.\",\"breadcrumb\":{\"@id\":\"https:\/\/staging.schneiderlegal.com\/residential-real-estate-disputes\/#breadcrumb\"},\"inLanguage\":\"fr-FR\",\"potentialAction\":[{\"@type\":\"ReadAction\",\"target\":[\"https:\/\/staging.schneiderlegal.com\/residential-real-estate-disputes\/\"]}]},{\"@type\":\"BreadcrumbList\",\"@id\":\"https:\/\/staging.schneiderlegal.com\/residential-real-estate-disputes\/#breadcrumb\",\"itemListElement\":[{\"@type\":\"ListItem\",\"position\":1,\"name\":\"Home\",\"item\":\"https:\/\/staging.schneiderlegal.com\/fr\/\"},{\"@type\":\"ListItem\",\"position\":2,\"name\":\"LITIGES R\u00c9SIDENTIELS\"}]},{\"@type\":\"WebSite\",\"@id\":\"https:\/\/staging.schneiderlegal.com\/#website\",\"url\":\"https:\/\/staging.schneiderlegal.com\/\",\"name\":\"Schneider Legal\",\"description\":\"Real Estate Lawyer Montreal - Estate Lawyer\",\"potentialAction\":[{\"@type\":\"SearchAction\",\"target\":{\"@type\":\"EntryPoint\",\"urlTemplate\":\"https:\/\/staging.schneiderlegal.com\/?s={search_term_string}\"},\"query-input\":{\"@type\":\"PropertyValueSpecification\",\"valueRequired\":true,\"valueName\":\"search_term_string\"}}],\"inLanguage\":\"fr-FR\"}]}<\/script>\n<!-- \/ Yoast SEO plugin. -->","yoast_head_json":{"title":"Litiges r\u00e9sidentiels - Schneider Legal - Avocat en droit immobilier","description":"Le Code Civil du Qu\u00e9bec pr\u00e9voit des droits et obligations autant pour les locataires que pour les locateurs d\u2019immeubles r\u00e9sidentiels \u00e0 revenus.","robots":{"index":"noindex","follow":"follow","max-snippet":"max-snippet:-1","max-image-preview":"max-image-preview:large","max-video-preview":"max-video-preview:-1"},"og_locale":"fr_FR","og_type":"article","og_title":"Litiges r\u00e9sidentiels - Schneider Legal - Avocat en droit immobilier","og_description":"Le Code Civil du Qu\u00e9bec pr\u00e9voit des droits et obligations autant pour les locataires que pour les locateurs d\u2019immeubles r\u00e9sidentiels \u00e0 revenus.","og_url":"https:\/\/staging.schneiderlegal.com\/residential-real-estate-disputes\/","og_site_name":"Schneider Legal","article_modified_time":"2016-08-03T17:41:22+00:00","twitter_card":"summary_large_image","twitter_misc":{"Est. reading time":"3 minutes"},"schema":{"@context":"https:\/\/schema.org","@graph":[{"@type":"WebPage","@id":"https:\/\/staging.schneiderlegal.com\/residential-real-estate-disputes\/","url":"https:\/\/staging.schneiderlegal.com\/residential-real-estate-disputes\/","name":"Litiges r\u00e9sidentiels - Schneider Legal - Avocat en droit immobilier","isPartOf":{"@id":"https:\/\/staging.schneiderlegal.com\/#website"},"datePublished":"2016-07-01T02:29:21+00:00","dateModified":"2016-08-03T17:41:22+00:00","description":"Le Code Civil du Qu\u00e9bec pr\u00e9voit des droits et obligations autant pour les locataires que pour les locateurs d\u2019immeubles r\u00e9sidentiels \u00e0 revenus.","breadcrumb":{"@id":"https:\/\/staging.schneiderlegal.com\/residential-real-estate-disputes\/#breadcrumb"},"inLanguage":"fr-FR","potentialAction":[{"@type":"ReadAction","target":["https:\/\/staging.schneiderlegal.com\/residential-real-estate-disputes\/"]}]},{"@type":"BreadcrumbList","@id":"https:\/\/staging.schneiderlegal.com\/residential-real-estate-disputes\/#breadcrumb","itemListElement":[{"@type":"ListItem","position":1,"name":"Home","item":"https:\/\/staging.schneiderlegal.com\/fr\/"},{"@type":"ListItem","position":2,"name":"LITIGES R\u00c9SIDENTIELS"}]},{"@type":"WebSite","@id":"https:\/\/staging.schneiderlegal.com\/#website","url":"https:\/\/staging.schneiderlegal.com\/","name":"Schneider Legal","description":"Real Estate Lawyer Montreal - Estate Lawyer","potentialAction":[{"@type":"SearchAction","target":{"@type":"EntryPoint","urlTemplate":"https:\/\/staging.schneiderlegal.com\/?s={search_term_string}"},"query-input":{"@type":"PropertyValueSpecification","valueRequired":true,"valueName":"search_term_string"}}],"inLanguage":"fr-FR"}]}},"_links":{"self":[{"href":"https:\/\/staging.schneiderlegal.com\/fr\/wp-json\/wp\/v2\/pages\/10737","targetHints":{"allow":["GET"]}}],"collection":[{"href":"https:\/\/staging.schneiderlegal.com\/fr\/wp-json\/wp\/v2\/pages"}],"about":[{"href":"https:\/\/staging.schneiderlegal.com\/fr\/wp-json\/wp\/v2\/types\/page"}],"author":[{"embeddable":true,"href":"https:\/\/staging.schneiderlegal.com\/fr\/wp-json\/wp\/v2\/users\/2"}],"replies":[{"embeddable":true,"href":"https:\/\/staging.schneiderlegal.com\/fr\/wp-json\/wp\/v2\/comments?post=10737"}],"version-history":[{"count":6,"href":"https:\/\/staging.schneiderlegal.com\/fr\/wp-json\/wp\/v2\/pages\/10737\/revisions"}],"predecessor-version":[{"id":11379,"href":"https:\/\/staging.schneiderlegal.com\/fr\/wp-json\/wp\/v2\/pages\/10737\/revisions\/11379"}],"wp:attachment":[{"href":"https:\/\/staging.schneiderlegal.com\/fr\/wp-json\/wp\/v2\/media?parent=10737"}],"curies":[{"name":"wp","href":"https:\/\/api.w.org\/{rel}","templated":true}]}}