{"id":10720,"date":"2016-07-01T01:05:25","date_gmt":"2016-07-01T01:05:25","guid":{"rendered":"http:\/\/schneiderlegal.preview.web22.propulsionweb.ca\/fr\/legal-proceedings-regarding-latent-defect\/"},"modified":"2016-08-03T17:46:31","modified_gmt":"2016-08-03T17:46:31","slug":"procedures-judiciaires-concernant-les-vices-caches","status":"publish","type":"page","link":"https:\/\/staging.schneiderlegal.com\/fr\/procedures-judiciaires-concernant-les-vices-caches\/","title":{"rendered":"PROC\u00c9DURES JUDICIAIRES CONCERNANT LES VICES CACH\u00c9S"},"content":{"rendered":"[vc_row fullwidth=&nbsp;&raquo;true&nbsp;&raquo; css=&nbsp;&raquo;.vc_custom_1466444759232{border-bottom-width: 2px !important;padding-top: 0px !important;padding-right: 0px !important;padding-bottom: 0px !important;padding-left: 0px !important;border-bottom-color: #568db6 !important;border-bottom-style: solid !important;}&nbsp;&raquo;][vc_column][mk_page_title_box page_title=&nbsp;&raquo;PROC\u00c9DURES JUDICIAIRES CONCERNANT LES VICES CACH\u00c9S &nbsp;&raquo; section_height=&nbsp;&raquo;300&Prime; bg_image=&nbsp;&raquo;http:\/\/schneiderlegal.preview.web22.propulsionweb.ca\/wp-content\/uploads\/2014\/09\/vis.jpg&nbsp;&raquo; bg_position=&nbsp;&raquo;center center&nbsp;&raquo; bg_stretch=&nbsp;&raquo;true&nbsp;&raquo; overlay=&nbsp;&raquo;rgba(0,0,0,0.15)&nbsp;&raquo; font_size=&nbsp;&raquo;40&Prime; font_color=&nbsp;&raquo;#ffffff&nbsp;&raquo; font_weight=&nbsp;&raquo;bold&nbsp;&raquo; underline=&nbsp;&raquo;false&nbsp;&raquo; sub_font_size=&nbsp;&raquo;20&Prime; sub_font_color=&nbsp;&raquo;#ffffff&nbsp;&raquo; sub_font_weight=&nbsp;&raquo;bold&nbsp;&raquo; el_class=&nbsp;&raquo;titleshadow&nbsp;&raquo;][\/vc_column][\/vc_row][vc_row][vc_column][mk_padding_divider size=&nbsp;&raquo;75&Prime;][vc_column_text]\n<p style=\"text-align: justify;\">Si vous d\u00e9cidez d\u2019intenter une poursuite, quels sont les moyens mis \u00e0 votre disposition?<\/p>\n<p style=\"text-align: justify;\"><strong>Prescription\u00a0: trois (3) ans \u00e0 partir de la connaissance du vice cach\u00e9\u00a0:<\/strong><\/p>\n<p style=\"text-align: justify;\">L\u2019action en justice doit \u00eatre intent\u00e9e dans un d\u00e9lai de trois (3) ans depuis la d\u00e9couverte du vice cach\u00e9.<\/p>\n<p style=\"text-align: justify;\">Plusieurs possibilit\u00e9s s\u2019offrent\u00a0\u00e0 une personne qui souhaite intenter un recours judiciaire pour vices cach\u00e9s. Ceci dit, il faut se rappeler que chaque cas est un cas d\u2019esp\u00e8ce. Le moyen le plus efficace variera donc selon les circonstances et nous vous invitons \u00e0 nous contacter afin d\u2019analyser votre situation et de vous informer sur les recours qui vous sont disponibles.<\/p>\n<p style=\"text-align: justify;\"><strong>Recours possibles\u00a0:<\/strong><\/p>\n<ol style=\"text-align: justify;\">\n<li><u>Les dommages:<\/u><\/li>\n<\/ol>\n<p style=\"text-align: justify;\">Que ce soit des dommages compensatoires pour troubles et inconv\u00e9nients ou des dommages punitifs, ce moyen efficace repr\u00e9sente bien le principe de r\u00e9paration de la perte subie par le vice cach\u00e9;<\/p>\n<ol style=\"text-align: justify;\" start=\"2\">\n<li><u>R\u00e9duction du prix de vente:<\/u><\/li>\n<\/ol>\n<p style=\"text-align: justify;\">Cette r\u00e9duction peut \u00eatre calcul\u00e9e \u00e0 partir de la perte caus\u00e9e par le vice cach\u00e9. Le co\u00fbt des r\u00e9parations du vice cach\u00e9 et la perte de jouissance de l\u2019immeuble cr\u00e9ent un \u00e9cart entre le prix pay\u00e9 pour celle-ci et sa valeur r\u00e9elle. Cette diff\u00e9rence peut se refl\u00e9ter dans une r\u00e9duction du prix de vente.<\/p>\n<ol style=\"text-align: justify;\" start=\"3\">\n<li><u>Annulation de la vente et restitution des prestations:<\/u><\/li>\n<\/ol>\n<p style=\"text-align: justify;\">Il est aussi possible de demander la nullit\u00e9 de la vente. Cependant, il est plut\u00f4t rare, pour un Tribunal, d\u2019aller dans le sens de ce genre de requ\u00eate. En effet, le principe de la stabilit\u00e9 contractuelle sur lequel repose le droit qu\u00e9b\u00e9cois complexifie ce genre de recours.<\/p>\n<p style=\"text-align: justify;\"><strong>Solutions offertes par les Tribunaux\u00a0:<\/strong><\/p>\n<p style=\"text-align: justify;\">Les Tribunaux traitent les demandes en vice cach\u00e9 en basant leur analyse sur l\u2019une des trois m\u00e9thodes d\u2019\u00e9valuation suivantes\u00a0:<\/p>\n<ul style=\"text-align: justify;\">\n<li>the depreciated value and cost of the latent defect<\/li>\n<li>the costs of the repairs of the latent defects or<\/li>\n<li>the reduced life expectancy of the latent defect in question.<\/li>\n<\/ul>\n<p style=\"text-align: justify;\"><strong>Certains cas o\u00f9 les Tribunaux ont reconnu des vices cach\u00e9s:<\/strong><a href=\"#_ftn1\" name=\"_ftnref1\">[1]<\/a><strong>:<\/strong><\/p>\n<ul style=\"text-align: justify;\">\n<li>L\u2019insuffisance d\u2019empattement de la fondation<a href=\"#_ftn2\" name=\"_ftnref2\">[2]<\/a>;<\/li>\n<li>Les probl\u00e8mes reli\u00e9s \u00e0 la fondation tels qu\u2019une d\u00e9t\u00e9rioration pr\u00e9matur\u00e9e ou des fissures<a href=\"#_ftn2\" name=\"_ftnref2\">[3]<\/a> ne pouvant \u00eatre constat\u00e9es que par l\u2019ouverture des murs<a href=\"#_ftn3\" name=\"_ftnref3\">[4]<\/a>;<\/li>\n<li>L\u2019absence de pare-vapeur dans un mur ou une isolation inad\u00e9quate<a href=\"#_ftn4\" name=\"_ftnref4\">[5]<\/a>;<\/li>\n<li>Un drain agricole mal install\u00e9 ou inefficace<a href=\"#_ftn5\" name=\"_ftnref5\">[6]<\/a>;<\/li>\n<li>Des installations septiques ou d\u2019\u00e9puration non conformes<a href=\"#_ftn6\" name=\"_ftnref5\">[7]<\/a>;<\/li>\n<li>La construction d\u2019un immeuble sous le niveau de la nappe phr\u00e9atique<a href=\"#_ftn8\" name=\"_ftnref8\">[8]<\/a><\/li>\n<li>La pr\u00e9sence de fourmis charpenti\u00e8res<a href=\"#_ftn8\" name=\"_ftnref8\">[9]<\/a> ou de chauves-souris<a href=\"#_ftn8\" name=\"_ftnref8\">[10]<\/a>;<\/li>\n<li>Les probl\u00e8mes de conception de toiture<a href=\"#_ftn8\" name=\"_ftnref8\">[11]<\/a>;<\/li>\n<li>L\u2019absence ou insuffisance d\u2019isolation<a href=\"#_ftn8\" name=\"_ftnref8\">[12]<\/a>;<\/li>\n<li>La contamination ou pollution de l\u2019immeuble<a href=\"#_ftn8\" name=\"_ftnref8\">[13]<\/a>;<\/li>\n<li>La condition du sol, sa capacit\u00e9 portante et la pr\u00e9sence de mat\u00e9riaux de remplissage impropres \u00e0 la construction<a href=\"#_ftn2\" name=\"_ftnref2\">[14]<\/a>; etc.<\/li>\n<\/ul>\n<p style=\"text-align: justify;\">La nature complexe des probl\u00e8mes de vices cach\u00e9s affecte les parties \u00e0 un contrat de vente de mani\u00e8re particuli\u00e8rement frustrante puisqu\u2019ils sont d\u00e9couverts apr\u00e8s coup. C\u2019est pourquoi ceux-ci constituent un champ fertile pour les disputes l\u00e9gales.<\/p>\n<p style=\"text-align: justify;\">C\u2019est pourquoi il est primordial de contacter un avocat lorsque vous \u00eates aux prises avec un probl\u00e8me de vice cach\u00e9. Demander l\u2019aide d\u2019un professionnel du droit aidera autant celui qui a vendu un immeuble vici\u00e9 par un d\u00e9faut que celui qui se retrouve avec un b\u00e2timent qui ne r\u00e9pond pas \u00e0 ses attentes.<\/p>\n<p style=\"text-align: justify;\">Un avocat sp\u00e9cialis\u00e9 dans ce domaine saura s\u2019assurer que vos droits soient respect\u00e9s et que vos int\u00e9r\u00eats soient bien repr\u00e9sent\u00e9s.<\/p>\n<p><a href=\"#_ftnref1\" name=\"_ftn1\"><\/a>[\/vc_column_text][mk_divider style=&nbsp;&raquo;thin_solid&nbsp;&raquo; divider_width=&nbsp;&raquo;one_third&nbsp;&raquo; align=&nbsp;&raquo;left&nbsp;&raquo; thickness=&nbsp;&raquo;2&Prime; margin_bottom=&nbsp;&raquo;50&Prime;][vc_column_text]<a href=\"#_ftnref1\" name=\"_ftn1\"><\/a><\/p>\n[1] Genevi\u00e8ve COTNAM, <em>Le caract\u00e8re cach\u00e9 du vice<\/em> dans Droit immobilier, vol. 5, Cowansville, \u00c9ditions Yvons Blais, 2010, p. 90<\/p>\n[2] <em>Chicoine c. Normandin<\/em>, AZ-97021273 (C.S.); <em>Singh c. Seiffert<\/em> 2006 QCCQ 18135<\/p>\n[3] <em>Parizeau c. Harrisson<\/em>, AZ-01036183 (C.Q.)<\/p>\n[4] <em>Poulin c. Labont\u00e9<\/em>, AZ-50152751 (C.Q.)<\/p>\n[5] <em>Ouellet c. Gouin<\/em>, Az-50127564 (C.S.); <em>Spence c. Bouchard<\/em>, 2010 QCCQ 2224<\/p>\n[6] Martel c. Desbiens, Az-50187660 (C.S.)<\/p>\n[7] <em>Thiverge c. Bouchard<\/em>, 2006 QCCS 5254; <em>Ouelette c. Giroux<\/em>, AZ-50144401 (C.Q); <em>Lainesse c. Lessard<\/em>, AZ-50188332(C.Q)<\/p>\n[8] <em>Lulham c. Roy<\/em>, AZ-50150586 (C.S.); <em>B\u00e9langer c. Turcotte<\/em>, AZ-99021774 (C.S.)<\/p>\n[9] <em>Paquet c. Forgues<\/em>, AZ-50187881 (C.S); <em>Coutu c. Savard<\/em>, 2009 QCCQ 357<\/p>\n[10] <em>Sauvageau c. Roy<\/em>, 2006 QCCQ 4927<\/p>\n[11] <em>B\u00e9land c. Pilote<\/em> 2003 CanLii 33255(C.S); <em>Chevalier c. Gari\u00e9py<\/em>, Az-87018237 (C.A)<\/p>\n[12] <em>Grenier c. Nadeau<\/em>, AZ-00021774(C.S.); <em>L\u00e9ger c. Partenza<\/em>, AZ-00021233 (C.S.)<\/p>\n[13] <em>Laforest c. Chabot<\/em>, 2008 QCCS 4340; <em>St-Germain c. Levesque<\/em>, 2009 QCCS 4455; <em>Oldford c. McDonough-Sinclair<\/em>, 2006 QCCS 5132<\/p>\n[14] <em>Ruel c. Lavoie<\/em>, AZ-92011589 (C.A.)[\/vc_column_text][mk_divider style=&nbsp;&raquo;shadow_line&nbsp;&raquo; margin_bottom=&nbsp;&raquo;50&Prime;][vc_column_text]Si vous recherchez un cabinet d\u2019avocat qui propose des honoraires raisonnables, un traitement rapide et efficace de vos dossiers et un suivi personnalis\u00e9 et efficace, n\u2019h\u00e9sitez pas \u00e0 communiquer avec Schneider Avocats\u00a0au (514) 439-1322 ext. 112 ou par courriel \u00e0 l\u2019adresse :\u00a0<a href=\"mailto:info@schneiderlegal.com\">info@schneiderlegal.com<\/a>[\/vc_column_text][mk_divider style=&nbsp;&raquo;shadow_line&nbsp;&raquo; margin_bottom=&nbsp;&raquo;50&Prime;][vc_column_text]\n<p style=\"text-align: justify; font-size: 10px;\">Le processus pr\u00e9sent\u00e9 ci-dessus ne constitue qu\u2019un outil de r\u00e9f\u00e9rence et ne comporte aucune garantie relative \u00e0 votre dossier. Nous vous recommandons fortement de recourir aux conseils juridiques d\u2019un avocat, membre en r\u00e8gle du Barreau du Qu\u00e9bec. Les particularit\u00e9s propres \u00e0 chaque cas d\u2019esp\u00e8ce doivent faire l\u2019objet d\u2019une analyse exhaustive puisque le processus peut s\u2019av\u00e9rer complexe et techniquement difficile.<\/p>\n[\/vc_column_text][mk_padding_divider][\/vc_column][\/vc_row]\n","protected":false},"excerpt":{"rendered":"<p>[vc_row fullwidth=&nbsp;&raquo;true&nbsp;&raquo; css=&nbsp;&raquo;.vc_custom_1466444759232{border-bottom-width: 2px !important;padding-top: 0px !important;padding-right: 0px !important;padding-bottom: 0px !important;padding-left: 0px !important;border-bottom-color: #568db6 !important;border-bottom-style: solid !important;}&nbsp;&raquo;][vc_column][mk_page_title_box page_title=&nbsp;&raquo;PROC\u00c9DURES JUDICIAIRES CONCERNANT LES VICES CACH\u00c9S &nbsp;&raquo; section_height=&nbsp;&raquo;300&Prime; bg_image=&nbsp;&raquo;http:\/\/schneiderlegal.preview.web22.propulsionweb.ca\/wp-content\/uploads\/2014\/09\/vis.jpg&nbsp;&raquo; bg_position=&nbsp;&raquo;center center&nbsp;&raquo; bg_stretch=&nbsp;&raquo;true&nbsp;&raquo; overlay=&nbsp;&raquo;rgba(0,0,0,0.15)&nbsp;&raquo; font_size=&nbsp;&raquo;40&Prime; font_color=&nbsp;&raquo;#ffffff&nbsp;&raquo; font_weight=&nbsp;&raquo;bold&nbsp;&raquo; underline=&nbsp;&raquo;false&nbsp;&raquo; sub_font_size=&nbsp;&raquo;20&Prime; sub_font_color=&nbsp;&raquo;#ffffff&nbsp;&raquo; sub_font_weight=&nbsp;&raquo;bold&nbsp;&raquo; el_class=&nbsp;&raquo;titleshadow&nbsp;&raquo;][\/vc_column][\/vc_row][vc_row][vc_column][mk_padding_divider size=&nbsp;&raquo;75&Prime;][vc_column_text] Si vous d\u00e9cidez d\u2019intenter une poursuite, quels sont les moyens mis \u00e0 votre disposition? Prescription\u00a0: trois [&hellip;]<\/p>\n","protected":false},"author":2,"featured_media":0,"parent":0,"menu_order":0,"comment_status":"open","ping_status":"open","template":"","meta":{"footnotes":""},"class_list":["post-10720","page","type-page","status-publish","hentry"],"yoast_head":"<!-- This site is optimized with the Yoast SEO plugin v27.0 - https:\/\/yoast.com\/product\/yoast-seo-wordpress\/ -->\n<title>Proc\u00e9dures judiciaires - Schneider Legal - Vices cach\u00e9s Montr\u00e9al<\/title>\n<meta name=\"description\" content=\"Plusieurs possibilit\u00e9s s\u2019offrent \u00e0 une personne qui souhaite intenter un recours judiciaire pour vices cach\u00e9s.\" \/>\n<meta name=\"robots\" content=\"noindex, follow, max-snippet:-1, max-image-preview:large, max-video-preview:-1\" \/>\n<meta property=\"og:locale\" content=\"fr_FR\" \/>\n<meta property=\"og:type\" content=\"article\" \/>\n<meta property=\"og:title\" content=\"Proc\u00e9dures judiciaires - Schneider Legal - Vices cach\u00e9s Montr\u00e9al\" \/>\n<meta property=\"og:description\" content=\"Plusieurs possibilit\u00e9s s\u2019offrent \u00e0 une personne qui souhaite intenter un recours judiciaire pour vices cach\u00e9s.\" \/>\n<meta property=\"og:url\" content=\"https:\/\/staging.schneiderlegal.com\/legal-proceedings-regarding-latent-defect\/\" \/>\n<meta property=\"og:site_name\" content=\"Schneider Legal\" \/>\n<meta property=\"article:modified_time\" content=\"2016-08-03T17:46:31+00:00\" \/>\n<meta name=\"twitter:card\" content=\"summary_large_image\" \/>\n<meta name=\"twitter:label1\" content=\"Est. reading time\" \/>\n\t<meta name=\"twitter:data1\" content=\"5 minutes\" \/>\n<script type=\"application\/ld+json\" class=\"yoast-schema-graph\">{\"@context\":\"https:\/\/schema.org\",\"@graph\":[{\"@type\":\"WebPage\",\"@id\":\"https:\/\/staging.schneiderlegal.com\/legal-proceedings-regarding-latent-defect\/\",\"url\":\"https:\/\/staging.schneiderlegal.com\/legal-proceedings-regarding-latent-defect\/\",\"name\":\"Proc\u00e9dures judiciaires - Schneider Legal - Vices cach\u00e9s Montr\u00e9al\",\"isPartOf\":{\"@id\":\"https:\/\/staging.schneiderlegal.com\/#website\"},\"datePublished\":\"2016-07-01T01:05:25+00:00\",\"dateModified\":\"2016-08-03T17:46:31+00:00\",\"description\":\"Plusieurs possibilit\u00e9s s\u2019offrent \u00e0 une personne qui souhaite intenter un recours judiciaire pour vices cach\u00e9s.\",\"breadcrumb\":{\"@id\":\"https:\/\/staging.schneiderlegal.com\/legal-proceedings-regarding-latent-defect\/#breadcrumb\"},\"inLanguage\":\"fr-FR\",\"potentialAction\":[{\"@type\":\"ReadAction\",\"target\":[\"https:\/\/staging.schneiderlegal.com\/legal-proceedings-regarding-latent-defect\/\"]}]},{\"@type\":\"BreadcrumbList\",\"@id\":\"https:\/\/staging.schneiderlegal.com\/legal-proceedings-regarding-latent-defect\/#breadcrumb\",\"itemListElement\":[{\"@type\":\"ListItem\",\"position\":1,\"name\":\"Home\",\"item\":\"https:\/\/staging.schneiderlegal.com\/fr\/\"},{\"@type\":\"ListItem\",\"position\":2,\"name\":\"PROC\u00c9DURES JUDICIAIRES CONCERNANT LES VICES CACH\u00c9S\"}]},{\"@type\":\"WebSite\",\"@id\":\"https:\/\/staging.schneiderlegal.com\/#website\",\"url\":\"https:\/\/staging.schneiderlegal.com\/\",\"name\":\"Schneider Legal\",\"description\":\"Real Estate Lawyer Montreal - Estate Lawyer\",\"potentialAction\":[{\"@type\":\"SearchAction\",\"target\":{\"@type\":\"EntryPoint\",\"urlTemplate\":\"https:\/\/staging.schneiderlegal.com\/?s={search_term_string}\"},\"query-input\":{\"@type\":\"PropertyValueSpecification\",\"valueRequired\":true,\"valueName\":\"search_term_string\"}}],\"inLanguage\":\"fr-FR\"}]}<\/script>\n<!-- \/ Yoast SEO plugin. -->","yoast_head_json":{"title":"Proc\u00e9dures judiciaires - Schneider Legal - Vices cach\u00e9s Montr\u00e9al","description":"Plusieurs possibilit\u00e9s s\u2019offrent \u00e0 une personne qui souhaite intenter un recours judiciaire pour vices cach\u00e9s.","robots":{"index":"noindex","follow":"follow","max-snippet":"max-snippet:-1","max-image-preview":"max-image-preview:large","max-video-preview":"max-video-preview:-1"},"og_locale":"fr_FR","og_type":"article","og_title":"Proc\u00e9dures judiciaires - Schneider Legal - Vices cach\u00e9s Montr\u00e9al","og_description":"Plusieurs possibilit\u00e9s s\u2019offrent \u00e0 une personne qui souhaite intenter un recours judiciaire pour vices cach\u00e9s.","og_url":"https:\/\/staging.schneiderlegal.com\/legal-proceedings-regarding-latent-defect\/","og_site_name":"Schneider Legal","article_modified_time":"2016-08-03T17:46:31+00:00","twitter_card":"summary_large_image","twitter_misc":{"Est. reading time":"5 minutes"},"schema":{"@context":"https:\/\/schema.org","@graph":[{"@type":"WebPage","@id":"https:\/\/staging.schneiderlegal.com\/legal-proceedings-regarding-latent-defect\/","url":"https:\/\/staging.schneiderlegal.com\/legal-proceedings-regarding-latent-defect\/","name":"Proc\u00e9dures judiciaires - Schneider Legal - Vices cach\u00e9s Montr\u00e9al","isPartOf":{"@id":"https:\/\/staging.schneiderlegal.com\/#website"},"datePublished":"2016-07-01T01:05:25+00:00","dateModified":"2016-08-03T17:46:31+00:00","description":"Plusieurs possibilit\u00e9s s\u2019offrent \u00e0 une personne qui souhaite intenter un recours judiciaire pour vices cach\u00e9s.","breadcrumb":{"@id":"https:\/\/staging.schneiderlegal.com\/legal-proceedings-regarding-latent-defect\/#breadcrumb"},"inLanguage":"fr-FR","potentialAction":[{"@type":"ReadAction","target":["https:\/\/staging.schneiderlegal.com\/legal-proceedings-regarding-latent-defect\/"]}]},{"@type":"BreadcrumbList","@id":"https:\/\/staging.schneiderlegal.com\/legal-proceedings-regarding-latent-defect\/#breadcrumb","itemListElement":[{"@type":"ListItem","position":1,"name":"Home","item":"https:\/\/staging.schneiderlegal.com\/fr\/"},{"@type":"ListItem","position":2,"name":"PROC\u00c9DURES JUDICIAIRES CONCERNANT LES VICES CACH\u00c9S"}]},{"@type":"WebSite","@id":"https:\/\/staging.schneiderlegal.com\/#website","url":"https:\/\/staging.schneiderlegal.com\/","name":"Schneider Legal","description":"Real Estate Lawyer Montreal - Estate Lawyer","potentialAction":[{"@type":"SearchAction","target":{"@type":"EntryPoint","urlTemplate":"https:\/\/staging.schneiderlegal.com\/?s={search_term_string}"},"query-input":{"@type":"PropertyValueSpecification","valueRequired":true,"valueName":"search_term_string"}}],"inLanguage":"fr-FR"}]}},"_links":{"self":[{"href":"https:\/\/staging.schneiderlegal.com\/fr\/wp-json\/wp\/v2\/pages\/10720","targetHints":{"allow":["GET"]}}],"collection":[{"href":"https:\/\/staging.schneiderlegal.com\/fr\/wp-json\/wp\/v2\/pages"}],"about":[{"href":"https:\/\/staging.schneiderlegal.com\/fr\/wp-json\/wp\/v2\/types\/page"}],"author":[{"embeddable":true,"href":"https:\/\/staging.schneiderlegal.com\/fr\/wp-json\/wp\/v2\/users\/2"}],"replies":[{"embeddable":true,"href":"https:\/\/staging.schneiderlegal.com\/fr\/wp-json\/wp\/v2\/comments?post=10720"}],"version-history":[{"count":3,"href":"https:\/\/staging.schneiderlegal.com\/fr\/wp-json\/wp\/v2\/pages\/10720\/revisions"}],"predecessor-version":[{"id":11389,"href":"https:\/\/staging.schneiderlegal.com\/fr\/wp-json\/wp\/v2\/pages\/10720\/revisions\/11389"}],"wp:attachment":[{"href":"https:\/\/staging.schneiderlegal.com\/fr\/wp-json\/wp\/v2\/media?parent=10720"}],"curies":[{"name":"wp","href":"https:\/\/api.w.org\/{rel}","templated":true}]}}