{"id":10703,"date":"2016-07-01T00:27:16","date_gmt":"2016-07-01T00:27:16","guid":{"rendered":"http:\/\/schneiderlegal.preview.web22.propulsionweb.ca\/fr\/factorsindicators-that-impact-whether-the-property-is-subject-to-a-latent-defect\/"},"modified":"2016-08-06T14:03:50","modified_gmt":"2016-08-06T14:03:50","slug":"indicateurs-facteurs-dun-vice-cache","status":"publish","type":"page","link":"https:\/\/staging.schneiderlegal.com\/fr\/indicateurs-facteurs-dun-vice-cache\/","title":{"rendered":"INDICATEURS\/FACTEURS LI\u00c9S \u00c0 L\u2019EXISTENCE D\u2019UN VICE CACH\u00c9"},"content":{"rendered":"[vc_row fullwidth=&nbsp;&raquo;true&nbsp;&raquo; css=&nbsp;&raquo;.vc_custom_1466444759232{border-bottom-width: 2px !important;padding-top: 0px !important;padding-right: 0px !important;padding-bottom: 0px !important;padding-left: 0px !important;border-bottom-color: #568db6 !important;border-bottom-style: solid !important;}&nbsp;&raquo;][vc_column][mk_page_title_box page_title=&nbsp;&raquo;FACTEURS D\u2019UN VICE CACH\u00c9&nbsp;&raquo; section_height=&nbsp;&raquo;300&Prime; bg_image=&nbsp;&raquo;http:\/\/schneiderlegal.preview.web22.propulsionweb.ca\/wp-content\/uploads\/2014\/09\/vis.jpg&nbsp;&raquo; bg_position=&nbsp;&raquo;center center&nbsp;&raquo; bg_stretch=&nbsp;&raquo;true&nbsp;&raquo; overlay=&nbsp;&raquo;rgba(0,0,0,0.16)&nbsp;&raquo; font_size=&nbsp;&raquo;40&Prime; font_color=&nbsp;&raquo;#ffffff&nbsp;&raquo; font_weight=&nbsp;&raquo;bold&nbsp;&raquo; underline=&nbsp;&raquo;false&nbsp;&raquo; sub_font_size=&nbsp;&raquo;20&Prime; sub_font_color=&nbsp;&raquo;#ffffff&nbsp;&raquo; sub_font_weight=&nbsp;&raquo;bold&nbsp;&raquo; el_class=&nbsp;&raquo;titleshadow&nbsp;&raquo;][\/vc_column][\/vc_row][vc_row][vc_column][mk_padding_divider size=&nbsp;&raquo;75&Prime;][vc_column_text]\n<h3>Statut du vendeur:<\/h3>\n[\/vc_column_text][mk_custom_list icon_color=&nbsp;&raquo;&nbsp;&raquo; margin_bottom=&nbsp;&raquo;0&Prime;]\n<ul>\n<li>S\u2019agit-il de la premi\u00e8re vente du vendeur ?<\/li>\n<li>Le vendeur est-il un investisseur immobilier professionnel ?<\/li>\n<li>Le vendeur est-il un courtier immobilier ?<\/li>\n<li>Le vendeur a-t-il mentionn\u00e9 son statut de professionnel ?<\/li>\n<\/ul>\n[\/mk_custom_list][mk_divider style=&nbsp;&raquo;shadow_line&nbsp;&raquo; margin_bottom=&nbsp;&raquo;50&Prime;][vc_column_text]\n<h3>Statut de l\u2019acheteur:<\/h3>\n[\/vc_column_text][mk_custom_list icon_color=&nbsp;&raquo;&nbsp;&raquo; margin_bottom=&nbsp;&raquo;0&Prime;]\n<ul>\n<li>L\u2019acheteur est-il un investisseur professionnel dans le domaine de l\u2019immobilier ?<\/li>\n<li>L\u2019acheteur est-il un investisseur immobilier professionnel ?<\/li>\n<li>L\u2019acheteur est-il un courtier immobilier ?<\/li>\n<li>L\u2019acheteur a-t-il mentionn\u00e9 son statut de professionnel ?<\/li>\n<\/ul>\n[\/mk_custom_list][mk_divider style=&nbsp;&raquo;shadow_line&nbsp;&raquo; margin_bottom=&nbsp;&raquo;50&Prime;][vc_column_text]\n<h3>Caract\u00e9ristiques de l\u2019immeuble:<\/h3>\n[\/vc_column_text][mk_custom_list icon_color=&nbsp;&raquo;&nbsp;&raquo; margin_bottom=&nbsp;&raquo;0&Prime;]\n<ul>\n<li>Quel est l\u2019\u00e2ge de l\u2019immeuble ?<\/li>\n<li>Le prix de vente de l\u2019immeuble est-il sup\u00e9rieur ou inf\u00e9rieur au march\u00e9 ?<\/li>\n<li>O\u00f9 l\u2019immeuble est-il situ\u00e9?<\/li>\n<li>De quelle sorte d\u2019immeuble s\u2019agit-il ?<\/li>\n<\/ul>\n[\/mk_custom_list][mk_divider style=&nbsp;&raquo;shadow_line&nbsp;&raquo; margin_bottom=&nbsp;&raquo;50&Prime;][vc_column_text]\n<h3>Informations obtenues avant l\u2019achat:<\/h3>\n[\/vc_column_text][mk_custom_list icon_color=&nbsp;&raquo;&nbsp;&raquo; margin_bottom=&nbsp;&raquo;0&Prime;]\n<ul>\n<li>Quelle est l\u2019information obtenue du vendeur avant l\u2019achat de l\u2019immeuble?<\/li>\n<li>L\u2019acheteur a-t-il obtenu le rapport d\u2019inspection pr\u00e9achat que le vendeur a lui-m\u00eame fait faire lorsqu\u2019il a achet\u00e9 l\u2019immeuble ?<\/li>\n<li>L\u2019acheteur a-t-il re\u00e7u une d\u00e9claration du vendeur ?<\/li>\n<\/ul>\n[\/mk_custom_list][mk_divider style=&nbsp;&raquo;shadow_line&nbsp;&raquo; margin_bottom=&nbsp;&raquo;50&Prime;][vc_column_text]\n<p style=\"text-align: justify;\">Si vous recherchez un cabinet d\u2019avocat qui propose des honoraires raisonnables, un traitement rapide et efficace de vos dossiers et un suivi personnalis\u00e9 et efficace, n\u2019h\u00e9sitez pas \u00e0 communiquer avec Schneider Avocats\u00a0au (514) 439-1322 ext. 112 ou par courriel \u00e0 l\u2019adresse :\u00a0<a href=\"mailto:info@schneiderlegal.com\">info@schneiderlegal.com<\/a><\/p>\n[\/vc_column_text][mk_divider style=&nbsp;&raquo;shadow_line&nbsp;&raquo; margin_bottom=&nbsp;&raquo;50&Prime;][vc_column_text]\n<p style=\"text-align: justify; font-size: 10px;\">Le processus pr\u00e9sent\u00e9 ci-dessus ne constitue qu\u2019un outil de r\u00e9f\u00e9rence et ne comporte aucune garantie relative \u00e0 votre dossier. Nous vous recommandons fortement de recourir aux conseils juridiques d\u2019un avocat, membre en r\u00e8gle du Barreau du Qu\u00e9bec. Les particularit\u00e9s propres \u00e0 chaque cas d\u2019esp\u00e8ce doivent faire l\u2019objet d\u2019une analyse exhaustive puisque le processus peut s\u2019av\u00e9rer complexe et techniquement difficile.<\/p>\n[\/vc_column_text][mk_padding_divider][\/vc_column][\/vc_row]\n","protected":false},"excerpt":{"rendered":"<p>[vc_row fullwidth=&nbsp;&raquo;true&nbsp;&raquo; css=&nbsp;&raquo;.vc_custom_1466444759232{border-bottom-width: 2px !important;padding-top: 0px !important;padding-right: 0px !important;padding-bottom: 0px !important;padding-left: 0px !important;border-bottom-color: #568db6 !important;border-bottom-style: solid !important;}&nbsp;&raquo;][vc_column][mk_page_title_box page_title=&nbsp;&raquo;FACTEURS D\u2019UN VICE CACH\u00c9&nbsp;&raquo; section_height=&nbsp;&raquo;300&Prime; bg_image=&nbsp;&raquo;http:\/\/schneiderlegal.preview.web22.propulsionweb.ca\/wp-content\/uploads\/2014\/09\/vis.jpg&nbsp;&raquo; bg_position=&nbsp;&raquo;center center&nbsp;&raquo; bg_stretch=&nbsp;&raquo;true&nbsp;&raquo; overlay=&nbsp;&raquo;rgba(0,0,0,0.16)&nbsp;&raquo; font_size=&nbsp;&raquo;40&Prime; font_color=&nbsp;&raquo;#ffffff&nbsp;&raquo; font_weight=&nbsp;&raquo;bold&nbsp;&raquo; underline=&nbsp;&raquo;false&nbsp;&raquo; sub_font_size=&nbsp;&raquo;20&Prime; sub_font_color=&nbsp;&raquo;#ffffff&nbsp;&raquo; sub_font_weight=&nbsp;&raquo;bold&nbsp;&raquo; el_class=&nbsp;&raquo;titleshadow&nbsp;&raquo;][\/vc_column][\/vc_row][vc_row][vc_column][mk_padding_divider size=&nbsp;&raquo;75&Prime;][vc_column_text] Statut du vendeur: [\/vc_column_text][mk_custom_list icon_color=&nbsp;&raquo;&nbsp;&raquo; margin_bottom=&nbsp;&raquo;0&Prime;] S\u2019agit-il de la premi\u00e8re vente du vendeur ? Le vendeur est-il un investisseur [&hellip;]<\/p>\n","protected":false},"author":2,"featured_media":0,"parent":0,"menu_order":0,"comment_status":"open","ping_status":"open","template":"","meta":{"footnotes":""},"class_list":["post-10703","page","type-page","status-publish","hentry"],"yoast_head":"<!-- This site is optimized with the Yoast SEO plugin v27.0 - https:\/\/yoast.com\/product\/yoast-seo-wordpress\/ -->\n<title>Facteurs li\u00e9s \u00e0 un vice cach\u00e9 - Schneider Legal - Avocat en immobilier<\/title>\n<meta name=\"description\" content=\"S\u2019agit-il de la premi\u00e8re vente du vendeur ? L\u2019acheteur est-il un investisseur immobilier professionnel ? Quel est l\u2019\u00e2ge de l\u2019immeuble ?\" \/>\n<meta name=\"robots\" content=\"noindex, follow, max-snippet:-1, max-image-preview:large, max-video-preview:-1\" \/>\n<meta property=\"og:locale\" content=\"fr_FR\" \/>\n<meta property=\"og:type\" content=\"article\" \/>\n<meta property=\"og:title\" content=\"Facteurs li\u00e9s \u00e0 un vice cach\u00e9 - Schneider Legal - Avocat en immobilier\" \/>\n<meta property=\"og:description\" content=\"S\u2019agit-il de la premi\u00e8re vente du vendeur ? L\u2019acheteur est-il un investisseur immobilier professionnel ? Quel est l\u2019\u00e2ge de l\u2019immeuble ?\" \/>\n<meta property=\"og:url\" content=\"https:\/\/staging.schneiderlegal.com\/factorsindicators-that-impact-whether-the-property-is-subject-to-a-latent-defect\/\" \/>\n<meta property=\"og:site_name\" content=\"Schneider Legal\" \/>\n<meta property=\"article:modified_time\" content=\"2016-08-06T14:03:50+00:00\" \/>\n<meta name=\"twitter:card\" content=\"summary_large_image\" \/>\n<meta name=\"twitter:label1\" content=\"Est. reading time\" \/>\n\t<meta name=\"twitter:data1\" content=\"2 minutes\" \/>\n<script type=\"application\/ld+json\" class=\"yoast-schema-graph\">{\"@context\":\"https:\/\/schema.org\",\"@graph\":[{\"@type\":\"WebPage\",\"@id\":\"https:\/\/staging.schneiderlegal.com\/factorsindicators-that-impact-whether-the-property-is-subject-to-a-latent-defect\/\",\"url\":\"https:\/\/staging.schneiderlegal.com\/factorsindicators-that-impact-whether-the-property-is-subject-to-a-latent-defect\/\",\"name\":\"Facteurs li\u00e9s \u00e0 un vice cach\u00e9 - Schneider Legal - Avocat en immobilier\",\"isPartOf\":{\"@id\":\"https:\/\/staging.schneiderlegal.com\/#website\"},\"datePublished\":\"2016-07-01T00:27:16+00:00\",\"dateModified\":\"2016-08-06T14:03:50+00:00\",\"description\":\"S\u2019agit-il de la premi\u00e8re vente du vendeur ? L\u2019acheteur est-il un investisseur immobilier professionnel ? Quel est l\u2019\u00e2ge de l\u2019immeuble ?\",\"breadcrumb\":{\"@id\":\"https:\/\/staging.schneiderlegal.com\/factorsindicators-that-impact-whether-the-property-is-subject-to-a-latent-defect\/#breadcrumb\"},\"inLanguage\":\"fr-FR\",\"potentialAction\":[{\"@type\":\"ReadAction\",\"target\":[\"https:\/\/staging.schneiderlegal.com\/factorsindicators-that-impact-whether-the-property-is-subject-to-a-latent-defect\/\"]}]},{\"@type\":\"BreadcrumbList\",\"@id\":\"https:\/\/staging.schneiderlegal.com\/factorsindicators-that-impact-whether-the-property-is-subject-to-a-latent-defect\/#breadcrumb\",\"itemListElement\":[{\"@type\":\"ListItem\",\"position\":1,\"name\":\"Home\",\"item\":\"https:\/\/staging.schneiderlegal.com\/fr\/\"},{\"@type\":\"ListItem\",\"position\":2,\"name\":\"INDICATEURS\/FACTEURS LI\u00c9S \u00c0 L\u2019EXISTENCE D\u2019UN VICE CACH\u00c9\"}]},{\"@type\":\"WebSite\",\"@id\":\"https:\/\/staging.schneiderlegal.com\/#website\",\"url\":\"https:\/\/staging.schneiderlegal.com\/\",\"name\":\"Schneider Legal\",\"description\":\"Real Estate Lawyer Montreal - Estate Lawyer\",\"potentialAction\":[{\"@type\":\"SearchAction\",\"target\":{\"@type\":\"EntryPoint\",\"urlTemplate\":\"https:\/\/staging.schneiderlegal.com\/?s={search_term_string}\"},\"query-input\":{\"@type\":\"PropertyValueSpecification\",\"valueRequired\":true,\"valueName\":\"search_term_string\"}}],\"inLanguage\":\"fr-FR\"}]}<\/script>\n<!-- \/ Yoast SEO plugin. -->","yoast_head_json":{"title":"Facteurs li\u00e9s \u00e0 un vice cach\u00e9 - Schneider Legal - Avocat en immobilier","description":"S\u2019agit-il de la premi\u00e8re vente du vendeur ? L\u2019acheteur est-il un investisseur immobilier professionnel ? Quel est l\u2019\u00e2ge de l\u2019immeuble ?","robots":{"index":"noindex","follow":"follow","max-snippet":"max-snippet:-1","max-image-preview":"max-image-preview:large","max-video-preview":"max-video-preview:-1"},"og_locale":"fr_FR","og_type":"article","og_title":"Facteurs li\u00e9s \u00e0 un vice cach\u00e9 - Schneider Legal - Avocat en immobilier","og_description":"S\u2019agit-il de la premi\u00e8re vente du vendeur ? L\u2019acheteur est-il un investisseur immobilier professionnel ? Quel est l\u2019\u00e2ge de l\u2019immeuble ?","og_url":"https:\/\/staging.schneiderlegal.com\/factorsindicators-that-impact-whether-the-property-is-subject-to-a-latent-defect\/","og_site_name":"Schneider Legal","article_modified_time":"2016-08-06T14:03:50+00:00","twitter_card":"summary_large_image","twitter_misc":{"Est. reading time":"2 minutes"},"schema":{"@context":"https:\/\/schema.org","@graph":[{"@type":"WebPage","@id":"https:\/\/staging.schneiderlegal.com\/factorsindicators-that-impact-whether-the-property-is-subject-to-a-latent-defect\/","url":"https:\/\/staging.schneiderlegal.com\/factorsindicators-that-impact-whether-the-property-is-subject-to-a-latent-defect\/","name":"Facteurs li\u00e9s \u00e0 un vice cach\u00e9 - Schneider Legal - Avocat en immobilier","isPartOf":{"@id":"https:\/\/staging.schneiderlegal.com\/#website"},"datePublished":"2016-07-01T00:27:16+00:00","dateModified":"2016-08-06T14:03:50+00:00","description":"S\u2019agit-il de la premi\u00e8re vente du vendeur ? L\u2019acheteur est-il un investisseur immobilier professionnel ? Quel est l\u2019\u00e2ge de l\u2019immeuble ?","breadcrumb":{"@id":"https:\/\/staging.schneiderlegal.com\/factorsindicators-that-impact-whether-the-property-is-subject-to-a-latent-defect\/#breadcrumb"},"inLanguage":"fr-FR","potentialAction":[{"@type":"ReadAction","target":["https:\/\/staging.schneiderlegal.com\/factorsindicators-that-impact-whether-the-property-is-subject-to-a-latent-defect\/"]}]},{"@type":"BreadcrumbList","@id":"https:\/\/staging.schneiderlegal.com\/factorsindicators-that-impact-whether-the-property-is-subject-to-a-latent-defect\/#breadcrumb","itemListElement":[{"@type":"ListItem","position":1,"name":"Home","item":"https:\/\/staging.schneiderlegal.com\/fr\/"},{"@type":"ListItem","position":2,"name":"INDICATEURS\/FACTEURS LI\u00c9S \u00c0 L\u2019EXISTENCE D\u2019UN VICE CACH\u00c9"}]},{"@type":"WebSite","@id":"https:\/\/staging.schneiderlegal.com\/#website","url":"https:\/\/staging.schneiderlegal.com\/","name":"Schneider Legal","description":"Real Estate Lawyer Montreal - Estate Lawyer","potentialAction":[{"@type":"SearchAction","target":{"@type":"EntryPoint","urlTemplate":"https:\/\/staging.schneiderlegal.com\/?s={search_term_string}"},"query-input":{"@type":"PropertyValueSpecification","valueRequired":true,"valueName":"search_term_string"}}],"inLanguage":"fr-FR"}]}},"_links":{"self":[{"href":"https:\/\/staging.schneiderlegal.com\/fr\/wp-json\/wp\/v2\/pages\/10703","targetHints":{"allow":["GET"]}}],"collection":[{"href":"https:\/\/staging.schneiderlegal.com\/fr\/wp-json\/wp\/v2\/pages"}],"about":[{"href":"https:\/\/staging.schneiderlegal.com\/fr\/wp-json\/wp\/v2\/types\/page"}],"author":[{"embeddable":true,"href":"https:\/\/staging.schneiderlegal.com\/fr\/wp-json\/wp\/v2\/users\/2"}],"replies":[{"embeddable":true,"href":"https:\/\/staging.schneiderlegal.com\/fr\/wp-json\/wp\/v2\/comments?post=10703"}],"version-history":[{"count":4,"href":"https:\/\/staging.schneiderlegal.com\/fr\/wp-json\/wp\/v2\/pages\/10703\/revisions"}],"predecessor-version":[{"id":11629,"href":"https:\/\/staging.schneiderlegal.com\/fr\/wp-json\/wp\/v2\/pages\/10703\/revisions\/11629"}],"wp:attachment":[{"href":"https:\/\/staging.schneiderlegal.com\/fr\/wp-json\/wp\/v2\/media?parent=10703"}],"curies":[{"name":"wp","href":"https:\/\/api.w.org\/{rel}","templated":true}]}}