{"id":10699,"date":"2014-09-01T10:19:54","date_gmt":"2014-09-01T10:19:54","guid":{"rendered":"http:\/\/schneiderlegal.preview.web22.propulsionweb.ca\/fr\/what-is-a-latent-defect\/"},"modified":"2019-07-04T09:01:05","modified_gmt":"2019-07-04T13:01:05","slug":"qu-est-ce-qu-un-vice-cache","status":"publish","type":"page","link":"https:\/\/staging.schneiderlegal.com\/fr\/qu-est-ce-qu-un-vice-cache\/","title":{"rendered":"QU&rsquo;EST-CE QU&rsquo;UN VICE CACH\u00c9?"},"content":{"rendered":"[vc_row fullwidth=&nbsp;&raquo;true&nbsp;&raquo; css=&nbsp;&raquo;.vc_custom_1466444759232{border-bottom-width: 2px !important;padding-top: 0px !important;padding-right: 0px !important;padding-bottom: 0px !important;padding-left: 0px !important;border-bottom-color: #568db6 !important;border-bottom-style: solid !important;}&nbsp;&raquo;][vc_column][mk_page_title_box page_title=&nbsp;&raquo;QU&rsquo;EST-CE QU&rsquo;UN VICE CACH\u00c9?&nbsp;&raquo; section_height=&nbsp;&raquo;300&Prime; bg_image=&nbsp;&raquo;http:\/\/schneiderlegal.preview.web22.propulsionweb.ca\/wp-content\/uploads\/2014\/09\/vis.jpg&nbsp;&raquo; bg_position=&nbsp;&raquo;center center&nbsp;&raquo; bg_stretch=&nbsp;&raquo;true&nbsp;&raquo; overlay=&nbsp;&raquo;rgba(0,0,0,0.15)&nbsp;&raquo; font_size=&nbsp;&raquo;40&Prime; font_color=&nbsp;&raquo;#ffffff&nbsp;&raquo; font_weight=&nbsp;&raquo;bold&nbsp;&raquo; underline=&nbsp;&raquo;false&nbsp;&raquo; sub_font_size=&nbsp;&raquo;20&Prime; sub_font_color=&nbsp;&raquo;#ffffff&nbsp;&raquo; sub_font_weight=&nbsp;&raquo;bold&nbsp;&raquo; el_class=&nbsp;&raquo;titleshadow&nbsp;&raquo;][\/vc_column][\/vc_row][vc_row][vc_column][mk_padding_divider size=&nbsp;&raquo;75&Prime;][vc_column_text]\n<p style=\"text-align: justify;\">Dans le domaine de l\u2019immobilier et plus particuli\u00e8rement dans le cadre de la vente d\u2019un immeuble, le vice cach\u00e9 est devenu un probl\u00e8me auquel les praticiens du droit font face de fa\u00e7on r\u00e9currente.<\/p>\n<p style=\"text-align: justify;\">De plus en plus de gens entrent dans le march\u00e9 de l&rsquo;immobilier. Que ce soit pour la vente ou pour l\u2019achat d\u2019immeubles, il semble in\u00e9vitable que certaines probl\u00e9matiques reli\u00e9es aux b\u00e2timents, notamment les vices cach\u00e9s, prennent de l\u2019ampleur.<\/p>\n[\/vc_column_text][mk_divider style=&nbsp;&raquo;shadow_line&nbsp;&raquo; margin_bottom=&nbsp;&raquo;50&Prime;][vc_row_inner][vc_column_inner][mk_theatre_slider host=&nbsp;&raquo;social_hosted&nbsp;&raquo; stream_video_id=&nbsp;&raquo;lfZMGUk0hlM&nbsp;&raquo; align=&nbsp;&raquo;center&nbsp;&raquo;][mk_padding_divider][vc_column_text]\n<h3>Qu&rsquo;est-ce qu&rsquo;un vice cach\u00e9?<\/h3>\n<p style=\"text-align: justify;\">Un vice cach\u00e9 est un d\u00e9faut ou une imperfection affectant un immeuble qui ne peut \u00eatre vu \u00e0 l\u2019\u0153il nu au moment de l\u2019achat.<\/p>\n<p style=\"text-align: justify;\">Pour qu\u2019un probl\u00e8me soit juridiquement qualifi\u00e9 de vice cach\u00e9, il doit \u00eatre s\u00e9rieux et important. De plus, il faut que celui-ci ait \u00e9chapp\u00e9 \u00e0 l\u2019examen d\u2019un acheteur prudent et diligent plac\u00e9 dans les m\u00eames circonstances. Par ailleurs, le vice cach\u00e9 doit exister lors de l\u2019achat. Finalement, pour qu\u2019un vice soit qualifi\u00e9 de vice cach\u00e9, il faut que le d\u00e9faut en question alt\u00e8re le bien achet\u00e9 d\u2019une mani\u00e8re telle qu\u2019un acheteur prudent et diligent plac\u00e9 dans les m\u00eames circonstances ne l\u2019aurait pas achet\u00e9 ou l\u2019aurait achet\u00e9 \u00e0 un prix diff\u00e9rent.<\/p>\n<p style=\"text-align: justify;\">Toutes ces conditions doivent \u00eatre r\u00e9unies pour qualifier de vice cach\u00e9 le d\u00e9faut observ\u00e9.<\/p>\n<p style=\"text-align: justify;\">Heureusement, le <em>Code civil du Qu\u00e9bec<\/em> pr\u00e9voit un r\u00e9gime de protection pour l\u2019acheteur\u00a0: la garantie de qualit\u00e9. Celle-ci s\u2019applique par d\u00e9faut \u00e0 tout bien vendu. Cependant, il est important de mentionner qu\u2019il est possible, pour un vendeur, d\u2019exclure cette garantie d\u2019une vente. Pour en apprendre plus sur la vente d\u2019un immeuble sans la garantie l\u00e9gale, <a href=\"http:\/\/schneiderlegal.preview.web22.propulsionweb.ca\/fr\/immeubles-vendus-sans-garantie-legale-et-les-consequences\/\"><u>cliquez ici<\/u>.<\/a><\/p>\n<p style=\"text-align: justify;\">Les conditions n\u00e9cessaires \u00e0 la qualification juridique d\u2019un vice cach\u00e9 devraient vous amener \u00e0 vous poser les cinq questions suivantes\u00a0:<\/p>\n[\/vc_column_text][\/vc_column_inner][\/vc_row_inner][mk_divider style=&nbsp;&raquo;shadow_line&nbsp;&raquo; margin_bottom=&nbsp;&raquo;50&Prime;][vc_column_text]\n<h3 style=\"text-align: justify;\">1) Le d\u00e9faut existait-il au moment de la vente ?<\/h3>\n<p style=\"text-align: justify;\">Le vice cach\u00e9 doit exister au moment de la vente. Ainsi, il n\u2019est pas n\u00e9cessaire que le d\u00e9faut ait exist\u00e9 ant\u00e9rieurement \u00e0 celle-ci.<\/p>\n<p style=\"text-align: justify;\">Ce principe est tout \u00e0 fait logique. En effet, le vendeur ne saurait \u00eatre tenu responsable d\u2019une d\u00e9fectuosit\u00e9 survenue post\u00e9rieurement \u00e0 la vente de l\u2019immeuble.<\/p>\n<p style=\"text-align: justify;\">Cependant, certains d\u00e9fauts peuvent apparaitre apr\u00e8s la vente d\u2019un immeuble et ce, m\u00eame s\u2019ils existaient d\u00e9j\u00e0 avant celle-ci. Il est donc tout \u00e0 fait possible que ce d\u00e9faut soit qualifi\u00e9 de vice cach\u00e9. Il est alors important de recourir \u00e0 une expertise qui permettra de prouver que celui-ci existait lors de la vente.<\/p>\n[\/vc_column_text][mk_divider style=&nbsp;&raquo;shadow_line&nbsp;&raquo; margin_bottom=&nbsp;&raquo;50&Prime;][vc_column_text]\n<h3 style=\"text-align: justify;\">2) Le d\u00e9faut est-il cach\u00e9 ?<\/h3>\n<p style=\"text-align: justify;\">Le d\u00e9faut sera caract\u00e9ris\u00e9 de vice cach\u00e9 s\u2019il n\u2019est pas apparent aux yeux d\u2019un acheteur prudent et diligent plac\u00e9 dans les m\u00eames circonstances. \u00c0 plus forte raison, si l\u2019expert ne d\u00e9couvre pas le vice lors d\u2019une inspection pr\u00e9achat sommaire, le d\u00e9faut sera qualifi\u00e9 de vice cach\u00e9.<\/p>\n<p style=\"text-align: justify;\">Ceci permet d\u2019exclure de la notion juridique de \u00ab\u00a0vice cach\u00e9\u00a0\u00bb tout d\u00e9faut dont une personne raisonnable aurait pris conscience.<\/p>\n<p style=\"text-align: justify;\">L\u2019acheteur n\u2019a pas la responsabilit\u00e9 d\u2019ouvrir les murs ou de proc\u00e9der \u00e0 d\u2019autres travaux semblables afin de d\u00e9couvrir un vice cach\u00e9. Ceci dit, le caract\u00e8re cach\u00e9 du vice sera analys\u00e9 de fa\u00e7on objective. Ainsi, un acheteur qui proc\u00e8de \u00e0 une inspection sommaire alors qu\u2019il a de bonnes raisons de croire \u00e0 l\u2019existence d\u2019un probl\u00e8me majeur ne sera pas consid\u00e9r\u00e9 comme objectivement prudent et diligent. C\u2019est pourquoi nous vous recommandons fortement de faire inspecter le b\u00e2timent que vous souhaitez acheter ou vendre, m\u00eame si cela peut vous sembler accessoire. Comme on dit, mieux vaut pr\u00e9venir que gu\u00e9rir.<\/p>\n<p style=\"text-align: justify;\">Il est important de noter que ce crit\u00e8re d\u2019acheteur prudent et diligent s\u2019\u00e9value au cas par cas et selon les circonstances. Le but est de savoir si l\u2019acheteur moyen, plac\u00e9 dans les m\u00eames circonstances, aurait vu le vice ou aurait d\u00e9tect\u00e9 un indice pouvant mener \u00e0 sa d\u00e9couverte sans l\u2019aide d\u2019un expert.<\/p>\n<p style=\"text-align: justify;\">Par exemple, si Monsieur Goldberg ach\u00e8te une maison affect\u00e9e d\u2019un vice cach\u00e9, la Cour ne cherchera pas \u00e0 d\u00e9terminer si Monsieur Goldberg a vu le vice cach\u00e9 ou connaissait la pr\u00e9sence d\u2019un vice cach\u00e9 avant d\u2019acheter l\u2019immeuble. Elle tentera plut\u00f4t de savoir si celui-ci <em>aurait<\/em> <em>d\u00fb<\/em> voir le vice ou s\u2019il <em>aurait d\u00fb<\/em> pousser sa r\u00e9flexion plus loin, en tenant compte des circonstances. On proc\u00e9dera \u00e0 l\u2019analyse de ce que Monsieur Goldberg aurait fait s\u2019il \u00e9tait raisonnable.<\/p>\n[\/vc_column_text][mk_divider style=&nbsp;&raquo;shadow_line&nbsp;&raquo; margin_bottom=&nbsp;&raquo;50&Prime;][vc_column_text]\n<h3 style=\"text-align: justify;\">3) Le vice rend-il l\u2019immeuble impropre \u00e0 l\u2019usage pour lequel il est destin\u00e9 ?<\/h3>\n<p style=\"text-align: justify;\">Un autre crit\u00e8re permettant de d\u00e9terminer si un d\u00e9faut doit \u00eatre qualifi\u00e9 de vice cach\u00e9 est de savoir si le d\u00e9faut rend l\u2019immeuble impropre \u00e0 l\u2019usage pour lequel il est destin\u00e9.<\/p>\n<p style=\"text-align: justify;\">Le d\u00e9faut doit \u00eatre assez grave et s\u00e9rieux pour que l\u2019acheteur, s\u2019il avait eu connaissance de celui-ci lors de la vente, n\u2019aurait pas achet\u00e9 l\u2019immeuble ou l\u2019aurait achet\u00e9 \u00e0 un prix moindre.<\/p>\n<p style=\"text-align: justify;\">Lors d\u2019une poursuite judiciaire, il faut noter c\u2019est sur les \u00e9paules de l\u2019acheteur que repose le fardeau de faire la preuve de ce qui pr\u00e9c\u00e8de.<\/p>\n[\/vc_column_text][mk_divider style=&nbsp;&raquo;shadow_line&nbsp;&raquo; margin_bottom=&nbsp;&raquo;50&Prime;][vc_column_text]\n<h3 style=\"text-align: justify;\">4) L\u2019acheteur a-t-il d\u00e9nonc\u00e9 le vice au vendeur ?<\/h3>\n<p style=\"text-align: justify;\">L\u2019acheteur a l\u2019obligation de d\u00e9noncer le vice au vendeur dans un d\u00e9lai raisonnable \u00e0 compter de la connaissance du vice, \u00e9valu\u00e9 en g\u00e9n\u00e9ral \u00e0 six (6) mois. Cette d\u00e9nonciation devrait prendre la forme d\u2019une lettre de mise en demeure.<\/p>\n<p style=\"text-align: justify;\">Celle-ci a pour effet de mettre le vendeur en d\u00e9faut de respecter la garantie de qualit\u00e9 \u00e0 laquelle il est tenu conform\u00e9ment \u00e0 la loi.<\/p>\n<p style=\"text-align: justify;\">Le but de cette lettre est double\u00a0: elle permet de d\u00e9noncer le d\u00e9faut \u00e0 l\u2019acheteur et de donner \u00e0 celui-ci l\u2019opportunit\u00e9 de remplir ses obligations.<\/p>\n<p style=\"text-align: justify;\">Pour ce faire, l\u2019acheteur devra avoir acc\u00e8s \u00e0 l\u2019immeuble en question. Il pourra alors observer le probl\u00e8me all\u00e9gu\u00e9 puis choisir entre proc\u00e9der aux r\u00e9parations ou nier sa responsabilit\u00e9 quant au vice all\u00e9gu\u00e9 par l\u2019acheteur.<\/p>\n<p style=\"text-align: justify;\">Finalement, il importe de sp\u00e9cifier qu\u2019acheter un immeuble tout en ayant connaissance du d\u00e9faut de qualit\u00e9 en question ne permet pas de se pr\u00e9valoir de la garantie de qualit\u00e9 pr\u00e9vue au <em>Code civil du Qu\u00e9bec<\/em>. En effet, un vice connu de l\u2019acheteur n\u2019est pas consid\u00e9r\u00e9 comme un vice cach\u00e9, mais plut\u00f4t comme un vice apparent.<\/p>\n[\/vc_column_text][mk_divider style=&nbsp;&raquo;shadow_line&nbsp;&raquo; margin_bottom=&nbsp;&raquo;50&Prime;][vc_column_text]\n<h3 style=\"text-align: justify;\">5) Le d\u00e9faut est-il important et s\u00e9rieux ?<\/h3>\n<p style=\"text-align: justify;\">Un d\u00e9faut n\u00e9cessitant de menues r\u00e9parations ou qui est consid\u00e9r\u00e9 comme insignifiant d\u2019un point de vue \u00e9conomique ne peut \u00eatre qualifi\u00e9 de vice cach\u00e9. Il va sans dire que le vice doit causer une perte de jouissance du bien. Ainsi, le d\u00e9faut doit impliquer certaines r\u00e9parations, causer des inconv\u00e9nients, etc\u2026 Bref, en consid\u00e9rant la situation dans son ensemble, le vice cach\u00e9 doit nuire de fa\u00e7on minimale \u00e0 l\u2019utilisation de l\u2019immeuble.<\/p>\n<p style=\"text-align: justify;\">Le s\u00e9rieux et l\u2019importance du vice cach\u00e9 s\u2019appr\u00e9cient par rapport \u00e0 l\u2019impact que ceux-ci ont sur la qualit\u00e9 de l\u2019immeuble. Cet impact doit \u00eatre tel que l\u2019acheteur n\u2019aurait pas achet\u00e9 l\u2019immeuble ou ne l\u2019aurait pas pay\u00e9 un si haut prix.<\/p>\n<p style=\"text-align: justify;\">Toutes les conditions \u00e9nonc\u00e9es ci-haut sont cumulatives et doivent \u00eatre remplies afin qu\u2019un d\u00e9faut ou un vice entachant l\u2019immeuble puisse \u00eatre qualifi\u00e9 de vice cach\u00e9.<\/p>\n[\/vc_column_text][mk_divider style=&nbsp;&raquo;shadow_line&nbsp;&raquo; margin_bottom=&nbsp;&raquo;50&Prime;][vc_column_text]\n<p style=\"text-align: justify;\"><a href=\"\/wp-content\/uploads\/2016\/07\/Gazette_Realestate.pdf\" target=\"_blank\" rel=\"noopener\">Cliquez ici afin de lire un article publi\u00e9 dans la Gazette (en anglais).<\/a><\/p>\n[\/vc_column_text][mk_divider style=&nbsp;&raquo;shadow_line&nbsp;&raquo; margin_bottom=&nbsp;&raquo;50&Prime;][vc_column_text]\n<p style=\"text-align: justify;\">Si vous recherchez un cabinet d\u2019avocat qui propose des honoraires raisonnables, un traitement rapide et efficace de vos dossiers et un suivi personnalis\u00e9 et efficace, n\u2019h\u00e9sitez pas \u00e0 communiquer avec Schneider Avocats\u00a0au (514) 439-1322 ext. 112 ou par courriel \u00e0 l\u2019adresse :\u00a0<a href=\"mailto:info@schneiderlegal.com\">info@schneiderlegal.com<\/a><\/p>\n[\/vc_column_text][mk_divider style=&nbsp;&raquo;shadow_line&nbsp;&raquo; margin_bottom=&nbsp;&raquo;50&Prime;][vc_column_text]\n<p style=\"text-align: justify; font-size: 10px;\">Le processus pr\u00e9sent\u00e9 ci-dessus ne constitue qu\u2019un outil de r\u00e9f\u00e9rence et ne comporte aucune garantie relative \u00e0 votre dossier. Nous vous recommandons fortement de recourir aux conseils juridiques d\u2019un avocat, membre en r\u00e8gle du Barreau du Qu\u00e9bec. Les particularit\u00e9s propres \u00e0 chaque cas d\u2019esp\u00e8ce doivent faire l\u2019objet d\u2019une analyse exhaustive puisque le processus peut s\u2019av\u00e9rer complexe et techniquement difficile.<\/p>\n[\/vc_column_text][mk_padding_divider][\/vc_column][\/vc_row]\n","protected":false},"excerpt":{"rendered":"<p>[vc_row fullwidth=&nbsp;&raquo;true&nbsp;&raquo; css=&nbsp;&raquo;.vc_custom_1466444759232{border-bottom-width: 2px !important;padding-top: 0px !important;padding-right: 0px !important;padding-bottom: 0px !important;padding-left: 0px !important;border-bottom-color: #568db6 !important;border-bottom-style: solid !important;}&nbsp;&raquo;][vc_column][mk_page_title_box page_title=&nbsp;&raquo;QU&rsquo;EST-CE QU&rsquo;UN VICE CACH\u00c9?&nbsp;&raquo; section_height=&nbsp;&raquo;300&Prime; bg_image=&nbsp;&raquo;http:\/\/schneiderlegal.preview.web22.propulsionweb.ca\/wp-content\/uploads\/2014\/09\/vis.jpg&nbsp;&raquo; bg_position=&nbsp;&raquo;center center&nbsp;&raquo; bg_stretch=&nbsp;&raquo;true&nbsp;&raquo; overlay=&nbsp;&raquo;rgba(0,0,0,0.15)&nbsp;&raquo; font_size=&nbsp;&raquo;40&Prime; font_color=&nbsp;&raquo;#ffffff&nbsp;&raquo; font_weight=&nbsp;&raquo;bold&nbsp;&raquo; underline=&nbsp;&raquo;false&nbsp;&raquo; sub_font_size=&nbsp;&raquo;20&Prime; sub_font_color=&nbsp;&raquo;#ffffff&nbsp;&raquo; sub_font_weight=&nbsp;&raquo;bold&nbsp;&raquo; el_class=&nbsp;&raquo;titleshadow&nbsp;&raquo;][\/vc_column][\/vc_row][vc_row][vc_column][mk_padding_divider size=&nbsp;&raquo;75&Prime;][vc_column_text] Dans le domaine de l\u2019immobilier et plus particuli\u00e8rement dans le cadre de la vente d\u2019un immeuble, le vice cach\u00e9 [&hellip;]<\/p>\n","protected":false},"author":2,"featured_media":0,"parent":0,"menu_order":0,"comment_status":"open","ping_status":"closed","template":"","meta":{"footnotes":""},"class_list":["post-10699","page","type-page","status-publish","hentry"],"yoast_head":"<!-- This site is optimized with the Yoast SEO plugin v27.0 - https:\/\/yoast.com\/product\/yoast-seo-wordpress\/ -->\n<title>Qu&#039;est-ce qu&#039;un vice cach\u00e9? - Schneider Legal - Avocat en droit immobilier<\/title>\n<meta name=\"description\" content=\"Un vice cach\u00e9 est un d\u00e9faut ou une imperfection affectant un immeuble qui ne peut \u00eatre vu \u00e0 l\u2019\u0153il nu au moment de l\u2019achat.\" \/>\n<meta name=\"robots\" content=\"noindex, follow, max-snippet:-1, max-image-preview:large, max-video-preview:-1\" \/>\n<meta property=\"og:locale\" content=\"fr_FR\" \/>\n<meta property=\"og:type\" content=\"article\" \/>\n<meta property=\"og:title\" content=\"Qu&#039;est-ce qu&#039;un vice cach\u00e9? - Schneider Legal - Avocat en droit immobilier\" \/>\n<meta property=\"og:description\" content=\"Un vice cach\u00e9 est un d\u00e9faut ou une imperfection affectant un immeuble qui ne peut \u00eatre vu \u00e0 l\u2019\u0153il nu au moment de l\u2019achat.\" \/>\n<meta property=\"og:url\" content=\"https:\/\/staging.schneiderlegal.com\/what-is-a-latent-defect\/\" \/>\n<meta property=\"og:site_name\" content=\"Schneider Legal\" \/>\n<meta property=\"article:modified_time\" content=\"2019-07-04T13:01:05+00:00\" \/>\n<meta name=\"twitter:card\" content=\"summary_large_image\" \/>\n<meta name=\"twitter:label1\" content=\"Est. reading time\" \/>\n\t<meta name=\"twitter:data1\" content=\"8 minutes\" \/>\n<script type=\"application\/ld+json\" class=\"yoast-schema-graph\">{\"@context\":\"https:\/\/schema.org\",\"@graph\":[{\"@type\":\"WebPage\",\"@id\":\"https:\/\/staging.schneiderlegal.com\/what-is-a-latent-defect\/\",\"url\":\"https:\/\/staging.schneiderlegal.com\/what-is-a-latent-defect\/\",\"name\":\"Qu'est-ce qu'un vice cach\u00e9? - Schneider Legal - Avocat en droit immobilier\",\"isPartOf\":{\"@id\":\"https:\/\/staging.schneiderlegal.com\/#website\"},\"datePublished\":\"2014-09-01T10:19:54+00:00\",\"dateModified\":\"2019-07-04T13:01:05+00:00\",\"description\":\"Un vice cach\u00e9 est un d\u00e9faut ou une imperfection affectant un immeuble qui ne peut \u00eatre vu \u00e0 l\u2019\u0153il nu au moment de l\u2019achat.\",\"breadcrumb\":{\"@id\":\"https:\/\/staging.schneiderlegal.com\/what-is-a-latent-defect\/#breadcrumb\"},\"inLanguage\":\"fr-FR\",\"potentialAction\":[{\"@type\":\"ReadAction\",\"target\":[\"https:\/\/staging.schneiderlegal.com\/what-is-a-latent-defect\/\"]}]},{\"@type\":\"BreadcrumbList\",\"@id\":\"https:\/\/staging.schneiderlegal.com\/what-is-a-latent-defect\/#breadcrumb\",\"itemListElement\":[{\"@type\":\"ListItem\",\"position\":1,\"name\":\"Home\",\"item\":\"https:\/\/staging.schneiderlegal.com\/fr\/\"},{\"@type\":\"ListItem\",\"position\":2,\"name\":\"QU&#8217;EST-CE QU&#8217;UN VICE CACH\u00c9?\"}]},{\"@type\":\"WebSite\",\"@id\":\"https:\/\/staging.schneiderlegal.com\/#website\",\"url\":\"https:\/\/staging.schneiderlegal.com\/\",\"name\":\"Schneider Legal\",\"description\":\"Real Estate Lawyer Montreal - Estate Lawyer\",\"potentialAction\":[{\"@type\":\"SearchAction\",\"target\":{\"@type\":\"EntryPoint\",\"urlTemplate\":\"https:\/\/staging.schneiderlegal.com\/?s={search_term_string}\"},\"query-input\":{\"@type\":\"PropertyValueSpecification\",\"valueRequired\":true,\"valueName\":\"search_term_string\"}}],\"inLanguage\":\"fr-FR\"}]}<\/script>\n<!-- \/ Yoast SEO plugin. -->","yoast_head_json":{"title":"Qu'est-ce qu'un vice cach\u00e9? - Schneider Legal - Avocat en droit immobilier","description":"Un vice cach\u00e9 est un d\u00e9faut ou une imperfection affectant un immeuble qui ne peut \u00eatre vu \u00e0 l\u2019\u0153il nu au moment de l\u2019achat.","robots":{"index":"noindex","follow":"follow","max-snippet":"max-snippet:-1","max-image-preview":"max-image-preview:large","max-video-preview":"max-video-preview:-1"},"og_locale":"fr_FR","og_type":"article","og_title":"Qu'est-ce qu'un vice cach\u00e9? - Schneider Legal - Avocat en droit immobilier","og_description":"Un vice cach\u00e9 est un d\u00e9faut ou une imperfection affectant un immeuble qui ne peut \u00eatre vu \u00e0 l\u2019\u0153il nu au moment de l\u2019achat.","og_url":"https:\/\/staging.schneiderlegal.com\/what-is-a-latent-defect\/","og_site_name":"Schneider Legal","article_modified_time":"2019-07-04T13:01:05+00:00","twitter_card":"summary_large_image","twitter_misc":{"Est. reading time":"8 minutes"},"schema":{"@context":"https:\/\/schema.org","@graph":[{"@type":"WebPage","@id":"https:\/\/staging.schneiderlegal.com\/what-is-a-latent-defect\/","url":"https:\/\/staging.schneiderlegal.com\/what-is-a-latent-defect\/","name":"Qu'est-ce qu'un vice cach\u00e9? - Schneider Legal - Avocat en droit immobilier","isPartOf":{"@id":"https:\/\/staging.schneiderlegal.com\/#website"},"datePublished":"2014-09-01T10:19:54+00:00","dateModified":"2019-07-04T13:01:05+00:00","description":"Un vice cach\u00e9 est un d\u00e9faut ou une imperfection affectant un immeuble qui ne peut \u00eatre vu \u00e0 l\u2019\u0153il nu au moment de l\u2019achat.","breadcrumb":{"@id":"https:\/\/staging.schneiderlegal.com\/what-is-a-latent-defect\/#breadcrumb"},"inLanguage":"fr-FR","potentialAction":[{"@type":"ReadAction","target":["https:\/\/staging.schneiderlegal.com\/what-is-a-latent-defect\/"]}]},{"@type":"BreadcrumbList","@id":"https:\/\/staging.schneiderlegal.com\/what-is-a-latent-defect\/#breadcrumb","itemListElement":[{"@type":"ListItem","position":1,"name":"Home","item":"https:\/\/staging.schneiderlegal.com\/fr\/"},{"@type":"ListItem","position":2,"name":"QU&#8217;EST-CE QU&#8217;UN VICE CACH\u00c9?"}]},{"@type":"WebSite","@id":"https:\/\/staging.schneiderlegal.com\/#website","url":"https:\/\/staging.schneiderlegal.com\/","name":"Schneider Legal","description":"Real Estate Lawyer Montreal - Estate Lawyer","potentialAction":[{"@type":"SearchAction","target":{"@type":"EntryPoint","urlTemplate":"https:\/\/staging.schneiderlegal.com\/?s={search_term_string}"},"query-input":{"@type":"PropertyValueSpecification","valueRequired":true,"valueName":"search_term_string"}}],"inLanguage":"fr-FR"}]}},"_links":{"self":[{"href":"https:\/\/staging.schneiderlegal.com\/fr\/wp-json\/wp\/v2\/pages\/10699","targetHints":{"allow":["GET"]}}],"collection":[{"href":"https:\/\/staging.schneiderlegal.com\/fr\/wp-json\/wp\/v2\/pages"}],"about":[{"href":"https:\/\/staging.schneiderlegal.com\/fr\/wp-json\/wp\/v2\/types\/page"}],"author":[{"embeddable":true,"href":"https:\/\/staging.schneiderlegal.com\/fr\/wp-json\/wp\/v2\/users\/2"}],"replies":[{"embeddable":true,"href":"https:\/\/staging.schneiderlegal.com\/fr\/wp-json\/wp\/v2\/comments?post=10699"}],"version-history":[{"count":8,"href":"https:\/\/staging.schneiderlegal.com\/fr\/wp-json\/wp\/v2\/pages\/10699\/revisions"}],"predecessor-version":[{"id":13409,"href":"https:\/\/staging.schneiderlegal.com\/fr\/wp-json\/wp\/v2\/pages\/10699\/revisions\/13409"}],"wp:attachment":[{"href":"https:\/\/staging.schneiderlegal.com\/fr\/wp-json\/wp\/v2\/media?parent=10699"}],"curies":[{"name":"wp","href":"https:\/\/api.w.org\/{rel}","templated":true}]}}